{"id":5799,"date":"1970-01-01T00:00:00","date_gmt":"1970-01-01T00:00:00","guid":{"rendered":"https:\/\/elfsight.com\/pl\/?page_id=5799"},"modified":"2024-11-14T09:20:23","modified_gmt":"2024-11-14T09:20:23","slug":"woocommerce","status":"publish","type":"page","link":"https:\/\/elfsight.com\/pl\/pdf-embed-widget\/woocommerce\/","title":{"rendered":"PDF Embed &#8211; WooCommerce"},"content":{"rendered":"<div class=\"application-platform-content-item- application-platform-content-item\" id=\"\" data-nav-section=\"\"><h2>Opis<\/h2><p>Dzi\u0119ki narz\u0119dziu Elfsight PDF Embed uzyskasz najwygodniejsze i najszybsze wklejanie wielu dokument\u00f3w PDF na stronach swojej witryny. Dla wygody u\u017cytkownika dokumenty mo\u017cna osadza\u0107, przesy\u0142aj\u0105c je, wprowadzaj\u0105c ich adresy URL lub wybieraj\u0105c ostatnio przes\u0142ane dokumenty. Mo\u017cesz nada\u0107 ka\u017cdemu dokumentowi nazw\u0119, przes\u0142a\u0107 w\u0142asn\u0105 ikon\u0119 i obraz, wybra\u0107 uk\u0142ad plik\u00f3w i nie tylko. Odwiedzaj\u0105cy witryn\u0119 mog\u0105 przegl\u0105da\u0107 pliki bezpo\u015brednio na stronie, przegl\u0105da\u0107 je w nowej karcie przegl\u0105darki i pobiera\u0107. <\/p><p><b>Korzystaj z osadzania plik\u00f3w PDF, aby sprosta\u0107 wyzwaniom zwi\u0105zanym z handlem elektronicznym!<\/b><\/p><div class=\"faq\" data-component=\"FAQ\"><div class=\"faq-item\">\r\n\t\t\t\t\t<div class=\"faq-item-question\">\r\n\t\t\t\t\t\t<h3 class=\"faq-item-question-text\">Jak mog\u0119 doda\u0107 wid\u017cet PDF do witryny WooCommerce? <\/h3>\r\n\r\n\t\t\t\t\t\t<div class=\"faq-item-question-icon\"><\/div>\r\n\t\t\t\t\t<\/div>\r\n\r\n\t\t\t\t\t<div class=\"faq-item-answer\">\r\n\t\t\t\t\t\t<div class=\"faq-item-answer-text\"><p>Tworzenie narz\u0119dzia odbywa si\u0119 na stronach Elfsight i nie ma potrzeby kodowania. Zastosuj aktywne demo, aby dostosowa\u0107 swoj\u0105 aplikacj\u0119, uzyskaj kod i wklej go na swojej stronie. <\/p><\/div>\r\n\t\t\t\t\t<\/div>\r\n\t\t\t\t<\/div><div class=\"faq-item\">\r\n\t\t\t\t\t<div class=\"faq-item-question\">\r\n\t\t\t\t\t\t<h3 class=\"faq-item-question-text\">Najlepsze przyk\u0142ady wykorzystania integracji przegl\u0105darki plik\u00f3w PDF<\/h3>\r\n\r\n\t\t\t\t\t\t<div class=\"faq-item-question-icon\"><\/div>\r\n\t\t\t\t\t<\/div>\r\n\r\n\t\t\t\t\t<div class=\"faq-item-answer\">\r\n\t\t\t\t\t\t<div class=\"faq-item-answer-text\"><p>Oferujemy mn\u00f3stwo mo\u017cliwo\u015bci dostosowywania: pe\u0142nowymiarowe wid\u017cety do dodawania do sekcji tre\u015bci, p\u0142ywaj\u0105ce wtyczki z mo\u017cliwo\u015bci\u0105 przewijania, uk\u0142ady stopki witryny, sekcji nag\u0142\u00f3wka i wszelkiego rodzaju mo\u017cliwo\u015bci pionowe dla pask\u00f3w bocznych i menu. <\/p><\/div>\r\n\t\t\t\t\t<\/div>\r\n\t\t\t\t<\/div><div class=\"faq-item\">\r\n\t\t\t\t\t<div class=\"faq-item-question\">\r\n\t\t\t\t\t\t<h3 class=\"faq-item-question-text\">Czy istnieje mo\u017cliwo\u015b\u0107 utworzenia podr\u0119cznika produktu lub przegl\u0105darki plik\u00f3w PDF z wynikami bada\u0144 za pomoc\u0105 edytora? <\/h3>\r\n\r\n\t\t\t\t\t\t<div class=\"faq-item-question-icon\"><\/div>\r\n\t\t\t\t\t<\/div>\r\n\r\n\t\t\t\t\t<div class=\"faq-item-answer\">\r\n\t\t\t\t\t\t<div class=\"faq-item-answer-text\"><p>Mo\u017cesz stworzy\u0107 dowolny widget modyfikacje. W edytorze dost\u0119pna jest szeroka gama uk\u0142ad\u00f3w, a ka\u017cdy z nich mo\u017cna \u0142atwo dostosowa\u0107 do w\u0142asnych potrzeb. <\/p><\/div>\r\n\t\t\t\t\t<\/div>\r\n\t\t\t\t<\/div><\/div><\/div> <div class=\"application-platform-content-item-features application-platform-content-item\" id=\"features\" data-nav-section=\"features\"><h2>Oferujemy przydatne i proste funkcje, oto niekt\u00f3re z nich:<\/h2><ul><li> Osadzaj dowoln\u0105 liczb\u0119 dokument\u00f3w; <\/li><li>Opcja uk\u0142adu przegl\u0105darki plik\u00f3w do czytania dokument\u00f3w na stronie; <\/li><li>Prze\u015blij obrazy ikon i podgl\u0105d\u00f3w; <\/li><li>Mo\u017cliwo\u015b\u0107 pokazania lub wy\u0142\u0105czenia tekstu dokumentu pobierania; <\/li><li> Elementy interfejsu w kolorze 6; <\/li><\/ul><p><a href=\"#demo\">Sprawd\u017a wszystkie funkcje personalizacji w pe\u0142ni funkcjonalnej wersji demonstracyjnej<\/a><\/p><\/div><div class=\"application-platform-content-item-installation application-platform-content-item\" id=\"installation\" data-nav-section=\"installation\"><h2>Jak osadzi\u0107 przegl\u0105dark\u0119 plik\u00f3w PDF w mojej witrynie WooCommerce?<\/h2><p>Wystarczy wykona\u0107 poni\u017csze wskaz\u00f3wki, aby aktywowa\u0107 narz\u0119dzie.<\/p><ol><li><b>Zarz\u0105dzaj\u0105c naszym bezp\u0142atnym konfiguratorem, rozpocznij tworzenie swojej witryny dostosowan\u0105 wtyczk\u0119.<\/b><br>Okre\u015bl preferowany interfejs i aspekty wtyczki oraz zastosuj modyfikacje.<\/li><li><b>Skopiuj unikalny kod pojawiaj\u0105cy si\u0119 w oknie aplikacji Elfsight.<\/b><br>Zaraz po zako\u0144czeniu tworzenia osobistego wid\u017cetu skopiuj osobisty kod w wy\u015bwietlonym oknie i zachowaj go do p\u00f3\u017aniejszego wykorzystania.<\/li><li><b>Zacznij korzysta\u0107 z wid\u017cetu na stronie WooCommerce.<\/br> b&gt;<br>Wprowad\u017a skopiowany ostatnio kod na swojej stronie i zapisz zmiany.<\/li><li><b>Gotowe! Osadzanie zosta\u0142o pomy\u015blnie zako\u0144czone.<\/b><br>Przejd\u017a na swoj\u0105 witryn\u0119, aby zobaczy\u0107 dzia\u0142anie wtyczki.<\/li><\/ol><p>Je\u015bli napotkasz jakiekolwiek komplikacje, skontaktuj si\u0119 z naszym zespo\u0142em obs\u0142ugi klienta. Nasi ludzie z przyjemno\u015bci\u0105 pomog\u0105 Ci we wszystkich problemach, jakie mo\u017cesz mie\u0107 z produktem.<\/p><\/div>","protected":false},"excerpt":{"rendered":"","protected":false},"author":9,"featured_media":0,"parent":2737,"menu_order":0,"comment_status":"closed","ping_status":"closed","template":"templates\/template-application-platform.php","meta":{"publish_to_discourse":"","publish_post_category":"","wpdc_auto_publish_overridden":"","wpdc_topic_tags":"","wpdc_pin_topic":"","wpdc_pin_until":"","discourse_post_id":"","discourse_permalink":"","wpdc_publishing_response":"","wpdc_publishing_error":"","footnotes":""},"class_list":["post-5799","page","type-page","status-publish","hentry"],"yoast_head":"<!-- This site is optimized with the Yoast SEO plugin v25.3.1 - https:\/\/yoast.com\/wordpress\/plugins\/seo\/ -->\n<title>Wtyczka WooCommerce PDF Viewer &amp; Embedder dla Twojej witryny internetowej (2026)<\/title>\n<meta name=\"description\" content=\"Mo\u017cesz teraz dostosowa\u0107 niestandardow\u0105 wtyczk\u0119 PDF Viewer &amp; Embedder i doda\u0107 j\u0105 do swojej witryny WooCommerce bezpo\u015brednio poprzez wersj\u0119 demonstracyjn\u0105 na \u017cywo.\" \/>\n<meta name=\"robots\" content=\"index, follow, max-snippet:-1, max-image-preview:large, max-video-preview:-1\" \/>\n<link rel=\"canonical\" href=\"https:\/\/elfsight.com\/pl\/pdf-embed-widget\/woocommerce\/\" \/>\n<meta property=\"og:locale\" content=\"pl_PL\" \/>\n<meta property=\"og:type\" content=\"article\" \/>\n<meta property=\"og:title\" content=\"Wtyczka WooCommerce PDF Viewer &amp; Embedder dla Twojej witryny internetowej (2026)\" \/>\n<meta property=\"og:description\" content=\"Mo\u017cesz teraz dostosowa\u0107 niestandardow\u0105 wtyczk\u0119 PDF Viewer &amp; Embedder i doda\u0107 j\u0105 do swojej witryny WooCommerce bezpo\u015brednio poprzez wersj\u0119 demonstracyjn\u0105 na \u017cywo.\" \/>\n<meta property=\"og:url\" content=\"https:\/\/elfsight.com\/pl\/pdf-embed-widget\/woocommerce\/\" \/>\n<meta property=\"og:site_name\" content=\"Elfsight PL\" \/>\n<meta property=\"article:modified_time\" content=\"2024-11-14T09:20:23+00:00\" \/>\n<meta name=\"twitter:card\" content=\"summary_large_image\" \/>\n<meta name=\"twitter:label1\" content=\"Szacowany czas czytania\" \/>\n\t<meta name=\"twitter:data1\" content=\"2 minuty\" \/>\n<!-- \/ Yoast SEO plugin. -->","yoast_head_json":{"title":"Wtyczka WooCommerce PDF Viewer & Embedder dla Twojej witryny internetowej (2026)","description":"Mo\u017cesz teraz dostosowa\u0107 niestandardow\u0105 wtyczk\u0119 PDF Viewer & Embedder i doda\u0107 j\u0105 do swojej witryny WooCommerce bezpo\u015brednio poprzez wersj\u0119 demonstracyjn\u0105 na \u017cywo.","robots":{"index":"index","follow":"follow","max-snippet":"max-snippet:-1","max-image-preview":"max-image-preview:large","max-video-preview":"max-video-preview:-1"},"canonical":"https:\/\/elfsight.com\/pl\/pdf-embed-widget\/woocommerce\/","og_locale":"pl_PL","og_type":"article","og_title":"Wtyczka WooCommerce PDF Viewer & Embedder dla Twojej witryny internetowej (2026)","og_description":"Mo\u017cesz teraz dostosowa\u0107 niestandardow\u0105 wtyczk\u0119 PDF Viewer & Embedder i doda\u0107 j\u0105 do swojej witryny WooCommerce bezpo\u015brednio poprzez wersj\u0119 demonstracyjn\u0105 na \u017cywo.","og_url":"https:\/\/elfsight.com\/pl\/pdf-embed-widget\/woocommerce\/","og_site_name":"Elfsight PL","article_modified_time":"2024-11-14T09:20:23+00:00","twitter_card":"summary_large_image","twitter_misc":{"Szacowany czas czytania":"2 minuty"},"schema":{"@context":"https:\/\/schema.org","@graph":[{"@type":"WebPage","@id":"https:\/\/elfsight.com\/pl\/pdf-embed-widget\/woocommerce\/","url":"https:\/\/elfsight.com\/pl\/pdf-embed-widget\/woocommerce\/","name":"Wtyczka WooCommerce PDF Viewer & Embedder dla Twojej witryny internetowej (2026)","isPartOf":{"@id":"https:\/\/elfsight.com\/pl\/#website"},"datePublished":"1970-01-01T00:00:00+00:00","dateModified":"2024-11-14T09:20:23+00:00","description":"Mo\u017cesz teraz dostosowa\u0107 niestandardow\u0105 wtyczk\u0119 PDF Viewer & Embedder i doda\u0107 j\u0105 do swojej witryny WooCommerce bezpo\u015brednio poprzez wersj\u0119 demonstracyjn\u0105 na \u017cywo.","breadcrumb":{"@id":"https:\/\/elfsight.com\/pl\/pdf-embed-widget\/woocommerce\/#breadcrumb"},"inLanguage":"pl-PL","potentialAction":[{"@type":"ReadAction","target":["https:\/\/elfsight.com\/pl\/pdf-embed-widget\/woocommerce\/"]}]},{"@type":"BreadcrumbList","@id":"https:\/\/elfsight.com\/pl\/pdf-embed-widget\/woocommerce\/#breadcrumb","itemListElement":[{"@type":"ListItem","position":1,"name":"Home","item":"https:\/\/elfsight.com\/pl\/"},{"@type":"ListItem","position":2,"name":"PDF Embed","item":"https:\/\/elfsight.com\/pl\/pdf-embed-widget\/"},{"@type":"ListItem","position":3,"name":"PDF Embed &#8211; WooCommerce"}]},{"@type":"WebSite","@id":"https:\/\/elfsight.com\/pl\/#website","url":"https:\/\/elfsight.com\/pl\/","name":"Elfsight PL","description":"Just another Elfsight Sites site","potentialAction":[{"@type":"SearchAction","target":{"@type":"EntryPoint","urlTemplate":"https:\/\/elfsight.com\/pl\/?s={search_term_string}"},"query-input":{"@type":"PropertyValueSpecification","valueRequired":true,"valueName":"search_term_string"}}],"inLanguage":"pl-PL"}]}},"meta_box":{"industry":"","seo_heading":"","heading":"","description":"","cta_heading":"","cta_description":"","application":"2736","h1":"Wtyczka przegl\u0105darki plik\u00f3w PDF WooCommerce","h1_caption":"Osadzaj dokumenty PDF na swojej stronie internetowej, aby \u0142atwo je przegl\u0105da\u0107 i pobiera\u0107 bez konieczno\u015bci przekierowywania odwiedzaj\u0105cych do Twojej witryny WooCommerce.","application_category":[],"applications_title":"","applications_request_title":"","applications_request_button_text":"","hero_text":"","hero_video":"","hero_video_schema_markup":"","selling_points_title":"","selling_points_caption":"","selling_points":[],"selling_points_cta_text":"","features_title":"","features":"","ed_cta_examples_text":"","ed_cta_examples_hidden":"","ed_cta_demo_text":"","ed_cta_demo_hidden":"","why_caption":"","why_editor_title":"","why_editor_text":"","why_team_title":"","why_team_text":"","why_service_title":"","why_service_text":"","template_catalog_visible":"","template_catalog_title":"","template_catalog_text":"","template_catalog_categories_visible":"","demo_title":"Utw\u00f3rz aplikacj\u0119 do osadzania plik\u00f3w PDF","demo_caption":"Skonfiguruj osadzanie plik\u00f3w PDF i dodaj je do swojej witryny WooCommerce za darmo!","default_faq_hidden":"","app_template_category":[],"platform":"335","template_public_id":"","codecanyon_url":"","codecanyon_item_id":"","codecanyon_price":"","pricing_caption":"","pricing_elfsight_apps_hide_column":"","pricing_elfsight_apps_url":"","pricing_codecanyon_price_caption":"","integration_category":[],"integration_request_title":"","integration_request_cta":"","integration_platform":"","integrations":[],"platform_category":[],"video_schema_markup":"","price":"od 0 USD \/ miesi\u0105c","trial":"","benefits":[{"text":"Profesjonalna obs\u0142uga klienta"},{"text":"Bezp\u0142atna pomoc w monta\u017cu"},{"text":"14-dniowa gwarancja zwrotu pieni\u0119dzy"}],"button_url":"#demo","button_target_blank":"","button_nofollow":"","attributes":[{"name":"Instaluje"},{"name":"Czu\u0142y"},{"name":"Kompatybilne przegl\u0105darki"}],"tags":[],"tags_disable_links":"","hide_more_platforms":"","video_object":"","demo_hide_cta":"","demo_hide_cloud_options":"","pricing_title":"","pricing":[{"pricing_icon":"platform","pricing_title":"Elfsight Apps","pricing_title_caption":"Oprogramowanie niezale\u017cne od platformy, kt\u00f3re dzia\u0142a na ka\u017cdej stronie internetowej","pricing_price":"od 0 USD \/ miesi\u0105c","pricing_price_caption":"zacznij od bezp\u0142atnego planu","pricing_benefits":[{"text":"Nielimitowane strony internetowe"},{"text":"Ca\u0142odobowa obs\u0142uga klienta"},{"text":"Bezp\u0142atna pomoc w monta\u017cu"},{"text":"Elastyczny projekt"}],"pricing_button_text":"Dodaj do witryny","pricing_button_url":"#demo"}],"related_apps_title":"","related_apps_hidden":"","author":"","image":[],"title":"","job":"","social_networks":[]},"_links":{"self":[{"href":"https:\/\/elfsight.com\/pl\/wp-json\/wp\/v2\/pages\/5799","targetHints":{"allow":["GET"]}}],"collection":[{"href":"https:\/\/elfsight.com\/pl\/wp-json\/wp\/v2\/pages"}],"about":[{"href":"https:\/\/elfsight.com\/pl\/wp-json\/wp\/v2\/types\/page"}],"author":[{"embeddable":true,"href":"https:\/\/elfsight.com\/pl\/wp-json\/wp\/v2\/users\/9"}],"replies":[{"embeddable":true,"href":"https:\/\/elfsight.com\/pl\/wp-json\/wp\/v2\/comments?post=5799"}],"version-history":[{"count":1,"href":"https:\/\/elfsight.com\/pl\/wp-json\/wp\/v2\/pages\/5799\/revisions"}],"predecessor-version":[{"id":5803,"href":"https:\/\/elfsight.com\/pl\/wp-json\/wp\/v2\/pages\/5799\/revisions\/5803"}],"up":[{"embeddable":true,"href":"https:\/\/elfsight.com\/pl\/wp-json\/wp\/v2\/pages\/2737"}],"wp:attachment":[{"href":"https:\/\/elfsight.com\/pl\/wp-json\/wp\/v2\/media?parent=5799"}],"curies":[{"name":"wp","href":"https:\/\/api.w.org\/{rel}","templated":true}]}}