{"id":5792,"date":"1970-01-01T00:00:00","date_gmt":"1970-01-01T00:00:00","guid":{"rendered":"https:\/\/elfsight.com\/pl\/?page_id=5792"},"modified":"2025-06-26T16:15:58","modified_gmt":"2025-06-26T16:15:58","slug":"godaddy","status":"publish","type":"page","link":"https:\/\/elfsight.com\/pl\/pdf-embed-widget\/godaddy\/","title":{"rendered":"PDF Embed &#8211; GoDaddy"},"content":{"rendered":"<div class=\"application-platform-content-item-description application-platform-content-item\" id=\"description\" data-nav-section=\"description\">\n<h2>Opis<\/h2>\n<p>Dzi\u0119ki wtyczce Elfsight PDF Embed dla GoDaddy uzyskasz najwygodniejsze i najszybsze wklejanie wielu dokument\u00f3w PDF na stronach Twojej witryny. Dla wygody u\u017cytkownika dokumenty mo\u017cna osadza\u0107, przesy\u0142aj\u0105c je, wprowadzaj\u0105c ich adresy URL lub wybieraj\u0105c spo\u015br\u00f3d ostatnio przes\u0142anych. Mo\u017cesz nada\u0107 ka\u017cdemu dokumentowi w\u0142asn\u0105 nazw\u0119, przes\u0142a\u0107 w\u0142asn\u0105 ikon\u0119 i obraz, wybra\u0107 uk\u0142ad plik\u00f3w i nie tylko. Odwiedzaj\u0105cy witryn\u0119 mog\u0105 przegl\u0105da\u0107 pliki bezpo\u015brednio na stronie, przegl\u0105da\u0107 je w nowej karcie przegl\u0105darki i pobiera\u0107.<\/p>\n<p><b>\u0141atwiejsza i szybsza integracja plik\u00f3w bez kodowania!<\/b><\/p>\n<\/div>\n\n<div class=\"application-platform-content-item-features application-platform-content-item\" id=\"features\" data-nav-section=\"features\">\n<h2>Znajd\u017a poni\u017cej podstawowe cechy wtyczki:<\/h2>\n<ul>\n    <li>Osadzaj dowoln\u0105 liczb\u0119 dokument\u00f3w;<\/li>\n    <li>Opcja uk\u0142adu przegl\u0105darki plik\u00f3w do czytania dokument\u00f3w na stronie;<\/li>\n    <li>Prze\u015blij obrazy ikon i podgl\u0105d\u00f3w;<\/li>\n    <li>Opcja pokazania lub wy\u0142\u0105czenia tekstu dokumentu pobierania;<\/li>\n    <li>Elementy interfejsu w kolorze 6;<\/li>\n<\/ul>\n<p><a href=\"#demo\">Wypr\u00f3buj wszystkie opcje dostosowywania w fully funkcjonalnej wersji demonstracyjnej<\/a><\/p>\n<\/div>\n\n<div class=\"application-platform-content-item-installation application-platform-content-item\" id=\"installation\" data-nav-section=\"installation\">\n<h2>Jak osadzi\u0107 plik PDF na mojej stronie internetowej GoDaddy?<\/h2>\n<p>Wystarczy wykona\u0107 poni\u017csze wskaz\u00f3wki, aby osadzi\u0107 narz\u0119dzie.<\/p>\n<ol>\n    <li><b>Zarz\u0105dzaj naszym bezp\u0142atnym konfiguratorem i zacznij tworzy\u0107 sw\u00f3j w\u0142asny instrument. <\/b><br> Okre\u015bl po\u017c\u0105dan\u0105 form\u0119 i cechy funkcjonalne wtyczki i zapisz poprawki. <\/li>\n    <li><b>Odkryj sw\u00f3j osobisty kod w polu w aplikacjach Elfsight. <\/b><br> Gdy tylko Twoja osobista wtyczka zostanie utworzona, skopiuj ekskluzywny kod w wy\u015bwietlonym oknie i zapisz go na p\u00f3\u017aniej. <\/li>\n    <li><b>Rozpocznij stosowanie narz\u0119dzia w swojej witrynie GoDaddy. <\/b><br> Wstaw zapisany wcze\u015bniej kod na swoj\u0105 stron\u0119 i zastosuj modyfikacje. <\/li>\n    <li><b>Instalacja zosta\u0142a w pe\u0142ni przeprowadzona. <\/b><br> Odwied\u017a swoj\u0105 stron\u0119 internetow\u0105, aby zobaczy\u0107, jak dzia\u0142a narz\u0119dzie. <\/li>\n<\/ol>\n<p>Je\u015bli masz pytania lub napotkasz trudno\u015bci, nie wahaj si\u0119 napisa\u0107 do naszego personelu obs\u0142ugi klienta. Nasi specjali\u015bci ch\u0119tnie rozwi\u0105\u017c\u0105 wszystkie problemy, jakie mo\u017cesz mie\u0107 z narz\u0119dziem.<\/p>\n<div class=\"faq\" data-component=\"FAQ\">\n    <div class=\"faq-item\">\r\n\t\t\t\t\t<div class=\"faq-item-question\">\r\n\t\t\t\t\t\t<h3 class=\"faq-item-question-text\">W jaki spos\u00f3b mog\u0119 osadzi\u0107 Licznik Liczb w moim GoDaddy bez znajomo\u015bci kodowania?<\/h3>\r\n\r\n\t\t\t\t\t\t<div class=\"faq-item-question-icon\"><\/div>\r\n\t\t\t\t\t<\/div>\r\n\r\n\t\t\t\t\t<div class=\"faq-item-answer\">\r\n\t\t\t\t\t\t<div class=\"faq-item-answer-text\">\n    <p>Firma Elfsight zapewnia rozwi\u0105zanie SaaS, kt\u00f3re pozwala na samodzielne utworzenie wid\u017cetu Licznik Liczb, odkryj proste kroki: Przejd\u017a do wersji demonstracyjnej online, aby wygenerowa\u0107 wid\u017cet licznika liczb, kt\u00f3ry chcesz zobaczy\u0107 w witrynie GoDaddy. Wybierz jeden z gotowych szablon\u00f3w i dostosuj ustawienia Licznika Liczb, dodaj swoj\u0105 tre\u015b\u0107, zmie\u0144 uk\u0142ad i kolorystyk\u0119 bez znajomo\u015bci kodowania. Zapisz wprowadzone ustawienia w Number Counter i skopiuj kod instalacyjny, kt\u00f3ry mo\u017cna osadzi\u0107 w witrynie GoDaddy bez konieczno\u015bci kupowania p\u0142atnej subskrypcji. Dzi\u0119ki naszemu intuicyjnemu konfiguratorowi ka\u017cdy u\u017cytkownik Internetu mo\u017ce skonfigurowa\u0107 wtyczk\u0119 Licznik Liczb online i \u0142atwo doda\u0107 j\u0105 do dowolnej strony g\u0142\u00f3wnej GoDaddy. Aby skorzysta\u0107 z naszego serwisu, nie jest wymagane wykupienie p\u0142atnej subskrypcji ani ujawnianie danych karty. Je\u015bli na kt\u00f3rymkolwiek etapie napotkasz jakiekolwiek problemy, skontaktuj si\u0119 z naszym personelem pomocy technicznej.<\/p>\n    <\/div>\r\n\t\t\t\t\t<\/div>\r\n\t\t\t\t<\/div>\n<\/div>\n<\/div>","protected":false},"excerpt":{"rendered":"","protected":false},"author":9,"featured_media":0,"parent":2737,"menu_order":0,"comment_status":"closed","ping_status":"closed","template":"templates\/template-application-platform.php","meta":{"publish_to_discourse":"","publish_post_category":"","wpdc_auto_publish_overridden":"","wpdc_topic_tags":"","wpdc_pin_topic":"","wpdc_pin_until":"","discourse_post_id":"","discourse_permalink":"","wpdc_publishing_response":"","wpdc_publishing_error":"","footnotes":""},"class_list":["post-5792","page","type-page","status-publish","hentry"],"yoast_head":"<!-- This site is optimized with the Yoast SEO plugin v25.3.1 - https:\/\/yoast.com\/wordpress\/plugins\/seo\/ -->\n<title>Wtyczka PDF Embed \u2014 dodaj wtyczk\u0119 PDF Embed do witryny GoDaddy!<\/title>\n<meta name=\"description\" content=\"Zwi\u0119ksz funkcjonalno\u015b\u0107 swojej witryny, stosuj\u0105c wtyczk\u0119 PDF Embed do swojej witryny GoDaddy! Rozbuduj sw\u00f3j biznes w 1-2-3!\" \/>\n<meta name=\"robots\" content=\"index, follow, max-snippet:-1, max-image-preview:large, max-video-preview:-1\" \/>\n<link rel=\"canonical\" href=\"https:\/\/elfsight.com\/pl\/pdf-embed-widget\/godaddy\/\" \/>\n<meta property=\"og:locale\" content=\"pl_PL\" \/>\n<meta property=\"og:type\" content=\"article\" \/>\n<meta property=\"og:title\" content=\"Wtyczka PDF Embed \u2014 dodaj wtyczk\u0119 PDF Embed do witryny GoDaddy!\" \/>\n<meta property=\"og:description\" content=\"Zwi\u0119ksz funkcjonalno\u015b\u0107 swojej witryny, stosuj\u0105c wtyczk\u0119 PDF Embed do swojej witryny GoDaddy! Rozbuduj sw\u00f3j biznes w 1-2-3!\" \/>\n<meta property=\"og:url\" content=\"https:\/\/elfsight.com\/pl\/pdf-embed-widget\/godaddy\/\" \/>\n<meta property=\"og:site_name\" content=\"Elfsight PL\" \/>\n<meta property=\"article:modified_time\" content=\"2025-06-26T16:15:58+00:00\" \/>\n<meta name=\"twitter:card\" content=\"summary_large_image\" \/>\n<meta name=\"twitter:label1\" content=\"Szacowany czas czytania\" \/>\n\t<meta name=\"twitter:data1\" content=\"3 minuty\" \/>\n<!-- \/ Yoast SEO plugin. -->","yoast_head_json":{"title":"Wtyczka PDF Embed \u2014 dodaj wtyczk\u0119 PDF Embed do witryny GoDaddy!","description":"Zwi\u0119ksz funkcjonalno\u015b\u0107 swojej witryny, stosuj\u0105c wtyczk\u0119 PDF Embed do swojej witryny GoDaddy! Rozbuduj sw\u00f3j biznes w 1-2-3!","robots":{"index":"index","follow":"follow","max-snippet":"max-snippet:-1","max-image-preview":"max-image-preview:large","max-video-preview":"max-video-preview:-1"},"canonical":"https:\/\/elfsight.com\/pl\/pdf-embed-widget\/godaddy\/","og_locale":"pl_PL","og_type":"article","og_title":"Wtyczka PDF Embed \u2014 dodaj wtyczk\u0119 PDF Embed do witryny GoDaddy!","og_description":"Zwi\u0119ksz funkcjonalno\u015b\u0107 swojej witryny, stosuj\u0105c wtyczk\u0119 PDF Embed do swojej witryny GoDaddy! Rozbuduj sw\u00f3j biznes w 1-2-3!","og_url":"https:\/\/elfsight.com\/pl\/pdf-embed-widget\/godaddy\/","og_site_name":"Elfsight PL","article_modified_time":"2025-06-26T16:15:58+00:00","twitter_card":"summary_large_image","twitter_misc":{"Szacowany czas czytania":"3 minuty"},"schema":{"@context":"https:\/\/schema.org","@graph":[{"@type":"WebPage","@id":"https:\/\/elfsight.com\/pl\/pdf-embed-widget\/godaddy\/","url":"https:\/\/elfsight.com\/pl\/pdf-embed-widget\/godaddy\/","name":"Wtyczka PDF Embed \u2014 dodaj wtyczk\u0119 PDF Embed do witryny GoDaddy!","isPartOf":{"@id":"https:\/\/elfsight.com\/pl\/#website"},"datePublished":"1970-01-01T00:00:00+00:00","dateModified":"2025-06-26T16:15:58+00:00","description":"Zwi\u0119ksz funkcjonalno\u015b\u0107 swojej witryny, stosuj\u0105c wtyczk\u0119 PDF Embed do swojej witryny GoDaddy! Rozbuduj sw\u00f3j biznes w 1-2-3!","breadcrumb":{"@id":"https:\/\/elfsight.com\/pl\/pdf-embed-widget\/godaddy\/#breadcrumb"},"inLanguage":"pl-PL","potentialAction":[{"@type":"ReadAction","target":["https:\/\/elfsight.com\/pl\/pdf-embed-widget\/godaddy\/"]}]},{"@type":"BreadcrumbList","@id":"https:\/\/elfsight.com\/pl\/pdf-embed-widget\/godaddy\/#breadcrumb","itemListElement":[{"@type":"ListItem","position":1,"name":"Home","item":"https:\/\/elfsight.com\/pl\/"},{"@type":"ListItem","position":2,"name":"PDF Embed","item":"https:\/\/elfsight.com\/pl\/pdf-embed-widget\/"},{"@type":"ListItem","position":3,"name":"PDF Embed &#8211; GoDaddy"}]},{"@type":"WebSite","@id":"https:\/\/elfsight.com\/pl\/#website","url":"https:\/\/elfsight.com\/pl\/","name":"Elfsight PL","description":"Just another Elfsight Sites site","potentialAction":[{"@type":"SearchAction","target":{"@type":"EntryPoint","urlTemplate":"https:\/\/elfsight.com\/pl\/?s={search_term_string}"},"query-input":{"@type":"PropertyValueSpecification","valueRequired":true,"valueName":"search_term_string"}}],"inLanguage":"pl-PL"}]}},"meta_box":{"industry":"","seo_heading":"","heading":"","description":"","cta_heading":"","cta_description":"","application":"2736","h1":"Wtyczka GoDaddy PDF Embed","h1_caption":"Osadzaj dokumenty PDF w swojej witrynie, aby \u0142atwo je przegl\u0105da\u0107 i pobiera\u0107 bez konieczno\u015bci przekierowywania odwiedzaj\u0105cych do witryny GoDaddy.","application_category":[],"applications_title":"","applications_request_title":"","applications_request_button_text":"","hero_text":"","hero_video":"","hero_video_schema_markup":"","selling_points_title":"","selling_points_caption":"","selling_points":[],"selling_points_cta_text":"","features_title":"","features":"","ed_cta_examples_text":"","ed_cta_examples_hidden":"","ed_cta_demo_text":"","ed_cta_demo_hidden":"","why_caption":"","why_editor_title":"","why_editor_text":"","why_team_title":"","why_team_text":"","why_service_title":"","why_service_text":"","template_catalog_visible":"0","template_catalog_title":"","template_catalog_text":"","template_catalog_categories_visible":"","demo_title":"Nie wahaj si\u0119 i utw\u00f3rz spersonalizowane osadzenie plik\u00f3w PDF GoDaddy","demo_caption":"Spersonalizuj go i zaimplementuj wtyczk\u0119 na swojej stronie g\u0142\u00f3wnej, korzystaj\u0105c z wersji demonstracyjnej.","default_faq_hidden":"","app_template_category":[],"platform":"180","template_public_id":"","codecanyon_url":"","codecanyon_item_id":"","codecanyon_price":"","pricing_caption":"","pricing_elfsight_apps_hide_column":"","pricing_elfsight_apps_url":"","pricing_codecanyon_price_caption":"","integration_category":[],"integration_request_title":"","integration_request_cta":"","integration_platform":"","integrations":[],"platform_category":[],"video_schema_markup":"","price":"od 0 USD \/ miesi\u0105c","trial":"","benefits":[{"text":"Bezp\u0142atna pomoc w monta\u017cu"},{"text":"Wyj\u0105tkowe wsparcie"},{"text":"14-dniowa gwarancja zwrotu pieni\u0119dzy"}],"button_url":"#demo","button_target_blank":"0","button_nofollow":"0","attributes":[{"name":"Instaluje"},{"name":"Czu\u0142y"},{"name":"Kompatybilne przegl\u0105darki"}],"tags":[],"tags_disable_links":"0","hide_more_platforms":"0","video_object":"","demo_hide_cta":"0","demo_hide_cloud_options":"0","pricing_title":"","pricing":[{"pricing_icon":"platform","pricing_title":"Elfsight Apps","pricing_title_caption":"Wieloplatformowe rozwi\u0105zanie cyfrowe","pricing_price":"od 0 USD \/ miesi\u0105c","pricing_price_caption":"zacznij od bezp\u0142atnego planu","pricing_benefits":[{"text":"Nielimitowane strony internetowe"},{"text":"Szybka obs\u0142uga klienta i dobrze udokumentowana"},{"text":"Bezp\u0142atna pomoc w monta\u017cu"},{"text":"W pe\u0142ni konfigurowalny"}],"pricing_button_text":"Dodaj do witryny","pricing_button_url":"#demo"}],"related_apps_title":"","related_apps_hidden":"0","author":"","image":[],"title":"","job":"","social_networks":[]},"_links":{"self":[{"href":"https:\/\/elfsight.com\/pl\/wp-json\/wp\/v2\/pages\/5792","targetHints":{"allow":["GET"]}}],"collection":[{"href":"https:\/\/elfsight.com\/pl\/wp-json\/wp\/v2\/pages"}],"about":[{"href":"https:\/\/elfsight.com\/pl\/wp-json\/wp\/v2\/types\/page"}],"author":[{"embeddable":true,"href":"https:\/\/elfsight.com\/pl\/wp-json\/wp\/v2\/users\/9"}],"replies":[{"embeddable":true,"href":"https:\/\/elfsight.com\/pl\/wp-json\/wp\/v2\/comments?post=5792"}],"version-history":[{"count":2,"href":"https:\/\/elfsight.com\/pl\/wp-json\/wp\/v2\/pages\/5792\/revisions"}],"predecessor-version":[{"id":10613,"href":"https:\/\/elfsight.com\/pl\/wp-json\/wp\/v2\/pages\/5792\/revisions\/10613"}],"up":[{"embeddable":true,"href":"https:\/\/elfsight.com\/pl\/wp-json\/wp\/v2\/pages\/2737"}],"wp:attachment":[{"href":"https:\/\/elfsight.com\/pl\/wp-json\/wp\/v2\/media?parent=5792"}],"curies":[{"name":"wp","href":"https:\/\/api.w.org\/{rel}","templated":true}]}}