{"id":5790,"date":"1970-01-01T00:00:00","date_gmt":"1970-01-01T00:00:00","guid":{"rendered":"https:\/\/elfsight.com\/pl\/?page_id=5790"},"modified":"2024-10-24T11:59:07","modified_gmt":"2024-10-24T11:59:07","slug":"jimdo","status":"publish","type":"page","link":"https:\/\/elfsight.com\/pl\/pdf-embed-widget\/jimdo\/","title":{"rendered":"PDF Embed &#8211; Jimdo"},"content":{"rendered":"<div class=\"application-platform-content-item-description application-platform-content-item\" id=\"description\" data-nav-section=\"description\"> <h2>Opis<\/h2> <p>Za pomoc\u0105 narz\u0119dzia Elfsight PDF Embed wypr\u00f3buj najwygodniejsz\u0105 i najszybsz\u0105 integracj\u0119 dokument\u00f3w PDF na stronach witryny. Dla wi\u0119kszej wygody pliki mo\u017cna wstawia\u0107 poprzez przes\u0142anie, wprowadzenie adres\u00f3w URL lub wybranie ostatnio przes\u0142anego pliku. Mo\u017cesz nada\u0107 ka\u017cdemu dokumentowi tytu\u0142, przes\u0142a\u0107 w\u0142asn\u0105 ikon\u0119 i obraz, wybra\u0107 uk\u0142ad plik\u00f3w i inne. Odbiorcy witryny mog\u0105 sprawdzi\u0107 dokumenty bezpo\u015brednio w witrynie, wy\u015bwietli\u0107 je w nowej karcie i pobra\u0107. <\/p><p><b>Ulepsz swoj\u0105 witryn\u0119 pod k\u0105tem cel\u00f3w e-commerce za pomoc\u0105 osadzania plik\u00f3w PDF.<\/b><\/p> <\/div> <div class=\"application-platform-content-item-features application-platform-content-item\" id=\"features\" data-nav-section=\"features\"> <h2> Oferujemy przydatne i szybkie funkcje, zobacz niekt\u00f3re z nich: <\/h2> <ul><li>Osadzaj pliki PDF w celu pobrania i przegl\u0105dania<\/li><li>Dodawaj nieograniczon\u0105 liczb\u0119 plik\u00f3w<\/li><li>Duplikuj, klonuj, usuwaj i zmie\u0144 kolejno\u015b\u0107 plik\u00f3w<\/li><li>Osad\u017a, wybieraj\u0105c plik z ostatnio przes\u0142anego pliku, wed\u0142ug adresu URL lub przesy\u0142aj\u0105c<\/li><li>Opcja wprowadzenia nazwy pliku do wy\u015bwietlenia <\/li><li> Dost\u0119pne 3 uk\u0142ady: przegl\u0105darka plik\u00f3w, lista i siatka<\/li><li>Przewijanie, paginacja i powi\u0119kszanie obs\u0142ugiwane w uk\u0142adzie przegl\u0105darki plik\u00f3w<\/li><li>Opcja wy\u015bwietlania lub edycji etykiety Pobierz plik<\/li><li>Lista oraz uk\u0142ady siatki pokazuj\u0105ce ikony i nazwy plik\u00f3w<\/li><li>Prze\u0142\u0105czana ikona pliku<\/li><li>Opcja malowania ikony pliku<\/li><\/ul><p><a href=\"#demo\">Mo\u017cesz sprawdzi\u0107 pe\u0142n\u0105 funkcjonalno\u015b\u0107 wid\u017cetu w wersji demonstracyjnej na tej stronie<\/a><\/p> <\/div> <div class=\"application-platform-content-item-installation application-platform-content-item\" id=\"installation\" data-nav-section=\"installation\"> <h2>Jak doda\u0107 plik PDF do osadzenia na mojej stronie internetowej Jimdo ? <\/h2> <p>Wystarczy wykona\u0107 poni\u017csze kroki, aby doda\u0107 wid\u017cet. <\/p> <ol><li><b>Uruchom nasz darmowy edytor i zacznij tworzy\u0107 sw\u00f3j unikalny instrument. <\/b><br> Znajd\u017a preferowany wygl\u0105d i parametry wid\u017cetu i zastosuj poprawki. <\/li> <li><b>Wy\u015bwietl sw\u00f3j osobisty kod w polu aplikacji Elfsight. <\/b><br> Po zako\u0144czeniu konfiguracji Twojego osobistego widgetu skopiuj osobisty kod z wyskakuj\u0105cego okienka i zachowaj go do dalszego wykorzystania. <\/li> <li><b>Zainicjuj u\u017cycie wid\u017cetu na stronie Jimdo. <\/b><br> Wstaw zapisany wcze\u015bniej kod na swojej stronie internetowej i zastosuj poprawki. <\/li> <li><b>Instalacja zako\u0144czy\u0142a si\u0119 pomy\u015blnie. <\/b><br> Przejd\u017a na swoj\u0105 stron\u0119 internetow\u0105 i sprawd\u017a dzia\u0142anie narz\u0119dzia. <\/li><\/ol> <p>Je\u015bli masz pytania lub napotkasz jakiekolwiek trudno\u015bci, nie wahaj si\u0119 skontaktowa\u0107 z naszym personelem wsparcia. Nasi specjali\u015bci pragn\u0105 rozwi\u0105za\u0107 wszystkie problemy, jakie mo\u017cesz napotka\u0107 w zwi\u0105zku z tym narz\u0119dziem. <\/p> <div class=\"faq\" data-component=\"FAQ\"><div class=\"faq-item\">\r\n\t\t\t\t\t<div class=\"faq-item-question\">\r\n\t\t\t\t\t\t<h3 class=\"faq-item-question-text\">Czy istnieje spos\u00f3b na dodanie Licznika Liczb do mojej strony g\u0142\u00f3wnej Jimdo bez umiej\u0119tno\u015bci kodowania?<\/h3>\r\n\r\n\t\t\t\t\t\t<div class=\"faq-item-question-icon\"><\/div>\r\n\t\t\t\t\t<\/div>\r\n\r\n\t\t\t\t\t<div class=\"faq-item-answer\">\r\n\t\t\t\t\t\t<div class=\"faq-item-answer-text\"> <p>Firma Elfsight oferuje rozwi\u0105zanie w chmurze, kt\u00f3re pozwala samodzielnie wygenerowa\u0107 wtyczk\u0119 Licznik Liczb, odkryj jakie to proste: Przejd\u017a do edytora na \u017cywo, aby utworzy\u0107 aplikacj\u0119 Licznik Liczb, kt\u00f3r\u0105 chcia\u0142by\u015b zobaczy\u0107 na swojej stronie Jimdo. Wybierz jeden z gotowych szablon\u00f3w i dostosuj ustawienia Licznika Liczb, do\u0142\u0105cz swoj\u0105 tre\u015b\u0107, zmie\u0144 uk\u0142ad i kolor element\u00f3w bez znajomo\u015bci kodowania. Kliknij, aby zapisa\u0107 Licznik Liczb i uzyska\u0107 kod do umieszczenia, kt\u00f3ry mo\u017cesz po prostu osadzi\u0107 na swojej stronie internetowej Jimdo w ramach bezp\u0142atnego planu. Korzystaj\u0105c z prostego konfiguratora, ka\u017cdy u\u017cytkownik Internetu mo\u017ce utworzy\u0107 wid\u017cet Licznik Liczb online i bez problemu osadzi\u0107 go na stronie internetowej Jimdo. Aby wej\u015b\u0107 do naszego Edytora, nie jest wymagana p\u0142atno\u015b\u0107 ani podanie danych logowania do karty. Je\u015bli na kt\u00f3rymkolwiek etapie napotkasz jakiekolwiek przeszkody, nie wahaj si\u0119 skontaktowa\u0107 z naszym zespo\u0142em pomocy technicznej.<\/p> <\/div>\r\n\t\t\t\t\t<\/div>\r\n\t\t\t\t<\/div> <\/div><\/div>","protected":false},"excerpt":{"rendered":"","protected":false},"author":9,"featured_media":0,"parent":2737,"menu_order":0,"comment_status":"closed","ping_status":"closed","template":"templates\/template-application-platform.php","meta":{"publish_to_discourse":"","publish_post_category":"","wpdc_auto_publish_overridden":"","wpdc_topic_tags":"","wpdc_pin_topic":"","wpdc_pin_until":"","discourse_post_id":"","discourse_permalink":"","wpdc_publishing_response":"","wpdc_publishing_error":"","footnotes":""},"class_list":["post-5790","page","type-page","status-publish","hentry"],"yoast_head":"<!-- This site is optimized with the Yoast SEO plugin v25.3.1 - https:\/\/yoast.com\/wordpress\/plugins\/seo\/ -->\n<title>Przegl\u0105darka PDF - Osad\u017a widget PDF na stronie Jimdo (w 2 minuty)<\/title>\n<meta name=\"description\" content=\"Dzi\u0119ki Elfsight mo\u017cesz szybko i \u0142atwo stworzy\u0107 wid\u017cet przegl\u0105darki plik\u00f3w PDF i umie\u015bci\u0107 go na swojej stronie Jimdo. Oferujemy bezp\u0142atn\u0105 obs\u0142ug\u0119 klienta i wi\u0119cej bonus\u00f3w.\" \/>\n<meta name=\"robots\" content=\"index, follow, max-snippet:-1, max-image-preview:large, max-video-preview:-1\" \/>\n<link rel=\"canonical\" href=\"https:\/\/elfsight.com\/pl\/pdf-embed-widget\/jimdo\/\" \/>\n<meta property=\"og:locale\" content=\"pl_PL\" \/>\n<meta property=\"og:type\" content=\"article\" \/>\n<meta property=\"og:title\" content=\"Przegl\u0105darka PDF - Osad\u017a widget PDF na stronie Jimdo (w 2 minuty)\" \/>\n<meta property=\"og:description\" content=\"Dzi\u0119ki Elfsight mo\u017cesz szybko i \u0142atwo stworzy\u0107 wid\u017cet przegl\u0105darki plik\u00f3w PDF i umie\u015bci\u0107 go na swojej stronie Jimdo. Oferujemy bezp\u0142atn\u0105 obs\u0142ug\u0119 klienta i wi\u0119cej bonus\u00f3w.\" \/>\n<meta property=\"og:url\" content=\"https:\/\/elfsight.com\/pl\/pdf-embed-widget\/jimdo\/\" \/>\n<meta property=\"og:site_name\" content=\"Elfsight PL\" \/>\n<meta property=\"article:modified_time\" content=\"2024-10-24T11:59:07+00:00\" \/>\n<meta name=\"twitter:card\" content=\"summary_large_image\" \/>\n<meta name=\"twitter:label1\" content=\"Szacowany czas czytania\" \/>\n\t<meta name=\"twitter:data1\" content=\"3 minuty\" \/>\n<!-- \/ Yoast SEO plugin. -->","yoast_head_json":{"title":"Przegl\u0105darka PDF - Osad\u017a widget PDF na stronie Jimdo (w 2 minuty)","description":"Dzi\u0119ki Elfsight mo\u017cesz szybko i \u0142atwo stworzy\u0107 wid\u017cet przegl\u0105darki plik\u00f3w PDF i umie\u015bci\u0107 go na swojej stronie Jimdo. Oferujemy bezp\u0142atn\u0105 obs\u0142ug\u0119 klienta i wi\u0119cej bonus\u00f3w.","robots":{"index":"index","follow":"follow","max-snippet":"max-snippet:-1","max-image-preview":"max-image-preview:large","max-video-preview":"max-video-preview:-1"},"canonical":"https:\/\/elfsight.com\/pl\/pdf-embed-widget\/jimdo\/","og_locale":"pl_PL","og_type":"article","og_title":"Przegl\u0105darka PDF - Osad\u017a widget PDF na stronie Jimdo (w 2 minuty)","og_description":"Dzi\u0119ki Elfsight mo\u017cesz szybko i \u0142atwo stworzy\u0107 wid\u017cet przegl\u0105darki plik\u00f3w PDF i umie\u015bci\u0107 go na swojej stronie Jimdo. Oferujemy bezp\u0142atn\u0105 obs\u0142ug\u0119 klienta i wi\u0119cej bonus\u00f3w.","og_url":"https:\/\/elfsight.com\/pl\/pdf-embed-widget\/jimdo\/","og_site_name":"Elfsight PL","article_modified_time":"2024-10-24T11:59:07+00:00","twitter_card":"summary_large_image","twitter_misc":{"Szacowany czas czytania":"3 minuty"},"schema":{"@context":"https:\/\/schema.org","@graph":[{"@type":"WebPage","@id":"https:\/\/elfsight.com\/pl\/pdf-embed-widget\/jimdo\/","url":"https:\/\/elfsight.com\/pl\/pdf-embed-widget\/jimdo\/","name":"Przegl\u0105darka PDF - Osad\u017a widget PDF na stronie Jimdo (w 2 minuty)","isPartOf":{"@id":"https:\/\/elfsight.com\/pl\/#website"},"datePublished":"1970-01-01T00:00:00+00:00","dateModified":"2024-10-24T11:59:07+00:00","description":"Dzi\u0119ki Elfsight mo\u017cesz szybko i \u0142atwo stworzy\u0107 wid\u017cet przegl\u0105darki plik\u00f3w PDF i umie\u015bci\u0107 go na swojej stronie Jimdo. Oferujemy bezp\u0142atn\u0105 obs\u0142ug\u0119 klienta i wi\u0119cej bonus\u00f3w.","breadcrumb":{"@id":"https:\/\/elfsight.com\/pl\/pdf-embed-widget\/jimdo\/#breadcrumb"},"inLanguage":"pl-PL","potentialAction":[{"@type":"ReadAction","target":["https:\/\/elfsight.com\/pl\/pdf-embed-widget\/jimdo\/"]}]},{"@type":"BreadcrumbList","@id":"https:\/\/elfsight.com\/pl\/pdf-embed-widget\/jimdo\/#breadcrumb","itemListElement":[{"@type":"ListItem","position":1,"name":"Home","item":"https:\/\/elfsight.com\/pl\/"},{"@type":"ListItem","position":2,"name":"PDF Embed","item":"https:\/\/elfsight.com\/pl\/pdf-embed-widget\/"},{"@type":"ListItem","position":3,"name":"PDF Embed &#8211; Jimdo"}]},{"@type":"WebSite","@id":"https:\/\/elfsight.com\/pl\/#website","url":"https:\/\/elfsight.com\/pl\/","name":"Elfsight PL","description":"Just another Elfsight Sites site","potentialAction":[{"@type":"SearchAction","target":{"@type":"EntryPoint","urlTemplate":"https:\/\/elfsight.com\/pl\/?s={search_term_string}"},"query-input":{"@type":"PropertyValueSpecification","valueRequired":true,"valueName":"search_term_string"}}],"inLanguage":"pl-PL"}]}},"meta_box":{"industry":"","seo_heading":"","heading":"","description":"","cta_heading":"","cta_description":"","application":"2736","h1":"Wid\u017cet do osadzania Jimdo PDF","h1_caption":"Osadzaj dokumenty PDF na swojej stronie internetowej, aby \u0142atwo je przegl\u0105da\u0107 i pobiera\u0107 bez konieczno\u015bci przekierowywania odwiedzaj\u0105cych do Twojej witryny Jimdo.","application_category":[],"applications_title":"","applications_request_title":"","applications_request_button_text":"","hero_text":"","hero_video":"","hero_video_schema_markup":"","selling_points_title":"","selling_points_caption":"","selling_points":[],"selling_points_cta_text":"","features_title":"","features":"","ed_cta_examples_text":"","ed_cta_examples_hidden":"","ed_cta_demo_text":"","ed_cta_demo_hidden":"","why_caption":"","why_editor_title":"","why_editor_text":"","why_team_title":"","why_team_text":"","why_service_title":"","why_service_text":"","template_catalog_visible":"","template_catalog_title":"","template_catalog_text":"","template_catalog_categories_visible":"","demo_title":"\u015amia\u0142o, skomponuj szyt\u0105 na miar\u0119 przegl\u0105dark\u0119 Jimdo PDF Viewer!","demo_caption":"Dostosuj wid\u017cet i wstaw narz\u0119dzie na swoj\u0105 stron\u0119 Jimdo poza wersj\u0105 demonstracyjn\u0105.","default_faq_hidden":"","app_template_category":[],"platform":"193","template_public_id":"","codecanyon_url":"","codecanyon_item_id":"","codecanyon_price":"","pricing_caption":"","pricing_elfsight_apps_hide_column":"","pricing_elfsight_apps_url":"","pricing_codecanyon_price_caption":"","integration_category":[],"integration_request_title":"","integration_request_cta":"","integration_platform":"","integrations":[],"platform_category":[],"video_schema_markup":"","price":"od 0 USD \/ miesi\u0105c","trial":"","benefits":[{"text":"Bezp\u0142atna pomoc w monta\u017cu"},{"text":"Wsparcie premium"},{"text":"14-dniowa gwarancja zwrotu pieni\u0119dzy"}],"button_url":"#demo","button_target_blank":"","button_nofollow":"","attributes":[{"name":"Instaluje"},{"name":"Czu\u0142y"},{"name":"Kompatybilne przegl\u0105darki"}],"tags":[],"tags_disable_links":"","hide_more_platforms":"","video_object":"","demo_hide_cta":"","demo_hide_cloud_options":"","pricing_title":"","pricing":[{"pricing_icon":"platform","pricing_title":"Elfsight Apps","pricing_title_caption":"Wieloplatformowe rozwi\u0105zanie cyfrowe, kt\u00f3re dzia\u0142a na ka\u017cdej stronie internetowej","pricing_price":"od 0 USD \/ miesi\u0105c","pricing_price_caption":"zacznij od bezp\u0142atnego planu","pricing_benefits":[{"text":"Nieograniczona liczba domen"},{"text":"Szybkie wsparcie"},{"text":"Bezp\u0142atna pomoc w instalacji"},{"text":"W pe\u0142ni konfigurowalny"}],"pricing_button_text":"Dodaj do witryny","pricing_button_url":"#demo"}],"related_apps_title":"","related_apps_hidden":"","author":"","image":[],"title":"","job":"","social_networks":[]},"_links":{"self":[{"href":"https:\/\/elfsight.com\/pl\/wp-json\/wp\/v2\/pages\/5790","targetHints":{"allow":["GET"]}}],"collection":[{"href":"https:\/\/elfsight.com\/pl\/wp-json\/wp\/v2\/pages"}],"about":[{"href":"https:\/\/elfsight.com\/pl\/wp-json\/wp\/v2\/types\/page"}],"author":[{"embeddable":true,"href":"https:\/\/elfsight.com\/pl\/wp-json\/wp\/v2\/users\/9"}],"replies":[{"embeddable":true,"href":"https:\/\/elfsight.com\/pl\/wp-json\/wp\/v2\/comments?post=5790"}],"version-history":[{"count":1,"href":"https:\/\/elfsight.com\/pl\/wp-json\/wp\/v2\/pages\/5790\/revisions"}],"predecessor-version":[{"id":5794,"href":"https:\/\/elfsight.com\/pl\/wp-json\/wp\/v2\/pages\/5790\/revisions\/5794"}],"up":[{"embeddable":true,"href":"https:\/\/elfsight.com\/pl\/wp-json\/wp\/v2\/pages\/2737"}],"wp:attachment":[{"href":"https:\/\/elfsight.com\/pl\/wp-json\/wp\/v2\/media?parent=5790"}],"curies":[{"name":"wp","href":"https:\/\/api.w.org\/{rel}","templated":true}]}}