{"id":5789,"date":"2024-05-03T06:42:00","date_gmt":"2024-05-03T06:42:00","guid":{"rendered":"https:\/\/elfsight.com\/pl\/?page_id=5789"},"modified":"2025-06-25T16:08:36","modified_gmt":"2025-06-25T16:08:36","slug":"bigcommerce","status":"publish","type":"page","link":"https:\/\/elfsight.com\/pl\/paypal-button-widget-generator\/bigcommerce\/","title":{"rendered":"PayPal Button &#8211; BigCommerce"},"content":{"rendered":"<div class=\"application-platform-content-item-description application-platform-content-item\" id=\"description\" data-nav-section=\"description\"><h2>Opis<\/h2><p>Umie\u015b\u0107 na swojej stronie renomowan\u0105 i p\u0142ynnie p\u0142atn\u0105 wersj\u0119 bez wi\u0119kszego wysi\u0142ku. Dzi\u0119ki przyciskowi PayPal Elfsight mo\u017cesz \u0142atwo przyjmowa\u0107 p\u0142atno\u015bci, automatyczne subskrypcje i darowizny od swoich u\u017cytkownik\u00f3w. Skonstruuj sw\u00f3j w\u0142asny, spersonalizowany przycisk, wybieraj\u0105c rodzaj p\u0142atno\u015bci, walut\u0119, lokalizacj\u0119 i dodaj\u0105c opcje wygl\u0105du, aby uczyni\u0107 go naprawd\u0119 wyj\u0105tkowym. Twoi klienci b\u0119d\u0105 mogli szybko i sprawnie p\u0142aci\u0107 w Twojej witrynie za pomoc\u0105 przycisku PayPal.<\/p><p><b>Wykorzystaj wszystkie zalety systemu PayPal dla swoich klient\u00f3w i dla siebie!<\/b><\/p><p><b> Przydatny wariant p\u0142atno\u015bci w Twojej witrynie, kt\u00f3ry nie wymaga kodowania w mgnieniu oka.<\/b>.<br>Twoi klienci b\u0119d\u0105 cieszy\u0107 si\u0119 bezpiecznymi p\u0142atno\u015bciami w Twojej witrynie. Zintegruj sw\u00f3j przycisk PayPal za pomoc\u0105 Elfsight, a zapewnisz swoim klientom nawykow\u0105 i szybk\u0105 procedur\u0119 p\u0142acenia. Bez kodowania, bez potu.<\/p><p><b>Uniwersalne rozwi\u0105zanie do pracy z p\u0142atno\u015bciami, subskrypcjami i darowiznami<\/b>.<br>Dzi\u0119ki tylko jednemu wid\u017cetowi Elfsight masz swobod\u0119 tworzenia przycisk\u00f3w dla odbiorc\u00f3w, kt\u00f3rzy b\u0119d\u0105 p\u0142aci\u0107, subskrybowa\u0107 i przekazywa\u0107 darowizny w Twojej witrynie. Oszcz\u0119dzaj czas i wysi\u0142ek i korzystaj z uniwersalnego rozwi\u0105zania, kt\u00f3re daje Ci zestaw wariant\u00f3w.<\/p><p><b>Jedna z najbardziej renomowanych i popularnych technik p\u0142atno\u015bci w Twojej witrynie<\/b>.<br>Zr\u00f3b swoje strona internetowa naprawd\u0119 wygodna dla Twoich klient\u00f3w w celu zwi\u0119kszenia sprzeda\u017cy. Pozw\u00f3l u\u017cytkownikom p\u0142aci\u0107 w Twojej witrynie za pomoc\u0105 szeroko rozpowszechnionego i renomowanego instrumentu i zwi\u0119ksz zaufanie do swojej firmy.<\/p><\/div><div class=\"application-platform-content-item-features application-platform-content-item\" id=\"features\" data-nav-section=\"features\"><h2>Funkcje<\/h2><p>Co sprawia, \u017ce \u200b\u200bnasze narz\u0119dzie jest najlepsze? Sprawd\u017a, jakie funkcje Ci da:<\/p><ul><li>Ustawianie ceny produktu;<\/li><li>Wybierz jeden z okres\u00f3w rozliczeniowych: dzienny, tygodniowy, miesi\u0119czny, roczny;<\/li><li> Regulowana szeroko\u015b\u0107 przycisku;<\/li><li>Opcje obramowania przycisku: rozmiar, kolor, promie\u0144;<\/li><li>Poka\u017c lub ukryj ikon\u0119 PayPal.<\/li><\/ul><p>Sprawd\u017a wszystkie funkcje w demonstracja na \u017cywo<\/p><p><\/div><\/p><div class=\"application-platform-content-item-installation application-platform-content-item\" id=\"installation\" data-nav-section=\"installation\"><h2>Jak doda\u0107 aplikacj\u0119 PayPal Button do witryny BigCommerce<\/h2><div class=\"video-container\"><iframe width=\"720\" height=\"405\" src=\"https:\/\/www.youtube.com\/embed\/Z0hvb7AMfH4\" frameborder=\"0\" allowfullscreen=\"\">&lt;\/iframe<\/div><p>Wystarczy wykona\u0107 poni\u017csze kroki, aby osadzi\u0107 wid\u017cet w BigCommerce.<\/p> <ol><li><b>Skorzystaj z naszego bezp\u0142atnego konfiguratora i zacznij tworzy\u0107 w\u0142asn\u0105 aplikacj\u0119. <\/b><br> Okre\u015bl preferowany uk\u0142ad i cechy funkcjonalne wid\u017cetu i zapisz zmiany. <\/li> <li><b>Zdob\u0105d\u017a kod osobisty ujawniony w specjalnym formularzu w aplikacjach Elfsight. <\/b><br> Po skonfigurowaniu przycisku PayPal skopiuj kod osobisty w wy\u015bwietlonym oknie i zachowaj go do p\u00f3\u017aniejszego wykorzystania. <\/li> <li><b>Rozpocznij korzystanie z narz\u0119dzia na stronie BigCommerce. <\/b><br> Dodaj ostatnio zapisany kod do swojej strony i zapisz ulepszenia. <\/li> <li><b>Gotowe! Konfiguracja zosta\u0142a pomy\u015blnie zako\u0144czona. <\/b><br> Przejd\u017a do swojej witryny, aby sprawdzi\u0107 dzia\u0142anie narz\u0119dzia. <\/li><\/ol><p>Masz problemy z wy\u015bwietlaniem wtyczki lub jej dostosowywaniem? Skontaktuj si\u0119 z naszym dzia\u0142em obs\u0142ugi klienta.<\/p><\/div><div class=\"faq\" data-component=\"FAQ\"><div class=\"faq-item\">\r\n\t\t\t\t\t<div class=\"faq-item-question\">\r\n\t\t\t\t\t\t<h3 class=\"faq-item-question-text\">W jaki spos\u00f3b mog\u0119 osadzi\u0107 przycisk PayPal w mojej witrynie BigCommerce? <\/h3>\r\n\r\n\t\t\t\t\t\t<div class=\"faq-item-question-icon\"><\/div>\r\n\t\t\t\t\t<\/div>\r\n\r\n\t\t\t\t\t<div class=\"faq-item-answer\">\r\n\t\t\t\t\t\t<div class=\"faq-item-answer-text\"><p>The utworzenie widgetu odbywa si\u0119 w ramach us\u0142ugi Elfsight i nie musisz uczy\u0107 si\u0119 kodowania. Zastosuj nasze aktywne demo, aby dostosowa\u0107 w\u0142asn\u0105 wtyczk\u0119, pobierz kod i wklej go na swojej stronie internetowej. <\/p><\/div>\r\n\t\t\t\t\t<\/div>\r\n\t\t\t\t<\/div><div class=\"faq-item\">\r\n\t\t\t\t\t<div class=\"faq-item-question\">\r\n\t\t\t\t\t\t<h3 class=\"faq-item-question-text\">Najlepsze przyk\u0142ady wykorzystania integracji z PayPal<\/h3>\r\n\r\n\t\t\t\t\t\t<div class=\"faq-item-question-icon\"><\/div>\r\n\t\t\t\t\t<\/div>\r\n\r\n\t\t\t\t\t<div class=\"faq-item-answer\">\r\n\t\t\t\t\t\t<div class=\"faq-item-answer-text\"><p>Mamy wiele mo\u017cliwo\u015bci dostosowania: pe\u0142nowymiarowe wid\u017cety do osadzania w strefie tre\u015bci, p\u0142ywaj\u0105ce wtyczki z mo\u017cliwo\u015bci\u0105 przewijania, uk\u0142adami stopki, sekcji nag\u0142\u00f3wka i wszystkimi odmianami opcji pionowych pask\u00f3w bocznych i menu. <\/p><\/div>\r\n\t\t\t\t\t<\/div>\r\n\t\t\t\t<\/div><div class=\"faq-item\">\r\n\t\t\t\t\t<div class=\"faq-item-question\">\r\n\t\t\t\t\t\t<h3 class=\"faq-item-question-text\">Czy za pomoc\u0105 edytora mog\u0119 utworzy\u0107 przycisk PayPal dotycz\u0105cy darowizny lub subskrypcji? <\/h3>\r\n\r\n\t\t\t\t\t\t<div class=\"faq-item-question-icon\"><\/div>\r\n\t\t\t\t\t<\/div>\r\n\r\n\t\t\t\t\t<div class=\"faq-item-answer\">\r\n\t\t\t\t\t\t<div class=\"faq-item-answer-text\"><p>Mo\u017cesz kszta\u0142towa\u0107 modyfikacje dowolnego wid\u017cetu. W edytorze masz do dyspozycji szerok\u0105 gam\u0119 uk\u0142ad\u00f3w, a ka\u017cdy z nich mo\u017cesz szybko spersonalizowa\u0107 wed\u0142ug w\u0142asnych upodoba\u0144. <\/p><\/div>\r\n\t\t\t\t\t<\/div>\r\n\t\t\t\t<\/div><\/div>\n","protected":false},"excerpt":{"rendered":"","protected":false},"author":9,"featured_media":0,"parent":2597,"menu_order":0,"comment_status":"closed","ping_status":"closed","template":"templates\/template-application-platform.php","meta":{"publish_to_discourse":"","publish_post_category":"","wpdc_auto_publish_overridden":"","wpdc_topic_tags":"","wpdc_pin_topic":"","wpdc_pin_until":"","discourse_post_id":"","discourse_permalink":"","wpdc_publishing_response":"","wpdc_publishing_error":"","footnotes":""},"class_list":["post-5789","page","type-page","status-publish","hentry"],"yoast_head":"<!-- This site is optimized with the Yoast SEO plugin v25.3.1 - https:\/\/yoast.com\/wordpress\/plugins\/seo\/ -->\n<title>Przycisk PayPal - Dodaj aplikacj\u0119 PayPal do BigCommerce (integracja w 2 min!)<\/title>\n<meta name=\"description\" content=\"Pobierz osobist\u0105 aplikacj\u0119 PayPal Button dla BigCommerce i wy\u015bwietl j\u0105 na swojej stronie tylko w 2 minuty. Darmowy edytor, pomoc w integracji i wi\u0119cej korzy\u015bci od Elfsight!\" \/>\n<meta name=\"robots\" content=\"index, follow, max-snippet:-1, max-image-preview:large, max-video-preview:-1\" \/>\n<link rel=\"canonical\" href=\"https:\/\/elfsight.com\/pl\/paypal-button-widget-generator\/bigcommerce\/\" \/>\n<meta property=\"og:locale\" content=\"pl_PL\" \/>\n<meta property=\"og:type\" content=\"article\" \/>\n<meta property=\"og:title\" content=\"Przycisk PayPal - Dodaj aplikacj\u0119 PayPal do BigCommerce (integracja w 2 min!)\" \/>\n<meta property=\"og:description\" content=\"Pobierz osobist\u0105 aplikacj\u0119 PayPal Button dla BigCommerce i wy\u015bwietl j\u0105 na swojej stronie tylko w 2 minuty. Darmowy edytor, pomoc w integracji i wi\u0119cej korzy\u015bci od Elfsight!\" \/>\n<meta property=\"og:url\" content=\"https:\/\/elfsight.com\/pl\/paypal-button-widget-generator\/bigcommerce\/\" \/>\n<meta property=\"og:site_name\" content=\"Elfsight PL\" \/>\n<meta property=\"article:modified_time\" content=\"2025-06-25T16:08:36+00:00\" \/>\n<meta name=\"twitter:card\" content=\"summary_large_image\" \/>\n<meta name=\"twitter:label1\" content=\"Szacowany czas czytania\" \/>\n\t<meta name=\"twitter:data1\" content=\"3 minuty\" \/>\n<!-- \/ Yoast SEO plugin. -->","yoast_head_json":{"title":"Przycisk PayPal - Dodaj aplikacj\u0119 PayPal do BigCommerce (integracja w 2 min!)","description":"Pobierz osobist\u0105 aplikacj\u0119 PayPal Button dla BigCommerce i wy\u015bwietl j\u0105 na swojej stronie tylko w 2 minuty. Darmowy edytor, pomoc w integracji i wi\u0119cej korzy\u015bci od Elfsight!","robots":{"index":"index","follow":"follow","max-snippet":"max-snippet:-1","max-image-preview":"max-image-preview:large","max-video-preview":"max-video-preview:-1"},"canonical":"https:\/\/elfsight.com\/pl\/paypal-button-widget-generator\/bigcommerce\/","og_locale":"pl_PL","og_type":"article","og_title":"Przycisk PayPal - Dodaj aplikacj\u0119 PayPal do BigCommerce (integracja w 2 min!)","og_description":"Pobierz osobist\u0105 aplikacj\u0119 PayPal Button dla BigCommerce i wy\u015bwietl j\u0105 na swojej stronie tylko w 2 minuty. Darmowy edytor, pomoc w integracji i wi\u0119cej korzy\u015bci od Elfsight!","og_url":"https:\/\/elfsight.com\/pl\/paypal-button-widget-generator\/bigcommerce\/","og_site_name":"Elfsight PL","article_modified_time":"2025-06-25T16:08:36+00:00","twitter_card":"summary_large_image","twitter_misc":{"Szacowany czas czytania":"3 minuty"},"schema":{"@context":"https:\/\/schema.org","@graph":[{"@type":"WebPage","@id":"https:\/\/elfsight.com\/pl\/paypal-button-widget-generator\/bigcommerce\/","url":"https:\/\/elfsight.com\/pl\/paypal-button-widget-generator\/bigcommerce\/","name":"Przycisk PayPal - Dodaj aplikacj\u0119 PayPal do BigCommerce (integracja w 2 min!)","isPartOf":{"@id":"https:\/\/elfsight.com\/pl\/#website"},"datePublished":"2024-05-03T06:42:00+00:00","dateModified":"2025-06-25T16:08:36+00:00","description":"Pobierz osobist\u0105 aplikacj\u0119 PayPal Button dla BigCommerce i wy\u015bwietl j\u0105 na swojej stronie tylko w 2 minuty. Darmowy edytor, pomoc w integracji i wi\u0119cej korzy\u015bci od Elfsight!","breadcrumb":{"@id":"https:\/\/elfsight.com\/pl\/paypal-button-widget-generator\/bigcommerce\/#breadcrumb"},"inLanguage":"pl-PL","potentialAction":[{"@type":"ReadAction","target":["https:\/\/elfsight.com\/pl\/paypal-button-widget-generator\/bigcommerce\/"]}]},{"@type":"BreadcrumbList","@id":"https:\/\/elfsight.com\/pl\/paypal-button-widget-generator\/bigcommerce\/#breadcrumb","itemListElement":[{"@type":"ListItem","position":1,"name":"Home","item":"https:\/\/elfsight.com\/pl\/"},{"@type":"ListItem","position":2,"name":"PayPal Button","item":"https:\/\/elfsight.com\/pl\/paypal-button-widget-generator\/"},{"@type":"ListItem","position":3,"name":"PayPal Button &#8211; BigCommerce"}]},{"@type":"WebSite","@id":"https:\/\/elfsight.com\/pl\/#website","url":"https:\/\/elfsight.com\/pl\/","name":"Elfsight PL","description":"Just another Elfsight Sites site","potentialAction":[{"@type":"SearchAction","target":{"@type":"EntryPoint","urlTemplate":"https:\/\/elfsight.com\/pl\/?s={search_term_string}"},"query-input":{"@type":"PropertyValueSpecification","valueRequired":true,"valueName":"search_term_string"}}],"inLanguage":"pl-PL"}]}},"meta_box":{"industry":"","seo_heading":"","heading":"","description":"","cta_heading":"","cta_description":"","application":"2596","h1":"Aplikacja przycisku BigCommerce PayPal","h1_caption":"Dodaj przycisk PayPal do swojej witryny, aby bez wysi\u0142ku dokonywa\u0107 szybkich i \u0142atwych p\u0142atno\u015bci bezpo\u015brednio przez PayPal na swoj\u0105 witryn\u0119 BigCommerce.","application_category":[],"applications_title":"","applications_request_title":"","applications_request_button_text":"","hero_text":"","hero_video":"","hero_video_schema_markup":"","selling_points_title":"","selling_points_caption":"","selling_points":[],"selling_points_cta_text":"","features_title":"","features":"","ed_cta_examples_text":"","ed_cta_examples_hidden":"","ed_cta_demo_text":"","ed_cta_demo_hidden":"","why_caption":"","why_editor_title":"","why_editor_text":"","why_team_title":"","why_team_text":"","why_service_title":"","why_service_text":"","template_catalog_visible":"0","template_catalog_title":"","template_catalog_text":"","template_catalog_categories_visible":"","demo_title":"Utw\u00f3rz aplikacj\u0119 przycisku PayPal","demo_caption":"Skonfiguruj sw\u00f3j przycisk PayPal i dodaj go za darmo do swojej witryny BigCommerce!","default_faq_hidden":"","app_template_category":[],"platform":"41","template_public_id":"","codecanyon_url":"","codecanyon_item_id":"","codecanyon_price":"","pricing_caption":"","pricing_elfsight_apps_hide_column":"","pricing_elfsight_apps_url":"","pricing_codecanyon_price_caption":"","integration_category":[],"integration_request_title":"","integration_request_cta":"","integration_platform":"","integrations":[],"platform_category":[],"video_schema_markup":"","price":"od 0 USD \/ miesi\u0105c","trial":"","benefits":[{"text":"Bezp\u0142atna us\u0142uga monta\u017cu"},{"text":"Kompetentna obs\u0142uga klienta"},{"text":"14-dniowa gwarancja zwrotu pieni\u0119dzy"}],"button_url":"#demo","button_target_blank":"0","button_nofollow":"0","attributes":[{"name":"Instaluje"},{"name":"Czu\u0142y"},{"name":"Kompatybilne przegl\u0105darki"}],"tags":[],"tags_disable_links":"0","hide_more_platforms":"0","video_object":"","demo_hide_cta":"0","demo_hide_cloud_options":"0","pricing_title":"","pricing":[{"pricing_icon":"cloud","pricing_title":"Elfsight Apps","pricing_title_caption":"Oprogramowanie wieloplatformowe, kt\u00f3re dzia\u0142a na dowolnej stronie internetowej","pricing_price":"od 0 USD \/ miesi\u0105c","pricing_price_caption":"zacznij od bezp\u0142atnego planu","pricing_benefits":[{"text":"Nielimitowane strony internetowe"},{"text":"Profesjonalne i terminowe wsparcie"},{"text":"Bezp\u0142atna pomoc w monta\u017cu"},{"text":"Elastyczny projekt"}],"pricing_button_text":"Dodaj do witryny","pricing_button_url":"#demo"}],"related_apps_title":"","related_apps_hidden":"0","author":"","image":[],"title":"","job":"","social_networks":[]},"_links":{"self":[{"href":"https:\/\/elfsight.com\/pl\/wp-json\/wp\/v2\/pages\/5789","targetHints":{"allow":["GET"]}}],"collection":[{"href":"https:\/\/elfsight.com\/pl\/wp-json\/wp\/v2\/pages"}],"about":[{"href":"https:\/\/elfsight.com\/pl\/wp-json\/wp\/v2\/types\/page"}],"author":[{"embeddable":true,"href":"https:\/\/elfsight.com\/pl\/wp-json\/wp\/v2\/users\/9"}],"replies":[{"embeddable":true,"href":"https:\/\/elfsight.com\/pl\/wp-json\/wp\/v2\/comments?post=5789"}],"version-history":[{"count":3,"href":"https:\/\/elfsight.com\/pl\/wp-json\/wp\/v2\/pages\/5789\/revisions"}],"predecessor-version":[{"id":10515,"href":"https:\/\/elfsight.com\/pl\/wp-json\/wp\/v2\/pages\/5789\/revisions\/10515"}],"up":[{"embeddable":true,"href":"https:\/\/elfsight.com\/pl\/wp-json\/wp\/v2\/pages\/2597"}],"wp:attachment":[{"href":"https:\/\/elfsight.com\/pl\/wp-json\/wp\/v2\/media?parent=5789"}],"curies":[{"name":"wp","href":"https:\/\/api.w.org\/{rel}","templated":true}]}}