{"id":5784,"date":"1970-01-01T00:00:00","date_gmt":"1970-01-01T00:00:00","guid":{"rendered":"https:\/\/elfsight.com\/pl\/?page_id=5784"},"modified":"2024-11-14T12:44:50","modified_gmt":"2024-11-14T12:44:50","slug":"blogger","status":"publish","type":"page","link":"https:\/\/elfsight.com\/pl\/paypal-button-widget-generator\/blogger\/","title":{"rendered":"PayPal Button &#8211; Blogger"},"content":{"rendered":"<div class=\"application-platform-content-item-description application-platform-content-item\" id=\"description\" data-nav-section=\"description\"><h2>Opis<\/h2><p>Przycisk PayPal Elfsight zapewnia nieskomplikowany spos\u00f3b umo\u017cliwienia u\u017cytkownikom p\u0142acenia za po\u015brednictwem systemu PayPal w Twojej witrynie. Umo\u017cliwia dodawanie przycisk\u00f3w do realizacji transakcji, powtarzaj\u0105cych si\u0119 subskrypcji i darowizn. Mo\u017cesz wprowadzi\u0107 podatek i cen\u0119 wysy\u0142ki, wybra\u0107 lokalizacj\u0119 i walut\u0119, wy\u015bwietli\u0107 wezwanie do dzia\u0142ania i jeszcze wi\u0119cej. Uruchom sprawny system p\u0142atno\u015bci dla swoich klient\u00f3w, gdziekolwiek jeste\u015b, korzystaj\u0105c z jednego z najbardziej zaufanych narz\u0119dzi p\u0142atniczych.<\/p><p><b>Wykorzystaj wszystkie zalety systemu PayPal dla swoich u\u017cytkownik\u00f3w i dla siebie!<\/b> <\/p><p><b>Skuteczne narz\u0119dzie do p\u0142atno\u015bci w Twojej witrynie, bez kodowania i w mgnieniu oka<\/b>.<br>Klienci ceni\u0105 sobie \u0142atwe p\u0142acenie w witrynie. Stw\u00f3rz w\u0142asny przycisk darowizny lub p\u0142atno\u015bci PayPal za pomoc\u0105 Elfsight, a zapewnisz swoim klientom niezawodny i szybki instrument p\u0142atniczy. Bez kodowania, bez potu.<\/p><p><b>Uniwersalne narz\u0119dzie do otrzymywania p\u0142atno\u015bci, subskrypcji i darowizn<\/b>.<br>Maj\u0105c tylko jedno narz\u0119dzie firmy Elfsight, b\u0119dziesz cieszy\u0107 si\u0119 swobod\u0105 projektowania przycisk\u00f3w aby u\u017cytkownicy mogli p\u0142aci\u0107, subskrybowa\u0107 i przekazywa\u0107 darowizny w Twojej witrynie. Zaoszcz\u0119d\u017a czas i wysi\u0142ek i uzyskaj uniwersalne rozwi\u0105zanie, kt\u00f3re zapewni Ci zestaw opcji.<\/p><p><b>Jedno z najbardziej renomowanych i znanych rozwi\u0105za\u0144 p\u0142atniczych w Twojej witrynie<\/b>.<br> Zintegrowanie w Twojej witrynie jednego z najbardziej niezawodnych i popularnych rozwi\u0105za\u0144 p\u0142atniczych jest konieczno\u015bci\u0105. A dzi\u0119ki przyciskowi PayPal Elfsight mo\u017cna to zrobi\u0107 w ci\u0105gu kilku sekund.<\/p><\/div><div class=\"application-platform-content-item-features application-platform-content-item\" id=\"features\" data-nav-section=\"features\"><h2>Funkcje<\/h2><p>Sprawd\u017a, dlaczego widget Elfsight PayPal jest najlepszy, oto jego przydatne funkcje:<\/p><ul><li>Ustawianie lokalizacji przycisku z predefiniowanej listy kraj\u00f3w;<\/li><li>Dwa warianty wskazania podatku: rycza\u0142towy lub procentowy;<\/li><li>Responsywny rozmiar zapewniaj\u0105cy optymalny wygl\u0105d na ka\u017cdym urz\u0105dzeniu;<\/li><li>Regulowany tekst przycisku i kolor tekstu;<\/li><li>Poka\u017c lub ukryj ikon\u0119 PayPal.<\/li><\/ul><p>Sprawd\u017a wszystkie zalety w demonstracji na \u017cywo<\/p><\/div><div class=\"application-platform-content-item-installation application-platform-content-item\" id=\"installation\" data-nav-section=\"installation\"><h2>Jak doda\u0107 przycisk PayPal do witryny Bloggera<\/h2><div class=\"video-container\"><iframe width=\"720\" height=\"405\" src=\"https:\/\/www.youtube.com\/embed\/mS4si8cp9SE\" frameborder=\"0\" allowfullscreen=\"\"><\/iframe><\/div><p>Szybka instrukcja osadzania i tworzenia widget darowizny, subskrypcji lub p\u0142atno\u015bci bez kompetencji w tworzeniu stron internetowych. Wykonanie tego zajmie Ci nie wi\u0119cej ni\u017c 3 minuty.<\/p><ol><li><b>Utw\u00f3rz sw\u00f3j unikalny przycisk.<\/b><br>Za pomoc\u0105 naszego bezp\u0142atnego edytora utw\u00f3rz wtyczk\u0119 o po\u017c\u0105danym uk\u0142adzie i rodzaj p\u0142atno\u015bci.<\/li><li><b>Skopiuj kod do konfiguracji wtyczki.<\/b><br>Po skonfigurowaniu wid\u017cetu zdob\u0105d\u017a kod do niego z wy\u015bwietlonego okna w Elfsight Aplikacje.<\/li><li><b>Poka\u017c wtyczk\u0119 na swojej stronie.<\/b><br>Wy\u015bwietl PayPal w wymaganym miejscu witryny i zapisz zmiany.<\/li><li><b> Gotowe!<\/b><br>Odwied\u017a swoj\u0105 witryn\u0119 Bloggera, aby sprawdzi\u0107 wtyczk\u0119.<\/li><\/ol><p>Masz problemy z zaprojektowaniem lub dodaniem wtyczki do swojej witryny? Skontaktuj si\u0119 z naszym centrum pomocy.<\/p><div class=\"faq\" data-component=\"FAQ\"> <div class=\"faq-item\">\r\n\t\t\t\t\t<div class=\"faq-item-question\">\r\n\t\t\t\t\t\t<h3 class=\"faq-item-question-text\">Jak mog\u0119 doda\u0107 przycisk PayPal do mojej witryny Bloggera bez umiej\u0119tno\u015bci kodowania?<\/h3>\r\n\r\n\t\t\t\t\t\t<div class=\"faq-item-question-icon\"><\/div>\r\n\t\t\t\t\t<\/div>\r\n\r\n\t\t\t\t\t<div class=\"faq-item-answer\">\r\n\t\t\t\t\t\t<div class=\"faq-item-answer-text\"> <p>Elfsight zapewnia rozwi\u0105zanie SaaS, kt\u00f3re pozwala utworzy\u0107 Sam wid\u017cet przycisku PayPal, przekonaj si\u0119, jak \u0142atwy jest ten proces: Pracuj bezpo\u015brednio w edytorze online, aby utworzy\u0107 wid\u017cet przycisku PayPal, kt\u00f3ry chcesz widzie\u0107 w swojej witrynie Bloggera. Wybierz jeden z gotowych szablon\u00f3w i dostosuj ustawienia przycisku PayPal, dodaj tre\u015b\u0107, zmie\u0144 uk\u0142ad i schemat kolor\u00f3w bez umiej\u0119tno\u015bci kodowania. Zapisz przycisk PayPal i skopiuj jego kod instalacyjny, kt\u00f3ry mo\u017cesz \u0142atwo umie\u015bci\u0107 na swojej stronie Bloggera bez konieczno\u015bci zakupu p\u0142atnej subskrypcji. Dzi\u0119ki naszemu intuicyjnemu edytorowi ka\u017cdy u\u017cytkownik Internetu mo\u017ce utworzy\u0107 wid\u017cet przycisku PayPal online i \u0142atwo osadzi\u0107 go na swojej witrynie Bloggera. Aby uzyska\u0107 dost\u0119p do us\u0142ugi, nie trzeba p\u0142aci\u0107 ani wprowadza\u0107 danych uwierzytelniaj\u0105cych karty. Je\u015bli na kt\u00f3rymkolwiek etapie napotkasz jakiekolwiek problemy, skontaktuj si\u0119 z naszym zespo\u0142em pomocy technicznej.<\/p> <\/div>\r\n\t\t\t\t\t<\/div>\r\n\t\t\t\t<\/div> <\/div> <\/div><p><\/p>","protected":false},"excerpt":{"rendered":"","protected":false},"author":9,"featured_media":0,"parent":2597,"menu_order":0,"comment_status":"closed","ping_status":"closed","template":"templates\/template-application-platform.php","meta":{"publish_to_discourse":"","publish_post_category":"","wpdc_auto_publish_overridden":"","wpdc_topic_tags":"","wpdc_pin_topic":"","wpdc_pin_until":"","discourse_post_id":"","discourse_permalink":"","wpdc_publishing_response":"","wpdc_publishing_error":"","footnotes":""},"class_list":["post-5784","page","type-page","status-publish","hentry"],"yoast_head":"<!-- This site is optimized with the Yoast SEO plugin v25.3.1 - https:\/\/yoast.com\/wordpress\/plugins\/seo\/ -->\n<title>Przycisk PayPal - Dodaj wid\u017cet PayPal do witryny Bloggera (w 2 minuty)<\/title>\n<meta name=\"description\" content=\"Skonfiguruj przycisk PayPal (przeka\u017c darowizn\u0119, subskrypcj\u0119 lub p\u0142atno\u015b\u0107) w swojej witrynie Bloggera. Szybkie i \u0142atwe tworzenie r\u00f3\u017cnych wtyczek internetowych przez Elfsight.\" \/>\n<meta name=\"robots\" content=\"index, follow, max-snippet:-1, max-image-preview:large, max-video-preview:-1\" \/>\n<link rel=\"canonical\" href=\"https:\/\/elfsight.com\/pl\/paypal-button-widget-generator\/blogger\/\" \/>\n<meta property=\"og:locale\" content=\"pl_PL\" \/>\n<meta property=\"og:type\" content=\"article\" \/>\n<meta property=\"og:title\" content=\"Przycisk PayPal - Dodaj wid\u017cet PayPal do witryny Bloggera (w 2 minuty)\" \/>\n<meta property=\"og:description\" content=\"Skonfiguruj przycisk PayPal (przeka\u017c darowizn\u0119, subskrypcj\u0119 lub p\u0142atno\u015b\u0107) w swojej witrynie Bloggera. Szybkie i \u0142atwe tworzenie r\u00f3\u017cnych wtyczek internetowych przez Elfsight.\" \/>\n<meta property=\"og:url\" content=\"https:\/\/elfsight.com\/pl\/paypal-button-widget-generator\/blogger\/\" \/>\n<meta property=\"og:site_name\" content=\"Elfsight PL\" \/>\n<meta property=\"article:modified_time\" content=\"2024-11-14T12:44:50+00:00\" \/>\n<meta name=\"twitter:card\" content=\"summary_large_image\" \/>\n<meta name=\"twitter:label1\" content=\"Szacowany czas czytania\" \/>\n\t<meta name=\"twitter:data1\" content=\"3 minuty\" \/>\n<!-- \/ Yoast SEO plugin. -->","yoast_head_json":{"title":"Przycisk PayPal - Dodaj wid\u017cet PayPal do witryny Bloggera (w 2 minuty)","description":"Skonfiguruj przycisk PayPal (przeka\u017c darowizn\u0119, subskrypcj\u0119 lub p\u0142atno\u015b\u0107) w swojej witrynie Bloggera. Szybkie i \u0142atwe tworzenie r\u00f3\u017cnych wtyczek internetowych przez Elfsight.","robots":{"index":"index","follow":"follow","max-snippet":"max-snippet:-1","max-image-preview":"max-image-preview:large","max-video-preview":"max-video-preview:-1"},"canonical":"https:\/\/elfsight.com\/pl\/paypal-button-widget-generator\/blogger\/","og_locale":"pl_PL","og_type":"article","og_title":"Przycisk PayPal - Dodaj wid\u017cet PayPal do witryny Bloggera (w 2 minuty)","og_description":"Skonfiguruj przycisk PayPal (przeka\u017c darowizn\u0119, subskrypcj\u0119 lub p\u0142atno\u015b\u0107) w swojej witrynie Bloggera. Szybkie i \u0142atwe tworzenie r\u00f3\u017cnych wtyczek internetowych przez Elfsight.","og_url":"https:\/\/elfsight.com\/pl\/paypal-button-widget-generator\/blogger\/","og_site_name":"Elfsight PL","article_modified_time":"2024-11-14T12:44:50+00:00","twitter_card":"summary_large_image","twitter_misc":{"Szacowany czas czytania":"3 minuty"},"schema":{"@context":"https:\/\/schema.org","@graph":[{"@type":"WebPage","@id":"https:\/\/elfsight.com\/pl\/paypal-button-widget-generator\/blogger\/","url":"https:\/\/elfsight.com\/pl\/paypal-button-widget-generator\/blogger\/","name":"Przycisk PayPal - Dodaj wid\u017cet PayPal do witryny Bloggera (w 2 minuty)","isPartOf":{"@id":"https:\/\/elfsight.com\/pl\/#website"},"datePublished":"1970-01-01T00:00:00+00:00","dateModified":"2024-11-14T12:44:50+00:00","description":"Skonfiguruj przycisk PayPal (przeka\u017c darowizn\u0119, subskrypcj\u0119 lub p\u0142atno\u015b\u0107) w swojej witrynie Bloggera. Szybkie i \u0142atwe tworzenie r\u00f3\u017cnych wtyczek internetowych przez Elfsight.","breadcrumb":{"@id":"https:\/\/elfsight.com\/pl\/paypal-button-widget-generator\/blogger\/#breadcrumb"},"inLanguage":"pl-PL","potentialAction":[{"@type":"ReadAction","target":["https:\/\/elfsight.com\/pl\/paypal-button-widget-generator\/blogger\/"]}]},{"@type":"BreadcrumbList","@id":"https:\/\/elfsight.com\/pl\/paypal-button-widget-generator\/blogger\/#breadcrumb","itemListElement":[{"@type":"ListItem","position":1,"name":"Home","item":"https:\/\/elfsight.com\/pl\/"},{"@type":"ListItem","position":2,"name":"PayPal Button","item":"https:\/\/elfsight.com\/pl\/paypal-button-widget-generator\/"},{"@type":"ListItem","position":3,"name":"PayPal Button &#8211; Blogger"}]},{"@type":"WebSite","@id":"https:\/\/elfsight.com\/pl\/#website","url":"https:\/\/elfsight.com\/pl\/","name":"Elfsight PL","description":"Just another Elfsight Sites site","potentialAction":[{"@type":"SearchAction","target":{"@type":"EntryPoint","urlTemplate":"https:\/\/elfsight.com\/pl\/?s={search_term_string}"},"query-input":{"@type":"PropertyValueSpecification","valueRequired":true,"valueName":"search_term_string"}}],"inLanguage":"pl-PL"}]}},"meta_box":{"industry":"","seo_heading":"","heading":"","description":"","cta_heading":"","cta_description":"","application":"3353","h1":"Wid\u017cet przycisku PayPal w Bloggerze","h1_caption":"Dodaj przycisk PayPal do swojej witryny, aby m\u00f3c dokonywa\u0107 szybkich i \u0142atwych p\u0142atno\u015bci bezpo\u015brednio przez PayPal w witrynie Bloggera.","application_category":[],"applications_title":"","applications_request_title":"","applications_request_button_text":"","hero_text":"","hero_video":"","hero_video_schema_markup":"","selling_points_title":"","selling_points_caption":"","selling_points":[],"selling_points_cta_text":"","features_title":"","features":"","ed_cta_examples_text":"","ed_cta_examples_hidden":"","ed_cta_demo_text":"","ed_cta_demo_hidden":"","why_caption":"","why_editor_title":"","why_editor_text":"","why_team_title":"","why_team_text":"","why_service_title":"","why_service_text":"","template_catalog_visible":"","template_catalog_title":"","template_catalog_text":"","template_catalog_categories_visible":"","demo_title":"Utw\u00f3rz wid\u017cet przycisku PayPal","demo_caption":"Skonfiguruj sw\u00f3j przycisk PayPal i dodaj go za darmo do swojej witryny Bloggera!","default_faq_hidden":"","app_template_category":[],"platform":"44","template_public_id":"","codecanyon_url":"","codecanyon_item_id":"","codecanyon_price":"","pricing_caption":"","pricing_elfsight_apps_hide_column":"","pricing_elfsight_apps_url":"","pricing_codecanyon_price_caption":"","integration_category":[],"integration_request_title":"","integration_request_cta":"","integration_platform":"","integrations":[],"platform_category":[],"video_schema_markup":"","price":"od 0 USD \/ miesi\u0105c","trial":"","benefits":[{"text":"Bezp\u0142atna pomoc w instalacji"},{"text":"Wsparcie premium"},{"text":"Profesjonalna obs\u0142uga klienta"}],"button_url":"#demo","button_target_blank":"","button_nofollow":"","attributes":[{"name":"Instaluje"},{"name":"Czu\u0142y"},{"name":"Kompatybilne przegl\u0105darki"}],"tags":[],"tags_disable_links":"","hide_more_platforms":"","video_object":"","demo_hide_cta":"","demo_hide_cloud_options":"","pricing_title":"","pricing":[{"pricing_icon":"platform","pricing_title":"Elfsight Apps","pricing_title_caption":"Niezale\u017cne od platformy rozwi\u0105zanie cyfrowe, kt\u00f3re pasuje do ka\u017cdej witryny internetowej","pricing_price":"od 0 USD \/ miesi\u0105c","pricing_price_caption":"zacznij od bezp\u0142atnego planu","pricing_benefits":[{"text":"Nielimitowane strony internetowe"},{"text":"Bezp\u0142atne i terminowe wsparcie oraz dobrze udokumentowane"},{"text":"Bezp\u0142atna pomoc w monta\u017cu"},{"text":"100% konfigurowalny"}],"pricing_button_text":"Dodaj do witryny","pricing_button_url":"#demo"}],"related_apps_title":"","related_apps_hidden":"","author":"","image":[],"title":"","job":"","social_networks":[]},"_links":{"self":[{"href":"https:\/\/elfsight.com\/pl\/wp-json\/wp\/v2\/pages\/5784","targetHints":{"allow":["GET"]}}],"collection":[{"href":"https:\/\/elfsight.com\/pl\/wp-json\/wp\/v2\/pages"}],"about":[{"href":"https:\/\/elfsight.com\/pl\/wp-json\/wp\/v2\/types\/page"}],"author":[{"embeddable":true,"href":"https:\/\/elfsight.com\/pl\/wp-json\/wp\/v2\/users\/9"}],"replies":[{"embeddable":true,"href":"https:\/\/elfsight.com\/pl\/wp-json\/wp\/v2\/comments?post=5784"}],"version-history":[{"count":2,"href":"https:\/\/elfsight.com\/pl\/wp-json\/wp\/v2\/pages\/5784\/revisions"}],"predecessor-version":[{"id":7889,"href":"https:\/\/elfsight.com\/pl\/wp-json\/wp\/v2\/pages\/5784\/revisions\/7889"}],"up":[{"embeddable":true,"href":"https:\/\/elfsight.com\/pl\/wp-json\/wp\/v2\/pages\/2597"}],"wp:attachment":[{"href":"https:\/\/elfsight.com\/pl\/wp-json\/wp\/v2\/media?parent=5784"}],"curies":[{"name":"wp","href":"https:\/\/api.w.org\/{rel}","templated":true}]}}