{"id":5783,"date":"1970-01-01T00:00:00","date_gmt":"1970-01-01T00:00:00","guid":{"rendered":"https:\/\/elfsight.com\/pl\/?page_id=5783"},"modified":"2024-11-14T12:44:50","modified_gmt":"2024-11-14T12:44:50","slug":"drupal","status":"publish","type":"page","link":"https:\/\/elfsight.com\/pl\/paypal-button-widget-generator\/drupal\/","title":{"rendered":"PayPal Button &#8211; Drupal"},"content":{"rendered":"<div class=\"application-platform-content-item-description application-platform-content-item\" id=\"description\" data-nav-section=\"description\"><h2>Opis<\/h2><p>Przycisk PayPal Elfsight oferuje nieskomplikowany spos\u00f3b umo\u017cliwienia Twoim klientom p\u0142acenia za pomoc\u0105 systemu PayPal w witrynie internetowej. Umo\u017cliwia wy\u015bwietlanie przycisk\u00f3w realizacji transakcji, automatycznych subskrypcji i darowizn. \u0141atwo jest uwzgl\u0119dni\u0107 podatek i cen\u0119 wysy\u0142ki, wybra\u0107 lokalizacj\u0119 i walut\u0119, wy\u015bwietli\u0107 komunikat i wiele wi\u0119cej opcji. Zorganizuj w mgnieniu oka prosty i bezpieczny proces p\u0142atno\u015bci dla swoich u\u017cytkownik\u00f3w, korzystaj\u0105c z jednej z najbardziej sprawdzonych metod p\u0142atno\u015bci.<\/p><p><b>Umo\u017cliw swoim klientom dokonywanie p\u0142atno\u015bci za po\u015brednictwem PayPal w Twojej witrynie i zwi\u0119ksz sprzeda\u017c!<\/b><\/p><p><b>Popularny proces p\u0142atno\u015bci w Twojej witrynie bez kodowania w mgnieniu oka<\/b>.<br>Jednym z kluczowych punkt\u00f3w dobrze prosperuj\u0105cej firmy jest oferowanie swoim klientom \u0142atwych p\u0142atno\u015bci online . Umie\u015b\u0107 przycisk Elfsight PayPal na swojej stronie, a zrobisz to \u0142atwo i szybko.<\/p><p><b>Jedno narz\u0119dzie do przetwarzania p\u0142atno\u015bci, subskrypcji i darowizn<\/b>.<br>W\u0142\u0105cz sw\u00f3j kupuj\u0105cych do zakup\u00f3w, subskrybowania Twoich ofert i przekazywania datk\u00f3w. Wszystko to jest dost\u0119pne w uniwersalnym instrumencie firmy Elfsight, kt\u00f3ry pomo\u017ce Ci zaoszcz\u0119dzi\u0107 pieni\u0105dze i czas.<\/p><p><b>Jedno z najbezpieczniejszych i najbardziej znanych rozwi\u0105za\u0144 p\u0142atniczych w Twojej witrynie<\/b>.<br> Zintegrowanie w Twojej witrynie jednego z najbardziej renomowanych i szeroko rozpowszechnionych wariant\u00f3w p\u0142atno\u015bci jest konieczno\u015bci\u0105. Dzi\u0119ki przyciskowi PayPal Elfsight jest to kwestia sekund.<\/p><\/div><div class=\"application-platform-content-item-features application-platform-content-item\" id=\"features\" data-nav-section=\"features\"><h2>Funkcje<\/h2><p>Przekonaj si\u0119, dlaczego wid\u017cet Elfsight PayPal jest jednym z najlepszych, tutaj to jego zaawansowane funkcje:<\/p><ul><li>Mo\u017cliwo\u015b\u0107 dodania nazwy produktu;<\/li><li>Ustaw niestandardowy interwa\u0142 rozliczeniowy, wybieraj\u0105c cykl rozliczeniowy i okres rozliczeniowy, na przyk\u0142ad co trzy miesi\u0105ce;<\/li><li>Mo\u017cesz zmieni\u0107 rozmiar przycisku za pomoc\u0105 wygodnego suwaka;<\/li><li>Kolor logo PayPal: oryginalny lub bia\u0142y;<\/li><li>Mo\u017cliwo\u015b\u0107 skierowania klienta do niestandardowej strony z podzi\u0119kowaniami po udana transakcja.<\/li><\/ul><p>Wypr\u00f3buj g\u0142\u00f3wne funkcje wid\u017cetu w naszej wersji demonstracyjnej<\/p><\/div><div class=\"application-platform-content-item-installation application-platform-content-item\" id=\"installation\" data-nav-section=\"installation\"><h2>Jak doda\u0107 modu\u0142 przycisku PayPal do witryny Drupal<\/h2><div class=\"video-container\"><iframe width=\"720\" height=\"405\" src=\"https:\/\/www.youtube.com\/embed\/JM24ZxgrO-A\" frameborder=\"0\" allowfullscreen=\"\"><\/iframe><\/div><p>Wystarczy post\u0119powa\u0107 zgodnie z poni\u017cszymi wskaz\u00f3wkami, aby aktywowa\u0107 modu\u0142 na Drupalu.<\/p> <ol><li><b>Uruchom nasz darmowy edytor i zacznij tworzy\u0107 spersonalizowany PayPal Modu\u0142 przycisku. <\/b><br> Okre\u015bl po\u017c\u0105dan\u0105 form\u0119 i funkcjonalno\u015b\u0107 wtyczki oraz zastosuj poprawki. <\/li> <li><b>Zdob\u0105d\u017a sw\u00f3j osobisty kod ujawniony w specjalnym formularzu w aplikacjach Elfsight. <\/b><br> Po wygenerowaniu osobistego wid\u017cetu skopiuj osobisty kod w wy\u015bwietlonym oknie i zachowaj go do wykorzystania w przysz\u0142o\u015bci. <\/li> <li><b>Zaanga\u017cuj si\u0119 w korzystanie z wtyczki na swojej stronie Drupal. <\/b><br> Zintegruj ostatnio skopiowany kod ze swoj\u0105 stron\u0105 i zastosuj zmiany. <\/li> <li><b>Gotowe! Osadzanie zosta\u0142o pomy\u015blnie wykonane. <\/b><br> Odwied\u017a swoj\u0105 stron\u0119, aby sprawdzi\u0107 dzia\u0142anie modu\u0142u. <\/li><\/ol><p>Masz problemy z instalacj\u0105 lub dostosowywaniem wtyczki? Skontaktuj si\u0119 z naszym centrum pomocy.<\/p><div class=\"faq\" data-component=\"FAQ\"> <div class=\"faq-item\">\r\n\t\t\t\t\t<div class=\"faq-item-question\">\r\n\t\t\t\t\t\t<h3 class=\"faq-item-question-text\">Jak doda\u0107 przycisk PayPal do mojej witryny Drupal bez umiej\u0119tno\u015bci kodowania?<\/h3>\r\n\r\n\t\t\t\t\t\t<div class=\"faq-item-question-icon\"><\/div>\r\n\t\t\t\t\t<\/div>\r\n\r\n\t\t\t\t\t<div class=\"faq-item-answer\">\r\n\t\t\t\t\t\t<div class=\"faq-item-answer-text\"> <p>Elfsight zapewnia rozwi\u0105zanie SaaS, kt\u00f3re pozwala samodzielnie utworzy\u0107 wid\u017cet przycisku PayPal , przekonaj si\u0119, jak \u0142atwy jest ten proces: Pracuj bezpo\u015brednio w edytorze online, aby utworzy\u0107 wid\u017cet przycisku PayPal, kt\u00f3ry chcesz zobaczy\u0107 na swojej stronie Drupal. Wybierz jeden z gotowych szablon\u00f3w i dostosuj ustawienia przycisku PayPal, dodaj tre\u015b\u0107, zmie\u0144 uk\u0142ad i kolorystyk\u0119 bez umiej\u0119tno\u015bci kodowania. Zapisz przycisk PayPal i skopiuj jego kod instalacyjny, kt\u00f3ry mo\u017cesz \u0142atwo umie\u015bci\u0107 na swojej stronie Drupal, bez konieczno\u015bci kupowania p\u0142atnego planu. Dzi\u0119ki naszemu intuicyjnemu Edytorowi ka\u017cdy u\u017cytkownik Internetu mo\u017ce stworzy\u0107 wid\u017cet przycisku PayPal online i \u0142atwo osadzi\u0107 go na swojej stronie Drupal. Aby uzyska\u0107 dost\u0119p do us\u0142ugi, nie trzeba p\u0142aci\u0107 ani wprowadza\u0107 danych uwierzytelniaj\u0105cych karty. Je\u015bli na kt\u00f3rymkolwiek etapie napotkasz jakiekolwiek problemy, skontaktuj si\u0119 z naszym zespo\u0142em pomocy technicznej.<\/p> <\/div>\r\n\t\t\t\t\t<\/div>\r\n\t\t\t\t<\/div> <\/div> <\/div>","protected":false},"excerpt":{"rendered":"","protected":false},"author":9,"featured_media":0,"parent":2597,"menu_order":0,"comment_status":"closed","ping_status":"closed","template":"templates\/template-application-platform.php","meta":{"publish_to_discourse":"","publish_post_category":"","wpdc_auto_publish_overridden":"","wpdc_topic_tags":"","wpdc_pin_topic":"","wpdc_pin_until":"","discourse_post_id":"","discourse_permalink":"","wpdc_publishing_response":"","wpdc_publishing_error":"","footnotes":""},"class_list":["post-5783","page","type-page","status-publish","hentry"],"yoast_head":"<!-- This site is optimized with the Yoast SEO plugin v25.3.1 - https:\/\/yoast.com\/wordpress\/plugins\/seo\/ -->\n<title>Przycisk PayPal - Dodaj modu\u0142 PayPal do strony Drupal (w 2 minuty)<\/title>\n<meta name=\"description\" content=\"Przetestuj bezp\u0142atnie nasz przycisk p\u0142atno\u015bci PayPal dla Drupala. Stw\u00f3rz niestandardowy modu\u0142 p\u0142atno\u015bci dla swojej witryny tylko w kilka minut!\" \/>\n<meta name=\"robots\" content=\"index, follow, max-snippet:-1, max-image-preview:large, max-video-preview:-1\" \/>\n<link rel=\"canonical\" href=\"https:\/\/elfsight.com\/pl\/paypal-button-widget-generator\/drupal\/\" \/>\n<meta property=\"og:locale\" content=\"pl_PL\" \/>\n<meta property=\"og:type\" content=\"article\" \/>\n<meta property=\"og:title\" content=\"Przycisk PayPal - Dodaj modu\u0142 PayPal do strony Drupal (w 2 minuty)\" \/>\n<meta property=\"og:description\" content=\"Przetestuj bezp\u0142atnie nasz przycisk p\u0142atno\u015bci PayPal dla Drupala. Stw\u00f3rz niestandardowy modu\u0142 p\u0142atno\u015bci dla swojej witryny tylko w kilka minut!\" \/>\n<meta property=\"og:url\" content=\"https:\/\/elfsight.com\/pl\/paypal-button-widget-generator\/drupal\/\" \/>\n<meta property=\"og:site_name\" content=\"Elfsight PL\" \/>\n<meta property=\"article:modified_time\" content=\"2024-11-14T12:44:50+00:00\" \/>\n<meta name=\"twitter:card\" content=\"summary_large_image\" \/>\n<meta name=\"twitter:label1\" content=\"Szacowany czas czytania\" \/>\n\t<meta name=\"twitter:data1\" content=\"3 minuty\" \/>\n<!-- \/ Yoast SEO plugin. -->","yoast_head_json":{"title":"Przycisk PayPal - Dodaj modu\u0142 PayPal do strony Drupal (w 2 minuty)","description":"Przetestuj bezp\u0142atnie nasz przycisk p\u0142atno\u015bci PayPal dla Drupala. Stw\u00f3rz niestandardowy modu\u0142 p\u0142atno\u015bci dla swojej witryny tylko w kilka minut!","robots":{"index":"index","follow":"follow","max-snippet":"max-snippet:-1","max-image-preview":"max-image-preview:large","max-video-preview":"max-video-preview:-1"},"canonical":"https:\/\/elfsight.com\/pl\/paypal-button-widget-generator\/drupal\/","og_locale":"pl_PL","og_type":"article","og_title":"Przycisk PayPal - Dodaj modu\u0142 PayPal do strony Drupal (w 2 minuty)","og_description":"Przetestuj bezp\u0142atnie nasz przycisk p\u0142atno\u015bci PayPal dla Drupala. Stw\u00f3rz niestandardowy modu\u0142 p\u0142atno\u015bci dla swojej witryny tylko w kilka minut!","og_url":"https:\/\/elfsight.com\/pl\/paypal-button-widget-generator\/drupal\/","og_site_name":"Elfsight PL","article_modified_time":"2024-11-14T12:44:50+00:00","twitter_card":"summary_large_image","twitter_misc":{"Szacowany czas czytania":"3 minuty"},"schema":{"@context":"https:\/\/schema.org","@graph":[{"@type":"WebPage","@id":"https:\/\/elfsight.com\/pl\/paypal-button-widget-generator\/drupal\/","url":"https:\/\/elfsight.com\/pl\/paypal-button-widget-generator\/drupal\/","name":"Przycisk PayPal - Dodaj modu\u0142 PayPal do strony Drupal (w 2 minuty)","isPartOf":{"@id":"https:\/\/elfsight.com\/pl\/#website"},"datePublished":"1970-01-01T00:00:00+00:00","dateModified":"2024-11-14T12:44:50+00:00","description":"Przetestuj bezp\u0142atnie nasz przycisk p\u0142atno\u015bci PayPal dla Drupala. Stw\u00f3rz niestandardowy modu\u0142 p\u0142atno\u015bci dla swojej witryny tylko w kilka minut!","breadcrumb":{"@id":"https:\/\/elfsight.com\/pl\/paypal-button-widget-generator\/drupal\/#breadcrumb"},"inLanguage":"pl-PL","potentialAction":[{"@type":"ReadAction","target":["https:\/\/elfsight.com\/pl\/paypal-button-widget-generator\/drupal\/"]}]},{"@type":"BreadcrumbList","@id":"https:\/\/elfsight.com\/pl\/paypal-button-widget-generator\/drupal\/#breadcrumb","itemListElement":[{"@type":"ListItem","position":1,"name":"Home","item":"https:\/\/elfsight.com\/pl\/"},{"@type":"ListItem","position":2,"name":"PayPal Button","item":"https:\/\/elfsight.com\/pl\/paypal-button-widget-generator\/"},{"@type":"ListItem","position":3,"name":"PayPal Button &#8211; Drupal"}]},{"@type":"WebSite","@id":"https:\/\/elfsight.com\/pl\/#website","url":"https:\/\/elfsight.com\/pl\/","name":"Elfsight PL","description":"Just another Elfsight Sites site","potentialAction":[{"@type":"SearchAction","target":{"@type":"EntryPoint","urlTemplate":"https:\/\/elfsight.com\/pl\/?s={search_term_string}"},"query-input":{"@type":"PropertyValueSpecification","valueRequired":true,"valueName":"search_term_string"}}],"inLanguage":"pl-PL"}]}},"meta_box":{"industry":"","seo_heading":"","heading":"","description":"","cta_heading":"","cta_description":"","application":"3353","h1":"Drupal Modu\u0142 przycisku PayPal","h1_caption":"Dodaj przycisk PayPal do swojej witryny, aby \u0142atwo i szybko dokonywa\u0107 p\u0142atno\u015bci bezpo\u015brednio przez PayPal na swoj\u0105 stron\u0119 Drupal.","application_category":[],"applications_title":"","applications_request_title":"","applications_request_button_text":"","hero_text":"","hero_video":"","hero_video_schema_markup":"","selling_points_title":"","selling_points_caption":"","selling_points":[],"selling_points_cta_text":"","features_title":"","features":"","ed_cta_examples_text":"","ed_cta_examples_hidden":"","ed_cta_demo_text":"","ed_cta_demo_hidden":"","why_caption":"","why_editor_title":"","why_editor_text":"","why_team_title":"","why_team_text":"","why_service_title":"","why_service_text":"","template_catalog_visible":"","template_catalog_title":"","template_catalog_text":"","template_catalog_categories_visible":"","demo_title":"Utw\u00f3rz modu\u0142 przycisku PayPal","demo_caption":"Skonfiguruj sw\u00f3j przycisk PayPal i dodaj go za darmo do swojej witryny Drupal!","default_faq_hidden":"","app_template_category":[],"platform":"47","template_public_id":"","codecanyon_url":"","codecanyon_item_id":"","codecanyon_price":"","pricing_caption":"","pricing_elfsight_apps_hide_column":"","pricing_elfsight_apps_url":"","pricing_codecanyon_price_caption":"","integration_category":[],"integration_request_title":"","integration_request_cta":"","integration_platform":"","integrations":[],"platform_category":[],"video_schema_markup":"","price":"od 0 USD \/ miesi\u0105c","trial":"","benefits":[{"text":"Bezp\u0142atna pomoc w instalacji"},{"text":"Wsparcie premium"},{"text":"14-dniowa gwarancja zwrotu pieni\u0119dzy"}],"button_url":"#demo","button_target_blank":"","button_nofollow":"","attributes":[{"name":"Instaluje"},{"name":"Czu\u0142y"},{"name":"Kompatybilne przegl\u0105darki"}],"tags":[],"tags_disable_links":"","hide_more_platforms":"","video_object":"","demo_hide_cta":"","demo_hide_cloud_options":"","pricing_title":"","pricing":[{"pricing_icon":"platform","pricing_title":"Elfsight Apps","pricing_title_caption":"Wersja wieloplatformowa, kt\u00f3ra pasuje do ka\u017cdej witryny internetowej","pricing_price":"od 0 USD \/ miesi\u0105c","pricing_price_caption":"zacznij od bezp\u0142atnego planu","pricing_benefits":[{"text":"Nielimitowane domeny"},{"text":"Wsparcie firmy premium i dobrze udokumentowane"},{"text":"Bezp\u0142atna us\u0142uga monta\u017cu"},{"text":"Specjalna cena za wiele aplikacji"}],"pricing_button_text":"Dodaj do witryny","pricing_button_url":"#demo"}],"related_apps_title":"","related_apps_hidden":"","author":"","image":[],"title":"","job":"","social_networks":[]},"_links":{"self":[{"href":"https:\/\/elfsight.com\/pl\/wp-json\/wp\/v2\/pages\/5783","targetHints":{"allow":["GET"]}}],"collection":[{"href":"https:\/\/elfsight.com\/pl\/wp-json\/wp\/v2\/pages"}],"about":[{"href":"https:\/\/elfsight.com\/pl\/wp-json\/wp\/v2\/types\/page"}],"author":[{"embeddable":true,"href":"https:\/\/elfsight.com\/pl\/wp-json\/wp\/v2\/users\/9"}],"replies":[{"embeddable":true,"href":"https:\/\/elfsight.com\/pl\/wp-json\/wp\/v2\/comments?post=5783"}],"version-history":[{"count":2,"href":"https:\/\/elfsight.com\/pl\/wp-json\/wp\/v2\/pages\/5783\/revisions"}],"predecessor-version":[{"id":7888,"href":"https:\/\/elfsight.com\/pl\/wp-json\/wp\/v2\/pages\/5783\/revisions\/7888"}],"up":[{"embeddable":true,"href":"https:\/\/elfsight.com\/pl\/wp-json\/wp\/v2\/pages\/2597"}],"wp:attachment":[{"href":"https:\/\/elfsight.com\/pl\/wp-json\/wp\/v2\/media?parent=5783"}],"curies":[{"name":"wp","href":"https:\/\/api.w.org\/{rel}","templated":true}]}}