{"id":5782,"date":"1970-01-01T00:00:00","date_gmt":"1970-01-01T00:00:00","guid":{"rendered":"https:\/\/elfsight.com\/pl\/?page_id=5782"},"modified":"2024-11-14T12:44:50","modified_gmt":"2024-11-14T12:44:50","slug":"joomla","status":"publish","type":"page","link":"https:\/\/elfsight.com\/pl\/paypal-button-widget-generator\/joomla\/","title":{"rendered":"PayPal Button &#8211; Joomla"},"content":{"rendered":"<div class=\"application-platform-content-item-description application-platform-content-item\" id=\"description\" data-nav-section=\"description\"><h2>Opis<\/h2><p>Modu\u0142 przycisku PayPal Elfsight to nieskomplikowany spos\u00f3b umo\u017cliwienia kupuj\u0105cym p\u0142acenia za pomoc\u0105 systemu PayPal w Twojej witrynie. Pomaga w tworzeniu przycisk\u00f3w p\u0142atno\u015bci, subskrypcji i darowizn. \u0141atwo jest doda\u0107 podatek i cen\u0119 dostawy, wybra\u0107 lokalizacj\u0119 i walut\u0119, wy\u015bwietli\u0107 tekst i wiele wi\u0119cej. Rozpocznij wygodn\u0105 i bezpieczn\u0105 praktyk\u0119 p\u0142acenia swoim odbiorcom, korzystaj\u0105c z jednej z najbardziej niezawodnych metod.<\/p><p><b>Dodawaj p\u0142atno\u015bci PayPal do swojej witryny bez wi\u0119kszego wysi\u0142ku!<\/b><\/p><p><b>Por\u0119czny system p\u0142atno\u015bci na Twojej stronie internetowej, kt\u00f3ry nie wymaga kodowania w mgnieniu oka<\/b>.<br>Klienci doceniaj\u0105 bezpieczne p\u0142atno\u015bci online. Zaprojektuj sw\u00f3j w\u0142asny przycisk PayPal za pomoc\u0105 Elfsight, a zapewnisz swoim klientom \u0142atwy i szybki instrument p\u0142atniczy. Bez kodowania, bez po\u015bpiechu.<\/p><p><b>Jedno narz\u0119dzie do przetwarzania p\u0142atno\u015bci, subskrypcji i darowizn<\/b>.<br>Pozw\u00f3l swoim u\u017cytkownikom na sprawdzanie, subskrybowanie i przekazywanie darowizn na rzecz Twojej firmy. Wszystko to jest dost\u0119pne w uniwersalnym instrumencie firmy Elfsight, kt\u00f3ry pomo\u017ce Ci zaoszcz\u0119dzi\u0107 wysi\u0142ek i czas.<\/p><p><b>Jedna z najbardziej niezawodnych i znanych metod p\u0142atno\u015bci w Twojej witrynie<\/b>.<br> Zintegrowanie Twojej witryny z jedn\u0105 z najbezpieczniejszych i najpopularniejszych us\u0142ug p\u0142atniczych jest konieczno\u015bci\u0105. A dzi\u0119ki przyciskowi Elfsight PayPal zajmie to tylko kilka sekund.<\/p><\/div><div class=\"application-platform-content-item-features application-platform-content-item\" id=\"features\" data-nav-section=\"features\"><h2>Funkcje<\/h2><p>Zobacz tutaj, dlaczego wtyczka Elfsight PayPal jest najlepsza to jego przydatne funkcje:<\/p><ul><li>Mo\u017cliwo\u015b\u0107 dodania nazwy produktu;<\/li><li>Mo\u017cliwo\u015b\u0107 ustawienia ceny wysy\u0142ki;<\/li><li>Regulowana szeroko\u015b\u0107 przycisku;<\/li><li>Regulowany tekst przycisku i kolor tekstu;<\/li><li>Poka\u017c lub ukryj ikon\u0119 PayPal.<\/li><\/ul><p><a href=\"#demo\">Przetestuj wszystkie funkcje w wersji demonstracyjnej na \u017cywo<\/a><\/p><\/div><div class=\"application-platform-content-item-installation application-platform-content-item\" id=\"installation\" data-nav-section=\"installation\"><h2>Jak doda\u0107 rozszerzenie przycisku PayPal do witryny Joomla<\/h2><div class=\"video-container\"><iframe width=\"720\" height=\"405\" src=\"https:\/\/www.youtube.com\/embed\/xFSlWteoNrY\" frameborder=\"0\" allowfullscreen=\"\"><\/iframe><\/div><p>Wystarczy post\u0119powa\u0107 zgodnie z instrukcjami poni\u017cej, aby rozpocz\u0105\u0107 prac\u0119 z rozszerzeniem w Joomla.<\/p> <ol><li><b>Skorzystaj z naszego bezp\u0142atnego konfiguratora i zacznij tworzy\u0107 w\u0142asny widget. <\/b><br> Wybierz odpowiedni wygl\u0105d i cechy funkcjonalne rozszerzenia przycisku PayPal i zapisz poprawki. <\/li> <li><b>Odbierz sw\u00f3j osobisty kod widoczny w polu w aplikacjach Elfsight. <\/b><br> Po zako\u0144czeniu ustanawiania Twojego numeru wewn\u0119trznego skopiuj kod osobisty w wy\u015bwietlonym oknie i zachowaj go na p\u00f3\u017aniej. <\/li> <li><b>Rozpocznij stosowanie rozszerzenia w witrynie Joomla. <\/b><br> Wprowad\u017a zapisany ostatnio kod na swojej stronie i zastosuj modyfikacje. <\/li> <li><b>Instalacja zosta\u0142a pomy\u015blnie przeprowadzona. <\/b><br> Przejd\u017a na swoj\u0105 stron\u0119 i zobacz, jak dzia\u0142a wtyczka. <\/li><\/ol><p>Nie uda\u0142o Ci si\u0119 ukszta\u0142towa\u0107 modu\u0142u lub wstawi\u0107 go do swojej witryny? Skontaktuj si\u0119 z naszym centrum wsparcia.<\/p><div class=\"faq\" data-component=\"FAQ\"> <div class=\"faq-item\">\r\n\t\t\t\t\t<div class=\"faq-item-question\">\r\n\t\t\t\t\t\t<h3 class=\"faq-item-question-text\">Jak doda\u0107 przycisk PayPal do mojej witryny Joomla bez umiej\u0119tno\u015bci kodowania?<\/h3>\r\n\r\n\t\t\t\t\t\t<div class=\"faq-item-question-icon\"><\/div>\r\n\t\t\t\t\t<\/div>\r\n\r\n\t\t\t\t\t<div class=\"faq-item-answer\">\r\n\t\t\t\t\t\t<div class=\"faq-item-answer-text\"> <p>Elfsight zapewnia rozwi\u0105zanie SaaS, kt\u00f3re umo\u017cliwia samodzielne utworzenie wid\u017cetu przycisku PayPal , przekonaj si\u0119, jak \u0142atwy jest ten proces: Pracuj bezpo\u015brednio w edytorze online, aby utworzy\u0107 wid\u017cet przycisku PayPal, kt\u00f3ry chcesz widzie\u0107 na swojej stronie Joomla. Wybierz jeden z gotowych szablon\u00f3w i dostosuj ustawienia przycisku PayPal, dodaj tre\u015b\u0107, zmie\u0144 uk\u0142ad i kolory bez umiej\u0119tno\u015bci kodowania. Zapisz przycisk PayPal i skopiuj jego kod instalacyjny, kt\u00f3ry mo\u017cesz \u0142atwo wklei\u0107 na swojej stronie Joomla bez konieczno\u015bci zakupu p\u0142atnej subskrypcji. Dzi\u0119ki naszemu intuicyjnemu edytorowi ka\u017cdy u\u017cytkownik Internetu mo\u017ce utworzy\u0107 wid\u017cet przycisku PayPal online i \u0142atwo osadzi\u0107 go na swojej stronie Joomla. Aby uzyska\u0107 dost\u0119p do us\u0142ugi, nie trzeba p\u0142aci\u0107 ani wprowadza\u0107 danych uwierzytelniaj\u0105cych karty. Je\u015bli na kt\u00f3rymkolwiek etapie napotkasz jakiekolwiek problemy, skontaktuj si\u0119 z naszym zespo\u0142em pomocy technicznej.<\/p> <\/div>\r\n\t\t\t\t\t<\/div>\r\n\t\t\t\t<\/div> <\/div> <\/div>","protected":false},"excerpt":{"rendered":"","protected":false},"author":9,"featured_media":0,"parent":2597,"menu_order":0,"comment_status":"closed","ping_status":"closed","template":"templates\/template-application-platform.php","meta":{"publish_to_discourse":"","publish_post_category":"","wpdc_auto_publish_overridden":"","wpdc_topic_tags":"","wpdc_pin_topic":"","wpdc_pin_until":"","discourse_post_id":"","discourse_permalink":"","wpdc_publishing_response":"","wpdc_publishing_error":"","footnotes":""},"class_list":["post-5782","page","type-page","status-publish","hentry"],"yoast_head":"<!-- This site is optimized with the Yoast SEO plugin v25.3.1 - https:\/\/yoast.com\/wordpress\/plugins\/seo\/ -->\n<title>Przycisk PayPal - Dodaj rozszerzenie PayPal do witryny Joomla (w 2 minuty)<\/title>\n<meta name=\"description\" content=\"Zaprojektuj spersonalizowane rozszerzenie przycisku PayPal dla Joomla w zaledwie 2 minuty. Wypr\u00f3buj najszybszy panel do tworzenia wtyczek dla Elfsight, ca\u0142kowicie za darmo.\" \/>\n<meta name=\"robots\" content=\"index, follow, max-snippet:-1, max-image-preview:large, max-video-preview:-1\" \/>\n<link rel=\"canonical\" href=\"https:\/\/elfsight.com\/pl\/paypal-button-widget-generator\/joomla\/\" \/>\n<meta property=\"og:locale\" content=\"pl_PL\" \/>\n<meta property=\"og:type\" content=\"article\" \/>\n<meta property=\"og:title\" content=\"Przycisk PayPal - Dodaj rozszerzenie PayPal do witryny Joomla (w 2 minuty)\" \/>\n<meta property=\"og:description\" content=\"Zaprojektuj spersonalizowane rozszerzenie przycisku PayPal dla Joomla w zaledwie 2 minuty. Wypr\u00f3buj najszybszy panel do tworzenia wtyczek dla Elfsight, ca\u0142kowicie za darmo.\" \/>\n<meta property=\"og:url\" content=\"https:\/\/elfsight.com\/pl\/paypal-button-widget-generator\/joomla\/\" \/>\n<meta property=\"og:site_name\" content=\"Elfsight PL\" \/>\n<meta property=\"article:modified_time\" content=\"2024-11-14T12:44:50+00:00\" \/>\n<meta name=\"twitter:card\" content=\"summary_large_image\" \/>\n<meta name=\"twitter:label1\" content=\"Szacowany czas czytania\" \/>\n\t<meta name=\"twitter:data1\" content=\"3 minuty\" \/>\n<!-- \/ Yoast SEO plugin. -->","yoast_head_json":{"title":"Przycisk PayPal - Dodaj rozszerzenie PayPal do witryny Joomla (w 2 minuty)","description":"Zaprojektuj spersonalizowane rozszerzenie przycisku PayPal dla Joomla w zaledwie 2 minuty. Wypr\u00f3buj najszybszy panel do tworzenia wtyczek dla Elfsight, ca\u0142kowicie za darmo.","robots":{"index":"index","follow":"follow","max-snippet":"max-snippet:-1","max-image-preview":"max-image-preview:large","max-video-preview":"max-video-preview:-1"},"canonical":"https:\/\/elfsight.com\/pl\/paypal-button-widget-generator\/joomla\/","og_locale":"pl_PL","og_type":"article","og_title":"Przycisk PayPal - Dodaj rozszerzenie PayPal do witryny Joomla (w 2 minuty)","og_description":"Zaprojektuj spersonalizowane rozszerzenie przycisku PayPal dla Joomla w zaledwie 2 minuty. Wypr\u00f3buj najszybszy panel do tworzenia wtyczek dla Elfsight, ca\u0142kowicie za darmo.","og_url":"https:\/\/elfsight.com\/pl\/paypal-button-widget-generator\/joomla\/","og_site_name":"Elfsight PL","article_modified_time":"2024-11-14T12:44:50+00:00","twitter_card":"summary_large_image","twitter_misc":{"Szacowany czas czytania":"3 minuty"},"schema":{"@context":"https:\/\/schema.org","@graph":[{"@type":"WebPage","@id":"https:\/\/elfsight.com\/pl\/paypal-button-widget-generator\/joomla\/","url":"https:\/\/elfsight.com\/pl\/paypal-button-widget-generator\/joomla\/","name":"Przycisk PayPal - Dodaj rozszerzenie PayPal do witryny Joomla (w 2 minuty)","isPartOf":{"@id":"https:\/\/elfsight.com\/pl\/#website"},"datePublished":"1970-01-01T00:00:00+00:00","dateModified":"2024-11-14T12:44:50+00:00","description":"Zaprojektuj spersonalizowane rozszerzenie przycisku PayPal dla Joomla w zaledwie 2 minuty. Wypr\u00f3buj najszybszy panel do tworzenia wtyczek dla Elfsight, ca\u0142kowicie za darmo.","breadcrumb":{"@id":"https:\/\/elfsight.com\/pl\/paypal-button-widget-generator\/joomla\/#breadcrumb"},"inLanguage":"pl-PL","potentialAction":[{"@type":"ReadAction","target":["https:\/\/elfsight.com\/pl\/paypal-button-widget-generator\/joomla\/"]}]},{"@type":"BreadcrumbList","@id":"https:\/\/elfsight.com\/pl\/paypal-button-widget-generator\/joomla\/#breadcrumb","itemListElement":[{"@type":"ListItem","position":1,"name":"Home","item":"https:\/\/elfsight.com\/pl\/"},{"@type":"ListItem","position":2,"name":"PayPal Button","item":"https:\/\/elfsight.com\/pl\/paypal-button-widget-generator\/"},{"@type":"ListItem","position":3,"name":"PayPal Button &#8211; Joomla"}]},{"@type":"WebSite","@id":"https:\/\/elfsight.com\/pl\/#website","url":"https:\/\/elfsight.com\/pl\/","name":"Elfsight PL","description":"Just another Elfsight Sites site","potentialAction":[{"@type":"SearchAction","target":{"@type":"EntryPoint","urlTemplate":"https:\/\/elfsight.com\/pl\/?s={search_term_string}"},"query-input":{"@type":"PropertyValueSpecification","valueRequired":true,"valueName":"search_term_string"}}],"inLanguage":"pl-PL"}]}},"meta_box":{"industry":"","seo_heading":"","heading":"","description":"","cta_heading":"","cta_description":"","application":"3353","h1":"Rozszerzenie przycisku Joomla PayPal","h1_caption":"Dodaj przycisk PayPal do swojej witryny, aby bez wysi\u0142ku dokonywa\u0107 szybkich i \u0142atwych p\u0142atno\u015bci bezpo\u015brednio przez PayPal na swoj\u0105 witryn\u0119 Joomla.","application_category":[],"applications_title":"","applications_request_title":"","applications_request_button_text":"","hero_text":"","hero_video":"","hero_video_schema_markup":"","selling_points_title":"","selling_points_caption":"","selling_points":[],"selling_points_cta_text":"","features_title":"","features":"","ed_cta_examples_text":"","ed_cta_examples_hidden":"","ed_cta_demo_text":"","ed_cta_demo_hidden":"","why_caption":"","why_editor_title":"","why_editor_text":"","why_team_title":"","why_team_text":"","why_service_title":"","why_service_text":"","template_catalog_visible":"","template_catalog_title":"","template_catalog_text":"","template_catalog_categories_visible":"","demo_title":"Utw\u00f3rz wtyczk\u0119 przycisku PayPal","demo_caption":"Skonfiguruj sw\u00f3j przycisk PayPal i dodaj go do swojej witryny Joomla za darmo!","default_faq_hidden":"","app_template_category":[],"platform":"53","template_public_id":"","codecanyon_url":"","codecanyon_item_id":"","codecanyon_price":"","pricing_caption":"","pricing_elfsight_apps_hide_column":"","pricing_elfsight_apps_url":"","pricing_codecanyon_price_caption":"","integration_category":[],"integration_request_title":"","integration_request_cta":"","integration_platform":"","integrations":[],"platform_category":[],"video_schema_markup":"","price":"od 0 USD \/ miesi\u0105c","trial":"","benefits":[{"text":"Bezp\u0142atna pomoc w monta\u017cu"},{"text":"Wyj\u0105tkowe wsparcie"},{"text":"14-dniowa gwarancja zwrotu pieni\u0119dzy"}],"button_url":"#demo","button_target_blank":"","button_nofollow":"","attributes":[{"name":"Instaluje"},{"name":"Czu\u0142y"},{"name":"Kompatybilne przegl\u0105darki"}],"tags":[],"tags_disable_links":"","hide_more_platforms":"","video_object":"","demo_hide_cta":"","demo_hide_cloud_options":"","pricing_title":"","pricing":[{"pricing_icon":"platform","pricing_title":"Elfsight Apps","pricing_title_caption":"Rozwi\u0105zanie wieloplatformowe, kt\u00f3re pasuje do ka\u017cdej witryny","pricing_price":"od 0 USD \/ miesi\u0105c","pricing_price_caption":"zacznij od bezp\u0142atnego planu","pricing_benefits":[{"text":"Nielimitowane strony internetowe"},{"text":"Dedykowane i terminowe wsparcie"},{"text":"Bezp\u0142atna pomoc w monta\u017cu"},{"text":"Cena do z\u0142apania dla wielu aplikacji"}],"pricing_button_text":"Dodaj do witryny","pricing_button_url":"#demo"}],"related_apps_title":"","related_apps_hidden":"","author":"","image":[],"title":"","job":"","social_networks":[]},"_links":{"self":[{"href":"https:\/\/elfsight.com\/pl\/wp-json\/wp\/v2\/pages\/5782","targetHints":{"allow":["GET"]}}],"collection":[{"href":"https:\/\/elfsight.com\/pl\/wp-json\/wp\/v2\/pages"}],"about":[{"href":"https:\/\/elfsight.com\/pl\/wp-json\/wp\/v2\/types\/page"}],"author":[{"embeddable":true,"href":"https:\/\/elfsight.com\/pl\/wp-json\/wp\/v2\/users\/9"}],"replies":[{"embeddable":true,"href":"https:\/\/elfsight.com\/pl\/wp-json\/wp\/v2\/comments?post=5782"}],"version-history":[{"count":2,"href":"https:\/\/elfsight.com\/pl\/wp-json\/wp\/v2\/pages\/5782\/revisions"}],"predecessor-version":[{"id":7887,"href":"https:\/\/elfsight.com\/pl\/wp-json\/wp\/v2\/pages\/5782\/revisions\/7887"}],"up":[{"embeddable":true,"href":"https:\/\/elfsight.com\/pl\/wp-json\/wp\/v2\/pages\/2597"}],"wp:attachment":[{"href":"https:\/\/elfsight.com\/pl\/wp-json\/wp\/v2\/media?parent=5782"}],"curies":[{"name":"wp","href":"https:\/\/api.w.org\/{rel}","templated":true}]}}