{"id":5775,"date":"1970-01-01T00:00:00","date_gmt":"1970-01-01T00:00:00","guid":{"rendered":"https:\/\/elfsight.com\/pl\/?page_id=5775"},"modified":"2024-11-14T12:44:42","modified_gmt":"2024-11-14T12:44:42","slug":"html","status":"publish","type":"page","link":"https:\/\/elfsight.com\/pl\/paypal-button-widget-generator\/html\/","title":{"rendered":"PayPal Button &#8211; HTML"},"content":{"rendered":"<div class=\"application-platform-content-item-description application-platform-content-item\" id=\"description\" data-nav-section=\"description\"><h2>Opis<\/h2><p>Dodaj do swojej witryny zaufane i proste narz\u0119dzie p\u0142atnicze. Korzystaj\u0105c z przycisku PayPal Elfsight, mo\u017cesz otrzymywa\u0107 pojedyncze p\u0142atno\u015bci, subskrypcje i darowizny od klient\u00f3w. Stw\u00f3rz sw\u00f3j w\u0142asny przycisk, wybieraj\u0105c wariant p\u0142atno\u015bci, walut\u0119, lokalizacj\u0119 i funkcje interfejsu u\u017cytkownika, aby uczyni\u0107 go wyj\u0105tkowym. Twoi klienci pokochaj\u0105 szybk\u0105 i wygodn\u0105 procedur\u0119 p\u0142atno\u015bci w Twojej witrynie za pomoc\u0105 przycisku PayPal.<\/p><p><b>Dodaj p\u0142atno\u015bci PayPal na swojej stronie bez wi\u0119kszego wysi\u0142ku!<\/b><\/p><p> <b>Por\u0119czny instrument p\u0142atniczy w Twojej witrynie, niewymagaj\u0105cy kodowania w mgnieniu oka.<\/b>.<br>Dla odnosz\u0105cej sukcesy firmy bardzo wa\u017cne jest zapewnienie swoim odbiorcom wygodnej opcji p\u0142atno\u015bci online. Dodaj przycisk Elfsight PayPal do swojej witryny, a wykona zadanie za Ciebie.<\/p><p><b>Uniwersalne rozwi\u0105zanie do przyjmowania p\u0142atno\u015bci, subskrypcji i darowizn<\/b>.<br>Posiadanie tylko jednego narz\u0119dzia Elfsight, mo\u017cesz umie\u015bci\u0107 na swojej stronie internetowej przyciski pozwalaj\u0105ce klientom p\u0142aci\u0107, subskrybowa\u0107 i przekazywa\u0107 darowizny. Zaoszcz\u0119d\u017a czas i pieni\u0105dze i dodaj wielofunkcyjny instrument zapewniaj\u0105cy szereg opcji.<\/p><p><b>Jedna z najbardziej niezawodnych i powszechnych metod p\u0142atno\u015bci w Twojej witrynie<\/b>.<br>To jest dobr\u0105 praktyk\u0105 jest zintegrowanie Twojej witryny z jedn\u0105 z najbardziej zaufanych i znanych metod p\u0142atno\u015bci. A dzi\u0119ki Elfsight PayPal Button zajmie to tylko kilka sekund.<\/p><\/div><div class=\"application-platform-content-item-features application-platform-content-item\" id=\"features\" data-nav-section=\"features\"><h2>Funkcje<\/h2><p>Zobacz funkcje, dzi\u0119ki kt\u00f3rym nasz widget jest jednym z najlepsze do p\u0142acenia za witryn\u0119:<\/p><ul><li>Ustawianie lokalizacji przycisku z predefiniowanej listy kraj\u00f3w;<\/li><li>Dwa warianty oznaczenia podatku: rycza\u0142towy lub procentowy;<\/li><li>Elastyczny rozmiar zapewniaj\u0105cy optymalny wygl\u0105d na ka\u017cdym urz\u0105dzeniu;<\/li><li>Wyb\u00f3r koloru przycisku;<\/li><li>Cztery prze\u0142\u0105czalne ikony system\u00f3w p\u0142atno\u015bci zapewniaj\u0105ce wi\u0119ksze zaufanie i bezpiecze\u0144stwo klient\u00f3w.<\/li><\/ul><p>Wi\u0119cej opcji w naszym edytorze<\/p><\/div><div class=\"application-platform-content-item-installation application-platform-content-item\" id=\"installation\" data-nav-section=\"installation\"><h2>Jak doda\u0107 kod przycisku PayPal do witryny HTML<\/h2><div class=\"video-container\"> <iframe width=\"720\" height=\"405\" src=\"https:\/\/www.youtube.com\/embed\/5yMPWi2f1nQ\" frameborder=\"0\" allowfullscreen=\"\"><\/iframe><\/div><p> Ma\u0142y poradnik dotycz\u0105cy samodzielnej integracji widgetu z HTML. Aby przeprowadzi\u0107 integracj\u0119, nie musisz zatrudnia\u0107 programisty ani posiada\u0107 kompetencji w zakresie tworzenia stron internetowych. Ca\u0142kowity czas instalacji to zaledwie kilka minut.<\/p><ol><li><b>Wygeneruj sw\u00f3j unikalny przycisk PayPal.<\/b><br>Korzystaj\u0105c z naszego bezp\u0142atnego konfiguratora, utw\u00f3rz wtyczk\u0119 o po\u017c\u0105danym szablonie i mo\u017cliwo\u015bciach .<\/li><li><b>Skopiuj kod do osadzenia wtyczki.<\/b><br>Po dostosowaniu wid\u017cetu uzyskaj kod wtyczki PayPal z powiadomienia pojawiaj\u0105cego si\u0119 w aplikacjach Elfsight.<\/li><li><b>Wstaw widget na stron\u0119 HTML.<\/b><br>Uruchom kod strony w edytorze HTML, dodaj widget w wybrane miejsce (tre\u015b\u0107, stopk\u0119, pasek boczny itp.) i zastosuj wyniki.<\/b> li&gt;<li><b>Integracja przebieg\u0142a pomy\u015blnie!<\/b><br>Wejd\u017a na stron\u0119 HTML, aby sprawdzi\u0107 swoj\u0105 prac\u0119.<\/li><\/ol><p>Wyst\u0105pi\u0142y jakiekolwiek problemy podczas wy\u015bwietlania lub dostosowywania wtyczki ? Sprawd\u017a obszerny artyku\u0142 na temat dostosowywania wtyczki w formacie HTML lub zostaw zapytanie w naszym Centrum pomocy.<\/p><div class=\"faq\" data-component=\"FAQ\"> <div class=\"faq-item\">\r\n\t\t\t\t\t<div class=\"faq-item-question\">\r\n\t\t\t\t\t\t<h3 class=\"faq-item-question-text\">Jak mog\u0119 doda\u0107 przycisk PayPal do mojej witryny HTML bez umiej\u0119tno\u015bci kodowania?<\/h3>\r\n\r\n\t\t\t\t\t\t<div class=\"faq-item-question-icon\"><\/div>\r\n\t\t\t\t\t<\/div>\r\n\r\n\t\t\t\t\t<div class=\"faq-item-answer\">\r\n\t\t\t\t\t\t<div class=\"faq-item-answer-text\"> <p>Elfsight zapewnia rozwi\u0105zanie SaaS, kt\u00f3re umo\u017cliwia samodzielne utworzenie wid\u017cetu przycisku PayPal. Przekonaj si\u0119, jak \u0142atwy jest ten proces: Pracuj bezpo\u015brednio w edytorze online, aby utworzy\u0107 wid\u017cet przycisku PayPal, kt\u00f3ry chcesz widzie\u0107 na swojej stronie HTML. Wybierz jeden z gotowych szablon\u00f3w i dostosuj ustawienia przycisku PayPal, dodaj tre\u015b\u0107, zmie\u0144 uk\u0142ad i kolory bez umiej\u0119tno\u015bci kodowania. Zapisz przycisk PayPal i skopiuj jego kod instalacyjny, kt\u00f3ry mo\u017cesz \u0142atwo wklei\u0107 na swojej stronie HTML, bez konieczno\u015bci kupowania p\u0142atnej subskrypcji. Dzi\u0119ki naszemu intuicyjnemu edytorowi ka\u017cdy u\u017cytkownik Internetu mo\u017ce utworzy\u0107 wid\u017cet przycisku PayPal online i \u0142atwo osadzi\u0107 go na swojej stronie HTML. Aby uzyska\u0107 dost\u0119p do us\u0142ugi, nie trzeba p\u0142aci\u0107 ani wprowadza\u0107 danych uwierzytelniaj\u0105cych karty. Je\u015bli na kt\u00f3rymkolwiek etapie napotkasz jakiekolwiek problemy, skontaktuj si\u0119 z naszym zespo\u0142em pomocy technicznej.<\/p> <\/div>\r\n\t\t\t\t\t<\/div>\r\n\t\t\t\t<\/div> <\/div> <\/div>","protected":false},"excerpt":{"rendered":"","protected":false},"author":9,"featured_media":0,"parent":2597,"menu_order":0,"comment_status":"closed","ping_status":"closed","template":"templates\/template-application-platform.php","meta":{"publish_to_discourse":"","publish_post_category":"","wpdc_auto_publish_overridden":"","wpdc_topic_tags":"","wpdc_pin_topic":"","wpdc_pin_until":"","discourse_post_id":"","discourse_permalink":"","wpdc_publishing_response":"","wpdc_publishing_error":"","footnotes":""},"class_list":["post-5775","page","type-page","status-publish","hentry"],"yoast_head":"<!-- This site is optimized with the Yoast SEO plugin v25.3.1 - https:\/\/yoast.com\/wordpress\/plugins\/seo\/ -->\n<title>Przycisk PayPal - Dodaj kod p\u0142atno\u015bci PayPal do strony HTML (2026)<\/title>\n<meta name=\"description\" content=\"Zainstaluj kod przycisku PayPal na swojej stronie HTML w zaledwie kilka minut. Szybkie i proste tworzenie dowolnego widgetu p\u0142atno\u015bci internetowych przez Elfsight.\" \/>\n<meta name=\"robots\" content=\"index, follow, max-snippet:-1, max-image-preview:large, max-video-preview:-1\" \/>\n<link rel=\"canonical\" href=\"https:\/\/elfsight.com\/pl\/paypal-button-widget-generator\/html\/\" \/>\n<meta property=\"og:locale\" content=\"pl_PL\" \/>\n<meta property=\"og:type\" content=\"article\" \/>\n<meta property=\"og:title\" content=\"Przycisk PayPal - Dodaj kod p\u0142atno\u015bci PayPal do strony HTML (2026)\" \/>\n<meta property=\"og:description\" content=\"Zainstaluj kod przycisku PayPal na swojej stronie HTML w zaledwie kilka minut. Szybkie i proste tworzenie dowolnego widgetu p\u0142atno\u015bci internetowych przez Elfsight.\" \/>\n<meta property=\"og:url\" content=\"https:\/\/elfsight.com\/pl\/paypal-button-widget-generator\/html\/\" \/>\n<meta property=\"og:site_name\" content=\"Elfsight PL\" \/>\n<meta property=\"article:modified_time\" content=\"2024-11-14T12:44:42+00:00\" \/>\n<meta name=\"twitter:card\" content=\"summary_large_image\" \/>\n<meta name=\"twitter:label1\" content=\"Szacowany czas czytania\" \/>\n\t<meta name=\"twitter:data1\" content=\"3 minuty\" \/>\n<!-- \/ Yoast SEO plugin. -->","yoast_head_json":{"title":"Przycisk PayPal - Dodaj kod p\u0142atno\u015bci PayPal do strony HTML (2026)","description":"Zainstaluj kod przycisku PayPal na swojej stronie HTML w zaledwie kilka minut. Szybkie i proste tworzenie dowolnego widgetu p\u0142atno\u015bci internetowych przez Elfsight.","robots":{"index":"index","follow":"follow","max-snippet":"max-snippet:-1","max-image-preview":"max-image-preview:large","max-video-preview":"max-video-preview:-1"},"canonical":"https:\/\/elfsight.com\/pl\/paypal-button-widget-generator\/html\/","og_locale":"pl_PL","og_type":"article","og_title":"Przycisk PayPal - Dodaj kod p\u0142atno\u015bci PayPal do strony HTML (2026)","og_description":"Zainstaluj kod przycisku PayPal na swojej stronie HTML w zaledwie kilka minut. Szybkie i proste tworzenie dowolnego widgetu p\u0142atno\u015bci internetowych przez Elfsight.","og_url":"https:\/\/elfsight.com\/pl\/paypal-button-widget-generator\/html\/","og_site_name":"Elfsight PL","article_modified_time":"2024-11-14T12:44:42+00:00","twitter_card":"summary_large_image","twitter_misc":{"Szacowany czas czytania":"3 minuty"},"schema":{"@context":"https:\/\/schema.org","@graph":[{"@type":"WebPage","@id":"https:\/\/elfsight.com\/pl\/paypal-button-widget-generator\/html\/","url":"https:\/\/elfsight.com\/pl\/paypal-button-widget-generator\/html\/","name":"Przycisk PayPal - Dodaj kod p\u0142atno\u015bci PayPal do strony HTML (2026)","isPartOf":{"@id":"https:\/\/elfsight.com\/pl\/#website"},"datePublished":"1970-01-01T00:00:00+00:00","dateModified":"2024-11-14T12:44:42+00:00","description":"Zainstaluj kod przycisku PayPal na swojej stronie HTML w zaledwie kilka minut. Szybkie i proste tworzenie dowolnego widgetu p\u0142atno\u015bci internetowych przez Elfsight.","breadcrumb":{"@id":"https:\/\/elfsight.com\/pl\/paypal-button-widget-generator\/html\/#breadcrumb"},"inLanguage":"pl-PL","potentialAction":[{"@type":"ReadAction","target":["https:\/\/elfsight.com\/pl\/paypal-button-widget-generator\/html\/"]}]},{"@type":"BreadcrumbList","@id":"https:\/\/elfsight.com\/pl\/paypal-button-widget-generator\/html\/#breadcrumb","itemListElement":[{"@type":"ListItem","position":1,"name":"Home","item":"https:\/\/elfsight.com\/pl\/"},{"@type":"ListItem","position":2,"name":"PayPal Button","item":"https:\/\/elfsight.com\/pl\/paypal-button-widget-generator\/"},{"@type":"ListItem","position":3,"name":"PayPal Button &#8211; HTML"}]},{"@type":"WebSite","@id":"https:\/\/elfsight.com\/pl\/#website","url":"https:\/\/elfsight.com\/pl\/","name":"Elfsight PL","description":"Just another Elfsight Sites site","potentialAction":[{"@type":"SearchAction","target":{"@type":"EntryPoint","urlTemplate":"https:\/\/elfsight.com\/pl\/?s={search_term_string}"},"query-input":{"@type":"PropertyValueSpecification","valueRequired":true,"valueName":"search_term_string"}}],"inLanguage":"pl-PL"}]}},"meta_box":{"industry":"","seo_heading":"","heading":"","description":"","cta_heading":"","cta_description":"","application":"3353","h1":"Kod HTML przycisku PayPal","h1_caption":"Dodaj przycisk PayPal do swojej witryny, aby bez wysi\u0142ku dokonywa\u0107 szybkich i \u0142atwych p\u0142atno\u015bci bezpo\u015brednio przez PayPal do swojej witryny HTML.","application_category":[],"applications_title":"","applications_request_title":"","applications_request_button_text":"","hero_text":"","hero_video":"","hero_video_schema_markup":"","selling_points_title":"","selling_points_caption":"","selling_points":[],"selling_points_cta_text":"","features_title":"","features":"","ed_cta_examples_text":"","ed_cta_examples_hidden":"","ed_cta_demo_text":"","ed_cta_demo_hidden":"","why_caption":"","why_editor_title":"","why_editor_text":"","why_team_title":"","why_team_text":"","why_service_title":"","why_service_text":"","template_catalog_visible":"","template_catalog_title":"","template_catalog_text":"","template_catalog_categories_visible":"","demo_title":"Utw\u00f3rz wid\u017cet przycisku PayPal","demo_caption":"Skonfiguruj sw\u00f3j przycisk PayPal i dodaj go do swojej witryny HTML za darmo!","default_faq_hidden":"","app_template_category":[],"platform":"50","template_public_id":"","codecanyon_url":"","codecanyon_item_id":"","codecanyon_price":"","pricing_caption":"","pricing_elfsight_apps_hide_column":"","pricing_elfsight_apps_url":"","pricing_codecanyon_price_caption":"","integration_category":[],"integration_request_title":"","integration_request_cta":"","integration_platform":"","integrations":[],"platform_category":[],"video_schema_markup":"","price":"od 0 USD \/ miesi\u0105c","trial":"","benefits":[{"text":"Bezp\u0142atna pomoc w monta\u017cu"},{"text":"Wsparcie premium"},{"text":"14-dniowa gwarancja zwrotu pieni\u0119dzy"}],"button_url":"#demo","button_target_blank":"","button_nofollow":"","attributes":[{"name":"Instaluje"},{"name":"Czu\u0142y"},{"name":"Kompatybilne przegl\u0105darki"}],"tags":[],"tags_disable_links":"","hide_more_platforms":"","video_object":"","demo_hide_cta":"","demo_hide_cloud_options":"","pricing_title":"","pricing":[{"pricing_icon":"platform","pricing_title":"Elfsight Apps","pricing_title_caption":"Wersja wieloplatformowa, kt\u00f3ra pasuje do ka\u017cdej witryny internetowej","pricing_price":"od 0 USD \/ miesi\u0105c","pricing_price_caption":"zacznij od bezp\u0142atnego planu","pricing_benefits":[{"text":"Nielimitowane domeny"},{"text":"Szybka pomoc firmy i dobrze udokumentowana"},{"text":"Bezp\u0142atna pomoc w instalacji"},{"text":"Specjalna cena za wiele aplikacji"}],"pricing_button_text":"Dodaj do witryny","pricing_button_url":"#demo"}],"related_apps_title":"","related_apps_hidden":"","author":"","image":[],"title":"","job":"","social_networks":[]},"_links":{"self":[{"href":"https:\/\/elfsight.com\/pl\/wp-json\/wp\/v2\/pages\/5775","targetHints":{"allow":["GET"]}}],"collection":[{"href":"https:\/\/elfsight.com\/pl\/wp-json\/wp\/v2\/pages"}],"about":[{"href":"https:\/\/elfsight.com\/pl\/wp-json\/wp\/v2\/types\/page"}],"author":[{"embeddable":true,"href":"https:\/\/elfsight.com\/pl\/wp-json\/wp\/v2\/users\/9"}],"replies":[{"embeddable":true,"href":"https:\/\/elfsight.com\/pl\/wp-json\/wp\/v2\/comments?post=5775"}],"version-history":[{"count":2,"href":"https:\/\/elfsight.com\/pl\/wp-json\/wp\/v2\/pages\/5775\/revisions"}],"predecessor-version":[{"id":7886,"href":"https:\/\/elfsight.com\/pl\/wp-json\/wp\/v2\/pages\/5775\/revisions\/7886"}],"up":[{"embeddable":true,"href":"https:\/\/elfsight.com\/pl\/wp-json\/wp\/v2\/pages\/2597"}],"wp:attachment":[{"href":"https:\/\/elfsight.com\/pl\/wp-json\/wp\/v2\/media?parent=5775"}],"curies":[{"name":"wp","href":"https:\/\/api.w.org\/{rel}","templated":true}]}}