{"id":5773,"date":"1970-01-01T00:00:00","date_gmt":"1970-01-01T00:00:00","guid":{"rendered":"https:\/\/elfsight.com\/pl\/?page_id=5773"},"modified":"2024-11-14T12:44:34","modified_gmt":"2024-11-14T12:44:34","slug":"opencart","status":"publish","type":"page","link":"https:\/\/elfsight.com\/pl\/paypal-button-widget-generator\/opencart\/","title":{"rendered":"PayPal Button &#8211; OpenCart"},"content":{"rendered":"<div class=\"application-platform-content-item-description application-platform-content-item\" id=\"description\" data-nav-section=\"description\"><h2>Opis<\/h2><p>Integracja przycisku PayPal to prosty spos\u00f3b na umo\u017cliwienie u\u017cytkownikom dokonywania p\u0142atno\u015bci za po\u015brednictwem systemu PayPal w Twojej witrynie. Umo\u017cliwia wy\u015bwietlanie przycisk\u00f3w kas, powtarzaj\u0105cych si\u0119 subskrypcji i darowizn. \u0141atwo jest doda\u0107 podatek i cen\u0119 wysy\u0142ki, zmieni\u0107 lokalizacj\u0119 i walut\u0119, doda\u0107 tekst i wiele wi\u0119cej. Zorganizuj wygodn\u0105 i bezpieczn\u0105 procedur\u0119 p\u0142atno\u015bci dla swoich u\u017cytkownik\u00f3w za pomoc\u0105 jednego z najbardziej renomowanych mobilnych instrument\u00f3w p\u0142atniczych.<\/p><p><b>Umo\u017cliw swoim klientom dokonywanie p\u0142atno\u015bci za po\u015brednictwem PayPal w Twojej witrynie i zwi\u0119ksz swoj\u0105 sprzeda\u017c! <\/b><\/p><p><b>Przydatna procedura p\u0142atno\u015bci w Twojej witrynie \u2014 w mgnieniu oka<\/b>.<br> Aby firma odnosz\u0105ca sukcesy, bardzo wa\u017cne jest zapewnienie swoim klientom \u0142atwych p\u0142atno\u015bci online. Zintegruj przycisk PayPal Elfsight ze swoj\u0105 witryn\u0105, a zrobisz to \u0142atwo i szybko.<\/p><p><b>Uniwersalne rozwi\u0105zanie do akceptowania p\u0142atno\u015bci, subskrypcji i darowizn<\/b>.<br> Tylko z jednym widgetem dzi\u0119ki Elfsight mo\u017cesz zaprojektowa\u0107 przyciski do p\u0142acenia, subskrybowania i przekazywania darowizn na swojej stronie internetowej. Zaoszcz\u0119d\u017a czas i wysi\u0142ek i zdob\u0105d\u017a wielofunkcyjny instrument zapewniaj\u0105cy r\u00f3\u017cnorodne opcje.<\/p><p><b>Jeden z najbezpieczniejszych i najpopularniejszych system\u00f3w p\u0142atno\u015bci w Twojej witrynie<\/b>.<br> Stw\u00f3rz swoj\u0105 witryn\u0119 naprawd\u0119 wygodne dla Twoich klient\u00f3w i stymuluj\u0105ce sprzeda\u017c. Pozw\u00f3l u\u017cytkownikom p\u0142aci\u0107 w Twojej witrynie za pomoc\u0105 znanego i niezawodnego instrumentu i poka\u017c im, \u017ce Twoja firma jest wiarygodna.<\/p><\/div><div class=\"application-platform-content-item-features application-platform-content-item\" id=\"features\" data-nav-section=\"features\"><h2>Funkcje<\/h2><p> Odkryj funkcje, kt\u00f3re sprawiaj\u0105, \u017ce nasza integracja jest jedn\u0105 z najlepszych w zakresie p\u0142atno\u015bci za strony internetowe:<\/p><ul><li>Trzy typy przycisk\u00f3w: p\u0142atno\u015b\u0107 pojedyncza, subskrypcja, darowizna;<\/li><li>Mo\u017cliwo\u015b\u0107 ustawienia ceny wysy\u0142ki; <\/li><li>Elastyczny rozmiar zapewniaj\u0105cy optymalny wygl\u0105d na ka\u017cdym urz\u0105dzeniu;<\/li><li>Opcje obramowania przycisk\u00f3w: rozmiar, kolor, promie\u0144;<\/li><li>Mo\u017cliwo\u015b\u0107 skierowania klienta do niestandardowego Dzi\u0119kujemy stron\u0119 po udanej transakcji.<\/li><\/ul><p><a href=\"#demo\">Przetestuj wszystkie funkcje w bezp\u0142atnej wersji demonstracyjnej<\/a><\/p><\/div><div class=\"application-platform-content-item-installation  application-platform-content-item\" id=\"installation \" data-nav-section=\"installation \"><h2>Jak doda\u0107 przycisk PayPal do witryny OpenCart<\/h2><p>Wystarczy wykona\u0107 kilka krok\u00f3w opisanych poni\u017cej, aby osadzi\u0107 wid\u017cet w OpenCart.<\/p> <ol><li><b>Wykonaj nasze darmowe demo i zacznij tworzy\u0107 sw\u00f3j unikalny widget. <\/b><br> Okre\u015bl po\u017c\u0105dany interfejs i cechy wid\u017cetu i zastosuj modyfikacje. <\/li> <li><b>Odbierz sw\u00f3j indywidualny kod, kt\u00f3ry pojawi si\u0119 w specjalnym formularzu w aplikacjach Elfsight. <\/b><br> Po zako\u0144czeniu konfiguracji wid\u017cetu skopiuj ekskluzywny kod z wy\u015bwietlonego wyskakuj\u0105cego okienka i zachowaj go do wykorzystania w przysz\u0142o\u015bci. <\/li> <li><b>Rozpocznij korzystanie z wid\u017cetu przycisku PayPal w swojej witrynie OpenCart. <\/b><br> Umie\u015b\u0107 zapisany wcze\u015bniej kod na swojej stronie i zastosuj zmiany. <\/li> <li><b>Gotowe! Konfiguracja zosta\u0142a w pe\u0142ni wykonana. <\/b><br> Przejd\u017a na swoj\u0105 witryn\u0119 i sprawd\u017a, jak dzia\u0142a narz\u0119dzie. <\/li><\/ol> <p>Masz trudno\u015bci z osadzeniem rozszerzenia w swojej witrynie lub jego dostosowaniem? Skontaktuj si\u0119 z nasz\u0105 obs\u0142ug\u0105 klienta.<\/p><div class=\"faq\" data-component=\"FAQ\"> <div class=\"faq-item\">\r\n\t\t\t\t\t<div class=\"faq-item-question\">\r\n\t\t\t\t\t\t<h3 class=\"faq-item-question-text\">Jak doda\u0107 przycisk PayPal do mojej witryny OpenCart bez umiej\u0119tno\u015bci kodowania?<\/h3>\r\n\r\n\t\t\t\t\t\t<div class=\"faq-item-question-icon\"><\/div>\r\n\t\t\t\t\t<\/div>\r\n\r\n\t\t\t\t\t<div class=\"faq-item-answer\">\r\n\t\t\t\t\t\t<div class=\"faq-item-answer-text\"> <p>Elfsight zapewnia rozwi\u0105zanie SaaS, kt\u00f3re umo\u017cliwia utworzenie konta PayPal samodzielnie wid\u017cet przycisku, przekonaj si\u0119, jak \u0142atwy jest ten proces: Pracuj bezpo\u015brednio w edytorze online, aby utworzy\u0107 wid\u017cet przycisku PayPal, kt\u00f3ry chcia\u0142by\u015b widzie\u0107 na swojej stronie OpenCart. Wybierz jeden z gotowych szablon\u00f3w i dostosuj ustawienia przycisku PayPal, dodaj tre\u015b\u0107, zmie\u0144 uk\u0142ad i kolory bez umiej\u0119tno\u015bci kodowania. Zapisz przycisk PayPal i skopiuj jego kod instalacyjny, kt\u00f3ry mo\u017cesz \u0142atwo wklei\u0107 na swojej stronie OpenCart bez konieczno\u015bci kupowania p\u0142atnego planu. Dzi\u0119ki naszemu intuicyjnemu edytorowi ka\u017cdy u\u017cytkownik Internetu mo\u017ce stworzy\u0107 wid\u017cet przycisku PayPal online i \u0142atwo osadzi\u0107 go na swojej stronie internetowej OpenCart. Aby uzyska\u0107 dost\u0119p do us\u0142ugi, nie trzeba p\u0142aci\u0107 ani wprowadza\u0107 danych uwierzytelniaj\u0105cych karty. Je\u015bli na kt\u00f3rymkolwiek etapie napotkasz jakiekolwiek problemy, skontaktuj si\u0119 z naszym zespo\u0142em pomocy technicznej.<\/p> <\/div>\r\n\t\t\t\t\t<\/div>\r\n\t\t\t\t<\/div> <\/div> <\/div>","protected":false},"excerpt":{"rendered":"","protected":false},"author":9,"featured_media":0,"parent":2597,"menu_order":0,"comment_status":"closed","ping_status":"closed","template":"templates\/template-application-platform.php","meta":{"publish_to_discourse":"","publish_post_category":"","wpdc_auto_publish_overridden":"","wpdc_topic_tags":"","wpdc_pin_topic":"","wpdc_pin_until":"","discourse_post_id":"","discourse_permalink":"","wpdc_publishing_response":"","wpdc_publishing_error":"","footnotes":""},"class_list":["post-5773","page","type-page","status-publish","hentry"],"yoast_head":"<!-- This site is optimized with the Yoast SEO plugin v25.3.1 - https:\/\/yoast.com\/wordpress\/plugins\/seo\/ -->\n<title>Przycisk PayPal - Dodaj rozszerzenie PayPal do witryny OpenCart (2026)<\/title>\n<meta name=\"description\" content=\"Dodaj rozszerzenie PayPal do swojej witryny OpenCart w zaledwie 3 minuty. Korzystaj z wielu korzy\u015bci wynikaj\u0105cych z najlepszej integracji PayPal za darmo.\" \/>\n<meta name=\"robots\" content=\"index, follow, max-snippet:-1, max-image-preview:large, max-video-preview:-1\" \/>\n<link rel=\"canonical\" href=\"https:\/\/elfsight.com\/pl\/paypal-button-widget-generator\/opencart\/\" \/>\n<meta property=\"og:locale\" content=\"pl_PL\" \/>\n<meta property=\"og:type\" content=\"article\" \/>\n<meta property=\"og:title\" content=\"Przycisk PayPal - Dodaj rozszerzenie PayPal do witryny OpenCart (2026)\" \/>\n<meta property=\"og:description\" content=\"Dodaj rozszerzenie PayPal do swojej witryny OpenCart w zaledwie 3 minuty. Korzystaj z wielu korzy\u015bci wynikaj\u0105cych z najlepszej integracji PayPal za darmo.\" \/>\n<meta property=\"og:url\" content=\"https:\/\/elfsight.com\/pl\/paypal-button-widget-generator\/opencart\/\" \/>\n<meta property=\"og:site_name\" content=\"Elfsight PL\" \/>\n<meta property=\"article:modified_time\" content=\"2024-11-14T12:44:34+00:00\" \/>\n<meta name=\"twitter:card\" content=\"summary_large_image\" \/>\n<meta name=\"twitter:label1\" content=\"Szacowany czas czytania\" \/>\n\t<meta name=\"twitter:data1\" content=\"3 minuty\" \/>\n<!-- \/ Yoast SEO plugin. -->","yoast_head_json":{"title":"Przycisk PayPal - Dodaj rozszerzenie PayPal do witryny OpenCart (2026)","description":"Dodaj rozszerzenie PayPal do swojej witryny OpenCart w zaledwie 3 minuty. Korzystaj z wielu korzy\u015bci wynikaj\u0105cych z najlepszej integracji PayPal za darmo.","robots":{"index":"index","follow":"follow","max-snippet":"max-snippet:-1","max-image-preview":"max-image-preview:large","max-video-preview":"max-video-preview:-1"},"canonical":"https:\/\/elfsight.com\/pl\/paypal-button-widget-generator\/opencart\/","og_locale":"pl_PL","og_type":"article","og_title":"Przycisk PayPal - Dodaj rozszerzenie PayPal do witryny OpenCart (2026)","og_description":"Dodaj rozszerzenie PayPal do swojej witryny OpenCart w zaledwie 3 minuty. Korzystaj z wielu korzy\u015bci wynikaj\u0105cych z najlepszej integracji PayPal za darmo.","og_url":"https:\/\/elfsight.com\/pl\/paypal-button-widget-generator\/opencart\/","og_site_name":"Elfsight PL","article_modified_time":"2024-11-14T12:44:34+00:00","twitter_card":"summary_large_image","twitter_misc":{"Szacowany czas czytania":"3 minuty"},"schema":{"@context":"https:\/\/schema.org","@graph":[{"@type":"WebPage","@id":"https:\/\/elfsight.com\/pl\/paypal-button-widget-generator\/opencart\/","url":"https:\/\/elfsight.com\/pl\/paypal-button-widget-generator\/opencart\/","name":"Przycisk PayPal - Dodaj rozszerzenie PayPal do witryny OpenCart (2026)","isPartOf":{"@id":"https:\/\/elfsight.com\/pl\/#website"},"datePublished":"1970-01-01T00:00:00+00:00","dateModified":"2024-11-14T12:44:34+00:00","description":"Dodaj rozszerzenie PayPal do swojej witryny OpenCart w zaledwie 3 minuty. Korzystaj z wielu korzy\u015bci wynikaj\u0105cych z najlepszej integracji PayPal za darmo.","breadcrumb":{"@id":"https:\/\/elfsight.com\/pl\/paypal-button-widget-generator\/opencart\/#breadcrumb"},"inLanguage":"pl-PL","potentialAction":[{"@type":"ReadAction","target":["https:\/\/elfsight.com\/pl\/paypal-button-widget-generator\/opencart\/"]}]},{"@type":"BreadcrumbList","@id":"https:\/\/elfsight.com\/pl\/paypal-button-widget-generator\/opencart\/#breadcrumb","itemListElement":[{"@type":"ListItem","position":1,"name":"Home","item":"https:\/\/elfsight.com\/pl\/"},{"@type":"ListItem","position":2,"name":"PayPal Button","item":"https:\/\/elfsight.com\/pl\/paypal-button-widget-generator\/"},{"@type":"ListItem","position":3,"name":"PayPal Button &#8211; OpenCart"}]},{"@type":"WebSite","@id":"https:\/\/elfsight.com\/pl\/#website","url":"https:\/\/elfsight.com\/pl\/","name":"Elfsight PL","description":"Just another Elfsight Sites site","potentialAction":[{"@type":"SearchAction","target":{"@type":"EntryPoint","urlTemplate":"https:\/\/elfsight.com\/pl\/?s={search_term_string}"},"query-input":{"@type":"PropertyValueSpecification","valueRequired":true,"valueName":"search_term_string"}}],"inLanguage":"pl-PL"}]}},"meta_box":{"industry":"","seo_heading":"","heading":"","description":"","cta_heading":"","cta_description":"","application":"3353","h1":"Rozszerzenie przycisku PayPal OpenCart","h1_caption":"Dodaj przycisk PayPal do swojej witryny, aby \u0142atwo i szybko dokonywa\u0107 p\u0142atno\u015bci bezpo\u015brednio przez PayPal na swojej stronie Opencart.","application_category":[],"applications_title":"","applications_request_title":"","applications_request_button_text":"","hero_text":"","hero_video":"","hero_video_schema_markup":"","selling_points_title":"","selling_points_caption":"","selling_points":[],"selling_points_cta_text":"","features_title":"","features":"","ed_cta_examples_text":"","ed_cta_examples_hidden":"","ed_cta_demo_text":"","ed_cta_demo_hidden":"","why_caption":"","why_editor_title":"","why_editor_text":"","why_team_title":"","why_team_text":"","why_service_title":"","why_service_text":"","template_catalog_visible":"","template_catalog_title":"","template_catalog_text":"","template_catalog_categories_visible":"","demo_title":"Utw\u00f3rz rozszerzenie przycisku PayPal","demo_caption":"Skonfiguruj sw\u00f3j przycisk PayPal i dodaj go do swojej witryny OpenCart za darmo!","default_faq_hidden":"","app_template_category":[],"platform":"107","template_public_id":"","codecanyon_url":"","codecanyon_item_id":"","codecanyon_price":"","pricing_caption":"","pricing_elfsight_apps_hide_column":"","pricing_elfsight_apps_url":"","pricing_codecanyon_price_caption":"","integration_category":[],"integration_request_title":"","integration_request_cta":"","integration_platform":"","integrations":[],"platform_category":[],"video_schema_markup":"","price":"od 0 USD \/ miesi\u0105c","trial":"","benefits":[{"text":"Bezp\u0142atna pomoc w monta\u017cu"},{"text":"Kompetentna obs\u0142uga klienta"},{"text":"14-dniowa gwarancja zwrotu pieni\u0119dzy"}],"button_url":"#demo","button_target_blank":"","button_nofollow":"","attributes":[{"name":"Instaluje"},{"name":"Czu\u0142y"},{"name":"Kompatybilne przegl\u0105darki"}],"tags":[],"tags_disable_links":"","hide_more_platforms":"","video_object":"","demo_hide_cta":"","demo_hide_cloud_options":"","pricing_title":"","pricing":[{"pricing_icon":"platform","pricing_title":"Elfsight Apps","pricing_title_caption":"Wieloplatformowe rozwi\u0105zanie cyfrowe, kt\u00f3re pasuje do ka\u017cdej witryny internetowej","pricing_price":"od 0 USD \/ miesi\u0105c","pricing_price_caption":"zacznij od bezp\u0142atnego planu","pricing_benefits":[{"text":"Nielimitowane domeny"},{"text":"Profesjonalna obs\u0142uga klienta"},{"text":"Bezp\u0142atna pomoc w instalacji"},{"text":"W pe\u0142ni konfigurowalny"}],"pricing_button_text":"Dodaj do witryny","pricing_button_url":"#demo"}],"related_apps_title":"","related_apps_hidden":"","author":"","image":[],"title":"","job":"","social_networks":[]},"_links":{"self":[{"href":"https:\/\/elfsight.com\/pl\/wp-json\/wp\/v2\/pages\/5773","targetHints":{"allow":["GET"]}}],"collection":[{"href":"https:\/\/elfsight.com\/pl\/wp-json\/wp\/v2\/pages"}],"about":[{"href":"https:\/\/elfsight.com\/pl\/wp-json\/wp\/v2\/types\/page"}],"author":[{"embeddable":true,"href":"https:\/\/elfsight.com\/pl\/wp-json\/wp\/v2\/users\/9"}],"replies":[{"embeddable":true,"href":"https:\/\/elfsight.com\/pl\/wp-json\/wp\/v2\/comments?post=5773"}],"version-history":[{"count":1,"href":"https:\/\/elfsight.com\/pl\/wp-json\/wp\/v2\/pages\/5773\/revisions"}],"predecessor-version":[{"id":5777,"href":"https:\/\/elfsight.com\/pl\/wp-json\/wp\/v2\/pages\/5773\/revisions\/5777"}],"up":[{"embeddable":true,"href":"https:\/\/elfsight.com\/pl\/wp-json\/wp\/v2\/pages\/2597"}],"wp:attachment":[{"href":"https:\/\/elfsight.com\/pl\/wp-json\/wp\/v2\/media?parent=5773"}],"curies":[{"name":"wp","href":"https:\/\/api.w.org\/{rel}","templated":true}]}}