{"id":577,"date":"2020-11-20T13:44:43","date_gmt":"2020-11-20T13:44:43","guid":{"rendered":"https:\/\/elfsight.com\/pl\/?page_id=577"},"modified":"2021-04-21T13:49:27","modified_gmt":"2021-04-21T13:49:27","slug":"lander-widgets","status":"publish","type":"page","link":"https:\/\/elfsight.com\/pl\/lander-widgets\/","title":{"rendered":"Lander widgets"},"content":{"rendered":"\n<h2>Najbardziej optymalne widgety Elfsight dla udoskonalenia twojej witryny internetowej Lander<\/h2>\n\n<p>Przez kilka lat nasz team ekspert\u00f3w Elfsight wypuszcza korzystne i dostosowywane wid\u017cety chmurowe dla Twojej witryny internetowej. Zapewniamy profesjonalne wsparcie i szybkie \u0142adowanie. Aplikacji Elfsight s\u0142u\u017c\u0105 w\u0142a\u015bcicielom witryn internetowych, niekomercyjnych i wielu innym z r\u00f3\u017cnych kraj\u00f3w \u015bwiata zaradzi\u0107 podstawowymi dzia\u0142aniami bardziej skutecznie. \n<\/p>\n\n<p>A\u017ceby zwi\u0119kszy\u0107 sprzeda\u017c, przedstawi\u0107 5-gwiazdkow\u0105 ocen\u0119 na Twoje oferty, zwi\u0119kszy\u0107 zaufanie do swojej marki, wystarczy zainstalowa\u0107 wtyczku do swojej witryny. Nasze plany taryfowe wahaj\u0105 si\u0119 od bezp\u0142atnych do premium. Spr\u00f3buj do\u0142\u0105czy\u0107 wszelkie odpowiednie elementy interfejsu przy u\u017cyciu naszej wersji Live Demo i przekonaj si\u0119 jak bardzo to b\u0119dzie po\u017cyteczne w kwestii rozwoju serwisu www Pa\u0144stwa biznesu. <\/p>\n\n<h2>Dlaczego nasze wid\u017cety Lander s\u0105 wyj\u0105tkowymi instrumentami dla Twojej witryny? <\/h2>\n\n<p> Oto list\u0119 istotnych charakterystyk naszych aplikacji, kt\u00f3re umo\u017cliwiaj\u0105 nam by\u0107 lepszymi, ni\u017c nasi konkurenci: <\/p>\n\n\n<ul>\n<li> Nieodp\u0142atna i szybka wsparcie przy wbudowaniu lub customizacji widget\u00f3w; <\/li>\n<li> Automatyczne dostosowanie do wszystkich rozdzielczo\u015bci stron internetowych i przyjazne dla urz\u0105dze\u0144 mobilnych; <\/li>\n<li> Nie musisz zatrudnia\u0107 deweloper\u00f3w; <\/li>\n<li> Szeroki wyb\u00f3r ustawie\u0144 dostosowywania; <\/li>\n<li> Oparte na chmurze aplikacji pomagaj\u0105 zwi\u0119kszy\u0107 pr\u0119dko\u015b\u0107 \u0142adowania strony; <\/li>\n<li> Wszystkie poprawki s\u0105 darmowe i systematyczne; <\/li>\n<li> Przyst\u0119pne ceny; <\/li>\n<li> Sta\u0142a pomoc w przypadku problem\u00f3w. <\/li>\n<\/ul>\n\n<p> Sprawd\u017a bezp\u0142atne opcje naszych rozszerze\u0144 i zrozumiej jej potencja\u0142 lub zainstaluj dowolne wymagane wtyczk\u0119 z 20% obni\u017ck\u0105. <\/p>\n\n\n<h2> W jaki spos\u00f3b doda\u0107 Twoje widgety Elfsight na Twojej stronie internetowej Lander <\/h2>\n\n<p> Mo\u017cesz osadzi\u0107 widgety, wykonuj\u0105c czynno\u015bci z oczywistej wskaz\u00f3wki: <\/p>\n\n\n<ol>\n<li> Wybierz odpowiedni widget; <\/li>\n<li> Wprowad\u017a wymagane zmiany; <\/li>\n<li> Zastosuj zmiany; <\/li>\n<li> Otrzymaj otrzymany kod; <\/li>\n<li> Dodaj ten kod instalacyjny w odpowiednim miejscu swojej strony lub szablonu; <\/li>\n<li> Sko\u0144czone! Z powodzeniem doda\u0142e\u015b widget. <\/li>\n<\/ol>\n\n<p> Je\u015bli potrzebujesz doradztwa, prosimy zwr\u00f3ci\u0107 si\u0119 do zespo\u0142u wspieraj\u0105cego Elfsight. <\/p>\n","protected":false},"excerpt":{"rendered":"Najbardziej optymalne widgety Elfsight dla udoskonalenia twojej witryny internetowej Lander Przez kilka lat nasz team ekspert\u00f3w Elfsight wypuszcza korzystne i dostosowywane wid\u017cety chmurowe dla Twojej witryny internetowej. Zapewniamy profesjonalne wsparcie i szybkie \u0142adowanie. Aplikacji Elfsight s\u0142u\u017c\u0105 w\u0142a\u015bcicielom witryn internetowych, niekomercyjnych i wielu innym z r\u00f3\u017cnych kraj\u00f3w \u015bwiata zaradzi\u0107 podstawowymi dzia\u0142aniami&#8230;","protected":false},"author":13,"featured_media":0,"parent":0,"menu_order":0,"comment_status":"closed","ping_status":"closed","template":"templates\/template-platform.php","meta":{"publish_to_discourse":"","publish_post_category":"","wpdc_auto_publish_overridden":"","wpdc_topic_tags":"","wpdc_pin_topic":"","wpdc_pin_until":"","discourse_post_id":"","discourse_permalink":"","wpdc_publishing_response":"","wpdc_publishing_error":"","footnotes":""},"class_list":["post-577","page","type-page","status-publish","hentry"],"yoast_head":"<!-- This site is optimized with the Yoast SEO plugin v25.3.1 - https:\/\/yoast.com\/wordpress\/plugins\/seo\/ -->\n<title>Ponad 80 najlepszych darmowych Lander widget\u00f3w dla strony internetowej<\/title>\n<meta name=\"description\" content=\"Lista wypr\u00f3bowanych nieodp\u0142atnych widget\u00f3w dla twojej strony internetowej Lander. Pom\u00f3c z dostosowywaniem oraz szeroka gama mo\u017cliwo\u015bci.\" \/>\n<meta name=\"robots\" content=\"index, follow, max-snippet:-1, max-image-preview:large, max-video-preview:-1\" \/>\n<link rel=\"canonical\" href=\"https:\/\/elfsight.com\/pl\/lander-widgets\/\" \/>\n<meta property=\"og:locale\" content=\"pl_PL\" \/>\n<meta property=\"og:type\" content=\"article\" \/>\n<meta property=\"og:title\" content=\"Ponad 80 najlepszych darmowych Lander widget\u00f3w dla strony internetowej\" \/>\n<meta property=\"og:description\" content=\"Lista wypr\u00f3bowanych nieodp\u0142atnych widget\u00f3w dla twojej strony internetowej Lander. Pom\u00f3c z dostosowywaniem oraz szeroka gama mo\u017cliwo\u015bci.\" \/>\n<meta property=\"og:url\" content=\"https:\/\/elfsight.com\/pl\/lander-widgets\/\" \/>\n<meta property=\"og:site_name\" content=\"Elfsight PL\" \/>\n<meta property=\"article:modified_time\" content=\"2021-04-21T13:49:27+00:00\" \/>\n<meta name=\"twitter:card\" content=\"summary_large_image\" \/>\n<meta name=\"twitter:label1\" content=\"Szacowany czas czytania\" \/>\n\t<meta name=\"twitter:data1\" content=\"2 minuty\" \/>\n<!-- \/ Yoast SEO plugin. -->","yoast_head_json":{"title":"Ponad 80 najlepszych darmowych Lander widget\u00f3w dla strony internetowej","description":"Lista wypr\u00f3bowanych nieodp\u0142atnych widget\u00f3w dla twojej strony internetowej Lander. Pom\u00f3c z dostosowywaniem oraz szeroka gama mo\u017cliwo\u015bci.","robots":{"index":"index","follow":"follow","max-snippet":"max-snippet:-1","max-image-preview":"max-image-preview:large","max-video-preview":"max-video-preview:-1"},"canonical":"https:\/\/elfsight.com\/pl\/lander-widgets\/","og_locale":"pl_PL","og_type":"article","og_title":"Ponad 80 najlepszych darmowych Lander widget\u00f3w dla strony internetowej","og_description":"Lista wypr\u00f3bowanych nieodp\u0142atnych widget\u00f3w dla twojej strony internetowej Lander. Pom\u00f3c z dostosowywaniem oraz szeroka gama mo\u017cliwo\u015bci.","og_url":"https:\/\/elfsight.com\/pl\/lander-widgets\/","og_site_name":"Elfsight PL","article_modified_time":"2021-04-21T13:49:27+00:00","twitter_card":"summary_large_image","twitter_misc":{"Szacowany czas czytania":"2 minuty"},"schema":{"@context":"https:\/\/schema.org","@graph":[{"@type":"WebPage","@id":"https:\/\/elfsight.com\/pl\/lander-widgets\/","url":"https:\/\/elfsight.com\/pl\/lander-widgets\/","name":"Ponad 80 najlepszych darmowych Lander widget\u00f3w dla strony internetowej","isPartOf":{"@id":"https:\/\/elfsight.com\/pl\/#website"},"datePublished":"2020-11-20T13:44:43+00:00","dateModified":"2021-04-21T13:49:27+00:00","description":"Lista wypr\u00f3bowanych nieodp\u0142atnych widget\u00f3w dla twojej strony internetowej Lander. Pom\u00f3c z dostosowywaniem oraz szeroka gama mo\u017cliwo\u015bci.","breadcrumb":{"@id":"https:\/\/elfsight.com\/pl\/lander-widgets\/#breadcrumb"},"inLanguage":"pl-PL","potentialAction":[{"@type":"ReadAction","target":["https:\/\/elfsight.com\/pl\/lander-widgets\/"]}]},{"@type":"BreadcrumbList","@id":"https:\/\/elfsight.com\/pl\/lander-widgets\/#breadcrumb","itemListElement":[{"@type":"ListItem","position":1,"name":"Home","item":"https:\/\/elfsight.com\/pl\/"},{"@type":"ListItem","position":2,"name":"Lander widgets"}]},{"@type":"WebSite","@id":"https:\/\/elfsight.com\/pl\/#website","url":"https:\/\/elfsight.com\/pl\/","name":"Elfsight PL","description":"Just another Elfsight Sites site","potentialAction":[{"@type":"SearchAction","target":{"@type":"EntryPoint","urlTemplate":"https:\/\/elfsight.com\/pl\/?s={search_term_string}"},"query-input":{"@type":"PropertyValueSpecification","valueRequired":true,"valueName":"search_term_string"}}],"inLanguage":"pl-PL"}]}},"meta_box":{"industry":"","seo_heading":"","heading":"","description":"","cta_heading":"","cta_description":"","application":"","h1":"Najlepsze widgety Lander","h1_caption":"Nieodp\u0142atny zbi\u00f3r doskona\u0142ych widget\u00f3w wysokiej klasy z szerokim wachlarzem funkcji dla zwi\u0119kszenia zaanga\u017cowania u\u017cytkownik\u00f3w i osi\u0105gni\u0119cia wszystkich kluczowych cel\u00f3w o charakterze handlowym. Prosta implementacja, szeroki zakres mo\u017cliwo\u015bci modyfikacji oraz zawodowe wsparcie klienta.","application_category":[],"applications_title":"Poznaj najbardziej odpowiednie widgety dla twojej strony www w\u015br\u00f3d wszystkich wtyczek darmowych w wersji demonstracyjnej","applications_request_title":"Nie mo\u017cesz znale\u017a\u0107 odpowiedniego widgeta?","applications_request_button_text":"Zam\u00f3w widget","hero_text":"","hero_video":"","hero_video_schema_markup":"","selling_points_title":"","selling_points_caption":"","selling_points":[],"selling_points_cta_text":"","features_title":"","features":"","ed_cta_examples_text":"","ed_cta_examples_hidden":"","ed_cta_demo_text":"","ed_cta_demo_hidden":"","why_caption":"","why_editor_title":"","why_editor_text":"","why_team_title":"","why_team_text":"","why_service_title":"","why_service_text":"","template_catalog_visible":"","template_catalog_title":"","template_catalog_text":"","template_catalog_categories_visible":"","demo_title":"","demo_caption":"","default_faq_hidden":"","app_template_category":[],"platform":"574","template_public_id":"","codecanyon_url":"","codecanyon_item_id":"","codecanyon_price":"","pricing_caption":"","pricing_elfsight_apps_hide_column":"","pricing_elfsight_apps_url":"","pricing_codecanyon_price_caption":"","integration_category":[],"integration_request_title":"","integration_request_cta":"","integration_platform":"","integrations":[],"platform_category":[],"video_schema_markup":"","price":"","trial":"","benefits":[],"button_url":"","button_target_blank":"","button_nofollow":"","attributes":[],"tags":[],"tags_disable_links":"","hide_more_platforms":"","video_object":"","demo_hide_cta":"","demo_hide_cloud_options":"","pricing_title":"","pricing":[],"related_apps_title":"","related_apps_hidden":"","author":"","image":[],"title":"","job":"","social_networks":[]},"_links":{"self":[{"href":"https:\/\/elfsight.com\/pl\/wp-json\/wp\/v2\/pages\/577","targetHints":{"allow":["GET"]}}],"collection":[{"href":"https:\/\/elfsight.com\/pl\/wp-json\/wp\/v2\/pages"}],"about":[{"href":"https:\/\/elfsight.com\/pl\/wp-json\/wp\/v2\/types\/page"}],"author":[{"embeddable":true,"href":"https:\/\/elfsight.com\/pl\/wp-json\/wp\/v2\/users\/13"}],"replies":[{"embeddable":true,"href":"https:\/\/elfsight.com\/pl\/wp-json\/wp\/v2\/comments?post=577"}],"version-history":[{"count":2,"href":"https:\/\/elfsight.com\/pl\/wp-json\/wp\/v2\/pages\/577\/revisions"}],"predecessor-version":[{"id":579,"href":"https:\/\/elfsight.com\/pl\/wp-json\/wp\/v2\/pages\/577\/revisions\/579"}],"wp:attachment":[{"href":"https:\/\/elfsight.com\/pl\/wp-json\/wp\/v2\/media?parent=577"}],"curies":[{"name":"wp","href":"https:\/\/api.w.org\/{rel}","templated":true}]}}