{"id":5768,"date":"1970-01-01T00:00:00","date_gmt":"1970-01-01T00:00:00","guid":{"rendered":"https:\/\/elfsight.com\/pl\/?page_id=5768"},"modified":"2025-06-25T16:13:19","modified_gmt":"2025-06-25T16:13:19","slug":"shopify","status":"publish","type":"page","link":"https:\/\/elfsight.com\/pl\/paypal-button-widget-generator\/shopify\/","title":{"rendered":"PayPal Button &#8211; Shopify"},"content":{"rendered":"<div class=\"application-platform-content-item-description application-platform-content-item\" id=\"description\" data-nav-section=\"description\">\n<h2>Umie\u015b\u0107 przycisk PayPal w Shopify za pomoc\u0105 wid\u017cetu Elfsight<\/h2>\n<p>Dodaj renomowane narz\u0119dzie p\u0142atnicze do swojej witryny maksymalnie \u0142atwo. Korzystaj\u0105c z przycisku PayPal Elfsight, mo\u017cesz przyjmowa\u0107 p\u0142atno\u015bci, jednorazowe i okresowe subskrypcje oraz darowizny od swoich klient\u00f3w. Kszta\u0142tuj sw\u00f3j spersonalizowany przycisk, wybieraj\u0105c wariant p\u0142atno\u015bci, walut\u0119, lokalizacj\u0119 i opcje wygl\u0105du, aby uczyni\u0107 go wyj\u0105tkowym. Twoi klienci b\u0119d\u0105 mogli szybko i wygodnie p\u0142aci\u0107 na Twojej stronie za pomoc\u0105 przycisku PayPal.<\/p>\n<p><b>Daj swoim klientom mo\u017cliwo\u015b\u0107 p\u0142acenia za pomoc\u0105 PayPal na Twojej stronie i zwi\u0119ksz sprzeda\u017c!<\/b><\/p>\n<p><b>Praktyczna metoda p\u0142atno\u015bci na Twojej stronie internetowej, instalowana w mgnieniu oka bez kodowania<\/b>.<br>Dla silnej firmy wa\u017cne jest, aby oferowa\u0107 swoim odbiorcom wygodn\u0105 opcj\u0119 p\u0142atno\u015bci online. Dzi\u0119ki przyciskowi Elfsight PayPal na Twojej stronie internetowej mo\u017cesz to zrobi\u0107. Zainstaluj go szybko i bez wysi\u0142ku.<\/p>\n<p><b>Jeden instrument do otrzymywania p\u0142atno\u015bci, subskrypcji i darowizn<\/b>.<br>Jedno narz\u0119dzie firmy Elfsight umo\u017cliwia projektowanie przycisk\u00f3w p\u0142atno\u015bci i subskrypcji i darowizny na Twojej stronie internetowej. Oszcz\u0119dzaj czas i wysi\u0142ek i korzystaj z uniwersalnego instrumentu, kt\u00f3ry zapewnia r\u00f3\u017cnorodno\u015b\u0107 mo\u017cliwo\u015bci.<\/p>\n<p><b>Jeden z najbardziej niezawodnych i znanych instrument\u00f3w p\u0142atniczych w Twojej witrynie<\/b>.<br> Zapewnij swoim klientom wygodn\u0105 i prost\u0105 procedur\u0119 p\u0142atno\u015bci i zwi\u0119ksz sprzeda\u017c. Pozw\u00f3l u\u017cytkownikom dokonywa\u0107 p\u0142atno\u015bci za pomoc\u0105 znanego i bezpiecznego narz\u0119dzia w Twojej witrynie i zwi\u0119ksz zaufanie do swojej firmy.<\/p>\n<\/div>\n\n<div class=\"application-platform-content-item-features application-platform-content-item\" id=\"features\" data-nav-section=\"features\">\n<h2>G\u0142\u00f3wne funkcje wid\u017cetu Przycisk PayPal<\/h2>\n<p>Zobacz, dlaczego widget Elfsight PayPal jest najlepszy, oto jego przydatne funkcje:<\/p>\n<ul>\n    <li>Ustawianie ceny produktu;<\/li>\n    <li>Mo\u017cliwo\u015b\u0107 ustawienia ceny wysy\u0142ki;<\/li>\n    <li>Mo\u017cesz zmieni\u0107 rozmiar przycisku za pomoc\u0105 por\u0119cznego suwaka;<\/li>\n    <li>Regulowany tekst przycisku i kolor tekstu;<\/li>\n    <li>Poka\u017c lub ukryj tekst logo PayPal.<\/li>\n<\/ul>\n<p><a href=\"#demo\">Przetestuj wszystkie szczeg\u00f3\u0142y<\/a><\/p>\n<\/div>\n\n<div class=\"application-platform-content-item-installation application-platform-content-item\" id=\"installation\" data-nav-section=\"installation\">\n<h2>Jak doda\u0107 przycisk PayPal do witryny Shopify<\/h2>\n<div class=\"video-container\"><iframe width=\"720\" height=\"405\" src=\"https:\/\/www.youtube.com\/embed\/1tR59ilBg6I\" frameborder=\"0\" allowfullscreen=\"\"><\/iframe><\/div>\n<p>Sprawd\u017a tutorial przygotowany przez nasz zesp\u00f3\u0142, aby wy\u015bwietli\u0107 wtyczk\u0119 na Twojej stronie. Proces instalacji zajmie mniej ni\u017c kilka minut i nie wymaga posiadania kompetencji programistycznych.<\/p>\n<ol>\n    <li><b>Skorzystaj z naszego bezp\u0142atnego edytora i rozpocznij prac\u0119 ze swoj\u0105 spersonalizowan\u0105 aplikacj\u0105. <\/b><br> Okre\u015bl po\u017c\u0105dany wygl\u0105d i funkcjonalno\u015b\u0107 aplikacji oraz zastosuj wszystkie modyfikacje. <\/li>\n    <li><b>Skopiuj sw\u00f3j indywidualny kod pojawiaj\u0105cy si\u0119 w oknie aplikacji Elfsight. <\/b><br> Po zako\u0144czeniu tworzenia aplikacji osobistej skopiuj kod z wy\u015bwietlonego wyskakuj\u0105cego okienka i zapisz go na p\u00f3\u017aniej. <\/li>\n    <li><b>Rozpocznij korzystanie z aplikacji w witrynie Shopify. <\/b><br> Wklej ostatnio zapisany kod na swoj\u0105 stron\u0119 i zapisz poprawki. <\/li>\n    <li><b>Gotowe! Integracja zosta\u0142a pomy\u015blnie przeprowadzona. <\/b><br> Otw\u00f3rz swoj\u0105 witryn\u0119, aby sprawdzi\u0107 dzia\u0142anie aplikacji. <\/li>\n<\/ol>\n<p>Masz trudno\u015bci z instrukcj\u0105? Wy\u015blij wiadomo\u015b\u0107 do centrum pomocy Elfsight lub sprawd\u017a pe\u0142n\u0105 wersj\u0119 samouczka i spr\u00f3buj ponownie.<\/p>\n<\/div>\n\n<div class=\"faq\" data-component=\"FAQ\">\n    <div class=\"faq-item\">\r\n\t\t\t\t\t<div class=\"faq-item-question\">\r\n\t\t\t\t\t\t<h3 class=\"faq-item-question-text\">W jaki spos\u00f3b mam osadzi\u0107 przycisk PayPal do Shopify?<\/h3>\r\n\r\n\t\t\t\t\t\t<div class=\"faq-item-question-icon\"><\/div>\r\n\t\t\t\t\t<\/div>\r\n\r\n\t\t\t\t\t<div class=\"faq-item-answer\">\r\n\t\t\t\t\t\t<div class=\"faq-item-answer-text\">\n    <p>Utworzenie narz\u0119dzia odbywa si\u0119 na stronach Elfsight i nie ma potrzeby nauki kodowania. Zastosuj nasze aktywne demo, aby ukszta\u0142towa\u0107 swoje osobiste narz\u0119dzie, pobierz kod i wklej go na swojej stronie internetowej.<\/p>\n    <\/div>\r\n\t\t\t\t\t<\/div>\r\n\t\t\t\t<\/div>\n    <div class=\"faq-item\">\r\n\t\t\t\t\t<div class=\"faq-item-question\">\r\n\t\t\t\t\t\t<h3 class=\"faq-item-question-text\">Najlepsze sposoby wykorzystania integracji z PayPal<\/h3>\r\n\r\n\t\t\t\t\t\t<div class=\"faq-item-question-icon\"><\/div>\r\n\t\t\t\t\t<\/div>\r\n\r\n\t\t\t\t\t<div class=\"faq-item-answer\">\r\n\t\t\t\t\t\t<div class=\"faq-item-answer-text\">\n    <p>Zapewniamy mn\u00f3stwo opcji dostosowywania: pe\u0142nowymiarowe wid\u017cety do dodawania w obszarze zawarto\u015bci, p\u0142ywaj\u0105ce wid\u017cety umo\u017cliwiaj\u0105ce przewijanie, uk\u0142ady stopki, nag\u0142\u00f3wka i wszelkie warianty mo\u017cliwo\u015bci pionowych pask\u00f3w bocznych i menu witryny.<\/p>\n    <\/div>\r\n\t\t\t\t\t<\/div>\r\n\t\t\t\t<\/div>\n    <div class=\"faq-item\">\r\n\t\t\t\t\t<div class=\"faq-item-question\">\r\n\t\t\t\t\t\t<h3 class=\"faq-item-question-text\">Czy mog\u0119 utworzy\u0107 przycisk PayPal subskrypcji lub darowizny za pomoc\u0105 edytora?<\/h3>\r\n\r\n\t\t\t\t\t\t<div class=\"faq-item-question-icon\"><\/div>\r\n\t\t\t\t\t<\/div>\r\n\r\n\t\t\t\t\t<div class=\"faq-item-answer\">\r\n\t\t\t\t\t\t<div class=\"faq-item-answer-text\">\n    <p>Mo\u017cesz dowolnie modyfikowa\u0107 dowolne zmiany wid\u017cetu. W edytorze dost\u0119pnych jest wiele uk\u0142ad\u00f3w, a ka\u017cdy z nich mo\u017cna \u0142atwo dostosowa\u0107 do w\u0142asnych potrzeb.<\/p>\n    <\/div>\r\n\t\t\t\t\t<\/div>\r\n\t\t\t\t<\/div>\n<\/div>","protected":false},"excerpt":{"rendered":"","protected":false},"author":9,"featured_media":0,"parent":2597,"menu_order":0,"comment_status":"closed","ping_status":"closed","template":"templates\/template-application-platform.php","meta":{"publish_to_discourse":"","publish_post_category":"","wpdc_auto_publish_overridden":"","wpdc_topic_tags":"","wpdc_pin_topic":"","wpdc_pin_until":"","discourse_post_id":"","discourse_permalink":"","wpdc_publishing_response":"","wpdc_publishing_error":"","footnotes":""},"class_list":["post-5768","page","type-page","status-publish","hentry"],"yoast_head":"<!-- This site is optimized with the Yoast SEO plugin v25.3.1 - https:\/\/yoast.com\/wordpress\/plugins\/seo\/ -->\n<title>Przycisk PayPal \u2014 dodaj aplikacj\u0119 PayPal do witryny Shopify (2025)<\/title>\n<meta name=\"description\" content=\"Zintegruj nasz przycisk PayPal ze stron\u0105 Shopify ju\u017c teraz! Wygeneruj indywidualnie zaprojektowan\u0105 aplikacj\u0119 p\u0142atnicz\u0105 dla swojej witryny tylko w kilka minut!\" \/>\n<meta name=\"robots\" content=\"index, follow, max-snippet:-1, max-image-preview:large, max-video-preview:-1\" \/>\n<link rel=\"canonical\" href=\"https:\/\/elfsight.com\/pl\/paypal-button-widget-generator\/shopify\/\" \/>\n<meta property=\"og:locale\" content=\"pl_PL\" \/>\n<meta property=\"og:type\" content=\"article\" \/>\n<meta property=\"og:title\" content=\"Przycisk PayPal \u2014 dodaj aplikacj\u0119 PayPal do witryny Shopify (2025)\" \/>\n<meta property=\"og:description\" content=\"Zintegruj nasz przycisk PayPal ze stron\u0105 Shopify ju\u017c teraz! Wygeneruj indywidualnie zaprojektowan\u0105 aplikacj\u0119 p\u0142atnicz\u0105 dla swojej witryny tylko w kilka minut!\" \/>\n<meta property=\"og:url\" content=\"https:\/\/elfsight.com\/pl\/paypal-button-widget-generator\/shopify\/\" \/>\n<meta property=\"og:site_name\" content=\"Elfsight PL\" \/>\n<meta property=\"article:modified_time\" content=\"2025-06-25T16:13:19+00:00\" \/>\n<meta name=\"twitter:card\" content=\"summary_large_image\" \/>\n<meta name=\"twitter:label1\" content=\"Szacowany czas czytania\" \/>\n\t<meta name=\"twitter:data1\" content=\"4 minuty\" \/>\n<!-- \/ Yoast SEO plugin. -->","yoast_head_json":{"title":"Przycisk PayPal \u2014 dodaj aplikacj\u0119 PayPal do witryny Shopify (2025)","description":"Zintegruj nasz przycisk PayPal ze stron\u0105 Shopify ju\u017c teraz! Wygeneruj indywidualnie zaprojektowan\u0105 aplikacj\u0119 p\u0142atnicz\u0105 dla swojej witryny tylko w kilka minut!","robots":{"index":"index","follow":"follow","max-snippet":"max-snippet:-1","max-image-preview":"max-image-preview:large","max-video-preview":"max-video-preview:-1"},"canonical":"https:\/\/elfsight.com\/pl\/paypal-button-widget-generator\/shopify\/","og_locale":"pl_PL","og_type":"article","og_title":"Przycisk PayPal \u2014 dodaj aplikacj\u0119 PayPal do witryny Shopify (2025)","og_description":"Zintegruj nasz przycisk PayPal ze stron\u0105 Shopify ju\u017c teraz! Wygeneruj indywidualnie zaprojektowan\u0105 aplikacj\u0119 p\u0142atnicz\u0105 dla swojej witryny tylko w kilka minut!","og_url":"https:\/\/elfsight.com\/pl\/paypal-button-widget-generator\/shopify\/","og_site_name":"Elfsight PL","article_modified_time":"2025-06-25T16:13:19+00:00","twitter_card":"summary_large_image","twitter_misc":{"Szacowany czas czytania":"4 minuty"},"schema":{"@context":"https:\/\/schema.org","@graph":[{"@type":"WebPage","@id":"https:\/\/elfsight.com\/pl\/paypal-button-widget-generator\/shopify\/","url":"https:\/\/elfsight.com\/pl\/paypal-button-widget-generator\/shopify\/","name":"Przycisk PayPal \u2014 dodaj aplikacj\u0119 PayPal do witryny Shopify (2025)","isPartOf":{"@id":"https:\/\/elfsight.com\/pl\/#website"},"datePublished":"1970-01-01T00:00:00+00:00","dateModified":"2025-06-25T16:13:19+00:00","description":"Zintegruj nasz przycisk PayPal ze stron\u0105 Shopify ju\u017c teraz! Wygeneruj indywidualnie zaprojektowan\u0105 aplikacj\u0119 p\u0142atnicz\u0105 dla swojej witryny tylko w kilka minut!","breadcrumb":{"@id":"https:\/\/elfsight.com\/pl\/paypal-button-widget-generator\/shopify\/#breadcrumb"},"inLanguage":"pl-PL","potentialAction":[{"@type":"ReadAction","target":["https:\/\/elfsight.com\/pl\/paypal-button-widget-generator\/shopify\/"]}]},{"@type":"BreadcrumbList","@id":"https:\/\/elfsight.com\/pl\/paypal-button-widget-generator\/shopify\/#breadcrumb","itemListElement":[{"@type":"ListItem","position":1,"name":"Home","item":"https:\/\/elfsight.com\/pl\/"},{"@type":"ListItem","position":2,"name":"PayPal Button","item":"https:\/\/elfsight.com\/pl\/paypal-button-widget-generator\/"},{"@type":"ListItem","position":3,"name":"PayPal Button &#8211; Shopify"}]},{"@type":"WebSite","@id":"https:\/\/elfsight.com\/pl\/#website","url":"https:\/\/elfsight.com\/pl\/","name":"Elfsight PL","description":"Just another Elfsight Sites site","potentialAction":[{"@type":"SearchAction","target":{"@type":"EntryPoint","urlTemplate":"https:\/\/elfsight.com\/pl\/?s={search_term_string}"},"query-input":{"@type":"PropertyValueSpecification","valueRequired":true,"valueName":"search_term_string"}}],"inLanguage":"pl-PL"}]}},"meta_box":{"industry":"","seo_heading":"","heading":"","description":"","cta_heading":"","cta_description":"","application":"3353","h1":"Aplikacja Shopify PayPal Button","h1_caption":"Dodaj przycisk PayPal do swojej witryny, aby bez wysi\u0142ku dokonywa\u0107 szybkich i \u0142atwych p\u0142atno\u015bci bezpo\u015brednio przez PayPal w swojej witrynie Shopify.","application_category":[],"applications_title":"","applications_request_title":"","applications_request_button_text":"","hero_text":"","hero_video":"","hero_video_schema_markup":"","selling_points_title":"","selling_points_caption":"","selling_points":[],"selling_points_cta_text":"","features_title":"","features":"","ed_cta_examples_text":"","ed_cta_examples_hidden":"","ed_cta_demo_text":"","ed_cta_demo_hidden":"","why_caption":"","why_editor_title":"","why_editor_text":"","why_team_title":"","why_team_text":"","why_service_title":"","why_service_text":"","template_catalog_visible":"0","template_catalog_title":"","template_catalog_text":"","template_catalog_categories_visible":"","demo_title":"Utw\u00f3rz aplikacj\u0119 przycisku PayPal","demo_caption":"Skonfiguruj sw\u00f3j przycisk PayPal i dodaj go za darmo do swojej witryny Shopify!","default_faq_hidden":"","app_template_category":[],"platform":"7580","template_public_id":"","codecanyon_url":"","codecanyon_item_id":"","codecanyon_price":"","pricing_caption":"","pricing_elfsight_apps_hide_column":"","pricing_elfsight_apps_url":"","pricing_codecanyon_price_caption":"","integration_category":[],"integration_request_title":"","integration_request_cta":"","integration_platform":"","integrations":[],"platform_category":[],"video_schema_markup":"","price":"od 0 USD \/ miesi\u0105c","trial":"","benefits":[{"text":"Bezp\u0142atna us\u0142uga monta\u017cu"},{"text":"Wsparcie premium"},{"text":"14-dniowa gwarancja zwrotu pieni\u0119dzy"}],"button_url":"#demo","button_target_blank":"0","button_nofollow":"0","attributes":[{"name":"Instaluje"},{"name":"Czu\u0142y"},{"name":"Kompatybilne przegl\u0105darki"}],"tags":[],"tags_disable_links":"0","hide_more_platforms":"0","video_object":"","demo_hide_cta":"0","demo_hide_cloud_options":"0","pricing_title":"","pricing":[{"pricing_icon":"platform","pricing_title":"Elfsight Apps","pricing_title_caption":"Wersja wieloplatformowa, kt\u00f3ra dzia\u0142a na ka\u017cdej stronie internetowej","pricing_price":"od 0 USD \/ miesi\u0105c","pricing_price_caption":"zacznij od bezp\u0142atnego planu","pricing_benefits":[{"text":"Nielimitowane strony internetowe"},{"text":"Wsparcie premium"},{"text":"Bezp\u0142atna us\u0142uga monta\u017cu"},{"text":"Oferta specjalna na wiele aplikacji"}],"pricing_button_text":"Dodaj do witryny","pricing_button_url":"#demo"}],"related_apps_title":"","related_apps_hidden":"0","author":"","image":[],"title":"","job":"","social_networks":[]},"_links":{"self":[{"href":"https:\/\/elfsight.com\/pl\/wp-json\/wp\/v2\/pages\/5768","targetHints":{"allow":["GET"]}}],"collection":[{"href":"https:\/\/elfsight.com\/pl\/wp-json\/wp\/v2\/pages"}],"about":[{"href":"https:\/\/elfsight.com\/pl\/wp-json\/wp\/v2\/types\/page"}],"author":[{"embeddable":true,"href":"https:\/\/elfsight.com\/pl\/wp-json\/wp\/v2\/users\/9"}],"replies":[{"embeddable":true,"href":"https:\/\/elfsight.com\/pl\/wp-json\/wp\/v2\/comments?post=5768"}],"version-history":[{"count":3,"href":"https:\/\/elfsight.com\/pl\/wp-json\/wp\/v2\/pages\/5768\/revisions"}],"predecessor-version":[{"id":10517,"href":"https:\/\/elfsight.com\/pl\/wp-json\/wp\/v2\/pages\/5768\/revisions\/10517"}],"up":[{"embeddable":true,"href":"https:\/\/elfsight.com\/pl\/wp-json\/wp\/v2\/pages\/2597"}],"wp:attachment":[{"href":"https:\/\/elfsight.com\/pl\/wp-json\/wp\/v2\/media?parent=5768"}],"curies":[{"name":"wp","href":"https:\/\/api.w.org\/{rel}","templated":true}]}}