{"id":5767,"date":"2024-05-03T06:41:50","date_gmt":"2024-05-03T06:41:50","guid":{"rendered":"https:\/\/elfsight.com\/pl\/?page_id=5767"},"modified":"2024-11-14T12:44:34","modified_gmt":"2024-11-14T12:44:34","slug":"squarespace","status":"publish","type":"page","link":"https:\/\/elfsight.com\/pl\/paypal-button-widget-generator\/squarespace\/","title":{"rendered":"PayPal Button &#8211; Squarespace"},"content":{"rendered":"<div class=\"application-platform-content-item-description application-platform-content-item\" id=\"description\" data-nav-section=\"description\"><h2>Umie\u015b\u0107 przycisk PayPal w Squarespace za pomoc\u0105 wid\u017cetu Elfsight<\/h2><p>Wprowad\u017a niezawodny i por\u0119czny instrument p\u0142atniczy bez wi\u0119kszego wysi\u0142ku. Korzystaj\u0105c z przycisku Elfsight dla systemu PayPal, mo\u017cesz akceptowa\u0107 p\u0142atno\u015bci, okresowe subskrypcje i darowizny od swoich odbiorc\u00f3w. Stw\u00f3rz sw\u00f3j w\u0142asny spersonalizowany przycisk, wybieraj\u0105c form\u0119 p\u0142atno\u015bci, walut\u0119, lokalizacj\u0119 i dostosowuj\u0105c wygl\u0105d, aby by\u0142 naprawd\u0119 wyj\u0105tkowy. Twoi odbiorcy doceni\u0105 szybk\u0105 i bezproblemow\u0105 procedur\u0119 p\u0142atno\u015bci w Twojej witrynie za pomoc\u0105 przycisku PayPal.<\/p><p><b>Zorganizuj p\u0142atno\u015bci PayPal w swojej witrynie bez wysi\u0142ku!<\/b><\/p><p><b>\u0141atwy spos\u00f3b metoda p\u0142atno\u015bci w Twojej witrynie bez kodowania w mgnieniu oka.<\/b>.<br>Dla silnej firmy zapewnienie swoim klientom bezpiecznych p\u0142atno\u015bci online jest konieczno\u015bci\u0105. Wy\u015bwietl przycisk Elfsight PayPal na swojej stronie, a zrobisz to bez wysi\u0142ku i w mgnieniu oka.<\/p><p><b>Jedno rozwi\u0105zanie do przetwarzania p\u0142atno\u015bci, subskrypcji i darowizn<\/b>.<br> Pozw\u00f3l swoim odbiorcom sprawdzi\u0107, subskrybowa\u0107 Twoje us\u0142ugi i przekaza\u0107 darowizn\u0119. Wszystko to jest dost\u0119pne w uniwersalnym instrumencie firmy Elfsight, kt\u00f3ry pomaga zaoszcz\u0119dzi\u0107 wysi\u0142ek i czas.<\/p><p><b>Jedno z najbardziej zaufanych i popularnych narz\u0119dzi p\u0142atniczych w Twojej witrynie<\/b>.<br>Oferuj to, co najlepsze p\u0142ac\u0105c komfort swoim klientom, aby uzyska\u0107 wi\u0119ksz\u0105 sprzeda\u017c. Pozw\u00f3l klientom dokonywa\u0107 p\u0142atno\u015bci za pomoc\u0105 znanego i bezpiecznego instrumentu w Twojej witrynie i poka\u017c im, \u017ce Twoja firma cieszy si\u0119 dobr\u0105 reputacj\u0105.<\/p><\/div><div class=\"application-platform-content-item-features application-platform-content-item\" id=\"features\" data-nav-section=\"features\"><h2>G\u0142\u00f3wne funkcje wid\u017cetu Przycisk PayPal <\/h2><p>Co sprawia, \u017ce \u200b\u200bnasz widget jest najlepszy? Sprawd\u017a, jakie funkcje oferuje:<\/p><ul><li>Trzy typy przycisk\u00f3w: p\u0142atno\u015b\u0107 jednorazowa, subskrypcja, darowizna;<\/li><li>Opcja powtarzaj\u0105cej si\u0119 subskrypcji;<\/li><li>Mo\u017cesz zmieni\u0107 rozmiar przycisku za pomoc\u0105 por\u0119cznego suwaka;<\/li><li>Kolor logo PayPal: oryginalny lub bia\u0142y;<\/li><li>Cztery prze\u0142\u0105czalne ikony system\u00f3w p\u0142atno\u015bci dla wi\u0119kszego zaufania i bezpiecze\u0144stwa klient\u00f3w.<\/li><\/ul> <p>Zapoznaj si\u0119 z pe\u0142nym zestawem funkcji edytora!<\/p><\/div><div class=\"application-platform-content-item-installation application-platform-content-item\" id=\"installation\" data-nav-section=\"installation\"><h2>Jak doda\u0107 przycisk PayPal do witryny Squarespace<\/h2><div class=\"video-container\"><iframe width=\"720\" height=\"405\" src=\"https:\/\/www.youtube.com\/embed\/XFxjPoTgNok\" frameborder=\"0\" allowfullscreen=\"\"><\/iframe><\/div><p>Pe\u0142ny czas wdro\u017cenia to tylko 90 sekund, a dodatkowo nie b\u0119dziesz potrzebowa\u0107 wiedzy z zakresu programowania.<\/p><ol><li><b>Zbuduj swoj\u0105 unikaln\u0105 wtyczk\u0119 PayPal.<\/b><br>Korzystaj\u0105c z naszego bezp\u0142atnego demo, utw\u00f3rz wtyczk\u0119 z wybranymi funkcjami p\u0142atno\u015bci (przeka\u017c darowizn\u0119, subskrypcj\u0119 lub p\u0142atno\u015b\u0107). Dostosuj interfejs wid\u017cetu.<\/li><li><b>Skopiuj kod do konfiguracji wtyczki.<\/b><br>Po skonfigurowaniu wid\u017cetu pobierz kod wtyczki PayPal z wyskakuj\u0105cego okna aplikacji Elfsight .<\/li><li><b>Opublikuj wtyczk\u0119 na swojej witrynie SquareSpace.<\/b><br>Umie\u015b\u0107 wtyczk\u0119 w wymaganym obszarze strony i opublikuj zmiany.<\/li><li><b>Konfiguracja zosta\u0142a zako\u0144czona.<\/b><br>Odwied\u017a swoj\u0105 witryn\u0119, aby sprawdzi\u0107 swoj\u0105 prac\u0119.<\/li><\/ol><p>Dodawanie lub dostosowywanie wtyczki na stronie internetowej jest dla Ciebie trudne? Zostaw wiadomo\u015b\u0107 naszemu zespo\u0142owi pomocy technicznej.<\/p><\/div><div class=\"faq\" data-component=\"FAQ\"><div class=\"faq-item\">\r\n\t\t\t\t\t<div class=\"faq-item-question\">\r\n\t\t\t\t\t\t<h3 class=\"faq-item-question-text\">Jak mog\u0119 osadzi\u0107 przycisk PayPal w mojej witrynie Squarespace? <\/h3>\r\n\r\n\t\t\t\t\t\t<div class=\"faq-item-question-icon\"><\/div>\r\n\t\t\t\t\t<\/div>\r\n\r\n\t\t\t\t\t<div class=\"faq-item-answer\">\r\n\t\t\t\t\t\t<div class=\"faq-item-answer-text\"><p>Tworzenie widgetu odbywa si\u0119 na stronach Elfsight i nie musisz uczy\u0107 si\u0119 kodowania. Otw\u00f3rz aktywn\u0105 wersj\u0119 demonstracyjn\u0105, aby utworzy\u0107 aplikacj\u0119, pobierz kod i umie\u015b\u0107 go na swojej stronie internetowej. <\/p><\/div>\r\n\t\t\t\t\t<\/div>\r\n\t\t\t\t<\/div><div class=\"faq-item\">\r\n\t\t\t\t\t<div class=\"faq-item-question\">\r\n\t\t\t\t\t\t<h3 class=\"faq-item-question-text\">Najlepsze przyk\u0142ady wykorzystania integracji z Paypal<\/h3>\r\n\r\n\t\t\t\t\t\t<div class=\"faq-item-question-icon\"><\/div>\r\n\t\t\t\t\t<\/div>\r\n\r\n\t\t\t\t\t<div class=\"faq-item-answer\">\r\n\t\t\t\t\t\t<div class=\"faq-item-answer-text\"><p>Oferujemy mn\u00f3stwo mo\u017cliwo\u015bci dostosowania: pe\u0142nowymiarowe wid\u017cety do wdro\u017cenia w obszarze tre\u015bci, p\u0142ywaj\u0105ce wtyczki z mo\u017cliwo\u015bci\u0105 przewijania, miniatury stopki, sekcji nag\u0142\u00f3wka i wszelkiego rodzaju mo\u017cliwo\u015bci pionowe dla pask\u00f3w bocznych i menu witryny. <\/p><\/div>\r\n\t\t\t\t\t<\/div>\r\n\t\t\t\t<\/div><div class=\"faq-item\">\r\n\t\t\t\t\t<div class=\"faq-item-question\">\r\n\t\t\t\t\t\t<h3 class=\"faq-item-question-text\">Czy za po\u015brednictwem redaktora mog\u0119 utworzy\u0107 przycisk subskrypcji lub darowizny w systemie PayPal? <\/h3>\r\n\r\n\t\t\t\t\t\t<div class=\"faq-item-question-icon\"><\/div>\r\n\t\t\t\t\t<\/div>\r\n\r\n\t\t\t\t\t<div class=\"faq-item-answer\">\r\n\t\t\t\t\t\t<div class=\"faq-item-answer-text\"><p>Mo\u017cesz kszta\u0142towa\u0107 modyfikacje dowolnego wid\u017cetu. W edytorze masz do dyspozycji ca\u0142\u0105 mas\u0119 uk\u0142ad\u00f3w, a ka\u017cdy z nich mo\u017cna \u0142atwo spersonalizowa\u0107 wed\u0142ug w\u0142asnych upodoba\u0144. <\/p><\/div>\r\n\t\t\t\t\t<\/div>\r\n\t\t\t\t<\/div><\/div>","protected":false},"excerpt":{"rendered":"","protected":false},"author":9,"featured_media":0,"parent":2597,"menu_order":0,"comment_status":"closed","ping_status":"closed","template":"templates\/template-application-platform.php","meta":{"publish_to_discourse":"","publish_post_category":"","wpdc_auto_publish_overridden":"","wpdc_topic_tags":"","wpdc_pin_topic":"","wpdc_pin_until":"","discourse_post_id":"","discourse_permalink":"","wpdc_publishing_response":"","wpdc_publishing_error":"","footnotes":""},"class_list":["post-5767","page","type-page","status-publish","hentry"],"yoast_head":"<!-- This site is optimized with the Yoast SEO plugin v25.3.1 - https:\/\/yoast.com\/wordpress\/plugins\/seo\/ -->\n<title>Przycisk PayPal - dodaj wtyczk\u0119 PayPal do witryny Squarespace (2025)<\/title>\n<meta name=\"description\" content=\"Uzyskaj dostosowan\u0105 wtyczk\u0119 e-commerce PayPal Button (darowizny, p\u0142atno\u015bci lub subskrypcj\u0119) do integracji z Squarespace i dodaj do witryny tylko w 2 minuty.\" \/>\n<meta name=\"robots\" content=\"index, follow, max-snippet:-1, max-image-preview:large, max-video-preview:-1\" \/>\n<link rel=\"canonical\" href=\"https:\/\/elfsight.com\/pl\/paypal-button-widget-generator\/squarespace\/\" \/>\n<meta property=\"og:locale\" content=\"pl_PL\" \/>\n<meta property=\"og:type\" content=\"article\" \/>\n<meta property=\"og:title\" content=\"Przycisk PayPal - dodaj wtyczk\u0119 PayPal do witryny Squarespace (2025)\" \/>\n<meta property=\"og:description\" content=\"Uzyskaj dostosowan\u0105 wtyczk\u0119 e-commerce PayPal Button (darowizny, p\u0142atno\u015bci lub subskrypcj\u0119) do integracji z Squarespace i dodaj do witryny tylko w 2 minuty.\" \/>\n<meta property=\"og:url\" content=\"https:\/\/elfsight.com\/pl\/paypal-button-widget-generator\/squarespace\/\" \/>\n<meta property=\"og:site_name\" content=\"Elfsight PL\" \/>\n<meta property=\"article:modified_time\" content=\"2024-11-14T12:44:34+00:00\" \/>\n<meta name=\"twitter:card\" content=\"summary_large_image\" \/>\n<meta name=\"twitter:label1\" content=\"Szacowany czas czytania\" \/>\n\t<meta name=\"twitter:data1\" content=\"3 minuty\" \/>\n<!-- \/ Yoast SEO plugin. -->","yoast_head_json":{"title":"Przycisk PayPal - dodaj wtyczk\u0119 PayPal do witryny Squarespace (2025)","description":"Uzyskaj dostosowan\u0105 wtyczk\u0119 e-commerce PayPal Button (darowizny, p\u0142atno\u015bci lub subskrypcj\u0119) do integracji z Squarespace i dodaj do witryny tylko w 2 minuty.","robots":{"index":"index","follow":"follow","max-snippet":"max-snippet:-1","max-image-preview":"max-image-preview:large","max-video-preview":"max-video-preview:-1"},"canonical":"https:\/\/elfsight.com\/pl\/paypal-button-widget-generator\/squarespace\/","og_locale":"pl_PL","og_type":"article","og_title":"Przycisk PayPal - dodaj wtyczk\u0119 PayPal do witryny Squarespace (2025)","og_description":"Uzyskaj dostosowan\u0105 wtyczk\u0119 e-commerce PayPal Button (darowizny, p\u0142atno\u015bci lub subskrypcj\u0119) do integracji z Squarespace i dodaj do witryny tylko w 2 minuty.","og_url":"https:\/\/elfsight.com\/pl\/paypal-button-widget-generator\/squarespace\/","og_site_name":"Elfsight PL","article_modified_time":"2024-11-14T12:44:34+00:00","twitter_card":"summary_large_image","twitter_misc":{"Szacowany czas czytania":"3 minuty"},"schema":{"@context":"https:\/\/schema.org","@graph":[{"@type":"WebPage","@id":"https:\/\/elfsight.com\/pl\/paypal-button-widget-generator\/squarespace\/","url":"https:\/\/elfsight.com\/pl\/paypal-button-widget-generator\/squarespace\/","name":"Przycisk PayPal - dodaj wtyczk\u0119 PayPal do witryny Squarespace (2025)","isPartOf":{"@id":"https:\/\/elfsight.com\/pl\/#website"},"datePublished":"2024-05-03T06:41:50+00:00","dateModified":"2024-11-14T12:44:34+00:00","description":"Uzyskaj dostosowan\u0105 wtyczk\u0119 e-commerce PayPal Button (darowizny, p\u0142atno\u015bci lub subskrypcj\u0119) do integracji z Squarespace i dodaj do witryny tylko w 2 minuty.","breadcrumb":{"@id":"https:\/\/elfsight.com\/pl\/paypal-button-widget-generator\/squarespace\/#breadcrumb"},"inLanguage":"pl-PL","potentialAction":[{"@type":"ReadAction","target":["https:\/\/elfsight.com\/pl\/paypal-button-widget-generator\/squarespace\/"]}]},{"@type":"BreadcrumbList","@id":"https:\/\/elfsight.com\/pl\/paypal-button-widget-generator\/squarespace\/#breadcrumb","itemListElement":[{"@type":"ListItem","position":1,"name":"Home","item":"https:\/\/elfsight.com\/pl\/"},{"@type":"ListItem","position":2,"name":"PayPal Button","item":"https:\/\/elfsight.com\/pl\/paypal-button-widget-generator\/"},{"@type":"ListItem","position":3,"name":"PayPal Button &#8211; Squarespace"}]},{"@type":"WebSite","@id":"https:\/\/elfsight.com\/pl\/#website","url":"https:\/\/elfsight.com\/pl\/","name":"Elfsight PL","description":"Just another Elfsight Sites site","potentialAction":[{"@type":"SearchAction","target":{"@type":"EntryPoint","urlTemplate":"https:\/\/elfsight.com\/pl\/?s={search_term_string}"},"query-input":{"@type":"PropertyValueSpecification","valueRequired":true,"valueName":"search_term_string"}}],"inLanguage":"pl-PL"}]}},"meta_box":{"industry":"","seo_heading":"","heading":"","description":"","cta_heading":"","cta_description":"","application":"3353","h1":"Wtyczka przycisku Squarespace PayPal","h1_caption":"Dodaj przycisk PayPal do swojej witryny, aby bez wysi\u0142ku dokonywa\u0107 szybkich i \u0142atwych p\u0142atno\u015bci bezpo\u015brednio przez PayPal na swojej stronie Squarespace.","application_category":[],"applications_title":"","applications_request_title":"","applications_request_button_text":"","hero_text":"","hero_video":"","hero_video_schema_markup":"","selling_points_title":"","selling_points_caption":"","selling_points":[],"selling_points_cta_text":"","features_title":"","features":"","ed_cta_examples_text":"","ed_cta_examples_hidden":"","ed_cta_demo_text":"","ed_cta_demo_hidden":"","why_caption":"","why_editor_title":"","why_editor_text":"","why_team_title":"","why_team_text":"","why_service_title":"","why_service_text":"","template_catalog_visible":"","template_catalog_title":"","template_catalog_text":"","template_catalog_categories_visible":"","demo_title":"Utw\u00f3rz wtyczk\u0119 przycisku PayPal","demo_caption":"Skonfiguruj sw\u00f3j przycisk PayPal i dodaj go do swojej witryny Squarespace za darmo!","default_faq_hidden":"","app_template_category":[],"platform":"121","template_public_id":"","codecanyon_url":"","codecanyon_item_id":"","codecanyon_price":"","pricing_caption":"","pricing_elfsight_apps_hide_column":"","pricing_elfsight_apps_url":"","pricing_codecanyon_price_caption":"","integration_category":[],"integration_request_title":"","integration_request_cta":"","integration_platform":"","integrations":[],"platform_category":[],"video_schema_markup":"","price":"od 0 USD \/ miesi\u0105c","trial":"","benefits":[{"text":"Bezp\u0142atna pomoc w monta\u017cu"},{"text":"Skuteczna obs\u0142uga klienta"},{"text":"14-dniowa gwarancja zwrotu pieni\u0119dzy"}],"button_url":"#demo","button_target_blank":"","button_nofollow":"","attributes":[{"name":"Instaluje"},{"name":"Czu\u0142y"},{"name":"Kompatybilne przegl\u0105darki"}],"tags":[],"tags_disable_links":"","hide_more_platforms":"","video_object":"","demo_hide_cta":"","demo_hide_cloud_options":"","pricing_title":"","pricing":[{"pricing_icon":"platform","pricing_title":"Elfsight Apps","pricing_title_caption":"Oprogramowanie niezale\u017cne od platformy, kt\u00f3re pasuje do ka\u017cdej witryny","pricing_price":"od 0 USD \/ miesi\u0105c","pricing_price_caption":"zacznij od bezp\u0142atnego planu","pricing_benefits":[{"text":"Nielimitowane strony internetowe"},{"text":"Dedykowana obs\u0142uga klienta"},{"text":"Bezp\u0142atna pomoc w instalacji"},{"text":"W pe\u0142ni konfigurowalny"}],"pricing_button_text":"Dodaj do witryny","pricing_button_url":"#demo"}],"related_apps_title":"","related_apps_hidden":"","author":"","image":[],"title":"","job":"","social_networks":[]},"_links":{"self":[{"href":"https:\/\/elfsight.com\/pl\/wp-json\/wp\/v2\/pages\/5767","targetHints":{"allow":["GET"]}}],"collection":[{"href":"https:\/\/elfsight.com\/pl\/wp-json\/wp\/v2\/pages"}],"about":[{"href":"https:\/\/elfsight.com\/pl\/wp-json\/wp\/v2\/types\/page"}],"author":[{"embeddable":true,"href":"https:\/\/elfsight.com\/pl\/wp-json\/wp\/v2\/users\/9"}],"replies":[{"embeddable":true,"href":"https:\/\/elfsight.com\/pl\/wp-json\/wp\/v2\/comments?post=5767"}],"version-history":[{"count":2,"href":"https:\/\/elfsight.com\/pl\/wp-json\/wp\/v2\/pages\/5767\/revisions"}],"predecessor-version":[{"id":7884,"href":"https:\/\/elfsight.com\/pl\/wp-json\/wp\/v2\/pages\/5767\/revisions\/7884"}],"up":[{"embeddable":true,"href":"https:\/\/elfsight.com\/pl\/wp-json\/wp\/v2\/pages\/2597"}],"wp:attachment":[{"href":"https:\/\/elfsight.com\/pl\/wp-json\/wp\/v2\/media?parent=5767"}],"curies":[{"name":"wp","href":"https:\/\/api.w.org\/{rel}","templated":true}]}}