{"id":5766,"date":"1970-01-01T00:00:00","date_gmt":"1970-01-01T00:00:00","guid":{"rendered":"https:\/\/elfsight.com\/pl\/?page_id=5766"},"modified":"2024-11-14T12:44:34","modified_gmt":"2024-11-14T12:44:34","slug":"webflow","status":"publish","type":"page","link":"https:\/\/elfsight.com\/pl\/paypal-button-widget-generator\/webflow\/","title":{"rendered":"PayPal Button &#8211; Webflow"},"content":{"rendered":"<div class=\"application-platform-content-item-description application-platform-content-item\" id=\"description\" data-nav-section=\"description\"><h2>Umie\u015b\u0107 przycisk PayPal w Webflow za pomoc\u0105 wid\u017cetu Elfsight<\/h2><p>Przycisk PayPal Elfsight to prosty spos\u00f3b na umo\u017cliwienie klientom dokonywania p\u0142atno\u015bci za pomoc\u0105 systemu PayPal na swojej stronie internetowej. Umo\u017cliwia osadzanie przycisk\u00f3w p\u0142atno\u015bci, automatycznych subskrypcji i darowizn. Mo\u017cesz doda\u0107 podatek i cen\u0119 wysy\u0142ki, ustawi\u0107 lokalizacj\u0119 i walut\u0119, doda\u0107 tekst i wiele wi\u0119cej funkcji. Zdob\u0105d\u017a przejrzyste i bezpieczne narz\u0119dzie p\u0142atnicze dla swoich klient\u00f3w za pomoc\u0105 jednego z najbardziej zaufanych instrument\u00f3w p\u0142atniczych.<\/p><p><b>Z \u0142atwo\u015bci\u0105 umie\u015b\u0107 przycisk PayPal na swojej stronie! <\/b><\/p><p><b>Por\u0119czne narz\u0119dzie do p\u0142atno\u015bci w Twojej witrynie, kt\u00f3re nie wymaga kodowania w mgnieniu oka<\/b>.<br>Dla skutecznej firmy konieczno\u015bci\u0105 jest oferowanie u\u017cytkownikom bezpiecznych p\u0142atno\u015bci online. Umie\u015b\u0107 przycisk PayPal Elfsight na swojej stronie, a \u0142atwo i szybko wykona to zadanie.<\/p><p><b>Uniwersalne rozwi\u0105zanie do pracy z p\u0142atno\u015bciami, subskrypcjami i darowiznami<\/b>.<br>Niech Twoi klienci dokonuj\u0105 p\u0142atno\u015bci, subskrybuj\u0105 i przekazuj\u0105 darowizny. Wszystko to jest dost\u0119pne w wielofunkcyjnym rozwi\u0105zaniu firmy Elfsight, kt\u00f3re pomaga zaoszcz\u0119dzi\u0107 wysi\u0142ek i czas.<\/p><p><b>Jeden z najbezpieczniejszych i najpopularniejszych instrument\u00f3w p\u0142atniczych w Twojej witrynie<\/b>.<br>Zr\u00f3b sw\u00f3j witryna naprawd\u0119 wygodna dla kupuj\u0105cych, aby przyci\u0105gn\u0105\u0107 wi\u0119ksz\u0105 sprzeda\u017c. Pozw\u00f3l klientom p\u0142aci\u0107 za po\u015brednictwem zaufanego instrumentu w Twojej witrynie i zwi\u0119ksz zaufanie do Twojej firmy.<\/p><\/div><div class=\"application-platform-content-item-features application-platform-content-item\" id=\"features\" data-nav-section=\"features\"><h2>G\u0142\u00f3wne funkcje wid\u017cetu przycisku PayPal<\/h2><p> Zobacz, dlaczego widget Elfsight PayPal jest jednym z najlepszych. Oto jego przydatne funkcje:<\/p><ul><li>Biblioteka wszystkich najpopularniejszych walut;<\/li><li>Mo\u017cliwo\u015b\u0107 ustawienia ceny wysy\u0142ki;<\/li><li>Mo\u017cesz zmieni\u0107 rozmiar przycisku za pomoc\u0105 por\u0119cznego suwaka;<\/li><li>Regulowany tekst przycisku i kolor tekstu;<\/li><li>Poka\u017c lub ukryj ikon\u0119 PayPal.<\/li><\/ul><p>Sprawd\u017a wszystkie zalety w bezp\u0142atnym edytor<\/p><\/div><div class=\"application-platform-content-item-installation application-platform-content-item\" id=\"installation\" data-nav-section=\"installation\"><h2>Jak doda\u0107 wid\u017cet przycisku PayPal do witryny Webflow<\/h2><div class=\"video-container\"><iframe width=\"720\" height=\"405\" src=\"https:\/\/www.youtube.com\/embed\/exMX_-3TOa0\" frameborder=\"0\" allowfullscreen=\"\"><\/iframe><\/div><p>Dodaj wid\u017cet do swoj\u0105 witryn\u0119 internetow\u0105, korzystaj\u0105c z naszego kr\u00f3tkiego przewodnika. Nie wymaga do\u015bwiadczenia w programowaniu ani pomocy zewn\u0119trznego programisty! Ca\u0142kowity czas procesu to 3 minuty.<\/p><ol><li><b>Skonstruuj sw\u00f3j indywidualny przycisk PayPal.<\/b><br>Korzystaj\u0105c z naszej bezp\u0142atnej wersji demonstracyjnej, stw\u00f3rz w\u0142asn\u0105 wtyczk\u0119 z wybranymi typy p\u0142atno\u015bci.<\/li><li><b>Skopiuj kod do instalacji wtyczki.<\/b><br>Po skonfigurowaniu wid\u017cetu pobierz kod wtyczki PayPal z wy\u015bwietlonego okna aplikacji Elfsight.<\/li> <li><b>Dodaj wtyczk\u0119 do witryny Webflow.<\/b><br>Wy\u015bwietl wtyczk\u0119 w wybranym obszarze strony i zastosuj wyniki.<\/li><li><b>Instalacja zosta\u0142a zako\u0144czona. <\/b><br>Przejd\u017a do swojej witryny Webflow i zobacz swoj\u0105 prac\u0119.<\/li><\/ol><p>Napotka\u0142e\u015b jakie\u015b problemy podczas stosowania samouczka lub tworzenia wtyczki? Mo\u017cesz przeczyta\u0107 ca\u0142y poradnik \u00abJak doda\u0107 wtyczk\u0119 PayPal do Webflow\u00bb i spr\u00f3bowa\u0107 ponownie zintegrowa\u0107 j\u0105 samodzielnie lub napisa\u0107 do naszego zespo\u0142u wsparcia. Wy\u015blij szczeg\u00f3\u0142owy opis swojego pytania, a ch\u0119tnie pomo\u017cemy.<\/p><div class=\"faq\" data-component=\"FAQ\"> <div class=\"faq-item\">\r\n\t\t\t\t\t<div class=\"faq-item-question\">\r\n\t\t\t\t\t\t<h3 class=\"faq-item-question-text\">Jak mog\u0119 doda\u0107 przycisk PayPal do mojej witryny Webflow bez umiej\u0119tno\u015bci kodowania?<\/h3>\r\n\r\n\t\t\t\t\t\t<div class=\"faq-item-question-icon\"><\/div>\r\n\t\t\t\t\t<\/div>\r\n\r\n\t\t\t\t\t<div class=\"faq-item-answer\">\r\n\t\t\t\t\t\t<div class=\"faq-item-answer-text\"> <p>Elfsight zapewnia rozwi\u0105zanie SaaS, kt\u00f3re pozwala samodzielnie utworzy\u0107 wid\u017cet przycisku PayPal, przekonaj si\u0119, jak \u0142atwy jest ten proces: Pracuj bezpo\u015brednio w edytorze online, aby utworzy\u0107 wid\u017cet przycisku PayPal, kt\u00f3ry chcesz widzie\u0107 w swojej witrynie Webflow. Wybierz jeden z gotowych szablon\u00f3w i dostosuj ustawienia przycisku PayPal, dodaj tre\u015b\u0107, zmie\u0144 uk\u0142ad i kolory bez umiej\u0119tno\u015bci kodowania. Zapisz przycisk PayPal i skopiuj jego kod instalacyjny, kt\u00f3ry mo\u017cesz po prostu osadzi\u0107 na swojej stronie internetowej Webflow bez konieczno\u015bci zakupu wersji p\u0142atnej. Dzi\u0119ki naszemu intuicyjnemu edytorowi ka\u017cdy u\u017cytkownik Internetu mo\u017ce utworzy\u0107 wid\u017cet przycisku PayPal online i \u0142atwo osadzi\u0107 go na swojej stronie internetowej Webflow. Aby uzyska\u0107 dost\u0119p do us\u0142ugi, nie trzeba p\u0142aci\u0107 ani wprowadza\u0107 danych uwierzytelniaj\u0105cych karty. Je\u015bli na kt\u00f3rymkolwiek etapie napotkasz jakiekolwiek problemy, skontaktuj si\u0119 z naszym zespo\u0142em pomocy technicznej.<\/p> <\/div>\r\n\t\t\t\t\t<\/div>\r\n\t\t\t\t<\/div> <\/div> <\/div>","protected":false},"excerpt":{"rendered":"","protected":false},"author":9,"featured_media":0,"parent":2597,"menu_order":0,"comment_status":"closed","ping_status":"closed","template":"templates\/template-application-platform.php","meta":{"publish_to_discourse":"","publish_post_category":"","wpdc_auto_publish_overridden":"","wpdc_topic_tags":"","wpdc_pin_topic":"","wpdc_pin_until":"","discourse_post_id":"","discourse_permalink":"","wpdc_publishing_response":"","wpdc_publishing_error":"","footnotes":""},"class_list":["post-5766","page","type-page","status-publish","hentry"],"yoast_head":"<!-- This site is optimized with the Yoast SEO plugin v25.3.1 - https:\/\/yoast.com\/wordpress\/plugins\/seo\/ -->\n<title>Przycisk PayPal - Dodaj wid\u017cet PayPal do witryny Webflow (w 2 minuty)<\/title>\n<meta name=\"description\" content=\"Dodaj responsywny przycisk PayPal na swojej stronie internetowej Webflow. Skorzystaj z konstruktora wtyczek Elfsight i skonfiguruj osobisty widget PayPal dla handlu elektronicznego w zaledwie 2 minuty.\" \/>\n<meta name=\"robots\" content=\"index, follow, max-snippet:-1, max-image-preview:large, max-video-preview:-1\" \/>\n<link rel=\"canonical\" href=\"https:\/\/elfsight.com\/pl\/paypal-button-widget-generator\/webflow\/\" \/>\n<meta property=\"og:locale\" content=\"pl_PL\" \/>\n<meta property=\"og:type\" content=\"article\" \/>\n<meta property=\"og:title\" content=\"Przycisk PayPal - Dodaj wid\u017cet PayPal do witryny Webflow (w 2 minuty)\" \/>\n<meta property=\"og:description\" content=\"Dodaj responsywny przycisk PayPal na swojej stronie internetowej Webflow. Skorzystaj z konstruktora wtyczek Elfsight i skonfiguruj osobisty widget PayPal dla handlu elektronicznego w zaledwie 2 minuty.\" \/>\n<meta property=\"og:url\" content=\"https:\/\/elfsight.com\/pl\/paypal-button-widget-generator\/webflow\/\" \/>\n<meta property=\"og:site_name\" content=\"Elfsight PL\" \/>\n<meta property=\"article:modified_time\" content=\"2024-11-14T12:44:34+00:00\" \/>\n<meta name=\"twitter:card\" content=\"summary_large_image\" \/>\n<meta name=\"twitter:label1\" content=\"Szacowany czas czytania\" \/>\n\t<meta name=\"twitter:data1\" content=\"3 minuty\" \/>\n<!-- \/ Yoast SEO plugin. -->","yoast_head_json":{"title":"Przycisk PayPal - Dodaj wid\u017cet PayPal do witryny Webflow (w 2 minuty)","description":"Dodaj responsywny przycisk PayPal na swojej stronie internetowej Webflow. Skorzystaj z konstruktora wtyczek Elfsight i skonfiguruj osobisty widget PayPal dla handlu elektronicznego w zaledwie 2 minuty.","robots":{"index":"index","follow":"follow","max-snippet":"max-snippet:-1","max-image-preview":"max-image-preview:large","max-video-preview":"max-video-preview:-1"},"canonical":"https:\/\/elfsight.com\/pl\/paypal-button-widget-generator\/webflow\/","og_locale":"pl_PL","og_type":"article","og_title":"Przycisk PayPal - Dodaj wid\u017cet PayPal do witryny Webflow (w 2 minuty)","og_description":"Dodaj responsywny przycisk PayPal na swojej stronie internetowej Webflow. Skorzystaj z konstruktora wtyczek Elfsight i skonfiguruj osobisty widget PayPal dla handlu elektronicznego w zaledwie 2 minuty.","og_url":"https:\/\/elfsight.com\/pl\/paypal-button-widget-generator\/webflow\/","og_site_name":"Elfsight PL","article_modified_time":"2024-11-14T12:44:34+00:00","twitter_card":"summary_large_image","twitter_misc":{"Szacowany czas czytania":"3 minuty"},"schema":{"@context":"https:\/\/schema.org","@graph":[{"@type":"WebPage","@id":"https:\/\/elfsight.com\/pl\/paypal-button-widget-generator\/webflow\/","url":"https:\/\/elfsight.com\/pl\/paypal-button-widget-generator\/webflow\/","name":"Przycisk PayPal - Dodaj wid\u017cet PayPal do witryny Webflow (w 2 minuty)","isPartOf":{"@id":"https:\/\/elfsight.com\/pl\/#website"},"datePublished":"1970-01-01T00:00:00+00:00","dateModified":"2024-11-14T12:44:34+00:00","description":"Dodaj responsywny przycisk PayPal na swojej stronie internetowej Webflow. Skorzystaj z konstruktora wtyczek Elfsight i skonfiguruj osobisty widget PayPal dla handlu elektronicznego w zaledwie 2 minuty.","breadcrumb":{"@id":"https:\/\/elfsight.com\/pl\/paypal-button-widget-generator\/webflow\/#breadcrumb"},"inLanguage":"pl-PL","potentialAction":[{"@type":"ReadAction","target":["https:\/\/elfsight.com\/pl\/paypal-button-widget-generator\/webflow\/"]}]},{"@type":"BreadcrumbList","@id":"https:\/\/elfsight.com\/pl\/paypal-button-widget-generator\/webflow\/#breadcrumb","itemListElement":[{"@type":"ListItem","position":1,"name":"Home","item":"https:\/\/elfsight.com\/pl\/"},{"@type":"ListItem","position":2,"name":"PayPal Button","item":"https:\/\/elfsight.com\/pl\/paypal-button-widget-generator\/"},{"@type":"ListItem","position":3,"name":"PayPal Button &#8211; Webflow"}]},{"@type":"WebSite","@id":"https:\/\/elfsight.com\/pl\/#website","url":"https:\/\/elfsight.com\/pl\/","name":"Elfsight PL","description":"Just another Elfsight Sites site","potentialAction":[{"@type":"SearchAction","target":{"@type":"EntryPoint","urlTemplate":"https:\/\/elfsight.com\/pl\/?s={search_term_string}"},"query-input":{"@type":"PropertyValueSpecification","valueRequired":true,"valueName":"search_term_string"}}],"inLanguage":"pl-PL"}]}},"meta_box":{"industry":"","seo_heading":"","heading":"","description":"","cta_heading":"","cta_description":"","application":"3353","h1":"Wid\u017cet przycisku Webflow PayPal","h1_caption":"Dodaj przycisk PayPal do swojej witryny, aby m\u00f3c dokonywa\u0107 szybkich i \u0142atwych p\u0142atno\u015bci bezpo\u015brednio przez PayPal do swojej witryny Webflow.","application_category":[],"applications_title":"","applications_request_title":"","applications_request_button_text":"","hero_text":"","hero_video":"","hero_video_schema_markup":"","selling_points_title":"","selling_points_caption":"","selling_points":[],"selling_points_cta_text":"","features_title":"","features":"","ed_cta_examples_text":"","ed_cta_examples_hidden":"","ed_cta_demo_text":"","ed_cta_demo_hidden":"","why_caption":"","why_editor_title":"","why_editor_text":"","why_team_title":"","why_team_text":"","why_service_title":"","why_service_text":"","template_catalog_visible":"","template_catalog_title":"","template_catalog_text":"","template_catalog_categories_visible":"","demo_title":"Utw\u00f3rz wid\u017cet przycisku PayPal","demo_caption":"Skonfiguruj sw\u00f3j przycisk PayPal i dodaj go za darmo do swojej witryny Webflow!","default_faq_hidden":"","app_template_category":[],"platform":"127","template_public_id":"","codecanyon_url":"","codecanyon_item_id":"","codecanyon_price":"","pricing_caption":"","pricing_elfsight_apps_hide_column":"","pricing_elfsight_apps_url":"","pricing_codecanyon_price_caption":"","integration_category":[],"integration_request_title":"","integration_request_cta":"","integration_platform":"","integrations":[],"platform_category":[],"video_schema_markup":"","price":"od 0 USD \/ miesi\u0105c","trial":"","benefits":[{"text":"Bezp\u0142atna pomoc w monta\u017cu"},{"text":"Wyj\u0105tkowe wsparcie"},{"text":"14-dniowa gwarancja zwrotu pieni\u0119dzy"}],"button_url":"#demo","button_target_blank":"","button_nofollow":"","attributes":[{"name":"Instaluje"},{"name":"Czu\u0142y"},{"name":"Kompatybilne przegl\u0105darki"}],"tags":[],"tags_disable_links":"","hide_more_platforms":"","video_object":"","demo_hide_cta":"","demo_hide_cloud_options":"","pricing_title":"","pricing":[{"pricing_icon":"platform","pricing_title":"Elfsight Apps","pricing_title_caption":"Wersja wieloplatformowa, kt\u00f3ra dzia\u0142a na dowolnej witrynie","pricing_price":"od 0 USD \/ miesi\u0105c","pricing_price_caption":"zacznij od bezp\u0142atnego planu","pricing_benefits":[{"text":"Nieograniczona liczba domen"},{"text":"Najwy\u017csza obs\u0142uga klienta"},{"text":"Bezp\u0142atna pomoc w monta\u017cu"},{"text":"Oferta specjalna na wiele aplikacji"}],"pricing_button_text":"Dodaj do witryny","pricing_button_url":"#demo"}],"related_apps_title":"","related_apps_hidden":"","author":"","image":[],"title":"","job":"","social_networks":[]},"_links":{"self":[{"href":"https:\/\/elfsight.com\/pl\/wp-json\/wp\/v2\/pages\/5766","targetHints":{"allow":["GET"]}}],"collection":[{"href":"https:\/\/elfsight.com\/pl\/wp-json\/wp\/v2\/pages"}],"about":[{"href":"https:\/\/elfsight.com\/pl\/wp-json\/wp\/v2\/types\/page"}],"author":[{"embeddable":true,"href":"https:\/\/elfsight.com\/pl\/wp-json\/wp\/v2\/users\/9"}],"replies":[{"embeddable":true,"href":"https:\/\/elfsight.com\/pl\/wp-json\/wp\/v2\/comments?post=5766"}],"version-history":[{"count":2,"href":"https:\/\/elfsight.com\/pl\/wp-json\/wp\/v2\/pages\/5766\/revisions"}],"predecessor-version":[{"id":7883,"href":"https:\/\/elfsight.com\/pl\/wp-json\/wp\/v2\/pages\/5766\/revisions\/7883"}],"up":[{"embeddable":true,"href":"https:\/\/elfsight.com\/pl\/wp-json\/wp\/v2\/pages\/2597"}],"wp:attachment":[{"href":"https:\/\/elfsight.com\/pl\/wp-json\/wp\/v2\/media?parent=5766"}],"curies":[{"name":"wp","href":"https:\/\/api.w.org\/{rel}","templated":true}]}}