{"id":5765,"date":"1970-01-01T00:00:00","date_gmt":"1970-01-01T00:00:00","guid":{"rendered":"https:\/\/elfsight.com\/pl\/?page_id=5765"},"modified":"2024-11-14T12:44:26","modified_gmt":"2024-11-14T12:44:26","slug":"webnode","status":"publish","type":"page","link":"https:\/\/elfsight.com\/pl\/paypal-button-widget-generator\/webnode\/","title":{"rendered":"PayPal Button &#8211; Webnode"},"content":{"rendered":"<div class=\"application-platform-content-item-description application-platform-content-item\" id=\"description\" data-nav-section=\"description\"><h2>Opis<\/h2><p>Przycisk PayPal Elfsight to prosty spos\u00f3b umo\u017cliwienia kupuj\u0105cym dokonywania p\u0142atno\u015bci za po\u015brednictwem systemu PayPal w Twojej witrynie. Umo\u017cliwia tworzenie przycisk\u00f3w dla p\u0142atno\u015bci jednorazowych, subskrypcji i darowizn. Mo\u017cesz dowolnie zademonstrowa\u0107 cen\u0119 podatku i dostawy, dopasowa\u0107 lokalizacj\u0119 i walut\u0119, wy\u015bwietli\u0107 tekst i jeszcze wi\u0119cej funkcji. Zorganizuj na bie\u017c\u0105co \u0142atw\u0105 i bezpieczn\u0105 procedur\u0119 p\u0142atno\u015bci dla swoich klient\u00f3w, korzystaj\u0105c z jednego z najbardziej niezawodnych system\u00f3w p\u0142atno\u015bci.<\/p><p><b>Wprowad\u017a p\u0142atno\u015bci PayPal na swoj\u0105 stron\u0119 internetow\u0105 maksymalnie \u0142atwo! <\/b><\/p><p><b>\u0141atwa procedura p\u0142atno\u015bci na Twojej stronie, bez kodowania w mgnieniu oka<\/b>.<br>Wszyscy klienci ceni\u0105 sobie mo\u017cliwo\u015b\u0107 wygodnej p\u0142atno\u015bci online. Zdob\u0105d\u017a w\u0142asny przycisk PayPal z Elfsight, a zorganizujesz nieskomplikowan\u0105 i szybk\u0105 metod\u0119 p\u0142atno\u015bci dla swoich u\u017cytkownik\u00f3w. Bez kodowania, bez po\u015bpiechu.<\/p><p><b>Jeden instrument do otrzymywania p\u0142atno\u015bci, subskrypcji i darowizn<\/b>.<br>Pozw\u00f3l swoim u\u017cytkownikom dokonywa\u0107 p\u0142atno\u015bci, subskrybowa\u0107 Twoje us\u0142ugi i przekazywa\u0107 datki na rzecz Twojej firmy . Wszystko to jest dost\u0119pne w wielofunkcyjnym rozwi\u0105zaniu firmy Elfsight, kt\u00f3re pomaga zaoszcz\u0119dzi\u0107 wysi\u0142ek i czas.<\/p><p><b>Jeden z najbezpieczniejszych i najbardziej rozpowszechnionych system\u00f3w p\u0142atno\u015bci w Twojej witrynie<\/b>.<br>Wydob\u0105d\u017a to, co najlepsze dla swoich u\u017cytkownik\u00f3w, aby zwi\u0119kszy\u0107 sprzeda\u017c. Pozw\u00f3l klientom dokonywa\u0107 p\u0142atno\u015bci za pomoc\u0105 popularnego i niezawodnego narz\u0119dzia w Twojej witrynie i poka\u017c im, \u017ce Twoja firma jest wiarygodna.<\/p><p><\/div><\/p><div class=\"application-platform-content-item-features application-platform-content-item\" id=\"features\" data-nav-section=\"features\"><h2>Funkcje<\/h2><p>Co sprawia, \u017ce \u200b\u200bnasz widget jest najlepszy? Zobacz, jakie funkcje oferuje:<\/p><ul><li>Trzy rodzaje przycisk\u00f3w: p\u0142atno\u015b\u0107 jednorazowa, subskrypcja, darowizna;<\/li><li>opcja subskrypcji cyklicznej;<\/li><li>ustaw dowolny tekst nad przyciskiem, korzystaj\u0105c z nag\u0142\u00f3wka przycisku;<\/li><li>Regulowany tekst przycisku i kolor tekstu;<\/li><li>Poka\u017c lub ukryj tekst logo PayPal.<\/li><\/ul><p><a href=\"#demo\">Przeczytaj wszystkie zalety naszego bezp\u0142atnego edytora<\/a><\/p><\/div><div class=\"application-platform-content-item-installation application-platform-content-item\" id=\"installation\" data-nav-section=\"installation\"><h2>Jak doda\u0107 wtyczk\u0119 przycisku PayPal do witryny Webnode<\/h2><p>Kr\u00f3tki czas procesu to zaledwie 3 minuty, a ponadto nie potrzebujesz kompetencji w zakresie programowania.<\/p><ol><li><b>Skonstruuj sw\u00f3j spersonalizowany przycisk PayPal.<\/b><br> Korzystaj\u0105c z naszego bezp\u0142atnego konfiguratora, utw\u00f3rz wtyczk\u0119 dla swojego rodzaju p\u0142atno\u015bci. Spersonalizuj jego interfejs.<\/li><li><b>Odbierz kod do opublikowania wtyczki.<\/b><br>Po utworzeniu wid\u017cetu uzyskaj kod do wtyczki PayPal z powiadomienia w aplikacjach Elfsight.<\/li><li><b>Osad\u017a wtyczk\u0119 na swojej witrynie Webnode.<\/b><br>Wstaw wtyczk\u0119 w wybranym miejscu strony i opublikuj wyniki.<\/li><li><b>Gotowe!<\/b><br>Odwied\u017a witryn\u0119 Webnode i zobacz swoj\u0105 prac\u0119.<\/li><\/ol><p>Masz pytania dotycz\u0105ce przewodnika? Skontaktuj si\u0119 z naszym dzia\u0142em pomocy technicznej lub sprawd\u017a pe\u0142n\u0105 wersj\u0119 instrukcji.<\/p><div class=\"faq\" data-component=\"FAQ\"> <div class=\"faq-item\">\r\n\t\t\t\t\t<div class=\"faq-item-question\">\r\n\t\t\t\t\t\t<h3 class=\"faq-item-question-text\">Jak doda\u0107 przycisk PayPal do mojej witryny Webnode bez umiej\u0119tno\u015bci kodowania?<\/h3>\r\n\r\n\t\t\t\t\t\t<div class=\"faq-item-question-icon\"><\/div>\r\n\t\t\t\t\t<\/div>\r\n\r\n\t\t\t\t\t<div class=\"faq-item-answer\">\r\n\t\t\t\t\t\t<div class=\"faq-item-answer-text\"> <p>Elfsight zapewnia Rozwi\u0105zanie SaaS, kt\u00f3re umo\u017cliwia samodzielne utworzenie wid\u017cetu przycisku PayPal. Przekonaj si\u0119, jak \u0142atwy jest ten proces: Pracuj bezpo\u015brednio w edytorze online, aby utworzy\u0107 wid\u017cet przycisku PayPal, kt\u00f3ry chcesz widzie\u0107 w swojej witrynie Webnode. Wybierz jeden z gotowych szablon\u00f3w i dostosuj ustawienia przycisku PayPal, dodaj tre\u015b\u0107, zmie\u0144 uk\u0142ad i kolory bez umiej\u0119tno\u015bci kodowania. Zapisz przycisk PayPal i skopiuj jego kod instalacyjny, kt\u00f3ry mo\u017cesz \u0142atwo osadzi\u0107 na swojej stronie Webnode bez konieczno\u015bci zakupu p\u0142atnego planu. Dzi\u0119ki naszemu intuicyjnemu edytorowi ka\u017cdy u\u017cytkownik Internetu mo\u017ce utworzy\u0107 wid\u017cet przycisku PayPal online i \u0142atwo osadzi\u0107 go na swojej stronie internetowej Webnode. Aby uzyska\u0107 dost\u0119p do us\u0142ugi, nie trzeba p\u0142aci\u0107 ani wprowadza\u0107 danych uwierzytelniaj\u0105cych karty. Je\u015bli na kt\u00f3rymkolwiek etapie napotkasz jakiekolwiek problemy, skontaktuj si\u0119 z naszym zespo\u0142em pomocy technicznej.<\/p> <\/div>\r\n\t\t\t\t\t<\/div>\r\n\t\t\t\t<\/div> <\/div> <\/div>","protected":false},"excerpt":{"rendered":"","protected":false},"author":9,"featured_media":0,"parent":2597,"menu_order":0,"comment_status":"closed","ping_status":"closed","template":"templates\/template-application-platform.php","meta":{"publish_to_discourse":"","publish_post_category":"","wpdc_auto_publish_overridden":"","wpdc_topic_tags":"","wpdc_pin_topic":"","wpdc_pin_until":"","discourse_post_id":"","discourse_permalink":"","wpdc_publishing_response":"","wpdc_publishing_error":"","footnotes":""},"class_list":["post-5765","page","type-page","status-publish","hentry"],"yoast_head":"<!-- This site is optimized with the Yoast SEO plugin v25.3.1 - https:\/\/yoast.com\/wordpress\/plugins\/seo\/ -->\n<title>Przycisk PayPal - Dodaj wid\u017cet PayPal do witryny Webnode (w 2 minuty)<\/title>\n<meta name=\"description\" content=\"Skonstruuj spersonalizowany przycisk PayPal dla Webnode w zaledwie kilka minut. Sprawd\u017a proste demo tworzenia wid\u017cet\u00f3w przez Elfsight, ca\u0142kowicie za darmo.\" \/>\n<meta name=\"robots\" content=\"index, follow, max-snippet:-1, max-image-preview:large, max-video-preview:-1\" \/>\n<link rel=\"canonical\" href=\"https:\/\/elfsight.com\/pl\/paypal-button-widget-generator\/webnode\/\" \/>\n<meta property=\"og:locale\" content=\"pl_PL\" \/>\n<meta property=\"og:type\" content=\"article\" \/>\n<meta property=\"og:title\" content=\"Przycisk PayPal - Dodaj wid\u017cet PayPal do witryny Webnode (w 2 minuty)\" \/>\n<meta property=\"og:description\" content=\"Skonstruuj spersonalizowany przycisk PayPal dla Webnode w zaledwie kilka minut. Sprawd\u017a proste demo tworzenia wid\u017cet\u00f3w przez Elfsight, ca\u0142kowicie za darmo.\" \/>\n<meta property=\"og:url\" content=\"https:\/\/elfsight.com\/pl\/paypal-button-widget-generator\/webnode\/\" \/>\n<meta property=\"og:site_name\" content=\"Elfsight PL\" \/>\n<meta property=\"article:modified_time\" content=\"2024-11-14T12:44:26+00:00\" \/>\n<meta name=\"twitter:card\" content=\"summary_large_image\" \/>\n<meta name=\"twitter:label1\" content=\"Szacowany czas czytania\" \/>\n\t<meta name=\"twitter:data1\" content=\"3 minuty\" \/>\n<!-- \/ Yoast SEO plugin. -->","yoast_head_json":{"title":"Przycisk PayPal - Dodaj wid\u017cet PayPal do witryny Webnode (w 2 minuty)","description":"Skonstruuj spersonalizowany przycisk PayPal dla Webnode w zaledwie kilka minut. Sprawd\u017a proste demo tworzenia wid\u017cet\u00f3w przez Elfsight, ca\u0142kowicie za darmo.","robots":{"index":"index","follow":"follow","max-snippet":"max-snippet:-1","max-image-preview":"max-image-preview:large","max-video-preview":"max-video-preview:-1"},"canonical":"https:\/\/elfsight.com\/pl\/paypal-button-widget-generator\/webnode\/","og_locale":"pl_PL","og_type":"article","og_title":"Przycisk PayPal - Dodaj wid\u017cet PayPal do witryny Webnode (w 2 minuty)","og_description":"Skonstruuj spersonalizowany przycisk PayPal dla Webnode w zaledwie kilka minut. Sprawd\u017a proste demo tworzenia wid\u017cet\u00f3w przez Elfsight, ca\u0142kowicie za darmo.","og_url":"https:\/\/elfsight.com\/pl\/paypal-button-widget-generator\/webnode\/","og_site_name":"Elfsight PL","article_modified_time":"2024-11-14T12:44:26+00:00","twitter_card":"summary_large_image","twitter_misc":{"Szacowany czas czytania":"3 minuty"},"schema":{"@context":"https:\/\/schema.org","@graph":[{"@type":"WebPage","@id":"https:\/\/elfsight.com\/pl\/paypal-button-widget-generator\/webnode\/","url":"https:\/\/elfsight.com\/pl\/paypal-button-widget-generator\/webnode\/","name":"Przycisk PayPal - Dodaj wid\u017cet PayPal do witryny Webnode (w 2 minuty)","isPartOf":{"@id":"https:\/\/elfsight.com\/pl\/#website"},"datePublished":"1970-01-01T00:00:00+00:00","dateModified":"2024-11-14T12:44:26+00:00","description":"Skonstruuj spersonalizowany przycisk PayPal dla Webnode w zaledwie kilka minut. Sprawd\u017a proste demo tworzenia wid\u017cet\u00f3w przez Elfsight, ca\u0142kowicie za darmo.","breadcrumb":{"@id":"https:\/\/elfsight.com\/pl\/paypal-button-widget-generator\/webnode\/#breadcrumb"},"inLanguage":"pl-PL","potentialAction":[{"@type":"ReadAction","target":["https:\/\/elfsight.com\/pl\/paypal-button-widget-generator\/webnode\/"]}]},{"@type":"BreadcrumbList","@id":"https:\/\/elfsight.com\/pl\/paypal-button-widget-generator\/webnode\/#breadcrumb","itemListElement":[{"@type":"ListItem","position":1,"name":"Home","item":"https:\/\/elfsight.com\/pl\/"},{"@type":"ListItem","position":2,"name":"PayPal Button","item":"https:\/\/elfsight.com\/pl\/paypal-button-widget-generator\/"},{"@type":"ListItem","position":3,"name":"PayPal Button &#8211; Webnode"}]},{"@type":"WebSite","@id":"https:\/\/elfsight.com\/pl\/#website","url":"https:\/\/elfsight.com\/pl\/","name":"Elfsight PL","description":"Just another Elfsight Sites site","potentialAction":[{"@type":"SearchAction","target":{"@type":"EntryPoint","urlTemplate":"https:\/\/elfsight.com\/pl\/?s={search_term_string}"},"query-input":{"@type":"PropertyValueSpecification","valueRequired":true,"valueName":"search_term_string"}}],"inLanguage":"pl-PL"}]}},"meta_box":{"industry":"","seo_heading":"","heading":"","description":"","cta_heading":"","cta_description":"","application":"3353","h1":"Wid\u017cet przycisku Webnode PayPal","h1_caption":"Dodaj przycisk PayPal do swojej witryny, aby m\u00f3c dokonywa\u0107 szybkich i \u0142atwych p\u0142atno\u015bci bezpo\u015brednio przez PayPal do swojej witryny Webnode.","application_category":[],"applications_title":"","applications_request_title":"","applications_request_button_text":"","hero_text":"","hero_video":"","hero_video_schema_markup":"","selling_points_title":"","selling_points_caption":"","selling_points":[],"selling_points_cta_text":"","features_title":"","features":"","ed_cta_examples_text":"","ed_cta_examples_hidden":"","ed_cta_demo_text":"","ed_cta_demo_hidden":"","why_caption":"","why_editor_title":"","why_editor_text":"","why_team_title":"","why_team_text":"","why_service_title":"","why_service_text":"","template_catalog_visible":"","template_catalog_title":"","template_catalog_text":"","template_catalog_categories_visible":"","demo_title":"Utw\u00f3rz wid\u017cet przycisku PayPal","demo_caption":"Skonfiguruj sw\u00f3j przycisk PayPal i dodaj go za darmo do swojej witryny Webnode!","default_faq_hidden":"","app_template_category":[],"platform":"138","template_public_id":"","codecanyon_url":"","codecanyon_item_id":"","codecanyon_price":"","pricing_caption":"","pricing_elfsight_apps_hide_column":"","pricing_elfsight_apps_url":"","pricing_codecanyon_price_caption":"","integration_category":[],"integration_request_title":"","integration_request_cta":"","integration_platform":"","integrations":[],"platform_category":[],"video_schema_markup":"","price":"od 0 USD \/ miesi\u0105c","trial":"","benefits":[{"text":"Bezp\u0142atna pomoc w monta\u017cu"},{"text":"Wsparcie premium"},{"text":"14-dniowa gwarancja zwrotu pieni\u0119dzy"}],"button_url":"#demo","button_target_blank":"","button_nofollow":"","attributes":[{"name":"Instaluje"},{"name":"Czu\u0142y"},{"name":"Kompatybilne przegl\u0105darki"}],"tags":[],"tags_disable_links":"","hide_more_platforms":"","video_object":"","demo_hide_cta":"","demo_hide_cloud_options":"","pricing_title":"","pricing":[{"pricing_icon":"platform","pricing_title":"Elfsight Apps","pricing_title_caption":"Niezale\u017cne od platformy rozwi\u0105zanie cyfrowe, kt\u00f3re pasuje do ka\u017cdej witryny","pricing_price":"od 0 USD \/ miesi\u0105c","pricing_price_caption":"zacznij od bezp\u0142atnego planu","pricing_benefits":[{"text":"Nielimitowane strony internetowe"},{"text":"Szybka i terminowa pomoc oraz dobrze udokumentowana"},{"text":"Bezp\u0142atna us\u0142uga monta\u017cu"},{"text":"\u015awietna oferta na wiele aplikacji"}],"pricing_button_text":"Dodaj do witryny","pricing_button_url":"#demo"}],"related_apps_title":"","related_apps_hidden":"","author":"","image":[],"title":"","job":"","social_networks":[]},"_links":{"self":[{"href":"https:\/\/elfsight.com\/pl\/wp-json\/wp\/v2\/pages\/5765","targetHints":{"allow":["GET"]}}],"collection":[{"href":"https:\/\/elfsight.com\/pl\/wp-json\/wp\/v2\/pages"}],"about":[{"href":"https:\/\/elfsight.com\/pl\/wp-json\/wp\/v2\/types\/page"}],"author":[{"embeddable":true,"href":"https:\/\/elfsight.com\/pl\/wp-json\/wp\/v2\/users\/9"}],"replies":[{"embeddable":true,"href":"https:\/\/elfsight.com\/pl\/wp-json\/wp\/v2\/comments?post=5765"}],"version-history":[{"count":1,"href":"https:\/\/elfsight.com\/pl\/wp-json\/wp\/v2\/pages\/5765\/revisions"}],"predecessor-version":[{"id":5769,"href":"https:\/\/elfsight.com\/pl\/wp-json\/wp\/v2\/pages\/5765\/revisions\/5769"}],"up":[{"embeddable":true,"href":"https:\/\/elfsight.com\/pl\/wp-json\/wp\/v2\/pages\/2597"}],"wp:attachment":[{"href":"https:\/\/elfsight.com\/pl\/wp-json\/wp\/v2\/media?parent=5765"}],"curies":[{"name":"wp","href":"https:\/\/api.w.org\/{rel}","templated":true}]}}