{"id":5760,"date":"1970-01-01T00:00:00","date_gmt":"1970-01-01T00:00:00","guid":{"rendered":"https:\/\/elfsight.com\/pl\/?page_id=5760"},"modified":"2024-11-14T12:44:26","modified_gmt":"2024-11-14T12:44:26","slug":"weebly","status":"publish","type":"page","link":"https:\/\/elfsight.com\/pl\/paypal-button-widget-generator\/weebly\/","title":{"rendered":"PayPal Button &#8211; Weebly"},"content":{"rendered":"<div class=\"application-platform-content-item-description application-platform-content-item\" id=\"description\" data-nav-section=\"description\"><h2>Opis<\/h2><p>Dodaj do swojej witryny niezawodny instrument p\u0142atniczy. Korzystaj\u0105c z przycisku PayPal Elfsight, mo\u017cesz przyjmowa\u0107 p\u0142atno\u015bci, okresowe subskrypcje i darowizny od swoich odbiorc\u00f3w. Skonstruuj sw\u00f3j w\u0142asny przycisk, wybieraj\u0105c form\u0119 p\u0142atno\u015bci, walut\u0119, lokalizacj\u0119 i dostosowuj\u0105c opcje wygl\u0105du, aby uczyni\u0107 go wyj\u0105tkowym. Twoim u\u017cytkownikom spodoba si\u0119 szybka i sprawna procedura p\u0142atno\u015bci w Twojej witrynie za pomoc\u0105 przycisku PayPal.<\/p><p><b>Wykorzystaj wszystkie zalety systemu PayPal dla swoich odbiorc\u00f3w i dla siebie! <\/b><\/p><p><b>Por\u0119czny system p\u0142atno\u015bci w Twojej witrynie bez kodowania<\/b>.<br>Dla firmy internetowej istotne jest posiadanie wygodnego i bezpiecznego narz\u0119dzia p\u0142atniczego na stronie internetowej. Najlepszym sposobem na osi\u0105gni\u0119cie tego jest osadzenie przycisku Elfsight PayPal na swojej stronie. Zorganizuj \u0142atwe p\u0142atno\u015bci dla swoich klient\u00f3w.<\/p><p><b>Uniwersalny instrument do przyjmowania p\u0142atno\u015bci, subskrypcji i darowizn<\/b>.<br>Pozw\u00f3l swoim odbiorcom na \u0142atwe dokonywanie p\u0142atno\u015bci, subskrybowanie i przekazywanie darowizn. Wszystko to jest dost\u0119pne w wielofunkcyjnym instrumencie firmy Elfsight, co pomaga zaoszcz\u0119dzi\u0107 wysi\u0142ek i czas.<\/p><p><b>Jedno z najbardziej renomowanych i znanych rozwi\u0105za\u0144 p\u0142atniczych w Twojej witrynie<\/b>.<br>Nie przegap okazji, aby zintegrowa\u0107 ze swoj\u0105 witryn\u0105 jedno z najbardziej zaufanych narz\u0119dzi p\u0142atniczych. Elfsight pomo\u017ce Ci korzysta\u0107 z PayPal przy minimalnym wysi\u0142ku i maksymalnym komforcie.<\/p><\/div><br><div class=\"application-platform-content-item-features application-platform-content-item\" id=\"features\" data-nav-section=\"features\"><h2>Funkcje<\/h2><p>Co czyni nasze narz\u0119dzie najlepszym? Sprawd\u017a, jakie funkcje oferuje:<\/p><ul><li>Biblioteka wszystkich najpopularniejszych walut;<\/li><li>Dwa warianty wskazania podatku: rycza\u0142towy lub procentowy;<\/li><li>Regulowany szeroko\u015b\u0107 przycisku;<\/li><li>Opcje obramowania przycisku: rozmiar, kolor, promie\u0144;<\/li><li>Poka\u017c lub ukryj tekst logo PayPal.<\/li><\/ul><p>Wi\u0119cej funkcji w bezp\u0142atnym demonstracja<\/p><\/div><div class=\"application-platform-content-item-installation application-platform-content-item\" id=\"installation\" data-nav-section=\"installation\"><h2>Jak doda\u0107 aplikacj\u0119 PayPal Button do witryny Weebly<\/h2><div class=\"video-container\"><iframe width=\"720\" height=\"405\" src=\"https:\/\/www.youtube.com\/embed\/NmpZ15fSSko\" frameborder=\"0\" allowfullscreen=\"\"><\/iframe><\/div><p>Przybli\u017cony czas trwania instalacji to mniej ni\u017c 2 minuty. Instalacja nie wymaga do\u015bwiadczenia w programowaniu internetowym.<\/p><ol><li><b>Wykonaj nasze bezp\u0142atne demo i rozpocznij prac\u0119 ze swoj\u0105 spersonalizowan\u0105 aplikacj\u0105. <\/b><br> Wybierz wybrany uk\u0142ad i funkcjonalno\u015b\u0107 aplikacji i zapisz wszystkie zmiany. <\/li> <li><b>Skopiuj sw\u00f3j indywidualny kod pojawiaj\u0105cy si\u0119 w oknie aplikacji Elfsight. <\/b><br> Po zako\u0144czeniu tworzenia aplikacji skopiuj kod z wy\u015bwietlonego wyskakuj\u0105cego okienka i zachowaj go na p\u00f3\u017aniej. <\/li> <li><b>Rozpocznij korzystanie z aplikacji w witrynie Weebly. <\/b><br> Zintegruj skopiowany wcze\u015bniej kod ze swoj\u0105 witryn\u0105 i zastosuj ulepszenia. <\/li> <li><b>Gotowe! Integracja zosta\u0142a w pe\u0142ni uko\u0144czona. <\/b><br> Przejd\u017a do swojej strony internetowej, aby sprawdzi\u0107, jak dzia\u0142a aplikacja. <\/li><\/ol><p>Masz pytania dotycz\u0105ce procesu instalacji? Wy\u015blij wiadomo\u015b\u0107 do dzia\u0142u pomocy technicznej Elfsight lub zapoznaj si\u0119 z pe\u0142nym tekstem instrukcji i samodzielnie doko\u0144cz instalacj\u0119.<\/p><div class=\"faq\" data-component=\"FAQ\"> <div class=\"faq-item\">\r\n\t\t\t\t\t<div class=\"faq-item-question\">\r\n\t\t\t\t\t\t<h3 class=\"faq-item-question-text\">Jak mog\u0119 doda\u0107 przycisk PayPal do mojej witryny Weebly bez umiej\u0119tno\u015bci kodowania? <\/h3>\r\n\r\n\t\t\t\t\t\t<div class=\"faq-item-question-icon\"><\/div>\r\n\t\t\t\t\t<\/div>\r\n\r\n\t\t\t\t\t<div class=\"faq-item-answer\">\r\n\t\t\t\t\t\t<div class=\"faq-item-answer-text\"> <p>Elfsight zapewnia rozwi\u0105zanie SaaS, kt\u00f3re umo\u017cliwia samodzielne utworzenie wid\u017cetu przycisku PayPal. Przekonaj si\u0119, jak \u0142atwy jest ten proces: Pracuj bezpo\u015brednio w edytorze online, aby utworzy\u0107 wid\u017cet przycisku PayPal, kt\u00f3ry chcesz widzie\u0107 w swojej witrynie Weebly. Wybierz jeden z gotowych szablon\u00f3w i dostosuj ustawienia przycisku PayPal, dodaj tre\u015b\u0107, zmie\u0144 uk\u0142ad i kolory bez umiej\u0119tno\u015bci kodowania. Zapisz przycisk PayPal i skopiuj jego kod instalacyjny, kt\u00f3ry mo\u017cesz umie\u015bci\u0107 na swojej stronie Weebly bez konieczno\u015bci kupowania p\u0142atnego planu. Dzi\u0119ki naszemu intuicyjnemu edytorowi ka\u017cdy u\u017cytkownik Internetu mo\u017ce utworzy\u0107 wid\u017cet przycisku PayPal online i \u0142atwo osadzi\u0107 go na swojej stronie internetowej Weebly. Aby uzyska\u0107 dost\u0119p do us\u0142ugi, nie trzeba p\u0142aci\u0107 ani wprowadza\u0107 danych uwierzytelniaj\u0105cych karty. Je\u015bli na kt\u00f3rymkolwiek etapie napotkasz jakiekolwiek problemy, skontaktuj si\u0119 z naszym zespo\u0142em pomocy technicznej.<\/p> <\/div>\r\n\t\t\t\t\t<\/div>\r\n\t\t\t\t<\/div> <\/div> <\/div>","protected":false},"excerpt":{"rendered":"","protected":false},"author":9,"featured_media":0,"parent":2597,"menu_order":0,"comment_status":"closed","ping_status":"closed","template":"templates\/template-application-platform.php","meta":{"publish_to_discourse":"","publish_post_category":"","wpdc_auto_publish_overridden":"","wpdc_topic_tags":"","wpdc_pin_topic":"","wpdc_pin_until":"","discourse_post_id":"","discourse_permalink":"","wpdc_publishing_response":"","wpdc_publishing_error":"","footnotes":""},"class_list":["post-5760","page","type-page","status-publish","hentry"],"yoast_head":"<!-- This site is optimized with the Yoast SEO plugin v25.3.1 - https:\/\/yoast.com\/wordpress\/plugins\/seo\/ -->\n<title>Przycisk PayPal \u2014 dodaj aplikacj\u0119 PayPal do witryny Weebly (w 2 minuty)<\/title>\n<meta name=\"description\" content=\"Wypr\u00f3buj najlepszy przycisk PayPal (darowizna, subskrypcja lub p\u0142atno\u015b\u0107) dla witryny Weebly. Tw\u00f3rz wid\u017cety, kt\u00f3re wy\u015bwietlaj\u0105 si\u0119 na Twojej stronie internetowej w zaledwie 3 minuty za darmo!\" \/>\n<meta name=\"robots\" content=\"index, follow, max-snippet:-1, max-image-preview:large, max-video-preview:-1\" \/>\n<link rel=\"canonical\" href=\"https:\/\/elfsight.com\/pl\/paypal-button-widget-generator\/weebly\/\" \/>\n<meta property=\"og:locale\" content=\"pl_PL\" \/>\n<meta property=\"og:type\" content=\"article\" \/>\n<meta property=\"og:title\" content=\"Przycisk PayPal \u2014 dodaj aplikacj\u0119 PayPal do witryny Weebly (w 2 minuty)\" \/>\n<meta property=\"og:description\" content=\"Wypr\u00f3buj najlepszy przycisk PayPal (darowizna, subskrypcja lub p\u0142atno\u015b\u0107) dla witryny Weebly. Tw\u00f3rz wid\u017cety, kt\u00f3re wy\u015bwietlaj\u0105 si\u0119 na Twojej stronie internetowej w zaledwie 3 minuty za darmo!\" \/>\n<meta property=\"og:url\" content=\"https:\/\/elfsight.com\/pl\/paypal-button-widget-generator\/weebly\/\" \/>\n<meta property=\"og:site_name\" content=\"Elfsight PL\" \/>\n<meta property=\"article:modified_time\" content=\"2024-11-14T12:44:26+00:00\" \/>\n<meta name=\"twitter:card\" content=\"summary_large_image\" \/>\n<meta name=\"twitter:label1\" content=\"Szacowany czas czytania\" \/>\n\t<meta name=\"twitter:data1\" content=\"3 minuty\" \/>\n<!-- \/ Yoast SEO plugin. -->","yoast_head_json":{"title":"Przycisk PayPal \u2014 dodaj aplikacj\u0119 PayPal do witryny Weebly (w 2 minuty)","description":"Wypr\u00f3buj najlepszy przycisk PayPal (darowizna, subskrypcja lub p\u0142atno\u015b\u0107) dla witryny Weebly. Tw\u00f3rz wid\u017cety, kt\u00f3re wy\u015bwietlaj\u0105 si\u0119 na Twojej stronie internetowej w zaledwie 3 minuty za darmo!","robots":{"index":"index","follow":"follow","max-snippet":"max-snippet:-1","max-image-preview":"max-image-preview:large","max-video-preview":"max-video-preview:-1"},"canonical":"https:\/\/elfsight.com\/pl\/paypal-button-widget-generator\/weebly\/","og_locale":"pl_PL","og_type":"article","og_title":"Przycisk PayPal \u2014 dodaj aplikacj\u0119 PayPal do witryny Weebly (w 2 minuty)","og_description":"Wypr\u00f3buj najlepszy przycisk PayPal (darowizna, subskrypcja lub p\u0142atno\u015b\u0107) dla witryny Weebly. Tw\u00f3rz wid\u017cety, kt\u00f3re wy\u015bwietlaj\u0105 si\u0119 na Twojej stronie internetowej w zaledwie 3 minuty za darmo!","og_url":"https:\/\/elfsight.com\/pl\/paypal-button-widget-generator\/weebly\/","og_site_name":"Elfsight PL","article_modified_time":"2024-11-14T12:44:26+00:00","twitter_card":"summary_large_image","twitter_misc":{"Szacowany czas czytania":"3 minuty"},"schema":{"@context":"https:\/\/schema.org","@graph":[{"@type":"WebPage","@id":"https:\/\/elfsight.com\/pl\/paypal-button-widget-generator\/weebly\/","url":"https:\/\/elfsight.com\/pl\/paypal-button-widget-generator\/weebly\/","name":"Przycisk PayPal \u2014 dodaj aplikacj\u0119 PayPal do witryny Weebly (w 2 minuty)","isPartOf":{"@id":"https:\/\/elfsight.com\/pl\/#website"},"datePublished":"1970-01-01T00:00:00+00:00","dateModified":"2024-11-14T12:44:26+00:00","description":"Wypr\u00f3buj najlepszy przycisk PayPal (darowizna, subskrypcja lub p\u0142atno\u015b\u0107) dla witryny Weebly. Tw\u00f3rz wid\u017cety, kt\u00f3re wy\u015bwietlaj\u0105 si\u0119 na Twojej stronie internetowej w zaledwie 3 minuty za darmo!","breadcrumb":{"@id":"https:\/\/elfsight.com\/pl\/paypal-button-widget-generator\/weebly\/#breadcrumb"},"inLanguage":"pl-PL","potentialAction":[{"@type":"ReadAction","target":["https:\/\/elfsight.com\/pl\/paypal-button-widget-generator\/weebly\/"]}]},{"@type":"BreadcrumbList","@id":"https:\/\/elfsight.com\/pl\/paypal-button-widget-generator\/weebly\/#breadcrumb","itemListElement":[{"@type":"ListItem","position":1,"name":"Home","item":"https:\/\/elfsight.com\/pl\/"},{"@type":"ListItem","position":2,"name":"PayPal Button","item":"https:\/\/elfsight.com\/pl\/paypal-button-widget-generator\/"},{"@type":"ListItem","position":3,"name":"PayPal Button &#8211; Weebly"}]},{"@type":"WebSite","@id":"https:\/\/elfsight.com\/pl\/#website","url":"https:\/\/elfsight.com\/pl\/","name":"Elfsight PL","description":"Just another Elfsight Sites site","potentialAction":[{"@type":"SearchAction","target":{"@type":"EntryPoint","urlTemplate":"https:\/\/elfsight.com\/pl\/?s={search_term_string}"},"query-input":{"@type":"PropertyValueSpecification","valueRequired":true,"valueName":"search_term_string"}}],"inLanguage":"pl-PL"}]}},"meta_box":{"industry":"","seo_heading":"","heading":"","description":"","cta_heading":"","cta_description":"","application":"3353","h1":"Aplikacja Weebly PayPal Button","h1_caption":"Dodaj przycisk PayPal do swojej witryny, aby m\u00f3c dokonywa\u0107 szybkich i \u0142atwych p\u0142atno\u015bci bezpo\u015brednio przez PayPal w witrynie Weebly.","application_category":[],"applications_title":"","applications_request_title":"","applications_request_button_text":"","hero_text":"","hero_video":"","hero_video_schema_markup":"","selling_points_title":"","selling_points_caption":"","selling_points":[],"selling_points_cta_text":"","features_title":"","features":"","ed_cta_examples_text":"","ed_cta_examples_hidden":"","ed_cta_demo_text":"","ed_cta_demo_hidden":"","why_caption":"","why_editor_title":"","why_editor_text":"","why_team_title":"","why_team_text":"","why_service_title":"","why_service_text":"","template_catalog_visible":"","template_catalog_title":"","template_catalog_text":"","template_catalog_categories_visible":"","demo_title":"Utw\u00f3rz aplikacj\u0119 przycisku PayPal","demo_caption":"Skonfiguruj sw\u00f3j przycisk PayPal i dodaj go za darmo do swojej witryny Weebly!","default_faq_hidden":"","app_template_category":[],"platform":"132","template_public_id":"","codecanyon_url":"","codecanyon_item_id":"","codecanyon_price":"","pricing_caption":"","pricing_elfsight_apps_hide_column":"","pricing_elfsight_apps_url":"","pricing_codecanyon_price_caption":"","integration_category":[],"integration_request_title":"","integration_request_cta":"","integration_platform":"","integrations":[],"platform_category":[],"video_schema_markup":"","price":"od 0 USD \/ miesi\u0105c","trial":"","benefits":[{"text":"Bezp\u0142atna pomoc w monta\u017cu"},{"text":"Wsparcie premium"},{"text":"14-dniowa gwarancja zwrotu pieni\u0119dzy"}],"button_url":"#demo","button_target_blank":"","button_nofollow":"","attributes":[{"name":"Instaluje"},{"name":"Czu\u0142y"},{"name":"Kompatybilne przegl\u0105darki"}],"tags":[],"tags_disable_links":"","hide_more_platforms":"","video_object":"","demo_hide_cta":"","demo_hide_cloud_options":"","pricing_title":"","pricing":[{"pricing_icon":"cloud","pricing_title":"Elfsight Apps","pricing_title_caption":"Wersja wieloplatformowa, kt\u00f3ra dzia\u0142a na ka\u017cdej stronie internetowej","pricing_price":"od 0 USD \/ miesi\u0105c","pricing_price_caption":"zacznij od bezp\u0142atnego planu","pricing_benefits":[{"text":"Nielimitowane strony internetowe"},{"text":"Bezp\u0142atne wsparcie i dobrze udokumentowane"},{"text":"Bezp\u0142atna pomoc przy instalacji"},{"text":"Elastyczny projekt"}],"pricing_button_text":"Dodaj do witryny","pricing_button_url":"#demo"}],"related_apps_title":"","related_apps_hidden":"","author":"","image":[],"title":"","job":"","social_networks":[]},"_links":{"self":[{"href":"https:\/\/elfsight.com\/pl\/wp-json\/wp\/v2\/pages\/5760","targetHints":{"allow":["GET"]}}],"collection":[{"href":"https:\/\/elfsight.com\/pl\/wp-json\/wp\/v2\/pages"}],"about":[{"href":"https:\/\/elfsight.com\/pl\/wp-json\/wp\/v2\/types\/page"}],"author":[{"embeddable":true,"href":"https:\/\/elfsight.com\/pl\/wp-json\/wp\/v2\/users\/9"}],"replies":[{"embeddable":true,"href":"https:\/\/elfsight.com\/pl\/wp-json\/wp\/v2\/comments?post=5760"}],"version-history":[{"count":2,"href":"https:\/\/elfsight.com\/pl\/wp-json\/wp\/v2\/pages\/5760\/revisions"}],"predecessor-version":[{"id":7882,"href":"https:\/\/elfsight.com\/pl\/wp-json\/wp\/v2\/pages\/5760\/revisions\/7882"}],"up":[{"embeddable":true,"href":"https:\/\/elfsight.com\/pl\/wp-json\/wp\/v2\/pages\/2597"}],"wp:attachment":[{"href":"https:\/\/elfsight.com\/pl\/wp-json\/wp\/v2\/media?parent=5760"}],"curies":[{"name":"wp","href":"https:\/\/api.w.org\/{rel}","templated":true}]}}