{"id":5759,"date":"1970-01-01T00:00:00","date_gmt":"1970-01-01T00:00:00","guid":{"rendered":"https:\/\/elfsight.com\/pl\/?page_id=5759"},"modified":"2024-11-14T12:44:26","modified_gmt":"2024-11-14T12:44:26","slug":"wix","status":"publish","type":"page","link":"https:\/\/elfsight.com\/pl\/paypal-button-widget-generator\/wix\/","title":{"rendered":"PayPal Button &#8211; Wix"},"content":{"rendered":"<div class=\"application-platform-content-item-description application-platform-content-item\" id=\"description\" data-nav-section=\"description\"><h2>Opis<\/h2><p>Przycisk PayPal Elfsight zapewnia obs\u0142ug\u0119 systemu PayPal w Twojej witrynie. Dzi\u0119ki niemu mo\u017cesz skonfigurowa\u0107 przyciski p\u0142atno\u015bci, realizacji transakcji, automatycznych subskrypcji i darowizn. Mo\u017cesz doda\u0107 podatek i cen\u0119 wysy\u0142ki, wybra\u0107 lokalizacj\u0119 i walut\u0119, pokaza\u0107 tekst i jeszcze wi\u0119cej. Zorganizuj \u0142atwy i bezpieczny proces p\u0142atno\u015bci dla swoich klient\u00f3w, korzystaj\u0105c z jednego z najbardziej zaufanych instrument\u00f3w.<\/p><p><b>Umo\u017cliw swoim klientom dokonywanie p\u0142atno\u015bci za po\u015brednictwem PayPal w Twojej witrynie i zwi\u0119ksz sprzeda\u017c! <\/b><\/p><p><b>Popularna metoda p\u0142atno\u015bci w Twojej witrynie bez kodowania.<\/b>.<br>Dla prosperuj\u0105cej firmy istotne jest oferowanie kupuj\u0105cym wygodnych p\u0142atno\u015bci online. Dodaj przycisk Elfsight PayPal do swojej witryny, a zrobisz to \u0142atwo i szybko.<\/p><p><b>Jedno rozwi\u0105zanie do otrzymywania p\u0142atno\u015bci, subskrypcji i darowizn<\/b>.<br>Pozw\u00f3l swoim klientom p\u0142aci\u0107 , zasubskrybuj swoje us\u0142ugi i przeka\u017c darowizn\u0119 na rzecz swojej firmy w swojej witrynie. Wszystkie te opcje s\u0105 dost\u0119pne w uniwersalnym narz\u0119dziu firmy Elfsight, kt\u00f3re pomaga zaoszcz\u0119dzi\u0107 pieni\u0105dze i czas.<\/p><p><b>Jeden z najbezpieczniejszych i najbardziej znanych instrument\u00f3w p\u0142atniczych na Twojej stronie<\/b>.<br>Uczy\u0144 swoj\u0105 witryn\u0119 wygodniejsz\u0105 dla klient\u00f3w, aby pobudzi\u0107 ich do wi\u0119kszych zakup\u00f3w. Pozw\u00f3l kupuj\u0105cym p\u0142aci\u0107 za pomoc\u0105 popularnego i bezpiecznego instrumentu w Twojej witrynie i zwi\u0119ksz zaufanie do Twojej firmy.<\/p><\/div><div class=\"application-platform-content-item-features application-platform-content-item\" id=\"features\" data-nav-section=\"features\"><h2>Funkcje<\/h2><p>Co wyr\u00f3\u017cnia nasze narz\u0119dzie najlepszy? Sprawd\u017a, jakie funkcje oferuje:<\/p><ul><li>Ustawianie lokalizacji przycisk\u00f3w na podstawie predefiniowanej listy kraj\u00f3w;<\/li><li>Dwa warianty oznaczenia podatku: rycza\u0142towy lub procentowy;<\/li><li>Regulowana szeroko\u015b\u0107 przycisku;<\/li><li>Opcje obramowania przycisk\u00f3w: rozmiar, kolor, promie\u0144;<\/li><li>Cztery prze\u0142\u0105czalne ikony system\u00f3w p\u0142atno\u015bci zapewniaj\u0105ce wi\u0119ksze zaufanie i bezpiecze\u0144stwo klient\u00f3w.<\/li><\/ul><p>Sprawd\u017a pe\u0142n\u0105 list\u0119 funkcji w wersji demonstracyjnej<\/p><\/div><div class=\"application-platform-content-item-installation application-platform-content-item\" id=\"installation\" data-nav-section=\"installation\"><h2>Jak doda\u0107 przycisk PayPal do witryny Wix<\/h2><div class=\"video-container \"><iframe width=\"720\" height=\"405\" src=\"https:\/\/www.youtube.com\/embed\/yM1gjSRiZno\" frameborder=\"0\" allowfullscreen=\"\"><\/iframe><\/div><p>Prosty podr\u0119cznik dotycz\u0105cy tworzenia przycisku PayPal dla witryny internetowej bez umiej\u0119tno\u015bci programowania. Zajmie to nie wi\u0119cej ni\u017c 3 minuty.<\/p><ol><li><b>Kup widget na rynku.<\/b><br>Otw\u00f3rz stron\u0119 z aplikacj\u0105 p\u0142atnicz\u0105 PayPal i naci\u015bnij \u00abDodaj do Przycisk Witryna\u201d.<\/li><li><b>Wy\u015bwietl wid\u017cet na stronie.<\/b><br>W wyskakuj\u0105cym powiadomieniu kliknij \u00abOtw\u00f3rz edytor\u00bb i wy\u015bwietl wid\u017cet na swojej stronie.<\/li> <li><b>Dostosuj swoj\u0105 aplikacj\u0119 PayPal.<\/b><br>Dostosuj interfejs i dodaj wymagan\u0105 zawarto\u015b\u0107. Opublikuj wszystkie zmiany.<\/li><li><b>Instalacja zosta\u0142a uko\u0144czona.<\/b><br>Otw\u00f3rz witryn\u0119, aby sprawdzi\u0107 wyniki!<\/li><\/ol><p>Wyst\u0105pi\u0142y jakiekolwiek trudno\u015bci podczas stosowania samouczek? Skontaktuj si\u0119 z naszym centrum wsparcia lub przeczytaj pe\u0142n\u0105 wersj\u0119 instrukcji, aby spr\u00f3bowa\u0107 samodzielnie osadzi\u0107 wid\u017cet.<\/p><div class=\"faq\" data-component=\"FAQ\"> <div class=\"faq-item\">\r\n\t\t\t\t\t<div class=\"faq-item-question\">\r\n\t\t\t\t\t\t<h3 class=\"faq-item-question-text\">Jak doda\u0107 przycisk PayPal do mojej witryny Wix bez umiej\u0119tno\u015bci kodowania?<\/h3>\r\n\r\n\t\t\t\t\t\t<div class=\"faq-item-question-icon\"><\/div>\r\n\t\t\t\t\t<\/div>\r\n\r\n\t\t\t\t\t<div class=\"faq-item-answer\">\r\n\t\t\t\t\t\t<div class=\"faq-item-answer-text\"> <p>Elfsight zapewnia rozwi\u0105zanie SaaS, kt\u00f3re pozwala Ci samodzielnie utworzy\u0107 wid\u017cet przycisku PayPal. Przekonaj si\u0119, jak \u0142atwy jest ten proces: Pracuj bezpo\u015brednio w Edytorze online, aby utworzy\u0107 wid\u017cet przycisku PayPal, kt\u00f3ry chcia\u0142by\u015b widzie\u0107 na swojej stronie Wix. Wybierz jeden z gotowych szablon\u00f3w i dostosuj ustawienia przycisku PayPal, dodaj tre\u015b\u0107, zmie\u0144 uk\u0142ad i kolory bez umiej\u0119tno\u015bci kodowania. Zapisz przycisk PayPal i skopiuj jego kod instalacyjny, kt\u00f3ry mo\u017cesz po prostu wklei\u0107 na swojej stronie Wix bez konieczno\u015bci kupowania p\u0142atnej subskrypcji. Dzi\u0119ki naszemu intuicyjnemu Edytorowi ka\u017cdy u\u017cytkownik Internetu mo\u017ce stworzy\u0107 wid\u017cet przycisku PayPal online i \u0142atwo osadzi\u0107 go na swojej stronie Wix. Aby uzyska\u0107 dost\u0119p do us\u0142ugi, nie trzeba p\u0142aci\u0107 ani wprowadza\u0107 danych uwierzytelniaj\u0105cych karty. Je\u015bli na kt\u00f3rymkolwiek etapie napotkasz jakiekolwiek problemy, skontaktuj si\u0119 z naszym zespo\u0142em pomocy technicznej.<\/p> <\/div>\r\n\t\t\t\t\t<\/div>\r\n\t\t\t\t<\/div> <\/div> <\/div>","protected":false},"excerpt":{"rendered":"","protected":false},"author":9,"featured_media":0,"parent":2597,"menu_order":0,"comment_status":"closed","ping_status":"closed","template":"templates\/template-application-platform.php","meta":{"publish_to_discourse":"","publish_post_category":"","wpdc_auto_publish_overridden":"","wpdc_topic_tags":"","wpdc_pin_topic":"","wpdc_pin_until":"","discourse_post_id":"","discourse_permalink":"","wpdc_publishing_response":"","wpdc_publishing_error":"","footnotes":""},"class_list":["post-5759","page","type-page","status-publish","hentry"],"yoast_head":"<!-- This site is optimized with the Yoast SEO plugin v25.3.1 - https:\/\/yoast.com\/wordpress\/plugins\/seo\/ -->\n<title>Przycisk PayPal \u2014 dodaj aplikacj\u0119 p\u0142atnicz\u0105 PayPal do Wix (2025)<\/title>\n<meta name=\"description\" content=\"Skonstruuj indywidualny przycisk PayPal dla swojej witryny Wix w zaledwie 3 minuty! Wypr\u00f3buj darmowy edytor Elfsight, aby zbudowa\u0107 w\u0142asn\u0105 aplikacj\u0119 p\u0142atnicz\u0105.\" \/>\n<meta name=\"robots\" content=\"index, follow, max-snippet:-1, max-image-preview:large, max-video-preview:-1\" \/>\n<link rel=\"canonical\" href=\"https:\/\/elfsight.com\/pl\/paypal-button-widget-generator\/wix\/\" \/>\n<meta property=\"og:locale\" content=\"pl_PL\" \/>\n<meta property=\"og:type\" content=\"article\" \/>\n<meta property=\"og:title\" content=\"Przycisk PayPal \u2014 dodaj aplikacj\u0119 p\u0142atnicz\u0105 PayPal do Wix (2025)\" \/>\n<meta property=\"og:description\" content=\"Skonstruuj indywidualny przycisk PayPal dla swojej witryny Wix w zaledwie 3 minuty! Wypr\u00f3buj darmowy edytor Elfsight, aby zbudowa\u0107 w\u0142asn\u0105 aplikacj\u0119 p\u0142atnicz\u0105.\" \/>\n<meta property=\"og:url\" content=\"https:\/\/elfsight.com\/pl\/paypal-button-widget-generator\/wix\/\" \/>\n<meta property=\"og:site_name\" content=\"Elfsight PL\" \/>\n<meta property=\"article:modified_time\" content=\"2024-11-14T12:44:26+00:00\" \/>\n<meta name=\"twitter:card\" content=\"summary_large_image\" \/>\n<meta name=\"twitter:label1\" content=\"Szacowany czas czytania\" \/>\n\t<meta name=\"twitter:data1\" content=\"3 minuty\" \/>\n<!-- \/ Yoast SEO plugin. -->","yoast_head_json":{"title":"Przycisk PayPal \u2014 dodaj aplikacj\u0119 p\u0142atnicz\u0105 PayPal do Wix (2025)","description":"Skonstruuj indywidualny przycisk PayPal dla swojej witryny Wix w zaledwie 3 minuty! Wypr\u00f3buj darmowy edytor Elfsight, aby zbudowa\u0107 w\u0142asn\u0105 aplikacj\u0119 p\u0142atnicz\u0105.","robots":{"index":"index","follow":"follow","max-snippet":"max-snippet:-1","max-image-preview":"max-image-preview:large","max-video-preview":"max-video-preview:-1"},"canonical":"https:\/\/elfsight.com\/pl\/paypal-button-widget-generator\/wix\/","og_locale":"pl_PL","og_type":"article","og_title":"Przycisk PayPal \u2014 dodaj aplikacj\u0119 p\u0142atnicz\u0105 PayPal do Wix (2025)","og_description":"Skonstruuj indywidualny przycisk PayPal dla swojej witryny Wix w zaledwie 3 minuty! Wypr\u00f3buj darmowy edytor Elfsight, aby zbudowa\u0107 w\u0142asn\u0105 aplikacj\u0119 p\u0142atnicz\u0105.","og_url":"https:\/\/elfsight.com\/pl\/paypal-button-widget-generator\/wix\/","og_site_name":"Elfsight PL","article_modified_time":"2024-11-14T12:44:26+00:00","twitter_card":"summary_large_image","twitter_misc":{"Szacowany czas czytania":"3 minuty"},"schema":{"@context":"https:\/\/schema.org","@graph":[{"@type":"WebPage","@id":"https:\/\/elfsight.com\/pl\/paypal-button-widget-generator\/wix\/","url":"https:\/\/elfsight.com\/pl\/paypal-button-widget-generator\/wix\/","name":"Przycisk PayPal \u2014 dodaj aplikacj\u0119 p\u0142atnicz\u0105 PayPal do Wix (2025)","isPartOf":{"@id":"https:\/\/elfsight.com\/pl\/#website"},"datePublished":"1970-01-01T00:00:00+00:00","dateModified":"2024-11-14T12:44:26+00:00","description":"Skonstruuj indywidualny przycisk PayPal dla swojej witryny Wix w zaledwie 3 minuty! Wypr\u00f3buj darmowy edytor Elfsight, aby zbudowa\u0107 w\u0142asn\u0105 aplikacj\u0119 p\u0142atnicz\u0105.","breadcrumb":{"@id":"https:\/\/elfsight.com\/pl\/paypal-button-widget-generator\/wix\/#breadcrumb"},"inLanguage":"pl-PL","potentialAction":[{"@type":"ReadAction","target":["https:\/\/elfsight.com\/pl\/paypal-button-widget-generator\/wix\/"]}]},{"@type":"BreadcrumbList","@id":"https:\/\/elfsight.com\/pl\/paypal-button-widget-generator\/wix\/#breadcrumb","itemListElement":[{"@type":"ListItem","position":1,"name":"Home","item":"https:\/\/elfsight.com\/pl\/"},{"@type":"ListItem","position":2,"name":"PayPal Button","item":"https:\/\/elfsight.com\/pl\/paypal-button-widget-generator\/"},{"@type":"ListItem","position":3,"name":"PayPal Button &#8211; Wix"}]},{"@type":"WebSite","@id":"https:\/\/elfsight.com\/pl\/#website","url":"https:\/\/elfsight.com\/pl\/","name":"Elfsight PL","description":"Just another Elfsight Sites site","potentialAction":[{"@type":"SearchAction","target":{"@type":"EntryPoint","urlTemplate":"https:\/\/elfsight.com\/pl\/?s={search_term_string}"},"query-input":{"@type":"PropertyValueSpecification","valueRequired":true,"valueName":"search_term_string"}}],"inLanguage":"pl-PL"}]}},"meta_box":{"industry":"","seo_heading":"","heading":"","description":"","cta_heading":"","cta_description":"","application":"3353","h1":"Aplikacja Wix PayPal Button","h1_caption":"Dodaj przycisk PayPal do swojej witryny, aby m\u00f3c dokonywa\u0107 szybkich i \u0142atwych p\u0142atno\u015bci bezpo\u015brednio przez PayPal na swoj\u0105 witryn\u0119 Wix.","application_category":[],"applications_title":"","applications_request_title":"","applications_request_button_text":"","hero_text":"","hero_video":"","hero_video_schema_markup":"","selling_points_title":"","selling_points_caption":"","selling_points":[],"selling_points_cta_text":"","features_title":"","features":"","ed_cta_examples_text":"","ed_cta_examples_hidden":"","ed_cta_demo_text":"","ed_cta_demo_hidden":"","why_caption":"","why_editor_title":"","why_editor_text":"","why_team_title":"","why_team_text":"","why_service_title":"","why_service_text":"","template_catalog_visible":"","template_catalog_title":"","template_catalog_text":"","template_catalog_categories_visible":"","demo_title":"Utw\u00f3rz aplikacj\u0119 przycisku PayPal","demo_caption":"Skonfiguruj sw\u00f3j przycisk PayPal i dodaj go za darmo do swojej witryny Wix!","default_faq_hidden":"","app_template_category":[],"platform":"30","template_public_id":"","codecanyon_url":"","codecanyon_item_id":"","codecanyon_price":"","pricing_caption":"","pricing_elfsight_apps_hide_column":"","pricing_elfsight_apps_url":"","pricing_codecanyon_price_caption":"","integration_category":[],"integration_request_title":"","integration_request_cta":"","integration_platform":"","integrations":[],"platform_category":[],"video_schema_markup":"","price":"od 0 USD \/ miesi\u0105c","trial":"","benefits":[{"text":"Bezp\u0142atna pomoc w monta\u017cu"},{"text":"Bezp\u0142atna pomoc w monta\u017cu"},{"text":"14-dniowa gwarancja zwrotu pieni\u0119dzy"}],"button_url":"#demo","button_target_blank":"","button_nofollow":"","attributes":[{"name":"Instaluje"},{"name":"Czu\u0142y"},{"name":"Kompatybilne przegl\u0105darki"}],"tags":[],"tags_disable_links":"","hide_more_platforms":"","video_object":"","demo_hide_cta":"","demo_hide_cloud_options":"","pricing_title":"","pricing":[{"pricing_icon":"platform","pricing_title":"Elfsight Apps","pricing_title_caption":"Wersja wieloplatformowa, kt\u00f3ra dzia\u0142a na ka\u017cdej stronie internetowej","pricing_price":"od 0 USD \/ miesi\u0105c","pricing_price_caption":"zacznij od bezp\u0142atnego planu","pricing_benefits":[{"text":"Nieograniczona liczba domen"},{"text":"Bezp\u0142atne wsparcie"},{"text":"Bezp\u0142atne wsparcie instalacyjne"},{"text":"Specjalna cena za wiele aplikacji"}],"pricing_button_text":"Dodaj do witryny","pricing_button_url":"#demo"}],"related_apps_title":"","related_apps_hidden":"","author":"","image":[],"title":"","job":"","social_networks":[]},"_links":{"self":[{"href":"https:\/\/elfsight.com\/pl\/wp-json\/wp\/v2\/pages\/5759","targetHints":{"allow":["GET"]}}],"collection":[{"href":"https:\/\/elfsight.com\/pl\/wp-json\/wp\/v2\/pages"}],"about":[{"href":"https:\/\/elfsight.com\/pl\/wp-json\/wp\/v2\/types\/page"}],"author":[{"embeddable":true,"href":"https:\/\/elfsight.com\/pl\/wp-json\/wp\/v2\/users\/9"}],"replies":[{"embeddable":true,"href":"https:\/\/elfsight.com\/pl\/wp-json\/wp\/v2\/comments?post=5759"}],"version-history":[{"count":2,"href":"https:\/\/elfsight.com\/pl\/wp-json\/wp\/v2\/pages\/5759\/revisions"}],"predecessor-version":[{"id":7881,"href":"https:\/\/elfsight.com\/pl\/wp-json\/wp\/v2\/pages\/5759\/revisions\/7881"}],"up":[{"embeddable":true,"href":"https:\/\/elfsight.com\/pl\/wp-json\/wp\/v2\/pages\/2597"}],"wp:attachment":[{"href":"https:\/\/elfsight.com\/pl\/wp-json\/wp\/v2\/media?parent=5759"}],"curies":[{"name":"wp","href":"https:\/\/api.w.org\/{rel}","templated":true}]}}