{"id":5758,"date":"1970-01-01T00:00:00","date_gmt":"1970-01-01T00:00:00","guid":{"rendered":"https:\/\/elfsight.com\/pl\/?page_id=5758"},"modified":"2025-06-25T16:14:13","modified_gmt":"2025-06-25T16:14:13","slug":"wordpress","status":"publish","type":"page","link":"https:\/\/elfsight.com\/pl\/paypal-button-widget-generator\/wordpress\/","title":{"rendered":"PayPal Button &#8211; WordPress"},"content":{"rendered":"<div class=\"application-platform-content-item-description application-platform-content-item\" id=\"description\" data-nav-section=\"description\"><h2>Umie\u015b\u0107 przycisk PayPal na WordPressie za pomoc\u0105 wid\u017cetu Elfsight<\/h2><p>Umie\u015b\u0107 sprawdzony i \u0142atwy instrument p\u0142atniczy na swojej stronie internetowej. Dzi\u0119ki wtyczce Elfsight PayPal mo\u017cesz przetwarza\u0107 pojedyncze p\u0142atno\u015bci, powtarzaj\u0105ce si\u0119 subskrypcje i darowizny od klient\u00f3w. Zaprojektuj sw\u00f3j spersonalizowany przycisk, wybieraj\u0105c rodzaj p\u0142atno\u015bci, walut\u0119, lokalizacj\u0119 i zmieniaj\u0105c wygl\u0105d, aby uczyni\u0107 go wyj\u0105tkowym. Twoi klienci b\u0119d\u0105 mogli cieszy\u0107 si\u0119 szybk\u0105 i wygodn\u0105 procedur\u0105 p\u0142atno\u015bci w Twojej witrynie za pomoc\u0105 przycisku PayPal.<\/p><p><b>Wykorzystaj wszystkie korzy\u015bci PayPal dla swoich klient\u00f3w i siebie!<\/b><\/p> <p><b>Skuteczne narz\u0119dzie do p\u0142atno\u015bci w Twojej witrynie, kt\u00f3re nie wymaga kodowania w mgnieniu oka<\/b>.<br>Dla kupuj\u0105cych online wygodny i bezpieczny spos\u00f3b p\u0142atno\u015bci ma ogromne znaczenie. Skonstruuj sw\u00f3j przycisk dla PayPal za pomoc\u0105 Elfsight, a zainstalujesz niezawodn\u0105 i szybk\u0105 procedur\u0119 p\u0142atno\u015bci dla swoich klient\u00f3w. Bez kodowania, bez potu.<\/p><p><b>Uniwersalny instrument do przetwarzania p\u0142atno\u015bci, subskrypcji i darowizn<\/b>.<br>Pozw\u00f3l swoim u\u017cytkownikom na sprawdzanie, subskrybowanie i przekazywanie darowizn. Wszystko to jest dost\u0119pne w jednym rozwi\u0105zaniu firmy Elfsight, kt\u00f3re pomaga zaoszcz\u0119dzi\u0107 pieni\u0105dze i czas.<\/p><p><b>Jeden z najbardziej renomowanych i rozpowszechnionych wariant\u00f3w p\u0142atno\u015bci w Twojej witrynie<\/b>.<br>Spraw, aby Twoja witryna by\u0142a naprawd\u0119 wygodna dla klient\u00f3w, aby przyci\u0105gn\u0105\u0107 wi\u0119ksz\u0105 sprzeda\u017c. Pozw\u00f3l u\u017cytkownikom na dokonywanie p\u0142atno\u015bci za pomoc\u0105 popularnego i niezawodnego instrumentu w Twojej witrynie i poka\u017c im, \u017ce mo\u017cna zaufa\u0107 Twojej firmie.<\/p><\/div><div class=\"application-platform-content-item-features application-platform-content-item\" id=\"features\" data-nav-section=\"features\"><h2>G\u0142\u00f3wne funkcje wid\u017cetu Przycisk PayPal<\/h2><p>Sprawd\u017a funkcje, kt\u00f3re czyni\u0105 nasz widget jednym z najlepszych do p\u0142acenia za strony internetowe:<\/p><ul><li>Ustawianie lokalizacji przycisku z predefiniowanej listy kraj\u00f3w;<\/li><li> Mo\u017cliwo\u015b\u0107 ustawienia ceny wysy\u0142ki;<\/li><li>Elastyczny rozmiar zapewniaj\u0105cy optymalny wygl\u0105d na ka\u017cdym urz\u0105dzeniu;<\/li><li>Wyb\u00f3r koloru przycisku;<\/li><li>Poka\u017c lub ukryj tekst logo PayPal.<\/li><li> <\/ul><\/div><div class=\"application-platform-content-item-installation application-platform-content-item\" id=\"installation\" data-nav-section=\"installation\"><h2>Jak doda\u0107 wtyczk\u0119 przycisku PayPal do witryny WordPress<\/h2><div class=\"video-container\"><iframe width=\"720\" height=\"405\" src=\"https:\/\/www.youtube.com\/embed\/AqVDLoeIajA\" frameborder=\"0\" allowfullscreen=\"\"><\/iframe><\/div><p>Wystarczy wykona\u0107 przedstawione kroki poni\u017cej, aby rozpocz\u0105\u0107 prac\u0119 z wtyczk\u0105 w WordPress.<\/p> <ol><li><b>Uruchom nasz darmowy edytor i zacznij kszta\u0142towa\u0107 sw\u00f3j niestandardowy instrument. <\/b><br> Okre\u015bl niestandardowy wygl\u0105d i cechy wid\u017cetu i zapisz poprawki. <\/li> <li><b>Zdob\u0105d\u017a indywidualny kod, kt\u00f3ry pojawi si\u0119 w oknie aplikacji Elfsight. <\/b><br> Po skonfigurowaniu osobistej wtyczki przycisku PayPal skopiuj indywidualny kod z wy\u015bwietlonego pola i zachowaj go do dalszego wykorzystania. <\/li> <li><b>Rozpocznij korzystanie z narz\u0119dzia na swojej stronie WordPress. <\/b><br> Zintegruj skopiowany wcze\u015bniej kod w swojej witrynie i zastosuj ulepszenia. <\/li> <li><b>Instalacja zosta\u0142a w pe\u0142ni przeprowadzona. <\/b><br> Przejd\u017a do swojej witryny i sprawd\u017a, jak dzia\u0142a widget. <\/li><\/ol><p>Nie uda\u0142o Ci si\u0119 utworzy\u0107 lub doda\u0107 wid\u017cetu PayPal na swojej stronie internetowej? Skontaktuj si\u0119 z naszym centrum pomocy.<\/p><\/div><div class=\"faq\" data-component=\"FAQ\"><div class=\"faq-item\">\r\n\t\t\t\t\t<div class=\"faq-item-question\">\r\n\t\t\t\t\t\t<h3 class=\"faq-item-question-text\">Jak mog\u0119 osadzi\u0107 przycisk PayPal w moim WordPressie? <\/h3>\r\n\r\n\t\t\t\t\t\t<div class=\"faq-item-question-icon\"><\/div>\r\n\t\t\t\t\t<\/div>\r\n\r\n\t\t\t\t\t<div class=\"faq-item-answer\">\r\n\t\t\t\t\t\t<div class=\"faq-item-answer-text\"><p>Tworzenie narz\u0119dzie odbywa si\u0119 w witrynie Elfsight i nie trzeba kodowa\u0107. Skorzystaj z naszego aktywnego demo, aby spersonalizowa\u0107 sw\u00f3j osobisty widget, zdob\u0105d\u017a kod i zaimplementuj go na swojej stronie. <\/p><\/div>\r\n\t\t\t\t\t<\/div>\r\n\t\t\t\t<\/div><div class=\"faq-item\">\r\n\t\t\t\t\t<div class=\"faq-item-question\">\r\n\t\t\t\t\t\t<h3 class=\"faq-item-question-text\">Najlepsze przyk\u0142ady wykorzystania integracji z PayPal<\/h3>\r\n\r\n\t\t\t\t\t\t<div class=\"faq-item-question-icon\"><\/div>\r\n\t\t\t\t\t<\/div>\r\n\r\n\t\t\t\t\t<div class=\"faq-item-answer\">\r\n\t\t\t\t\t\t<div class=\"faq-item-answer-text\"><p>Zapewniamy szeroki zakres mo\u017cliwo\u015bci dostosowania: pe\u0142nowymiarowe wid\u017cety do wstawiania w strefie tre\u015bci , p\u0142ywaj\u0105ce wid\u017cety umo\u017cliwiaj\u0105ce przewijanie, uk\u0142ady stopki witryny, sekcji nag\u0142\u00f3wka i wszystkie warianty mo\u017cliwo\u015bci pionowych pask\u00f3w bocznych i menu. <\/p><\/div>\r\n\t\t\t\t\t<\/div>\r\n\t\t\t\t<\/div><div class=\"faq-item\">\r\n\t\t\t\t\t<div class=\"faq-item-question\">\r\n\t\t\t\t\t\t<h3 class=\"faq-item-question-text\">Czy mog\u0119 utworzy\u0107 przycisk PayPal do realizacji transakcji lub darowizny za po\u015brednictwem Twojego redaktora? <\/h3>\r\n\r\n\t\t\t\t\t\t<div class=\"faq-item-question-icon\"><\/div>\r\n\t\t\t\t\t<\/div>\r\n\r\n\t\t\t\t\t<div class=\"faq-item-answer\">\r\n\t\t\t\t\t\t<div class=\"faq-item-answer-text\"><p>Mo\u017cesz tworzy\u0107 dowolne odmiany wid\u017cetu. W edytorze dost\u0119pna jest szeroka gama uk\u0142ad\u00f3w, a ka\u017cdy z nich mo\u017cna szybko dostosowa\u0107 do w\u0142asnych potrzeb. <\/p><\/div>\r\n\t\t\t\t\t<\/div>\r\n\t\t\t\t<\/div><\/div>","protected":false},"excerpt":{"rendered":"","protected":false},"author":9,"featured_media":0,"parent":2597,"menu_order":0,"comment_status":"closed","ping_status":"closed","template":"templates\/template-application-platform.php","meta":{"publish_to_discourse":"","publish_post_category":"","wpdc_auto_publish_overridden":"","wpdc_topic_tags":"","wpdc_pin_topic":"","wpdc_pin_until":"","discourse_post_id":"","discourse_permalink":"","wpdc_publishing_response":"","wpdc_publishing_error":"","footnotes":""},"class_list":["post-5758","page","type-page","status-publish","hentry"],"yoast_head":"<!-- This site is optimized with the Yoast SEO plugin v25.3.1 - https:\/\/yoast.com\/wordpress\/plugins\/seo\/ -->\n<title>Przycisk WordPress PayPal - Dodaj wtyczk\u0119 PayPal do witryny WordPress<\/title>\n<meta name=\"description\" content=\"Utw\u00f3rz wtyczk\u0119 przycisku PayPal (darowizna, subskrypcja lub p\u0142atno\u015b\u0107) dla WordPress. Pomoc przy instalacji i innych bonusach od Elfsight!\" \/>\n<meta name=\"robots\" content=\"index, follow, max-snippet:-1, max-image-preview:large, max-video-preview:-1\" \/>\n<link rel=\"canonical\" href=\"https:\/\/elfsight.com\/pl\/paypal-button-widget-generator\/wordpress\/\" \/>\n<meta property=\"og:locale\" content=\"pl_PL\" \/>\n<meta property=\"og:type\" content=\"article\" \/>\n<meta property=\"og:title\" content=\"Przycisk WordPress PayPal - Dodaj wtyczk\u0119 PayPal do witryny WordPress\" \/>\n<meta property=\"og:description\" content=\"Utw\u00f3rz wtyczk\u0119 przycisku PayPal (darowizna, subskrypcja lub p\u0142atno\u015b\u0107) dla WordPress. Pomoc przy instalacji i innych bonusach od Elfsight!\" \/>\n<meta property=\"og:url\" content=\"https:\/\/elfsight.com\/pl\/paypal-button-widget-generator\/wordpress\/\" \/>\n<meta property=\"og:site_name\" content=\"Elfsight PL\" \/>\n<meta property=\"article:modified_time\" content=\"2025-06-25T16:14:13+00:00\" \/>\n<meta name=\"twitter:card\" content=\"summary_large_image\" \/>\n<meta name=\"twitter:label1\" content=\"Szacowany czas czytania\" \/>\n\t<meta name=\"twitter:data1\" content=\"3 minuty\" \/>\n<!-- \/ Yoast SEO plugin. -->","yoast_head_json":{"title":"Przycisk WordPress PayPal - Dodaj wtyczk\u0119 PayPal do witryny WordPress","description":"Utw\u00f3rz wtyczk\u0119 przycisku PayPal (darowizna, subskrypcja lub p\u0142atno\u015b\u0107) dla WordPress. Pomoc przy instalacji i innych bonusach od Elfsight!","robots":{"index":"index","follow":"follow","max-snippet":"max-snippet:-1","max-image-preview":"max-image-preview:large","max-video-preview":"max-video-preview:-1"},"canonical":"https:\/\/elfsight.com\/pl\/paypal-button-widget-generator\/wordpress\/","og_locale":"pl_PL","og_type":"article","og_title":"Przycisk WordPress PayPal - Dodaj wtyczk\u0119 PayPal do witryny WordPress","og_description":"Utw\u00f3rz wtyczk\u0119 przycisku PayPal (darowizna, subskrypcja lub p\u0142atno\u015b\u0107) dla WordPress. Pomoc przy instalacji i innych bonusach od Elfsight!","og_url":"https:\/\/elfsight.com\/pl\/paypal-button-widget-generator\/wordpress\/","og_site_name":"Elfsight PL","article_modified_time":"2025-06-25T16:14:13+00:00","twitter_card":"summary_large_image","twitter_misc":{"Szacowany czas czytania":"3 minuty"},"schema":{"@context":"https:\/\/schema.org","@graph":[{"@type":"WebPage","@id":"https:\/\/elfsight.com\/pl\/paypal-button-widget-generator\/wordpress\/","url":"https:\/\/elfsight.com\/pl\/paypal-button-widget-generator\/wordpress\/","name":"Przycisk WordPress PayPal - Dodaj wtyczk\u0119 PayPal do witryny WordPress","isPartOf":{"@id":"https:\/\/elfsight.com\/pl\/#website"},"datePublished":"1970-01-01T00:00:00+00:00","dateModified":"2025-06-25T16:14:13+00:00","description":"Utw\u00f3rz wtyczk\u0119 przycisku PayPal (darowizna, subskrypcja lub p\u0142atno\u015b\u0107) dla WordPress. Pomoc przy instalacji i innych bonusach od Elfsight!","breadcrumb":{"@id":"https:\/\/elfsight.com\/pl\/paypal-button-widget-generator\/wordpress\/#breadcrumb"},"inLanguage":"pl-PL","potentialAction":[{"@type":"ReadAction","target":["https:\/\/elfsight.com\/pl\/paypal-button-widget-generator\/wordpress\/"]}]},{"@type":"BreadcrumbList","@id":"https:\/\/elfsight.com\/pl\/paypal-button-widget-generator\/wordpress\/#breadcrumb","itemListElement":[{"@type":"ListItem","position":1,"name":"Home","item":"https:\/\/elfsight.com\/pl\/"},{"@type":"ListItem","position":2,"name":"PayPal Button","item":"https:\/\/elfsight.com\/pl\/paypal-button-widget-generator\/"},{"@type":"ListItem","position":3,"name":"PayPal Button &#8211; WordPress"}]},{"@type":"WebSite","@id":"https:\/\/elfsight.com\/pl\/#website","url":"https:\/\/elfsight.com\/pl\/","name":"Elfsight PL","description":"Just another Elfsight Sites site","potentialAction":[{"@type":"SearchAction","target":{"@type":"EntryPoint","urlTemplate":"https:\/\/elfsight.com\/pl\/?s={search_term_string}"},"query-input":{"@type":"PropertyValueSpecification","valueRequired":true,"valueName":"search_term_string"}}],"inLanguage":"pl-PL"}]}},"meta_box":{"industry":"","seo_heading":"","heading":"","description":"","cta_heading":"","cta_description":"","application":"3353","h1":"Wtyczka przycisku WordPress PayPal","h1_caption":"Przedstaw na swojej stronie jedn\u0105 z najbardziej zaufanych metod p\u0142atno\u015bci","application_category":[],"applications_title":"","applications_request_title":"","applications_request_button_text":"","hero_text":"","hero_video":"","hero_video_schema_markup":"","selling_points_title":"","selling_points_caption":"","selling_points":[],"selling_points_cta_text":"","features_title":"","features":"","ed_cta_examples_text":"","ed_cta_examples_hidden":"","ed_cta_demo_text":"","ed_cta_demo_hidden":"","why_caption":"","why_editor_title":"","why_editor_text":"","why_team_title":"","why_team_text":"","why_service_title":"","why_service_text":"","template_catalog_visible":"0","template_catalog_title":"","template_catalog_text":"","template_catalog_categories_visible":"","demo_title":"Utw\u00f3rz wtyczk\u0119 przycisku PayPal","demo_caption":"Skonfiguruj sw\u00f3j przycisk PayPal i dodaj go za darmo do swojej witryny WordPress!","default_faq_hidden":"","app_template_category":[],"platform":"31","template_public_id":"","codecanyon_url":"","codecanyon_item_id":"","codecanyon_price":"","pricing_caption":"","pricing_elfsight_apps_hide_column":"","pricing_elfsight_apps_url":"","pricing_codecanyon_price_caption":"","integration_category":[],"integration_request_title":"","integration_request_cta":"","integration_platform":"","integrations":[],"platform_category":[],"video_schema_markup":"","price":"od 0 USD \/ miesi\u0105c","trial":"","benefits":[{"text":"Bezp\u0142atna us\u0142uga monta\u017cu"},{"text":"Do\u015bwiadczona obs\u0142uga klienta"},{"text":"14-dniowa gwarancja zwrotu pieni\u0119dzy"}],"button_url":"#demo","button_target_blank":"0","button_nofollow":"0","attributes":[{"name":"Instaluje"},{"name":"Czu\u0142y"},{"name":"Kompatybilne przegl\u0105darki"}],"tags":[],"tags_disable_links":"0","hide_more_platforms":"0","video_object":"","demo_hide_cta":"0","demo_hide_cloud_options":"0","pricing_title":"","pricing":[{"pricing_icon":"platform","pricing_title":"Elfsight Apps","pricing_title_caption":"Oprogramowanie niezale\u017cne od platformy, kt\u00f3re dzia\u0142a na ka\u017cdej stronie internetowej","pricing_price":"od 0 USD \/ miesi\u0105c","pricing_price_caption":"zacznij od bezp\u0142atnego planu","pricing_benefits":[{"text":"Nielimitowane strony internetowe"},{"text":"Profesjonalne wsparcie firmy"},{"text":"Bezp\u0142atne wsparcie instalacyjne"},{"text":"Oferta ograniczona czasowo dla wielu aplikacji"}],"pricing_button_text":"Dodaj do witryny","pricing_button_url":"#demo"}],"related_apps_title":"","related_apps_hidden":"0","author":"","image":[],"title":"","job":"","social_networks":[]},"_links":{"self":[{"href":"https:\/\/elfsight.com\/pl\/wp-json\/wp\/v2\/pages\/5758","targetHints":{"allow":["GET"]}}],"collection":[{"href":"https:\/\/elfsight.com\/pl\/wp-json\/wp\/v2\/pages"}],"about":[{"href":"https:\/\/elfsight.com\/pl\/wp-json\/wp\/v2\/types\/page"}],"author":[{"embeddable":true,"href":"https:\/\/elfsight.com\/pl\/wp-json\/wp\/v2\/users\/9"}],"replies":[{"embeddable":true,"href":"https:\/\/elfsight.com\/pl\/wp-json\/wp\/v2\/comments?post=5758"}],"version-history":[{"count":3,"href":"https:\/\/elfsight.com\/pl\/wp-json\/wp\/v2\/pages\/5758\/revisions"}],"predecessor-version":[{"id":10518,"href":"https:\/\/elfsight.com\/pl\/wp-json\/wp\/v2\/pages\/5758\/revisions\/10518"}],"up":[{"embeddable":true,"href":"https:\/\/elfsight.com\/pl\/wp-json\/wp\/v2\/pages\/2597"}],"wp:attachment":[{"href":"https:\/\/elfsight.com\/pl\/wp-json\/wp\/v2\/media?parent=5758"}],"curies":[{"name":"wp","href":"https:\/\/api.w.org\/{rel}","templated":true}]}}