{"id":5752,"date":"1970-01-01T00:00:00","date_gmt":"1970-01-01T00:00:00","guid":{"rendered":"https:\/\/elfsight.com\/pl\/?page_id=5752"},"modified":"2024-11-14T12:39:55","modified_gmt":"2024-11-14T12:39:55","slug":"elementor","status":"publish","type":"page","link":"https:\/\/elfsight.com\/pl\/paypal-button-widget-generator\/elementor\/","title":{"rendered":"PayPal Button &#8211; Elementor"},"content":{"rendered":"<div class=\"application-platform-content-item-description application-platform-content-item\" id=\"description\" data-nav-section=\"description\"> <h2>Umie\u015b\u0107 przycisk PayPal w Elementorze za pomoc\u0105 wid\u017cetu Elfsight<\/h2> <p>Zorganizuj niezawodne i wygodne p\u0142atno\u015bci w swojej witrynie bez wi\u0119kszego wysi\u0142ku. Dzi\u0119ki przyciskowi PayPal Elfsight mo\u017cesz \u0142atwo i bezpiecznie akceptowa\u0107 p\u0142atno\u015bci, okresowe subskrypcje i darowizny od swoich klient\u00f3w. Stw\u00f3rz sw\u00f3j w\u0142asny, niestandardowy przycisk, wybieraj\u0105c wariant p\u0142atno\u015bci, walut\u0119, lokalizacj\u0119 i wybieraj\u0105c wygl\u0105d, aby by\u0142 naprawd\u0119 wyj\u0105tkowy. Twoim klientom spodoba si\u0119 szybkie i wygodne p\u0142acenie w Twojej witrynie za pomoc\u0105 przycisku PayPal.<\/p> <p><b>Wprowad\u017a p\u0142atno\u015bci PayPal w swojej witrynie bez wi\u0119kszego wysi\u0142ku!<\/b><\/p> <p><b>A popularny system p\u0142atno\u015bci teraz na Twojej stronie internetowej. Szybko, \u0142atwo, bez kodowania.<\/b><br>Kupuj\u0105cy doceniaj\u0105 mo\u017cliwo\u015b\u0107 bezpiecznych p\u0142atno\u015bci na stronie internetowej. Skonfiguruj sw\u00f3j w\u0142asny przycisk PayPal za pomoc\u0105 Elfsight, a b\u0119dziesz mie\u0107 nieskomplikowane i szybkie narz\u0119dzie do p\u0142acenia swoim kupuj\u0105cym. Bez kodowania, bez po\u015bpiechu.<\/p> <p><b>Jeden instrument do przetwarzania p\u0142atno\u015bci, subskrypcji i darowizn.<\/b><br>Maj\u0105c tylko jeden widget firmy Elfsight, mo\u017cesz doda\u0107 przyciski umo\u017cliwiaj\u0105ce klientom p\u0142atno\u015b\u0107 , subskrybuj i przeka\u017c darowizn\u0119 na swojej stronie. Oszcz\u0119dzaj czas i pieni\u0105dze, korzystaj\u0105c z wielofunkcyjnego rozwi\u0105zania, kt\u00f3re zapewnia zestaw praktycznych wariant\u00f3w.<\/p> <p><b>Jeden z najbezpieczniejszych i najbardziej znanych system\u00f3w p\u0142atno\u015bci w Twojej witrynie.<\/b><br>Nie przegap szansy na integracj\u0119 swojej witryny z jednym z najbezpieczniejszych i niezawodnych instrument\u00f3w p\u0142atniczych. Dzi\u0119ki Elfsight PayPal Button zrobi to w ci\u0105gu kilku sekund i zapewni maksymalny komfort Twoim u\u017cytkownikom.<\/p> <\/div><div class=\"application-platform-content-item-features application-platform-content-item\" id=\"features\" data-nav-section=\"features\"> <h2>G\u0142\u00f3wne cechy wid\u017cetu Przycisk PayPal<\/h2> <p>Odkryj funkcje, kt\u00f3re sprawiaj\u0105, \u017ce nasz widget jest najlepszy do p\u0142atno\u015bci internetowych:<\/p> <ul><li>Mo\u017cliwo\u015b\u0107 dodania nazwy produktu;<\/li><li>Wybierz jeden z okres\u00f3w rozliczeniowych: dzienny, tygodniowy, miesi\u0119czny , rocznie;<\/li><li>Elastyczny rozmiar zapewniaj\u0105cy optymalny wygl\u0105d na ka\u017cdym urz\u0105dzeniu;<\/li><li>Wyb\u00f3r koloru przycisku;<\/li><li>Mo\u017cliwo\u015b\u0107 skierowania klienta do niestandardowej strony z podzi\u0119kowaniami po transakcja udana.<\/li><\/ul> <p><a href=\"#demo\">Przeczytaj wszystko<\/a><\/p><\/div><div class=\"application-platform-content-item-installation application-platform-content-item\" id=\"installation\" data-nav-section=\"installation\"><h2> Jak doda\u0107 przycisk PayPal do witryny Elementor<\/h2><div class=\"video-container\"><iframe width=\"720\" height=\"405\" src=\"https:\/\/www.youtube.com\/embed\/w-Iao9d-pIM\" frameborder=\"0\" allowfullscreen=\"\"><\/iframe><\/div><p>Przybli\u017cony czas realizacji to zaledwie 70 sekund, a mi\u0142ym bonusem jest to, \u017ce nie potrzebujesz umiej\u0119tno\u015bci programowania.<\/p><ol><li><b>Wygeneruj sw\u00f3j indywidualny przycisk PayPal<\/b><br> Korzystaj\u0105c z naszego bezp\u0142atnego edytora, zbuduj wtyczk\u0119 o po\u017c\u0105danym wygl\u0105dzie i parametrach potrzebnych dla Twojego sklepu.<\/li><li><b>Uzyskaj unikalny kod kodu umo\u017cliwiaj\u0105cy wy\u015bwietlenie wtyczki<\/b><br> Po ustawieniu wid\u017cetu pobierz kod wtyczki PayPal z wy\u015bwietlonego okna aplikacji Elfsight.<\/li><li><b>Wy\u015bwietl wtyczka na stronie Elementora<\/b><br> Osad\u017a wtyczk\u0119 na wybranej stronie lub cz\u0119\u015bci szablonu i zapisz zmiany.<\/li><li><b>Konfiguracja zosta\u0142a uko\u0144czona<\/b><br> Przejd\u017a do swojej witryny , aby sprawdzi\u0107 wtyczk\u0119.<\/li><\/ol><p>Je\u015bli s\u0105 jakie\u015b pytania lub problemy z wtyczk\u0105, nie poddawaj si\u0119! Skontaktuj si\u0119 z naszym centrum pomocy. Prze\u015blij szczeg\u00f3\u0142owe wyja\u015bnienie swojego pytania, a nasz zesp\u00f3\u0142 ch\u0119tnie Ci pomo\u017ce. <\/p><\/div><div class=\"faq\" data-component=\"FAQ\"><div class=\"faq-item\">\r\n\t\t\t\t\t<div class=\"faq-item-question\">\r\n\t\t\t\t\t\t<h3 class=\"faq-item-question-text\">Jak mog\u0119 osadzi\u0107 przycisk PayPal w witrynie Elementor? <\/h3>\r\n\r\n\t\t\t\t\t\t<div class=\"faq-item-question-icon\"><\/div>\r\n\t\t\t\t\t<\/div>\r\n\r\n\t\t\t\t\t<div class=\"faq-item-answer\">\r\n\t\t\t\t\t\t<div class=\"faq-item-answer-text\"><p>Nast\u0119puje tworzenie narz\u0119dzia w witrynie Elfsight i nie musisz kodowa\u0107. Skorzystaj z wersji demonstracyjnej na \u017cywo, aby dostosowa\u0107 swoj\u0105 aplikacj\u0119, zdob\u0105d\u017a kod i umie\u015b\u0107 go na swojej stronie internetowej. <\/p><\/div>\r\n\t\t\t\t\t<\/div>\r\n\t\t\t\t<\/div><div class=\"faq-item\">\r\n\t\t\t\t\t<div class=\"faq-item-question\">\r\n\t\t\t\t\t\t<h3 class=\"faq-item-question-text\">Najlepsze przyk\u0142ady wykorzystania integracji wid\u017cet\u00f3w PayPal<\/h3>\r\n\r\n\t\t\t\t\t\t<div class=\"faq-item-question-icon\"><\/div>\r\n\t\t\t\t\t<\/div>\r\n\r\n\t\t\t\t\t<div class=\"faq-item-answer\">\r\n\t\t\t\t\t\t<div class=\"faq-item-answer-text\"><p>Zapewnimy mn\u00f3stwo opcji dostosowywania: pe\u0142nowymiarowe wid\u017cety do wdro\u017cenia w strefa tre\u015bci, p\u0142ywaj\u0105ce wid\u017cety z mo\u017cliwo\u015bci\u0105 przewijania, miniatury stopki Twojej witryny, sekcja nag\u0142\u00f3wka i wszelkiego rodzaju pionowe mo\u017cliwo\u015bci pask\u00f3w bocznych i menu witryny. <\/p><\/div>\r\n\t\t\t\t\t<\/div>\r\n\t\t\t\t<\/div><div class=\"faq-item\">\r\n\t\t\t\t\t<div class=\"faq-item-question\">\r\n\t\t\t\t\t\t<h3 class=\"faq-item-question-text\">Czy mog\u0119 utworzy\u0107 przycisk darowizny lub kasy PayPal za pomoc\u0105 Twojego edytora? <\/h3>\r\n\r\n\t\t\t\t\t\t<div class=\"faq-item-question-icon\"><\/div>\r\n\t\t\t\t\t<\/div>\r\n\r\n\t\t\t\t\t<div class=\"faq-item-answer\">\r\n\t\t\t\t\t\t<div class=\"faq-item-answer-text\"><p>Mo\u017cesz stworzy\u0107 zmiany w dowolnym wid\u017cecie. W edytorze dost\u0119pnych jest wiele uk\u0142ad\u00f3w, a ka\u017cdy z nich mo\u017cna \u0142atwo dostosowa\u0107 do w\u0142asnych potrzeb. <\/p><\/div>\r\n\t\t\t\t\t<\/div>\r\n\t\t\t\t<\/div><\/div>","protected":false},"excerpt":{"rendered":"","protected":false},"author":9,"featured_media":0,"parent":2597,"menu_order":0,"comment_status":"closed","ping_status":"closed","template":"templates\/template-application-platform.php","meta":{"publish_to_discourse":"","publish_post_category":"","wpdc_auto_publish_overridden":"","wpdc_topic_tags":"","wpdc_pin_topic":"","wpdc_pin_until":"","discourse_post_id":"","discourse_permalink":"","wpdc_publishing_response":"","wpdc_publishing_error":"","footnotes":""},"class_list":["post-5752","page","type-page","status-publish","hentry"],"yoast_head":"<!-- This site is optimized with the Yoast SEO plugin v25.3.1 - https:\/\/yoast.com\/wordpress\/plugins\/seo\/ -->\n<title>Wid\u017cet przycisku PayPal dla witryny Elementor (2025)<\/title>\n<meta name=\"description\" content=\"Uzyskaj dostosowany wid\u017cet przycisku PayPal dla witryny Elementor. Utworzenie wtyczki w naszym podr\u0119cznym panelu wtyczek zajmuje zaledwie 2 minuty.\" \/>\n<meta name=\"robots\" content=\"index, follow, max-snippet:-1, max-image-preview:large, max-video-preview:-1\" \/>\n<link rel=\"canonical\" href=\"https:\/\/elfsight.com\/pl\/paypal-button-widget-generator\/elementor\/\" \/>\n<meta property=\"og:locale\" content=\"pl_PL\" \/>\n<meta property=\"og:type\" content=\"article\" \/>\n<meta property=\"og:title\" content=\"Wid\u017cet przycisku PayPal dla witryny Elementor (2025)\" \/>\n<meta property=\"og:description\" content=\"Uzyskaj dostosowany wid\u017cet przycisku PayPal dla witryny Elementor. Utworzenie wtyczki w naszym podr\u0119cznym panelu wtyczek zajmuje zaledwie 2 minuty.\" \/>\n<meta property=\"og:url\" content=\"https:\/\/elfsight.com\/pl\/paypal-button-widget-generator\/elementor\/\" \/>\n<meta property=\"og:site_name\" content=\"Elfsight PL\" \/>\n<meta property=\"article:modified_time\" content=\"2024-11-14T12:39:55+00:00\" \/>\n<meta name=\"twitter:card\" content=\"summary_large_image\" \/>\n<meta name=\"twitter:label1\" content=\"Szacowany czas czytania\" \/>\n\t<meta name=\"twitter:data1\" content=\"3 minuty\" \/>\n<!-- \/ Yoast SEO plugin. -->","yoast_head_json":{"title":"Wid\u017cet przycisku PayPal dla witryny Elementor (2025)","description":"Uzyskaj dostosowany wid\u017cet przycisku PayPal dla witryny Elementor. Utworzenie wtyczki w naszym podr\u0119cznym panelu wtyczek zajmuje zaledwie 2 minuty.","robots":{"index":"index","follow":"follow","max-snippet":"max-snippet:-1","max-image-preview":"max-image-preview:large","max-video-preview":"max-video-preview:-1"},"canonical":"https:\/\/elfsight.com\/pl\/paypal-button-widget-generator\/elementor\/","og_locale":"pl_PL","og_type":"article","og_title":"Wid\u017cet przycisku PayPal dla witryny Elementor (2025)","og_description":"Uzyskaj dostosowany wid\u017cet przycisku PayPal dla witryny Elementor. Utworzenie wtyczki w naszym podr\u0119cznym panelu wtyczek zajmuje zaledwie 2 minuty.","og_url":"https:\/\/elfsight.com\/pl\/paypal-button-widget-generator\/elementor\/","og_site_name":"Elfsight PL","article_modified_time":"2024-11-14T12:39:55+00:00","twitter_card":"summary_large_image","twitter_misc":{"Szacowany czas czytania":"3 minuty"},"schema":{"@context":"https:\/\/schema.org","@graph":[{"@type":"WebPage","@id":"https:\/\/elfsight.com\/pl\/paypal-button-widget-generator\/elementor\/","url":"https:\/\/elfsight.com\/pl\/paypal-button-widget-generator\/elementor\/","name":"Wid\u017cet przycisku PayPal dla witryny Elementor (2025)","isPartOf":{"@id":"https:\/\/elfsight.com\/pl\/#website"},"datePublished":"1970-01-01T00:00:00+00:00","dateModified":"2024-11-14T12:39:55+00:00","description":"Uzyskaj dostosowany wid\u017cet przycisku PayPal dla witryny Elementor. Utworzenie wtyczki w naszym podr\u0119cznym panelu wtyczek zajmuje zaledwie 2 minuty.","breadcrumb":{"@id":"https:\/\/elfsight.com\/pl\/paypal-button-widget-generator\/elementor\/#breadcrumb"},"inLanguage":"pl-PL","potentialAction":[{"@type":"ReadAction","target":["https:\/\/elfsight.com\/pl\/paypal-button-widget-generator\/elementor\/"]}]},{"@type":"BreadcrumbList","@id":"https:\/\/elfsight.com\/pl\/paypal-button-widget-generator\/elementor\/#breadcrumb","itemListElement":[{"@type":"ListItem","position":1,"name":"Home","item":"https:\/\/elfsight.com\/pl\/"},{"@type":"ListItem","position":2,"name":"PayPal Button","item":"https:\/\/elfsight.com\/pl\/paypal-button-widget-generator\/"},{"@type":"ListItem","position":3,"name":"PayPal Button &#8211; Elementor"}]},{"@type":"WebSite","@id":"https:\/\/elfsight.com\/pl\/#website","url":"https:\/\/elfsight.com\/pl\/","name":"Elfsight PL","description":"Just another Elfsight Sites site","potentialAction":[{"@type":"SearchAction","target":{"@type":"EntryPoint","urlTemplate":"https:\/\/elfsight.com\/pl\/?s={search_term_string}"},"query-input":{"@type":"PropertyValueSpecification","valueRequired":true,"valueName":"search_term_string"}}],"inLanguage":"pl-PL"}]}},"meta_box":{"industry":"","seo_heading":"","heading":"","description":"","cta_heading":"","cta_description":"","application":"3353","h1":"Przycisk PayPal Elementora","h1_caption":"Dodaj przycisk PayPal do swojej witryny, aby bez wysi\u0142ku dokonywa\u0107 szybkich i \u0142atwych p\u0142atno\u015bci bezpo\u015brednio przez PayPal na swoj\u0105 witryn\u0119 Elementor.","application_category":[],"applications_title":"","applications_request_title":"","applications_request_button_text":"","hero_text":"","hero_video":"","hero_video_schema_markup":"","selling_points_title":"","selling_points_caption":"","selling_points":[],"selling_points_cta_text":"","features_title":"","features":"","ed_cta_examples_text":"","ed_cta_examples_hidden":"","ed_cta_demo_text":"","ed_cta_demo_hidden":"","why_caption":"","why_editor_title":"","why_editor_text":"","why_team_title":"","why_team_text":"","why_service_title":"","why_service_text":"","template_catalog_visible":"","template_catalog_title":"","template_catalog_text":"","template_catalog_categories_visible":"","demo_title":"Utw\u00f3rz wid\u017cet przycisku PayPal","demo_caption":"Skonfiguruj sw\u00f3j przycisk PayPal i dodaj go za darmo do swojej witryny Elementor!","default_faq_hidden":"","app_template_category":[],"platform":"268","template_public_id":"","codecanyon_url":"","codecanyon_item_id":"","codecanyon_price":"","pricing_caption":"","pricing_elfsight_apps_hide_column":"","pricing_elfsight_apps_url":"","pricing_codecanyon_price_caption":"","integration_category":[],"integration_request_title":"","integration_request_cta":"","integration_platform":"","integrations":[],"platform_category":[],"video_schema_markup":"","price":"od 0 USD \/ miesi\u0105c","trial":"","benefits":[{"text":"Bezp\u0142atna us\u0142uga monta\u017cu"},{"text":"Wsparcie premium"},{"text":"14-dniowa gwarancja zwrotu pieni\u0119dzy"}],"button_url":"#demo","button_target_blank":"","button_nofollow":"","attributes":[{"name":"Instaluje"},{"name":"Czu\u0142y"},{"name":"Kompatybilne przegl\u0105darki"}],"tags":[],"tags_disable_links":"","hide_more_platforms":"","video_object":"","demo_hide_cta":"","demo_hide_cloud_options":"","pricing_title":"","pricing":[{"pricing_icon":"platform","pricing_title":"Elfsight Apps","pricing_title_caption":"Wersja wieloplatformowa","pricing_price":"od 0 USD \/ miesi\u0105c","pricing_price_caption":"zacznij od bezp\u0142atnego planu","pricing_benefits":[{"text":"Nielimitowane strony internetowe"},{"text":"Dedykowane wsparcie firmy"},{"text":"Bezp\u0142atna pomoc w monta\u017cu"},{"text":"\u015awietna oferta na wiele aplikacji"}],"pricing_button_text":"Dodaj do witryny","pricing_button_url":"#demo"}],"related_apps_title":"","related_apps_hidden":"","author":"","image":[],"title":"","job":"","social_networks":[]},"_links":{"self":[{"href":"https:\/\/elfsight.com\/pl\/wp-json\/wp\/v2\/pages\/5752","targetHints":{"allow":["GET"]}}],"collection":[{"href":"https:\/\/elfsight.com\/pl\/wp-json\/wp\/v2\/pages"}],"about":[{"href":"https:\/\/elfsight.com\/pl\/wp-json\/wp\/v2\/types\/page"}],"author":[{"embeddable":true,"href":"https:\/\/elfsight.com\/pl\/wp-json\/wp\/v2\/users\/9"}],"replies":[{"embeddable":true,"href":"https:\/\/elfsight.com\/pl\/wp-json\/wp\/v2\/comments?post=5752"}],"version-history":[{"count":2,"href":"https:\/\/elfsight.com\/pl\/wp-json\/wp\/v2\/pages\/5752\/revisions"}],"predecessor-version":[{"id":7879,"href":"https:\/\/elfsight.com\/pl\/wp-json\/wp\/v2\/pages\/5752\/revisions\/7879"}],"up":[{"embeddable":true,"href":"https:\/\/elfsight.com\/pl\/wp-json\/wp\/v2\/pages\/2597"}],"wp:attachment":[{"href":"https:\/\/elfsight.com\/pl\/wp-json\/wp\/v2\/media?parent=5752"}],"curies":[{"name":"wp","href":"https:\/\/api.w.org\/{rel}","templated":true}]}}