{"id":5751,"date":"1970-01-01T00:00:00","date_gmt":"1970-01-01T00:00:00","guid":{"rendered":"https:\/\/elfsight.com\/pl\/?page_id=5751"},"modified":"2024-11-14T09:31:23","modified_gmt":"2024-11-14T09:31:23","slug":"iframe","status":"publish","type":"page","link":"https:\/\/elfsight.com\/pl\/paypal-button-widget-generator\/iframe\/","title":{"rendered":"PayPal Button &#8211; iFrame"},"content":{"rendered":"<div class=\"application-platform-content-item-description application-platform-content-item\" id=\"description\" data-nav-section=\"description\"> <h2>Osad\u017a przycisk PayPal w ramce iFrame za pomoc\u0105 wid\u017cetu Elfsight<\/h2> <p>Przycisk PayPal Elfsight to prosty spos\u00f3b na umo\u017cliwienie klientom p\u0142atno\u015bci za po\u015brednictwem PayPal na Twojej stronie internetowej. Za pomoc\u0105 naszego narz\u0119dzia mo\u017cesz wy\u015bwietla\u0107 przyciski p\u0142atno\u015bci jednorazowych, subskrypcji i darowizn. Mo\u017cesz doda\u0107 podatek i cen\u0119 wysy\u0142ki, wybra\u0107 lokalizacj\u0119 i walut\u0119, doda\u0107 tekst i wiele wi\u0119cej. Zainstaluj dla swoich klient\u00f3w przejrzyst\u0105 i bezpieczn\u0105 procedur\u0119 p\u0142atno\u015bci, korzystaj\u0105c z jednego z najbardziej zaufanych system\u00f3w p\u0142atno\u015bci. <\/p> <p>Zintegruj p\u0142atno\u015bci PayPal ze swoj\u0105 witryn\u0105 bez wi\u0119kszego wysi\u0142ku!<\/p> <p><b>Przydatny system p\u0142atno\u015bci w Twojej witrynie bez kodowania w mgnieniu oka<\/b><br> To bardzo wa\u017cne dla odnosz\u0105cego sukcesy biznesu, aby zapewni\u0107 swoim klientom \u0142atwe p\u0142atno\u015bci online. Skonfiguruj przycisk PayPal Elfsight na swojej stronie, a zrobisz to \u0142atwo i szybko. <\/p> <p><b>Uniwersalne narz\u0119dzie do przetwarzania p\u0142atno\u015bci, subskrypcji i darowizn<\/b><br> Pozw\u00f3l swoim klientom p\u0142aci\u0107, subskrybowa\u0107 Twoje oferty i przekazywa\u0107 datki. Wszystko to jest dost\u0119pne w wielofunkcyjnym rozwi\u0105zaniu firmy Elfsight, kt\u00f3re pomo\u017ce Ci zaoszcz\u0119dzi\u0107 pieni\u0105dze i czas.<\/p><p><b>Jeden z najbardziej zaufanych i popularnych instrument\u00f3w p\u0142atniczych w Twojej witrynie<\/b><br> To konieczno\u015b\u0107 zintegrowa\u0107 Twoj\u0105 stron\u0119 internetow\u0105 z niezawodnym i znanym systemem p\u0142atniczym. Elfsight PayPal Button pomo\u017ce Ci to zrobi\u0107 w dowolnym miejscu i zapewni efektywne p\u0142acenie Twoim klientom bez wysi\u0142ku.<\/p> <\/div> <div class=\"application-platform-content-item-features application-platform-content-item\" id=\"features\" data-nav-section=\"features\"> <h2>G\u0142\u00f3wne funkcje wid\u017cetu Przycisk PayPal<\/h2> <p>Odkryj funkcje, kt\u00f3re czyni\u0105 nasz widget jednym z najlepszych w przypadku p\u0142atno\u015bci online:<\/p> <ul><li>Biblioteka wszystkich najpopularniejszych walut;<\/li><li>Interwa\u0142y rozliczeniowe: dzienny, tygodniowy, miesi\u0119czny, roczny;<\/li><li>Mo\u017cliwo\u015b\u0107 ustawienia dowolnego tekstu nad przyciskiem za pomoc\u0105 nag\u0142\u00f3wka przycisku; <\/li><li>Regulowany tekst przycisku i kolor tekstu;<\/li><li>Cztery prze\u0142\u0105czalne ikony system\u00f3w p\u0142atno\u015bci zapewniaj\u0105ce wi\u0119ksze zaufanie i bezpiecze\u0144stwo klient\u00f3w.<\/li><\/ul> <p><a href=\"# demo\">Obejrzyj pe\u0142n\u0105 list\u0119 funkcji w konfiguratorze<\/a><\/p><\/div><div class=\"application-platform-content-item-installation application-platform-content-item\" id=\"installation\" data-nav-section=\"installation\"><h2>Jak doda\u0107 wid\u017cet p\u0142atno\u015bci PayPal do witryny IFrame<\/h2><p>Aby doda\u0107 wtyczk\u0119 do swojej witryny, nie b\u0119dziesz potrzebowa\u0107 \u017cadnych specjalnych umiej\u0119tno\u015bci programowania ani du\u017cej ilo\u015bci czasu. Tylko 3 proste kroki i 1 minuta. <\/p><ol><li><b>Zaprojektuj w\u0142asn\u0105 wtyczk\u0119 PayPal<\/b><br> Korzystaj\u0105c z naszej bezp\u0142atnej wersji demonstracyjnej, utw\u00f3rz wtyczk\u0119 z preferowanym uk\u0142adem i cechami funkcjonalnymi. <\/li><li><b>Uzyskaj osobisty kod umo\u017cliwiaj\u0105cy wy\u015bwietlenie wtyczki<\/b><br> Po utworzeniu wid\u017cetu otrzymasz indywidualny kod z wyskakuj\u0105cego powiadomienia w aplikacji Elfsight. Skopiuj ten kod. <\/li> <li><b> Wtyczka na Twojej witrynie iFrame<\/b><br> Wybierz miejsce, w kt\u00f3rym chcesz osadzi\u0107 wtyczk\u0119 i wstaw tam zapisany kod. Opublikuj zmiany. <\/li> <li><b>Osadzanie powiod\u0142o si\u0119! <\/b><br> Wejd\u017a na stron\u0119 i obejrzyj swoj\u0105 prac\u0119. <\/li> <\/ol><p>Czy napotka\u0142e\u015b jakie\u015b trudno\u015bci podczas instalacji? Spr\u00f3buj zapozna\u0107 si\u0119 ze szczeg\u00f3\u0142owym przewodnikiem \u00abJak doda\u0107 wtyczk\u0119 do IFrame\u00bb i zr\u00f3b to jeszcze raz samodzielnie lub skontaktuj si\u0119 z obs\u0142ug\u0105 klienta. <\/p><div class=\"faq\" data-component=\"FAQ\"> <div class=\"faq-item\">\r\n\t\t\t\t\t<div class=\"faq-item-question\">\r\n\t\t\t\t\t\t<h3 class=\"faq-item-question-text\">Jak mog\u0119 doda\u0107 przycisk PayPal do mojej witryny iFrame bez umiej\u0119tno\u015bci kodowania?<\/h3>\r\n\r\n\t\t\t\t\t\t<div class=\"faq-item-question-icon\"><\/div>\r\n\t\t\t\t\t<\/div>\r\n\r\n\t\t\t\t\t<div class=\"faq-item-answer\">\r\n\t\t\t\t\t\t<div class=\"faq-item-answer-text\"> <p>Elfsight zapewnia rozwi\u0105zanie SaaS, kt\u00f3re pozwala samodzielnie utworzy\u0107 wid\u017cet przycisku PayPal. Zobacz, jakie to proste proces jest nast\u0119puj\u0105cy: Pracuj bezpo\u015brednio w edytorze online, aby utworzy\u0107 wid\u017cet przycisku PayPal, kt\u00f3ry chcesz widzie\u0107 w swojej witrynie iFrame. Wybierz jeden z gotowych szablon\u00f3w i dostosuj ustawienia przycisku PayPal, dodaj tre\u015b\u0107, zmie\u0144 uk\u0142ad i kolory bez umiej\u0119tno\u015bci kodowania. Zapisz przycisk PayPal i skopiuj jego kod instalacyjny, kt\u00f3ry mo\u017cesz \u0142atwo osadzi\u0107 na swojej stronie iFrame bez konieczno\u015bci zakupu wersji p\u0142atnej. Dzi\u0119ki naszemu intuicyjnemu edytorowi ka\u017cdy u\u017cytkownik Internetu mo\u017ce utworzy\u0107 wid\u017cet przycisku PayPal online i \u0142atwo osadzi\u0107 go na swojej stronie internetowej iFrame. Aby uzyska\u0107 dost\u0119p do us\u0142ugi, nie trzeba p\u0142aci\u0107 ani wprowadza\u0107 danych uwierzytelniaj\u0105cych karty. Je\u015bli na kt\u00f3rymkolwiek etapie napotkasz jakiekolwiek problemy, skontaktuj si\u0119 z naszym zespo\u0142em pomocy technicznej.<\/p> <\/div>\r\n\t\t\t\t\t<\/div>\r\n\t\t\t\t<\/div> <\/div> <\/div>","protected":false},"excerpt":{"rendered":"","protected":false},"author":9,"featured_media":0,"parent":2597,"menu_order":0,"comment_status":"closed","ping_status":"closed","template":"templates\/template-application-platform.php","meta":{"publish_to_discourse":"","publish_post_category":"","wpdc_auto_publish_overridden":"","wpdc_topic_tags":"","wpdc_pin_topic":"","wpdc_pin_until":"","discourse_post_id":"","discourse_permalink":"","wpdc_publishing_response":"","wpdc_publishing_error":"","footnotes":""},"class_list":["post-5751","page","type-page","status-publish","hentry"],"yoast_head":"<!-- This site is optimized with the Yoast SEO plugin v25.3.1 - https:\/\/yoast.com\/wordpress\/plugins\/seo\/ -->\n<title>iFrame Wid\u017cet przycisku p\u0142atno\u015bci PayPal dla Twojej witryny (bezp\u0142atny i szybki)<\/title>\n<meta name=\"description\" content=\"Dzi\u0119ki Elfsight mo\u017cesz szybko utworzy\u0107 przycisk p\u0142atno\u015bci PayPal i umie\u015bci\u0107 go na swojej stronie internetowej iFrame. Oferujemy bezp\u0142atn\u0105 obs\u0142ug\u0119 klienta i inne bonusy.\" \/>\n<meta name=\"robots\" content=\"index, follow, max-snippet:-1, max-image-preview:large, max-video-preview:-1\" \/>\n<link rel=\"canonical\" href=\"https:\/\/elfsight.com\/pl\/paypal-button-widget-generator\/iframe\/\" \/>\n<meta property=\"og:locale\" content=\"pl_PL\" \/>\n<meta property=\"og:type\" content=\"article\" \/>\n<meta property=\"og:title\" content=\"iFrame Wid\u017cet przycisku p\u0142atno\u015bci PayPal dla Twojej witryny (bezp\u0142atny i szybki)\" \/>\n<meta property=\"og:description\" content=\"Dzi\u0119ki Elfsight mo\u017cesz szybko utworzy\u0107 przycisk p\u0142atno\u015bci PayPal i umie\u015bci\u0107 go na swojej stronie internetowej iFrame. Oferujemy bezp\u0142atn\u0105 obs\u0142ug\u0119 klienta i inne bonusy.\" \/>\n<meta property=\"og:url\" content=\"https:\/\/elfsight.com\/pl\/paypal-button-widget-generator\/iframe\/\" \/>\n<meta property=\"og:site_name\" content=\"Elfsight PL\" \/>\n<meta property=\"article:modified_time\" content=\"2024-11-14T09:31:23+00:00\" \/>\n<meta name=\"twitter:card\" content=\"summary_large_image\" \/>\n<meta name=\"twitter:label1\" content=\"Szacowany czas czytania\" \/>\n\t<meta name=\"twitter:data1\" content=\"3 minuty\" \/>\n<!-- \/ Yoast SEO plugin. -->","yoast_head_json":{"title":"iFrame Wid\u017cet przycisku p\u0142atno\u015bci PayPal dla Twojej witryny (bezp\u0142atny i szybki)","description":"Dzi\u0119ki Elfsight mo\u017cesz szybko utworzy\u0107 przycisk p\u0142atno\u015bci PayPal i umie\u015bci\u0107 go na swojej stronie internetowej iFrame. Oferujemy bezp\u0142atn\u0105 obs\u0142ug\u0119 klienta i inne bonusy.","robots":{"index":"index","follow":"follow","max-snippet":"max-snippet:-1","max-image-preview":"max-image-preview:large","max-video-preview":"max-video-preview:-1"},"canonical":"https:\/\/elfsight.com\/pl\/paypal-button-widget-generator\/iframe\/","og_locale":"pl_PL","og_type":"article","og_title":"iFrame Wid\u017cet przycisku p\u0142atno\u015bci PayPal dla Twojej witryny (bezp\u0142atny i szybki)","og_description":"Dzi\u0119ki Elfsight mo\u017cesz szybko utworzy\u0107 przycisk p\u0142atno\u015bci PayPal i umie\u015bci\u0107 go na swojej stronie internetowej iFrame. Oferujemy bezp\u0142atn\u0105 obs\u0142ug\u0119 klienta i inne bonusy.","og_url":"https:\/\/elfsight.com\/pl\/paypal-button-widget-generator\/iframe\/","og_site_name":"Elfsight PL","article_modified_time":"2024-11-14T09:31:23+00:00","twitter_card":"summary_large_image","twitter_misc":{"Szacowany czas czytania":"3 minuty"},"schema":{"@context":"https:\/\/schema.org","@graph":[{"@type":"WebPage","@id":"https:\/\/elfsight.com\/pl\/paypal-button-widget-generator\/iframe\/","url":"https:\/\/elfsight.com\/pl\/paypal-button-widget-generator\/iframe\/","name":"iFrame Wid\u017cet przycisku p\u0142atno\u015bci PayPal dla Twojej witryny (bezp\u0142atny i szybki)","isPartOf":{"@id":"https:\/\/elfsight.com\/pl\/#website"},"datePublished":"1970-01-01T00:00:00+00:00","dateModified":"2024-11-14T09:31:23+00:00","description":"Dzi\u0119ki Elfsight mo\u017cesz szybko utworzy\u0107 przycisk p\u0142atno\u015bci PayPal i umie\u015bci\u0107 go na swojej stronie internetowej iFrame. Oferujemy bezp\u0142atn\u0105 obs\u0142ug\u0119 klienta i inne bonusy.","breadcrumb":{"@id":"https:\/\/elfsight.com\/pl\/paypal-button-widget-generator\/iframe\/#breadcrumb"},"inLanguage":"pl-PL","potentialAction":[{"@type":"ReadAction","target":["https:\/\/elfsight.com\/pl\/paypal-button-widget-generator\/iframe\/"]}]},{"@type":"BreadcrumbList","@id":"https:\/\/elfsight.com\/pl\/paypal-button-widget-generator\/iframe\/#breadcrumb","itemListElement":[{"@type":"ListItem","position":1,"name":"Home","item":"https:\/\/elfsight.com\/pl\/"},{"@type":"ListItem","position":2,"name":"PayPal Button","item":"https:\/\/elfsight.com\/pl\/paypal-button-widget-generator\/"},{"@type":"ListItem","position":3,"name":"PayPal Button &#8211; iFrame"}]},{"@type":"WebSite","@id":"https:\/\/elfsight.com\/pl\/#website","url":"https:\/\/elfsight.com\/pl\/","name":"Elfsight PL","description":"Just another Elfsight Sites site","potentialAction":[{"@type":"SearchAction","target":{"@type":"EntryPoint","urlTemplate":"https:\/\/elfsight.com\/pl\/?s={search_term_string}"},"query-input":{"@type":"PropertyValueSpecification","valueRequired":true,"valueName":"search_term_string"}}],"inLanguage":"pl-PL"}]}},"meta_box":{"industry":"","seo_heading":"","heading":"","description":"","cta_heading":"","cta_description":"","application":"3353","h1":"Wid\u017cet przycisku p\u0142atno\u015bci PayPal iFrame","h1_caption":"Dodaj przycisk PayPal do swojej witryny, aby m\u00f3c dokonywa\u0107 szybkich i \u0142atwych p\u0142atno\u015bci bezpo\u015brednio przez PayPal do swojej witryny iFrame.","application_category":[],"applications_title":"","applications_request_title":"","applications_request_button_text":"","hero_text":"","hero_video":"","hero_video_schema_markup":"","selling_points_title":"","selling_points_caption":"","selling_points":[],"selling_points_cta_text":"","features_title":"","features":"","ed_cta_examples_text":"","ed_cta_examples_hidden":"","ed_cta_demo_text":"","ed_cta_demo_hidden":"","why_caption":"","why_editor_title":"","why_editor_text":"","why_team_title":"","why_team_text":"","why_service_title":"","why_service_text":"","template_catalog_visible":"","template_catalog_title":"","template_catalog_text":"","template_catalog_categories_visible":"","demo_title":"Utw\u00f3rz wid\u017cet przycisku PayPal","demo_caption":"Skonfiguruj sw\u00f3j przycisk PayPal i dodaj go za darmo do swojej witryny iFrame!","default_faq_hidden":"","app_template_category":[],"platform":"187","template_public_id":"","codecanyon_url":"","codecanyon_item_id":"","codecanyon_price":"","pricing_caption":"","pricing_elfsight_apps_hide_column":"","pricing_elfsight_apps_url":"","pricing_codecanyon_price_caption":"","integration_category":[],"integration_request_title":"","integration_request_cta":"","integration_platform":"","integrations":[],"platform_category":[],"video_schema_markup":"","price":"od 0 USD \/ miesi\u0105c","trial":"","benefits":[{"text":"Bezp\u0142atna us\u0142uga monta\u017cu"},{"text":"Wsparcie premium"},{"text":"14-dniowa gwarancja zwrotu pieni\u0119dzy"}],"button_url":"#demo","button_target_blank":"","button_nofollow":"","attributes":[{"name":"Instaluje"},{"name":"Czu\u0142y"},{"name":"Kompatybilne przegl\u0105darki"}],"tags":[],"tags_disable_links":"","hide_more_platforms":"","video_object":"","demo_hide_cta":"","demo_hide_cloud_options":"","pricing_title":"","pricing":[{"pricing_icon":"platform","pricing_title":"Elfsight Apps","pricing_title_caption":"Oprogramowanie wieloplatformowe, kt\u00f3re dzia\u0142a na dowolnej stronie internetowej","pricing_price":"od 0 USD \/ miesi\u0105c","pricing_price_caption":"zacznij od bezp\u0142atnego planu","pricing_benefits":[{"text":"Nieograniczona liczba stron internetowych"},{"text":"Bezp\u0142atne i terminowe wsparcie"},{"text":"Bezp\u0142atna us\u0142uga monta\u017cu"},{"text":"Specjalna oferta na wiele aplikacji"}],"pricing_button_text":"Dodaj do witryny","pricing_button_url":"#demo"}],"related_apps_title":"","related_apps_hidden":"","author":"","image":[],"title":"","job":"","social_networks":[]},"_links":{"self":[{"href":"https:\/\/elfsight.com\/pl\/wp-json\/wp\/v2\/pages\/5751","targetHints":{"allow":["GET"]}}],"collection":[{"href":"https:\/\/elfsight.com\/pl\/wp-json\/wp\/v2\/pages"}],"about":[{"href":"https:\/\/elfsight.com\/pl\/wp-json\/wp\/v2\/types\/page"}],"author":[{"embeddable":true,"href":"https:\/\/elfsight.com\/pl\/wp-json\/wp\/v2\/users\/9"}],"replies":[{"embeddable":true,"href":"https:\/\/elfsight.com\/pl\/wp-json\/wp\/v2\/comments?post=5751"}],"version-history":[{"count":1,"href":"https:\/\/elfsight.com\/pl\/wp-json\/wp\/v2\/pages\/5751\/revisions"}],"predecessor-version":[{"id":5755,"href":"https:\/\/elfsight.com\/pl\/wp-json\/wp\/v2\/pages\/5751\/revisions\/5755"}],"up":[{"embeddable":true,"href":"https:\/\/elfsight.com\/pl\/wp-json\/wp\/v2\/pages\/2597"}],"wp:attachment":[{"href":"https:\/\/elfsight.com\/pl\/wp-json\/wp\/v2\/media?parent=5751"}],"curies":[{"name":"wp","href":"https:\/\/api.w.org\/{rel}","templated":true}]}}