{"id":5750,"date":"1970-01-01T00:00:00","date_gmt":"1970-01-01T00:00:00","guid":{"rendered":"https:\/\/elfsight.com\/pl\/?page_id=5750"},"modified":"2024-11-14T09:27:54","modified_gmt":"2024-11-14T09:27:54","slug":"facebook","status":"publish","type":"page","link":"https:\/\/elfsight.com\/pl\/paypal-button-widget-generator\/facebook\/","title":{"rendered":"PayPal Button &#8211; Facebook Page"},"content":{"rendered":"<div class=\"application-platform-content-item-description application-platform-content-item\" id=\"description\" data-nav-section=\"description\"><h2>Opis<\/h2><p>Przycisk Przeka\u017c darowizn\u0119 Elfsight umo\u017cliwia Twoim klientom dokonywanie p\u0142atno\u015bci za po\u015brednictwem serwisu PayPal w prosty spos\u00f3b. Za pomoc\u0105 tego wid\u017cetu mo\u017cesz wy\u015bwietla\u0107 przyciski p\u0142atno\u015bci, powtarzaj\u0105cych si\u0119 subskrypcji i darowizn. Mo\u017cesz doda\u0107 podatek i cen\u0119 dostawy, zmieni\u0107 lokalizacj\u0119 i walut\u0119, doda\u0107 wiadomo\u015b\u0107 i wiele wi\u0119cej. Uzyskaj prosty i bezpieczny wariant p\u0142atno\u015bci dla swoich klient\u00f3w, korzystaj\u0105c z jednego z najbardziej renomowanych instrument\u00f3w p\u0142atniczych.<\/p><p><b>\u0141atwo zintegruj p\u0142atno\u015bci PayPal ze swoj\u0105 stron\u0105 na Facebooku!<\/b><\/p><\/div> <div class=\"application-platform-content-item-features application-platform-content-item\" id=\"features\" data-nav-section=\"features\"><h2>Funkcje<\/h2><p>Odkryj funkcje, dzi\u0119ki kt\u00f3rym nasz widget jest najlepszy do p\u0142atno\u015bci online:<\/p><ul><li>Biblioteka wszystkich najpopularniejszych walut ;<\/li><li>Ustaw sw\u00f3j w\u0142asny okres rozliczeniowy, wybieraj\u0105c cykl rozliczeniowy i okres rozliczeniowy, na przyk\u0142ad co trzy miesi\u0105ce;<\/li><li>Regulowana szeroko\u015b\u0107 przycisku;<\/li><li>Kolor logo PayPal: oryginalny lub bia\u0142y;<\/li><li>Poka\u017c lub ukryj ikon\u0119 PayPal.<\/li> <\/ul> <p><a href=\"#demo\">Przetestuj wszystkie funkcje w edytorze<\/a><\/p><\/div> <div class=\"application-platform-content-item-installation application-platform-content-item\" id=\"installation\" data-nav-section=\"installation\"><h2>Jak doda\u0107 przycisk Przeka\u017c darowizn\u0119 PayPal do strony na Facebooku<\/h2><p>Ca\u0142y czas wdro\u017cenia to tylko 2 minuty, a dodatkowo nie b\u0119dziesz potrzebowa\u0107 kompetencji w fazie rozwoju.<\/p><ul><li><b>Stw\u00f3rz spersonalizowany przycisk PayPal<\/b><br>W naszym darmowym edytorze utw\u00f3rz wtyczk\u0119 o wybranym wygl\u0105dzie i cechach funkcjonalnych.<\/li><li><b>Odbierz osobisty kod do skonfigurowania wtyczki<\/b><br>Po skonfigurowaniu wid\u017cetu otrzymasz unikalny kod z powiadomienia, kt\u00f3re pojawi\u0142o si\u0119 w aplikacjach Elfsight. Skopiuj go.<\/li><li><b>Dodaj wid\u017cet PayPal do strony na Facebooku<\/b><br> Utw\u00f3rz w\u0142asn\u0105 zak\u0142adk\u0119 na Facebooku. Wpisz w zak\u0142adce kod otrzymany w aplikacji elfsight. Je\u015bli masz jakiekolwiek problemy, po prostu zapoznaj si\u0119 z naszym przewodnikiem na stronie <a href=\"https:\/\/elfsight.com\/blog\/how-to-add-custom-tab-to-facebook-page\/\" target=\"_blank\" rel=\"noopener noreferrer\">tworzenie niestandardowej karty na Facebooku<\/a><\/li><li><b>Gratulacje! W\u0142a\u015bnie umie\u015bci\u0142e\u015b wid\u017cet!<\/b><br>Przejd\u017a na swoj\u0105 stron\u0119, aby zobaczy\u0107 sw\u00f3j przycisk.<\/li><\/ul><p>Masz pytania dotycz\u0105ce samouczka? Wy\u015blij wiadomo\u015b\u0107 do naszego centrum pomocy lub przeczytaj obszerny tekst instrukcji i samodzielnie doko\u0144cz konfiguracj\u0119.<\/p><div class=\"faq\" data-component=\"FAQ\"> <div class=\"faq-item\">\r\n\t\t\t\t\t<div class=\"faq-item-question\">\r\n\t\t\t\t\t\t<h3 class=\"faq-item-question-text\">Jak mog\u0119 doda\u0107 przycisk PayPal do mojej strony na Facebooku bez umiej\u0119tno\u015bci kodowania ?<\/h3>\r\n\r\n\t\t\t\t\t\t<div class=\"faq-item-question-icon\"><\/div>\r\n\t\t\t\t\t<\/div>\r\n\r\n\t\t\t\t\t<div class=\"faq-item-answer\">\r\n\t\t\t\t\t\t<div class=\"faq-item-answer-text\"> <p>Elfsight zapewnia rozwi\u0105zanie SaaS, kt\u00f3re umo\u017cliwia samodzielne utworzenie wid\u017cetu przycisku PayPal. Zobacz, jak \u0142atwy jest ten proces: Pracuj bezpo\u015brednio w edytorze online, aby utworzy\u0107 wid\u017cet przycisku PayPal, kt\u00f3ry chcesz widzie\u0107 na swojej stronie na Facebooku . Wybierz jeden z gotowych szablon\u00f3w i dostosuj ustawienia przycisku PayPal, dodaj swoj\u0105 tre\u015b\u0107, zmie\u0144 uk\u0142ad i kolor element\u00f3w bez umiej\u0119tno\u015bci kodowania. Zapisz przycisk PayPal i skopiuj jego kod instalacyjny, kt\u00f3ry mo\u017cesz \u0142atwo wklei\u0107 na swojej stronie na Facebooku, bez konieczno\u015bci kupowania p\u0142atnej subskrypcji. Dzi\u0119ki naszemu intuicyjnemu edytorowi ka\u017cdy u\u017cytkownik Internetu mo\u017ce utworzy\u0107 wid\u017cet przycisku PayPal online i \u0142atwo osadzi\u0107 go na swojej stronie na Facebooku. Aby uzyska\u0107 dost\u0119p do us\u0142ugi, nie trzeba p\u0142aci\u0107 ani wprowadza\u0107 danych uwierzytelniaj\u0105cych karty. Je\u015bli na kt\u00f3rymkolwiek etapie napotkasz jakiekolwiek problemy, skontaktuj si\u0119 z naszym zespo\u0142em pomocy technicznej.<\/p> <\/div>\r\n\t\t\t\t\t<\/div>\r\n\t\t\t\t<\/div> <\/div> <\/div>","protected":false},"excerpt":{"rendered":"","protected":false},"author":9,"featured_media":0,"parent":2597,"menu_order":0,"comment_status":"closed","ping_status":"closed","template":"templates\/template-application-platform.php","meta":{"publish_to_discourse":"","publish_post_category":"","wpdc_auto_publish_overridden":"","wpdc_topic_tags":"","wpdc_pin_topic":"","wpdc_pin_until":"","discourse_post_id":"","discourse_permalink":"","wpdc_publishing_response":"","wpdc_publishing_error":"","footnotes":""},"class_list":["post-5750","page","type-page","status-publish","hentry"],"yoast_head":"<!-- This site is optimized with the Yoast SEO plugin v25.3.1 - https:\/\/yoast.com\/wordpress\/plugins\/seo\/ -->\n<title>Dodaj przycisk darowizny PayPal do strony na Facebooku (2025)<\/title>\n<meta name=\"description\" content=\"Dodaj przycisk p\u0142atno\u015bci PayPal lub darowizny do strony na Facebooku w ci\u0105gu zaledwie jednej minuty. Bezp\u0142atne demo, wsparcie przy instalacji i wi\u0119cej dodatk\u00f3w od Elfsight!\" \/>\n<meta name=\"robots\" content=\"index, follow, max-snippet:-1, max-image-preview:large, max-video-preview:-1\" \/>\n<link rel=\"canonical\" href=\"https:\/\/elfsight.com\/pl\/paypal-button-widget-generator\/facebook\/\" \/>\n<meta property=\"og:locale\" content=\"pl_PL\" \/>\n<meta property=\"og:type\" content=\"article\" \/>\n<meta property=\"og:title\" content=\"Dodaj przycisk darowizny PayPal do strony na Facebooku (2025)\" \/>\n<meta property=\"og:description\" content=\"Dodaj przycisk p\u0142atno\u015bci PayPal lub darowizny do strony na Facebooku w ci\u0105gu zaledwie jednej minuty. Bezp\u0142atne demo, wsparcie przy instalacji i wi\u0119cej dodatk\u00f3w od Elfsight!\" \/>\n<meta property=\"og:url\" content=\"https:\/\/elfsight.com\/pl\/paypal-button-widget-generator\/facebook\/\" \/>\n<meta property=\"og:site_name\" content=\"Elfsight PL\" \/>\n<meta property=\"article:modified_time\" content=\"2024-11-14T09:27:54+00:00\" \/>\n<meta name=\"twitter:card\" content=\"summary_large_image\" \/>\n<meta name=\"twitter:label1\" content=\"Szacowany czas czytania\" \/>\n\t<meta name=\"twitter:data1\" content=\"3 minuty\" \/>\n<!-- \/ Yoast SEO plugin. -->","yoast_head_json":{"title":"Dodaj przycisk darowizny PayPal do strony na Facebooku (2025)","description":"Dodaj przycisk p\u0142atno\u015bci PayPal lub darowizny do strony na Facebooku w ci\u0105gu zaledwie jednej minuty. Bezp\u0142atne demo, wsparcie przy instalacji i wi\u0119cej dodatk\u00f3w od Elfsight!","robots":{"index":"index","follow":"follow","max-snippet":"max-snippet:-1","max-image-preview":"max-image-preview:large","max-video-preview":"max-video-preview:-1"},"canonical":"https:\/\/elfsight.com\/pl\/paypal-button-widget-generator\/facebook\/","og_locale":"pl_PL","og_type":"article","og_title":"Dodaj przycisk darowizny PayPal do strony na Facebooku (2025)","og_description":"Dodaj przycisk p\u0142atno\u015bci PayPal lub darowizny do strony na Facebooku w ci\u0105gu zaledwie jednej minuty. Bezp\u0142atne demo, wsparcie przy instalacji i wi\u0119cej dodatk\u00f3w od Elfsight!","og_url":"https:\/\/elfsight.com\/pl\/paypal-button-widget-generator\/facebook\/","og_site_name":"Elfsight PL","article_modified_time":"2024-11-14T09:27:54+00:00","twitter_card":"summary_large_image","twitter_misc":{"Szacowany czas czytania":"3 minuty"},"schema":{"@context":"https:\/\/schema.org","@graph":[{"@type":"WebPage","@id":"https:\/\/elfsight.com\/pl\/paypal-button-widget-generator\/facebook\/","url":"https:\/\/elfsight.com\/pl\/paypal-button-widget-generator\/facebook\/","name":"Dodaj przycisk darowizny PayPal do strony na Facebooku (2025)","isPartOf":{"@id":"https:\/\/elfsight.com\/pl\/#website"},"datePublished":"1970-01-01T00:00:00+00:00","dateModified":"2024-11-14T09:27:54+00:00","description":"Dodaj przycisk p\u0142atno\u015bci PayPal lub darowizny do strony na Facebooku w ci\u0105gu zaledwie jednej minuty. Bezp\u0142atne demo, wsparcie przy instalacji i wi\u0119cej dodatk\u00f3w od Elfsight!","breadcrumb":{"@id":"https:\/\/elfsight.com\/pl\/paypal-button-widget-generator\/facebook\/#breadcrumb"},"inLanguage":"pl-PL","potentialAction":[{"@type":"ReadAction","target":["https:\/\/elfsight.com\/pl\/paypal-button-widget-generator\/facebook\/"]}]},{"@type":"BreadcrumbList","@id":"https:\/\/elfsight.com\/pl\/paypal-button-widget-generator\/facebook\/#breadcrumb","itemListElement":[{"@type":"ListItem","position":1,"name":"Home","item":"https:\/\/elfsight.com\/pl\/"},{"@type":"ListItem","position":2,"name":"PayPal Button","item":"https:\/\/elfsight.com\/pl\/paypal-button-widget-generator\/"},{"@type":"ListItem","position":3,"name":"PayPal Button &#8211; Facebook Page"}]},{"@type":"WebSite","@id":"https:\/\/elfsight.com\/pl\/#website","url":"https:\/\/elfsight.com\/pl\/","name":"Elfsight PL","description":"Just another Elfsight Sites site","potentialAction":[{"@type":"SearchAction","target":{"@type":"EntryPoint","urlTemplate":"https:\/\/elfsight.com\/pl\/?s={search_term_string}"},"query-input":{"@type":"PropertyValueSpecification","valueRequired":true,"valueName":"search_term_string"}}],"inLanguage":"pl-PL"}]}},"meta_box":{"industry":"","seo_heading":"","heading":"","description":"","cta_heading":"","cta_description":"","application":"3353","h1":"Przycisk PayPal dla strony na Facebooku","h1_caption":"Dodaj przycisk PayPal do swojej witryny, aby m\u00f3c dokonywa\u0107 szybkich i \u0142atwych p\u0142atno\u015bci bezpo\u015brednio za po\u015brednictwem systemu PayPal na stronie internetowej swojej strony na Facebooku.","application_category":[],"applications_title":"","applications_request_title":"","applications_request_button_text":"","hero_text":"","hero_video":"","hero_video_schema_markup":"","selling_points_title":"","selling_points_caption":"","selling_points":[],"selling_points_cta_text":"","features_title":"","features":"","ed_cta_examples_text":"","ed_cta_examples_hidden":"","ed_cta_demo_text":"","ed_cta_demo_hidden":"","why_caption":"","why_editor_title":"","why_editor_text":"","why_team_title":"","why_team_text":"","why_service_title":"","why_service_text":"","template_catalog_visible":"","template_catalog_title":"","template_catalog_text":"","template_catalog_categories_visible":"","demo_title":"Utw\u00f3rz wid\u017cet przycisku PayPal","demo_caption":"Skonfiguruj sw\u00f3j przycisk PayPal i dodaj go za darmo do swojej strony na Facebooku!","default_faq_hidden":"","app_template_category":[],"platform":"319","template_public_id":"","codecanyon_url":"","codecanyon_item_id":"","codecanyon_price":"","pricing_caption":"","pricing_elfsight_apps_hide_column":"","pricing_elfsight_apps_url":"","pricing_codecanyon_price_caption":"","integration_category":[],"integration_request_title":"","integration_request_cta":"","integration_platform":"","integrations":[],"platform_category":[],"video_schema_markup":"","price":"od 0 USD \/ miesi\u0105c","trial":"","benefits":[{"text":"Bezp\u0142atna pomoc w instalacji"},{"text":"Wsparcie premium"},{"text":"14-dniowa gwarancja zwrotu pieni\u0119dzy"}],"button_url":"#demo","button_target_blank":"","button_nofollow":"","attributes":[{"name":"Instaluje"},{"name":"Czu\u0142y"},{"name":"Kompatybilne przegl\u0105darki"}],"tags":[],"tags_disable_links":"","hide_more_platforms":"","video_object":"","demo_hide_cta":"","demo_hide_cloud_options":"","pricing_title":"","pricing":[{"pricing_icon":"platform","pricing_title":"Elfsight Apps","pricing_title_caption":"Rozwi\u0105zanie wieloplatformowe","pricing_price":"od 0 USD \/ miesi\u0105c","pricing_price_caption":"zacznij od bezp\u0142atnego planu","pricing_benefits":[{"text":"Nielimitowane strony internetowe"},{"text":"Wsparcie premium i na czas"},{"text":"Bezp\u0142atna pomoc w monta\u017cu"},{"text":"Elastyczny projekt"}],"pricing_button_text":"Dodaj do witryny","pricing_button_url":"#demo"}],"related_apps_title":"","related_apps_hidden":"","author":"","image":[],"title":"","job":"","social_networks":[]},"_links":{"self":[{"href":"https:\/\/elfsight.com\/pl\/wp-json\/wp\/v2\/pages\/5750","targetHints":{"allow":["GET"]}}],"collection":[{"href":"https:\/\/elfsight.com\/pl\/wp-json\/wp\/v2\/pages"}],"about":[{"href":"https:\/\/elfsight.com\/pl\/wp-json\/wp\/v2\/types\/page"}],"author":[{"embeddable":true,"href":"https:\/\/elfsight.com\/pl\/wp-json\/wp\/v2\/users\/9"}],"replies":[{"embeddable":true,"href":"https:\/\/elfsight.com\/pl\/wp-json\/wp\/v2\/comments?post=5750"}],"version-history":[{"count":1,"href":"https:\/\/elfsight.com\/pl\/wp-json\/wp\/v2\/pages\/5750\/revisions"}],"predecessor-version":[{"id":5754,"href":"https:\/\/elfsight.com\/pl\/wp-json\/wp\/v2\/pages\/5750\/revisions\/5754"}],"up":[{"embeddable":true,"href":"https:\/\/elfsight.com\/pl\/wp-json\/wp\/v2\/pages\/2597"}],"wp:attachment":[{"href":"https:\/\/elfsight.com\/pl\/wp-json\/wp\/v2\/media?parent=5750"}],"curies":[{"name":"wp","href":"https:\/\/api.w.org\/{rel}","templated":true}]}}