{"id":5749,"date":"2024-05-03T06:41:40","date_gmt":"2024-05-03T06:41:40","guid":{"rendered":"https:\/\/elfsight.com\/pl\/?page_id=5749"},"modified":"2024-11-14T09:20:08","modified_gmt":"2024-11-14T09:20:08","slug":"woocommerce","status":"publish","type":"page","link":"https:\/\/elfsight.com\/pl\/paypal-button-widget-generator\/woocommerce\/","title":{"rendered":"PayPal Button &#8211; WooCommerce"},"content":{"rendered":"<div class=\"application-platform-content-item-description application-platform-content-item\" id=\"description\" data-nav-section=\"description\"><h2>Opis<\/h2><p>Przycisk p\u0142atno\u015bci Elfsight umo\u017cliwia u\u017cytkownikom p\u0142acenie w witrynie za pomoc\u0105 systemu PayPal w prosty spos\u00f3b. Umo\u017cliwia dodanie przycisk\u00f3w p\u0142atno\u015bci jednorazowych, automatycznych subskrypcji i darowizn. Dost\u0119pne s\u0105 opcje wprowadzenia podatku i ceny dostawy, wyboru lokalizacji i waluty, dodania wezwania do dzia\u0142ania i jeszcze wi\u0119cej opcji. Uruchom p\u0142ynn\u0105 i bezpieczn\u0105 metod\u0119 p\u0142atno\u015bci dla swoich klient\u00f3w, korzystaj\u0105c z jednego z najbardziej renomowanych rozwi\u0105za\u0144 p\u0142atniczych, gdziekolwiek jeste\u015b.<\/p><p><b>Wykorzystaj wszystkie zalety systemu PayPal dla swoich klient\u00f3w i dla siebie!<\/b><\/p><\/div> <div class=\"application-platform-content-item-features application-platform-content-item\" id=\"features\" data-nav-section=\"features\"><h2>Lista g\u0142\u00f3wnych funkcji wid\u017cetu obejmuje:<\/h2><ul><li>Ustawianie lokalizacji przycisk\u00f3w na podstawie predefiniowanej listy kraj\u00f3w; <\/li><li>Ustaw sw\u00f3j w\u0142asny okres rozliczeniowy, wybieraj\u0105c cykl rozliczeniowy i okres rozliczeniowy, na przyk\u0142ad co trzy miesi\u0105ce; <\/li><li>Elastyczny rozmiar zapewniaj\u0105cy optymalny wygl\u0105d na ka\u017cdym urz\u0105dzeniu; <\/li><li>Kolor logo PayPal: oryginalny lub bia\u0142y; <\/li><li>Poka\u017c lub ukryj tekst logo PayPal. <\/li><\/ul><p><a href=\"#demo\">Po prostu wypr\u00f3buj t\u0119 wersj\u0119 demonstracyjn\u0105, aby zobaczy\u0107, ile wart jest wid\u017cet<\/a><\/p><\/div><div class=\"application-platform-content-item-installation application-platform-content-item\" id=\"installation\" data-nav-section=\"installation\"><h2>Jak osadzi\u0107 przycisk PayPal na mojej stronie internetowej WooCommerce?<\/h2><p>Wystarczy wykona\u0107 poni\u017csze kroki, aby wstawi\u0107 wtyczk\u0119.<\/p><ol><li><b>Stosuj\u0105c nasz\u0105 bezp\u0142atn\u0105 demo rozpocznij tworzenie w\u0142asnego instrumentu.<\/b><br>Wybierz po\u017c\u0105dany wygl\u0105d i opcje wtyczki oraz zapisz modyfikacje.<\/li><li><b>Zdob\u0105d\u017a sw\u00f3j indywidualny kod widoczny w oknie aplikacji Elfsight. <\/b><br>Gdy tylko dostosowywanie wid\u017cetu si\u0119 zako\u0144czy, skopiuj osobisty kod z wy\u015bwietlonego pola i zachowaj go do wykorzystania w przysz\u0142o\u015bci.<\/li><li><b>Rozpocznij stosowanie wtyczki w WooCommerce witryny.<\/b><br>Umie\u015b\u0107 ostatnio skopiowany kod na swojej stronie internetowej i zastosuj poprawki.<\/li><li><b>Gotowe! Osadzanie zosta\u0142o zako\u0144czone pomy\u015blnie.<\/b><br>Przejd\u017a na swoj\u0105 stron\u0119, aby obserwowa\u0107 dzia\u0142anie wtyczki.<\/li><\/ol><p>Je\u015bli napotkasz jakiekolwiek komplikacje, skontaktuj si\u0119 z naszym zespo\u0142em wsparcia . Nasi konsultanci z przyjemno\u015bci\u0105 rozwi\u0105\u017c\u0105 wszystkie problemy, jakie mo\u017cesz mie\u0107 z produktem.<\/p><div class=\"faq\" data-component=\"FAQ\"> <div class=\"faq-item\">\r\n\t\t\t\t\t<div class=\"faq-item-question\">\r\n\t\t\t\t\t\t<h3 class=\"faq-item-question-text\">Jak doda\u0107 przycisk PayPal do mojej witryny WooCommerce bez umiej\u0119tno\u015bci kodowania?<\/h3>\r\n\r\n\t\t\t\t\t\t<div class=\"faq-item-question-icon\"><\/div>\r\n\t\t\t\t\t<\/div>\r\n\r\n\t\t\t\t\t<div class=\"faq-item-answer\">\r\n\t\t\t\t\t\t<div class=\"faq-item-answer-text\"> <p>Elfsight zapewnia rozwi\u0105zanie SaaS, kt\u00f3re pozwala samodzielnie utworzy\u0107 wid\u017cet przycisku PayPal, przekonaj si\u0119, jak \u0142atwy jest ten proces: Pracuj bezpo\u015brednio w edytorze online, aby utworzy\u0107 wid\u017cet przycisku PayPal, kt\u00f3ry chcesz widzie\u0107 na swojej stronie WooCommerce. Wybierz jeden z gotowych szablon\u00f3w i dostosuj ustawienia przycisku PayPal, dodaj tre\u015b\u0107, zmie\u0144 uk\u0142ad i kolory bez umiej\u0119tno\u015bci kodowania. Zapisz przycisk PayPal i skopiuj jego kod instalacyjny, kt\u00f3ry mo\u017cesz \u0142atwo osadzi\u0107 na swojej stronie WooCommerce bez konieczno\u015bci kupowania p\u0142atnego planu. Dzi\u0119ki naszemu intuicyjnemu edytorowi ka\u017cdy u\u017cytkownik Internetu mo\u017ce utworzy\u0107 wid\u017cet przycisku PayPal online i \u0142atwo osadzi\u0107 go na swojej stronie WooCommerce. Aby uzyska\u0107 dost\u0119p do us\u0142ugi, nie trzeba p\u0142aci\u0107 ani wprowadza\u0107 danych uwierzytelniaj\u0105cych karty. Je\u015bli na kt\u00f3rymkolwiek etapie napotkasz jakiekolwiek problemy, skontaktuj si\u0119 z naszym zespo\u0142em pomocy technicznej.<\/p> <\/div>\r\n\t\t\t\t\t<\/div>\r\n\t\t\t\t<\/div> <\/div> <\/div>","protected":false},"excerpt":{"rendered":"","protected":false},"author":9,"featured_media":0,"parent":2597,"menu_order":0,"comment_status":"closed","ping_status":"closed","template":"templates\/template-application-platform.php","meta":{"publish_to_discourse":"","publish_post_category":"","wpdc_auto_publish_overridden":"","wpdc_topic_tags":"","wpdc_pin_topic":"","wpdc_pin_until":"","discourse_post_id":"","discourse_permalink":"","wpdc_publishing_response":"","wpdc_publishing_error":"","footnotes":""},"class_list":["post-5749","page","type-page","status-publish","hentry"],"yoast_head":"<!-- This site is optimized with the Yoast SEO plugin v25.3.1 - https:\/\/yoast.com\/wordpress\/plugins\/seo\/ -->\n<title>Wtyczka WooCommerce PayPal Button dla Twojej witryny (2025)<\/title>\n<meta name=\"description\" content=\"Mo\u017cesz ju\u017c teraz dostosowa\u0107 wtyczk\u0119 przycisku PayPal i wprowadzi\u0107 j\u0105 do swojej witryny WooCommerce zaraz po zako\u0144czeniu demonstracji na \u017cywo.\" \/>\n<meta name=\"robots\" content=\"index, follow, max-snippet:-1, max-image-preview:large, max-video-preview:-1\" \/>\n<link rel=\"canonical\" href=\"https:\/\/elfsight.com\/pl\/paypal-button-widget-generator\/woocommerce\/\" \/>\n<meta property=\"og:locale\" content=\"pl_PL\" \/>\n<meta property=\"og:type\" content=\"article\" \/>\n<meta property=\"og:title\" content=\"Wtyczka WooCommerce PayPal Button dla Twojej witryny (2025)\" \/>\n<meta property=\"og:description\" content=\"Mo\u017cesz ju\u017c teraz dostosowa\u0107 wtyczk\u0119 przycisku PayPal i wprowadzi\u0107 j\u0105 do swojej witryny WooCommerce zaraz po zako\u0144czeniu demonstracji na \u017cywo.\" \/>\n<meta property=\"og:url\" content=\"https:\/\/elfsight.com\/pl\/paypal-button-widget-generator\/woocommerce\/\" \/>\n<meta property=\"og:site_name\" content=\"Elfsight PL\" \/>\n<meta property=\"article:modified_time\" content=\"2024-11-14T09:20:08+00:00\" \/>\n<meta name=\"twitter:card\" content=\"summary_large_image\" \/>\n<meta name=\"twitter:label1\" content=\"Szacowany czas czytania\" \/>\n\t<meta name=\"twitter:data1\" content=\"3 minuty\" \/>\n<!-- \/ Yoast SEO plugin. -->","yoast_head_json":{"title":"Wtyczka WooCommerce PayPal Button dla Twojej witryny (2025)","description":"Mo\u017cesz ju\u017c teraz dostosowa\u0107 wtyczk\u0119 przycisku PayPal i wprowadzi\u0107 j\u0105 do swojej witryny WooCommerce zaraz po zako\u0144czeniu demonstracji na \u017cywo.","robots":{"index":"index","follow":"follow","max-snippet":"max-snippet:-1","max-image-preview":"max-image-preview:large","max-video-preview":"max-video-preview:-1"},"canonical":"https:\/\/elfsight.com\/pl\/paypal-button-widget-generator\/woocommerce\/","og_locale":"pl_PL","og_type":"article","og_title":"Wtyczka WooCommerce PayPal Button dla Twojej witryny (2025)","og_description":"Mo\u017cesz ju\u017c teraz dostosowa\u0107 wtyczk\u0119 przycisku PayPal i wprowadzi\u0107 j\u0105 do swojej witryny WooCommerce zaraz po zako\u0144czeniu demonstracji na \u017cywo.","og_url":"https:\/\/elfsight.com\/pl\/paypal-button-widget-generator\/woocommerce\/","og_site_name":"Elfsight PL","article_modified_time":"2024-11-14T09:20:08+00:00","twitter_card":"summary_large_image","twitter_misc":{"Szacowany czas czytania":"3 minuty"},"schema":{"@context":"https:\/\/schema.org","@graph":[{"@type":"WebPage","@id":"https:\/\/elfsight.com\/pl\/paypal-button-widget-generator\/woocommerce\/","url":"https:\/\/elfsight.com\/pl\/paypal-button-widget-generator\/woocommerce\/","name":"Wtyczka WooCommerce PayPal Button dla Twojej witryny (2025)","isPartOf":{"@id":"https:\/\/elfsight.com\/pl\/#website"},"datePublished":"2024-05-03T06:41:40+00:00","dateModified":"2024-11-14T09:20:08+00:00","description":"Mo\u017cesz ju\u017c teraz dostosowa\u0107 wtyczk\u0119 przycisku PayPal i wprowadzi\u0107 j\u0105 do swojej witryny WooCommerce zaraz po zako\u0144czeniu demonstracji na \u017cywo.","breadcrumb":{"@id":"https:\/\/elfsight.com\/pl\/paypal-button-widget-generator\/woocommerce\/#breadcrumb"},"inLanguage":"pl-PL","potentialAction":[{"@type":"ReadAction","target":["https:\/\/elfsight.com\/pl\/paypal-button-widget-generator\/woocommerce\/"]}]},{"@type":"BreadcrumbList","@id":"https:\/\/elfsight.com\/pl\/paypal-button-widget-generator\/woocommerce\/#breadcrumb","itemListElement":[{"@type":"ListItem","position":1,"name":"Home","item":"https:\/\/elfsight.com\/pl\/"},{"@type":"ListItem","position":2,"name":"PayPal Button","item":"https:\/\/elfsight.com\/pl\/paypal-button-widget-generator\/"},{"@type":"ListItem","position":3,"name":"PayPal Button &#8211; WooCommerce"}]},{"@type":"WebSite","@id":"https:\/\/elfsight.com\/pl\/#website","url":"https:\/\/elfsight.com\/pl\/","name":"Elfsight PL","description":"Just another Elfsight Sites site","potentialAction":[{"@type":"SearchAction","target":{"@type":"EntryPoint","urlTemplate":"https:\/\/elfsight.com\/pl\/?s={search_term_string}"},"query-input":{"@type":"PropertyValueSpecification","valueRequired":true,"valueName":"search_term_string"}}],"inLanguage":"pl-PL"}]}},"meta_box":{"industry":"","seo_heading":"","heading":"","description":"","cta_heading":"","cta_description":"","application":"3353","h1":"Wtyczka przycisku PayPal WooCommerce","h1_caption":"Dodaj przycisk PayPal do swojej witryny, aby bez wysi\u0142ku dokonywa\u0107 szybkich i \u0142atwych p\u0142atno\u015bci bezpo\u015brednio przez PayPal na swoj\u0105 witryn\u0119 WooCommerce.","application_category":[],"applications_title":"","applications_request_title":"","applications_request_button_text":"","hero_text":"","hero_video":"","hero_video_schema_markup":"","selling_points_title":"","selling_points_caption":"","selling_points":[],"selling_points_cta_text":"","features_title":"","features":"","ed_cta_examples_text":"","ed_cta_examples_hidden":"","ed_cta_demo_text":"","ed_cta_demo_hidden":"","why_caption":"","why_editor_title":"","why_editor_text":"","why_team_title":"","why_team_text":"","why_service_title":"","why_service_text":"","template_catalog_visible":"","template_catalog_title":"","template_catalog_text":"","template_catalog_categories_visible":"","demo_title":"Utw\u00f3rz aplikacj\u0119 przycisku PayPal","demo_caption":"Skonfiguruj sw\u00f3j przycisk PayPal i dodaj go za darmo do swojej witryny WooCommerce!","default_faq_hidden":"","app_template_category":[],"platform":"335","template_public_id":"","codecanyon_url":"","codecanyon_item_id":"","codecanyon_price":"","pricing_caption":"","pricing_elfsight_apps_hide_column":"","pricing_elfsight_apps_url":"","pricing_codecanyon_price_caption":"","integration_category":[],"integration_request_title":"","integration_request_cta":"","integration_platform":"","integrations":[],"platform_category":[],"video_schema_markup":"","price":"od 0 USD \/ miesi\u0105c","trial":"","benefits":[{"text":"Bezp\u0142atna pomoc w monta\u017cu"},{"text":"Kompetentna obs\u0142uga klienta"},{"text":"14-dniowa gwarancja zwrotu pieni\u0119dzy"}],"button_url":"#demo","button_target_blank":"","button_nofollow":"","attributes":[{"name":"Instaluje"},{"name":"Czu\u0142y"},{"name":"Kompatybilne przegl\u0105darki"}],"tags":[],"tags_disable_links":"","hide_more_platforms":"","video_object":"","demo_hide_cta":"","demo_hide_cloud_options":"","pricing_title":"","pricing":[{"pricing_icon":"platform","pricing_title":"Elfsight Apps","pricing_title_caption":"Niezale\u017cne od platformy rozwi\u0105zanie cyfrowe, kt\u00f3re pasuje do ka\u017cdej witryny","pricing_price":"od 0 USD \/ miesi\u0105c","pricing_price_caption":"zacznij od bezp\u0142atnego planu","pricing_benefits":[{"text":"Nielimitowane strony internetowe"},{"text":"Ca\u0142odobowa obs\u0142uga klienta"},{"text":"Bezp\u0142atna us\u0142uga monta\u017cu"},{"text":"100% konfigurowalny"}],"pricing_button_text":"Dodaj do witryny","pricing_button_url":"#demo"}],"related_apps_title":"","related_apps_hidden":"","author":"","image":[],"title":"","job":"","social_networks":[]},"_links":{"self":[{"href":"https:\/\/elfsight.com\/pl\/wp-json\/wp\/v2\/pages\/5749","targetHints":{"allow":["GET"]}}],"collection":[{"href":"https:\/\/elfsight.com\/pl\/wp-json\/wp\/v2\/pages"}],"about":[{"href":"https:\/\/elfsight.com\/pl\/wp-json\/wp\/v2\/types\/page"}],"author":[{"embeddable":true,"href":"https:\/\/elfsight.com\/pl\/wp-json\/wp\/v2\/users\/9"}],"replies":[{"embeddable":true,"href":"https:\/\/elfsight.com\/pl\/wp-json\/wp\/v2\/comments?post=5749"}],"version-history":[{"count":1,"href":"https:\/\/elfsight.com\/pl\/wp-json\/wp\/v2\/pages\/5749\/revisions"}],"predecessor-version":[{"id":5753,"href":"https:\/\/elfsight.com\/pl\/wp-json\/wp\/v2\/pages\/5749\/revisions\/5753"}],"up":[{"embeddable":true,"href":"https:\/\/elfsight.com\/pl\/wp-json\/wp\/v2\/pages\/2597"}],"wp:attachment":[{"href":"https:\/\/elfsight.com\/pl\/wp-json\/wp\/v2\/media?parent=5749"}],"curies":[{"name":"wp","href":"https:\/\/api.w.org\/{rel}","templated":true}]}}