{"id":5743,"date":"2024-05-03T06:41:38","date_gmt":"2024-05-03T06:41:38","guid":{"rendered":"https:\/\/elfsight.com\/pl\/?page_id=5743"},"modified":"2024-11-14T08:52:09","modified_gmt":"2024-11-14T08:52:09","slug":"google-sites","status":"publish","type":"page","link":"https:\/\/elfsight.com\/pl\/paypal-button-widget-generator\/google-sites\/","title":{"rendered":"PayPal Button &#8211; Google Sites"},"content":{"rendered":"<div class=\"application-platform-content-item-description application-platform-content-item\" id=\"description\" data-nav-section=\"description\"> <h2>Umie\u015b\u0107 przycisk PayPal w Witrynach Google za pomoc\u0105 wid\u017cetu Elfsight<\/h2> <p>Zorganizuj niezawodne i wygodne p\u0142atno\u015bci w swojej witrynie bez wi\u0119kszego wysi\u0142ku . Dzi\u0119ki przyciskowi PayPal Elfsight dla Witryn Google mo\u017cesz akceptowa\u0107 p\u0142atno\u015bci, okresowe subskrypcje i darowizny od swoich klient\u00f3w. Stw\u00f3rz sw\u00f3j w\u0142asny, niestandardowy przycisk, wybieraj\u0105c wariant p\u0142atno\u015bci, walut\u0119, lokalizacj\u0119 i wybieraj\u0105c wygl\u0105d, aby by\u0142 naprawd\u0119 wyj\u0105tkowy. Twoim klientom spodoba si\u0119 szybkie i wygodne p\u0142acenie na Twojej stronie za pomoc\u0105 przycisku PayPal. <\/p> <p><b>Dzi\u0119ki przyciskowi PayPal mo\u017cesz osi\u0105gn\u0105\u0107 silny rozw\u00f3j biznesu i wy\u017csz\u0105 sprzeda\u017c <\/b><\/p> <\/div> <div class=\"application-platform-content-item-features application-platform-content-item\" id=\"features\" data-nav-section=\"features\"> <h2>Oto kluczowe funkcje widget: <\/h2> <ul><li>Mo\u017cliwo\u015b\u0107 dodania nazwy produktu; <\/li><li>Wybierz jeden z okres\u00f3w rozliczeniowych: dzienny, tygodniowy, miesi\u0119czny, roczny; <\/li><li>Elastyczny rozmiar zapewniaj\u0105cy optymalny wygl\u0105d na ka\u017cdym urz\u0105dzeniu; <\/li><li>Wyb\u00f3r koloru przycisku; <\/li><li>Mo\u017cliwo\u015b\u0107 skierowania klienta na niestandardow\u0105 stron\u0119 z podzi\u0119kowaniami po udanej transakcji. <\/li><\/ul> <p><a href=\"#demo\">Pe\u0142n\u0105 funkcjonalno\u015b\u0107 wid\u017cetu mo\u017cesz przetestowa\u0107 w wersji demonstracyjnej na tej stronie<\/a><\/p> <\/div> <div class=\"application-platform-content-item-installation application-platform-content-item\" id=\"installation\" data-nav-section=\"installation\"> <h2>Jak osadzi\u0107 przycisk PayPal w mojej witrynie Google Sites? <\/h2> <div class=\"video-container\"><iframe width=\"720\" height=\"405\" src=\"https:\/\/www.youtube.com\/embed\/pPURt_KdRo8\" frameborder=\"0\" allowfullscreen=\"\"><\/iframe><\/div><p>Wystarczy post\u0119powa\u0107 zgodnie z poni\u017cszymi instrukcjami, aby rozpocz\u0105\u0107 korzystanie z narz\u0119dzia. <\/p> <ol><li><b>Otw\u00f3rz nasze bezp\u0142atne demo i zacznij tworzy\u0107 w\u0142asny widget. <\/b><br> Okre\u015bl odpowiedni\u0105 form\u0119 i specyfikacje wid\u017cetu i zastosuj zmiany. <\/li> <li><b>Wy\u015bwietl sw\u00f3j indywidualny kod w specjalnym formularzu w aplikacjach Elfsight. <\/b><br> Zaraz po zako\u0144czeniu konfiguracji osobistej wtyczki skopiuj ekskluzywny kod z wy\u015bwietlonego wyskakuj\u0105cego okienka i zachowaj go na p\u00f3\u017aniej. <\/li> <li><b>Rozpocznij korzystanie z wid\u017cetu na stronie g\u0142\u00f3wnej Witryn Google. <\/b><br> Wklej ostatnio zapisany kod na swoj\u0105 stron\u0119 i zapisz zmiany. <\/li> <li><b>Instalacja zosta\u0142a pomy\u015blnie zako\u0144czona. <\/b><br> Przejd\u017a do swojej witryny i sprawd\u017a, jak dzia\u0142a narz\u0119dzie. <\/li><\/ol> <div class=\"tip-yellow tip\"><b>Ze wzgl\u0119du na specyfik\u0119 dzia\u0142ania Witryn Google wid\u017cet mo\u017ce wygl\u0105da\u0107 inaczej ni\u017c wersja demonstracyjna online. Przepraszamy za wszelkie niedogodno\u015bci.<\/b><\/div><p>W przypadku pyta\u0144 lub napotkania jakichkolwiek przeszk\u00f3d prosimy o kontakt z naszym dzia\u0142em obs\u0142ugi klienta. Nasi ludzie z przyjemno\u015bci\u0105 rozwi\u0105\u017c\u0105 wszystkie problemy, jakie mo\u017cesz mie\u0107 z tym narz\u0119dziem. <\/p><div class=\"faq\" data-component=\"FAQ\"> <div class=\"faq-item\">\r\n\t\t\t\t\t<div class=\"faq-item-question\">\r\n\t\t\t\t\t\t<h3 class=\"faq-item-question-text\">Jak doda\u0107 przycisk PayPal do mojej witryny Witryn Google bez umiej\u0119tno\u015bci kodowania?<\/h3>\r\n\r\n\t\t\t\t\t\t<div class=\"faq-item-question-icon\"><\/div>\r\n\t\t\t\t\t<\/div>\r\n\r\n\t\t\t\t\t<div class=\"faq-item-answer\">\r\n\t\t\t\t\t\t<div class=\"faq-item-answer-text\"> <p>Elfsight zapewnia rozwi\u0105zanie SaaS, kt\u00f3re pozwala samodzielnie utworzy\u0107 wid\u017cet przycisku PayPal. Zobacz, jakie to proste Proces ten jest nast\u0119puj\u0105cy: Pracuj bezpo\u015brednio w edytorze online, aby utworzy\u0107 wid\u017cet przycisku PayPal, kt\u00f3ry chcesz widzie\u0107 w swojej witrynie Witryn Google. Wybierz jeden z gotowych szablon\u00f3w i dostosuj ustawienia przycisku PayPal, dodaj tre\u015b\u0107, zmie\u0144 uk\u0142ad i kolory bez umiej\u0119tno\u015bci kodowania. Zapisz przycisk PayPal i skopiuj jego kod instalacyjny, kt\u00f3ry mo\u017cesz \u0142atwo wklei\u0107 w swojej witrynie Google Sites bez konieczno\u015bci kupowania p\u0142atnego planu. Dzi\u0119ki naszemu intuicyjnemu edytorowi ka\u017cdy u\u017cytkownik Internetu mo\u017ce utworzy\u0107 wid\u017cet przycisku PayPal online i \u0142atwo osadzi\u0107 go w swojej witrynie Google Sites. Aby uzyska\u0107 dost\u0119p do us\u0142ugi, nie trzeba p\u0142aci\u0107 ani wprowadza\u0107 danych uwierzytelniaj\u0105cych karty. Je\u015bli na kt\u00f3rymkolwiek etapie napotkasz jakiekolwiek problemy, skontaktuj si\u0119 z naszym zespo\u0142em pomocy technicznej.<\/p> <\/div>\r\n\t\t\t\t\t<\/div>\r\n\t\t\t\t<\/div> <\/div> <\/div>","protected":false},"excerpt":{"rendered":"","protected":false},"author":9,"featured_media":0,"parent":2597,"menu_order":0,"comment_status":"closed","ping_status":"closed","template":"templates\/template-application-platform.php","meta":{"publish_to_discourse":"","publish_post_category":"","wpdc_auto_publish_overridden":"","wpdc_topic_tags":"","wpdc_pin_topic":"","wpdc_pin_until":"","discourse_post_id":"","discourse_permalink":"","wpdc_publishing_response":"","wpdc_publishing_error":"","footnotes":""},"class_list":["post-5743","page","type-page","status-publish","hentry"],"yoast_head":"<!-- This site is optimized with the Yoast SEO plugin v25.3.1 - https:\/\/yoast.com\/wordpress\/plugins\/seo\/ -->\n<title>Przycisk PayPal \u2014 dodaj wid\u017cet przycisku PayPal do Witryn Google (2025)<\/title>\n<meta name=\"description\" content=\"Uzyskaj dostosowan\u0105 wtyczk\u0119 do witryny Google Sites. Utworzenie wtyczki w naszym podr\u0119cznym panelu wtyczek zajmuje zaledwie 2 minuty i wystarczy kilka klikni\u0119\u0107.\" \/>\n<meta name=\"robots\" content=\"index, follow, max-snippet:-1, max-image-preview:large, max-video-preview:-1\" \/>\n<link rel=\"canonical\" href=\"https:\/\/elfsight.com\/pl\/paypal-button-widget-generator\/google-sites\/\" \/>\n<meta property=\"og:locale\" content=\"pl_PL\" \/>\n<meta property=\"og:type\" content=\"article\" \/>\n<meta property=\"og:title\" content=\"Przycisk PayPal \u2014 dodaj wid\u017cet przycisku PayPal do Witryn Google (2025)\" \/>\n<meta property=\"og:description\" content=\"Uzyskaj dostosowan\u0105 wtyczk\u0119 do witryny Google Sites. Utworzenie wtyczki w naszym podr\u0119cznym panelu wtyczek zajmuje zaledwie 2 minuty i wystarczy kilka klikni\u0119\u0107.\" \/>\n<meta property=\"og:url\" content=\"https:\/\/elfsight.com\/pl\/paypal-button-widget-generator\/google-sites\/\" \/>\n<meta property=\"og:site_name\" content=\"Elfsight PL\" \/>\n<meta property=\"article:modified_time\" content=\"2024-11-14T08:52:09+00:00\" \/>\n<meta name=\"twitter:card\" content=\"summary_large_image\" \/>\n<meta name=\"twitter:label1\" content=\"Szacowany czas czytania\" \/>\n\t<meta name=\"twitter:data1\" content=\"3 minuty\" \/>\n<!-- \/ Yoast SEO plugin. -->","yoast_head_json":{"title":"Przycisk PayPal \u2014 dodaj wid\u017cet przycisku PayPal do Witryn Google (2025)","description":"Uzyskaj dostosowan\u0105 wtyczk\u0119 do witryny Google Sites. Utworzenie wtyczki w naszym podr\u0119cznym panelu wtyczek zajmuje zaledwie 2 minuty i wystarczy kilka klikni\u0119\u0107.","robots":{"index":"index","follow":"follow","max-snippet":"max-snippet:-1","max-image-preview":"max-image-preview:large","max-video-preview":"max-video-preview:-1"},"canonical":"https:\/\/elfsight.com\/pl\/paypal-button-widget-generator\/google-sites\/","og_locale":"pl_PL","og_type":"article","og_title":"Przycisk PayPal \u2014 dodaj wid\u017cet przycisku PayPal do Witryn Google (2025)","og_description":"Uzyskaj dostosowan\u0105 wtyczk\u0119 do witryny Google Sites. Utworzenie wtyczki w naszym podr\u0119cznym panelu wtyczek zajmuje zaledwie 2 minuty i wystarczy kilka klikni\u0119\u0107.","og_url":"https:\/\/elfsight.com\/pl\/paypal-button-widget-generator\/google-sites\/","og_site_name":"Elfsight PL","article_modified_time":"2024-11-14T08:52:09+00:00","twitter_card":"summary_large_image","twitter_misc":{"Szacowany czas czytania":"3 minuty"},"schema":{"@context":"https:\/\/schema.org","@graph":[{"@type":"WebPage","@id":"https:\/\/elfsight.com\/pl\/paypal-button-widget-generator\/google-sites\/","url":"https:\/\/elfsight.com\/pl\/paypal-button-widget-generator\/google-sites\/","name":"Przycisk PayPal \u2014 dodaj wid\u017cet przycisku PayPal do Witryn Google (2025)","isPartOf":{"@id":"https:\/\/elfsight.com\/pl\/#website"},"datePublished":"2024-05-03T06:41:38+00:00","dateModified":"2024-11-14T08:52:09+00:00","description":"Uzyskaj dostosowan\u0105 wtyczk\u0119 do witryny Google Sites. Utworzenie wtyczki w naszym podr\u0119cznym panelu wtyczek zajmuje zaledwie 2 minuty i wystarczy kilka klikni\u0119\u0107.","breadcrumb":{"@id":"https:\/\/elfsight.com\/pl\/paypal-button-widget-generator\/google-sites\/#breadcrumb"},"inLanguage":"pl-PL","potentialAction":[{"@type":"ReadAction","target":["https:\/\/elfsight.com\/pl\/paypal-button-widget-generator\/google-sites\/"]}]},{"@type":"BreadcrumbList","@id":"https:\/\/elfsight.com\/pl\/paypal-button-widget-generator\/google-sites\/#breadcrumb","itemListElement":[{"@type":"ListItem","position":1,"name":"Home","item":"https:\/\/elfsight.com\/pl\/"},{"@type":"ListItem","position":2,"name":"PayPal Button","item":"https:\/\/elfsight.com\/pl\/paypal-button-widget-generator\/"},{"@type":"ListItem","position":3,"name":"PayPal Button &#8211; Google Sites"}]},{"@type":"WebSite","@id":"https:\/\/elfsight.com\/pl\/#website","url":"https:\/\/elfsight.com\/pl\/","name":"Elfsight PL","description":"Just another Elfsight Sites site","potentialAction":[{"@type":"SearchAction","target":{"@type":"EntryPoint","urlTemplate":"https:\/\/elfsight.com\/pl\/?s={search_term_string}"},"query-input":{"@type":"PropertyValueSpecification","valueRequired":true,"valueName":"search_term_string"}}],"inLanguage":"pl-PL"}]}},"meta_box":{"industry":"","seo_heading":"","heading":"","description":"","cta_heading":"","cta_description":"","application":"3353","h1":"Wid\u017cet przycisku PayPal w Witrynach Google","h1_caption":"Dodaj przycisk PayPal do swojej witryny, aby m\u00f3c dokonywa\u0107 szybkich i \u0142atwych p\u0142atno\u015bci bezpo\u015brednio przez PayPal w Witrynach Google.","application_category":[],"applications_title":"","applications_request_title":"","applications_request_button_text":"","hero_text":"","hero_video":"","hero_video_schema_markup":"","selling_points_title":"","selling_points_caption":"","selling_points":[],"selling_points_cta_text":"","features_title":"","features":"","ed_cta_examples_text":"","ed_cta_examples_hidden":"","ed_cta_demo_text":"","ed_cta_demo_hidden":"","why_caption":"","why_editor_title":"","why_editor_text":"","why_team_title":"","why_team_text":"","why_service_title":"","why_service_text":"","template_catalog_visible":"","template_catalog_title":"","template_catalog_text":"","template_catalog_categories_visible":"","demo_title":"Utw\u00f3rz wid\u017cet przycisku PayPal","demo_caption":"Skonfiguruj przycisk PayPal i dodaj go za darmo do swojej witryny Google Sites!","default_faq_hidden":"","app_template_category":[],"platform":"484","template_public_id":"","codecanyon_url":"","codecanyon_item_id":"","codecanyon_price":"","pricing_caption":"","pricing_elfsight_apps_hide_column":"","pricing_elfsight_apps_url":"","pricing_codecanyon_price_caption":"","integration_category":[],"integration_request_title":"","integration_request_cta":"","integration_platform":"","integrations":[],"platform_category":[],"video_schema_markup":"","price":"od 0 USD \/ miesi\u0105c","trial":"","benefits":[{"text":"Bezp\u0142atna pomoc w instalacji"},{"text":"Skuteczna obs\u0142uga klienta"},{"text":"14-dniowa gwarancja zwrotu pieni\u0119dzy"}],"button_url":"#demo","button_target_blank":"","button_nofollow":"","attributes":[{"name":"Instaluje"},{"name":"Czu\u0142y"},{"name":"Kompatybilne przegl\u0105darki"}],"tags":[],"tags_disable_links":"","hide_more_platforms":"","video_object":"","demo_hide_cta":"","demo_hide_cloud_options":"","pricing_title":"","pricing":[{"pricing_icon":"platform","pricing_title":"Elfsight Apps","pricing_title_caption":"Wieloplatformowe rozwi\u0105zanie cyfrowe","pricing_price":"od 0 USD \/ miesi\u0105c","pricing_price_caption":"zacznij od bezp\u0142atnego planu","pricing_benefits":[{"text":"Nielimitowane domeny"},{"text":"Profesjonalne wsparcie"},{"text":"Bezp\u0142atna pomoc przy instalacji"},{"text":"Elastyczny projekt"}],"pricing_button_text":"Dodaj do witryny","pricing_button_url":"#demo"}],"related_apps_title":"","related_apps_hidden":"","author":"","image":[],"title":"","job":"","social_networks":[]},"_links":{"self":[{"href":"https:\/\/elfsight.com\/pl\/wp-json\/wp\/v2\/pages\/5743","targetHints":{"allow":["GET"]}}],"collection":[{"href":"https:\/\/elfsight.com\/pl\/wp-json\/wp\/v2\/pages"}],"about":[{"href":"https:\/\/elfsight.com\/pl\/wp-json\/wp\/v2\/types\/page"}],"author":[{"embeddable":true,"href":"https:\/\/elfsight.com\/pl\/wp-json\/wp\/v2\/users\/9"}],"replies":[{"embeddable":true,"href":"https:\/\/elfsight.com\/pl\/wp-json\/wp\/v2\/comments?post=5743"}],"version-history":[{"count":2,"href":"https:\/\/elfsight.com\/pl\/wp-json\/wp\/v2\/pages\/5743\/revisions"}],"predecessor-version":[{"id":7878,"href":"https:\/\/elfsight.com\/pl\/wp-json\/wp\/v2\/pages\/5743\/revisions\/7878"}],"up":[{"embeddable":true,"href":"https:\/\/elfsight.com\/pl\/wp-json\/wp\/v2\/pages\/2597"}],"wp:attachment":[{"href":"https:\/\/elfsight.com\/pl\/wp-json\/wp\/v2\/media?parent=5743"}],"curies":[{"name":"wp","href":"https:\/\/api.w.org\/{rel}","templated":true}]}}