{"id":5741,"date":"2024-05-03T06:41:36","date_gmt":"2024-05-03T06:41:36","guid":{"rendered":"https:\/\/elfsight.com\/pl\/?page_id=5741"},"modified":"2024-10-25T12:01:39","modified_gmt":"2024-10-25T12:01:39","slug":"prestashop","status":"publish","type":"page","link":"https:\/\/elfsight.com\/pl\/paypal-button-widget-generator\/prestashop\/","title":{"rendered":"PayPal Button &#8211; PrestaShop"},"content":{"rendered":"<div class=\"application-platform-content-item-description application-platform-content-item\" id=\"description\" data-nav-section=\"description\"> <h2>Opis<\/h2> <p>Przycisk PayPal Elfsight oferuje nieskomplikowany spos\u00f3b umo\u017cliwienia Twoim klientom p\u0142acenia w witrynie za po\u015brednictwem systemu PayPal. Umo\u017cliwia skonfigurowanie przycisk\u00f3w p\u0142atno\u015bci jednorazowych, automatycznych subskrypcji i darowizn. Mo\u017cesz wy\u015bwietli\u0107 podatek i cen\u0119 dostawy, wybra\u0107 lokalizacj\u0119 i walut\u0119, wy\u015bwietli\u0107 tekst i wiele wi\u0119cej opcji. Uzyskaj \u0142atwy i bezpieczny wariant p\u0142atno\u015bci dla swoich u\u017cytkownik\u00f3w, korzystaj\u0105c z jednego z najbardziej zaufanych system\u00f3w p\u0142atniczych maksymalnie szybko. Z \u0142atwo\u015bci\u0105 umie\u015b\u0107 na swojej stronie zaufany i przejrzysty system p\u0142atno\u015bci. Dzi\u0119ki przyciskowi PayPal Elfsight mo\u017cesz otrzymywa\u0107 pojedyncze p\u0142atno\u015bci, automatyczne subskrypcje i darowizny od odbiorc\u00f3w. Zdob\u0105d\u017a sw\u00f3j spersonalizowany przycisk, wybieraj\u0105c rodzaj p\u0142atno\u015bci, walut\u0119, lokalizacj\u0119 i wybieraj\u0105c opcje wygl\u0105du, aby uczyni\u0107 go naprawd\u0119 wyj\u0105tkowym. Twoi klienci polubi\u0105 szybkie i wygodne procedury p\u0142atno\u015bci w Twojej witrynie za pomoc\u0105 przycisku PayPal. <\/p> <p><b>Zwi\u0119ksz wydajno\u015b\u0107 swojej witryny w przypadku zada\u0144 zwi\u0105zanych z handlem elektronicznym dzi\u0119ki przyciskowi PayPal.<\/b><\/p> <\/div> <div class=\"application-platform-content-item-features application-platform-content-item\" id=\"features\" data-nav-section=\"features\"> <h2>To s\u0105 tylko kilka bogatych funkcji wid\u017cetu: <\/h2> <ul><li>Trzy typy przycisk\u00f3w: p\u0142atno\u015b\u0107 pojedyncza, darowizna, subskrypcja<\/li><li>Dodaj nazw\u0119 produktu<\/li><li>Biblioteka wszystkich najpopularniejsze waluty<\/li><li>Ustawianie ceny produktu<\/li><li>Mo\u017cliwo\u015b\u0107 ustalenia ceny wysy\u0142ki<\/li><li>2 warianty oznaczenia podatku: rycza\u0142towy lub procentowy<\/li><li>Wybierz jeden okres\u00f3w rozliczeniowych: roczny, miesi\u0119czny, dzienny, tygodniowy<\/li><li>Opcja subskrypcji odnawialnej <\/li><li>Poka\u017c lub ukryj ikon\u0119 PayPal<\/li><li>Ustaw dowolny tekst nad przyciskiem za pomoc\u0105 nag\u0142\u00f3wka przycisku <\/li><li>Mo\u017cliwo\u015b\u0107 skierowania klienta do niestandardowej strony z podzi\u0119kowaniami po udanej transakcji<\/li><\/ul><p><a href=\"#demo\">Wystarczy wypr\u00f3bowa\u0107 t\u0119 wersj\u0119 demonstracyjn\u0105, aby uzyska\u0107 pe\u0142ne pomys\u0142<\/a><\/p> <\/div> <div class=\"application-platform-content-item-installation application-platform-content-item\" id=\"installation\" data-nav-section=\"installation\"> <h2>Jak umie\u015bci\u0107 przycisk PayPal na mojej stronie internetowej PrestaShop? <\/h2> <p>Wystarczy post\u0119powa\u0107 zgodnie z poni\u017cszymi wskaz\u00f3wkami, aby doda\u0107 dodatek. <\/p> <ol><li><b>Skorzystaj z naszego bezp\u0142atnego konfiguratora i zacznij tworzy\u0107 sw\u00f3j unikalny dodatek. <\/b><br> Okre\u015bl preferowany wygl\u0105d i specyfikacje wid\u017cetu i zapisz zmiany. <\/li> <li><b>Zdob\u0105d\u017a sw\u00f3j indywidualny kod, kt\u00f3ry jest widoczny w ramce aplikacji Elfsight. <\/b><br> Gdy tylko generowanie Twojego osobistego dodatku zostanie zako\u0144czone, skopiuj osobisty kod z wy\u015bwietlonego pola i zapisz go na dalsze potrzeby. <\/li> <li><b>Rozpocznij stosowanie wid\u017cetu na stronie internetowej PrestaShop. <\/b><br> Dodaj ostatnio zapisany kod do swojej strony i zapisz zmiany. <\/li> <li><b>Instalacja zosta\u0142a ca\u0142kowicie zako\u0144czona. <\/b><br> Wejd\u017a na swoj\u0105 stron\u0119 i zobacz jak dzia\u0142a narz\u0119dzie. <\/li><\/ol> <p>W przypadku jakichkolwiek komplikacji nie wahaj si\u0119 skontaktowa\u0107 z naszym zespo\u0142em pomocy. Nasi specjali\u015bci z przyjemno\u015bci\u0105 pomog\u0105 Ci we wszystkich trudno\u015bciach, jakie mo\u017cesz napotka\u0107 w zwi\u0105zku z produktem. <\/p> <div class=\"faq\" data-component=\"FAQ\"> <div class=\"faq-item\">\r\n\t\t\t\t\t<div class=\"faq-item-question\">\r\n\t\t\t\t\t\t<h3 class=\"faq-item-question-text\">Jak doda\u0107 przycisk PayPal do mojej witryny PrestaShop bez umiej\u0119tno\u015bci kodowania?<\/h3>\r\n\r\n\t\t\t\t\t\t<div class=\"faq-item-question-icon\"><\/div>\r\n\t\t\t\t\t<\/div>\r\n\r\n\t\t\t\t\t<div class=\"faq-item-answer\">\r\n\t\t\t\t\t\t<div class=\"faq-item-answer-text\"> <p>Elfsight zapewnia rozwi\u0105zanie SaaS, kt\u00f3re umo\u017cliwia samodzielne utworzenie wid\u017cetu przycisku PayPal. Zobacz, jak \u0142atwo proces jest nast\u0119puj\u0105cy: Pracuj bezpo\u015brednio w edytorze online, aby utworzy\u0107 wid\u017cet przycisku PayPal, kt\u00f3ry chcia\u0142by\u015b widzie\u0107 na swojej stronie PrestaShop. Wybierz jeden z gotowych szablon\u00f3w i dostosuj ustawienia przycisku PayPal, dodaj tre\u015b\u0107, zmie\u0144 uk\u0142ad i kolory bez umiej\u0119tno\u015bci kodowania. Zapisz przycisk PayPal i skopiuj jego kod instalacyjny, aby\u015b m\u00f3g\u0142 go \u0142atwo doda\u0107 do swojej witryny PrestaShop bez konieczno\u015bci zakupu wersji p\u0142atnej. Dzi\u0119ki naszemu intuicyjnemu edytorowi ka\u017cdy u\u017cytkownik Internetu mo\u017ce utworzy\u0107 wid\u017cet przycisku PayPal online i \u0142atwo osadzi\u0107 go na swojej stronie PrestaShop. Aby uzyska\u0107 dost\u0119p do us\u0142ugi, nie trzeba p\u0142aci\u0107 ani wprowadza\u0107 danych uwierzytelniaj\u0105cych karty. Je\u015bli na kt\u00f3rymkolwiek etapie napotkasz jakiekolwiek problemy, skontaktuj si\u0119 z naszym zespo\u0142em pomocy technicznej.<\/p> <\/div>\r\n\t\t\t\t\t<\/div>\r\n\t\t\t\t<\/div> <\/div> <\/div>","protected":false},"excerpt":{"rendered":"","protected":false},"author":9,"featured_media":0,"parent":2597,"menu_order":0,"comment_status":"closed","ping_status":"closed","template":"templates\/template-application-platform.php","meta":{"publish_to_discourse":"","publish_post_category":"","wpdc_auto_publish_overridden":"","wpdc_topic_tags":"","wpdc_pin_topic":"","wpdc_pin_until":"","discourse_post_id":"","discourse_permalink":"","wpdc_publishing_response":"","wpdc_publishing_error":"","footnotes":""},"class_list":["post-5741","page","type-page","status-publish","hentry"],"yoast_head":"<!-- This site is optimized with the Yoast SEO plugin v25.3.1 - https:\/\/yoast.com\/wordpress\/plugins\/seo\/ -->\n<title>Przycisk PayPal - Dodaj wtyczk\u0119 PayPal do witryny PrestaShop (2025)<\/title>\n<meta name=\"description\" content=\"Uzyskaj dostosowany dodatek do przycisku e-commerce PayPal (darowizny, p\u0142atno\u015b\u0107 lub subskrypcja) w celu integracji z PrestaShop i dodaj go do witryny w 2 minuty.\" \/>\n<meta name=\"robots\" content=\"index, follow, max-snippet:-1, max-image-preview:large, max-video-preview:-1\" \/>\n<link rel=\"canonical\" href=\"https:\/\/elfsight.com\/pl\/paypal-button-widget-generator\/prestashop\/\" \/>\n<meta property=\"og:locale\" content=\"pl_PL\" \/>\n<meta property=\"og:type\" content=\"article\" \/>\n<meta property=\"og:title\" content=\"Przycisk PayPal - Dodaj wtyczk\u0119 PayPal do witryny PrestaShop (2025)\" \/>\n<meta property=\"og:description\" content=\"Uzyskaj dostosowany dodatek do przycisku e-commerce PayPal (darowizny, p\u0142atno\u015b\u0107 lub subskrypcja) w celu integracji z PrestaShop i dodaj go do witryny w 2 minuty.\" \/>\n<meta property=\"og:url\" content=\"https:\/\/elfsight.com\/pl\/paypal-button-widget-generator\/prestashop\/\" \/>\n<meta property=\"og:site_name\" content=\"Elfsight PL\" \/>\n<meta property=\"article:modified_time\" content=\"2024-10-25T12:01:39+00:00\" \/>\n<meta name=\"twitter:card\" content=\"summary_large_image\" \/>\n<meta name=\"twitter:label1\" content=\"Szacowany czas czytania\" \/>\n\t<meta name=\"twitter:data1\" content=\"3 minuty\" \/>\n<!-- \/ Yoast SEO plugin. -->","yoast_head_json":{"title":"Przycisk PayPal - Dodaj wtyczk\u0119 PayPal do witryny PrestaShop (2025)","description":"Uzyskaj dostosowany dodatek do przycisku e-commerce PayPal (darowizny, p\u0142atno\u015b\u0107 lub subskrypcja) w celu integracji z PrestaShop i dodaj go do witryny w 2 minuty.","robots":{"index":"index","follow":"follow","max-snippet":"max-snippet:-1","max-image-preview":"max-image-preview:large","max-video-preview":"max-video-preview:-1"},"canonical":"https:\/\/elfsight.com\/pl\/paypal-button-widget-generator\/prestashop\/","og_locale":"pl_PL","og_type":"article","og_title":"Przycisk PayPal - Dodaj wtyczk\u0119 PayPal do witryny PrestaShop (2025)","og_description":"Uzyskaj dostosowany dodatek do przycisku e-commerce PayPal (darowizny, p\u0142atno\u015b\u0107 lub subskrypcja) w celu integracji z PrestaShop i dodaj go do witryny w 2 minuty.","og_url":"https:\/\/elfsight.com\/pl\/paypal-button-widget-generator\/prestashop\/","og_site_name":"Elfsight PL","article_modified_time":"2024-10-25T12:01:39+00:00","twitter_card":"summary_large_image","twitter_misc":{"Szacowany czas czytania":"3 minuty"},"schema":{"@context":"https:\/\/schema.org","@graph":[{"@type":"WebPage","@id":"https:\/\/elfsight.com\/pl\/paypal-button-widget-generator\/prestashop\/","url":"https:\/\/elfsight.com\/pl\/paypal-button-widget-generator\/prestashop\/","name":"Przycisk PayPal - Dodaj wtyczk\u0119 PayPal do witryny PrestaShop (2025)","isPartOf":{"@id":"https:\/\/elfsight.com\/pl\/#website"},"datePublished":"2024-05-03T06:41:36+00:00","dateModified":"2024-10-25T12:01:39+00:00","description":"Uzyskaj dostosowany dodatek do przycisku e-commerce PayPal (darowizny, p\u0142atno\u015b\u0107 lub subskrypcja) w celu integracji z PrestaShop i dodaj go do witryny w 2 minuty.","breadcrumb":{"@id":"https:\/\/elfsight.com\/pl\/paypal-button-widget-generator\/prestashop\/#breadcrumb"},"inLanguage":"pl-PL","potentialAction":[{"@type":"ReadAction","target":["https:\/\/elfsight.com\/pl\/paypal-button-widget-generator\/prestashop\/"]}]},{"@type":"BreadcrumbList","@id":"https:\/\/elfsight.com\/pl\/paypal-button-widget-generator\/prestashop\/#breadcrumb","itemListElement":[{"@type":"ListItem","position":1,"name":"Home","item":"https:\/\/elfsight.com\/pl\/"},{"@type":"ListItem","position":2,"name":"PayPal Button","item":"https:\/\/elfsight.com\/pl\/paypal-button-widget-generator\/"},{"@type":"ListItem","position":3,"name":"PayPal Button &#8211; PrestaShop"}]},{"@type":"WebSite","@id":"https:\/\/elfsight.com\/pl\/#website","url":"https:\/\/elfsight.com\/pl\/","name":"Elfsight PL","description":"Just another Elfsight Sites site","potentialAction":[{"@type":"SearchAction","target":{"@type":"EntryPoint","urlTemplate":"https:\/\/elfsight.com\/pl\/?s={search_term_string}"},"query-input":{"@type":"PropertyValueSpecification","valueRequired":true,"valueName":"search_term_string"}}],"inLanguage":"pl-PL"}]}},"meta_box":{"industry":"","seo_heading":"","heading":"","description":"","cta_heading":"","cta_description":"","application":"3353","h1":"Dodatek przycisku PayPal do PrestaShop","h1_caption":"Dodaj przycisk PayPal do swojej witryny, aby bez wysi\u0142ku dokonywa\u0107 szybkich i \u0142atwych p\u0142atno\u015bci bezpo\u015brednio przez PayPal na swoj\u0105 witryn\u0119 Prestashop.","application_category":[],"applications_title":"","applications_request_title":"","applications_request_button_text":"","hero_text":"","hero_video":"","hero_video_schema_markup":"","selling_points_title":"","selling_points_caption":"","selling_points":[],"selling_points_cta_text":"","features_title":"","features":"","ed_cta_examples_text":"","ed_cta_examples_hidden":"","ed_cta_demo_text":"","ed_cta_demo_hidden":"","why_caption":"","why_editor_title":"","why_editor_text":"","why_team_title":"","why_team_text":"","why_service_title":"","why_service_text":"","template_catalog_visible":"","template_catalog_title":"","template_catalog_text":"","template_catalog_categories_visible":"","demo_title":"Utw\u00f3rz w\u0142asny przycisk PayPal w PrestaShop w ci\u0105gu 1 minuty!","demo_caption":"Dostosuj go i zaimplementuj na swojej stronie internetowej, korzystaj\u0105c z aktywnego demo","default_faq_hidden":"","app_template_category":[],"platform":"586","template_public_id":"","codecanyon_url":"","codecanyon_item_id":"","codecanyon_price":"","pricing_caption":"","pricing_elfsight_apps_hide_column":"","pricing_elfsight_apps_url":"","pricing_codecanyon_price_caption":"","integration_category":[],"integration_request_title":"","integration_request_cta":"","integration_platform":"","integrations":[],"platform_category":[],"video_schema_markup":"","price":"od 0 USD \/ miesi\u0105c","trial":"","benefits":[{"text":"Bezp\u0142atna pomoc w monta\u017cu"},{"text":"Wsparcie premium"},{"text":"14-dniowa gwarancja zwrotu pieni\u0119dzy"}],"button_url":"#demo","button_target_blank":"","button_nofollow":"","attributes":[{"name":"Instaluje"},{"name":"Czu\u0142y"},{"name":"Kompatybilne przegl\u0105darki"}],"tags":[],"tags_disable_links":"","hide_more_platforms":"","video_object":"","demo_hide_cta":"","demo_hide_cloud_options":"","pricing_title":"","pricing":[{"pricing_icon":"platform","pricing_title":"Elfsight Apps","pricing_title_caption":"Rozwi\u0105zanie wieloplatformowe","pricing_price":"od 0 USD \/ miesi\u0105c","pricing_price_caption":"zacznij od bezp\u0142atnego planu","pricing_benefits":[{"text":"Nielimitowane domeny"},{"text":"Dedykowane i terminowe wsparcie"},{"text":"Bezp\u0142atna pomoc w instalacji"},{"text":"W pe\u0142ni konfigurowalny"}],"pricing_button_text":"Dodaj do witryny","pricing_button_url":"#demo"}],"related_apps_title":"","related_apps_hidden":"","author":"","image":[],"title":"","job":"","social_networks":[]},"_links":{"self":[{"href":"https:\/\/elfsight.com\/pl\/wp-json\/wp\/v2\/pages\/5741","targetHints":{"allow":["GET"]}}],"collection":[{"href":"https:\/\/elfsight.com\/pl\/wp-json\/wp\/v2\/pages"}],"about":[{"href":"https:\/\/elfsight.com\/pl\/wp-json\/wp\/v2\/types\/page"}],"author":[{"embeddable":true,"href":"https:\/\/elfsight.com\/pl\/wp-json\/wp\/v2\/users\/9"}],"replies":[{"embeddable":true,"href":"https:\/\/elfsight.com\/pl\/wp-json\/wp\/v2\/comments?post=5741"}],"version-history":[{"count":1,"href":"https:\/\/elfsight.com\/pl\/wp-json\/wp\/v2\/pages\/5741\/revisions"}],"predecessor-version":[{"id":5745,"href":"https:\/\/elfsight.com\/pl\/wp-json\/wp\/v2\/pages\/5741\/revisions\/5745"}],"up":[{"embeddable":true,"href":"https:\/\/elfsight.com\/pl\/wp-json\/wp\/v2\/pages\/2597"}],"wp:attachment":[{"href":"https:\/\/elfsight.com\/pl\/wp-json\/wp\/v2\/media?parent=5741"}],"curies":[{"name":"wp","href":"https:\/\/api.w.org\/{rel}","templated":true}]}}