{"id":5736,"date":"2024-05-03T06:41:35","date_gmt":"2024-05-03T06:41:35","guid":{"rendered":"https:\/\/elfsight.com\/pl\/?page_id=5736"},"modified":"2024-10-25T12:01:55","modified_gmt":"2024-10-25T12:01:55","slug":"jimdo","status":"publish","type":"page","link":"https:\/\/elfsight.com\/pl\/paypal-button-widget-generator\/jimdo\/","title":{"rendered":"PayPal Button &#8211; Jimdo"},"content":{"rendered":"<div class=\"application-platform-content-item-description application-platform-content-item\" id=\"description\" data-nav-section=\"description\"> <h2>Opis<\/h2> <p>Przycisk PayPal Elfsight zapewnia nieskomplikowany spos\u00f3b umo\u017cliwienia Twoim klientom dokonywania p\u0142atno\u015bci za po\u015brednictwem systemu PayPal w Twojej witrynie. Pomaga, dodaj\u0105c przyciski realizacji transakcji, subskrypcji i darowizn. Mo\u017cesz doda\u0107 podatek i cen\u0119 wysy\u0142ki, wybra\u0107 lokalizacj\u0119 i walut\u0119, wy\u015bwietli\u0107 tekst i jeszcze wi\u0119cej. Rozpocznij przejrzyst\u0105 i bezpieczn\u0105 procedur\u0119 p\u0142atno\u015bci dla swoich odbiorc\u00f3w, korzystaj\u0105c z jednego z najbardziej sprawdzonych narz\u0119dzi p\u0142atniczych maksymalnie szybko. Bez wi\u0119kszego wysi\u0142ku osad\u017a na swojej stronie sprawdzony i nieskomplikowany system p\u0142atno\u015bci. Za pomoc\u0105 przycisku PayPal Elfsight mo\u017cesz akceptowa\u0107 p\u0142atno\u015bci jednorazowe, automatyczne subskrypcje i darowizny od swoich u\u017cytkownik\u00f3w. Zdob\u0105d\u017a sw\u00f3j w\u0142asny spersonalizowany przycisk, wybieraj\u0105c form\u0119 p\u0142atno\u015bci, walut\u0119, lokalizacj\u0119 i dostosowuj\u0105c wygl\u0105d, aby by\u0142 naprawd\u0119 wyj\u0105tkowy. Twoim klientom spodoba si\u0119 szybkie i sprawne p\u0142acenie w Twojej witrynie za pomoc\u0105 przycisku PayPal. <\/p><p><b>Zwi\u0119ksz skuteczno\u015b\u0107 swojej witryny w zadaniach zwi\u0105zanych z handlem elektronicznym za pomoc\u0105 przycisku PayPal.<\/b><\/p> <\/div> <div class=\"application-platform-content-item-features application-platform-content-item\" id=\"features\" data-nav-section=\"features\"> <h2> Oferujemy zaawansowane i szybkie funkcje, zobacz niekt\u00f3re z nich: <\/h2> <ul><li>Trzy typy przycisk\u00f3w: pojedyncza p\u0142atno\u015b\u0107, subskrypcja, darowizna<\/li><li>Dodaj nazw\u0119 produktu<\/li><li> Biblioteka wszystkich najpopularniejszych walut<\/li><li>Ustawianie ceny produktu<\/li><li>Mo\u017cliwo\u015b\u0107 ustalenia ceny wysy\u0142ki<\/li><li>Dwa warianty oznaczenia podatku: rycza\u0142towy lub procentowy<\/li> <li>Wybierz jeden z okres\u00f3w rozliczeniowych: dzienny, miesi\u0119czny, roczny, tygodniowy<\/li><li>Opcja subskrypcji cyklicznej <\/li><li>Poka\u017c lub ukryj ikon\u0119 PayPal<\/li><li>Ustaw dowolny tekst powy\u017cej przycisk za pomoc\u0105 nag\u0142\u00f3wka przycisku<\/li><li>Mo\u017cliwo\u015b\u0107 skierowania klienta do niestandardowej strony z podzi\u0119kowaniami po udanej transakcji<\/li><\/ul><p><a href=\"#demo\">Odkryj wszystkie opcje dostosowywania w pe\u0142ni funkcjonalnej wersji demonstracyjnej<\/a><\/p> <\/div> <div class=\"application-platform-content-item-installation application-platform-content-item\" id=\"installation\" data-nav-section=\"installation\"> <h2>Jak doda\u0107 przycisk PayPal do mojej strony internetowej Jimdo? <\/h2> <p>Wystarczy wykona\u0107 poni\u017csze kroki, aby aktywowa\u0107 wid\u017cet. <\/p> <ol><li><b>Uruchom nasz darmowy edytor i zacznij kszta\u0142towa\u0107 sw\u00f3j w\u0142asny instrument. <\/b><br> Okre\u015bl preferowany wygl\u0105d i cechy funkcjonalne narz\u0119dzia i zapisz poprawki. <\/li> <li><b>Wy\u015bwietl sw\u00f3j unikalny kod w polu w aplikacjach Elfsight. <\/b><br> Po zako\u0144czeniu konfiguracji Twojego osobistego wid\u017cetu skopiuj osobisty kod z okna i zachowaj go na kolejne okazje. <\/li> <li><b>Rozpocznij korzystanie z widgetu na swojej stronie internetowej Jimdo. <\/b><br> Wpisz kod zapisany ostatnio w Twojej witrynie i zapisz zmiany. <\/li> <li><b>Instalacja zosta\u0142a w pe\u0142ni uko\u0144czona. <\/b><br> Przejd\u017a do swojej witryny i zobacz, jak dzia\u0142a widget. <\/li><\/ol> <p>Je\u015bli masz pytania lub napotkasz jakiekolwiek przeszkody, nie wahaj si\u0119 napisa\u0107 do naszego personelu obs\u0142ugi klienta. Nasi specjali\u015bci pragn\u0105 rozwi\u0105za\u0107 wszystkie problemy, jakie mo\u017cesz mie\u0107 z widgetem. <\/p> <div class=\"faq\" data-component=\"FAQ\"> <div class=\"faq-item\">\r\n\t\t\t\t\t<div class=\"faq-item-question\">\r\n\t\t\t\t\t\t<h3 class=\"faq-item-question-text\">Jak doda\u0107 przycisk PayPal do mojej witryny Jimdo bez umiej\u0119tno\u015bci kodowania?<\/h3>\r\n\r\n\t\t\t\t\t\t<div class=\"faq-item-question-icon\"><\/div>\r\n\t\t\t\t\t<\/div>\r\n\r\n\t\t\t\t\t<div class=\"faq-item-answer\">\r\n\t\t\t\t\t\t<div class=\"faq-item-answer-text\"> <p>Elfsight zapewnia rozwi\u0105zanie SaaS, kt\u00f3re pozwala na samodzielne utworzenie wid\u017cetu przycisku PayPal. Zobacz, jak \u0142atwo proces jest nast\u0119puj\u0105cy: Pracuj bezpo\u015brednio w edytorze online, aby utworzy\u0107 wid\u017cet przycisku PayPal, kt\u00f3ry chcia\u0142by\u015b zobaczy\u0107 na swojej stronie internetowej Jimdo. Wybierz jeden z gotowych szablon\u00f3w i dostosuj ustawienia przycisku PayPal, dodaj tre\u015b\u0107, zmie\u0144 uk\u0142ad i kolory bez umiej\u0119tno\u015bci kodowania. Zapisz przycisk PayPal i skopiuj jego kod instalacyjny, aby m\u00f3c \u0142atwo doda\u0107 go do swojej witryny Jimdo bez konieczno\u015bci zakupu p\u0142atnego planu. Dzi\u0119ki naszemu intuicyjnemu edytorowi ka\u017cdy u\u017cytkownik Internetu mo\u017ce utworzy\u0107 wid\u017cet przycisku PayPal online i \u0142atwo osadzi\u0107 go na swojej stronie internetowej Jimdo. Aby uzyska\u0107 dost\u0119p do us\u0142ugi, nie trzeba p\u0142aci\u0107 ani wprowadza\u0107 danych uwierzytelniaj\u0105cych karty. Je\u015bli na kt\u00f3rymkolwiek etapie napotkasz jakiekolwiek problemy, skontaktuj si\u0119 z naszym zespo\u0142em pomocy technicznej.<\/p> <\/div>\r\n\t\t\t\t\t<\/div>\r\n\t\t\t\t<\/div> <\/div> <\/div>","protected":false},"excerpt":{"rendered":"","protected":false},"author":9,"featured_media":0,"parent":2597,"menu_order":0,"comment_status":"closed","ping_status":"closed","template":"templates\/template-application-platform.php","meta":{"publish_to_discourse":"","publish_post_category":"","wpdc_auto_publish_overridden":"","wpdc_topic_tags":"","wpdc_pin_topic":"","wpdc_pin_until":"","discourse_post_id":"","discourse_permalink":"","wpdc_publishing_response":"","wpdc_publishing_error":"","footnotes":""},"class_list":["post-5736","page","type-page","status-publish","hentry"],"yoast_head":"<!-- This site is optimized with the Yoast SEO plugin v25.3.1 - https:\/\/yoast.com\/wordpress\/plugins\/seo\/ -->\n<title>Przycisk PayPal - Dodaj wid\u017cet PayPal do strony internetowej Jimdo (2026)<\/title>\n<meta name=\"description\" content=\"Uzyskaj dostosowan\u0105 wtyczk\u0119 e-commerce PayPal Button (darowizny, p\u0142atno\u015bci lub subskrypcj\u0119) do integracji z Jimdo.\" \/>\n<meta name=\"robots\" content=\"index, follow, max-snippet:-1, max-image-preview:large, max-video-preview:-1\" \/>\n<link rel=\"canonical\" href=\"https:\/\/elfsight.com\/pl\/paypal-button-widget-generator\/jimdo\/\" \/>\n<meta property=\"og:locale\" content=\"pl_PL\" \/>\n<meta property=\"og:type\" content=\"article\" \/>\n<meta property=\"og:title\" content=\"Przycisk PayPal - Dodaj wid\u017cet PayPal do strony internetowej Jimdo (2026)\" \/>\n<meta property=\"og:description\" content=\"Uzyskaj dostosowan\u0105 wtyczk\u0119 e-commerce PayPal Button (darowizny, p\u0142atno\u015bci lub subskrypcj\u0119) do integracji z Jimdo.\" \/>\n<meta property=\"og:url\" content=\"https:\/\/elfsight.com\/pl\/paypal-button-widget-generator\/jimdo\/\" \/>\n<meta property=\"og:site_name\" content=\"Elfsight PL\" \/>\n<meta property=\"article:modified_time\" content=\"2024-10-25T12:01:55+00:00\" \/>\n<meta name=\"twitter:card\" content=\"summary_large_image\" \/>\n<meta name=\"twitter:label1\" content=\"Szacowany czas czytania\" \/>\n\t<meta name=\"twitter:data1\" content=\"3 minuty\" \/>\n<!-- \/ Yoast SEO plugin. -->","yoast_head_json":{"title":"Przycisk PayPal - Dodaj wid\u017cet PayPal do strony internetowej Jimdo (2026)","description":"Uzyskaj dostosowan\u0105 wtyczk\u0119 e-commerce PayPal Button (darowizny, p\u0142atno\u015bci lub subskrypcj\u0119) do integracji z Jimdo.","robots":{"index":"index","follow":"follow","max-snippet":"max-snippet:-1","max-image-preview":"max-image-preview:large","max-video-preview":"max-video-preview:-1"},"canonical":"https:\/\/elfsight.com\/pl\/paypal-button-widget-generator\/jimdo\/","og_locale":"pl_PL","og_type":"article","og_title":"Przycisk PayPal - Dodaj wid\u017cet PayPal do strony internetowej Jimdo (2026)","og_description":"Uzyskaj dostosowan\u0105 wtyczk\u0119 e-commerce PayPal Button (darowizny, p\u0142atno\u015bci lub subskrypcj\u0119) do integracji z Jimdo.","og_url":"https:\/\/elfsight.com\/pl\/paypal-button-widget-generator\/jimdo\/","og_site_name":"Elfsight PL","article_modified_time":"2024-10-25T12:01:55+00:00","twitter_card":"summary_large_image","twitter_misc":{"Szacowany czas czytania":"3 minuty"},"schema":{"@context":"https:\/\/schema.org","@graph":[{"@type":"WebPage","@id":"https:\/\/elfsight.com\/pl\/paypal-button-widget-generator\/jimdo\/","url":"https:\/\/elfsight.com\/pl\/paypal-button-widget-generator\/jimdo\/","name":"Przycisk PayPal - Dodaj wid\u017cet PayPal do strony internetowej Jimdo (2026)","isPartOf":{"@id":"https:\/\/elfsight.com\/pl\/#website"},"datePublished":"2024-05-03T06:41:35+00:00","dateModified":"2024-10-25T12:01:55+00:00","description":"Uzyskaj dostosowan\u0105 wtyczk\u0119 e-commerce PayPal Button (darowizny, p\u0142atno\u015bci lub subskrypcj\u0119) do integracji z Jimdo.","breadcrumb":{"@id":"https:\/\/elfsight.com\/pl\/paypal-button-widget-generator\/jimdo\/#breadcrumb"},"inLanguage":"pl-PL","potentialAction":[{"@type":"ReadAction","target":["https:\/\/elfsight.com\/pl\/paypal-button-widget-generator\/jimdo\/"]}]},{"@type":"BreadcrumbList","@id":"https:\/\/elfsight.com\/pl\/paypal-button-widget-generator\/jimdo\/#breadcrumb","itemListElement":[{"@type":"ListItem","position":1,"name":"Home","item":"https:\/\/elfsight.com\/pl\/"},{"@type":"ListItem","position":2,"name":"PayPal Button","item":"https:\/\/elfsight.com\/pl\/paypal-button-widget-generator\/"},{"@type":"ListItem","position":3,"name":"PayPal Button &#8211; Jimdo"}]},{"@type":"WebSite","@id":"https:\/\/elfsight.com\/pl\/#website","url":"https:\/\/elfsight.com\/pl\/","name":"Elfsight PL","description":"Just another Elfsight Sites site","potentialAction":[{"@type":"SearchAction","target":{"@type":"EntryPoint","urlTemplate":"https:\/\/elfsight.com\/pl\/?s={search_term_string}"},"query-input":{"@type":"PropertyValueSpecification","valueRequired":true,"valueName":"search_term_string"}}],"inLanguage":"pl-PL"}]}},"meta_box":{"industry":"","seo_heading":"","heading":"","description":"","cta_heading":"","cta_description":"","application":"3353","h1":"Wid\u017cet przycisku Jimdo PayPal","h1_caption":"Dodaj przycisk PayPal do swojej witryny, aby m\u00f3c dokonywa\u0107 szybkich i \u0142atwych p\u0142atno\u015bci bezpo\u015brednio przez PayPal na swoj\u0105 stron\u0119 internetow\u0105 Jimdo.","application_category":[],"applications_title":"","applications_request_title":"","applications_request_button_text":"","hero_text":"","hero_video":"","hero_video_schema_markup":"","selling_points_title":"","selling_points_caption":"","selling_points":[],"selling_points_cta_text":"","features_title":"","features":"","ed_cta_examples_text":"","ed_cta_examples_hidden":"","ed_cta_demo_text":"","ed_cta_demo_hidden":"","why_caption":"","why_editor_title":"","why_editor_text":"","why_team_title":"","why_team_text":"","why_service_title":"","why_service_text":"","template_catalog_visible":"","template_catalog_title":"","template_catalog_text":"","template_catalog_categories_visible":"","demo_title":"Pospiesz si\u0119, aby zbudowa\u0107 spersonalizowany przycisk Jimdo PayPal!","demo_caption":"Dostosuj widget i umie\u015b\u0107 go na swojej stronie internetowej poprzez aktywne demo.","default_faq_hidden":"","app_template_category":[],"platform":"193","template_public_id":"","codecanyon_url":"","codecanyon_item_id":"","codecanyon_price":"","pricing_caption":"","pricing_elfsight_apps_hide_column":"","pricing_elfsight_apps_url":"","pricing_codecanyon_price_caption":"","integration_category":[],"integration_request_title":"","integration_request_cta":"","integration_platform":"","integrations":[],"platform_category":[],"video_schema_markup":"","price":"od 0 USD \/ miesi\u0105c","trial":"","benefits":[{"text":"Bezp\u0142atna pomoc w instalacji"},{"text":"Do\u015bwiadczona obs\u0142uga klienta"},{"text":"14-dniowa gwarancja zwrotu pieni\u0119dzy"}],"button_url":"#demo","button_target_blank":"","button_nofollow":"","attributes":[{"name":"Instaluje"},{"name":"Czu\u0142y"},{"name":"Kompatybilne przegl\u0105darki"}],"tags":[],"tags_disable_links":"","hide_more_platforms":"","video_object":"","demo_hide_cta":"","demo_hide_cloud_options":"","pricing_title":"","pricing":[{"pricing_icon":"platform","pricing_title":"Elfsight Apps","pricing_title_caption":"Oprogramowanie niezale\u017cne od platformy, kt\u00f3re pasuje do ka\u017cdej witryny","pricing_price":"od 0 USD \/ miesi\u0105c","pricing_price_caption":"zacznij od bezp\u0142atnego planu","pricing_benefits":[{"text":"Nieograniczona liczba domen"},{"text":"Dedykowana obs\u0142uga klienta"},{"text":"Bezp\u0142atna pomoc w monta\u017cu"},{"text":"100% konfigurowalny"}],"pricing_button_text":"Dodaj do witryny","pricing_button_url":"#demo"}],"related_apps_title":"","related_apps_hidden":"","author":"","image":[],"title":"","job":"","social_networks":[]},"_links":{"self":[{"href":"https:\/\/elfsight.com\/pl\/wp-json\/wp\/v2\/pages\/5736","targetHints":{"allow":["GET"]}}],"collection":[{"href":"https:\/\/elfsight.com\/pl\/wp-json\/wp\/v2\/pages"}],"about":[{"href":"https:\/\/elfsight.com\/pl\/wp-json\/wp\/v2\/types\/page"}],"author":[{"embeddable":true,"href":"https:\/\/elfsight.com\/pl\/wp-json\/wp\/v2\/users\/9"}],"replies":[{"embeddable":true,"href":"https:\/\/elfsight.com\/pl\/wp-json\/wp\/v2\/comments?post=5736"}],"version-history":[{"count":1,"href":"https:\/\/elfsight.com\/pl\/wp-json\/wp\/v2\/pages\/5736\/revisions"}],"predecessor-version":[{"id":5740,"href":"https:\/\/elfsight.com\/pl\/wp-json\/wp\/v2\/pages\/5736\/revisions\/5740"}],"up":[{"embeddable":true,"href":"https:\/\/elfsight.com\/pl\/wp-json\/wp\/v2\/pages\/2597"}],"wp:attachment":[{"href":"https:\/\/elfsight.com\/pl\/wp-json\/wp\/v2\/media?parent=5736"}],"curies":[{"name":"wp","href":"https:\/\/api.w.org\/{rel}","templated":true}]}}