{"id":5728,"date":"2024-05-03T06:41:31","date_gmt":"2024-05-03T06:41:31","guid":{"rendered":"https:\/\/elfsight.com\/pl\/?page_id=5728"},"modified":"2024-11-14T08:57:57","modified_gmt":"2024-11-14T08:57:57","slug":"drupal","status":"publish","type":"page","link":"https:\/\/elfsight.com\/pl\/number-counter-widget\/drupal\/","title":{"rendered":"Number Counter &#8211; Drupal"},"content":{"rendered":"<div class=\"application-platform-content-item-description application-platform-content-item\" id=\"description\" data-nav-section=\"description\"> <h2>Opis<\/h2> <p>Elfsight Number Counter to \u0142atwy w obs\u0142udze modu\u0142 dla Drupala z szerokim wachlarzem funkcji. \u015awietnie, je\u015bli mo\u017cesz pochwali\u0107 si\u0119 znakomitymi wynikami biznesowymi, ilo\u015bci\u0105 wykonanych prac i to nie wszystko. Modu\u0142 jest niezwykle elastyczny. Mo\u017cesz konstruowa\u0107 nieograniczon\u0105 liczb\u0119 licznik\u00f3w, \u0142\u0105czy\u0107 je w kolumny, wybiera\u0107 ikony z naszej biblioteki lub przesy\u0142a\u0107 w\u0142asne, zmienia\u0107 ich barw\u0119 lub jednokolorowo\u015b\u0107, do\u0142\u0105cza\u0107 podpisy w celu wyja\u015bnienia prezentowanych liczb, przemalowywa\u0107 dowoln\u0105 funkcj\u0119, wybierz zdj\u0119cie w tle, ale to nie wszystko. Po prostu zacznij ju\u017c teraz budowa\u0107 sw\u00f3j licznik i obserwuj, jak Twoje kluczowe statystyki biznesowe szybko rosn\u0105! <\/p> <p><b>Pochwal si\u0119 swoimi wspania\u0142ymi osi\u0105gni\u0119ciami swoim przysz\u0142ym klientom. Zwi\u0119ksz liczb\u0119 udanych transakcji i potencjalnych klient\u00f3w! <\/b><\/p> <\/div> <div class=\"application-platform-content-item-features application-platform-content-item\" id=\"features\" data-nav-section=\"features\"> <h2>To tylko kilka z bogatych funkcji drupala: <\/h2> <ul><li>Nieograniczona liczba licznik\u00f3w. <\/li><li>Nieograniczona liczba kolumn. <\/li><li>Do\u0142\u0105cz tytu\u0142y, nag\u0142\u00f3wki, przedrostki i postfiksy. <\/li><li>Wybierz format ikony \u2014 pobierz go z naszej kolekcji lub prze\u015blij w\u0142asny. <\/li><li>Do\u0142\u0105cz linki. <\/li><\/ul><p><a href=\"#demo\">Mo\u017cesz teraz przetestowa\u0107 pe\u0142ne mo\u017cliwo\u015bci wid\u017cetu w wersji demonstracyjnej<\/a><\/p> <\/div> <div class=\"application-platform-content-item-installation application-platform-content-item\" id=\"installation\" data-nav-section=\"installation\"> <h2>Jak doda\u0107 licznik liczb na mojej stronie Drupal? <\/h2><div class=\"video-container\"><iframe width=\"720\" height=\"405\" src=\"https:\/\/www.youtube.com\/embed\/XXVieD3agHk\" frameborder=\"0\" allowfullscreen=\"\"><\/iframe><\/div><p>Wystarczy wykona\u0107 poni\u017csze wskaz\u00f3wki, aby zintegrowa\u0107 wid\u017cet. <\/p> <ol><li><b>Skorzystaj z naszego bezp\u0142atnego konfiguratora i zacznij tworzy\u0107 modu\u0142 na miar\u0119. <\/b><br> Wybierz niestandardowy interfejs i funkcje modu\u0142u i zastosuj wszystkie zmiany. <\/li> <li><b>Uzyskaj indywidualny kod ujawniony w specjalnym formularzu w aplikacjach Elfsight. <\/b><br> Zaraz po zako\u0144czeniu generowania modu\u0142u osobistego skopiuj sw\u00f3j kod w wy\u015bwietlonym wyskakuj\u0105cym okienku i zachowaj go na dalsze potrzeby. <\/li> <li><b>Rozpocznij prac\u0119 modu\u0142u na stronie Drupal. <\/b><br> Wklej ostatnio zapisany kod na swojej stronie internetowej i zastosuj poprawki. <\/li> <li><b>Gotowe! Konfiguracja zosta\u0142a w pe\u0142ni wykonana. <\/b><br> Przejd\u017a na swoj\u0105 stron\u0119 internetow\u0105 i sprawd\u017a dzia\u0142anie modu\u0142u. <\/li><\/ol><p>W przypadku problem\u00f3w napisz do naszego zespo\u0142u obs\u0142ugi klienta. Nasi ludzie pragn\u0105 pom\u00f3c Ci we wszystkich trudno\u015bciach, jakie mo\u017cesz mie\u0107 z wtyczk\u0105. <\/p> <div class=\"faq\" data-component=\"FAQ\"><div class=\"faq-item\">\r\n\t\t\t\t\t<div class=\"faq-item-question\">\r\n\t\t\t\t\t\t<h3 class=\"faq-item-question-text\">Jak mog\u0119 osadzi\u0107 Licznik Liczb na mojej stronie g\u0142\u00f3wnej Drupala bez umiej\u0119tno\u015bci kodowania?<\/h3>\r\n\r\n\t\t\t\t\t\t<div class=\"faq-item-question-icon\"><\/div>\r\n\t\t\t\t\t<\/div>\r\n\r\n\t\t\t\t\t<div class=\"faq-item-answer\">\r\n\t\t\t\t\t\t<div class=\"faq-item-answer-text\"> <p>Elfsight zapewnia rozwi\u0105zanie w chmurze, kt\u00f3re umo\u017cliwia samodzielne utworzenie aplikacji Licznik Liczb, zobacz, jakie to nieskomplikowane to: Zacznij pracowa\u0107 bezpo\u015brednio w edytorze na \u017cywo, aby utworzy\u0107 wid\u017cet Licznik liczb, kt\u00f3ry chcesz zintegrowa\u0107 z Drupalem. Wybierz jeden z gotowych szablon\u00f3w i dostosuj ustawienia Licznika Liczb, zmie\u0144 uk\u0142ad i schemat kolor\u00f3w, dodaj swoj\u0105 tre\u015b\u0107, bez znajomo\u015bci kodowania. Zapisz Licznik Liczb i uzyskaj jego kod instalacyjny, kt\u00f3ry mo\u017cesz po prostu umie\u015bci\u0107 na stronie Drupala, bez konieczno\u015bci kupowania p\u0142atnej subskrypcji. Pracuj\u0105c w naszym prostym edytorze, ka\u017cdy u\u017cytkownik sieci mo\u017ce utworzy\u0107 sekcj\u0119 Licznik liczb i umie\u015bci\u0107 j\u0105 na dowolnej stronie Drupala. Aby uzyska\u0107 dost\u0119p do us\u0142ugi, nie jest wymagane wykupienie p\u0142atnej subskrypcji ani ujawnianie danych karty. Je\u015bli napotkasz jakiekolwiek problemy, nie wahaj si\u0119 porozmawia\u0107 z naszym personelem pomocy technicznej.<\/p> <\/div>\r\n\t\t\t\t\t<\/div>\r\n\t\t\t\t<\/div> <\/div><\/div>","protected":false},"excerpt":{"rendered":"","protected":false},"author":9,"featured_media":0,"parent":2633,"menu_order":0,"comment_status":"closed","ping_status":"closed","template":"templates\/template-application-platform.php","meta":{"publish_to_discourse":"","publish_post_category":"","wpdc_auto_publish_overridden":"","wpdc_topic_tags":"","wpdc_pin_topic":"","wpdc_pin_until":"","discourse_post_id":"","discourse_permalink":"","wpdc_publishing_response":"","wpdc_publishing_error":"","footnotes":""},"class_list":["post-5728","page","type-page","status-publish","hentry"],"yoast_head":"<!-- This site is optimized with the Yoast SEO plugin v25.3.1 - https:\/\/yoast.com\/wordpress\/plugins\/seo\/ -->\n<title>Licznik Liczb \u2014 Dodaj wid\u017cet Licznik do strony Drupal (bezp\u0142atnie i szybko)<\/title>\n<meta name=\"description\" content=\"Utw\u00f3rz licznik numer\u00f3w online na Drupalu w zaledwie 1 minut\u0119. Wypr\u00f3buj wszystkie podstawowe zalety najlepszego wid\u017cetu Licznik w darmowym konfiguratorze.\" \/>\n<meta name=\"robots\" content=\"index, follow, max-snippet:-1, max-image-preview:large, max-video-preview:-1\" \/>\n<link rel=\"canonical\" href=\"https:\/\/elfsight.com\/pl\/number-counter-widget\/drupal\/\" \/>\n<meta property=\"og:locale\" content=\"pl_PL\" \/>\n<meta property=\"og:type\" content=\"article\" \/>\n<meta property=\"og:title\" content=\"Licznik Liczb \u2014 Dodaj wid\u017cet Licznik do strony Drupal (bezp\u0142atnie i szybko)\" \/>\n<meta property=\"og:description\" content=\"Utw\u00f3rz licznik numer\u00f3w online na Drupalu w zaledwie 1 minut\u0119. Wypr\u00f3buj wszystkie podstawowe zalety najlepszego wid\u017cetu Licznik w darmowym konfiguratorze.\" \/>\n<meta property=\"og:url\" content=\"https:\/\/elfsight.com\/pl\/number-counter-widget\/drupal\/\" \/>\n<meta property=\"og:site_name\" content=\"Elfsight PL\" \/>\n<meta property=\"article:modified_time\" content=\"2024-11-14T08:57:57+00:00\" \/>\n<meta name=\"twitter:card\" content=\"summary_large_image\" \/>\n<meta name=\"twitter:label1\" content=\"Szacowany czas czytania\" \/>\n\t<meta name=\"twitter:data1\" content=\"3 minuty\" \/>\n<!-- \/ Yoast SEO plugin. -->","yoast_head_json":{"title":"Licznik Liczb \u2014 Dodaj wid\u017cet Licznik do strony Drupal (bezp\u0142atnie i szybko)","description":"Utw\u00f3rz licznik numer\u00f3w online na Drupalu w zaledwie 1 minut\u0119. Wypr\u00f3buj wszystkie podstawowe zalety najlepszego wid\u017cetu Licznik w darmowym konfiguratorze.","robots":{"index":"index","follow":"follow","max-snippet":"max-snippet:-1","max-image-preview":"max-image-preview:large","max-video-preview":"max-video-preview:-1"},"canonical":"https:\/\/elfsight.com\/pl\/number-counter-widget\/drupal\/","og_locale":"pl_PL","og_type":"article","og_title":"Licznik Liczb \u2014 Dodaj wid\u017cet Licznik do strony Drupal (bezp\u0142atnie i szybko)","og_description":"Utw\u00f3rz licznik numer\u00f3w online na Drupalu w zaledwie 1 minut\u0119. Wypr\u00f3buj wszystkie podstawowe zalety najlepszego wid\u017cetu Licznik w darmowym konfiguratorze.","og_url":"https:\/\/elfsight.com\/pl\/number-counter-widget\/drupal\/","og_site_name":"Elfsight PL","article_modified_time":"2024-11-14T08:57:57+00:00","twitter_card":"summary_large_image","twitter_misc":{"Szacowany czas czytania":"3 minuty"},"schema":{"@context":"https:\/\/schema.org","@graph":[{"@type":"WebPage","@id":"https:\/\/elfsight.com\/pl\/number-counter-widget\/drupal\/","url":"https:\/\/elfsight.com\/pl\/number-counter-widget\/drupal\/","name":"Licznik Liczb \u2014 Dodaj wid\u017cet Licznik do strony Drupal (bezp\u0142atnie i szybko)","isPartOf":{"@id":"https:\/\/elfsight.com\/pl\/#website"},"datePublished":"2024-05-03T06:41:31+00:00","dateModified":"2024-11-14T08:57:57+00:00","description":"Utw\u00f3rz licznik numer\u00f3w online na Drupalu w zaledwie 1 minut\u0119. Wypr\u00f3buj wszystkie podstawowe zalety najlepszego wid\u017cetu Licznik w darmowym konfiguratorze.","breadcrumb":{"@id":"https:\/\/elfsight.com\/pl\/number-counter-widget\/drupal\/#breadcrumb"},"inLanguage":"pl-PL","potentialAction":[{"@type":"ReadAction","target":["https:\/\/elfsight.com\/pl\/number-counter-widget\/drupal\/"]}]},{"@type":"BreadcrumbList","@id":"https:\/\/elfsight.com\/pl\/number-counter-widget\/drupal\/#breadcrumb","itemListElement":[{"@type":"ListItem","position":1,"name":"Home","item":"https:\/\/elfsight.com\/pl\/"},{"@type":"ListItem","position":2,"name":"Number Counter","item":"https:\/\/elfsight.com\/pl\/number-counter-widget\/"},{"@type":"ListItem","position":3,"name":"Number Counter &#8211; Drupal"}]},{"@type":"WebSite","@id":"https:\/\/elfsight.com\/pl\/#website","url":"https:\/\/elfsight.com\/pl\/","name":"Elfsight PL","description":"Just another Elfsight Sites site","potentialAction":[{"@type":"SearchAction","target":{"@type":"EntryPoint","urlTemplate":"https:\/\/elfsight.com\/pl\/?s={search_term_string}"},"query-input":{"@type":"PropertyValueSpecification","valueRequired":true,"valueName":"search_term_string"}}],"inLanguage":"pl-PL"}]}},"meta_box":{"industry":"","seo_heading":"","heading":"","description":"","cta_heading":"","cta_description":"","application":"2632","h1":"Modu\u0142 licznika liczb w Drupalu","h1_caption":"Pochwal si\u0119 kluczowymi statystykami i kamieniami milowymi za pomoc\u0105 animowanych licznik\u00f3w, aby bez wysi\u0142ku podkre\u015bli\u0107 swoje osi\u0105gni\u0119cia w anga\u017cuj\u0105cy spos\u00f3b na swojej stronie Drupal.","application_category":[],"applications_title":"","applications_request_title":"","applications_request_button_text":"","hero_text":"","hero_video":"","hero_video_schema_markup":"","selling_points_title":"","selling_points_caption":"","selling_points":[],"selling_points_cta_text":"","features_title":"","features":"","ed_cta_examples_text":"","ed_cta_examples_hidden":"","ed_cta_demo_text":"","ed_cta_demo_hidden":"","why_caption":"","why_editor_title":"","why_editor_text":"","why_team_title":"","why_team_text":"","why_service_title":"","why_service_text":"","template_catalog_visible":"","template_catalog_title":"","template_catalog_text":"","template_catalog_categories_visible":"","demo_title":"Utw\u00f3rz modu\u0142 licznika liczb","demo_caption":"Skonfiguruj sw\u00f3j Licznik Liczb i dodaj go do swojej witryny Drupal za darmo!","default_faq_hidden":"","app_template_category":[],"platform":"47","template_public_id":"","codecanyon_url":"","codecanyon_item_id":"","codecanyon_price":"","pricing_caption":"","pricing_elfsight_apps_hide_column":"","pricing_elfsight_apps_url":"","pricing_codecanyon_price_caption":"","integration_category":[],"integration_request_title":"","integration_request_cta":"","integration_platform":"","integrations":[],"platform_category":[],"video_schema_markup":"","price":"od 0 USD \/ miesi\u0105c","trial":"","benefits":[{"text":"Bezp\u0142atna us\u0142uga monta\u017cu"},{"text":"Do\u015bwiadczona obs\u0142uga klienta"},{"text":"14-dniowa gwarancja zwrotu pieni\u0119dzy"}],"button_url":"#demo","button_target_blank":"","button_nofollow":"","attributes":[{"name":"Instaluje"},{"name":"Czu\u0142y"},{"name":"Kompatybilne przegl\u0105darki"}],"tags":[],"tags_disable_links":"","hide_more_platforms":"","video_object":"","demo_hide_cta":"","demo_hide_cloud_options":"","pricing_title":"","pricing":[{"pricing_icon":"platform","pricing_title":"Elfsight Apps","pricing_title_caption":"Oprogramowanie wieloplatformowe, kt\u00f3re pasuje do ka\u017cdej witryny","pricing_price":"od 0 USD \/ miesi\u0105c","pricing_price_caption":"zacznij od bezp\u0142atnego planu","pricing_benefits":[{"text":"Nielimitowane domeny"},{"text":"Szybkie i terminowe wsparcie"},{"text":"Bezp\u0142atna us\u0142uga monta\u017cu"},{"text":"Oferta specjalna na wiele aplikacji"}],"pricing_button_text":"Dodaj do witryny","pricing_button_url":"#demo"}],"related_apps_title":"","related_apps_hidden":"","author":"","image":[],"title":"","job":"","social_networks":[]},"_links":{"self":[{"href":"https:\/\/elfsight.com\/pl\/wp-json\/wp\/v2\/pages\/5728","targetHints":{"allow":["GET"]}}],"collection":[{"href":"https:\/\/elfsight.com\/pl\/wp-json\/wp\/v2\/pages"}],"about":[{"href":"https:\/\/elfsight.com\/pl\/wp-json\/wp\/v2\/types\/page"}],"author":[{"embeddable":true,"href":"https:\/\/elfsight.com\/pl\/wp-json\/wp\/v2\/users\/9"}],"replies":[{"embeddable":true,"href":"https:\/\/elfsight.com\/pl\/wp-json\/wp\/v2\/comments?post=5728"}],"version-history":[{"count":2,"href":"https:\/\/elfsight.com\/pl\/wp-json\/wp\/v2\/pages\/5728\/revisions"}],"predecessor-version":[{"id":7875,"href":"https:\/\/elfsight.com\/pl\/wp-json\/wp\/v2\/pages\/5728\/revisions\/7875"}],"up":[{"embeddable":true,"href":"https:\/\/elfsight.com\/pl\/wp-json\/wp\/v2\/pages\/2633"}],"wp:attachment":[{"href":"https:\/\/elfsight.com\/pl\/wp-json\/wp\/v2\/media?parent=5728"}],"curies":[{"name":"wp","href":"https:\/\/api.w.org\/{rel}","templated":true}]}}