{"id":5727,"date":"2024-05-03T06:41:30","date_gmt":"2024-05-03T06:41:30","guid":{"rendered":"https:\/\/elfsight.com\/pl\/?page_id=5727"},"modified":"2024-09-13T13:39:12","modified_gmt":"2024-09-13T13:39:12","slug":"facebook","status":"publish","type":"page","link":"https:\/\/elfsight.com\/pl\/number-counter-widget\/facebook\/","title":{"rendered":"Number Counter &#8211; Facebook"},"content":{"rendered":"<div class=\"application-platform-content-item-description application-platform-content-item\" id=\"description\" data-nav-section=\"description\"> <h2>Opis<\/h2> <p>Elfsight Number Counter to \u0142atwy w zarz\u0105dzaniu widget dla strony na Facebooku z wieloma funkcjami do wyboru. Jest to \u015bwietna funkcja umo\u017cliwiaj\u0105ca pokazanie imponuj\u0105cych statystyk biznesowych, ilo\u015bci wykonanych prac i wielu innych informacji. Wtyczka jest niezwykle elastyczna. Mo\u017cesz swobodnie konstruowa\u0107 nieograniczon\u0105 liczb\u0119 licznik\u00f3w, ustawia\u0107 je w kolumnach, wybiera\u0107 ikony z naszej biblioteki lub przesy\u0142a\u0107 w\u0142asne, dostosowane, nadawa\u0107 im kolorowe lub jednokolorowe, do\u0142\u0105cza\u0107 podpisy, aby wyra\u017aniej demonstrowa\u0107 liczby, przemalowywa\u0107 dowolne element, wybierz obrazek t\u0142a, a to nie wszystko. Zacznij tworzy\u0107 sw\u00f3j widget ju\u017c teraz i zobacz, jak rosn\u0105 statystyki Twojej najwa\u017cniejszej firmy! <\/p> <p><b>Przedstaw swoje imponuj\u0105ce osi\u0105gni\u0119cia przysz\u0142ym nabywcom. Zwi\u0119ksz liczb\u0119 udanych sprzeda\u017cy i potencjalnych klient\u00f3w! <\/b><\/p> <\/div> <div class=\"application-platform-content-item-features application-platform-content-item\" id=\"features\" data-nav-section=\"features\"> <h2>Licznik liczb na Facebooku zawiera zaawansowane i szybkie funkcje, oto niekt\u00f3re z nich:<\/h2> <ul><li>Dowolne ilo\u015b\u0107 licznik\u00f3w. <\/li><li>Nieograniczona liczba kolumn. <\/li><li>Do\u0142\u0105cz tytu\u0142y, nag\u0142\u00f3wki, przedrostki i postfiksy. <\/li><li>Wybierz kategori\u0119 ikon \u2014 pobierz j\u0105 z naszej kolekcji lub prze\u015blij w\u0142asn\u0105. <\/li><li>Dodaj linki. <\/li><\/ul><p><a href=\"#demo\">Przetestuj wszystkie funkcje personalizacji w 100% funkcjonalnej wersji demonstracyjnej<\/a><\/p> <\/div> <div class=\"application-platform-content-item-installation application-platform-content-item\" id=\"installation\" data-nav-section=\"installation\"> <h2>Jak osadzi\u0107 licznik liczb w mojej witrynie na Facebooku? <\/h2> <p>Wystarczy wykona\u0107 poni\u017csze kroki, aby zintegrowa\u0107 narz\u0119dzie. <\/p> <ol><li><b>Skorzystaj z naszego darmowego konfiguratora i rozpocznij budow\u0119 swojego instrumentu dostosowanego do Twoich potrzeb. <\/b><br> Okre\u015bl preferowany wygl\u0105d i funkcjonalno\u015b\u0107 wid\u017cetu i zastosuj zmiany. <\/li> <li><b>Odbierz sw\u00f3j unikalny kod pokazany w specjalnym formularzu w aplikacjach Elfsight. <\/b><br> Po zako\u0144czeniu tworzenia narz\u0119dzia skopiuj kod osobisty z wy\u015bwietlonego pola i zachowaj go na przysz\u0142o\u015b\u0107. <\/li> <li><b>Rozpocznij korzystanie z odliczania na swojej stronie na Facebooku. <\/b><br> Wstaw wcze\u015bniej zapisany kod na swoj\u0105 stron\u0119 g\u0142\u00f3wn\u0105 i zastosuj zmiany. <\/li> <li><b>Gotowe! Konfiguracja zosta\u0142a pomy\u015blnie zako\u0144czona. <\/b><br> Przejd\u017a na swoj\u0105 stron\u0119 i zobacz, jak dzia\u0142a widget. <\/li><\/ol> <p>W przypadku pyta\u0144 lub problem\u00f3w nie wahaj si\u0119 skontaktowa\u0107 z naszym dzia\u0142em obs\u0142ugi klienta. Nasi ludzie z przyjemno\u015bci\u0105 pomog\u0105 Ci we wszystkich trudno\u015bciach, jakie mo\u017cesz napotka\u0107 w zwi\u0105zku z tym narz\u0119dziem. <\/p> <div class=\"faq\" data-component=\"FAQ\"><div class=\"faq-item\">\r\n\t\t\t\t\t<div class=\"faq-item-question\">\r\n\t\t\t\t\t\t<h3 class=\"faq-item-question-text\">Czy istnieje spos\u00f3b osadzenia Licznika Liczb na mojej stronie na Facebooku bez umiej\u0119tno\u015bci kodowania?<\/h3>\r\n\r\n\t\t\t\t\t\t<div class=\"faq-item-question-icon\"><\/div>\r\n\t\t\t\t\t<\/div>\r\n\r\n\t\t\t\t\t<div class=\"faq-item-answer\">\r\n\t\t\t\t\t\t<div class=\"faq-item-answer-text\"> <p>Firma Elfsight oferuje rozwi\u0105zanie SaaS, kt\u00f3re umo\u017cliwia u\u017cytkownikom samodzielne wygenerowanie sekcji Licznika Liczb, dowiedz si\u0119, jakie to proste: Pracuj bezpo\u015brednio w edytorze na \u017cywo, aby wygenerowa\u0107 wtyczk\u0119 licznika liczb, kt\u00f3r\u0105 chcesz umie\u015bci\u0107 na swojej stronie na Facebooku. Zdecyduj si\u0119 na jeden z wst\u0119pnie zaprojektowanych szablon\u00f3w i dostosuj ustawienia licznika liczb, zmie\u0144 uk\u0142ad i schemat kolor\u00f3w oraz dodaj swoj\u0105 tre\u015b\u0107 bez do\u015bwiadczenia w kodowaniu. Zapisz wprowadzone ustawienia w Number Counter i skopiuj kod do osadzenia, kt\u00f3ry mo\u017cna \u0142atwo osadzi\u0107 na stronach Facebooka bez konieczno\u015bci kupowania p\u0142atnej subskrypcji. Dzi\u0119ki naszemu \u0142atwemu w obs\u0142udze konfiguratorowi ka\u017cdy internauta mo\u017ce stworzy\u0107 Licznik Licznik\u00f3w online i \u0142atwo umie\u015bci\u0107 go na swojej stronie g\u0142\u00f3wnej na Facebooku. Aby uzyska\u0107 dost\u0119p do Edytora, nie jest konieczne posiadanie p\u0142atnego planu ani wprowadzanie danych karty. Je\u015bli napotkasz jakiekolwiek problemy, skontaktuj si\u0119 z naszym zespo\u0142em pomocy technicznej.<\/p> <\/div>\r\n\t\t\t\t\t<\/div>\r\n\t\t\t\t<\/div> <\/div><\/div>","protected":false},"excerpt":{"rendered":"","protected":false},"author":9,"featured_media":0,"parent":2633,"menu_order":0,"comment_status":"closed","ping_status":"closed","template":"templates\/template-application-platform.php","meta":{"publish_to_discourse":"","publish_post_category":"","wpdc_auto_publish_overridden":"","wpdc_topic_tags":"","wpdc_pin_topic":"","wpdc_pin_until":"","discourse_post_id":"","discourse_permalink":"","wpdc_publishing_response":"","wpdc_publishing_error":"","footnotes":""},"class_list":["post-5727","page","type-page","status-publish","hentry"],"yoast_head":"<!-- This site is optimized with the Yoast SEO plugin v25.3.1 - https:\/\/yoast.com\/wordpress\/plugins\/seo\/ -->\n<title>Licznik liczb \u2014 dodaj wtyczk\u0119 Licznik do Facebooka (bezp\u0142atnie i szybko)<\/title>\n<meta name=\"description\" content=\"Umie\u015b\u0107 licznik liczb na swojej stronie internetowej na Facebooku, korzystaj\u0105c z naszej wersji demonstracyjnej na \u017cywo. Ukszta\u0142tuj sw\u00f3j spersonalizowany widget za pomoc\u0105 kilku klikni\u0119\u0107 i bez wysi\u0142ku!\" \/>\n<meta name=\"robots\" content=\"index, follow, max-snippet:-1, max-image-preview:large, max-video-preview:-1\" \/>\n<link rel=\"canonical\" href=\"https:\/\/elfsight.com\/pl\/number-counter-widget\/facebook\/\" \/>\n<meta property=\"og:locale\" content=\"pl_PL\" \/>\n<meta property=\"og:type\" content=\"article\" \/>\n<meta property=\"og:title\" content=\"Licznik liczb \u2014 dodaj wtyczk\u0119 Licznik do Facebooka (bezp\u0142atnie i szybko)\" \/>\n<meta property=\"og:description\" content=\"Umie\u015b\u0107 licznik liczb na swojej stronie internetowej na Facebooku, korzystaj\u0105c z naszej wersji demonstracyjnej na \u017cywo. Ukszta\u0142tuj sw\u00f3j spersonalizowany widget za pomoc\u0105 kilku klikni\u0119\u0107 i bez wysi\u0142ku!\" \/>\n<meta property=\"og:url\" content=\"https:\/\/elfsight.com\/pl\/number-counter-widget\/facebook\/\" \/>\n<meta property=\"og:site_name\" content=\"Elfsight PL\" \/>\n<meta property=\"article:modified_time\" content=\"2024-09-13T13:39:12+00:00\" \/>\n<meta name=\"twitter:card\" content=\"summary_large_image\" \/>\n<meta name=\"twitter:label1\" content=\"Szacowany czas czytania\" \/>\n\t<meta name=\"twitter:data1\" content=\"3 minuty\" \/>\n<!-- \/ Yoast SEO plugin. -->","yoast_head_json":{"title":"Licznik liczb \u2014 dodaj wtyczk\u0119 Licznik do Facebooka (bezp\u0142atnie i szybko)","description":"Umie\u015b\u0107 licznik liczb na swojej stronie internetowej na Facebooku, korzystaj\u0105c z naszej wersji demonstracyjnej na \u017cywo. Ukszta\u0142tuj sw\u00f3j spersonalizowany widget za pomoc\u0105 kilku klikni\u0119\u0107 i bez wysi\u0142ku!","robots":{"index":"index","follow":"follow","max-snippet":"max-snippet:-1","max-image-preview":"max-image-preview:large","max-video-preview":"max-video-preview:-1"},"canonical":"https:\/\/elfsight.com\/pl\/number-counter-widget\/facebook\/","og_locale":"pl_PL","og_type":"article","og_title":"Licznik liczb \u2014 dodaj wtyczk\u0119 Licznik do Facebooka (bezp\u0142atnie i szybko)","og_description":"Umie\u015b\u0107 licznik liczb na swojej stronie internetowej na Facebooku, korzystaj\u0105c z naszej wersji demonstracyjnej na \u017cywo. Ukszta\u0142tuj sw\u00f3j spersonalizowany widget za pomoc\u0105 kilku klikni\u0119\u0107 i bez wysi\u0142ku!","og_url":"https:\/\/elfsight.com\/pl\/number-counter-widget\/facebook\/","og_site_name":"Elfsight PL","article_modified_time":"2024-09-13T13:39:12+00:00","twitter_card":"summary_large_image","twitter_misc":{"Szacowany czas czytania":"3 minuty"},"schema":{"@context":"https:\/\/schema.org","@graph":[{"@type":"WebPage","@id":"https:\/\/elfsight.com\/pl\/number-counter-widget\/facebook\/","url":"https:\/\/elfsight.com\/pl\/number-counter-widget\/facebook\/","name":"Licznik liczb \u2014 dodaj wtyczk\u0119 Licznik do Facebooka (bezp\u0142atnie i szybko)","isPartOf":{"@id":"https:\/\/elfsight.com\/pl\/#website"},"datePublished":"2024-05-03T06:41:30+00:00","dateModified":"2024-09-13T13:39:12+00:00","description":"Umie\u015b\u0107 licznik liczb na swojej stronie internetowej na Facebooku, korzystaj\u0105c z naszej wersji demonstracyjnej na \u017cywo. Ukszta\u0142tuj sw\u00f3j spersonalizowany widget za pomoc\u0105 kilku klikni\u0119\u0107 i bez wysi\u0142ku!","breadcrumb":{"@id":"https:\/\/elfsight.com\/pl\/number-counter-widget\/facebook\/#breadcrumb"},"inLanguage":"pl-PL","potentialAction":[{"@type":"ReadAction","target":["https:\/\/elfsight.com\/pl\/number-counter-widget\/facebook\/"]}]},{"@type":"BreadcrumbList","@id":"https:\/\/elfsight.com\/pl\/number-counter-widget\/facebook\/#breadcrumb","itemListElement":[{"@type":"ListItem","position":1,"name":"Home","item":"https:\/\/elfsight.com\/pl\/"},{"@type":"ListItem","position":2,"name":"Number Counter","item":"https:\/\/elfsight.com\/pl\/number-counter-widget\/"},{"@type":"ListItem","position":3,"name":"Number Counter &#8211; Facebook"}]},{"@type":"WebSite","@id":"https:\/\/elfsight.com\/pl\/#website","url":"https:\/\/elfsight.com\/pl\/","name":"Elfsight PL","description":"Just another Elfsight Sites site","potentialAction":[{"@type":"SearchAction","target":{"@type":"EntryPoint","urlTemplate":"https:\/\/elfsight.com\/pl\/?s={search_term_string}"},"query-input":{"@type":"PropertyValueSpecification","valueRequired":true,"valueName":"search_term_string"}}],"inLanguage":"pl-PL"}]}},"meta_box":{"industry":"","seo_heading":"","heading":"","description":"","cta_heading":"","cta_description":"","application":"2632","h1":"Widget licznika numer\u00f3w na Facebooku","h1_caption":"Zaprezentuj swoje niezwyk\u0142e osi\u0105gni\u0119cia u\u017cytkownikom i przyci\u0105gnij wi\u0119cej lojalnych klient\u00f3w","application_category":[],"applications_title":"","applications_request_title":"","applications_request_button_text":"","hero_text":"","hero_video":"","hero_video_schema_markup":"","selling_points_title":"","selling_points_caption":"","selling_points":[],"selling_points_cta_text":"","features_title":"","features":"","ed_cta_examples_text":"","ed_cta_examples_hidden":"","ed_cta_demo_text":"","ed_cta_demo_hidden":"","why_caption":"","why_editor_title":"","why_editor_text":"","why_team_title":"","why_team_text":"","why_service_title":"","why_service_text":"","template_catalog_visible":"","template_catalog_title":"","template_catalog_text":"","template_catalog_categories_visible":"","demo_title":"\u015amia\u0142o stw\u00f3rz w\u0142asny licznik numer\u00f3w na Facebooku","demo_caption":"Dostosuj je i zintegruj narz\u0119dzie ze swoj\u0105 stron\u0105 internetow\u0105, korzystaj\u0105c z wersji demonstracyjnej na \u017cywo","default_faq_hidden":"","app_template_category":[],"platform":"319","template_public_id":"","codecanyon_url":"","codecanyon_item_id":"","codecanyon_price":"","pricing_caption":"","pricing_elfsight_apps_hide_column":"","pricing_elfsight_apps_url":"","pricing_codecanyon_price_caption":"","integration_category":[],"integration_request_title":"","integration_request_cta":"","integration_platform":"","integrations":[],"platform_category":[],"video_schema_markup":"","price":"od 0 USD \/ miesi\u0105c","trial":"","benefits":[{"text":"Bezp\u0142atna us\u0142uga monta\u017cu"},{"text":"Do\u015bwiadczona obs\u0142uga klienta"},{"text":"14-dniowa gwarancja zwrotu pieni\u0119dzy"}],"button_url":"#demo","button_target_blank":"","button_nofollow":"","attributes":[{"name":"Instaluje"},{"name":"Reakcja na co\u015b"},{"name":"Kompatybilne przegl\u0105darki"}],"tags":[],"tags_disable_links":"","hide_more_platforms":"","video_object":"","demo_hide_cta":"","demo_hide_cloud_options":"","pricing_title":"","pricing":[{"pricing_icon":"platform","pricing_title":"Elfsight Apps","pricing_title_caption":"Wersja wieloplatformowa, kt\u00f3ra dzia\u0142a na ka\u017cdej stronie internetowej","pricing_price":"od 0 USD \/ miesi\u0105c","pricing_price_caption":"zacznij od bezp\u0142atnego planu","pricing_benefits":[{"text":"Nielimitowane domeny"},{"text":"Dedykowane i terminowe wsparcie"},{"text":"Bezp\u0142atna pomoc w monta\u017cu"},{"text":"100% konfigurowalny"}],"pricing_button_text":"Dodaj do witryny","pricing_button_url":"#demo"}],"related_apps_title":"","related_apps_hidden":"","author":"","image":[],"title":"","job":"","social_networks":[]},"_links":{"self":[{"href":"https:\/\/elfsight.com\/pl\/wp-json\/wp\/v2\/pages\/5727","targetHints":{"allow":["GET"]}}],"collection":[{"href":"https:\/\/elfsight.com\/pl\/wp-json\/wp\/v2\/pages"}],"about":[{"href":"https:\/\/elfsight.com\/pl\/wp-json\/wp\/v2\/types\/page"}],"author":[{"embeddable":true,"href":"https:\/\/elfsight.com\/pl\/wp-json\/wp\/v2\/users\/9"}],"replies":[{"embeddable":true,"href":"https:\/\/elfsight.com\/pl\/wp-json\/wp\/v2\/comments?post=5727"}],"version-history":[{"count":1,"href":"https:\/\/elfsight.com\/pl\/wp-json\/wp\/v2\/pages\/5727\/revisions"}],"predecessor-version":[{"id":5731,"href":"https:\/\/elfsight.com\/pl\/wp-json\/wp\/v2\/pages\/5727\/revisions\/5731"}],"up":[{"embeddable":true,"href":"https:\/\/elfsight.com\/pl\/wp-json\/wp\/v2\/pages\/2633"}],"wp:attachment":[{"href":"https:\/\/elfsight.com\/pl\/wp-json\/wp\/v2\/media?parent=5727"}],"curies":[{"name":"wp","href":"https:\/\/api.w.org\/{rel}","templated":true}]}}