{"id":5726,"date":"2024-05-03T06:41:29","date_gmt":"2024-05-03T06:41:29","guid":{"rendered":"https:\/\/elfsight.com\/pl\/?page_id=5726"},"modified":"2024-11-14T08:57:57","modified_gmt":"2024-11-14T08:57:57","slug":"elementor","status":"publish","type":"page","link":"https:\/\/elfsight.com\/pl\/number-counter-widget\/elementor\/","title":{"rendered":"Number Counter &#8211; Elementor"},"content":{"rendered":"<div class=\"application-platform-content-item-description application-platform-content-item\" id=\"description\" data-nav-section=\"description\"> <h2>Osad\u017a licznik liczb w Elementorze za pomoc\u0105 wid\u017cetu Elfsight<\/h2> <p>Licznik liczb Elfsight to \u0142atwy w obs\u0142udze widget dla Elementora szeroki wachlarz opcji. Przydaje si\u0119 do zaprezentowania \u015bwietnych statystyk biznesowych, ilo\u015bci wykonanych dotychczas prac i wielu innych. Wtyczka jest niezwykle konfigurowalna. Mo\u017cesz doda\u0107 dowoln\u0105 liczb\u0119 licznik\u00f3w, ustawi\u0107 je w kolumnach, wybra\u0107 ikony z naszej biblioteki lub przes\u0142a\u0107 w\u0142asne, nada\u0107 im kolory lub jednokolorowo\u015b\u0107, do\u0142\u0105czy\u0107 podpisy, aby zapewni\u0107 u\u017cytkownikom \u0142atwo zrozumia\u0142e dane, zmieni\u0107 kolor dowolnego elementu, wybra\u0107 t\u0142o obraz, a to nawet nie po\u0142owa. Zacznij kszta\u0142towa\u0107 swoj\u0105 funkcj\u0119 ju\u017c teraz i zobacz, jak szybko rosn\u0105 statystyki Twojej g\u0142\u00f3wnej firmy! <\/p> <p><b>Zaprezentuj swoje imponuj\u0105ce osi\u0105gni\u0119cia przysz\u0142ym nabywcom. Zdob\u0105d\u017a wi\u0119cej udanych sprzeda\u017cy i potencjalnych klient\u00f3w! <\/b><\/p> <\/div> <div class=\"application-platform-content-item-features application-platform-content-item\" id=\"features\" data-nav-section=\"features\"> <h2>Przestudiuj list\u0119 najpot\u0119\u017cniejszych funkcji: <\/h2> <ul><li>Dowolna liczba licznik\u00f3w. <\/li><li>Nieograniczona liczba kolumn. <\/li><li>Do\u0142\u0105cz tytu\u0142y, nag\u0142\u00f3wki, przedrostki i postfiksy. <\/li><li>Zdecyduj o kategorii ikon \u2014 pobierz j\u0105 z naszej biblioteki lub prze\u015blij w\u0142asn\u0105. <\/li><li>Osadzaj linki. <\/li><\/ul><p><a href=\"#demo\">Mo\u017cesz poczu\u0107, jak dzia\u0142a widget, korzystaj\u0105c z wersji demonstracyjnej<\/a><\/p> <\/div> <div class=\"application-platform-content-item-installation application-platform-content-item\" id=\"installation\" data-nav-section=\"installation\"> <h2>Jak mog\u0119 doda\u0107 licznik liczb do mojej witryny Elementor? <\/h2><div class=\"video-container\"><iframe width=\"720\" height=\"405\" src=\"https:\/\/www.youtube.com\/embed\/OAl9RFkz3TU\" frameborder=\"0\" allowfullscreen=\"\"><\/iframe><\/div><p>Wystarczy wykona\u0107 poni\u017csze kroki, aby zintegrowa\u0107 wid\u017cet. <\/p> <ol><li><b>Otw\u00f3rz nasz darmowy edytor i zacznij tworzy\u0107 spersonalizowany widget. <\/b><br> Wybierz wybran\u0105 form\u0119 i funkcjonalno\u015b\u0107 wtyczki oraz zapisz zmiany. <\/li> <li><b>Odbierz sw\u00f3j osobisty kod widoczny w polu w aplikacjach Elfsight. <\/b><br> Po zako\u0144czeniu tworzenia osobistej wtyczki skopiuj indywidualny kod z wyskakuj\u0105cego okienka i zachowaj go do p\u00f3\u017aniejszego wykorzystania. <\/li> <li><b>Wpisz ch\u0119\u0107 korzystania z wid\u017cetu na stronie Elementora. <\/b><br> Zintegruj ostatnio zapisany kod ze swoj\u0105 stron\u0105 internetow\u0105 i zapisz ulepszenia. <\/li> <li><b>Gotowe! Integracja zosta\u0142a ca\u0142kowicie zako\u0144czona. <\/b><br> Odwied\u017a swoj\u0105 stron\u0119 internetow\u0105, aby sprawdzi\u0107, jak dzia\u0142a widget. <\/li><\/ol> <p>W przypadku napotkania jakichkolwiek problem\u00f3w prosimy o kontakt z naszym zespo\u0142em pomocy technicznej. Nasi specjali\u015bci ch\u0119tnie odpowiedz\u0105 na wszystkie pytania dotycz\u0105ce widgetu. <\/p> <div class=\"faq\" data-component=\"FAQ\"><div class=\"faq-item\">\r\n\t\t\t\t\t<div class=\"faq-item-question\">\r\n\t\t\t\t\t\t<h3 class=\"faq-item-question-text\">Czy istnieje metoda osadzenia Licznika Liczb na mojej stronie internetowej Elementor bez kodowania?<\/h3>\r\n\r\n\t\t\t\t\t\t<div class=\"faq-item-question-icon\"><\/div>\r\n\t\t\t\t\t<\/div>\r\n\r\n\t\t\t\t\t<div class=\"faq-item-answer\">\r\n\t\t\t\t\t\t<div class=\"faq-item-answer-text\"> <p>Elfsight dostarcza rozwi\u0105zanie, kt\u00f3re umo\u017cliwia samodzielne zbudowanie wtyczki Licznik Liczb, sprawd\u017a proste instrukcje: Pracuj bezpo\u015brednio w edytorze online, aby utworzy\u0107 wtyczk\u0119 licznika liczb, kt\u00f3r\u0105 chcia\u0142by\u015b zobaczy\u0107 na stronie Elementora. Wybierz jeden z wielu wst\u0119pnie zaprojektowanych szablon\u00f3w i zmie\u0144 ustawienia Licznika Liczb, zmie\u0144 uk\u0142ad i kolor element\u00f3w oraz dodaj swoj\u0105 tre\u015b\u0107, bez znajomo\u015bci kodowania. Kliknij, aby zapisa\u0107 Licznik Liczb i uzyska\u0107 kod instalacyjny, kt\u00f3ry mo\u017cesz \u0142atwo i bezp\u0142atnie wklei\u0107 na swojej stronie Elementora. Dzi\u0119ki naszemu przyjaznemu dla u\u017cytkownika edytorowi ka\u017cdy u\u017cytkownik Internetu mo\u017ce zbudowa\u0107 licznik liczb online i bez wysi\u0142ku wklei\u0107 go na stron\u0119 Elementora. Aby uzyska\u0107 dost\u0119p do naszych us\u0142ug, nie jest konieczne p\u0142acenie ani wprowadzanie danych karty. Je\u015bli na kt\u00f3rymkolwiek etapie napotkasz jakiekolwiek problemy, nie wahaj si\u0119 porozmawia\u0107 z nasz\u0105 techniczn\u0105 obs\u0142ug\u0105 klienta.<\/p> <\/div>\r\n\t\t\t\t\t<\/div>\r\n\t\t\t\t<\/div> <\/div><\/div>","protected":false},"excerpt":{"rendered":"","protected":false},"author":9,"featured_media":0,"parent":2633,"menu_order":0,"comment_status":"closed","ping_status":"closed","template":"templates\/template-application-platform.php","meta":{"publish_to_discourse":"","publish_post_category":"","wpdc_auto_publish_overridden":"","wpdc_topic_tags":"","wpdc_pin_topic":"","wpdc_pin_until":"","discourse_post_id":"","discourse_permalink":"","wpdc_publishing_response":"","wpdc_publishing_error":"","footnotes":""},"class_list":["post-5726","page","type-page","status-publish","hentry"],"yoast_head":"<!-- This site is optimized with the Yoast SEO plugin v25.3.1 - https:\/\/yoast.com\/wordpress\/plugins\/seo\/ -->\n<title>Licznik liczb \u2014 Dodaj wid\u017cet Licznik do witryny Elementor<\/title>\n<meta name=\"description\" content=\"Wypr\u00f3buj licznik liczb na swojej stronie internetowej Elementor, korzystaj\u0105c z naszej wersji demonstracyjnej na \u017cywo. Wygeneruj sw\u00f3j unikalny widget za pomoc\u0105 kilku klikni\u0119\u0107 i bez wysi\u0142ku!\" \/>\n<meta name=\"robots\" content=\"index, follow, max-snippet:-1, max-image-preview:large, max-video-preview:-1\" \/>\n<link rel=\"canonical\" href=\"https:\/\/elfsight.com\/pl\/number-counter-widget\/elementor\/\" \/>\n<meta property=\"og:locale\" content=\"pl_PL\" \/>\n<meta property=\"og:type\" content=\"article\" \/>\n<meta property=\"og:title\" content=\"Licznik liczb \u2014 Dodaj wid\u017cet Licznik do witryny Elementor\" \/>\n<meta property=\"og:description\" content=\"Wypr\u00f3buj licznik liczb na swojej stronie internetowej Elementor, korzystaj\u0105c z naszej wersji demonstracyjnej na \u017cywo. Wygeneruj sw\u00f3j unikalny widget za pomoc\u0105 kilku klikni\u0119\u0107 i bez wysi\u0142ku!\" \/>\n<meta property=\"og:url\" content=\"https:\/\/elfsight.com\/pl\/number-counter-widget\/elementor\/\" \/>\n<meta property=\"og:site_name\" content=\"Elfsight PL\" \/>\n<meta property=\"article:modified_time\" content=\"2024-11-14T08:57:57+00:00\" \/>\n<meta name=\"twitter:card\" content=\"summary_large_image\" \/>\n<meta name=\"twitter:label1\" content=\"Szacowany czas czytania\" \/>\n\t<meta name=\"twitter:data1\" content=\"3 minuty\" \/>\n<!-- \/ Yoast SEO plugin. -->","yoast_head_json":{"title":"Licznik liczb \u2014 Dodaj wid\u017cet Licznik do witryny Elementor","description":"Wypr\u00f3buj licznik liczb na swojej stronie internetowej Elementor, korzystaj\u0105c z naszej wersji demonstracyjnej na \u017cywo. Wygeneruj sw\u00f3j unikalny widget za pomoc\u0105 kilku klikni\u0119\u0107 i bez wysi\u0142ku!","robots":{"index":"index","follow":"follow","max-snippet":"max-snippet:-1","max-image-preview":"max-image-preview:large","max-video-preview":"max-video-preview:-1"},"canonical":"https:\/\/elfsight.com\/pl\/number-counter-widget\/elementor\/","og_locale":"pl_PL","og_type":"article","og_title":"Licznik liczb \u2014 Dodaj wid\u017cet Licznik do witryny Elementor","og_description":"Wypr\u00f3buj licznik liczb na swojej stronie internetowej Elementor, korzystaj\u0105c z naszej wersji demonstracyjnej na \u017cywo. Wygeneruj sw\u00f3j unikalny widget za pomoc\u0105 kilku klikni\u0119\u0107 i bez wysi\u0142ku!","og_url":"https:\/\/elfsight.com\/pl\/number-counter-widget\/elementor\/","og_site_name":"Elfsight PL","article_modified_time":"2024-11-14T08:57:57+00:00","twitter_card":"summary_large_image","twitter_misc":{"Szacowany czas czytania":"3 minuty"},"schema":{"@context":"https:\/\/schema.org","@graph":[{"@type":"WebPage","@id":"https:\/\/elfsight.com\/pl\/number-counter-widget\/elementor\/","url":"https:\/\/elfsight.com\/pl\/number-counter-widget\/elementor\/","name":"Licznik liczb \u2014 Dodaj wid\u017cet Licznik do witryny Elementor","isPartOf":{"@id":"https:\/\/elfsight.com\/pl\/#website"},"datePublished":"2024-05-03T06:41:29+00:00","dateModified":"2024-11-14T08:57:57+00:00","description":"Wypr\u00f3buj licznik liczb na swojej stronie internetowej Elementor, korzystaj\u0105c z naszej wersji demonstracyjnej na \u017cywo. Wygeneruj sw\u00f3j unikalny widget za pomoc\u0105 kilku klikni\u0119\u0107 i bez wysi\u0142ku!","breadcrumb":{"@id":"https:\/\/elfsight.com\/pl\/number-counter-widget\/elementor\/#breadcrumb"},"inLanguage":"pl-PL","potentialAction":[{"@type":"ReadAction","target":["https:\/\/elfsight.com\/pl\/number-counter-widget\/elementor\/"]}]},{"@type":"BreadcrumbList","@id":"https:\/\/elfsight.com\/pl\/number-counter-widget\/elementor\/#breadcrumb","itemListElement":[{"@type":"ListItem","position":1,"name":"Home","item":"https:\/\/elfsight.com\/pl\/"},{"@type":"ListItem","position":2,"name":"Number Counter","item":"https:\/\/elfsight.com\/pl\/number-counter-widget\/"},{"@type":"ListItem","position":3,"name":"Number Counter &#8211; Elementor"}]},{"@type":"WebSite","@id":"https:\/\/elfsight.com\/pl\/#website","url":"https:\/\/elfsight.com\/pl\/","name":"Elfsight PL","description":"Just another Elfsight Sites site","potentialAction":[{"@type":"SearchAction","target":{"@type":"EntryPoint","urlTemplate":"https:\/\/elfsight.com\/pl\/?s={search_term_string}"},"query-input":{"@type":"PropertyValueSpecification","valueRequired":true,"valueName":"search_term_string"}}],"inLanguage":"pl-PL"}]}},"meta_box":{"industry":"","seo_heading":"","heading":"","description":"","cta_heading":"","cta_description":"","application":"2632","h1":"Widget Licznik Liczb Elementora","h1_caption":"Pochwal si\u0119 kluczowymi statystykami i kamieniami milowymi za pomoc\u0105 animowanych licznik\u00f3w, aby bez wysi\u0142ku podkre\u015bli\u0107 swoje osi\u0105gni\u0119cia w anga\u017cuj\u0105cy spos\u00f3b na swojej stronie internetowej Elementor.","application_category":[],"applications_title":"","applications_request_title":"","applications_request_button_text":"","hero_text":"","hero_video":"","hero_video_schema_markup":"","selling_points_title":"","selling_points_caption":"","selling_points":[],"selling_points_cta_text":"","features_title":"","features":"","ed_cta_examples_text":"","ed_cta_examples_hidden":"","ed_cta_demo_text":"","ed_cta_demo_hidden":"","why_caption":"","why_editor_title":"","why_editor_text":"","why_team_title":"","why_team_text":"","why_service_title":"","why_service_text":"","template_catalog_visible":"","template_catalog_title":"","template_catalog_text":"","template_catalog_categories_visible":"","demo_title":"Utw\u00f3rz wid\u017cet licznika liczb","demo_caption":"Skonfiguruj sw\u00f3j Licznik Liczb i dodaj go za darmo do swojej witryny Elementor!","default_faq_hidden":"","app_template_category":[],"platform":"268","template_public_id":"","codecanyon_url":"","codecanyon_item_id":"","codecanyon_price":"","pricing_caption":"","pricing_elfsight_apps_hide_column":"","pricing_elfsight_apps_url":"","pricing_codecanyon_price_caption":"","integration_category":[],"integration_request_title":"","integration_request_cta":"","integration_platform":"","integrations":[],"platform_category":[],"video_schema_markup":"","price":"od 0 USD \/ miesi\u0105c","trial":"","benefits":[{"text":"Bezp\u0142atna us\u0142uga monta\u017cu"},{"text":"Kompetentna obs\u0142uga klienta"},{"text":"14-dniowa gwarancja zwrotu pieni\u0119dzy"}],"button_url":"#demo","button_target_blank":"","button_nofollow":"","attributes":[{"name":"Instaluje"},{"name":"Czu\u0142y"},{"name":"Kompatybilne przegl\u0105darki"}],"tags":[],"tags_disable_links":"","hide_more_platforms":"","video_object":"","demo_hide_cta":"","demo_hide_cloud_options":"","pricing_title":"","pricing":[{"pricing_icon":"platform","pricing_title":"Elfsight Apps","pricing_title_caption":"Oprogramowanie wieloplatformowe, kt\u00f3re pasuje do ka\u017cdej witryny","pricing_price":"od 0 USD \/ miesi\u0105c","pricing_price_caption":"zacznij od bezp\u0142atnego planu","pricing_benefits":[{"text":"Nielimitowane strony internetowe"},{"text":"Wsparcie firmy premium i dobrze udokumentowane"},{"text":"Bezp\u0142atna pomoc w monta\u017cu"},{"text":"Specjalna oferta na wiele aplikacji"}],"pricing_button_text":"Dodaj do witryny","pricing_button_url":"#demo"}],"related_apps_title":"","related_apps_hidden":"","author":"","image":[],"title":"","job":"","social_networks":[]},"_links":{"self":[{"href":"https:\/\/elfsight.com\/pl\/wp-json\/wp\/v2\/pages\/5726","targetHints":{"allow":["GET"]}}],"collection":[{"href":"https:\/\/elfsight.com\/pl\/wp-json\/wp\/v2\/pages"}],"about":[{"href":"https:\/\/elfsight.com\/pl\/wp-json\/wp\/v2\/types\/page"}],"author":[{"embeddable":true,"href":"https:\/\/elfsight.com\/pl\/wp-json\/wp\/v2\/users\/9"}],"replies":[{"embeddable":true,"href":"https:\/\/elfsight.com\/pl\/wp-json\/wp\/v2\/comments?post=5726"}],"version-history":[{"count":2,"href":"https:\/\/elfsight.com\/pl\/wp-json\/wp\/v2\/pages\/5726\/revisions"}],"predecessor-version":[{"id":7874,"href":"https:\/\/elfsight.com\/pl\/wp-json\/wp\/v2\/pages\/5726\/revisions\/7874"}],"up":[{"embeddable":true,"href":"https:\/\/elfsight.com\/pl\/wp-json\/wp\/v2\/pages\/2633"}],"wp:attachment":[{"href":"https:\/\/elfsight.com\/pl\/wp-json\/wp\/v2\/media?parent=5726"}],"curies":[{"name":"wp","href":"https:\/\/api.w.org\/{rel}","templated":true}]}}