{"id":5725,"date":"2024-05-03T06:41:28","date_gmt":"2024-05-03T06:41:28","guid":{"rendered":"https:\/\/elfsight.com\/pl\/?page_id=5725"},"modified":"2024-11-14T08:57:57","modified_gmt":"2024-11-14T08:57:57","slug":"joomla","status":"publish","type":"page","link":"https:\/\/elfsight.com\/pl\/number-counter-widget\/joomla\/","title":{"rendered":"Number Counter &#8211; Joomla"},"content":{"rendered":"<div class=\"application-platform-content-item-description application-platform-content-item\" id=\"description\" data-nav-section=\"description\"> <h2>Opis<\/h2> <p>Licznik liczb to \u0142atwe w obs\u0142udze rozszerzenie dla Joomla z wieloma funkcjami do wyboru. To \u015bwietne narz\u0119dzie do zaprezentowania \u015bwietnych statystyk biznesowych, liczby wykonanych dotychczas prac i to nie wszystko. Narz\u0119dzie jest niezwykle konfigurowalne. Mo\u017cesz dodawa\u0107 nieograniczon\u0105 liczb\u0119 licznik\u00f3w, organizowa\u0107 je w kolumny, wybiera\u0107 ikony z naszej biblioteki lub przesy\u0142a\u0107 w\u0142asne, dostosowane, nadawa\u0107 im kolorowe lub jednolite tytu\u0142y, aby zapewni\u0107 u\u017cytkownikom \u0142atwo zrozumia\u0142e informacje, zmienia\u0107 kolor dowolnego elementu, wybierz zdj\u0119cie w tle, ale to nie wszystko. Zacznij kszta\u0142towa\u0107 swoj\u0105 wtyczk\u0119 ju\u017c teraz i zobacz, jak rosn\u0105 Twoje najwa\u017cniejsze statystyki biznesowe! <\/p> <p><b>Poka\u017c swoje wspania\u0142e osi\u0105gni\u0119cia swoim przysz\u0142ym klientom. Zwi\u0119ksz liczb\u0119 udanych sprzeda\u017cy i potencjalnych klient\u00f3w! <\/b><\/p> <\/div> <div class=\"application-platform-content-item-features application-platform-content-item\" id=\"features\" data-nav-section=\"features\"> <h2>Oferujemy przydatne i proste funkcje, oto niekt\u00f3re z nich: <\/h2> <ul><li>Dowolna liczba licznik\u00f3w . <\/li><li>Dowolna ilo\u015b\u0107 kolumn. <\/li><li>Do\u0142\u0105cz podpisy, nag\u0142\u00f3wki, przedrostki i postfiksy. <\/li><li>Wybierz format ikony \u2014 wybierz go z naszej biblioteki lub prze\u015blij w\u0142asny. <\/li><li>Do\u0142\u0105cz linki. <\/li><\/ul><p><a href=\"#demo\">Mo\u017cesz zobaczy\u0107 warto\u015b\u0107 rozszerzenia za pomoc\u0105 wersji demonstracyjnej<\/a><\/p> <\/div> <div class=\"application-platform-content-item-installation application-platform-content-item\" id=\"installation\" data-nav-section=\"installation\"> <h2>Jak mog\u0119 osadzi\u0107 licznik liczb na mojej stronie Joomla? <\/h2> <div><iframe width=\"720\" height=\"405\" src=\"https:\/\/www.youtube.com\/embed\/fd3NEckzRw4\" frameborder=\"0\" allowfullscreen=\"\"><\/iframe> <\/div><p>Wystarczy wykona\u0107 poni\u017csze kroki, aby rozpocz\u0105\u0107 prac\u0119 z wid\u017cetem. <\/p> <ol><li><b>Wykonaj nasz darmowy konfigurator i zacznij tworzy\u0107 swoje spersonalizowane rozszerzenie. <\/b><br> Wybierz wybrany uk\u0142ad i funkcjonalno\u015b\u0107 rozszerzenia i zapisz wszystkie poprawki. <\/li> <li><b>Odbierz sw\u00f3j indywidualny kod pojawiaj\u0105cy si\u0119 w specjalnym formularzu w aplikacjach Elfsight. <\/b><br> Po zako\u0144czeniu tworzenia rozszerzenia skopiuj kod w wy\u015bwietlonym oknie i zachowaj go do p\u00f3\u017aniejszego wykorzystania. <\/li> <li><b>Rozpocznij korzystanie z rozszerzenia na stronie internetowej Joomla. <\/b><br> Umie\u015b\u0107 ostatnio zapisany kod na swojej stronie internetowej i zapisz ulepszenia. <\/li> <li><b>Gotowe! Konfiguracja zosta\u0142a pomy\u015blnie przeprowadzona. <\/b><br> Przejd\u017a do swojej strony internetowej, aby sprawdzi\u0107 dzia\u0142anie rozszerzenia. <\/li><\/ol><p>Je\u015bli masz pytania lub napotkasz jakiekolwiek problemy, nie wahaj si\u0119 zwr\u00f3ci\u0107 o pomoc do naszego zespo\u0142u obs\u0142ugi klienta. Nasi specjali\u015bci ch\u0119tnie odpowiedz\u0105 na wszystkie Twoje pytania dotycz\u0105ce widgetu. <\/p> <div class=\"faq\" data-component=\"FAQ\"><div class=\"faq-item\">\r\n\t\t\t\t\t<div class=\"faq-item-question\">\r\n\t\t\t\t\t\t<h3 class=\"faq-item-question-text\">Czy istnieje mo\u017cliwo\u015b\u0107 osadzenia licznika liczb w mojej witrynie Joomla bez kodowania?<\/h3>\r\n\r\n\t\t\t\t\t\t<div class=\"faq-item-question-icon\"><\/div>\r\n\t\t\t\t\t<\/div>\r\n\r\n\t\t\t\t\t<div class=\"faq-item-answer\">\r\n\t\t\t\t\t\t<div class=\"faq-item-answer-text\"> <p>Elfsight oferuje rozwi\u0105zanie w chmurze, kt\u00f3re umo\u017cliwia szerokiemu gronu odbiorc\u00f3w samodzielne utworzenie aplikacji licznika liczb, przekonaj si\u0119, jak prosty jest ten proces: Przejd\u017a do wersji demonstracyjnej na \u017cywo, aby zbudowa\u0107 wid\u017cet licznika liczb, kt\u00f3ry chcesz doda\u0107 na swojej stronie Joomla. Wybierz jeden z gotowych szablon\u00f3w i zmie\u0144 ustawienia Licznika Liczb, zmie\u0144 uk\u0142ad i kolor element\u00f3w oraz dodaj swoj\u0105 tre\u015b\u0107, bez do\u015bwiadczenia w kodowaniu. Zapisz dokonane ustawienia w Number Counter i uzyskaj kod instalacyjny wtyczki, kt\u00f3ry mo\u017cesz \u0142atwo i bezp\u0142atnie doda\u0107 na swojej stronie internetowej Joomla. Korzystaj\u0105c z naszego \u0142atwego w u\u017cyciu edytora, ka\u017cdy u\u017cytkownik Internetu mo\u017ce utworzy\u0107 wtyczk\u0119 Licznik Liczb i \u0142atwo wklei\u0107 j\u0105 na stronie Joomla. Aby skorzysta\u0107 z us\u0142ugi, nie trzeba p\u0142aci\u0107 ani wprowadza\u0107 danych karty. Je\u015bli napotkasz jakiekolwiek przeszkody, skontaktuj si\u0119 z naszym personelem pomocy technicznej.<\/p> <\/div>\r\n\t\t\t\t\t<\/div>\r\n\t\t\t\t<\/div> <\/div><\/div>","protected":false},"excerpt":{"rendered":"","protected":false},"author":9,"featured_media":0,"parent":2633,"menu_order":0,"comment_status":"closed","ping_status":"closed","template":"templates\/template-application-platform.php","meta":{"publish_to_discourse":"","publish_post_category":"","wpdc_auto_publish_overridden":"","wpdc_topic_tags":"","wpdc_pin_topic":"","wpdc_pin_until":"","discourse_post_id":"","discourse_permalink":"","wpdc_publishing_response":"","wpdc_publishing_error":"","footnotes":""},"class_list":["post-5725","page","type-page","status-publish","hentry"],"yoast_head":"<!-- This site is optimized with the Yoast SEO plugin v25.3.1 - https:\/\/yoast.com\/wordpress\/plugins\/seo\/ -->\n<title>Licznik liczb \u2014 Dodaj wid\u017cet Licznik do witryny Joomla<\/title>\n<meta name=\"description\" content=\"Wstaw licznik liczb na swoj\u0105 stron\u0119 internetow\u0105 Joomla, korzystaj\u0105c z naszej aktywnej wersji demonstracyjnej. Zbuduj rozszerzenie dostosowane do Twoich potrzeb za pomoc\u0105 kilku klikni\u0119\u0107!\" \/>\n<meta name=\"robots\" content=\"index, follow, max-snippet:-1, max-image-preview:large, max-video-preview:-1\" \/>\n<link rel=\"canonical\" href=\"https:\/\/elfsight.com\/pl\/number-counter-widget\/joomla\/\" \/>\n<meta property=\"og:locale\" content=\"pl_PL\" \/>\n<meta property=\"og:type\" content=\"article\" \/>\n<meta property=\"og:title\" content=\"Licznik liczb \u2014 Dodaj wid\u017cet Licznik do witryny Joomla\" \/>\n<meta property=\"og:description\" content=\"Wstaw licznik liczb na swoj\u0105 stron\u0119 internetow\u0105 Joomla, korzystaj\u0105c z naszej aktywnej wersji demonstracyjnej. Zbuduj rozszerzenie dostosowane do Twoich potrzeb za pomoc\u0105 kilku klikni\u0119\u0107!\" \/>\n<meta property=\"og:url\" content=\"https:\/\/elfsight.com\/pl\/number-counter-widget\/joomla\/\" \/>\n<meta property=\"og:site_name\" content=\"Elfsight PL\" \/>\n<meta property=\"article:modified_time\" content=\"2024-11-14T08:57:57+00:00\" \/>\n<meta name=\"twitter:card\" content=\"summary_large_image\" \/>\n<meta name=\"twitter:label1\" content=\"Szacowany czas czytania\" \/>\n\t<meta name=\"twitter:data1\" content=\"3 minuty\" \/>\n<!-- \/ Yoast SEO plugin. -->","yoast_head_json":{"title":"Licznik liczb \u2014 Dodaj wid\u017cet Licznik do witryny Joomla","description":"Wstaw licznik liczb na swoj\u0105 stron\u0119 internetow\u0105 Joomla, korzystaj\u0105c z naszej aktywnej wersji demonstracyjnej. Zbuduj rozszerzenie dostosowane do Twoich potrzeb za pomoc\u0105 kilku klikni\u0119\u0107!","robots":{"index":"index","follow":"follow","max-snippet":"max-snippet:-1","max-image-preview":"max-image-preview:large","max-video-preview":"max-video-preview:-1"},"canonical":"https:\/\/elfsight.com\/pl\/number-counter-widget\/joomla\/","og_locale":"pl_PL","og_type":"article","og_title":"Licznik liczb \u2014 Dodaj wid\u017cet Licznik do witryny Joomla","og_description":"Wstaw licznik liczb na swoj\u0105 stron\u0119 internetow\u0105 Joomla, korzystaj\u0105c z naszej aktywnej wersji demonstracyjnej. Zbuduj rozszerzenie dostosowane do Twoich potrzeb za pomoc\u0105 kilku klikni\u0119\u0107!","og_url":"https:\/\/elfsight.com\/pl\/number-counter-widget\/joomla\/","og_site_name":"Elfsight PL","article_modified_time":"2024-11-14T08:57:57+00:00","twitter_card":"summary_large_image","twitter_misc":{"Szacowany czas czytania":"3 minuty"},"schema":{"@context":"https:\/\/schema.org","@graph":[{"@type":"WebPage","@id":"https:\/\/elfsight.com\/pl\/number-counter-widget\/joomla\/","url":"https:\/\/elfsight.com\/pl\/number-counter-widget\/joomla\/","name":"Licznik liczb \u2014 Dodaj wid\u017cet Licznik do witryny Joomla","isPartOf":{"@id":"https:\/\/elfsight.com\/pl\/#website"},"datePublished":"2024-05-03T06:41:28+00:00","dateModified":"2024-11-14T08:57:57+00:00","description":"Wstaw licznik liczb na swoj\u0105 stron\u0119 internetow\u0105 Joomla, korzystaj\u0105c z naszej aktywnej wersji demonstracyjnej. Zbuduj rozszerzenie dostosowane do Twoich potrzeb za pomoc\u0105 kilku klikni\u0119\u0107!","breadcrumb":{"@id":"https:\/\/elfsight.com\/pl\/number-counter-widget\/joomla\/#breadcrumb"},"inLanguage":"pl-PL","potentialAction":[{"@type":"ReadAction","target":["https:\/\/elfsight.com\/pl\/number-counter-widget\/joomla\/"]}]},{"@type":"BreadcrumbList","@id":"https:\/\/elfsight.com\/pl\/number-counter-widget\/joomla\/#breadcrumb","itemListElement":[{"@type":"ListItem","position":1,"name":"Home","item":"https:\/\/elfsight.com\/pl\/"},{"@type":"ListItem","position":2,"name":"Number Counter","item":"https:\/\/elfsight.com\/pl\/number-counter-widget\/"},{"@type":"ListItem","position":3,"name":"Number Counter &#8211; Joomla"}]},{"@type":"WebSite","@id":"https:\/\/elfsight.com\/pl\/#website","url":"https:\/\/elfsight.com\/pl\/","name":"Elfsight PL","description":"Just another Elfsight Sites site","potentialAction":[{"@type":"SearchAction","target":{"@type":"EntryPoint","urlTemplate":"https:\/\/elfsight.com\/pl\/?s={search_term_string}"},"query-input":{"@type":"PropertyValueSpecification","valueRequired":true,"valueName":"search_term_string"}}],"inLanguage":"pl-PL"}]}},"meta_box":{"industry":"","seo_heading":"","heading":"","description":"","cta_heading":"","cta_description":"","application":"2632","h1":"Rozszerzenie licznika liczb Joomla","h1_caption":"Pochwal si\u0119 kluczowymi statystykami i kamieniami milowymi za pomoc\u0105 animowanych licznik\u00f3w, aby bez wysi\u0142ku podkre\u015bli\u0107 swoje osi\u0105gni\u0119cia w anga\u017cuj\u0105cy spos\u00f3b na swojej stronie Joomla.","application_category":[],"applications_title":"","applications_request_title":"","applications_request_button_text":"","hero_text":"","hero_video":"","hero_video_schema_markup":"","selling_points_title":"","selling_points_caption":"","selling_points":[],"selling_points_cta_text":"","features_title":"","features":"","ed_cta_examples_text":"","ed_cta_examples_hidden":"","ed_cta_demo_text":"","ed_cta_demo_hidden":"","why_caption":"","why_editor_title":"","why_editor_text":"","why_team_title":"","why_team_text":"","why_service_title":"","why_service_text":"","template_catalog_visible":"","template_catalog_title":"","template_catalog_text":"","template_catalog_categories_visible":"","demo_title":"Utw\u00f3rz wtyczk\u0119 Licznik Liczb","demo_caption":"Skonfiguruj sw\u00f3j licznik liczb i dodaj go do swojej witryny Joomla za darmo!","default_faq_hidden":"","app_template_category":[],"platform":"53","template_public_id":"","codecanyon_url":"","codecanyon_item_id":"","codecanyon_price":"","pricing_caption":"","pricing_elfsight_apps_hide_column":"","pricing_elfsight_apps_url":"","pricing_codecanyon_price_caption":"","integration_category":[],"integration_request_title":"","integration_request_cta":"","integration_platform":"","integrations":[],"platform_category":[],"video_schema_markup":"","price":"od 0 USD \/ miesi\u0105c","trial":"","benefits":[{"text":"Bezp\u0142atna pomoc w instalacji"},{"text":"Profesjonalna obs\u0142uga klienta"},{"text":"14-dniowa gwarancja zwrotu pieni\u0119dzy"}],"button_url":"#demo","button_target_blank":"","button_nofollow":"","attributes":[{"name":"Instaluje"},{"name":"Czu\u0142y"},{"name":"Kompatybilne przegl\u0105darki"}],"tags":[],"tags_disable_links":"","hide_more_platforms":"","video_object":"","demo_hide_cta":"","demo_hide_cloud_options":"","pricing_title":"","pricing":[{"pricing_icon":"platform","pricing_title":"Elfsight Apps","pricing_title_caption":"Oprogramowanie wieloplatformowe","pricing_price":"od 0 USD \/ miesi\u0105c","pricing_price_caption":"zacznij od bezp\u0142atnego planu","pricing_benefits":[{"text":"Nielimitowane domeny"},{"text":"Profesjonalne wsparcie firmy"},{"text":"Bezp\u0142atna pomoc w monta\u017cu"},{"text":"Oferta ograniczona czasowo dla wielu aplikacji"}],"pricing_button_text":"Dodaj do witryny","pricing_button_url":"#demo"}],"related_apps_title":"","related_apps_hidden":"","author":"","image":[],"title":"","job":"","social_networks":[]},"_links":{"self":[{"href":"https:\/\/elfsight.com\/pl\/wp-json\/wp\/v2\/pages\/5725","targetHints":{"allow":["GET"]}}],"collection":[{"href":"https:\/\/elfsight.com\/pl\/wp-json\/wp\/v2\/pages"}],"about":[{"href":"https:\/\/elfsight.com\/pl\/wp-json\/wp\/v2\/types\/page"}],"author":[{"embeddable":true,"href":"https:\/\/elfsight.com\/pl\/wp-json\/wp\/v2\/users\/9"}],"replies":[{"embeddable":true,"href":"https:\/\/elfsight.com\/pl\/wp-json\/wp\/v2\/comments?post=5725"}],"version-history":[{"count":2,"href":"https:\/\/elfsight.com\/pl\/wp-json\/wp\/v2\/pages\/5725\/revisions"}],"predecessor-version":[{"id":7873,"href":"https:\/\/elfsight.com\/pl\/wp-json\/wp\/v2\/pages\/5725\/revisions\/7873"}],"up":[{"embeddable":true,"href":"https:\/\/elfsight.com\/pl\/wp-json\/wp\/v2\/pages\/2633"}],"wp:attachment":[{"href":"https:\/\/elfsight.com\/pl\/wp-json\/wp\/v2\/media?parent=5725"}],"curies":[{"name":"wp","href":"https:\/\/api.w.org\/{rel}","templated":true}]}}