{"id":5717,"date":"2024-05-03T06:41:24","date_gmt":"2024-05-03T06:41:24","guid":{"rendered":"https:\/\/elfsight.com\/pl\/?page_id=5717"},"modified":"2024-11-14T08:57:50","modified_gmt":"2024-11-14T08:57:50","slug":"magento","status":"publish","type":"page","link":"https:\/\/elfsight.com\/pl\/number-counter-widget\/magento\/","title":{"rendered":"Number Counter &#8211; Magento"},"content":{"rendered":"<div class=\"application-platform-content-item-description application-platform-content-item\" id=\"description\" data-nav-section=\"description\"> <h2>Opis<\/h2> <p>Elfsight Number Counter to \u0142atwe w obs\u0142udze rozszerzenie dla Magento z du\u017c\u0105 ilo\u015bci\u0105 opcji do wyboru. To \u015bwietne narz\u0119dzie do pochwalenia si\u0119 znacz\u0105cymi wska\u017anikami biznesowymi, ilo\u015bci\u0105 wykonanych prac i wieloma innymi czynnikami. Wtyczka jest niezwykle elastyczna. Mo\u017cesz doda\u0107 dowoln\u0105 liczb\u0119 licznik\u00f3w, ustawi\u0107 je w kolumnach, wybra\u0107 ikony z naszej kolekcji lub przes\u0142a\u0107 w\u0142asne, dostosowane, ustawi\u0107 je w trybie wielokolorowym lub monokolorowym, do\u0142\u0105czy\u0107 tytu\u0142y, aby zapewni\u0107 odwiedzaj\u0105cym mo\u017cliwe informacje, przemalowa\u0107 dowoln\u0105 funkcj\u0119, wybra\u0107 zdj\u0119cie w tle i to nie wszystko. Po prostu zacznij ju\u017c teraz tworzy\u0107 swoj\u0105 funkcj\u0119 i zobacz, jak rosn\u0105 statystyki g\u0142\u00f3wnych firm! <\/p> <p><b>Zaprezentuj swoje doskona\u0142e wyniki potencjalnym klientom. Zdob\u0105d\u017a wi\u0119cej udanych sprzeda\u017cy i potencjalnych klient\u00f3w! <\/b><\/p> <\/div> <div class=\"application-platform-content-item-features application-platform-content-item\" id=\"features\" data-nav-section=\"features\"> <h2>Oto lista najpot\u0119\u017cniejszych funkcji: <\/h2> <ul><li>Nieograniczona liczba licznik\u00f3w. <\/li><li>Nieograniczona liczba kolumn. <\/li><li>Dodaj tytu\u0142y, nag\u0142\u00f3wki, przedrostki i postfiksy. <\/li><li>Wybierz kategori\u0119 ikon \u2014 wybierz j\u0105 z naszej kolekcji lub prze\u015blij w\u0142asn\u0105. <\/li><li>Osadzaj linki. <\/li><\/ul><p><a href=\"#demo\">Przetestuj wszystkie funkcje personalizacji w pe\u0142nej wersji demonstracyjnej<\/a><\/p> <\/div> <div class=\"application-platform-content-item-installation application-platform-content-item\" id=\"installation\" data-nav-section=\"installation\"> <h2>Jak doda\u0107 licznik liczb do mojej witryny Magento? <\/h2> <p>Wystarczy wykona\u0107 kilka krok\u00f3w podanych poni\u017cej, aby osadzi\u0107 wid\u017cet. <\/p> <ol><li><b>Uruchom nasz bezp\u0142atny konfigurator i zacznij tworzy\u0107 spersonalizowane rozszerzenie. <\/b><br> Wybierz odpowiedni wygl\u0105d i parametry rozszerzenia oraz zastosuj wszystkie poprawki. <\/li> <li><b>Skopiuj sw\u00f3j unikalny kod pokazany w specjalnym formularzu w aplikacjach Elfsight. <\/b><br> Zaraz po zako\u0144czeniu ustanawiania Twojego rozszerzenia skopiuj kod osobisty z wy\u015bwietlonego wyskakuj\u0105cego okienka i zachowaj go do dalszego wykorzystania. <\/li> <li><b>Rozpocznij korzystanie z rozszerzenia na stronie Magento. <\/b><br> Zaimplementuj skopiowany wcze\u015bniej kod na swojej stronie internetowej i zastosuj zmiany. <\/li> <li><b>Instalacja zosta\u0142a pomy\u015blnie uko\u0144czona. <\/b><br> Przejd\u017a do swojej witryny, aby zobaczy\u0107 w akcji, jak dzia\u0142a rozszerzenie. <\/li><\/ol><p>Je\u015bli masz jakiekolwiek problemy, nie b\u00f3j si\u0119 napisa\u0107 do naszego zespo\u0142u wsparcia. Nasi specjali\u015bci ch\u0119tnie odpowiedz\u0105 na wszystkie pytania, jakie mo\u017cesz mie\u0107 w zwi\u0105zku z produktem. <\/p> <div class=\"faq\" data-component=\"FAQ\"><div class=\"faq-item\">\r\n\t\t\t\t\t<div class=\"faq-item-question\">\r\n\t\t\t\t\t\t<h3 class=\"faq-item-question-text\">W jaki spos\u00f3b mog\u0119 osadzi\u0107 Number Counter na mojej stronie g\u0142\u00f3wnej Magento bez kodowania?<\/h3>\r\n\r\n\t\t\t\t\t\t<div class=\"faq-item-question-icon\"><\/div>\r\n\t\t\t\t\t<\/div>\r\n\r\n\t\t\t\t\t<div class=\"faq-item-answer\">\r\n\t\t\t\t\t\t<div class=\"faq-item-answer-text\"> <p>Elfsight oferuje rozwi\u0105zanie SaaS, kt\u00f3re pozwala u\u017cytkownikom samodzielnie wygenerowa\u0107 wtyczk\u0119 Number Counter, obejrzyj proste kroki: Pracuj w wersji demonstracyjnej na \u017cywo, aby wygenerowa\u0107 wid\u017cet licznika liczb, kt\u00f3ry chcesz umie\u015bci\u0107 na swojej stronie Magento. Kliknij jeden z naszych gotowych szablon\u00f3w i zmie\u0144 ustawienia Licznika Liczb, zmie\u0144 uk\u0142ad i kolor element\u00f3w oraz dodaj swoj\u0105 tre\u015b\u0107, bez do\u015bwiadczenia w kodowaniu. Kliknij, aby zapisa\u0107 ustawienia wprowadzone w Number Counter i skopiuj kod instalacyjny wtyczki, kt\u00f3r\u0105 mo\u017cesz osadzi\u0107 na stronie Magento korzystaj\u0105c z bezp\u0142atnego planu. Dzi\u0119ki prostemu edytorowi ka\u017cdy u\u017cytkownik sieci mo\u017ce zainstalowa\u0107 wtyczk\u0119 Number Counter i \u0142atwo osadzi\u0107 j\u0105 na stronie internetowej Magento. Nie powiniene\u015b p\u0142aci\u0107 ani ujawnia\u0107 danych uwierzytelniaj\u0105cych swojej karty, aby uzyska\u0107 dost\u0119p do us\u0142ugi Elfsight. Je\u015bli napotkasz jakiekolwiek problemy, skontaktuj si\u0119 z naszym zespo\u0142em pomocy technicznej.<\/p> <\/div>\r\n\t\t\t\t\t<\/div>\r\n\t\t\t\t<\/div> <\/div><\/div>","protected":false},"excerpt":{"rendered":"","protected":false},"author":9,"featured_media":0,"parent":2633,"menu_order":0,"comment_status":"closed","ping_status":"closed","template":"templates\/template-application-platform.php","meta":{"publish_to_discourse":"","publish_post_category":"","wpdc_auto_publish_overridden":"","wpdc_topic_tags":"","wpdc_pin_topic":"","wpdc_pin_until":"","discourse_post_id":"","discourse_permalink":"","wpdc_publishing_response":"","wpdc_publishing_error":"","footnotes":""},"class_list":["post-5717","page","type-page","status-publish","hentry"],"yoast_head":"<!-- This site is optimized with the Yoast SEO plugin v25.3.1 - https:\/\/yoast.com\/wordpress\/plugins\/seo\/ -->\n<title>Licznik liczb Elfsight dla stron Magento (bezp\u0142atny i \u0142atwy)<\/title>\n<meta name=\"description\" content=\"Wypr\u00f3buj licznik liczb na swojej stronie Magento, korzystaj\u0105c z naszej wersji demonstracyjnej na \u017cywo. Ukszta\u0142tuj swoje spersonalizowane rozszerzenie za pomoc\u0105 kilku klikni\u0119\u0107 i bez \u017cadnego wysi\u0142ku!\" \/>\n<meta name=\"robots\" content=\"index, follow, max-snippet:-1, max-image-preview:large, max-video-preview:-1\" \/>\n<link rel=\"canonical\" href=\"https:\/\/elfsight.com\/pl\/number-counter-widget\/magento\/\" \/>\n<meta property=\"og:locale\" content=\"pl_PL\" \/>\n<meta property=\"og:type\" content=\"article\" \/>\n<meta property=\"og:title\" content=\"Licznik liczb Elfsight dla stron Magento (bezp\u0142atny i \u0142atwy)\" \/>\n<meta property=\"og:description\" content=\"Wypr\u00f3buj licznik liczb na swojej stronie Magento, korzystaj\u0105c z naszej wersji demonstracyjnej na \u017cywo. Ukszta\u0142tuj swoje spersonalizowane rozszerzenie za pomoc\u0105 kilku klikni\u0119\u0107 i bez \u017cadnego wysi\u0142ku!\" \/>\n<meta property=\"og:url\" content=\"https:\/\/elfsight.com\/pl\/number-counter-widget\/magento\/\" \/>\n<meta property=\"og:site_name\" content=\"Elfsight PL\" \/>\n<meta property=\"article:modified_time\" content=\"2024-11-14T08:57:50+00:00\" \/>\n<meta name=\"twitter:card\" content=\"summary_large_image\" \/>\n<meta name=\"twitter:label1\" content=\"Szacowany czas czytania\" \/>\n\t<meta name=\"twitter:data1\" content=\"3 minuty\" \/>\n<!-- \/ Yoast SEO plugin. -->","yoast_head_json":{"title":"Licznik liczb Elfsight dla stron Magento (bezp\u0142atny i \u0142atwy)","description":"Wypr\u00f3buj licznik liczb na swojej stronie Magento, korzystaj\u0105c z naszej wersji demonstracyjnej na \u017cywo. Ukszta\u0142tuj swoje spersonalizowane rozszerzenie za pomoc\u0105 kilku klikni\u0119\u0107 i bez \u017cadnego wysi\u0142ku!","robots":{"index":"index","follow":"follow","max-snippet":"max-snippet:-1","max-image-preview":"max-image-preview:large","max-video-preview":"max-video-preview:-1"},"canonical":"https:\/\/elfsight.com\/pl\/number-counter-widget\/magento\/","og_locale":"pl_PL","og_type":"article","og_title":"Licznik liczb Elfsight dla stron Magento (bezp\u0142atny i \u0142atwy)","og_description":"Wypr\u00f3buj licznik liczb na swojej stronie Magento, korzystaj\u0105c z naszej wersji demonstracyjnej na \u017cywo. Ukszta\u0142tuj swoje spersonalizowane rozszerzenie za pomoc\u0105 kilku klikni\u0119\u0107 i bez \u017cadnego wysi\u0142ku!","og_url":"https:\/\/elfsight.com\/pl\/number-counter-widget\/magento\/","og_site_name":"Elfsight PL","article_modified_time":"2024-11-14T08:57:50+00:00","twitter_card":"summary_large_image","twitter_misc":{"Szacowany czas czytania":"3 minuty"},"schema":{"@context":"https:\/\/schema.org","@graph":[{"@type":"WebPage","@id":"https:\/\/elfsight.com\/pl\/number-counter-widget\/magento\/","url":"https:\/\/elfsight.com\/pl\/number-counter-widget\/magento\/","name":"Licznik liczb Elfsight dla stron Magento (bezp\u0142atny i \u0142atwy)","isPartOf":{"@id":"https:\/\/elfsight.com\/pl\/#website"},"datePublished":"2024-05-03T06:41:24+00:00","dateModified":"2024-11-14T08:57:50+00:00","description":"Wypr\u00f3buj licznik liczb na swojej stronie Magento, korzystaj\u0105c z naszej wersji demonstracyjnej na \u017cywo. Ukszta\u0142tuj swoje spersonalizowane rozszerzenie za pomoc\u0105 kilku klikni\u0119\u0107 i bez \u017cadnego wysi\u0142ku!","breadcrumb":{"@id":"https:\/\/elfsight.com\/pl\/number-counter-widget\/magento\/#breadcrumb"},"inLanguage":"pl-PL","potentialAction":[{"@type":"ReadAction","target":["https:\/\/elfsight.com\/pl\/number-counter-widget\/magento\/"]}]},{"@type":"BreadcrumbList","@id":"https:\/\/elfsight.com\/pl\/number-counter-widget\/magento\/#breadcrumb","itemListElement":[{"@type":"ListItem","position":1,"name":"Home","item":"https:\/\/elfsight.com\/pl\/"},{"@type":"ListItem","position":2,"name":"Number Counter","item":"https:\/\/elfsight.com\/pl\/number-counter-widget\/"},{"@type":"ListItem","position":3,"name":"Number Counter &#8211; Magento"}]},{"@type":"WebSite","@id":"https:\/\/elfsight.com\/pl\/#website","url":"https:\/\/elfsight.com\/pl\/","name":"Elfsight PL","description":"Just another Elfsight Sites site","potentialAction":[{"@type":"SearchAction","target":{"@type":"EntryPoint","urlTemplate":"https:\/\/elfsight.com\/pl\/?s={search_term_string}"},"query-input":{"@type":"PropertyValueSpecification","valueRequired":true,"valueName":"search_term_string"}}],"inLanguage":"pl-PL"}]}},"meta_box":{"industry":"","seo_heading":"","heading":"","description":"","cta_heading":"","cta_description":"","application":"2632","h1":"Rozszerzenie Magento Licznik Liczb","h1_caption":"Pochwal si\u0119 kluczowymi statystykami i kamieniami milowymi za pomoc\u0105 animowanych licznik\u00f3w, aby bez wysi\u0142ku podkre\u015bli\u0107 swoje osi\u0105gni\u0119cia w anga\u017cuj\u0105cy spos\u00f3b na swojej stronie internetowej Magento.","application_category":[],"applications_title":"","applications_request_title":"","applications_request_button_text":"","hero_text":"","hero_video":"","hero_video_schema_markup":"","selling_points_title":"","selling_points_caption":"","selling_points":[],"selling_points_cta_text":"","features_title":"","features":"","ed_cta_examples_text":"","ed_cta_examples_hidden":"","ed_cta_demo_text":"","ed_cta_demo_hidden":"","why_caption":"","why_editor_title":"","why_editor_text":"","why_team_title":"","why_team_text":"","why_service_title":"","why_service_text":"","template_catalog_visible":"","template_catalog_title":"","template_catalog_text":"","template_catalog_categories_visible":"","demo_title":"Utw\u00f3rz rozszerzenie licznika liczb","demo_caption":"Skonfiguruj sw\u00f3j Licznik Liczb i dodaj go za darmo do swojej witryny Magento!","default_faq_hidden":"","app_template_category":[],"platform":"92","template_public_id":"","codecanyon_url":"","codecanyon_item_id":"","codecanyon_price":"","pricing_caption":"","pricing_elfsight_apps_hide_column":"","pricing_elfsight_apps_url":"","pricing_codecanyon_price_caption":"","integration_category":[],"integration_request_title":"","integration_request_cta":"","integration_platform":"","integrations":[],"platform_category":[],"video_schema_markup":"","price":"od 0 USD \/ miesi\u0105c","trial":"","benefits":[{"text":"Bezp\u0142atna us\u0142uga monta\u017cu"},{"text":"Kompetentna obs\u0142uga klienta"},{"text":"14-dniowa gwarancja zwrotu pieni\u0119dzy"}],"button_url":"#demo","button_target_blank":"","button_nofollow":"","attributes":[{"name":"Instaluje"},{"name":"Czu\u0142y"},{"name":"Kompatybilne przegl\u0105darki"}],"tags":[],"tags_disable_links":"","hide_more_platforms":"","video_object":"","demo_hide_cta":"","demo_hide_cloud_options":"","pricing_title":"","pricing":[{"pricing_icon":"platform","pricing_title":"Elfsight Apps","pricing_title_caption":"Wersja wieloplatformowa","pricing_price":"od 0 USD \/ miesi\u0105c","pricing_price_caption":"zacznij od bezp\u0142atnego planu","pricing_benefits":[{"text":"Nielimitowane strony internetowe"},{"text":"Ca\u0142odobowe wsparcie firmy i dobrze udokumentowane"},{"text":"Bezp\u0142atne wsparcie instalacyjne"},{"text":"Elastyczny projekt"}],"pricing_button_text":"Dodaj do witryny","pricing_button_url":"#demo"}],"related_apps_title":"","related_apps_hidden":"","author":"","image":[],"title":"","job":"","social_networks":[]},"_links":{"self":[{"href":"https:\/\/elfsight.com\/pl\/wp-json\/wp\/v2\/pages\/5717","targetHints":{"allow":["GET"]}}],"collection":[{"href":"https:\/\/elfsight.com\/pl\/wp-json\/wp\/v2\/pages"}],"about":[{"href":"https:\/\/elfsight.com\/pl\/wp-json\/wp\/v2\/types\/page"}],"author":[{"embeddable":true,"href":"https:\/\/elfsight.com\/pl\/wp-json\/wp\/v2\/users\/9"}],"replies":[{"embeddable":true,"href":"https:\/\/elfsight.com\/pl\/wp-json\/wp\/v2\/comments?post=5717"}],"version-history":[{"count":1,"href":"https:\/\/elfsight.com\/pl\/wp-json\/wp\/v2\/pages\/5717\/revisions"}],"predecessor-version":[{"id":5721,"href":"https:\/\/elfsight.com\/pl\/wp-json\/wp\/v2\/pages\/5717\/revisions\/5721"}],"up":[{"embeddable":true,"href":"https:\/\/elfsight.com\/pl\/wp-json\/wp\/v2\/pages\/2633"}],"wp:attachment":[{"href":"https:\/\/elfsight.com\/pl\/wp-json\/wp\/v2\/media?parent=5717"}],"curies":[{"name":"wp","href":"https:\/\/api.w.org\/{rel}","templated":true}]}}