{"id":5712,"date":"2024-05-03T06:41:23","date_gmt":"2024-05-03T06:41:23","guid":{"rendered":"https:\/\/elfsight.com\/pl\/?page_id=5712"},"modified":"2024-11-14T08:57:42","modified_gmt":"2024-11-14T08:57:42","slug":"html","status":"publish","type":"page","link":"https:\/\/elfsight.com\/pl\/number-counter-widget\/html\/","title":{"rendered":"Number Counter &#8211; HTML"},"content":{"rendered":"<div class=\"application-platform-content-item-description application-platform-content-item\" id=\"description\" data-nav-section=\"description\"> <h2>Opis<\/h2> <p>Licznik liczb to \u0142atwy w obs\u0142udze widget HTML z szerok\u0105 gam\u0105 opcji. To \u015bwietna funkcja, dzi\u0119ki kt\u00f3rej mo\u017cesz pokaza\u0107 swoje imponuj\u0105ce wska\u017aniki biznesowe, ilo\u015b\u0107 wykonanych dotychczas prac i to nie wszystko. Wid\u017cet jest niezwykle elastyczny. Mo\u017cesz dodawa\u0107 dowoln\u0105 liczb\u0119 licznik\u00f3w, organizowa\u0107 je w kolumny, wybiera\u0107 ikony z naszej kolekcji lub przesy\u0142a\u0107 w\u0142asne, zmienia\u0107 je w r\u00f3\u017cnorodne lub monochromatyczne, dodawa\u0107 podpisy, aby zapewni\u0107 odbiorcom mo\u017cliwe informacje, przemalowywa\u0107 dowoln\u0105 funkcj\u0119, wybiera\u0107 obraz t\u0142a i to nie wszystko. Po prostu zacznij ju\u017c teraz tworzy\u0107 sw\u00f3j widget i obserwuj, jak szybko rosn\u0105 statystyki najwa\u017cniejszych firm! <\/p> <p><b>Poka\u017c swoje wspania\u0142e osi\u0105gni\u0119cia swoim przysz\u0142ym klientom. Zdob\u0105d\u017a wi\u0119cej udanych sprzeda\u017cy i potencjalnych klient\u00f3w! <\/b><\/p> <\/div> <div class=\"application-platform-content-item-features application-platform-content-item\" id=\"features\" data-nav-section=\"features\"> <h2>Sprawd\u017a list\u0119 najpot\u0119\u017cniejszych funkcji: <\/h2> <ul><li>Nieograniczona liczba licznik\u00f3w. <\/li><li>Nieograniczona liczba kolumn. <\/li><li>Do\u0142\u0105cz tytu\u0142y, nag\u0142\u00f3wki, przedrostki i postfiksy. <\/li><li>Zdecyduj o formacie ikony \u2014 wybierz j\u0105 z naszej biblioteki lub prze\u015blij w\u0142asn\u0105. <\/li><li>Osadzaj linki. <\/li><\/ul><p><a href=\"#demo\">Po prostu sprawd\u017a t\u0119 wersj\u0119 demonstracyjn\u0105, aby uzyska\u0107 pe\u0142ny obraz<\/a><\/p> <\/div> <div class=\"application-platform-content-item-installation application-platform-content-item\" id=\"installation\" data-nav-section=\"installation\"> <h2>Jak mog\u0119 osadzi\u0107 licznik liczb na mojej stronie HTML? <\/h2><div class=\"video-container\"><iframe width=\"720\" height=\"405\" src=\"https:\/\/www.youtube.com\/embed\/CLXKFG4Fdxg\" frameborder=\"0\" allowfullscreen=\"\"><\/iframe><\/div><p>Wystarczy post\u0119powa\u0107 zgodnie z poni\u017cszymi instrukcjami, aby zintegrowa\u0107 narz\u0119dzie. <\/p> <ol><li><b>Otw\u00f3rz nasz darmowy konfigurator i zacznij tworzy\u0107 niestandardowy widget. <\/b><br> Znajd\u017a niestandardow\u0105 form\u0119 i funkcjonalno\u015b\u0107 narz\u0119dzia i zastosuj poprawki. <\/li> <li><b>Skopiuj indywidualny kod, kt\u00f3ry pojawia si\u0119 w specjalnym formularzu w aplikacjach Elfsight. <\/b><br> Zaraz po wygenerowaniu wtyczki skopiuj osobisty kod z wy\u015bwietlonego wyskakuj\u0105cego okienka i zachowaj go do dalszego wykorzystania. <\/li> <li><b>Rozpocznij stosowanie wid\u017cetu na swojej stronie internetowej HTML. <\/b><br> Dodaj skopiowany wcze\u015bniej kod do swojej witryny i zastosuj zmiany. <\/li> <li><b>Gotowe! Osadzanie zosta\u0142o pomy\u015blnie zako\u0144czone. <\/b><br> Przejd\u017a na swoj\u0105 stron\u0119, aby sprawdzi\u0107 dzia\u0142anie wid\u017cetu. <\/li><\/ol> <p>Je\u015bli masz pytania lub napotkasz jakiekolwiek problemy, bez wahania skontaktuj si\u0119 z naszym zespo\u0142em obs\u0142ugi klienta. Nasi specjali\u015bci ch\u0119tnie rozwi\u0105\u017c\u0105 wszystkie problemy, jakie mo\u017cesz mie\u0107 z narz\u0119dziem. <\/p> <div class=\"faq\" data-component=\"FAQ\"><div class=\"faq-item\">\r\n\t\t\t\t\t<div class=\"faq-item-question\">\r\n\t\t\t\t\t\t<h3 class=\"faq-item-question-text\">Jak mog\u0119 osadzi\u0107 Licznik Liczb w moim kodzie HTML bez znajomo\u015bci kodowania?<\/h3>\r\n\r\n\t\t\t\t\t\t<div class=\"faq-item-question-icon\"><\/div>\r\n\t\t\t\t\t<\/div>\r\n\r\n\t\t\t\t\t<div class=\"faq-item-answer\">\r\n\t\t\t\t\t\t<div class=\"faq-item-answer-text\"> <p>Firma Elfsight dostarcza rozwi\u0105zanie, kt\u00f3re pozwala samodzielnie zbudowa\u0107 aplikacj\u0119 Licznik Liczb, zobacz jakie to proste to: Przejd\u017a do edytora na \u017cywo, aby wygenerowa\u0107 wtyczk\u0119 licznika liczb, kt\u00f3r\u0105 chcesz zobaczy\u0107 w swojej witrynie HTML. Wybierz jeden z gotowych szablon\u00f3w i dostosuj ustawienia Licznika Liczb, zmie\u0144 uk\u0142ad i schematy kolor\u00f3w, w\u0142\u0105czaj\u0105c tre\u015b\u0107, bez \u017cadnego do\u015bwiadczenia w kodowaniu. Zapisz wprowadzone ustawienia w Number Counter i uzyskaj kod widgetu do instalacji, kt\u00f3ry mo\u017cesz \u0142atwo umie\u015bci\u0107 na stronie HTML bez konieczno\u015bci zakupu p\u0142atnej subskrypcji. Za pomoc\u0105 prostego w obs\u0142udze Konfiguratora ka\u017cdy u\u017cytkownik Internetu mo\u017ce stworzy\u0107 wid\u017cet Licznik Liczb i po prostu osadzi\u0107 go na stronie HTML. Aby skorzysta\u0107 z naszego serwisu, nie jest wymagane posiadanie p\u0142atnego abonamentu ani wprowadzanie danych karty. Je\u015bli napotkasz jakiekolwiek problemy, skontaktuj si\u0119 z naszym personelem pomocy technicznej.<\/p> <\/div>\r\n\t\t\t\t\t<\/div>\r\n\t\t\t\t<\/div> <\/div><\/div>","protected":false},"excerpt":{"rendered":"","protected":false},"author":9,"featured_media":0,"parent":2633,"menu_order":0,"comment_status":"closed","ping_status":"closed","template":"templates\/template-application-platform.php","meta":{"publish_to_discourse":"","publish_post_category":"","wpdc_auto_publish_overridden":"","wpdc_topic_tags":"","wpdc_pin_topic":"","wpdc_pin_until":"","discourse_post_id":"","discourse_permalink":"","wpdc_publishing_response":"","wpdc_publishing_error":"","footnotes":""},"class_list":["post-5712","page","type-page","status-publish","hentry"],"yoast_head":"<!-- This site is optimized with the Yoast SEO plugin v25.3.1 - https:\/\/yoast.com\/wordpress\/plugins\/seo\/ -->\n<title>Licznik liczb \u2014 Dodaj wid\u017cet Licznik do HTML (bezp\u0142atny i szybki)<\/title>\n<meta name=\"description\" content=\"Wypr\u00f3buj licznik liczb na swojej stronie HTML, korzystaj\u0105c z naszej wersji demonstracyjnej na \u017cywo. Stw\u00f3rz spersonalizowany widget za pomoc\u0105 kilku klikni\u0119\u0107 i bez wysi\u0142ku!\" \/>\n<meta name=\"robots\" content=\"index, follow, max-snippet:-1, max-image-preview:large, max-video-preview:-1\" \/>\n<link rel=\"canonical\" href=\"https:\/\/elfsight.com\/pl\/number-counter-widget\/html\/\" \/>\n<meta property=\"og:locale\" content=\"pl_PL\" \/>\n<meta property=\"og:type\" content=\"article\" \/>\n<meta property=\"og:title\" content=\"Licznik liczb \u2014 Dodaj wid\u017cet Licznik do HTML (bezp\u0142atny i szybki)\" \/>\n<meta property=\"og:description\" content=\"Wypr\u00f3buj licznik liczb na swojej stronie HTML, korzystaj\u0105c z naszej wersji demonstracyjnej na \u017cywo. Stw\u00f3rz spersonalizowany widget za pomoc\u0105 kilku klikni\u0119\u0107 i bez wysi\u0142ku!\" \/>\n<meta property=\"og:url\" content=\"https:\/\/elfsight.com\/pl\/number-counter-widget\/html\/\" \/>\n<meta property=\"og:site_name\" content=\"Elfsight PL\" \/>\n<meta property=\"article:modified_time\" content=\"2024-11-14T08:57:42+00:00\" \/>\n<meta name=\"twitter:card\" content=\"summary_large_image\" \/>\n<meta name=\"twitter:label1\" content=\"Szacowany czas czytania\" \/>\n\t<meta name=\"twitter:data1\" content=\"3 minuty\" \/>\n<!-- \/ Yoast SEO plugin. -->","yoast_head_json":{"title":"Licznik liczb \u2014 Dodaj wid\u017cet Licznik do HTML (bezp\u0142atny i szybki)","description":"Wypr\u00f3buj licznik liczb na swojej stronie HTML, korzystaj\u0105c z naszej wersji demonstracyjnej na \u017cywo. Stw\u00f3rz spersonalizowany widget za pomoc\u0105 kilku klikni\u0119\u0107 i bez wysi\u0142ku!","robots":{"index":"index","follow":"follow","max-snippet":"max-snippet:-1","max-image-preview":"max-image-preview:large","max-video-preview":"max-video-preview:-1"},"canonical":"https:\/\/elfsight.com\/pl\/number-counter-widget\/html\/","og_locale":"pl_PL","og_type":"article","og_title":"Licznik liczb \u2014 Dodaj wid\u017cet Licznik do HTML (bezp\u0142atny i szybki)","og_description":"Wypr\u00f3buj licznik liczb na swojej stronie HTML, korzystaj\u0105c z naszej wersji demonstracyjnej na \u017cywo. Stw\u00f3rz spersonalizowany widget za pomoc\u0105 kilku klikni\u0119\u0107 i bez wysi\u0142ku!","og_url":"https:\/\/elfsight.com\/pl\/number-counter-widget\/html\/","og_site_name":"Elfsight PL","article_modified_time":"2024-11-14T08:57:42+00:00","twitter_card":"summary_large_image","twitter_misc":{"Szacowany czas czytania":"3 minuty"},"schema":{"@context":"https:\/\/schema.org","@graph":[{"@type":"WebPage","@id":"https:\/\/elfsight.com\/pl\/number-counter-widget\/html\/","url":"https:\/\/elfsight.com\/pl\/number-counter-widget\/html\/","name":"Licznik liczb \u2014 Dodaj wid\u017cet Licznik do HTML (bezp\u0142atny i szybki)","isPartOf":{"@id":"https:\/\/elfsight.com\/pl\/#website"},"datePublished":"2024-05-03T06:41:23+00:00","dateModified":"2024-11-14T08:57:42+00:00","description":"Wypr\u00f3buj licznik liczb na swojej stronie HTML, korzystaj\u0105c z naszej wersji demonstracyjnej na \u017cywo. Stw\u00f3rz spersonalizowany widget za pomoc\u0105 kilku klikni\u0119\u0107 i bez wysi\u0142ku!","breadcrumb":{"@id":"https:\/\/elfsight.com\/pl\/number-counter-widget\/html\/#breadcrumb"},"inLanguage":"pl-PL","potentialAction":[{"@type":"ReadAction","target":["https:\/\/elfsight.com\/pl\/number-counter-widget\/html\/"]}]},{"@type":"BreadcrumbList","@id":"https:\/\/elfsight.com\/pl\/number-counter-widget\/html\/#breadcrumb","itemListElement":[{"@type":"ListItem","position":1,"name":"Home","item":"https:\/\/elfsight.com\/pl\/"},{"@type":"ListItem","position":2,"name":"Number Counter","item":"https:\/\/elfsight.com\/pl\/number-counter-widget\/"},{"@type":"ListItem","position":3,"name":"Number Counter &#8211; HTML"}]},{"@type":"WebSite","@id":"https:\/\/elfsight.com\/pl\/#website","url":"https:\/\/elfsight.com\/pl\/","name":"Elfsight PL","description":"Just another Elfsight Sites site","potentialAction":[{"@type":"SearchAction","target":{"@type":"EntryPoint","urlTemplate":"https:\/\/elfsight.com\/pl\/?s={search_term_string}"},"query-input":{"@type":"PropertyValueSpecification","valueRequired":true,"valueName":"search_term_string"}}],"inLanguage":"pl-PL"}]}},"meta_box":{"industry":"","seo_heading":"","heading":"","description":"","cta_heading":"","cta_description":"","application":"2632","h1":"Wid\u017cet licznika liczb HTML","h1_caption":"Pochwal si\u0119 kluczowymi statystykami i kamieniami milowymi za pomoc\u0105 animowanych licznik\u00f3w, aby bez wysi\u0142ku podkre\u015bli\u0107 swoje osi\u0105gni\u0119cia w anga\u017cuj\u0105cy spos\u00f3b w swojej witrynie HTML.","application_category":[],"applications_title":"","applications_request_title":"","applications_request_button_text":"","hero_text":"","hero_video":"","hero_video_schema_markup":"","selling_points_title":"","selling_points_caption":"","selling_points":[],"selling_points_cta_text":"","features_title":"","features":"","ed_cta_examples_text":"","ed_cta_examples_hidden":"","ed_cta_demo_text":"","ed_cta_demo_hidden":"","why_caption":"","why_editor_title":"","why_editor_text":"","why_team_title":"","why_team_text":"","why_service_title":"","why_service_text":"","template_catalog_visible":"","template_catalog_title":"","template_catalog_text":"","template_catalog_categories_visible":"","demo_title":"Utw\u00f3rz wid\u017cet licznika liczb","demo_caption":"Skonfiguruj sw\u00f3j licznik liczb i dodaj go do swojej witryny HTML za darmo!","default_faq_hidden":"","app_template_category":[],"platform":"50","template_public_id":"","codecanyon_url":"","codecanyon_item_id":"","codecanyon_price":"","pricing_caption":"","pricing_elfsight_apps_hide_column":"","pricing_elfsight_apps_url":"","pricing_codecanyon_price_caption":"","integration_category":[],"integration_request_title":"","integration_request_cta":"","integration_platform":"","integrations":[],"platform_category":[],"video_schema_markup":"","price":"od 0 USD \/ miesi\u0105c","trial":"","benefits":[{"text":"Bezp\u0142atna us\u0142uga monta\u017cu"},{"text":"Kompetentna obs\u0142uga klienta"},{"text":"14-dniowa gwarancja zwrotu pieni\u0119dzy"}],"button_url":"#demo","button_target_blank":"","button_nofollow":"","attributes":[{"name":"Instaluje"},{"name":"Czu\u0142y"},{"name":"Kompatybilne przegl\u0105darki"}],"tags":[],"tags_disable_links":"","hide_more_platforms":"","video_object":"","demo_hide_cta":"","demo_hide_cloud_options":"","pricing_title":"","pricing":[{"pricing_icon":"platform","pricing_title":"Elfsight Apps","pricing_title_caption":"Oprogramowanie niezale\u017cne od platformy","pricing_price":"od 0 USD \/ miesi\u0105c","pricing_price_caption":"zacznij od bezp\u0142atnego planu","pricing_benefits":[{"text":"Nielimitowane strony internetowe"},{"text":"Szybkie i terminowe wsparcie"},{"text":"Bezp\u0142atne wsparcie instalacyjne"},{"text":"Specjalna cena za wiele aplikacji"}],"pricing_button_text":"Dodaj do witryny","pricing_button_url":"#demo"}],"related_apps_title":"","related_apps_hidden":"","author":"","image":[],"title":"","job":"","social_networks":[]},"_links":{"self":[{"href":"https:\/\/elfsight.com\/pl\/wp-json\/wp\/v2\/pages\/5712","targetHints":{"allow":["GET"]}}],"collection":[{"href":"https:\/\/elfsight.com\/pl\/wp-json\/wp\/v2\/pages"}],"about":[{"href":"https:\/\/elfsight.com\/pl\/wp-json\/wp\/v2\/types\/page"}],"author":[{"embeddable":true,"href":"https:\/\/elfsight.com\/pl\/wp-json\/wp\/v2\/users\/9"}],"replies":[{"embeddable":true,"href":"https:\/\/elfsight.com\/pl\/wp-json\/wp\/v2\/comments?post=5712"}],"version-history":[{"count":2,"href":"https:\/\/elfsight.com\/pl\/wp-json\/wp\/v2\/pages\/5712\/revisions"}],"predecessor-version":[{"id":7872,"href":"https:\/\/elfsight.com\/pl\/wp-json\/wp\/v2\/pages\/5712\/revisions\/7872"}],"up":[{"embeddable":true,"href":"https:\/\/elfsight.com\/pl\/wp-json\/wp\/v2\/pages\/2633"}],"wp:attachment":[{"href":"https:\/\/elfsight.com\/pl\/wp-json\/wp\/v2\/media?parent=5712"}],"curies":[{"name":"wp","href":"https:\/\/api.w.org\/{rel}","templated":true}]}}