{"id":5710,"date":"2024-05-03T06:41:21","date_gmt":"2024-05-03T06:41:21","guid":{"rendered":"https:\/\/elfsight.com\/pl\/?page_id=5710"},"modified":"2024-11-14T08:57:42","modified_gmt":"2024-11-14T08:57:42","slug":"opencart","status":"publish","type":"page","link":"https:\/\/elfsight.com\/pl\/number-counter-widget\/opencart\/","title":{"rendered":"Number Counter &#8211; OpenCart"},"content":{"rendered":"<div class=\"application-platform-content-item-description application-platform-content-item\" id=\"description\" data-nav-section=\"description\"> <h2>Opis<\/h2> <p>Elfsight Number Counter to \u0142atwe w obs\u0142udze rozszerzenie dla OpenCart z szerok\u0105 gam\u0105 opcji. To \u015bwietne narz\u0119dzie do pochwalenia si\u0119 \u015bwietnymi wska\u017anikami biznesowymi, liczb\u0105 wykonanych dotychczas prac i nie tylko. Widget jest niezwykle elastyczny. Mo\u017cesz swobodnie konstruowa\u0107 dowoln\u0105 liczb\u0119 licznik\u00f3w, ustawia\u0107 je w kolumnach, wybiera\u0107 ikony z naszej kolekcji lub przesy\u0142a\u0107 w\u0142asne, dostosowa\u0107 je, nadawa\u0107 im kolor wielokolorowy lub monochromatyczny, do\u0142\u0105cza\u0107 podpisy, aby wyja\u015bni\u0107 liczby, kt\u00f3re prezentujesz, zmienia\u0107 kolor dowolnego elementu, wybiera\u0107 zdj\u0119cie w tle, a to nawet nie po\u0142owa. Po prostu zacznij ju\u017c teraz tworzy\u0107 swoj\u0105 wtyczk\u0119 i zobacz, jak Twoje kluczowe statystyki biznesowe szybko rosn\u0105! <\/p> <p><b>Poka\u017c swoje niezwyk\u0142e osi\u0105gni\u0119cia potencjalnym nabywcom. Zwi\u0119ksz ilo\u015b\u0107 udanych sprzeda\u017cy i lead\u00f3w! <\/b><\/p> <\/div> <div class=\"application-platform-content-item-features application-platform-content-item\" id=\"features\" data-nav-section=\"features\"> <h2>Najbardziej wymagane funkcje widgetu obejmuj\u0105<\/h2> <ul><li>Nieograniczon\u0105 liczb\u0119 licznik\u00f3w. <\/li><li>Nieograniczona liczba kolumn. <\/li><li>Do\u0142\u0105cz tytu\u0142y, nag\u0142\u00f3wki, przedrostki i postfiksy. <\/li><li>Zdecyduj o typie ikony \u2014 pobierz j\u0105 z naszej kolekcji lub prze\u015blij w\u0142asn\u0105, dostosowan\u0105 do indywidualnych potrzeb. <\/li><li>Do\u0142\u0105cz linki. <\/li><\/ul><p><a href=\"#demo\">Mo\u017cesz ju\u017c teraz wypr\u00f3bowa\u0107 pe\u0142ne mo\u017cliwo\u015bci rozszerzenia w wersji demonstracyjnej<\/a><\/p> <\/div> <div class=\"application-platform-content-item-installation application-platform-content-item\" id=\"installation\" data-nav-section=\"installation\"> <h2>Jak mog\u0119 osadzi\u0107 Number Counter na mojej stronie internetowej OpenCart? <\/h2> <p>Wystarczy wykona\u0107 kilka krok\u00f3w podanych poni\u017cej, aby rozpocz\u0105\u0107 prac\u0119 z rozszerzeniem. <\/p> <ol><li><b>Skorzystaj z naszego bezp\u0142atnego konfiguratora i zacznij tworzy\u0107 spersonalizowane rozszerzenie. <\/b><br> Okre\u015bl po\u017c\u0105dany interfejs i funkcjonalno\u015b\u0107 rozszerzenia i zastosuj wszystkie poprawki. <\/li> <li><b>Skopiuj unikalny kod wy\u015bwietlany w specjalnym formularzu w aplikacjach Elfsight. <\/b><br> Po zako\u0144czeniu ustanawiania numeru wewn\u0119trznego skopiuj kod osobisty z wy\u015bwietlonego pola i zapisz go na p\u00f3\u017aniej. <\/li> <li><b>Rozpocznij stosowanie rozszerzenia na swojej stronie internetowej OpenCart. <\/b><br> Umie\u015b\u0107 ostatnio zapisany kod na swojej stronie i zapisz poprawki. <\/li> <li><b>Instalacja zosta\u0142a pomy\u015blnie uko\u0144czona. <\/b><br> Odwied\u017a swoj\u0105 witryn\u0119, aby sprawdzi\u0107 dzia\u0142anie rozszerzenia. <\/li><\/ol><p>Je\u015bli uporasz si\u0119 z jakimikolwiek przeszkodami, bez wahania zwr\u00f3\u0107 si\u0119 do naszego personelu pomocniczego. Nasi konsultanci ch\u0119tnie pomog\u0105 Ci we wszystkich trudno\u015bciach, jakie mo\u017cesz mie\u0107 z produktem. <\/p> <div class=\"faq\" data-component=\"FAQ\"><div class=\"faq-item\">\r\n\t\t\t\t\t<div class=\"faq-item-question\">\r\n\t\t\t\t\t\t<h3 class=\"faq-item-question-text\">Czy istnieje spos\u00f3b na osadzenie Licznika Liczb na mojej stronie g\u0142\u00f3wnej OpenCart bez znajomo\u015bci kodowania?<\/h3>\r\n\r\n\t\t\t\t\t\t<div class=\"faq-item-question-icon\"><\/div>\r\n\t\t\t\t\t<\/div>\r\n\r\n\t\t\t\t\t<div class=\"faq-item-answer\">\r\n\t\t\t\t\t\t<div class=\"faq-item-answer-text\"> <p>Elfsight dostarcza rozwi\u0105zanie SaaS, kt\u00f3re umo\u017cliwia samodzielne utworzenie wid\u017cetu Licznik Liczb, obejrzyj proste kroki: Pracuj bezpo\u015brednio w wersji demonstracyjnej online, aby zbudowa\u0107 wtyczk\u0119 licznika liczb, kt\u00f3r\u0105 chcesz zintegrowa\u0107 ze swoj\u0105 stron\u0105 g\u0142\u00f3wn\u0105 OpenCart. Wybierz jeden z gotowych szablon\u00f3w i dostosuj ustawienia licznika liczb, zmieniaj uk\u0142ad i kolor element\u00f3w, w tym tre\u015bci, bez umiej\u0119tno\u015bci kodowania. Kliknij, aby zapisa\u0107 ustawienia wprowadzone w Number Counter i skopiuj kod wid\u017cetu do instalacji, kt\u00f3ry mo\u017cna po prostu umie\u015bci\u0107 na stronie g\u0142\u00f3wnej OpenCart bez kupowania p\u0142atnego planu. Za pomoc\u0105 naszego \u0142atwego w obs\u0142udze konfiguratora ka\u017cdy internauta mo\u017ce za\u0142o\u017cy\u0107 aplikacj\u0119 Licznik Liczb online i bez problemu osadzi\u0107 j\u0105 na stronie OpenCart. Aby uzyska\u0107 dost\u0119p do us\u0142ugi, nie trzeba p\u0142aci\u0107 ani wprowadza\u0107 danych karty. Je\u015bli na kt\u00f3rymkolwiek etapie napotkasz jakiekolwiek przeszkody, nie wahaj si\u0119 porozmawia\u0107 z naszym personelem pomocy technicznej.<\/p> <\/div>\r\n\t\t\t\t\t<\/div>\r\n\t\t\t\t<\/div> <\/div><\/div>","protected":false},"excerpt":{"rendered":"","protected":false},"author":9,"featured_media":0,"parent":2633,"menu_order":0,"comment_status":"closed","ping_status":"closed","template":"templates\/template-application-platform.php","meta":{"publish_to_discourse":"","publish_post_category":"","wpdc_auto_publish_overridden":"","wpdc_topic_tags":"","wpdc_pin_topic":"","wpdc_pin_until":"","discourse_post_id":"","discourse_permalink":"","wpdc_publishing_response":"","wpdc_publishing_error":"","footnotes":""},"class_list":["post-5710","page","type-page","status-publish","hentry"],"yoast_head":"<!-- This site is optimized with the Yoast SEO plugin v25.3.1 - https:\/\/yoast.com\/wordpress\/plugins\/seo\/ -->\n<title>Licznik liczb Elfsight dla stron OpenCart (bezp\u0142atny i \u0142atwy)<\/title>\n<meta name=\"description\" content=\"Uruchom licznik liczb na swojej stronie internetowej OpenCart, korzystaj\u0105c z naszej aktywnej wersji demonstracyjnej. Utw\u00f3rz rozszerzenie dostosowane do Twoich potrzeb za pomoc\u0105 kilku klikni\u0119\u0107,\" \/>\n<meta name=\"robots\" content=\"index, follow, max-snippet:-1, max-image-preview:large, max-video-preview:-1\" \/>\n<link rel=\"canonical\" href=\"https:\/\/elfsight.com\/pl\/number-counter-widget\/opencart\/\" \/>\n<meta property=\"og:locale\" content=\"pl_PL\" \/>\n<meta property=\"og:type\" content=\"article\" \/>\n<meta property=\"og:title\" content=\"Licznik liczb Elfsight dla stron OpenCart (bezp\u0142atny i \u0142atwy)\" \/>\n<meta property=\"og:description\" content=\"Uruchom licznik liczb na swojej stronie internetowej OpenCart, korzystaj\u0105c z naszej aktywnej wersji demonstracyjnej. Utw\u00f3rz rozszerzenie dostosowane do Twoich potrzeb za pomoc\u0105 kilku klikni\u0119\u0107,\" \/>\n<meta property=\"og:url\" content=\"https:\/\/elfsight.com\/pl\/number-counter-widget\/opencart\/\" \/>\n<meta property=\"og:site_name\" content=\"Elfsight PL\" \/>\n<meta property=\"article:modified_time\" content=\"2024-11-14T08:57:42+00:00\" \/>\n<meta name=\"twitter:card\" content=\"summary_large_image\" \/>\n<meta name=\"twitter:label1\" content=\"Szacowany czas czytania\" \/>\n\t<meta name=\"twitter:data1\" content=\"3 minuty\" \/>\n<!-- \/ Yoast SEO plugin. -->","yoast_head_json":{"title":"Licznik liczb Elfsight dla stron OpenCart (bezp\u0142atny i \u0142atwy)","description":"Uruchom licznik liczb na swojej stronie internetowej OpenCart, korzystaj\u0105c z naszej aktywnej wersji demonstracyjnej. Utw\u00f3rz rozszerzenie dostosowane do Twoich potrzeb za pomoc\u0105 kilku klikni\u0119\u0107,","robots":{"index":"index","follow":"follow","max-snippet":"max-snippet:-1","max-image-preview":"max-image-preview:large","max-video-preview":"max-video-preview:-1"},"canonical":"https:\/\/elfsight.com\/pl\/number-counter-widget\/opencart\/","og_locale":"pl_PL","og_type":"article","og_title":"Licznik liczb Elfsight dla stron OpenCart (bezp\u0142atny i \u0142atwy)","og_description":"Uruchom licznik liczb na swojej stronie internetowej OpenCart, korzystaj\u0105c z naszej aktywnej wersji demonstracyjnej. Utw\u00f3rz rozszerzenie dostosowane do Twoich potrzeb za pomoc\u0105 kilku klikni\u0119\u0107,","og_url":"https:\/\/elfsight.com\/pl\/number-counter-widget\/opencart\/","og_site_name":"Elfsight PL","article_modified_time":"2024-11-14T08:57:42+00:00","twitter_card":"summary_large_image","twitter_misc":{"Szacowany czas czytania":"3 minuty"},"schema":{"@context":"https:\/\/schema.org","@graph":[{"@type":"WebPage","@id":"https:\/\/elfsight.com\/pl\/number-counter-widget\/opencart\/","url":"https:\/\/elfsight.com\/pl\/number-counter-widget\/opencart\/","name":"Licznik liczb Elfsight dla stron OpenCart (bezp\u0142atny i \u0142atwy)","isPartOf":{"@id":"https:\/\/elfsight.com\/pl\/#website"},"datePublished":"2024-05-03T06:41:21+00:00","dateModified":"2024-11-14T08:57:42+00:00","description":"Uruchom licznik liczb na swojej stronie internetowej OpenCart, korzystaj\u0105c z naszej aktywnej wersji demonstracyjnej. Utw\u00f3rz rozszerzenie dostosowane do Twoich potrzeb za pomoc\u0105 kilku klikni\u0119\u0107,","breadcrumb":{"@id":"https:\/\/elfsight.com\/pl\/number-counter-widget\/opencart\/#breadcrumb"},"inLanguage":"pl-PL","potentialAction":[{"@type":"ReadAction","target":["https:\/\/elfsight.com\/pl\/number-counter-widget\/opencart\/"]}]},{"@type":"BreadcrumbList","@id":"https:\/\/elfsight.com\/pl\/number-counter-widget\/opencart\/#breadcrumb","itemListElement":[{"@type":"ListItem","position":1,"name":"Home","item":"https:\/\/elfsight.com\/pl\/"},{"@type":"ListItem","position":2,"name":"Number Counter","item":"https:\/\/elfsight.com\/pl\/number-counter-widget\/"},{"@type":"ListItem","position":3,"name":"Number Counter &#8211; OpenCart"}]},{"@type":"WebSite","@id":"https:\/\/elfsight.com\/pl\/#website","url":"https:\/\/elfsight.com\/pl\/","name":"Elfsight PL","description":"Just another Elfsight Sites site","potentialAction":[{"@type":"SearchAction","target":{"@type":"EntryPoint","urlTemplate":"https:\/\/elfsight.com\/pl\/?s={search_term_string}"},"query-input":{"@type":"PropertyValueSpecification","valueRequired":true,"valueName":"search_term_string"}}],"inLanguage":"pl-PL"}]}},"meta_box":{"industry":"","seo_heading":"","heading":"","description":"","cta_heading":"","cta_description":"","application":"2632","h1":"Rozszerzenie licznika numer\u00f3w OpenCart","h1_caption":"Pochwal si\u0119 kluczowymi statystykami i kamieniami milowymi za pomoc\u0105 animowanych licznik\u00f3w, aby bez wysi\u0142ku podkre\u015bli\u0107 swoje osi\u0105gni\u0119cia w anga\u017cuj\u0105cy spos\u00f3b na swojej stronie internetowej Opencart.","application_category":[],"applications_title":"","applications_request_title":"","applications_request_button_text":"","hero_text":"","hero_video":"","hero_video_schema_markup":"","selling_points_title":"","selling_points_caption":"","selling_points":[],"selling_points_cta_text":"","features_title":"","features":"","ed_cta_examples_text":"","ed_cta_examples_hidden":"","ed_cta_demo_text":"","ed_cta_demo_hidden":"","why_caption":"","why_editor_title":"","why_editor_text":"","why_team_title":"","why_team_text":"","why_service_title":"","why_service_text":"","template_catalog_visible":"","template_catalog_title":"","template_catalog_text":"","template_catalog_categories_visible":"","demo_title":"Utw\u00f3rz rozszerzenie licznika liczb","demo_caption":"Skonfiguruj sw\u00f3j licznik liczb i dodaj go do swojej witryny OpenCart za darmo!","default_faq_hidden":"","app_template_category":[],"platform":"107","template_public_id":"","codecanyon_url":"","codecanyon_item_id":"","codecanyon_price":"","pricing_caption":"","pricing_elfsight_apps_hide_column":"","pricing_elfsight_apps_url":"","pricing_codecanyon_price_caption":"","integration_category":[],"integration_request_title":"","integration_request_cta":"","integration_platform":"","integrations":[],"platform_category":[],"video_schema_markup":"","price":"od 0 USD \/ miesi\u0105c","trial":"","benefits":[{"text":"Bezp\u0142atna us\u0142uga monta\u017cu"},{"text":"Do\u015bwiadczona obs\u0142uga klienta"},{"text":"14-dniowa gwarancja zwrotu pieni\u0119dzy"}],"button_url":"#demo","button_target_blank":"","button_nofollow":"","attributes":[{"name":"Instaluje"},{"name":"Czu\u0142y"},{"name":"Kompatybilne przegl\u0105darki"}],"tags":[],"tags_disable_links":"","hide_more_platforms":"","video_object":"","demo_hide_cta":"","demo_hide_cloud_options":"","pricing_title":"","pricing":[{"pricing_icon":"platform","pricing_title":"Elfsight Apps","pricing_title_caption":"Wersja wieloplatformowa","pricing_price":"od 0 USD \/ miesi\u0105c","pricing_price_caption":"zacznij od bezp\u0142atnego planu","pricing_benefits":[{"text":"Nielimitowane domeny"},{"text":"Bezp\u0142atne i terminowe wsparcie"},{"text":"Bezp\u0142atna pomoc w monta\u017cu"},{"text":"100% konfigurowalny"}],"pricing_button_text":"Dodaj do witryny","pricing_button_url":"#demo"}],"related_apps_title":"","related_apps_hidden":"","author":"","image":[],"title":"","job":"","social_networks":[]},"_links":{"self":[{"href":"https:\/\/elfsight.com\/pl\/wp-json\/wp\/v2\/pages\/5710","targetHints":{"allow":["GET"]}}],"collection":[{"href":"https:\/\/elfsight.com\/pl\/wp-json\/wp\/v2\/pages"}],"about":[{"href":"https:\/\/elfsight.com\/pl\/wp-json\/wp\/v2\/types\/page"}],"author":[{"embeddable":true,"href":"https:\/\/elfsight.com\/pl\/wp-json\/wp\/v2\/users\/9"}],"replies":[{"embeddable":true,"href":"https:\/\/elfsight.com\/pl\/wp-json\/wp\/v2\/comments?post=5710"}],"version-history":[{"count":1,"href":"https:\/\/elfsight.com\/pl\/wp-json\/wp\/v2\/pages\/5710\/revisions"}],"predecessor-version":[{"id":5714,"href":"https:\/\/elfsight.com\/pl\/wp-json\/wp\/v2\/pages\/5710\/revisions\/5714"}],"up":[{"embeddable":true,"href":"https:\/\/elfsight.com\/pl\/wp-json\/wp\/v2\/pages\/2633"}],"wp:attachment":[{"href":"https:\/\/elfsight.com\/pl\/wp-json\/wp\/v2\/media?parent=5710"}],"curies":[{"name":"wp","href":"https:\/\/api.w.org\/{rel}","templated":true}]}}