{"id":5709,"date":"2024-05-03T06:41:20","date_gmt":"2024-05-03T06:41:20","guid":{"rendered":"https:\/\/elfsight.com\/pl\/?page_id=5709"},"modified":"2025-06-26T16:00:54","modified_gmt":"2025-06-26T16:00:54","slug":"shopify","status":"publish","type":"page","link":"https:\/\/elfsight.com\/pl\/number-counter-widget\/shopify\/","title":{"rendered":"Number Counter &#8211; Shopify"},"content":{"rendered":"<div class=\"application-platform-content-item-description application-platform-content-item\" id=\"description\" data-nav-section=\"description\"> <h2>Osad\u017a licznik liczb w Shopify za pomoc\u0105 wid\u017cetu Elfsight<\/h2> <p>Licznik liczb to \u0142atwa w zarz\u0105dzaniu aplikacja dla Shopify z wieloma opcjami podnie\u015b\u0107. To \u015bwietne narz\u0119dzie do pochwalenia si\u0119 swoimi wymiernymi wynikami biznesowymi, ilo\u015bci\u0105 wykonanych prac i to nie wszystko. Widget jest niezwykle elastyczny. Mo\u017cesz dowolnie tworzy\u0107 dowoln\u0105 liczb\u0119 licznik\u00f3w, komponowa\u0107 je w kolumny, wybiera\u0107 ikony z naszej kolekcji lub przesy\u0142a\u0107 w\u0142asne, nada\u0107 im wielokolorowy lub monokolorowy charakter, do\u0142\u0105cza\u0107 tytu\u0142y, aby zapewni\u0107 odbiorcom \u0142atwo zrozumia\u0142e informacje, przekolorowywa\u0107 dowolny element, wybiera\u0107 t\u0142o, a to nawet nie po\u0142owa. Po prostu zacznij ju\u017c teraz tworzy\u0107 swoj\u0105 wtyczk\u0119 i obserwuj, jak rosn\u0105 Twoje kluczowe statystyki biznesowe! <\/p> <p><b>Pochwal si\u0119 potencjalnym nabywcom swoimi wspania\u0142ymi osi\u0105gni\u0119ciami. Zwi\u0119ksz ilo\u015b\u0107 udanych sprzeda\u017cy i lead\u00f3w! <\/b><\/p> <\/div> <div class=\"application-platform-content-item-features application-platform-content-item\" id=\"features\" data-nav-section=\"features\"> <h2>To tylko kilka z zaawansowanych funkcji aplikacji: <\/h2> <ul><li>Dowolna liczba licznik\u00f3w. <\/li><li>Nieograniczona liczba kolumn. <\/li><li>Dodaj tytu\u0142y, nag\u0142\u00f3wki, przedrostki i postfiksy. <\/li><li>Wybierz format ikony \u2014 pobierz go z naszej kolekcji lub prze\u015blij w\u0142asny, dostosowany. <\/li><li>Osadzaj linki. <\/li><\/ul><p><a href=\"#demo\">Pe\u0142n\u0105 funkcjonalno\u015b\u0107 wid\u017cetu mo\u017cesz przetestowa\u0107 w wersji demonstracyjnej <\/a><\/p> <\/div> <div class=\"application-platform-content-item-installation  application-platform-content-item\" id=\"installation \" data-nav-section=\"installation \"> <h2>Jak osadzi\u0107 licznik liczb na mojej stronie internetowej Shopify? <\/h2><div class=\"video-container\"><iframe width=\"720\" height=\"405\" src=\"https:\/\/www.youtube.com\/embed\/arBAf1b7z7I\" frameborder=\"0\" allowfullscreen=\"\"><\/iframe><\/div><p>Wystarczy zastosowa\u0107 si\u0119 do poni\u017cszych instrukcji, aby doda\u0107 wid\u017cet. <\/p> <ol><li><b>Uruchamiaj\u0105c nasz darmowy edytor, zacznij tworzy\u0107 w\u0142asn\u0105 aplikacj\u0119. <\/b><br> Znajd\u017a po\u017c\u0105dany projekt i parametry aplikacji i zastosuj zmiany. <\/li> <li><b>Odbierz sw\u00f3j unikalny kod wy\u015bwietlony w oknie aplikacji Elfsight. <\/b><br> Po dostosowaniu wtyczki skopiuj indywidualny kod z wy\u015bwietlonego pola i zachowaj go do dalszego wykorzystania. <\/li> <li><b>Rozpocznij stosowanie wid\u017cetu na stronie Shopify. <\/b><br> Umie\u015b\u0107 zapisany wcze\u015bniej kod na swojej stronie i zapisz zmiany. <\/li> <li><b>Gotowe! Integracja zosta\u0142a pomy\u015blnie zako\u0144czona. <\/b><br> Przejd\u017a na swoj\u0105 stron\u0119 internetow\u0105, aby sprawdzi\u0107 dzia\u0142anie narz\u0119dzia. <\/li><\/ol> <p>Je\u015bli do\u015bwiadczysz trudno\u015bci, nie wahaj si\u0119 skontaktowa\u0107 z naszym dzia\u0142em obs\u0142ugi klienta. Nasi pracownicy z przyjemno\u015bci\u0105 odpowiedz\u0105 na wszystkie pytania dotycz\u0105ce widgetu. <\/p> <div class=\"faq\" data-component=\"FAQ\"><div class=\"faq-item\">\r\n\t\t\t\t\t<div class=\"faq-item-question\">\r\n\t\t\t\t\t\t<h3 class=\"faq-item-question-text\">W jaki spos\u00f3b mog\u0119 doda\u0107 Number Counter do mojej witryny Shopify bez umiej\u0119tno\u015bci kodowania?<\/h3>\r\n\r\n\t\t\t\t\t\t<div class=\"faq-item-question-icon\"><\/div>\r\n\t\t\t\t\t<\/div>\r\n\r\n\t\t\t\t\t<div class=\"faq-item-answer\">\r\n\t\t\t\t\t\t<div class=\"faq-item-answer-text\"> <p>Firma Elfsight zapewnia rozwi\u0105zanie w chmurze, kt\u00f3re umo\u017cliwia u\u017cytkownikom samodzielne utworzenie wtyczki Number Counter, sprawd\u017a prosty przewodnik: Rozpocznij prac\u0119 bezpo\u015brednio w edytorze online, aby utworzy\u0107 sekcj\u0119 licznika liczb, kt\u00f3r\u0105 chcesz zintegrowa\u0107 ze swoj\u0105 witryn\u0105 Shopify. Zdecyduj si\u0119 na jeden z naszych gotowych szablon\u00f3w i dostosuj ustawienia Licznika Liczb, zmie\u0144 uk\u0142ad i kolorystyk\u0119 oraz zaktualizuj swoj\u0105 tre\u015b\u0107 bez znajomo\u015bci kodowania. Kliknij, aby zapisa\u0107 ustawienia wprowadzone w Number Counter i uzyska\u0107 kod instalacyjny, kt\u00f3ry mo\u017cna po prostu osadzi\u0107 w witrynie Shopify, korzystaj\u0105c z bezp\u0142atnego planu. Dzi\u0119ki \u0142atwemu w obs\u0142udze konfiguratorowi ka\u017cdy u\u017cytkownik Internetu mo\u017ce skonfigurowa\u0107 wtyczk\u0119 Licznik Liczb online i osadzi\u0107 j\u0105 na stronie Shopify. Aby uzyska\u0107 dost\u0119p do naszego Edytora, nie powiniene\u015b wykupi\u0107 p\u0142atnej subskrypcji ani ujawnia\u0107 danych uwierzytelniaj\u0105cych swojej karty. Je\u015bli na kt\u00f3rymkolwiek etapie napotkasz jakiekolwiek problemy, nie wahaj si\u0119 skontaktowa\u0107 z naszym personelem pomocy technicznej.<\/p> <\/div>\r\n\t\t\t\t\t<\/div>\r\n\t\t\t\t<\/div> <\/div><\/div>","protected":false},"excerpt":{"rendered":"","protected":false},"author":9,"featured_media":0,"parent":2633,"menu_order":0,"comment_status":"closed","ping_status":"closed","template":"templates\/template-application-platform.php","meta":{"publish_to_discourse":"","publish_post_category":"","wpdc_auto_publish_overridden":"","wpdc_topic_tags":"","wpdc_pin_topic":"","wpdc_pin_until":"","discourse_post_id":"","discourse_permalink":"","wpdc_publishing_response":"","wpdc_publishing_error":"","footnotes":""},"class_list":["post-5709","page","type-page","status-publish","hentry"],"yoast_head":"<!-- This site is optimized with the Yoast SEO plugin v25.3.1 - https:\/\/yoast.com\/wordpress\/plugins\/seo\/ -->\n<title>Licznik liczb Elfsight dla witryn Shopify (bezp\u0142atny i \u0142atwy)<\/title>\n<meta name=\"description\" content=\"Dodaj licznik liczb na swojej stronie internetowej Shopify, korzystaj\u0105c z naszej przydatnej wersji demonstracyjnej. Stw\u00f3rz swoj\u0105 spersonalizowan\u0105 aplikacj\u0119 za pomoc\u0105 kilku klikni\u0119\u0107 i bez wysi\u0142ku!\" \/>\n<meta name=\"robots\" content=\"index, follow, max-snippet:-1, max-image-preview:large, max-video-preview:-1\" \/>\n<link rel=\"canonical\" href=\"https:\/\/elfsight.com\/pl\/number-counter-widget\/shopify\/\" \/>\n<meta property=\"og:locale\" content=\"pl_PL\" \/>\n<meta property=\"og:type\" content=\"article\" \/>\n<meta property=\"og:title\" content=\"Licznik liczb Elfsight dla witryn Shopify (bezp\u0142atny i \u0142atwy)\" \/>\n<meta property=\"og:description\" content=\"Dodaj licznik liczb na swojej stronie internetowej Shopify, korzystaj\u0105c z naszej przydatnej wersji demonstracyjnej. Stw\u00f3rz swoj\u0105 spersonalizowan\u0105 aplikacj\u0119 za pomoc\u0105 kilku klikni\u0119\u0107 i bez wysi\u0142ku!\" \/>\n<meta property=\"og:url\" content=\"https:\/\/elfsight.com\/pl\/number-counter-widget\/shopify\/\" \/>\n<meta property=\"og:site_name\" content=\"Elfsight PL\" \/>\n<meta property=\"article:modified_time\" content=\"2025-06-26T16:00:54+00:00\" \/>\n<meta name=\"twitter:card\" content=\"summary_large_image\" \/>\n<meta name=\"twitter:label1\" content=\"Szacowany czas czytania\" \/>\n\t<meta name=\"twitter:data1\" content=\"3 minuty\" \/>\n<!-- \/ Yoast SEO plugin. -->","yoast_head_json":{"title":"Licznik liczb Elfsight dla witryn Shopify (bezp\u0142atny i \u0142atwy)","description":"Dodaj licznik liczb na swojej stronie internetowej Shopify, korzystaj\u0105c z naszej przydatnej wersji demonstracyjnej. Stw\u00f3rz swoj\u0105 spersonalizowan\u0105 aplikacj\u0119 za pomoc\u0105 kilku klikni\u0119\u0107 i bez wysi\u0142ku!","robots":{"index":"index","follow":"follow","max-snippet":"max-snippet:-1","max-image-preview":"max-image-preview:large","max-video-preview":"max-video-preview:-1"},"canonical":"https:\/\/elfsight.com\/pl\/number-counter-widget\/shopify\/","og_locale":"pl_PL","og_type":"article","og_title":"Licznik liczb Elfsight dla witryn Shopify (bezp\u0142atny i \u0142atwy)","og_description":"Dodaj licznik liczb na swojej stronie internetowej Shopify, korzystaj\u0105c z naszej przydatnej wersji demonstracyjnej. Stw\u00f3rz swoj\u0105 spersonalizowan\u0105 aplikacj\u0119 za pomoc\u0105 kilku klikni\u0119\u0107 i bez wysi\u0142ku!","og_url":"https:\/\/elfsight.com\/pl\/number-counter-widget\/shopify\/","og_site_name":"Elfsight PL","article_modified_time":"2025-06-26T16:00:54+00:00","twitter_card":"summary_large_image","twitter_misc":{"Szacowany czas czytania":"3 minuty"},"schema":{"@context":"https:\/\/schema.org","@graph":[{"@type":"WebPage","@id":"https:\/\/elfsight.com\/pl\/number-counter-widget\/shopify\/","url":"https:\/\/elfsight.com\/pl\/number-counter-widget\/shopify\/","name":"Licznik liczb Elfsight dla witryn Shopify (bezp\u0142atny i \u0142atwy)","isPartOf":{"@id":"https:\/\/elfsight.com\/pl\/#website"},"datePublished":"2024-05-03T06:41:20+00:00","dateModified":"2025-06-26T16:00:54+00:00","description":"Dodaj licznik liczb na swojej stronie internetowej Shopify, korzystaj\u0105c z naszej przydatnej wersji demonstracyjnej. Stw\u00f3rz swoj\u0105 spersonalizowan\u0105 aplikacj\u0119 za pomoc\u0105 kilku klikni\u0119\u0107 i bez wysi\u0142ku!","breadcrumb":{"@id":"https:\/\/elfsight.com\/pl\/number-counter-widget\/shopify\/#breadcrumb"},"inLanguage":"pl-PL","potentialAction":[{"@type":"ReadAction","target":["https:\/\/elfsight.com\/pl\/number-counter-widget\/shopify\/"]}]},{"@type":"BreadcrumbList","@id":"https:\/\/elfsight.com\/pl\/number-counter-widget\/shopify\/#breadcrumb","itemListElement":[{"@type":"ListItem","position":1,"name":"Home","item":"https:\/\/elfsight.com\/pl\/"},{"@type":"ListItem","position":2,"name":"Number Counter","item":"https:\/\/elfsight.com\/pl\/number-counter-widget\/"},{"@type":"ListItem","position":3,"name":"Number Counter &#8211; Shopify"}]},{"@type":"WebSite","@id":"https:\/\/elfsight.com\/pl\/#website","url":"https:\/\/elfsight.com\/pl\/","name":"Elfsight PL","description":"Just another Elfsight Sites site","potentialAction":[{"@type":"SearchAction","target":{"@type":"EntryPoint","urlTemplate":"https:\/\/elfsight.com\/pl\/?s={search_term_string}"},"query-input":{"@type":"PropertyValueSpecification","valueRequired":true,"valueName":"search_term_string"}}],"inLanguage":"pl-PL"}]}},"meta_box":{"industry":"","seo_heading":"","heading":"","description":"","cta_heading":"","cta_description":"","application":"2632","h1":"Aplikacja Shopify Number Counter","h1_caption":"Pochwal si\u0119 kluczowymi statystykami i kamieniami milowymi za pomoc\u0105 animowanych licznik\u00f3w, aby bez wysi\u0142ku wyr\u00f3\u017cni\u0107 swoje osi\u0105gni\u0119cia w anga\u017cuj\u0105cy spos\u00f3b na swojej stronie internetowej Shopify.","application_category":[],"applications_title":"","applications_request_title":"","applications_request_button_text":"","hero_text":"","hero_video":"","hero_video_schema_markup":"","selling_points_title":"","selling_points_caption":"","selling_points":[],"selling_points_cta_text":"","features_title":"","features":"","ed_cta_examples_text":"","ed_cta_examples_hidden":"","ed_cta_demo_text":"","ed_cta_demo_hidden":"","why_caption":"","why_editor_title":"","why_editor_text":"","why_team_title":"","why_team_text":"","why_service_title":"","why_service_text":"","template_catalog_visible":"0","template_catalog_title":"","template_catalog_text":"","template_catalog_categories_visible":"","demo_title":"Utw\u00f3rz aplikacj\u0119 Licznik Liczb","demo_caption":"Skonfiguruj sw\u00f3j Licznik Liczb i dodaj go za darmo do swojej witryny Shopify!","default_faq_hidden":"","app_template_category":[],"platform":"7580","template_public_id":"","codecanyon_url":"","codecanyon_item_id":"","codecanyon_price":"","pricing_caption":"","pricing_elfsight_apps_hide_column":"","pricing_elfsight_apps_url":"","pricing_codecanyon_price_caption":"","integration_category":[],"integration_request_title":"","integration_request_cta":"","integration_platform":"","integrations":[],"platform_category":[],"video_schema_markup":"","price":"od 0 USD \/ miesi\u0105c","trial":"","benefits":[{"text":"Bezp\u0142atna us\u0142uga monta\u017cu"},{"text":"Wsparcie premium"},{"text":"14-dniowa gwarancja zwrotu pieni\u0119dzy"}],"button_url":"#demo","button_target_blank":"0","button_nofollow":"0","attributes":[{"name":"Instaluje"},{"name":"Czu\u0142y"},{"name":"Kompatybilne przegl\u0105darki"}],"tags":[],"tags_disable_links":"0","hide_more_platforms":"0","video_object":"","demo_hide_cta":"0","demo_hide_cloud_options":"0","pricing_title":"","pricing":[{"pricing_icon":"cloud","pricing_title":"Elfsight Apps","pricing_title_caption":"Wersja wieloplatformowa, kt\u00f3ra dzia\u0142a na ka\u017cdej stronie internetowej","pricing_price":"od 0 USD \/ miesi\u0105c","pricing_price_caption":"zacznij od bezp\u0142atnego planu","pricing_benefits":[{"text":"Nielimitowane strony internetowe"},{"text":"Wsparcie premium"},{"text":"Bezp\u0142atna us\u0142uga monta\u017cu"},{"text":"Oferta specjalna na wiele aplikacji"}],"pricing_button_text":"Dodaj do witryny","pricing_button_url":"#demo"}],"related_apps_title":"","related_apps_hidden":"0","author":"","image":[],"title":"","job":"","social_networks":[]},"_links":{"self":[{"href":"https:\/\/elfsight.com\/pl\/wp-json\/wp\/v2\/pages\/5709","targetHints":{"allow":["GET"]}}],"collection":[{"href":"https:\/\/elfsight.com\/pl\/wp-json\/wp\/v2\/pages"}],"about":[{"href":"https:\/\/elfsight.com\/pl\/wp-json\/wp\/v2\/types\/page"}],"author":[{"embeddable":true,"href":"https:\/\/elfsight.com\/pl\/wp-json\/wp\/v2\/users\/9"}],"replies":[{"embeddable":true,"href":"https:\/\/elfsight.com\/pl\/wp-json\/wp\/v2\/comments?post=5709"}],"version-history":[{"count":2,"href":"https:\/\/elfsight.com\/pl\/wp-json\/wp\/v2\/pages\/5709\/revisions"}],"predecessor-version":[{"id":7871,"href":"https:\/\/elfsight.com\/pl\/wp-json\/wp\/v2\/pages\/5709\/revisions\/7871"}],"up":[{"embeddable":true,"href":"https:\/\/elfsight.com\/pl\/wp-json\/wp\/v2\/pages\/2633"}],"wp:attachment":[{"href":"https:\/\/elfsight.com\/pl\/wp-json\/wp\/v2\/media?parent=5709"}],"curies":[{"name":"wp","href":"https:\/\/api.w.org\/{rel}","templated":true}]}}