{"id":5704,"date":"2024-05-03T06:41:19","date_gmt":"2024-05-03T06:41:19","guid":{"rendered":"https:\/\/elfsight.com\/pl\/?page_id=5704"},"modified":"2025-06-26T16:01:31","modified_gmt":"2025-06-26T16:01:31","slug":"squarespace","status":"publish","type":"page","link":"https:\/\/elfsight.com\/pl\/number-counter-widget\/squarespace\/","title":{"rendered":"Number Counter &#8211; Squarespace"},"content":{"rendered":"<div class=\"application-platform-content-item-description application-platform-content-item\" id=\"description\" data-nav-section=\"description\"> <h2>Osad\u017a licznik liczb w Squarespace za pomoc\u0105 wid\u017cetu Elfsight<\/h2> <p>Licznik liczb to przyjazna dla u\u017cytkownika wtyczka do Squarespace z szeroki wachlarz opcji. To \u015bwietne narz\u0119dzie do pochwalenia si\u0119 \u015bwietnymi wska\u017anikami biznesowymi, ilo\u015bci\u0105 wykonanych dotychczas prac i nie tylko. Widget jest niezwykle elastyczny. Mo\u017cesz konstruowa\u0107 nieograniczon\u0105 liczb\u0119 licznik\u00f3w, komponowa\u0107 je w kolumny, wybiera\u0107 ikony z naszej kolekcji lub przesy\u0142a\u0107 w\u0142asne, dostosowane, nadawa\u0107 im r\u00f3\u017cnorodne lub jednolite kolory, \u0142\u0105czy\u0107 tytu\u0142y, aby wyczy\u015bci\u0107 wy\u015bwietlane liczby, zmienia\u0107 kolor dowolnych element, wybierz obraz t\u0142a, a to nie wszystko. Po prostu zacznij ju\u017c teraz tworzy\u0107 swoj\u0105 wtyczk\u0119 i obserwuj, jak rosn\u0105 kluczowe statystyki biznesowe! <\/p> <p><b>Poka\u017c swoje wspania\u0142e osi\u0105gni\u0119cia przysz\u0142ym nabywcom. Zwi\u0119ksz liczb\u0119 udanych sprzeda\u017cy i potencjalnych klient\u00f3w! <\/b><\/p> <\/div> <div class=\"application-platform-content-item-features application-platform-content-item\" id=\"features\" data-nav-section=\"features\"> <h2>Poznaj list\u0119 najbardziej przydatnych funkcji: <\/h2> <ul><li>Dowolna ilo\u015b\u0107 licznik\u00f3w. <\/li><li>Dowolna ilo\u015b\u0107 kolumn. <\/li><li>Dodaj tytu\u0142y, nag\u0142\u00f3wki, przedrostki i postfiksy. <\/li><li>Wybierz format ikony \u2014 pobierz go z naszej biblioteki lub prze\u015blij w\u0142asny. <\/li><li>Dodaj linki. <\/li><\/ul><p><a href=\"#demo\">Wystarczy wypr\u00f3bowa\u0107 t\u0119 wersj\u0119 demonstracyjn\u0105, aby zobaczy\u0107, jak dzia\u0142a<\/a><\/p> <\/div> <div class=\"application-platform-content-item-installation application-platform-content-item\" id=\"installation\" data-nav-section=\"installation\"> <h2>Jak mog\u0119 doda\u0107 licznik liczb do mojej witryny Squarespace? <\/h2> <div class=\"video-container\"><iframe width=\"720\" height=\"405\" src=\"https:\/\/www.youtube.com\/embed\/MLtgwAXjnTA\" frameborder=\"0\" allowfullscreen=\"\"><\/iframe><\/div><p>Wystarczy wykona\u0107 kilka krok\u00f3w opisanych poni\u017cej, aby rozpocz\u0105\u0107 korzystanie z wtyczki. <\/p> <ol><li><b>Otw\u00f3rz nasz darmowy konfigurator i zacznij tworzy\u0107 w\u0142asn\u0105 wtyczk\u0119. <\/b><br> Okre\u015bl wybrany projekt i specyfikacje wtyczki i zastosuj zmiany. <\/li> <li><b>Uzyskaj sw\u00f3j unikalny kod widoczny w polu w aplikacjach Elfsight. <\/b><br> Zaraz po zako\u0144czeniu konfiguracji narz\u0119dzia skopiuj indywidualny kod z wyskakuj\u0105cego okienka i zapisz go na p\u00f3\u017aniej. <\/li> <li><b>Rozpocznij korzystanie z wid\u017cetu na stronie g\u0142\u00f3wnej Squarespace. <\/b><br> Zaimplementuj skopiowany ostatnio kod na swojej stronie i zapisz poprawki. <\/li> <li><b>Instalacja zosta\u0142a pomy\u015blnie przeprowadzona. <\/b><br> Przejd\u017a na swoj\u0105 stron\u0119 internetow\u0105 i sprawd\u017a, jak dzia\u0142a wtyczka. <\/li><\/ol> <p>Je\u015bli masz do czynienia z zapytaniami lub napotykasz jakiekolwiek przeszkody, bez wahania z\u0142\u00f3\u017c wniosek do naszego personelu obs\u0142ugi klienta. Nasi specjali\u015bci ch\u0119tnie odpowiedz\u0105 na wszystkie pytania dotycz\u0105ce widgetu. <\/p> <div class=\"faq\" data-component=\"FAQ\"><div class=\"faq-item\">\r\n\t\t\t\t\t<div class=\"faq-item-question\">\r\n\t\t\t\t\t\t<h3 class=\"faq-item-question-text\">Jak doda\u0107 licznik liczb do strony Squarespace?<\/h3>\r\n\r\n\t\t\t\t\t\t<div class=\"faq-item-question-icon\"><\/div>\r\n\t\t\t\t\t<\/div>\r\n\r\n\t\t\t\t\t<div class=\"faq-item-answer\">\r\n\t\t\t\t\t\t<div class=\"faq-item-answer-text\"><p>Dodanie wtyczki licznika liczb do witryny zajmuje tylko oko\u0142o pare chwil. Ponadto nie musisz posiada\u0107 \u017cadnej umiej\u0119tno\u015bci programowania. <\/p><ol><li>Dostosuj wtyczk\u0119 dla Squarespace w darmowym konfiguratorze. <\/li> <li>Uzyskaj sw\u00f3j indywidualny kod instalacyjny. <\/li> <li>Osad\u017a kod w wymaganym bloku na stronie internetowej. <\/li> <li>To wszystko! Konfiguracja animowanej wtyczki licznika liczb w Squarespace zosta\u0142a zako\u0144czona! <\/li><\/ol><p>Masz problemy z instalacj\u0105 wtyczki do Squarespace lub jej formatowaniem? Mo\u017cesz zapozna\u0107 si\u0119 z pe\u0142nym przewodnikiem <a href=\"https:\/\/elfsight.com\/tutorials\/how-to-add-number-counter-to-website\/#how-to-add-number-counter-to-squarespace\">na tej stronie<\/a>. <\/p><\/div>\r\n\t\t\t\t\t<\/div>\r\n\t\t\t\t<\/div><div class=\"faq-item\">\r\n\t\t\t\t\t<div class=\"faq-item-question\">\r\n\t\t\t\t\t\t<h3 class=\"faq-item-question-text\">Najlepsze przyk\u0142ady wykorzystania integracji licznika online<\/h3>\r\n\r\n\t\t\t\t\t\t<div class=\"faq-item-question-icon\"><\/div>\r\n\t\t\t\t\t<\/div>\r\n\r\n\t\t\t\t\t<div class=\"faq-item-answer\">\r\n\t\t\t\t\t\t<div class=\"faq-item-answer-text\"><p>Zapewnimy mn\u00f3stwo opcji personalizacji: pe\u0142nowymiarowe wid\u017cety do dodawania do obszar zawarto\u015bci, p\u0142ywaj\u0105ce wid\u017cety z funkcj\u0105 przewijania, uk\u0142ady stopki Twojej witryny, sekcja nag\u0142\u00f3wka i wszelkiego rodzaju pionowe mo\u017cliwo\u015bci pask\u00f3w bocznych i menu. <\/p><\/div>\r\n\t\t\t\t\t<\/div>\r\n\t\t\t\t<\/div><div class=\"faq-item\">\r\n\t\t\t\t\t<div class=\"faq-item-question\">\r\n\t\t\t\t\t\t<h3 class=\"faq-item-question-text\">Czy za pomoc\u0105 edytora mog\u0119 utworzy\u0107 licznik satysfakcji klienta lub pobra\u0144?<\/h3>\r\n\r\n\t\t\t\t\t\t<div class=\"faq-item-question-icon\"><\/div>\r\n\t\t\t\t\t<\/div>\r\n\r\n\t\t\t\t\t<div class=\"faq-item-answer\">\r\n\t\t\t\t\t\t<div class=\"faq-item-answer-text\"><p>Mo\u017cesz zbudowa\u0107 dowolne modyfikacje wid\u017cetu. W edytorze dost\u0119pnych jest mn\u00f3stwo uk\u0142ad\u00f3w, a ka\u017cdy z nich mo\u017cna \u0142atwo spersonalizowa\u0107 wed\u0142ug w\u0142asnych upodoba\u0144. <\/p><\/div>\r\n\t\t\t\t\t<\/div>\r\n\t\t\t\t<\/div><div class=\"faq-item\">\r\n\t\t\t\t\t<div class=\"faq-item-question\">\r\n\t\t\t\t\t\t<h3 class=\"faq-item-question-text\">Czy jest szansa zobaczy\u0107, jak widget b\u0119dzie wygl\u0105da\u0142 na stronie internetowej?<\/h3>\r\n\r\n\t\t\t\t\t\t<div class=\"faq-item-question-icon\"><\/div>\r\n\t\t\t\t\t<\/div>\r\n\r\n\t\t\t\t\t<div class=\"faq-item-answer\">\r\n\t\t\t\t\t\t<div class=\"faq-item-answer-text\"><p>Absolutnie! Podczas tworzenia wtyczki licznika Squarespace w <a href=\"https:\/\/elfsight.com\/number-counter-widget\/#demo\">darmowym kreatorze na \u017cywo<\/a> uwzgl\u0119dnisz wszystkie zmiany prawo. Licznik liczb b\u0119dzie identyczny z tym, kt\u00f3ry b\u0119dziesz mie\u0107 w witrynie Squarespace. <\/p><\/div>\r\n\t\t\t\t\t<\/div>\r\n\t\t\t\t<\/div><div class=\"faq-item\">\r\n\t\t\t\t\t<div class=\"faq-item-question\">\r\n\t\t\t\t\t\t<h3 class=\"faq-item-question-text\">Jakie inne wid\u017cety s\u0105 niezb\u0119dne w witrynie Squarespace?<\/h3>\r\n\r\n\t\t\t\t\t\t<div class=\"faq-item-question-icon\"><\/div>\r\n\t\t\t\t\t<\/div>\r\n\r\n\t\t\t\t\t<div class=\"faq-item-answer\">\r\n\t\t\t\t\t\t<div class=\"faq-item-answer-text\"><p>Squarespace jest praktyczny dla w\u0142a\u015bcicieli blog\u00f3w. Je\u015bli pewnego dnia zdecydujesz si\u0119 poszerzy\u0107 funkcjonalno\u015b\u0107 swojej witryny Squarespace, zawsze mo\u017cesz skorzysta\u0107 z wid\u017cet\u00f3w Elfsight.<\/p><p><\/p>Na przyk\u0142ad mamy <a href=\"https:\/\/elfsight. com\/qr-code-widget\/squarespace\/\">Kod QR<\/a> dla tych, kt\u00f3rzy chc\u0105 umie\u015bci\u0107 rozszerzone informacje na swojej stronie internetowej w kr\u00f3tkiej formie, <a href=\"https:\/\/elfsight.com\/google-reviews- widget\/squarespace\/\">Recenzje Google<\/a> \u2013 do dzielenia si\u0119 \u015bwietnymi ocenami, <a href=\"https:\/\/elfsight.com\/whatsapp-chat-widget\/squarespace\/\">Czat WhatsApp<\/a> \u2013 do \u0142atwego komunikacja poprzez WhatsApp. Mo\u017cesz skorzysta\u0107 z <a href=\"https:\/\/elfsight.com\/event-calendar-widget\/squarespace\/\">Kalendarza wydarze\u0144<\/a> i <a href=\"https:\/\/elfsight.com\/countdown-timer -widget\/squarespace\/\">Licznik czasu<\/a> i udost\u0119pniaj szczeg\u00f3\u0142owe informacje o nadchodz\u0105cych wydarzeniach.<p><\/p><\/div>\r\n\t\t\t\t\t<\/div>\r\n\t\t\t\t<\/div><\/div><\/div><!-- \/wp:html - &gt; \/wp:html -->","protected":false},"excerpt":{"rendered":"","protected":false},"author":9,"featured_media":0,"parent":2633,"menu_order":0,"comment_status":"closed","ping_status":"closed","template":"templates\/template-application-platform.php","meta":{"publish_to_discourse":"","publish_post_category":"","wpdc_auto_publish_overridden":"","wpdc_topic_tags":"","wpdc_pin_topic":"","wpdc_pin_until":"","discourse_post_id":"","discourse_permalink":"","wpdc_publishing_response":"","wpdc_publishing_error":"","footnotes":""},"class_list":["post-5704","page","type-page","status-publish","hentry"],"yoast_head":"<!-- This site is optimized with the Yoast SEO plugin v25.3.1 - https:\/\/yoast.com\/wordpress\/plugins\/seo\/ -->\n<title>Licznik liczb Elfsight dla witryn Squarespace (bezp\u0142atny i \u0142atwy)<\/title>\n<meta name=\"description\" content=\"Zintegruj licznik liczb ze swoj\u0105 witryn\u0105 Squarespace, korzystaj\u0105c z naszej wersji demonstracyjnej na \u017cywo. Skonstruuj swoj\u0105 niestandardow\u0105 funkcj\u0119 za pomoc\u0105 kilku klikni\u0119\u0107 i bez wysi\u0142ku!\" \/>\n<meta name=\"robots\" content=\"index, follow, max-snippet:-1, max-image-preview:large, max-video-preview:-1\" \/>\n<link rel=\"canonical\" href=\"https:\/\/elfsight.com\/pl\/number-counter-widget\/squarespace\/\" \/>\n<meta property=\"og:locale\" content=\"pl_PL\" \/>\n<meta property=\"og:type\" content=\"article\" \/>\n<meta property=\"og:title\" content=\"Licznik liczb Elfsight dla witryn Squarespace (bezp\u0142atny i \u0142atwy)\" \/>\n<meta property=\"og:description\" content=\"Zintegruj licznik liczb ze swoj\u0105 witryn\u0105 Squarespace, korzystaj\u0105c z naszej wersji demonstracyjnej na \u017cywo. Skonstruuj swoj\u0105 niestandardow\u0105 funkcj\u0119 za pomoc\u0105 kilku klikni\u0119\u0107 i bez wysi\u0142ku!\" \/>\n<meta property=\"og:url\" content=\"https:\/\/elfsight.com\/pl\/number-counter-widget\/squarespace\/\" \/>\n<meta property=\"og:site_name\" content=\"Elfsight PL\" \/>\n<meta property=\"article:modified_time\" content=\"2025-06-26T16:01:31+00:00\" \/>\n<meta name=\"twitter:card\" content=\"summary_large_image\" \/>\n<meta name=\"twitter:label1\" content=\"Szacowany czas czytania\" \/>\n\t<meta name=\"twitter:data1\" content=\"4 minuty\" \/>\n<!-- \/ Yoast SEO plugin. -->","yoast_head_json":{"title":"Licznik liczb Elfsight dla witryn Squarespace (bezp\u0142atny i \u0142atwy)","description":"Zintegruj licznik liczb ze swoj\u0105 witryn\u0105 Squarespace, korzystaj\u0105c z naszej wersji demonstracyjnej na \u017cywo. Skonstruuj swoj\u0105 niestandardow\u0105 funkcj\u0119 za pomoc\u0105 kilku klikni\u0119\u0107 i bez wysi\u0142ku!","robots":{"index":"index","follow":"follow","max-snippet":"max-snippet:-1","max-image-preview":"max-image-preview:large","max-video-preview":"max-video-preview:-1"},"canonical":"https:\/\/elfsight.com\/pl\/number-counter-widget\/squarespace\/","og_locale":"pl_PL","og_type":"article","og_title":"Licznik liczb Elfsight dla witryn Squarespace (bezp\u0142atny i \u0142atwy)","og_description":"Zintegruj licznik liczb ze swoj\u0105 witryn\u0105 Squarespace, korzystaj\u0105c z naszej wersji demonstracyjnej na \u017cywo. Skonstruuj swoj\u0105 niestandardow\u0105 funkcj\u0119 za pomoc\u0105 kilku klikni\u0119\u0107 i bez wysi\u0142ku!","og_url":"https:\/\/elfsight.com\/pl\/number-counter-widget\/squarespace\/","og_site_name":"Elfsight PL","article_modified_time":"2025-06-26T16:01:31+00:00","twitter_card":"summary_large_image","twitter_misc":{"Szacowany czas czytania":"4 minuty"},"schema":{"@context":"https:\/\/schema.org","@graph":[{"@type":"WebPage","@id":"https:\/\/elfsight.com\/pl\/number-counter-widget\/squarespace\/","url":"https:\/\/elfsight.com\/pl\/number-counter-widget\/squarespace\/","name":"Licznik liczb Elfsight dla witryn Squarespace (bezp\u0142atny i \u0142atwy)","isPartOf":{"@id":"https:\/\/elfsight.com\/pl\/#website"},"datePublished":"2024-05-03T06:41:19+00:00","dateModified":"2025-06-26T16:01:31+00:00","description":"Zintegruj licznik liczb ze swoj\u0105 witryn\u0105 Squarespace, korzystaj\u0105c z naszej wersji demonstracyjnej na \u017cywo. Skonstruuj swoj\u0105 niestandardow\u0105 funkcj\u0119 za pomoc\u0105 kilku klikni\u0119\u0107 i bez wysi\u0142ku!","breadcrumb":{"@id":"https:\/\/elfsight.com\/pl\/number-counter-widget\/squarespace\/#breadcrumb"},"inLanguage":"pl-PL","potentialAction":[{"@type":"ReadAction","target":["https:\/\/elfsight.com\/pl\/number-counter-widget\/squarespace\/"]}]},{"@type":"BreadcrumbList","@id":"https:\/\/elfsight.com\/pl\/number-counter-widget\/squarespace\/#breadcrumb","itemListElement":[{"@type":"ListItem","position":1,"name":"Home","item":"https:\/\/elfsight.com\/pl\/"},{"@type":"ListItem","position":2,"name":"Number Counter","item":"https:\/\/elfsight.com\/pl\/number-counter-widget\/"},{"@type":"ListItem","position":3,"name":"Number Counter &#8211; Squarespace"}]},{"@type":"WebSite","@id":"https:\/\/elfsight.com\/pl\/#website","url":"https:\/\/elfsight.com\/pl\/","name":"Elfsight PL","description":"Just another Elfsight Sites site","potentialAction":[{"@type":"SearchAction","target":{"@type":"EntryPoint","urlTemplate":"https:\/\/elfsight.com\/pl\/?s={search_term_string}"},"query-input":{"@type":"PropertyValueSpecification","valueRequired":true,"valueName":"search_term_string"}}],"inLanguage":"pl-PL"}]}},"meta_box":{"industry":"","seo_heading":"","heading":"","description":"","cta_heading":"","cta_description":"","application":"2632","h1":"Wtyczka licznika liczb Squarespace","h1_caption":"Pochwal si\u0119 kluczowymi statystykami i kamieniami milowymi za pomoc\u0105 animowanych licznik\u00f3w, aby bez wysi\u0142ku podkre\u015bli\u0107 swoje osi\u0105gni\u0119cia w anga\u017cuj\u0105cy spos\u00f3b na swojej stronie internetowej Squarespace.","application_category":[],"applications_title":"","applications_request_title":"","applications_request_button_text":"","hero_text":"","hero_video":"","hero_video_schema_markup":"","selling_points_title":"","selling_points_caption":"","selling_points":[],"selling_points_cta_text":"","features_title":"","features":"","ed_cta_examples_text":"","ed_cta_examples_hidden":"","ed_cta_demo_text":"","ed_cta_demo_hidden":"","why_caption":"","why_editor_title":"","why_editor_text":"","why_team_title":"","why_team_text":"","why_service_title":"","why_service_text":"","template_catalog_visible":"0","template_catalog_title":"","template_catalog_text":"","template_catalog_categories_visible":"","demo_title":"Utw\u00f3rz wtyczk\u0119 Licznik Liczb","demo_caption":"Skonfiguruj sw\u00f3j licznik liczb i dodaj go za darmo do swojej witryny Squarespace!","default_faq_hidden":"","app_template_category":[],"platform":"7588","template_public_id":"","codecanyon_url":"","codecanyon_item_id":"","codecanyon_price":"","pricing_caption":"","pricing_elfsight_apps_hide_column":"","pricing_elfsight_apps_url":"","pricing_codecanyon_price_caption":"","integration_category":[],"integration_request_title":"","integration_request_cta":"","integration_platform":"","integrations":[],"platform_category":[],"video_schema_markup":"","price":"od 0 USD \/ miesi\u0105c","trial":"","benefits":[{"text":"Bezp\u0142atna pomoc w instalacji"},{"text":"Wyj\u0105tkowe wsparcie"},{"text":"14-dniowa gwarancja zwrotu pieni\u0119dzy"}],"button_url":"#demo","button_target_blank":"0","button_nofollow":"0","attributes":[{"name":"Instaluje"},{"name":"Czu\u0142y"},{"name":"Kompatybilne przegl\u0105darki"}],"tags":[],"tags_disable_links":"0","hide_more_platforms":"0","video_object":"","demo_hide_cta":"0","demo_hide_cloud_options":"0","pricing_title":"","pricing":[{"pricing_icon":"platform","pricing_title":"Elfsight Apps","pricing_title_caption":"Rozwi\u0105zanie wieloplatformowe","pricing_price":"od 0 USD \/ miesi\u0105c","pricing_price_caption":"zacznij od bezp\u0142atnego planu","pricing_benefits":[{"text":"Nielimitowane domeny"},{"text":"Szybka i terminowa pomoc oraz dobrze udokumentowana"},{"text":"Bezp\u0142atna pomoc w instalacji"},{"text":"Elastyczny projekt"}],"pricing_button_text":"Dodaj do witryny","pricing_button_url":"#demo"}],"related_apps_title":"","related_apps_hidden":"0","author":"","image":[],"title":"","job":"","social_networks":[]},"_links":{"self":[{"href":"https:\/\/elfsight.com\/pl\/wp-json\/wp\/v2\/pages\/5704","targetHints":{"allow":["GET"]}}],"collection":[{"href":"https:\/\/elfsight.com\/pl\/wp-json\/wp\/v2\/pages"}],"about":[{"href":"https:\/\/elfsight.com\/pl\/wp-json\/wp\/v2\/types\/page"}],"author":[{"embeddable":true,"href":"https:\/\/elfsight.com\/pl\/wp-json\/wp\/v2\/users\/9"}],"replies":[{"embeddable":true,"href":"https:\/\/elfsight.com\/pl\/wp-json\/wp\/v2\/comments?post=5704"}],"version-history":[{"count":2,"href":"https:\/\/elfsight.com\/pl\/wp-json\/wp\/v2\/pages\/5704\/revisions"}],"predecessor-version":[{"id":7870,"href":"https:\/\/elfsight.com\/pl\/wp-json\/wp\/v2\/pages\/5704\/revisions\/7870"}],"up":[{"embeddable":true,"href":"https:\/\/elfsight.com\/pl\/wp-json\/wp\/v2\/pages\/2633"}],"wp:attachment":[{"href":"https:\/\/elfsight.com\/pl\/wp-json\/wp\/v2\/media?parent=5704"}],"curies":[{"name":"wp","href":"https:\/\/api.w.org\/{rel}","templated":true}]}}