{"id":5703,"date":"2024-05-03T06:41:18","date_gmt":"2024-05-03T06:41:18","guid":{"rendered":"https:\/\/elfsight.com\/pl\/?page_id=5703"},"modified":"2025-12-18T14:35:57","modified_gmt":"2025-12-18T14:35:57","slug":"webflow","status":"publish","type":"page","link":"https:\/\/elfsight.com\/pl\/number-counter-widget\/webflow\/","title":{"rendered":"Number Counter &#8211; Webflow"},"content":{"rendered":"<div class=\"application-platform-content-item-description application-platform-content-item\" id=\"description\" data-nav-section=\"description\"> <h2>Osad\u017a licznik liczb w Webflow za pomoc\u0105 wid\u017cetu Elfsight<\/h2> <p>Elfsight Number Counter to zarz\u0105dzalny widget dla Webflow z wieloma opcjami do wybrania z. Jest to \u015bwietna funkcja umo\u017cliwiaj\u0105ca pokazanie doskona\u0142ych statystyk biznesowych, liczby wykonanych prac i wielu innych informacji. Narz\u0119dzie jest wyj\u0105tkowo konfigurowalne. Mo\u017cesz konstruowa\u0107 dowoln\u0105 liczb\u0119 licznik\u00f3w, organizowa\u0107 je w kolumny, wybiera\u0107 ikony z naszej biblioteki lub przesy\u0142a\u0107 w\u0142asne, dostosowane, nadawa\u0107 im kolor lub monochromatyczno\u015b\u0107, do\u0142\u0105cza\u0107 podpisy, aby zapewni\u0107 odbiorcom \u0142atwo zrozumia\u0142e informacje, przemalowywa\u0107 dowoln\u0105 funkcj\u0119, wybiera\u0107 obraz w tle, ale to nie wszystko. Zacznij kszta\u0142towa\u0107 sw\u00f3j widget ju\u017c teraz i zobacz, jak szybko rosn\u0105 Twoje najwa\u017cniejsze statystyki biznesowe! <\/p> <p><b>Pochwal si\u0119 potencjalnym nabywcom swoimi imponuj\u0105cymi osi\u0105gni\u0119ciami. Zdob\u0105d\u017a wi\u0119cej udanych ofert i potencjalnych klient\u00f3w! <\/b><\/p> <\/div> <div class=\"application-platform-content-item-features application-platform-content-item\" id=\"features\" data-nav-section=\"features\"> <h2>Podstawowe funkcje widgetu obejmuj\u0105<\/h2> <ul><li>Dowoln\u0105 ilo\u015b\u0107 licznik\u00f3w. <\/li><li>Dowolna liczba kolumn. <\/li><li>Do\u0142\u0105cz podpisy, nag\u0142\u00f3wki, przedrostki i postfiksy. <\/li><li>Wybierz kategori\u0119 ikony \u2014 wybierz j\u0105 z naszej kolekcji lub prze\u015blij w\u0142asn\u0105. <\/li><li>Dodaj linki. <\/li><\/ul><p><a href=\"#demo\">Mo\u017cesz sprawdzi\u0107, czy wid\u017cet oferuje wypr\u00f3bowanie wersji demonstracyjnej<\/a><\/p> <\/div> <div class=\"application-platform-content-item-installation application-platform-content-item\" id=\"installation\" data-nav-section=\"installation\"> <h2>Jak mog\u0119 osadzi\u0107 licznik liczb na mojej stronie internetowej Webflow? <\/h2><div class=\"video-container\">\n<iframe width=\"720\" height=\"405\" src=\"https:\/\/www.youtube.com\/embed\/yzKOAr_F2Nc?si=zA66qyR_z7m3Shyv\" frameborder=\"0\" allowfullscreen=\"\"><\/iframe>\n<\/div><p>Wystarczy zastosowa\u0107 si\u0119 do poni\u017cszych instrukcji, aby aktywowa\u0107 wtyczk\u0119. <\/p> <ol><li><b>Skorzystaj z naszego bezp\u0142atnego edytora i zacznij kszta\u0142towa\u0107 sw\u00f3j niestandardowy instrument. <\/b><br> Znajd\u017a preferowan\u0105 form\u0119 i charakterystyk\u0119 narz\u0119dzia i zapisz poprawki. <\/li> <li><b>Zdob\u0105d\u017a sw\u00f3j unikalny kod, kt\u00f3ry pojawi si\u0119 w oknie aplikacji Elfsight. <\/b><br> Zaraz po utworzeniu wtyczki skopiuj kod osobisty w wy\u015bwietlonym oknie i zapisz go do dalszego wykorzystania. <\/li> <li><b>Rozpocznij korzystanie z narz\u0119dzia na stronie Webflow. <\/b><br> Dodaj ostatnio zapisany kod do swojej strony g\u0142\u00f3wnej i zastosuj zmiany. <\/li> <li><b>Gotowe! Integracja zosta\u0142a w pe\u0142ni uko\u0144czona. <\/b><br> Wejd\u017a na swoj\u0105 stron\u0119 i sprawd\u017a dzia\u0142anie narz\u0119dzia. <\/li><\/ol> <p>Je\u015bli masz do czynienia z zapytaniami lub napotykasz przeszkody, skontaktuj si\u0119 z naszym personelem pomocniczym. Nasi konsultanci ch\u0119tnie rozwi\u0105\u017c\u0105 wszelkie problemy, jakie mo\u017cesz mie\u0107 z widgetem. <\/p> <div class=\"faq\" data-component=\"FAQ\"><div class=\"faq-item\">\r\n\t\t\t\t\t<div class=\"faq-item-question\">\r\n\t\t\t\t\t\t<h3 class=\"faq-item-question-text\">W jaki spos\u00f3b mog\u0119 doda\u0107 Licznik Liczb do mojej strony g\u0142\u00f3wnej Webflow bez do\u015bwiadczenia w kodowaniu?<\/h3>\r\n\r\n\t\t\t\t\t\t<div class=\"faq-item-question-icon\"><\/div>\r\n\t\t\t\t\t<\/div>\r\n\r\n\t\t\t\t\t<div class=\"faq-item-answer\">\r\n\t\t\t\t\t\t<div class=\"faq-item-answer-text\"> <p>Firma Elfsight zapewnia rozwi\u0105zanie SaaS, kt\u00f3re pozwala ludziom samodzielnie skonfigurowa\u0107 wid\u017cet Licznik Liczb, zobacz nieskomplikowane instrukcje: Zacznij od razu w wersji demonstracyjnej na \u017cywo, aby utworzy\u0107 wid\u017cet Licznik liczb, kt\u00f3ry chcesz umie\u015bci\u0107 na swojej stronie g\u0142\u00f3wnej Webflow. Kliknij jeden z wielu gotowych szablon\u00f3w i zmodyfikuj ustawienia licznika liczb, do\u0142\u0105cz swoj\u0105 tre\u015b\u0107, zmie\u0144 uk\u0142ad i schemat kolor\u00f3w bez znajomo\u015bci kodowania. Zapisz Licznik Liczb i uzyskaj kod do osadzenia, kt\u00f3ry mo\u017cesz bezp\u0142atnie umie\u015bci\u0107 na swojej stronie Webflow. Za pomoc\u0105 prostego edytora ka\u017cdy u\u017cytkownik sieci mo\u017ce utworzy\u0107 sekcj\u0119 licznika liczb i \u0142atwo osadzi\u0107 j\u0105 w witrynie Webflow. Aby wej\u015b\u0107 do naszego Edytora nie jest konieczne wykupienie p\u0142atnej subskrypcji ani ujawnianie danych karty. Je\u015bli napotkasz jakiekolwiek przeszkody, nie wahaj si\u0119 skontaktowa\u0107 z naszym dzia\u0142em obs\u0142ugi klienta.<\/p> <\/div>\r\n\t\t\t\t\t<\/div>\r\n\t\t\t\t<\/div> <\/div><\/div>","protected":false},"excerpt":{"rendered":"","protected":false},"author":9,"featured_media":0,"parent":2633,"menu_order":0,"comment_status":"closed","ping_status":"closed","template":"templates\/template-application-platform.php","meta":{"publish_to_discourse":"","publish_post_category":"","wpdc_auto_publish_overridden":"","wpdc_topic_tags":"","wpdc_pin_topic":"","wpdc_pin_until":"","discourse_post_id":"","discourse_permalink":"","wpdc_publishing_response":"","wpdc_publishing_error":"","footnotes":""},"class_list":["post-5703","page","type-page","status-publish","hentry"],"yoast_head":"<!-- This site is optimized with the Yoast SEO plugin v25.3.1 - https:\/\/yoast.com\/wordpress\/plugins\/seo\/ -->\n<title>Licznik liczb \u2014 dodaj wtyczk\u0119 Licznik do Webflow (bezp\u0142atnie i szybko)<\/title>\n<meta name=\"description\" content=\"Wypr\u00f3buj licznik liczb na swojej stronie internetowej Webflow, korzystaj\u0105c z naszej wersji demonstracyjnej na \u017cywo. Skonstruuj sw\u00f3j spersonalizowany widget za pomoc\u0105 kilku klikni\u0119\u0107 i bez wysi\u0142ku!\" \/>\n<meta name=\"robots\" content=\"index, follow, max-snippet:-1, max-image-preview:large, max-video-preview:-1\" \/>\n<link rel=\"canonical\" href=\"https:\/\/elfsight.com\/pl\/number-counter-widget\/webflow\/\" \/>\n<meta property=\"og:locale\" content=\"pl_PL\" \/>\n<meta property=\"og:type\" content=\"article\" \/>\n<meta property=\"og:title\" content=\"Licznik liczb \u2014 dodaj wtyczk\u0119 Licznik do Webflow (bezp\u0142atnie i szybko)\" \/>\n<meta property=\"og:description\" content=\"Wypr\u00f3buj licznik liczb na swojej stronie internetowej Webflow, korzystaj\u0105c z naszej wersji demonstracyjnej na \u017cywo. Skonstruuj sw\u00f3j spersonalizowany widget za pomoc\u0105 kilku klikni\u0119\u0107 i bez wysi\u0142ku!\" \/>\n<meta property=\"og:url\" content=\"https:\/\/elfsight.com\/pl\/number-counter-widget\/webflow\/\" \/>\n<meta property=\"og:site_name\" content=\"Elfsight PL\" \/>\n<meta property=\"article:modified_time\" content=\"2025-12-18T14:35:57+00:00\" \/>\n<meta name=\"twitter:card\" content=\"summary_large_image\" \/>\n<meta name=\"twitter:label1\" content=\"Szacowany czas czytania\" \/>\n\t<meta name=\"twitter:data1\" content=\"3 minuty\" \/>\n<!-- \/ Yoast SEO plugin. -->","yoast_head_json":{"title":"Licznik liczb \u2014 dodaj wtyczk\u0119 Licznik do Webflow (bezp\u0142atnie i szybko)","description":"Wypr\u00f3buj licznik liczb na swojej stronie internetowej Webflow, korzystaj\u0105c z naszej wersji demonstracyjnej na \u017cywo. Skonstruuj sw\u00f3j spersonalizowany widget za pomoc\u0105 kilku klikni\u0119\u0107 i bez wysi\u0142ku!","robots":{"index":"index","follow":"follow","max-snippet":"max-snippet:-1","max-image-preview":"max-image-preview:large","max-video-preview":"max-video-preview:-1"},"canonical":"https:\/\/elfsight.com\/pl\/number-counter-widget\/webflow\/","og_locale":"pl_PL","og_type":"article","og_title":"Licznik liczb \u2014 dodaj wtyczk\u0119 Licznik do Webflow (bezp\u0142atnie i szybko)","og_description":"Wypr\u00f3buj licznik liczb na swojej stronie internetowej Webflow, korzystaj\u0105c z naszej wersji demonstracyjnej na \u017cywo. Skonstruuj sw\u00f3j spersonalizowany widget za pomoc\u0105 kilku klikni\u0119\u0107 i bez wysi\u0142ku!","og_url":"https:\/\/elfsight.com\/pl\/number-counter-widget\/webflow\/","og_site_name":"Elfsight PL","article_modified_time":"2025-12-18T14:35:57+00:00","twitter_card":"summary_large_image","twitter_misc":{"Szacowany czas czytania":"3 minuty"},"schema":{"@context":"https:\/\/schema.org","@graph":[{"@type":"WebPage","@id":"https:\/\/elfsight.com\/pl\/number-counter-widget\/webflow\/","url":"https:\/\/elfsight.com\/pl\/number-counter-widget\/webflow\/","name":"Licznik liczb \u2014 dodaj wtyczk\u0119 Licznik do Webflow (bezp\u0142atnie i szybko)","isPartOf":{"@id":"https:\/\/elfsight.com\/pl\/#website"},"datePublished":"2024-05-03T06:41:18+00:00","dateModified":"2025-12-18T14:35:57+00:00","description":"Wypr\u00f3buj licznik liczb na swojej stronie internetowej Webflow, korzystaj\u0105c z naszej wersji demonstracyjnej na \u017cywo. Skonstruuj sw\u00f3j spersonalizowany widget za pomoc\u0105 kilku klikni\u0119\u0107 i bez wysi\u0142ku!","breadcrumb":{"@id":"https:\/\/elfsight.com\/pl\/number-counter-widget\/webflow\/#breadcrumb"},"inLanguage":"pl-PL","potentialAction":[{"@type":"ReadAction","target":["https:\/\/elfsight.com\/pl\/number-counter-widget\/webflow\/"]}]},{"@type":"BreadcrumbList","@id":"https:\/\/elfsight.com\/pl\/number-counter-widget\/webflow\/#breadcrumb","itemListElement":[{"@type":"ListItem","position":1,"name":"Home","item":"https:\/\/elfsight.com\/pl\/"},{"@type":"ListItem","position":2,"name":"Number Counter","item":"https:\/\/elfsight.com\/pl\/number-counter-widget\/"},{"@type":"ListItem","position":3,"name":"Number Counter &#8211; Webflow"}]},{"@type":"WebSite","@id":"https:\/\/elfsight.com\/pl\/#website","url":"https:\/\/elfsight.com\/pl\/","name":"Elfsight PL","description":"Just another Elfsight Sites site","potentialAction":[{"@type":"SearchAction","target":{"@type":"EntryPoint","urlTemplate":"https:\/\/elfsight.com\/pl\/?s={search_term_string}"},"query-input":{"@type":"PropertyValueSpecification","valueRequired":true,"valueName":"search_term_string"}}],"inLanguage":"pl-PL"}]}},"meta_box":{"industry":"","seo_heading":"","heading":"","description":"","cta_heading":"","cta_description":"","application":"2632","h1":"Wid\u017cet licznika numer\u00f3w przep\u0142ywu sieci Web","h1_caption":"Pochwal si\u0119 kluczowymi statystykami i kamieniami milowymi za pomoc\u0105 animowanych licznik\u00f3w, aby bez wysi\u0142ku podkre\u015bli\u0107 swoje osi\u0105gni\u0119cia w anga\u017cuj\u0105cy spos\u00f3b na swojej stronie internetowej Webflow.","application_category":[],"applications_title":"","applications_request_title":"","applications_request_button_text":"","hero_text":"","hero_video":"","hero_video_schema_markup":"","selling_points_title":"","selling_points_caption":"","selling_points":[],"selling_points_cta_text":"","features_title":"","features":"","ed_cta_examples_text":"","ed_cta_examples_hidden":"","ed_cta_demo_text":"","ed_cta_demo_hidden":"","why_caption":"","why_editor_title":"","why_editor_text":"","why_team_title":"","why_team_text":"","why_service_title":"","why_service_text":"","template_catalog_visible":"0","template_catalog_title":"","template_catalog_text":"","template_catalog_categories_visible":"","demo_title":"Utw\u00f3rz wid\u017cet licznika liczb","demo_caption":"Skonfiguruj sw\u00f3j Licznik Liczb i dodaj go za darmo do swojej witryny Webflow!","default_faq_hidden":"","app_template_category":[],"platform":"127","template_public_id":"","codecanyon_url":"","codecanyon_item_id":"","codecanyon_price":"","pricing_caption":"","pricing_elfsight_apps_hide_column":"","pricing_elfsight_apps_url":"","pricing_codecanyon_price_caption":"","integration_category":[],"integration_request_title":"","integration_request_cta":"","integration_platform":"","integrations":[],"platform_category":[],"video_schema_markup":"","price":"od 0 USD \/ miesi\u0105c","trial":"","benefits":[{"text":"Bezp\u0142atna pomoc w instalacji"},{"text":"Wyj\u0105tkowe wsparcie"},{"text":"14-dniowa gwarancja zwrotu pieni\u0119dzy"}],"button_url":"#demo","button_target_blank":"0","button_nofollow":"0","attributes":[{"name":"Instaluje"},{"name":"Czu\u0142y"},{"name":"Kompatybilne przegl\u0105darki"}],"tags":[],"tags_disable_links":"0","hide_more_platforms":"0","video_object":"","demo_hide_cta":"0","demo_hide_cloud_options":"0","pricing_title":"","pricing":[{"pricing_icon":"platform","pricing_title":"Elfsight Apps","pricing_title_caption":"Wieloplatformowe rozwi\u0105zanie cyfrowe","pricing_price":"od 0 USD \/ miesi\u0105c","pricing_price_caption":"zacznij od bezp\u0142atnego planu","pricing_benefits":[{"text":"Nielimitowane domeny"},{"text":"Dedykowane i terminowe wsparcie"},{"text":"Bezp\u0142atna us\u0142uga monta\u017cu"},{"text":"Oferta specjalna na wiele aplikacji"}],"pricing_button_text":"Dodaj do witryny","pricing_button_url":"#demo"}],"related_apps_title":"","related_apps_hidden":"0","author":"","image":[],"title":"","job":"","social_networks":[]},"_links":{"self":[{"href":"https:\/\/elfsight.com\/pl\/wp-json\/wp\/v2\/pages\/5703","targetHints":{"allow":["GET"]}}],"collection":[{"href":"https:\/\/elfsight.com\/pl\/wp-json\/wp\/v2\/pages"}],"about":[{"href":"https:\/\/elfsight.com\/pl\/wp-json\/wp\/v2\/types\/page"}],"author":[{"embeddable":true,"href":"https:\/\/elfsight.com\/pl\/wp-json\/wp\/v2\/users\/9"}],"replies":[{"embeddable":true,"href":"https:\/\/elfsight.com\/pl\/wp-json\/wp\/v2\/comments?post=5703"}],"version-history":[{"count":3,"href":"https:\/\/elfsight.com\/pl\/wp-json\/wp\/v2\/pages\/5703\/revisions"}],"predecessor-version":[{"id":10819,"href":"https:\/\/elfsight.com\/pl\/wp-json\/wp\/v2\/pages\/5703\/revisions\/10819"}],"up":[{"embeddable":true,"href":"https:\/\/elfsight.com\/pl\/wp-json\/wp\/v2\/pages\/2633"}],"wp:attachment":[{"href":"https:\/\/elfsight.com\/pl\/wp-json\/wp\/v2\/media?parent=5703"}],"curies":[{"name":"wp","href":"https:\/\/api.w.org\/{rel}","templated":true}]}}