{"id":5702,"date":"2024-05-03T06:41:17","date_gmt":"2024-05-03T06:41:17","guid":{"rendered":"https:\/\/elfsight.com\/pl\/?page_id=5702"},"modified":"2024-11-14T08:57:33","modified_gmt":"2024-11-14T08:57:33","slug":"webnode","status":"publish","type":"page","link":"https:\/\/elfsight.com\/pl\/number-counter-widget\/webnode\/","title":{"rendered":"Number Counter &#8211; Webnode"},"content":{"rendered":"<div class=\"application-platform-content-item-description application-platform-content-item\" id=\"description\" data-nav-section=\"description\"> <h2>Opis<\/h2> <p>Licznik liczb to \u0142atwe w obs\u0142udze narz\u0119dzie dla Webnode z szerok\u0105 gam\u0105 opcji. Jest to \u015bwietna funkcja, dzi\u0119ki kt\u00f3rej mo\u017cesz pochwali\u0107 si\u0119 wyj\u0105tkowymi statystykami biznesowymi, ilo\u015bci\u0105 wykonanej pracy i to nie wszystko. Widget jest niezwykle konfigurowalny. Mo\u017cesz doda\u0107 dowoln\u0105 liczb\u0119 licznik\u00f3w, ustawi\u0107 je w kolumnach, wybra\u0107 ikony z naszej biblioteki lub przes\u0142a\u0107 w\u0142asne, ustawi\u0107 je wielokolorowe lub monochromatyczne, doda\u0107 podpisy wyja\u015bniaj\u0105ce liczby, kt\u00f3re demonstrujesz, przemalowa\u0107 dowoln\u0105 funkcj\u0119, wybra\u0107 obraz t\u0142a , a to nawet nie po\u0142owa. Zacznij tworzy\u0107 swoj\u0105 funkcj\u0119 ju\u017c teraz i zobacz, jak szybko rosn\u0105 statystyki g\u0142\u00f3wnych firm! <\/p> <p><b>Pochwal si\u0119 potencjalnym klientom swoimi wspania\u0142ymi osi\u0105gni\u0119ciami. Zdob\u0105d\u017a wi\u0119cej udanych ofert i potencjalnych klient\u00f3w! <\/b><\/p> <\/div> <div class=\"application-platform-content-item-features application-platform-content-item\" id=\"features\" data-nav-section=\"features\"> <h2>Znajd\u017a poni\u017cej najwa\u017cniejsze cechy wid\u017cetu: <\/h2> <ul><li>Nieograniczona liczba licznik\u00f3w. <\/li><li>Dowolna liczba kolumn. <\/li><li>Do\u0142\u0105cz podpisy, nag\u0142\u00f3wki, przedrostki i postfiksy. <\/li><li>Zdecyduj o typie ikony \u2014 pobierz j\u0105 z naszej biblioteki lub prze\u015blij w\u0142asn\u0105. <\/li><li>Dodaj linki. <\/li><\/ul><p><a href=\"#demo\">Pe\u0142n\u0105 funkcjonalno\u015b\u0107 wid\u017cetu mo\u017cesz pozna\u0107 w poni\u017cszej wersji demonstracyjnej<\/a><\/p> <\/div> <div class=\"application-platform-content-item- instalacja application-platform-content-item\" id=\" instalacja\" data-nav-section=\" instalacja\"> <h2>Jak doda\u0107 Licznik Liczb na mojej stronie internetowej Webnode? <\/h2> <p>Wystarczy zastosowa\u0107 si\u0119 do poni\u017cszych instrukcji, aby osadzi\u0107 narz\u0119dzie. <\/p> <ol><li><b>Zarz\u0105dzaj\u0105c naszym bezp\u0142atnym konfiguratorem, zacznij kszta\u0142towa\u0107 sw\u00f3j szyty na miar\u0119 instrument. <\/b><br> Znajd\u017a wybrany uk\u0142ad i parametry narz\u0119dzia i zapisz zmiany. <\/li> <li><b>Odbierz unikalny kod, kt\u00f3ry jest wy\u015bwietlany w specjalnym formularzu w aplikacjach Elfsight. <\/b><br> Gdy tylko konfiguracja Twojego osobistego widgetu zostanie zako\u0144czona, skopiuj indywidualny kod z wy\u015bwietlonego wyskakuj\u0105cego okienka i zapisz go na p\u00f3\u017aniej. <\/li> <li><b>Rozpocznij stosowanie narz\u0119dzia na stronie g\u0142\u00f3wnej Webnode. <\/b><br> Wstaw ostatnio zapisany kod na swojej stronie internetowej i zapisz zmiany. <\/li> <li><b>Konfiguracja zosta\u0142a w pe\u0142ni uko\u0144czona. <\/b><br> Odwied\u017a swoj\u0105 witryn\u0119, aby sprawdzi\u0107 dzia\u0142anie wtyczki. <\/li><\/ol> <p>Je\u015bli napotkasz jakie\u015b trudno\u015bci, nie wahaj si\u0119 skontaktowa\u0107 z naszym zespo\u0142em wsparcia. Nasi konsultanci ch\u0119tnie odpowiedz\u0105 na wszystkie pytania dotycz\u0105ce tego narz\u0119dzia. <\/p> <div class=\"faq\" data-component=\"FAQ\"><div class=\"faq-item\">\r\n\t\t\t\t\t<div class=\"faq-item-question\">\r\n\t\t\t\t\t\t<h3 class=\"faq-item-question-text\">W jaki spos\u00f3b mo\u017cna osadzi\u0107 Licznik Liczb na mojej stronie g\u0142\u00f3wnej Webnode bez kodowania?<\/h3>\r\n\r\n\t\t\t\t\t\t<div class=\"faq-item-question-icon\"><\/div>\r\n\t\t\t\t\t<\/div>\r\n\r\n\t\t\t\t\t<div class=\"faq-item-answer\">\r\n\t\t\t\t\t\t<div class=\"faq-item-answer-text\"> <p>Firma Elfsight dostarcza rozwi\u0105zanie w chmurze, kt\u00f3re pozwala u\u017cytkownikom samodzielnie stworzy\u0107 wid\u017cet Licznik Liczb, przekonaj si\u0119, jak prosty jest ten proces: Pracuj w edytorze na \u017cywo, aby utworzy\u0107 wtyczk\u0119 licznika liczb, kt\u00f3ra ma by\u0107 wy\u015bwietlana na stronie internetowej Webnode. Wybierz jeden z gotowych szablon\u00f3w i dostosuj ustawienia Licznika Liczb, zmie\u0144 uk\u0142ad i kolor element\u00f3w oraz zaktualizuj tre\u015b\u0107 bez do\u015bwiadczenia w kodowaniu. Zapisz wprowadzone ustawienia w Number Counter i uzyskaj kod instalacyjny, kt\u00f3ry mo\u017cna \u0142atwo i bezp\u0142atnie osadzi\u0107 na stronie internetowej Webnode. Pracuj\u0105c w przyjaznym dla u\u017cytkownika Edytorze, ka\u017cdy internauta mo\u017ce zbudowa\u0107 wtyczk\u0119 Number Counter i \u0142atwo umie\u015bci\u0107 j\u0105 na stronie Webnode. Aby wej\u015b\u0107 do naszego Edytora, nie jest wymagana p\u0142atno\u015b\u0107 ani podanie danych karty. Je\u015bli na kt\u00f3rymkolwiek etapie napotkasz jakiekolwiek problemy, skontaktuj si\u0119 z naszym dzia\u0142em obs\u0142ugi klienta.<\/p> <\/div>\r\n\t\t\t\t\t<\/div>\r\n\t\t\t\t<\/div> <\/div><\/div>","protected":false},"excerpt":{"rendered":"","protected":false},"author":9,"featured_media":0,"parent":2633,"menu_order":0,"comment_status":"closed","ping_status":"closed","template":"templates\/template-application-platform.php","meta":{"publish_to_discourse":"","publish_post_category":"","wpdc_auto_publish_overridden":"","wpdc_topic_tags":"","wpdc_pin_topic":"","wpdc_pin_until":"","discourse_post_id":"","discourse_permalink":"","wpdc_publishing_response":"","wpdc_publishing_error":"","footnotes":""},"class_list":["post-5702","page","type-page","status-publish","hentry"],"yoast_head":"<!-- This site is optimized with the Yoast SEO plugin v25.3.1 - https:\/\/yoast.com\/wordpress\/plugins\/seo\/ -->\n<title>Licznik liczb Elfsight dla witryn Webnode (bezp\u0142atny i \u0142atwy)<\/title>\n<meta name=\"description\" content=\"U\u017cyj licznika liczb na swojej stronie internetowej Webnode, korzystaj\u0105c z naszej przydatnej wersji demonstracyjnej. Stw\u00f3rz swoj\u0105 spersonalizowan\u0105 funkcj\u0119 za pomoc\u0105 kilku klikni\u0119\u0107 i bez wysi\u0142ku!\" \/>\n<meta name=\"robots\" content=\"index, follow, max-snippet:-1, max-image-preview:large, max-video-preview:-1\" \/>\n<link rel=\"canonical\" href=\"https:\/\/elfsight.com\/pl\/number-counter-widget\/webnode\/\" \/>\n<meta property=\"og:locale\" content=\"pl_PL\" \/>\n<meta property=\"og:type\" content=\"article\" \/>\n<meta property=\"og:title\" content=\"Licznik liczb Elfsight dla witryn Webnode (bezp\u0142atny i \u0142atwy)\" \/>\n<meta property=\"og:description\" content=\"U\u017cyj licznika liczb na swojej stronie internetowej Webnode, korzystaj\u0105c z naszej przydatnej wersji demonstracyjnej. Stw\u00f3rz swoj\u0105 spersonalizowan\u0105 funkcj\u0119 za pomoc\u0105 kilku klikni\u0119\u0107 i bez wysi\u0142ku!\" \/>\n<meta property=\"og:url\" content=\"https:\/\/elfsight.com\/pl\/number-counter-widget\/webnode\/\" \/>\n<meta property=\"og:site_name\" content=\"Elfsight PL\" \/>\n<meta property=\"article:modified_time\" content=\"2024-11-14T08:57:33+00:00\" \/>\n<meta name=\"twitter:card\" content=\"summary_large_image\" \/>\n<meta name=\"twitter:label1\" content=\"Szacowany czas czytania\" \/>\n\t<meta name=\"twitter:data1\" content=\"3 minuty\" \/>\n<!-- \/ Yoast SEO plugin. -->","yoast_head_json":{"title":"Licznik liczb Elfsight dla witryn Webnode (bezp\u0142atny i \u0142atwy)","description":"U\u017cyj licznika liczb na swojej stronie internetowej Webnode, korzystaj\u0105c z naszej przydatnej wersji demonstracyjnej. Stw\u00f3rz swoj\u0105 spersonalizowan\u0105 funkcj\u0119 za pomoc\u0105 kilku klikni\u0119\u0107 i bez wysi\u0142ku!","robots":{"index":"index","follow":"follow","max-snippet":"max-snippet:-1","max-image-preview":"max-image-preview:large","max-video-preview":"max-video-preview:-1"},"canonical":"https:\/\/elfsight.com\/pl\/number-counter-widget\/webnode\/","og_locale":"pl_PL","og_type":"article","og_title":"Licznik liczb Elfsight dla witryn Webnode (bezp\u0142atny i \u0142atwy)","og_description":"U\u017cyj licznika liczb na swojej stronie internetowej Webnode, korzystaj\u0105c z naszej przydatnej wersji demonstracyjnej. Stw\u00f3rz swoj\u0105 spersonalizowan\u0105 funkcj\u0119 za pomoc\u0105 kilku klikni\u0119\u0107 i bez wysi\u0142ku!","og_url":"https:\/\/elfsight.com\/pl\/number-counter-widget\/webnode\/","og_site_name":"Elfsight PL","article_modified_time":"2024-11-14T08:57:33+00:00","twitter_card":"summary_large_image","twitter_misc":{"Szacowany czas czytania":"3 minuty"},"schema":{"@context":"https:\/\/schema.org","@graph":[{"@type":"WebPage","@id":"https:\/\/elfsight.com\/pl\/number-counter-widget\/webnode\/","url":"https:\/\/elfsight.com\/pl\/number-counter-widget\/webnode\/","name":"Licznik liczb Elfsight dla witryn Webnode (bezp\u0142atny i \u0142atwy)","isPartOf":{"@id":"https:\/\/elfsight.com\/pl\/#website"},"datePublished":"2024-05-03T06:41:17+00:00","dateModified":"2024-11-14T08:57:33+00:00","description":"U\u017cyj licznika liczb na swojej stronie internetowej Webnode, korzystaj\u0105c z naszej przydatnej wersji demonstracyjnej. Stw\u00f3rz swoj\u0105 spersonalizowan\u0105 funkcj\u0119 za pomoc\u0105 kilku klikni\u0119\u0107 i bez wysi\u0142ku!","breadcrumb":{"@id":"https:\/\/elfsight.com\/pl\/number-counter-widget\/webnode\/#breadcrumb"},"inLanguage":"pl-PL","potentialAction":[{"@type":"ReadAction","target":["https:\/\/elfsight.com\/pl\/number-counter-widget\/webnode\/"]}]},{"@type":"BreadcrumbList","@id":"https:\/\/elfsight.com\/pl\/number-counter-widget\/webnode\/#breadcrumb","itemListElement":[{"@type":"ListItem","position":1,"name":"Home","item":"https:\/\/elfsight.com\/pl\/"},{"@type":"ListItem","position":2,"name":"Number Counter","item":"https:\/\/elfsight.com\/pl\/number-counter-widget\/"},{"@type":"ListItem","position":3,"name":"Number Counter &#8211; Webnode"}]},{"@type":"WebSite","@id":"https:\/\/elfsight.com\/pl\/#website","url":"https:\/\/elfsight.com\/pl\/","name":"Elfsight PL","description":"Just another Elfsight Sites site","potentialAction":[{"@type":"SearchAction","target":{"@type":"EntryPoint","urlTemplate":"https:\/\/elfsight.com\/pl\/?s={search_term_string}"},"query-input":{"@type":"PropertyValueSpecification","valueRequired":true,"valueName":"search_term_string"}}],"inLanguage":"pl-PL"}]}},"meta_box":{"industry":"","seo_heading":"","heading":"","description":"","cta_heading":"","cta_description":"","application":"2632","h1":"Wid\u017cet licznika numer\u00f3w w\u0119z\u0142\u00f3w internetowych","h1_caption":"Pochwal si\u0119 kluczowymi statystykami i kamieniami milowymi za pomoc\u0105 animowanych licznik\u00f3w, aby bez wysi\u0142ku podkre\u015bli\u0107 swoje osi\u0105gni\u0119cia w anga\u017cuj\u0105cy spos\u00f3b na swojej stronie internetowej Webnode.","application_category":[],"applications_title":"","applications_request_title":"","applications_request_button_text":"","hero_text":"","hero_video":"","hero_video_schema_markup":"","selling_points_title":"","selling_points_caption":"","selling_points":[],"selling_points_cta_text":"","features_title":"","features":"","ed_cta_examples_text":"","ed_cta_examples_hidden":"","ed_cta_demo_text":"","ed_cta_demo_hidden":"","why_caption":"","why_editor_title":"","why_editor_text":"","why_team_title":"","why_team_text":"","why_service_title":"","why_service_text":"","template_catalog_visible":"","template_catalog_title":"","template_catalog_text":"","template_catalog_categories_visible":"","demo_title":"Utw\u00f3rz wid\u017cet licznika liczb","demo_caption":"Skonfiguruj sw\u00f3j Licznik Liczb i dodaj go za darmo do swojej witryny Webnode!","default_faq_hidden":"","app_template_category":[],"platform":"138","template_public_id":"","codecanyon_url":"","codecanyon_item_id":"","codecanyon_price":"","pricing_caption":"","pricing_elfsight_apps_hide_column":"","pricing_elfsight_apps_url":"","pricing_codecanyon_price_caption":"","integration_category":[],"integration_request_title":"","integration_request_cta":"","integration_platform":"","integrations":[],"platform_category":[],"video_schema_markup":"","price":"od 0 USD \/ miesi\u0105c","trial":"","benefits":[{"text":"Bezp\u0142atna us\u0142uga monta\u017cu"},{"text":"Do\u015bwiadczona obs\u0142uga klienta"},{"text":"14-dniowa gwarancja zwrotu pieni\u0119dzy"}],"button_url":"#demo","button_target_blank":"","button_nofollow":"","attributes":[{"name":"Instaluje"},{"name":"Czu\u0142y"},{"name":"Kompatybilne przegl\u0105darki"}],"tags":[],"tags_disable_links":"","hide_more_platforms":"","video_object":"","demo_hide_cta":"","demo_hide_cloud_options":"","pricing_title":"","pricing":[{"pricing_icon":"platform","pricing_title":"Elfsight Apps","pricing_title_caption":"Wersja wieloplatformowa","pricing_price":"od 0 USD \/ miesi\u0105c","pricing_price_caption":"zacznij od bezp\u0142atnego planu","pricing_benefits":[{"text":"Nielimitowane strony internetowe"},{"text":"Dedykowane wsparcie firmy"},{"text":"Bezp\u0142atna us\u0142uga monta\u017cu"},{"text":"Oferta ograniczona czasowo dla wielu aplikacji"}],"pricing_button_text":"Dodaj do witryny","pricing_button_url":"#demo"}],"related_apps_title":"","related_apps_hidden":"","author":"","image":[],"title":"","job":"","social_networks":[]},"_links":{"self":[{"href":"https:\/\/elfsight.com\/pl\/wp-json\/wp\/v2\/pages\/5702","targetHints":{"allow":["GET"]}}],"collection":[{"href":"https:\/\/elfsight.com\/pl\/wp-json\/wp\/v2\/pages"}],"about":[{"href":"https:\/\/elfsight.com\/pl\/wp-json\/wp\/v2\/types\/page"}],"author":[{"embeddable":true,"href":"https:\/\/elfsight.com\/pl\/wp-json\/wp\/v2\/users\/9"}],"replies":[{"embeddable":true,"href":"https:\/\/elfsight.com\/pl\/wp-json\/wp\/v2\/comments?post=5702"}],"version-history":[{"count":1,"href":"https:\/\/elfsight.com\/pl\/wp-json\/wp\/v2\/pages\/5702\/revisions"}],"predecessor-version":[{"id":5706,"href":"https:\/\/elfsight.com\/pl\/wp-json\/wp\/v2\/pages\/5702\/revisions\/5706"}],"up":[{"embeddable":true,"href":"https:\/\/elfsight.com\/pl\/wp-json\/wp\/v2\/pages\/2633"}],"wp:attachment":[{"href":"https:\/\/elfsight.com\/pl\/wp-json\/wp\/v2\/media?parent=5702"}],"curies":[{"name":"wp","href":"https:\/\/api.w.org\/{rel}","templated":true}]}}