{"id":5701,"date":"2024-05-03T06:41:16","date_gmt":"2024-05-03T06:41:16","guid":{"rendered":"https:\/\/elfsight.com\/pl\/?page_id=5701"},"modified":"2024-11-14T08:57:33","modified_gmt":"2024-11-14T08:57:33","slug":"weebly","status":"publish","type":"page","link":"https:\/\/elfsight.com\/pl\/number-counter-widget\/weebly\/","title":{"rendered":"Number Counter &#8211; Weebly"},"content":{"rendered":"<div class=\"application-platform-content-item-description application-platform-content-item\" id=\"description\" data-nav-section=\"description\"> <h2>Opis<\/h2> <p>Licznik liczb Elfsight to \u0142atwe w zarz\u0105dzaniu narz\u0119dzie dla Weebly z szerok\u0105 gam\u0105 opcji. To \u015bwietne narz\u0119dzie, dzi\u0119ki kt\u00f3remu mo\u017cesz pokaza\u0107 swoje wybitne wska\u017aniki biznesowe, liczb\u0119 wykonanych prac i to nie wszystko. Wtyczka jest wyj\u0105tkowo regulowana. Mo\u017cesz tworzy\u0107 nieograniczon\u0105 liczb\u0119 licznik\u00f3w, ustawia\u0107 je w kolumnach, wybiera\u0107 ikony z naszej kolekcji lub przesy\u0142a\u0107 w\u0142asne, nadawa\u0107 im r\u00f3\u017cnorodne lub jednolite kolory, do\u0142\u0105cza\u0107 tytu\u0142y, aby zapewni\u0107 odbiorcom mo\u017cliwe informacje, zmienia\u0107 kolor dowolnej funkcji, wybiera\u0107 obraz w tle, a to nawet nie po\u0142owa. Zacznij tworzy\u0107 sw\u00f3j widget ju\u017c teraz i obserwuj, jak Twoje najwa\u017cniejsze statystyki biznesowe szybko rosn\u0105! <\/p> <p><b>Poka\u017c swoje wspania\u0142e osi\u0105gni\u0119cia przysz\u0142ym nabywcom. Zwi\u0119ksz liczb\u0119 udanych transakcji i lead\u00f3w! <\/b><\/p> <\/div> <div class=\"application-platform-content-item-features application-platform-content-item\" id=\"features\" data-nav-section=\"features\"> <h2>Sprawd\u017a list\u0119 najbardziej przydatnych funkcji: <\/h2> <ul><li>Dowolna liczba licznik\u00f3w. <\/li><li>Nieograniczona liczba kolumn. <\/li><li>Do\u0142\u0105cz podpisy, nag\u0142\u00f3wki, przedrostki i postfiksy. <\/li><li>Wybierz kategori\u0119 ikon \u2014 pobierz j\u0105 z naszej kolekcji lub prze\u015blij w\u0142asn\u0105. <\/li><li>Dodaj linki. <\/li><\/ul><p><a href=\"#demo\">Wypr\u00f3bowuj\u0105c wersj\u0119 demonstracyjn\u0105, mo\u017cesz poczu\u0107, czy aplikacja jest dla Ciebie<\/a><\/p> <\/div> <div class=\"application-platform-content-item- instalacja application-platform-content-item\" id=\" instalacja\" data-nav-section=\" instalacja\"> <h2>Jak mog\u0119 osadzi\u0107 licznik liczb w mojej witrynie Weebly? <\/h2> <div class=\"video-container\"><iframe width=\"720\" height=\"405\" src=\"https:\/\/www.youtube.com\/embed\/AXCYcAJ34qk\" frameborder=\"0\" allowfullscreen=\"\"><\/iframe><\/div><p>Wystarczy post\u0119powa\u0107 zgodnie z poni\u017cszymi instrukcjami, aby wstawi\u0107 wtyczk\u0119. <\/p> <ol><li><b>Uruchom nasz\u0105 bezp\u0142atn\u0105 wersj\u0119 demonstracyjn\u0105 i rozpocznij prac\u0119 ze swoj\u0105 niestandardow\u0105 aplikacj\u0105. <\/b><br> Znajd\u017a wybrany uk\u0142ad i aspekty aplikacji i zastosuj wszystkie poprawki. <\/li> <li><b>Zdob\u0105d\u017a osobisty kod wy\u015bwietlany w specjalnym formularzu w aplikacjach Elfsight. <\/b><br> Po zako\u0144czeniu generowania aplikacji skopiuj kod z wy\u015bwietlonego okna i zapisz go na p\u00f3\u017aniej. <\/li> <li><b>Rozpocznij korzystanie z aplikacji w swojej witrynie Weebly. <\/b><br> Zaimplementuj skopiowany wcze\u015bniej kod w swojej witrynie i zastosuj zmiany. <\/li> <li><b>Instalacja zosta\u0142a pomy\u015blnie zako\u0144czona. <\/b><br> Otw\u00f3rz swoj\u0105 stron\u0119 internetow\u0105, aby zobaczy\u0107 w akcji, jak dzia\u0142a aplikacja. <\/li><\/ol><p>Je\u015bli masz pytania lub napotkasz przeszkody, skontaktuj si\u0119 z naszym zespo\u0142em wsparcia. Nasi ludzie z przyjemno\u015bci\u0105 pomog\u0105 Ci odpowiedzie\u0107 na wszystkie pytania dotycz\u0105ce wid\u017cetu. <\/p> <div class=\"faq\" data-component=\"FAQ\"><div class=\"faq-item\">\r\n\t\t\t\t\t<div class=\"faq-item-question\">\r\n\t\t\t\t\t\t<h3 class=\"faq-item-question-text\">Jak doda\u0107 licznik liczb do strony Weebly?<\/h3>\r\n\r\n\t\t\t\t\t\t<div class=\"faq-item-question-icon\"><\/div>\r\n\t\t\t\t\t<\/div>\r\n\r\n\t\t\t\t\t<div class=\"faq-item-answer\">\r\n\t\t\t\t\t\t<div class=\"faq-item-answer-text\"><p>Dodanie do witryny zajmie kilka sekund. Co wi\u0119cej, nie musisz posiada\u0107 wiedzy z zakresu programowania webowego. <\/p><ol><li>Dostosuj wid\u017cet Weebly w bezp\u0142atnym konfiguratorze na \u017cywo. <\/li> <li>Uzyskaj sw\u00f3j osobisty kod instalacyjny. <\/li> <li>Wstaw kod w wymagane miejsce na zapleczu witryny. <\/li> <li>Fantastyczna robota! Konfiguracja wtyczki licznika liczb w Weebly zosta\u0142a zako\u0144czona! <\/li><\/ol><p>Masz problemy z pod\u0142\u0105czeniem wtyczki do Weebly lub ustawieniem licznika liczb? Mo\u017cesz zobaczy\u0107 pe\u0142ny przewodnik <a href=\"https:\/\/elfsight.com\/tutorials\/how-to-add-number-counter-to-website\/#how-to-add-number-counter-to-weebly\">na tej stronie<\/a>. <\/p><\/div>\r\n\t\t\t\t\t<\/div>\r\n\t\t\t\t<\/div><div class=\"faq-item\">\r\n\t\t\t\t\t<div class=\"faq-item-question\">\r\n\t\t\t\t\t\t<h3 class=\"faq-item-question-text\">Czy mog\u0119 zobaczy\u0107, jak widget b\u0119dzie wygl\u0105da\u0142 na mojej stronie internetowej?<\/h3>\r\n\r\n\t\t\t\t\t\t<div class=\"faq-item-question-icon\"><\/div>\r\n\t\t\t\t\t<\/div>\r\n\r\n\t\t\t\t\t<div class=\"faq-item-answer\">\r\n\t\t\t\t\t\t<div class=\"faq-item-answer-text\"><p>Tak, mo\u017cesz! Podczas opracowywania wtyczki licznika liczb Weebly w <a href=\"https:\/\/elfsight.com\/number-counter-widget\/#demo\">kreatorze online<\/a> wszystkie konfiguracje zobaczysz po prawej stronie. Licznik b\u0119dzie wygl\u0105da\u0142 tak samo, jak ten, kt\u00f3ry znajdziesz na stronie internetowej Weebly. <\/p><\/div>\r\n\t\t\t\t\t<\/div>\r\n\t\t\t\t<\/div><div class=\"faq-item\">\r\n\t\t\t\t\t<div class=\"faq-item-question\">\r\n\t\t\t\t\t\t<h3 class=\"faq-item-question-text\">Jakie inne wid\u017cety s\u0105 niezb\u0119dne w witrynie Weebly?<\/h3>\r\n\r\n\t\t\t\t\t\t<div class=\"faq-item-question-icon\"><\/div>\r\n\t\t\t\t\t<\/div>\r\n\r\n\t\t\t\t\t<div class=\"faq-item-answer\">\r\n\t\t\t\t\t\t<div class=\"faq-item-answer-text\"><p>Kreator witryn Weebly umo\u017cliwia ka\u017cdemu tworzenie witryn internetowych, blog\u00f3w, sklep\u00f3w internetowych i wszelkich innych inny typ strony internetowej. Wid\u017cety Elfsight pozwalaj\u0105 na rozbudow\u0119 funkcjonalno\u015bci strony internetowej za pomoc\u0105 gotowych rozwi\u0105za\u0144 zwanych wid\u017cetami.<\/p><p><a href=\"https:\/\/elfsight.com\/qr-code-widget\/weebly\/\">Kod QR<\/a> upraszcza korzystanie z tre\u015bci przez odwiedzaj\u0105cych witryn\u0119, <a href=\"https:\/\/elfsight.com\/youtube-channel-plugin-yottie\/weebly\/\">Galeria YouTube<\/a> pobiera filmy z YouTube do Twojej witryny, <a href=\"https:\/\/elfsight.com\/google-reviews-widget\/weebly\/\">Opinie Google<\/a> wy\u015bwietlaj\u0105 referencje i oceny Twojej firmy w witrynie Weebly. <a href=\"https:\/\/elfsight.com\/pdf-embed-widget\/weebly\/\">Osadzanie plik\u00f3w PDF<\/a> umo\u017cliwia prezentacj\u0119 dowolnego rodzaju plik\u00f3w PDF w przejrzystej i zrozumia\u0142ej formie. Wreszcie, <a href=\"https:\/\/elfsight.com\/search-widget\/weebly\/\">Wid\u017cet wyszukiwania<\/a> doskonale u\u0142atwia nawigacj\u0119 po witrynie.<\/p><\/div>\r\n\t\t\t\t\t<\/div>\r\n\t\t\t\t<\/div> <\/div><\/div>","protected":false},"excerpt":{"rendered":"","protected":false},"author":9,"featured_media":0,"parent":2633,"menu_order":0,"comment_status":"closed","ping_status":"closed","template":"templates\/template-application-platform.php","meta":{"publish_to_discourse":"","publish_post_category":"","wpdc_auto_publish_overridden":"","wpdc_topic_tags":"","wpdc_pin_topic":"","wpdc_pin_until":"","discourse_post_id":"","discourse_permalink":"","wpdc_publishing_response":"","wpdc_publishing_error":"","footnotes":""},"class_list":["post-5701","page","type-page","status-publish","hentry"],"yoast_head":"<!-- This site is optimized with the Yoast SEO plugin v25.3.1 - https:\/\/yoast.com\/wordpress\/plugins\/seo\/ -->\n<title>Licznik liczb Elfsight dla witryn Weebly (bezp\u0142atny i \u0142atwy)<\/title>\n<meta name=\"description\" content=\"U\u017cyj licznika liczb na swojej stronie internetowej Weebly, korzystaj\u0105c z naszej wersji demonstracyjnej na \u017cywo. Stw\u00f3rz w\u0142asn\u0105 aplikacj\u0119 za pomoc\u0105 kilku klikni\u0119\u0107 i bez wysi\u0142ku!\" \/>\n<meta name=\"robots\" content=\"index, follow, max-snippet:-1, max-image-preview:large, max-video-preview:-1\" \/>\n<link rel=\"canonical\" href=\"https:\/\/elfsight.com\/pl\/number-counter-widget\/weebly\/\" \/>\n<meta property=\"og:locale\" content=\"pl_PL\" \/>\n<meta property=\"og:type\" content=\"article\" \/>\n<meta property=\"og:title\" content=\"Licznik liczb Elfsight dla witryn Weebly (bezp\u0142atny i \u0142atwy)\" \/>\n<meta property=\"og:description\" content=\"U\u017cyj licznika liczb na swojej stronie internetowej Weebly, korzystaj\u0105c z naszej wersji demonstracyjnej na \u017cywo. Stw\u00f3rz w\u0142asn\u0105 aplikacj\u0119 za pomoc\u0105 kilku klikni\u0119\u0107 i bez wysi\u0142ku!\" \/>\n<meta property=\"og:url\" content=\"https:\/\/elfsight.com\/pl\/number-counter-widget\/weebly\/\" \/>\n<meta property=\"og:site_name\" content=\"Elfsight PL\" \/>\n<meta property=\"article:modified_time\" content=\"2024-11-14T08:57:33+00:00\" \/>\n<meta name=\"twitter:card\" content=\"summary_large_image\" \/>\n<meta name=\"twitter:label1\" content=\"Szacowany czas czytania\" \/>\n\t<meta name=\"twitter:data1\" content=\"3 minuty\" \/>\n<!-- \/ Yoast SEO plugin. -->","yoast_head_json":{"title":"Licznik liczb Elfsight dla witryn Weebly (bezp\u0142atny i \u0142atwy)","description":"U\u017cyj licznika liczb na swojej stronie internetowej Weebly, korzystaj\u0105c z naszej wersji demonstracyjnej na \u017cywo. Stw\u00f3rz w\u0142asn\u0105 aplikacj\u0119 za pomoc\u0105 kilku klikni\u0119\u0107 i bez wysi\u0142ku!","robots":{"index":"index","follow":"follow","max-snippet":"max-snippet:-1","max-image-preview":"max-image-preview:large","max-video-preview":"max-video-preview:-1"},"canonical":"https:\/\/elfsight.com\/pl\/number-counter-widget\/weebly\/","og_locale":"pl_PL","og_type":"article","og_title":"Licznik liczb Elfsight dla witryn Weebly (bezp\u0142atny i \u0142atwy)","og_description":"U\u017cyj licznika liczb na swojej stronie internetowej Weebly, korzystaj\u0105c z naszej wersji demonstracyjnej na \u017cywo. Stw\u00f3rz w\u0142asn\u0105 aplikacj\u0119 za pomoc\u0105 kilku klikni\u0119\u0107 i bez wysi\u0142ku!","og_url":"https:\/\/elfsight.com\/pl\/number-counter-widget\/weebly\/","og_site_name":"Elfsight PL","article_modified_time":"2024-11-14T08:57:33+00:00","twitter_card":"summary_large_image","twitter_misc":{"Szacowany czas czytania":"3 minuty"},"schema":{"@context":"https:\/\/schema.org","@graph":[{"@type":"WebPage","@id":"https:\/\/elfsight.com\/pl\/number-counter-widget\/weebly\/","url":"https:\/\/elfsight.com\/pl\/number-counter-widget\/weebly\/","name":"Licznik liczb Elfsight dla witryn Weebly (bezp\u0142atny i \u0142atwy)","isPartOf":{"@id":"https:\/\/elfsight.com\/pl\/#website"},"datePublished":"2024-05-03T06:41:16+00:00","dateModified":"2024-11-14T08:57:33+00:00","description":"U\u017cyj licznika liczb na swojej stronie internetowej Weebly, korzystaj\u0105c z naszej wersji demonstracyjnej na \u017cywo. Stw\u00f3rz w\u0142asn\u0105 aplikacj\u0119 za pomoc\u0105 kilku klikni\u0119\u0107 i bez wysi\u0142ku!","breadcrumb":{"@id":"https:\/\/elfsight.com\/pl\/number-counter-widget\/weebly\/#breadcrumb"},"inLanguage":"pl-PL","potentialAction":[{"@type":"ReadAction","target":["https:\/\/elfsight.com\/pl\/number-counter-widget\/weebly\/"]}]},{"@type":"BreadcrumbList","@id":"https:\/\/elfsight.com\/pl\/number-counter-widget\/weebly\/#breadcrumb","itemListElement":[{"@type":"ListItem","position":1,"name":"Home","item":"https:\/\/elfsight.com\/pl\/"},{"@type":"ListItem","position":2,"name":"Number Counter","item":"https:\/\/elfsight.com\/pl\/number-counter-widget\/"},{"@type":"ListItem","position":3,"name":"Number Counter &#8211; Weebly"}]},{"@type":"WebSite","@id":"https:\/\/elfsight.com\/pl\/#website","url":"https:\/\/elfsight.com\/pl\/","name":"Elfsight PL","description":"Just another Elfsight Sites site","potentialAction":[{"@type":"SearchAction","target":{"@type":"EntryPoint","urlTemplate":"https:\/\/elfsight.com\/pl\/?s={search_term_string}"},"query-input":{"@type":"PropertyValueSpecification","valueRequired":true,"valueName":"search_term_string"}}],"inLanguage":"pl-PL"}]}},"meta_box":{"industry":"","seo_heading":"","heading":"","description":"","cta_heading":"","cta_description":"","application":"2632","h1":"Aplikacja Weebly Number Counter","h1_caption":"Pochwal si\u0119 kluczowymi statystykami i kamieniami milowymi za pomoc\u0105 animowanych licznik\u00f3w, aby bez wysi\u0142ku podkre\u015bli\u0107 swoje osi\u0105gni\u0119cia w anga\u017cuj\u0105cy spos\u00f3b na swojej stronie internetowej Weebly.","application_category":[],"applications_title":"","applications_request_title":"","applications_request_button_text":"","hero_text":"","hero_video":"","hero_video_schema_markup":"","selling_points_title":"","selling_points_caption":"","selling_points":[],"selling_points_cta_text":"","features_title":"","features":"","ed_cta_examples_text":"","ed_cta_examples_hidden":"","ed_cta_demo_text":"","ed_cta_demo_hidden":"","why_caption":"","why_editor_title":"","why_editor_text":"","why_team_title":"","why_team_text":"","why_service_title":"","why_service_text":"","template_catalog_visible":"","template_catalog_title":"","template_catalog_text":"","template_catalog_categories_visible":"","demo_title":"Utw\u00f3rz aplikacj\u0119 Licznik Liczb","demo_caption":"Skonfiguruj sw\u00f3j licznik liczb i dodaj go za darmo do swojej witryny Weebly!","default_faq_hidden":"","app_template_category":[],"platform":"132","template_public_id":"","codecanyon_url":"","codecanyon_item_id":"","codecanyon_price":"","pricing_caption":"","pricing_elfsight_apps_hide_column":"","pricing_elfsight_apps_url":"","pricing_codecanyon_price_caption":"","integration_category":[],"integration_request_title":"","integration_request_cta":"","integration_platform":"","integrations":[],"platform_category":[],"video_schema_markup":"","price":"od 0 USD \/ miesi\u0105c","trial":"","benefits":[{"text":"Bezp\u0142atna us\u0142uga monta\u017cu"},{"text":"Profesjonalna obs\u0142uga klienta"},{"text":"14-dniowa gwarancja zwrotu pieni\u0119dzy"}],"button_url":"#demo","button_target_blank":"","button_nofollow":"","attributes":[{"name":"Instaluje"},{"name":"Czu\u0142y"},{"name":"Kompatybilne przegl\u0105darki"}],"tags":[],"tags_disable_links":"","hide_more_platforms":"","video_object":"","demo_hide_cta":"","demo_hide_cloud_options":"","pricing_title":"","pricing":[{"pricing_icon":"platform","pricing_title":"Elfsight Apps","pricing_title_caption":"Oprogramowanie wieloplatformowe, kt\u00f3re pasuje do ka\u017cdej witryny internetowej","pricing_price":"od 0 USD \/ miesi\u0105c","pricing_price_caption":"zacznij od bezp\u0142atnego planu","pricing_benefits":[{"text":"Nielimitowane strony internetowe"},{"text":"Profesjonalna i terminowa pomoc oraz dobrze udokumentowana"},{"text":"Bezp\u0142atna pomoc w monta\u017cu"},{"text":"100% konfigurowalny"}],"pricing_button_text":"Dodaj do witryny","pricing_button_url":"#demo"}],"related_apps_title":"","related_apps_hidden":"","author":"","image":[],"title":"","job":"","social_networks":[]},"_links":{"self":[{"href":"https:\/\/elfsight.com\/pl\/wp-json\/wp\/v2\/pages\/5701","targetHints":{"allow":["GET"]}}],"collection":[{"href":"https:\/\/elfsight.com\/pl\/wp-json\/wp\/v2\/pages"}],"about":[{"href":"https:\/\/elfsight.com\/pl\/wp-json\/wp\/v2\/types\/page"}],"author":[{"embeddable":true,"href":"https:\/\/elfsight.com\/pl\/wp-json\/wp\/v2\/users\/9"}],"replies":[{"embeddable":true,"href":"https:\/\/elfsight.com\/pl\/wp-json\/wp\/v2\/comments?post=5701"}],"version-history":[{"count":2,"href":"https:\/\/elfsight.com\/pl\/wp-json\/wp\/v2\/pages\/5701\/revisions"}],"predecessor-version":[{"id":7868,"href":"https:\/\/elfsight.com\/pl\/wp-json\/wp\/v2\/pages\/5701\/revisions\/7868"}],"up":[{"embeddable":true,"href":"https:\/\/elfsight.com\/pl\/wp-json\/wp\/v2\/pages\/2633"}],"wp:attachment":[{"href":"https:\/\/elfsight.com\/pl\/wp-json\/wp\/v2\/media?parent=5701"}],"curies":[{"name":"wp","href":"https:\/\/api.w.org\/{rel}","templated":true}]}}