{"id":5696,"date":"2024-05-03T06:41:15","date_gmt":"2024-05-03T06:41:15","guid":{"rendered":"https:\/\/elfsight.com\/pl\/?page_id=5696"},"modified":"2025-06-26T16:02:54","modified_gmt":"2025-06-26T16:02:54","slug":"wix","status":"publish","type":"page","link":"https:\/\/elfsight.com\/pl\/number-counter-widget\/wix\/","title":{"rendered":"Number Counter &#8211; Wix"},"content":{"rendered":"<div class=\"application-platform-content-item-description application-platform-content-item\" id=\"description\" data-nav-section=\"description\">\n<h2>Opis<\/h2>\n<p>Licznik liczb to przyjazna dla u\u017cytkownika aplikacja dla Wix z szerok\u0105 gam\u0105 funkcji. \u015awietnie nadaje si\u0119 do pochwalenia si\u0119 swoimi wymiernymi wska\u017anikami biznesowymi, ilo\u015bci\u0105 wykonanych dotychczas prac i nie tylko. Narz\u0119dzie jest niezwykle elastyczne. Mo\u017cesz tworzy\u0107 dowoln\u0105 liczb\u0119 licznik\u00f3w, ustawia\u0107 je w kolumnach, wybiera\u0107 ikony z naszej biblioteki lub przesy\u0142a\u0107 w\u0142asne, ustawia\u0107 je w trybie wielokolorowym lub monochromatycznym, \u0142\u0105czy\u0107 tytu\u0142y, aby zapewni\u0107 u\u017cytkownikom mo\u017cliwe informacje, zmienia\u0107 kolor dowolnej funkcji, wybiera\u0107 obraz t\u0142a, I to nie wszystko. Zacznij tworzy\u0107 swoj\u0105 aplikacj\u0119 ju\u017c teraz i obserwuj, jak Twoje najwa\u017cniejsze statystyki biznesowe szybko rosn\u0105!<\/p>\n<p><b>Pochwal si\u0119 swoim przysz\u0142ym klientom swoimi wspania\u0142ymi osi\u0105gni\u0119ciami. Zdob\u0105d\u017a wi\u0119cej udanych ofert i potencjalnych klient\u00f3w!<\/b><\/p>\n<\/div>\n\n<div class=\"application-platform-content-item-features application-platform-content-item\" id=\"features\" data-nav-section=\"features\">\n<h2>Widget oferuje zaawansowane i proste funkcje, oto niekt\u00f3re z nich:<\/h2>\n<ul>\n    <li>Dowolna ilo\u015b\u0107 liczniki.<\/li>\n    <li>Nieograniczona liczba kolumn.<\/li>\n    <li>Do\u0142\u0105cz podpisy, nag\u0142\u00f3wki, przedrostki i postfiksy.<\/li>\n    <li>Wybierz kategori\u0119 ikon \u2014 pobierz j\u0105 z naszej biblioteki lub prze\u015blij w\u0142asne.<\/li>\n    <li>Do\u0142\u0105cz linki.<\/li>\n<\/ul>\n<p><a href=\"#demo\">W poni\u017cszej wersji demonstracyjnej mo\u017cesz wypr\u00f3bowa\u0107 pe\u0142ne mo\u017cliwo\u015bci aplikacji<\/a><\/p>\n<div class=\"faq\" data-component=\"FAQ\">\n    <div class=\"faq-item\">\r\n\t\t\t\t\t<div class=\"faq-item-question\">\r\n\t\t\t\t\t\t<h3 class=\"faq-item-question-text\">Jak doda\u0107 animowany wid\u017cet Licznik Liczb do Wix?<\/h3>\r\n\r\n\t\t\t\t\t\t<div class=\"faq-item-question-icon\"><\/div>\r\n\t\t\t\t\t<\/div>\r\n\r\n\t\t\t\t\t<div class=\"faq-item-answer\">\r\n\t\t\t\t\t\t<div class=\"faq-item-answer-text\">\n    <p>Dodanie do strony internetowej zajmuje 90 sekund. Co wi\u0119cej, nie musisz posiada\u0107 \u017cadnej umiej\u0119tno\u015bci programowania.<\/p>\n    <ol>\n        <li>Dostosuj widget dla Wix w darmowym konfiguratorze i zobacz modyfikacje na \u017cywo.<\/li>\n        <li>Uzyskaj sw\u00f3j osobisty kod instalacyjny.<\/li>\n        <li>Osad\u017a kod w odpowiednim miejscu w zapleczu witryny Wix.<\/li>\n        <li>To wszystko! Konfiguracja wtyczki licznika liczb na Wix zosta\u0142a zako\u0144czona!<\/li>\n    <\/ol>\n    <p>Masz problemy z w\u0142o\u017ceniem wtyczki do Wix lub sformatowaniem licznika liczb? Mo\u017cesz zapozna\u0107 si\u0119 z pe\u0142nym przewodnikiem <a href=\"https:\/\/elfsight.com\/tutorials\/how-to-add-number-counter-to-website\/#how-to-add-number-counter-to-wix\">na tej stronie<\/a>.<\/p>\n    <\/div>\r\n\t\t\t\t\t<\/div>\r\n\t\t\t\t<\/div>\n    <div class=\"faq-item\">\r\n\t\t\t\t\t<div class=\"faq-item-question\">\r\n\t\t\t\t\t\t<h3 class=\"faq-item-question-text\">Czy mam mo\u017cliwo\u015b\u0107 zobaczenia, jak widget b\u0119dzie wygl\u0105da\u0142 na stronie?<\/h3>\r\n\r\n\t\t\t\t\t\t<div class=\"faq-item-question-icon\"><\/div>\r\n\t\t\t\t\t<\/div>\r\n\r\n\t\t\t\t\t<div class=\"faq-item-answer\">\r\n\t\t\t\t\t\t<div class=\"faq-item-answer-text\">\n    <p>Zdecydowanie! Tworz\u0105c wid\u017cet licznika liczb Wix w <a href=\"https:\/\/elfsight.com\/number-counter-widget\/#demo\">darmowym kreatorze online<\/a>, wszystkie wersje b\u0119d\u0105 widoczne po prawej stronie tego. Licznik b\u0119dzie wygl\u0105da\u0142 dok\u0142adnie tak samo, jak dodany do witryny Wix.<\/p>\n    <\/div>\r\n\t\t\t\t\t<\/div>\r\n\t\t\t\t<\/div>\n    <div class=\"faq-item\">\r\n\t\t\t\t\t<div class=\"faq-item-question\">\r\n\t\t\t\t\t\t<h3 class=\"faq-item-question-text\">Jakie inne wid\u017cety s\u0105 niezb\u0119dne dla witryny Wix?<\/h3>\r\n\r\n\t\t\t\t\t\t<div class=\"faq-item-question-icon\"><\/div>\r\n\t\t\t\t\t<\/div>\r\n\r\n\t\t\t\t\t<div class=\"faq-item-answer\">\r\n\t\t\t\t\t\t<div class=\"faq-item-answer-text\">\n    <p>Wix umo\u017cliwia dodanie dowolnej liczby wid\u017cet\u00f3w. Je\u015bli jednak potrzebujesz prostszych narz\u0119dzi dla strony internetowej, wszystko, czego potrzebujesz, znajdziesz w Elfsight.<\/p>\n    <p>Na przyk\u0142ad <a href=\"https:\/\/elfsight.com\/pdf-embed-widget\/wix\/\">PDF Osad\u017a widget<\/a> przydatny do instrukcji i oficjalnych dokument\u00f3w, <a href=\"https:\/\/elfsight.com\/instagram-feed-instashow\/wix\/\">Kana\u0142 na Instagramie<\/a> &#8211; aby uzyska\u0107 pi\u0119kne galerie zdj\u0119\u0107 z Instagrama bezpo\u015brednio na Twojej stronie internetowej, <a href=\"https:\/\/elfsight.com\/google-reviews-widget\/wix\/\">Recenzje Google<\/a> &#8211; aby uzyska\u0107 referencje od Google. <a href=\"https:\/\/elfsight.com\/whatsapp-chat-widget\/wix\/\">WhatsApp Chat<\/a> u\u0142atwia komunikacj\u0119 z klientami za po\u015brednictwem najpopularniejszego komunikatora, a <a href=\"https:\/\/elfsight.com\/popup-widget\/wix\/\">Wyskakuj\u0105cy widget<\/a> mo\u017ce by\u0107 u\u017cywany do umieszczania wa\u017cnych powiadomie\u0144 i wiadomo\u015bci na stronach internetowych.<\/p>\n    <\/div>\r\n\t\t\t\t\t<\/div>\r\n\t\t\t\t<\/div>\n<\/div>\n<\/div>\n\n<div class=\"application-platform-content-item-installation application-platform-content-item\" id=\"installation\" data-nav-section=\"installation\">\n<h2>Jak doda\u0107 licznik liczb do mojej strony internetowej Wix?<\/h2>\n<div class=\"video-container\"><iframe width=\"720\" height=\"405\" src=\"https:\/\/www.youtube.com\/embed\/h7BmNnfQ16U\" frameborder=\"0\" allowfullscreen=\"\"><\/iframe><\/div>\n<p>Wystarczy post\u0119powa\u0107 zgodnie z poni\u017cszymi instrukcjami, aby rozpocz\u0105\u0107 korzystanie z aplikacji.<\/p>\n<ol>\n    <li><b>Skorzystaj z naszej bezp\u0142atnej wersji demonstracyjnej i zacznij tworzy\u0107 aplikacj\u0119 szyt\u0105 na miar\u0119. <\/b><br> Wybierz preferowany interfejs i aspekty narz\u0119dzia i zapisz zmiany. <\/li>\n    <li><b>Skopiuj sw\u00f3j indywidualny kod wy\u015bwietlany w oknie aplikacji Elfsight. <\/b><br> Zaraz po skonfigurowaniu swojego osobistego narz\u0119dzia skopiuj indywidualny kod w wy\u015bwietlonym polu i zachowaj go na przysz\u0142o\u015b\u0107. <\/li>\n    <li><b>Zacznij u\u017cywa\u0107 wtyczki na stronie internetowej Wix. <\/b><br> Umie\u015b\u0107 skopiowany wcze\u015bniej kod na swojej stronie internetowej i zastosuj zmiany. <\/li>\n    <li><b>Gotowe! Konfiguracja zosta\u0142a pomy\u015blnie zako\u0144czona. <\/b><br> Przejd\u017a do swojej witryny, aby zobaczy\u0107 dzia\u0142anie wid\u017cetu. <\/li>\n<\/ol>\n<p>Je\u015bli napotkasz pytania lub pokonasz jak\u0105kolwiek przeszkod\u0119, skontaktuj si\u0119 z naszym personelem pomocniczym. Nasi pracownicy pragn\u0105 rozwi\u0105za\u0107 wszystkie pytania, jakie mo\u017cesz mie\u0107 w zwi\u0105zku z produktem.<\/p>\n<\/div>","protected":false},"excerpt":{"rendered":"","protected":false},"author":9,"featured_media":0,"parent":2633,"menu_order":0,"comment_status":"closed","ping_status":"closed","template":"templates\/template-application-platform.php","meta":{"publish_to_discourse":"","publish_post_category":"","wpdc_auto_publish_overridden":"","wpdc_topic_tags":"","wpdc_pin_topic":"","wpdc_pin_until":"","discourse_post_id":"","discourse_permalink":"","wpdc_publishing_response":"","wpdc_publishing_error":"","footnotes":""},"class_list":["post-5696","page","type-page","status-publish","hentry"],"yoast_head":"<!-- This site is optimized with the Yoast SEO plugin v25.3.1 - https:\/\/yoast.com\/wordpress\/plugins\/seo\/ -->\n<title>Number Counter \u2014 Dodaj wtyczk\u0119 Counter do Wix (bezp\u0142atnie i szybko)<\/title>\n<meta name=\"description\" content=\"Wstaw animowany licznik liczb na swoj\u0105 stron\u0119 internetow\u0105 Wix, korzystaj\u0105c z naszej przydatnej wersji demonstracyjnej. Zbuduj swoj\u0105 unikaln\u0105 aplikacj\u0119 za pomoc\u0105 kilku klikni\u0119\u0107 i bez \u017cadnego wysi\u0142ku!\" \/>\n<meta name=\"robots\" content=\"index, follow, max-snippet:-1, max-image-preview:large, max-video-preview:-1\" \/>\n<link rel=\"canonical\" href=\"https:\/\/elfsight.com\/pl\/number-counter-widget\/wix\/\" \/>\n<meta property=\"og:locale\" content=\"pl_PL\" \/>\n<meta property=\"og:type\" content=\"article\" \/>\n<meta property=\"og:title\" content=\"Number Counter \u2014 Dodaj wtyczk\u0119 Counter do Wix (bezp\u0142atnie i szybko)\" \/>\n<meta property=\"og:description\" content=\"Wstaw animowany licznik liczb na swoj\u0105 stron\u0119 internetow\u0105 Wix, korzystaj\u0105c z naszej przydatnej wersji demonstracyjnej. Zbuduj swoj\u0105 unikaln\u0105 aplikacj\u0119 za pomoc\u0105 kilku klikni\u0119\u0107 i bez \u017cadnego wysi\u0142ku!\" \/>\n<meta property=\"og:url\" content=\"https:\/\/elfsight.com\/pl\/number-counter-widget\/wix\/\" \/>\n<meta property=\"og:site_name\" content=\"Elfsight PL\" \/>\n<meta property=\"article:modified_time\" content=\"2025-06-26T16:02:54+00:00\" \/>\n<meta name=\"twitter:card\" content=\"summary_large_image\" \/>\n<meta name=\"twitter:label1\" content=\"Szacowany czas czytania\" \/>\n\t<meta name=\"twitter:data1\" content=\"4 minuty\" \/>\n<!-- \/ Yoast SEO plugin. -->","yoast_head_json":{"title":"Number Counter \u2014 Dodaj wtyczk\u0119 Counter do Wix (bezp\u0142atnie i szybko)","description":"Wstaw animowany licznik liczb na swoj\u0105 stron\u0119 internetow\u0105 Wix, korzystaj\u0105c z naszej przydatnej wersji demonstracyjnej. Zbuduj swoj\u0105 unikaln\u0105 aplikacj\u0119 za pomoc\u0105 kilku klikni\u0119\u0107 i bez \u017cadnego wysi\u0142ku!","robots":{"index":"index","follow":"follow","max-snippet":"max-snippet:-1","max-image-preview":"max-image-preview:large","max-video-preview":"max-video-preview:-1"},"canonical":"https:\/\/elfsight.com\/pl\/number-counter-widget\/wix\/","og_locale":"pl_PL","og_type":"article","og_title":"Number Counter \u2014 Dodaj wtyczk\u0119 Counter do Wix (bezp\u0142atnie i szybko)","og_description":"Wstaw animowany licznik liczb na swoj\u0105 stron\u0119 internetow\u0105 Wix, korzystaj\u0105c z naszej przydatnej wersji demonstracyjnej. Zbuduj swoj\u0105 unikaln\u0105 aplikacj\u0119 za pomoc\u0105 kilku klikni\u0119\u0107 i bez \u017cadnego wysi\u0142ku!","og_url":"https:\/\/elfsight.com\/pl\/number-counter-widget\/wix\/","og_site_name":"Elfsight PL","article_modified_time":"2025-06-26T16:02:54+00:00","twitter_card":"summary_large_image","twitter_misc":{"Szacowany czas czytania":"4 minuty"},"schema":{"@context":"https:\/\/schema.org","@graph":[{"@type":"WebPage","@id":"https:\/\/elfsight.com\/pl\/number-counter-widget\/wix\/","url":"https:\/\/elfsight.com\/pl\/number-counter-widget\/wix\/","name":"Number Counter \u2014 Dodaj wtyczk\u0119 Counter do Wix (bezp\u0142atnie i szybko)","isPartOf":{"@id":"https:\/\/elfsight.com\/pl\/#website"},"datePublished":"2024-05-03T06:41:15+00:00","dateModified":"2025-06-26T16:02:54+00:00","description":"Wstaw animowany licznik liczb na swoj\u0105 stron\u0119 internetow\u0105 Wix, korzystaj\u0105c z naszej przydatnej wersji demonstracyjnej. Zbuduj swoj\u0105 unikaln\u0105 aplikacj\u0119 za pomoc\u0105 kilku klikni\u0119\u0107 i bez \u017cadnego wysi\u0142ku!","breadcrumb":{"@id":"https:\/\/elfsight.com\/pl\/number-counter-widget\/wix\/#breadcrumb"},"inLanguage":"pl-PL","potentialAction":[{"@type":"ReadAction","target":["https:\/\/elfsight.com\/pl\/number-counter-widget\/wix\/"]}]},{"@type":"BreadcrumbList","@id":"https:\/\/elfsight.com\/pl\/number-counter-widget\/wix\/#breadcrumb","itemListElement":[{"@type":"ListItem","position":1,"name":"Home","item":"https:\/\/elfsight.com\/pl\/"},{"@type":"ListItem","position":2,"name":"Number Counter","item":"https:\/\/elfsight.com\/pl\/number-counter-widget\/"},{"@type":"ListItem","position":3,"name":"Number Counter &#8211; Wix"}]},{"@type":"WebSite","@id":"https:\/\/elfsight.com\/pl\/#website","url":"https:\/\/elfsight.com\/pl\/","name":"Elfsight PL","description":"Just another Elfsight Sites site","potentialAction":[{"@type":"SearchAction","target":{"@type":"EntryPoint","urlTemplate":"https:\/\/elfsight.com\/pl\/?s={search_term_string}"},"query-input":{"@type":"PropertyValueSpecification","valueRequired":true,"valueName":"search_term_string"}}],"inLanguage":"pl-PL"}]}},"meta_box":{"industry":"","seo_heading":"","heading":"","description":"","cta_heading":"","cta_description":"","application":"2632","h1":"Aplikacja Licznik Liczb Wix","h1_caption":"Pochwal si\u0119 kluczowymi statystykami i kamieniami milowymi za pomoc\u0105 animowanych licznik\u00f3w, aby bez wysi\u0142ku podkre\u015bli\u0107 swoje osi\u0105gni\u0119cia w anga\u017cuj\u0105cy spos\u00f3b na swojej stronie Wix.","application_category":[],"applications_title":"","applications_request_title":"","applications_request_button_text":"","hero_text":"","hero_video":"","hero_video_schema_markup":"","selling_points_title":"","selling_points_caption":"","selling_points":[],"selling_points_cta_text":"","features_title":"","features":"","ed_cta_examples_text":"","ed_cta_examples_hidden":"","ed_cta_demo_text":"","ed_cta_demo_hidden":"","why_caption":"","why_editor_title":"","why_editor_text":"","why_team_title":"","why_team_text":"","why_service_title":"","why_service_text":"","template_catalog_visible":"0","template_catalog_title":"","template_catalog_text":"","template_catalog_categories_visible":"","demo_title":"Utw\u00f3rz aplikacj\u0119 Licznik Liczb","demo_caption":"Skonfiguruj sw\u00f3j Licznik Liczb i dodaj go za darmo do swojej witryny Wix!","default_faq_hidden":"","app_template_category":[],"platform":"30","template_public_id":"","codecanyon_url":"","codecanyon_item_id":"","codecanyon_price":"","pricing_caption":"","pricing_elfsight_apps_hide_column":"","pricing_elfsight_apps_url":"","pricing_codecanyon_price_caption":"","integration_category":[],"integration_request_title":"","integration_request_cta":"","integration_platform":"","integrations":[],"platform_category":[],"video_schema_markup":"","price":"od 0 USD \/ miesi\u0105c","trial":"","benefits":[{"text":"Bezp\u0142atna us\u0142uga monta\u017cu"},{"text":"Wsparcie premium"},{"text":"14-dniowa gwarancja zwrotu pieni\u0119dzy"}],"button_url":"#demo","button_target_blank":"0","button_nofollow":"0","attributes":[{"name":"Instaluje"},{"name":"Czu\u0142y"},{"name":"Kompatybilne przegl\u0105darki"}],"tags":[],"tags_disable_links":"0","hide_more_platforms":"0","video_object":"","demo_hide_cta":"0","demo_hide_cloud_options":"0","pricing_title":"","pricing":[{"pricing_icon":"platform","pricing_title":"Elfsight Apps","pricing_title_caption":"Oprogramowanie wieloplatformowe","pricing_price":"od 0 USD \/ miesi\u0105c","pricing_price_caption":"zacznij od bezp\u0142atnego planu","pricing_benefits":[{"text":"Nielimitowane domeny"},{"text":"Szybkie wsparcie"},{"text":"Bezp\u0142atna pomoc w monta\u017cu"},{"text":"Oferta specjalna na wiele aplikacji"}],"pricing_button_text":"Dodaj do witryny","pricing_button_url":"#demo"}],"related_apps_title":"","related_apps_hidden":"0","author":"","image":[],"title":"","job":"","social_networks":[]},"_links":{"self":[{"href":"https:\/\/elfsight.com\/pl\/wp-json\/wp\/v2\/pages\/5696","targetHints":{"allow":["GET"]}}],"collection":[{"href":"https:\/\/elfsight.com\/pl\/wp-json\/wp\/v2\/pages"}],"about":[{"href":"https:\/\/elfsight.com\/pl\/wp-json\/wp\/v2\/types\/page"}],"author":[{"embeddable":true,"href":"https:\/\/elfsight.com\/pl\/wp-json\/wp\/v2\/users\/9"}],"replies":[{"embeddable":true,"href":"https:\/\/elfsight.com\/pl\/wp-json\/wp\/v2\/comments?post=5696"}],"version-history":[{"count":3,"href":"https:\/\/elfsight.com\/pl\/wp-json\/wp\/v2\/pages\/5696\/revisions"}],"predecessor-version":[{"id":10605,"href":"https:\/\/elfsight.com\/pl\/wp-json\/wp\/v2\/pages\/5696\/revisions\/10605"}],"up":[{"embeddable":true,"href":"https:\/\/elfsight.com\/pl\/wp-json\/wp\/v2\/pages\/2633"}],"wp:attachment":[{"href":"https:\/\/elfsight.com\/pl\/wp-json\/wp\/v2\/media?parent=5696"}],"curies":[{"name":"wp","href":"https:\/\/api.w.org\/{rel}","templated":true}]}}