{"id":5695,"date":"2024-05-03T06:41:14","date_gmt":"2024-05-03T06:41:14","guid":{"rendered":"https:\/\/elfsight.com\/pl\/?page_id=5695"},"modified":"2024-11-14T08:57:24","modified_gmt":"2024-11-14T08:57:24","slug":"wordpress","status":"publish","type":"page","link":"https:\/\/elfsight.com\/pl\/number-counter-widget\/wordpress\/","title":{"rendered":"Number Counter &#8211; WordPress"},"content":{"rendered":"<div class=\"application-platform-content-item-description application-platform-content-item\" id=\"description\" data-nav-section=\"description\"> <h2>Osad\u017a licznik liczb w WordPressie za pomoc\u0105 wid\u017cetu Elfsight<\/h2> <p>Elfsight Number Counter to przyjazna dla u\u017cytkownika wtyczka do WordPressa z szeroki wachlarz opcji. To \u015bwietna funkcja, dzi\u0119ki kt\u00f3rej mo\u017cesz pochwali\u0107 si\u0119 imponuj\u0105cymi wska\u017anikami biznesowymi, liczb\u0105 wykonanych dotychczas prac i wieloma innymi. Wtyczka jest niezwykle elastyczna. Mo\u017cesz konstruowa\u0107 dowoln\u0105 liczb\u0119 licznik\u00f3w, organizowa\u0107 je w kolumny, wybiera\u0107 ikony z naszej kolekcji lub przesy\u0142a\u0107 w\u0142asne, zmienia\u0107 ich wielokolorowe lub jednokolorowe, do\u0142\u0105cza\u0107 podpisy wyja\u015bniaj\u0105ce pokazywane liczby, zmienia\u0107 kolor dowolnej funkcji, wybiera\u0107 zdj\u0119cie w tle i to nie wszystko. Zacznij budowa\u0107 sw\u00f3j licznik ju\u017c teraz i obserwuj, jak szybko rosn\u0105 statystyki Twojej g\u0142\u00f3wnej firmy! <\/p> <p><b>Zaprezentuj swoje wspania\u0142e osi\u0105gni\u0119cia swoim przysz\u0142ym klientom. Zdob\u0105d\u017a wi\u0119cej udanych ofert i potencjalnych klient\u00f3w! <\/b><\/p><div class=\"faq\" data-component=\"FAQ\"><div class=\"faq-item\">\r\n\t\t\t\t\t<div class=\"faq-item-question\">\r\n\t\t\t\t\t\t<h3 class=\"faq-item-question-text\">Jak doda\u0107 licznik liczb do strony WordPress?<\/h3>\r\n\r\n\t\t\t\t\t\t<div class=\"faq-item-question-icon\"><\/div>\r\n\t\t\t\t\t<\/div>\r\n\r\n\t\t\t\t\t<div class=\"faq-item-answer\">\r\n\t\t\t\t\t\t<div class=\"faq-item-answer-text\"><p>Instalacja zajmuje tylko kilka sekund. Poza tym nie musisz posiada\u0107 wiedzy z zakresu programowania webowego. <\/p><ol><li>Zmodyfikuj widget WordPress w darmowym konfiguratorze na \u017cywo. <\/li> <li>Uzyskaj sw\u00f3j indywidualny kod instalacyjny. <\/li> <li>Wklej kod w odpowiednim miejscu na zapleczu witryny. <\/li> <li>Dobra robota! Instalacja wtyczki licznika liczb na WordPress zosta\u0142a zako\u0144czona! <\/li><\/ol><p>Masz problemy z umieszczeniem wtyczki w WordPressie lub ustawieniem licznika liczb? Szczeg\u00f3\u0142owy przewodnik znajdziesz <a href=\"https:\/\/elfsight.com\/tutorials\/how-to-add-number-counter-to-website\/#how-to-add-number-counter-to-wordpress\">na tej stronie<\/a>.<\/p><\/div>\r\n\t\t\t\t\t<\/div>\r\n\t\t\t\t<\/div><div class=\"faq-item\">\r\n\t\t\t\t\t<div class=\"faq-item-question\">\r\n\t\t\t\t\t\t<h3 class=\"faq-item-question-text\">Czy mam mo\u017cliwo\u015b\u0107 sprawdzenia, jak widget b\u0119dzie wygl\u0105da\u0142 na mojej stronie internetowej?<\/h3>\r\n\r\n\t\t\t\t\t\t<div class=\"faq-item-question-icon\"><\/div>\r\n\t\t\t\t\t<\/div>\r\n\r\n\t\t\t\t\t<div class=\"faq-item-answer\">\r\n\t\t\t\t\t\t<div class=\"faq-item-answer-text\"><p>Tak, mo\u017cesz! Podczas tworzenia licznika liczb WordPress w <a href=\"https:\/\/elfsight.com\/number-counter-widget\/#demo\">kreatorze wtyczek na \u017cywo<\/a> zobaczysz wszystkie konfiguracje na Prawid\u0142owy. Licznik b\u0119dzie wygl\u0105da\u0142 dok\u0142adnie tak samo, jak w witrynie WordPress. <\/p><\/div>\r\n\t\t\t\t\t<\/div>\r\n\t\t\t\t<\/div><div class=\"faq-item\">\r\n\t\t\t\t\t<div class=\"faq-item-question\">\r\n\t\t\t\t\t\t<h3 class=\"faq-item-question-text\">Jakie inne wid\u017cety s\u0105 niezb\u0119dne dla witryny opartej na WordPressie?<\/h3>\r\n\r\n\t\t\t\t\t\t<div class=\"faq-item-question-icon\"><\/div>\r\n\t\t\t\t\t<\/div>\r\n\r\n\t\t\t\t\t<div class=\"faq-item-answer\">\r\n\t\t\t\t\t\t<div class=\"faq-item-answer-text\"><p>WordPress oferuje mn\u00f3stwo narz\u0119dzi dla ka\u017cdego rodzaju witryny internetowej. Ale zawsze mo\u017cesz skorzysta\u0107 z wtyczek Elfsight, bo nigdy nie b\u0119dziesz musia\u0142 ich kodowa\u0107, a wielokrotnie zwi\u0119ksz\u0105 one funkcjonalno\u015b\u0107 Twojego e-sklepu.<\/p><p><\/p>Przyk\u0142adowo, je\u015bli dodasz <a href=\"https:\/\/elfsight.com\/whatsapp-chat-widget\/wordpress\/\">WhatsApp<\/a> lub <a href=\"https:\/\/elfsight.com\/facebook-chat-widget\/wordpress\/\">Czat na Facebooku<\/a> do stron internetowych, poprawisz komunikacj\u0119 i obs\u0142ug\u0119 klienta, je\u015bli masz <a href=\"https:\/\/elfsight.com\/google-reviews-widget\/wordpress\/\">Recenzje Google<\/a> i <a href=\"https:\/\/elfsight.com\/testimonials-slider-widget\/wordpress\/\">Suwak opinii<\/a>, zaprezentujesz \u015bwietn\u0105 ocen\u0119 swojej niesamowitej firmy. <a href=\"https:\/\/elfsight.com\/youtube-channel-plugin-yottie\/wordpress\/\">Galeria YouTube<\/a> umo\u017cliwia wy\u015bwietlanie film\u00f3w edukacyjnych, reklamowych i obja\u015bniaj\u0105cych z jednego z najpopularniejszych film\u00f3w hostings.<p><\/p><\/div>\r\n\t\t\t\t\t<\/div>\r\n\t\t\t\t<\/div><\/div> <\/div> <div class=\"application-platform-content-item-features application-platform-content-item\" id=\"features\" data-nav-section=\"features\"> <h2>Oferujemy praktyczne i \u0142atwe funkcje, oto niekt\u00f3re z nich: <\/h2> <ul><li>Dowolna liczba licznik\u00f3w. <\/li><li>Nieograniczona liczba kolumn. <\/li><li>Do\u0142\u0105cz podpisy, nag\u0142\u00f3wki, przedrostki i postfiksy. <\/li><li>Wybierz typ ikony \u2014 pobierz j\u0105 z naszej kolekcji lub prze\u015blij w\u0142asn\u0105, dostosowan\u0105 do indywidualnych potrzeb. <\/li><li>Do\u0142\u0105cz linki. <\/li><\/ul><p><a href=\"#demo\">Wystarczy wypr\u00f3bowa\u0107 t\u0119 wersj\u0119 demonstracyjn\u0105, aby zobaczy\u0107, ile wart jest wid\u017cet<\/a><\/p> <\/div> <div class=\"application-platform-content-item-installation  application-platform-content-item\" id=\"installation \" data-nav-section=\"installation \"> <h2>Jak doda\u0107 licznik liczb do mojej witryny WordPress? <\/h2><div class=\"video-container\"><iframe width=\"720\" height=\"405\" src=\"https:\/\/www.youtube.com\/embed\/VbAcbSFFN60\" frameborder=\"0\" allowfullscreen=\"\"><\/iframe><\/div><p>Wystarczy spe\u0142ni\u0107 poni\u017csze wskaz\u00f3wki, aby rozpocz\u0105\u0107 prac\u0119 z narz\u0119dziem. <\/p> <ol><li><b>Skorzystaj z naszej bezp\u0142atnej wersji demonstracyjnej i zacznij tworzy\u0107 swoj\u0105 unikaln\u0105 wtyczk\u0119. <\/b><br> Znajd\u017a preferowan\u0105 form\u0119 i specyfikacje wtyczki i zastosuj wszystkie zmiany. <\/li> <li><b>Odbierz unikalny kod widoczny w pude\u0142ku w aplikacjach Elfsight. <\/b><br> Po zako\u0144czeniu konfiguracji osobistej wtyczki skopiuj ekskluzywny kod z wyskakuj\u0105cego okienka i zachowaj go na przysz\u0142o\u015b\u0107. <\/li> <li><b>Rozpocznij korzystanie z wtyczki na stronie internetowej WordPress. <\/b><br> Umie\u015b\u0107 skopiowany wcze\u015bniej kod na swojej stronie i zastosuj poprawki. <\/li> <li><b>Instalacja zosta\u0142a pomy\u015blnie uko\u0144czona. <\/b><br> Otw\u00f3rz swoj\u0105 witryn\u0119 i sprawd\u017a dzia\u0142anie wtyczki. <\/li><\/ol><p>Je\u015bli napotkasz jakie\u015b przeszkody, nie b\u00f3j si\u0119 zwr\u00f3ci\u0107 do naszego zespo\u0142u obs\u0142ugi klienta. Nasi konsultanci z przyjemno\u015bci\u0105 odpowiedz\u0105 na wszystkie pytania dotycz\u0105ce tego narz\u0119dzia. <\/p> <\/div>","protected":false},"excerpt":{"rendered":"","protected":false},"author":9,"featured_media":0,"parent":2633,"menu_order":0,"comment_status":"closed","ping_status":"closed","template":"templates\/template-application-platform.php","meta":{"publish_to_discourse":"","publish_post_category":"","wpdc_auto_publish_overridden":"","wpdc_topic_tags":"","wpdc_pin_topic":"","wpdc_pin_until":"","discourse_post_id":"","discourse_permalink":"","wpdc_publishing_response":"","wpdc_publishing_error":"","footnotes":""},"class_list":["post-5695","page","type-page","status-publish","hentry"],"yoast_head":"<!-- This site is optimized with the Yoast SEO plugin v25.3.1 - https:\/\/yoast.com\/wordpress\/plugins\/seo\/ -->\n<title>Licznik liczb \u2014 Dodaj wtyczk\u0119 Licznik do WordPress (bezp\u0142atnie i szybko)<\/title>\n<meta name=\"description\" content=\"U\u017cyj animowanego licznika liczb na swojej stronie internetowej WordPress. Utw\u00f3rz w\u0142asn\u0105 wtyczk\u0119 za pomoc\u0105 kilku klikni\u0119\u0107 w wersji demonstracyjnej i to bez \u017cadnego wysi\u0142ku!\" \/>\n<meta name=\"robots\" content=\"index, follow, max-snippet:-1, max-image-preview:large, max-video-preview:-1\" \/>\n<link rel=\"canonical\" href=\"https:\/\/elfsight.com\/pl\/number-counter-widget\/wordpress\/\" \/>\n<meta property=\"og:locale\" content=\"pl_PL\" \/>\n<meta property=\"og:type\" content=\"article\" \/>\n<meta property=\"og:title\" content=\"Licznik liczb \u2014 Dodaj wtyczk\u0119 Licznik do WordPress (bezp\u0142atnie i szybko)\" \/>\n<meta property=\"og:description\" content=\"U\u017cyj animowanego licznika liczb na swojej stronie internetowej WordPress. Utw\u00f3rz w\u0142asn\u0105 wtyczk\u0119 za pomoc\u0105 kilku klikni\u0119\u0107 w wersji demonstracyjnej i to bez \u017cadnego wysi\u0142ku!\" \/>\n<meta property=\"og:url\" content=\"https:\/\/elfsight.com\/pl\/number-counter-widget\/wordpress\/\" \/>\n<meta property=\"og:site_name\" content=\"Elfsight PL\" \/>\n<meta property=\"article:modified_time\" content=\"2024-11-14T08:57:24+00:00\" \/>\n<meta name=\"twitter:card\" content=\"summary_large_image\" \/>\n<meta name=\"twitter:label1\" content=\"Szacowany czas czytania\" \/>\n\t<meta name=\"twitter:data1\" content=\"3 minuty\" \/>\n<!-- \/ Yoast SEO plugin. -->","yoast_head_json":{"title":"Licznik liczb \u2014 Dodaj wtyczk\u0119 Licznik do WordPress (bezp\u0142atnie i szybko)","description":"U\u017cyj animowanego licznika liczb na swojej stronie internetowej WordPress. Utw\u00f3rz w\u0142asn\u0105 wtyczk\u0119 za pomoc\u0105 kilku klikni\u0119\u0107 w wersji demonstracyjnej i to bez \u017cadnego wysi\u0142ku!","robots":{"index":"index","follow":"follow","max-snippet":"max-snippet:-1","max-image-preview":"max-image-preview:large","max-video-preview":"max-video-preview:-1"},"canonical":"https:\/\/elfsight.com\/pl\/number-counter-widget\/wordpress\/","og_locale":"pl_PL","og_type":"article","og_title":"Licznik liczb \u2014 Dodaj wtyczk\u0119 Licznik do WordPress (bezp\u0142atnie i szybko)","og_description":"U\u017cyj animowanego licznika liczb na swojej stronie internetowej WordPress. Utw\u00f3rz w\u0142asn\u0105 wtyczk\u0119 za pomoc\u0105 kilku klikni\u0119\u0107 w wersji demonstracyjnej i to bez \u017cadnego wysi\u0142ku!","og_url":"https:\/\/elfsight.com\/pl\/number-counter-widget\/wordpress\/","og_site_name":"Elfsight PL","article_modified_time":"2024-11-14T08:57:24+00:00","twitter_card":"summary_large_image","twitter_misc":{"Szacowany czas czytania":"3 minuty"},"schema":{"@context":"https:\/\/schema.org","@graph":[{"@type":"WebPage","@id":"https:\/\/elfsight.com\/pl\/number-counter-widget\/wordpress\/","url":"https:\/\/elfsight.com\/pl\/number-counter-widget\/wordpress\/","name":"Licznik liczb \u2014 Dodaj wtyczk\u0119 Licznik do WordPress (bezp\u0142atnie i szybko)","isPartOf":{"@id":"https:\/\/elfsight.com\/pl\/#website"},"datePublished":"2024-05-03T06:41:14+00:00","dateModified":"2024-11-14T08:57:24+00:00","description":"U\u017cyj animowanego licznika liczb na swojej stronie internetowej WordPress. Utw\u00f3rz w\u0142asn\u0105 wtyczk\u0119 za pomoc\u0105 kilku klikni\u0119\u0107 w wersji demonstracyjnej i to bez \u017cadnego wysi\u0142ku!","breadcrumb":{"@id":"https:\/\/elfsight.com\/pl\/number-counter-widget\/wordpress\/#breadcrumb"},"inLanguage":"pl-PL","potentialAction":[{"@type":"ReadAction","target":["https:\/\/elfsight.com\/pl\/number-counter-widget\/wordpress\/"]}]},{"@type":"BreadcrumbList","@id":"https:\/\/elfsight.com\/pl\/number-counter-widget\/wordpress\/#breadcrumb","itemListElement":[{"@type":"ListItem","position":1,"name":"Home","item":"https:\/\/elfsight.com\/pl\/"},{"@type":"ListItem","position":2,"name":"Number Counter","item":"https:\/\/elfsight.com\/pl\/number-counter-widget\/"},{"@type":"ListItem","position":3,"name":"Number Counter &#8211; WordPress"}]},{"@type":"WebSite","@id":"https:\/\/elfsight.com\/pl\/#website","url":"https:\/\/elfsight.com\/pl\/","name":"Elfsight PL","description":"Just another Elfsight Sites site","potentialAction":[{"@type":"SearchAction","target":{"@type":"EntryPoint","urlTemplate":"https:\/\/elfsight.com\/pl\/?s={search_term_string}"},"query-input":{"@type":"PropertyValueSpecification","valueRequired":true,"valueName":"search_term_string"}}],"inLanguage":"pl-PL"}]}},"meta_box":{"industry":"","seo_heading":"","heading":"","description":"","cta_heading":"","cta_description":"","application":"2632","h1":"Wtyczka licznika liczb WordPress","h1_caption":"Pochwal si\u0119 kluczowymi statystykami i kamieniami milowymi za pomoc\u0105 animowanych licznik\u00f3w, aby bez wysi\u0142ku podkre\u015bli\u0107 swoje osi\u0105gni\u0119cia w anga\u017cuj\u0105cy spos\u00f3b na swojej stronie internetowej WordPress.","application_category":[],"applications_title":"","applications_request_title":"","applications_request_button_text":"","hero_text":"","hero_video":"","hero_video_schema_markup":"","selling_points_title":"","selling_points_caption":"","selling_points":[],"selling_points_cta_text":"","features_title":"","features":"","ed_cta_examples_text":"","ed_cta_examples_hidden":"","ed_cta_demo_text":"","ed_cta_demo_hidden":"","why_caption":"","why_editor_title":"","why_editor_text":"","why_team_title":"","why_team_text":"","why_service_title":"","why_service_text":"","template_catalog_visible":"","template_catalog_title":"","template_catalog_text":"","template_catalog_categories_visible":"","demo_title":"Utw\u00f3rz wtyczk\u0119 Licznik Liczb","demo_caption":"Skonfiguruj sw\u00f3j Licznik Liczb i dodaj go za darmo do swojej witryny WordPress!","default_faq_hidden":"","app_template_category":[],"platform":"31","template_public_id":"","codecanyon_url":"","codecanyon_item_id":"","codecanyon_price":"","pricing_caption":"","pricing_elfsight_apps_hide_column":"","pricing_elfsight_apps_url":"","pricing_codecanyon_price_caption":"","integration_category":[],"integration_request_title":"","integration_request_cta":"","integration_platform":"","integrations":[],"platform_category":[],"video_schema_markup":"","price":"od 0 USD \/ miesi\u0105c","trial":"","benefits":[{"text":"Bezp\u0142atna us\u0142uga monta\u017cu"},{"text":"Wyj\u0105tkowe wsparcie"},{"text":"14-dniowa gwarancja zwrotu pieni\u0119dzy"}],"button_url":"#demo","button_target_blank":"","button_nofollow":"","attributes":[{"name":"Instaluje"},{"name":"Czu\u0142y"},{"name":"Kompatybilne przegl\u0105darki"}],"tags":[],"tags_disable_links":"","hide_more_platforms":"","video_object":"","demo_hide_cta":"","demo_hide_cloud_options":"","pricing_title":"","pricing":[{"pricing_icon":"platform","pricing_title":"Elfsight Apps","pricing_title_caption":"Oprogramowanie niezale\u017cne od platformy","pricing_price":"od 0 USD \/ miesi\u0105c","pricing_price_caption":"zacznij od bezp\u0142atnego planu","pricing_benefits":[{"text":"Nielimitowane strony internetowe"},{"text":"Wsparcie premium"},{"text":"Bezp\u0142atna pomoc w instalacji"},{"text":"\u015awietna oferta na wiele aplikacji"}],"pricing_button_text":"Dodaj do witryny","pricing_button_url":"#demo"}],"related_apps_title":"","related_apps_hidden":"","author":"","image":[],"title":"","job":"","social_networks":[]},"_links":{"self":[{"href":"https:\/\/elfsight.com\/pl\/wp-json\/wp\/v2\/pages\/5695","targetHints":{"allow":["GET"]}}],"collection":[{"href":"https:\/\/elfsight.com\/pl\/wp-json\/wp\/v2\/pages"}],"about":[{"href":"https:\/\/elfsight.com\/pl\/wp-json\/wp\/v2\/types\/page"}],"author":[{"embeddable":true,"href":"https:\/\/elfsight.com\/pl\/wp-json\/wp\/v2\/users\/9"}],"replies":[{"embeddable":true,"href":"https:\/\/elfsight.com\/pl\/wp-json\/wp\/v2\/comments?post=5695"}],"version-history":[{"count":2,"href":"https:\/\/elfsight.com\/pl\/wp-json\/wp\/v2\/pages\/5695\/revisions"}],"predecessor-version":[{"id":7866,"href":"https:\/\/elfsight.com\/pl\/wp-json\/wp\/v2\/pages\/5695\/revisions\/7866"}],"up":[{"embeddable":true,"href":"https:\/\/elfsight.com\/pl\/wp-json\/wp\/v2\/pages\/2633"}],"wp:attachment":[{"href":"https:\/\/elfsight.com\/pl\/wp-json\/wp\/v2\/media?parent=5695"}],"curies":[{"name":"wp","href":"https:\/\/api.w.org\/{rel}","templated":true}]}}