{"id":5694,"date":"2024-05-03T06:41:13","date_gmt":"2024-05-03T06:41:13","guid":{"rendered":"https:\/\/elfsight.com\/pl\/?page_id=5694"},"modified":"2024-11-14T08:57:24","modified_gmt":"2024-11-14T08:57:24","slug":"woocommerce","status":"publish","type":"page","link":"https:\/\/elfsight.com\/pl\/number-counter-widget\/woocommerce\/","title":{"rendered":"Number Counter &#8211; WooCommerce"},"content":{"rendered":"<div class=\"application-platform-content-item-description application-platform-content-item\" id=\"description\" data-nav-section=\"description\"> <h2>Opis<\/h2> <p>Licznik liczb to \u0142atwa w u\u017cyciu wtyczka do WooCommerce z szerok\u0105 gam\u0105 funkcji. Warto pochwali\u0107 si\u0119 \u015bwietnymi wynikami biznesowymi, liczb\u0105 wykonanych dotychczas prac i nie tylko. Wtyczka jest niezwykle elastyczna. Mo\u017cesz skonstruowa\u0107 dowoln\u0105 liczb\u0119 licznik\u00f3w, ustawi\u0107 je w kolumnach, wybra\u0107 ikony z naszej biblioteki lub przes\u0142a\u0107 w\u0142asne, nada\u0107 im kolorowe lub jednolite kolory, do\u0142\u0105czy\u0107 tytu\u0142y w celu wyja\u015bnienia prezentowanych liczb, przemalowa\u0107 dowolny element, wybra\u0107 obraz t\u0142a, a to nawet nie po\u0142owa. Zacznij tworzy\u0107 swoj\u0105 funkcj\u0119 ju\u017c teraz i obserwuj, jak Twoje kluczowe statystyki biznesowe szybko rosn\u0105! <\/p> <p><b>Pochwal si\u0119 swoim przysz\u0142ym klientom swoimi imponuj\u0105cymi osi\u0105gni\u0119ciami. Zwi\u0119ksz liczb\u0119 udanych transakcji i potencjalnych klient\u00f3w! <\/b><\/p> <\/div> <div class=\"application-platform-content-item-features application-platform-content-item\" id=\"features\" data-nav-section=\"features\"> <h2>Poznaj list\u0119 najbardziej przydatnych funkcji: <\/h2> <ul><li>Nieograniczona liczba licznik\u00f3w. <\/li><li>Dowolna liczba kolumn. <\/li><li>Dodawaj tytu\u0142y, nag\u0142\u00f3wki, przedrostki i postfiksy. <\/li><li>Wybierz kategori\u0119 ikony \u2014 pobierz j\u0105 z naszej biblioteki lub prze\u015blij w\u0142asn\u0105. <\/li><li>Dodaj linki. <\/li><\/ul><p><a href=\"#demo\">Wypr\u00f3buj t\u0119 wersj\u0119 demonstracyjn\u0105, aby zobaczy\u0107, jak to dzia\u0142a<\/a><\/p> <\/div> <div class=\"application-platform-content-item-installation application-platform-content-item\" id=\"installation\" data-nav-section=\"installation\"> <h2>Jak osadzi\u0107 licznik liczb na mojej stronie WooCommerce? <\/h2> <p>Wystarczy post\u0119powa\u0107 zgodnie z poni\u017cszymi wskaz\u00f3wkami, aby osadzi\u0107 wtyczk\u0119. <\/p> <ol><li><b>Skorzystaj z naszej bezp\u0142atnej wersji demonstracyjnej i zacznij tworzy\u0107 sw\u00f3j unikalny instrument. <\/b><br> Okre\u015bl niestandardowy wygl\u0105d i specyfikacje narz\u0119dzia i zapisz poprawki. <\/li> <li><b>Zdob\u0105d\u017a kod osobisty wy\u015bwietlany w specjalnym formularzu w aplikacjach Elfsight. <\/b><br> Po zako\u0144czeniu tworzenia wtyczki skopiuj ekskluzywny kod z wyskakuj\u0105cego okienka i zachowaj go na dalsze potrzeby. <\/li> <li><b>Zacznij korzysta\u0107 z narz\u0119dzia na swojej stronie internetowej WooCommerce. <\/b><br> Zintegruj ostatnio zapisany kod ze swoj\u0105 stron\u0105 internetow\u0105 i zapisz zmiany. <\/li> <li><b>Instalacja zosta\u0142a pomy\u015blnie zako\u0144czona. <\/b><br> Przejd\u017a na swoj\u0105 stron\u0119 internetow\u0105 i zobacz, jak dzia\u0142a widget. <\/li><\/ol> <p>Je\u015bli masz pytania lub napotkasz pewne komplikacje, nie wahaj si\u0119 zwr\u00f3ci\u0107 o pomoc do naszego zespo\u0142u wsparcia. Nasi konsultanci z przyjemno\u015bci\u0105 pomog\u0105 Ci we wszystkich trudno\u015bciach, jakie mo\u017cesz mie\u0107 z wtyczk\u0105. <\/p> <div class=\"faq\" data-component=\"FAQ\"><div class=\"faq-item\">\r\n\t\t\t\t\t<div class=\"faq-item-question\">\r\n\t\t\t\t\t\t<h3 class=\"faq-item-question-text\">Czy istnieje spos\u00f3b na dodanie Licznika Liczb do mojej witryny WooCommerce bez umiej\u0119tno\u015bci kodowania?<\/h3>\r\n\r\n\t\t\t\t\t\t<div class=\"faq-item-question-icon\"><\/div>\r\n\t\t\t\t\t<\/div>\r\n\r\n\t\t\t\t\t<div class=\"faq-item-answer\">\r\n\t\t\t\t\t\t<div class=\"faq-item-answer-text\"> <p>Firma Elfsight dostarcza rozwi\u0105zanie, kt\u00f3re pozwala szerokiemu gronu odbiorc\u00f3w samodzielnie zbudowa\u0107 wid\u017cet Licznik Liczb , odkryj proste instrukcje: Przejd\u017a do wersji demonstracyjnej na \u017cywo, aby wygenerowa\u0107 wtyczk\u0119 licznika liczb, kt\u00f3r\u0105 chcesz zobaczy\u0107 na swojej stronie WooCommerce. Wybierz jeden z naszych gotowych szablon\u00f3w i zmie\u0144 ustawienia Licznika Liczb, zaktualizuj zawarto\u015b\u0107, zmie\u0144 uk\u0142ad i kolor element\u00f3w bez \u017cadnego do\u015bwiadczenia w kodowaniu. Kliknij, aby zapisa\u0107 Licznik Liczb i uzyska\u0107 kod instalacyjny wid\u017cetu, kt\u00f3ry mo\u017cesz \u0142atwo i bezp\u0142atnie osadzi\u0107 na swojej stronie g\u0142\u00f3wnej WooCommerce. Pracuj\u0105c w naszym przyjaznym dla u\u017cytkownika Edytorze, ka\u017cdy u\u017cytkownik Internetu mo\u017ce utworzy\u0107 sekcj\u0119 Licznik Liczb i bez problemu doda\u0107 j\u0105 do strony g\u0142\u00f3wnej WooCommerce. Aby uzyska\u0107 dost\u0119p do Edytora, nie trzeba p\u0142aci\u0107 ani wprowadza\u0107 danych karty. Je\u015bli na kt\u00f3rymkolwiek etapie napotkasz jakiekolwiek problemy, skontaktuj si\u0119 z naszym zespo\u0142em pomocy technicznej.<\/p> <\/div>\r\n\t\t\t\t\t<\/div>\r\n\t\t\t\t<\/div> <\/div><\/div>","protected":false},"excerpt":{"rendered":"","protected":false},"author":9,"featured_media":0,"parent":2633,"menu_order":0,"comment_status":"closed","ping_status":"closed","template":"templates\/template-application-platform.php","meta":{"publish_to_discourse":"","publish_post_category":"","wpdc_auto_publish_overridden":"","wpdc_topic_tags":"","wpdc_pin_topic":"","wpdc_pin_until":"","discourse_post_id":"","discourse_permalink":"","wpdc_publishing_response":"","wpdc_publishing_error":"","footnotes":""},"class_list":["post-5694","page","type-page","status-publish","hentry"],"yoast_head":"<!-- This site is optimized with the Yoast SEO plugin v25.3.1 - https:\/\/yoast.com\/wordpress\/plugins\/seo\/ -->\n<title>Number Counter \u2014 Dodaj wtyczk\u0119 Counter do WooCommerce (bezp\u0142atnie i szybko)<\/title>\n<meta name=\"description\" content=\"Dodaj licznik liczb na swojej stronie internetowej WooCommerce, korzystaj\u0105c z naszej aktywnej wersji demonstracyjnej. Ukszta\u0142tuj swoj\u0105 dostosowan\u0105 do indywidualnych potrzeb wtyczk\u0119 za pomoc\u0105 zaledwie kilku klikni\u0119\u0107!\" \/>\n<meta name=\"robots\" content=\"index, follow, max-snippet:-1, max-image-preview:large, max-video-preview:-1\" \/>\n<link rel=\"canonical\" href=\"https:\/\/elfsight.com\/pl\/number-counter-widget\/woocommerce\/\" \/>\n<meta property=\"og:locale\" content=\"pl_PL\" \/>\n<meta property=\"og:type\" content=\"article\" \/>\n<meta property=\"og:title\" content=\"Number Counter \u2014 Dodaj wtyczk\u0119 Counter do WooCommerce (bezp\u0142atnie i szybko)\" \/>\n<meta property=\"og:description\" content=\"Dodaj licznik liczb na swojej stronie internetowej WooCommerce, korzystaj\u0105c z naszej aktywnej wersji demonstracyjnej. Ukszta\u0142tuj swoj\u0105 dostosowan\u0105 do indywidualnych potrzeb wtyczk\u0119 za pomoc\u0105 zaledwie kilku klikni\u0119\u0107!\" \/>\n<meta property=\"og:url\" content=\"https:\/\/elfsight.com\/pl\/number-counter-widget\/woocommerce\/\" \/>\n<meta property=\"og:site_name\" content=\"Elfsight PL\" \/>\n<meta property=\"article:modified_time\" content=\"2024-11-14T08:57:24+00:00\" \/>\n<meta name=\"twitter:card\" content=\"summary_large_image\" \/>\n<meta name=\"twitter:label1\" content=\"Szacowany czas czytania\" \/>\n\t<meta name=\"twitter:data1\" content=\"3 minuty\" \/>\n<!-- \/ Yoast SEO plugin. -->","yoast_head_json":{"title":"Number Counter \u2014 Dodaj wtyczk\u0119 Counter do WooCommerce (bezp\u0142atnie i szybko)","description":"Dodaj licznik liczb na swojej stronie internetowej WooCommerce, korzystaj\u0105c z naszej aktywnej wersji demonstracyjnej. Ukszta\u0142tuj swoj\u0105 dostosowan\u0105 do indywidualnych potrzeb wtyczk\u0119 za pomoc\u0105 zaledwie kilku klikni\u0119\u0107!","robots":{"index":"index","follow":"follow","max-snippet":"max-snippet:-1","max-image-preview":"max-image-preview:large","max-video-preview":"max-video-preview:-1"},"canonical":"https:\/\/elfsight.com\/pl\/number-counter-widget\/woocommerce\/","og_locale":"pl_PL","og_type":"article","og_title":"Number Counter \u2014 Dodaj wtyczk\u0119 Counter do WooCommerce (bezp\u0142atnie i szybko)","og_description":"Dodaj licznik liczb na swojej stronie internetowej WooCommerce, korzystaj\u0105c z naszej aktywnej wersji demonstracyjnej. Ukszta\u0142tuj swoj\u0105 dostosowan\u0105 do indywidualnych potrzeb wtyczk\u0119 za pomoc\u0105 zaledwie kilku klikni\u0119\u0107!","og_url":"https:\/\/elfsight.com\/pl\/number-counter-widget\/woocommerce\/","og_site_name":"Elfsight PL","article_modified_time":"2024-11-14T08:57:24+00:00","twitter_card":"summary_large_image","twitter_misc":{"Szacowany czas czytania":"3 minuty"},"schema":{"@context":"https:\/\/schema.org","@graph":[{"@type":"WebPage","@id":"https:\/\/elfsight.com\/pl\/number-counter-widget\/woocommerce\/","url":"https:\/\/elfsight.com\/pl\/number-counter-widget\/woocommerce\/","name":"Number Counter \u2014 Dodaj wtyczk\u0119 Counter do WooCommerce (bezp\u0142atnie i szybko)","isPartOf":{"@id":"https:\/\/elfsight.com\/pl\/#website"},"datePublished":"2024-05-03T06:41:13+00:00","dateModified":"2024-11-14T08:57:24+00:00","description":"Dodaj licznik liczb na swojej stronie internetowej WooCommerce, korzystaj\u0105c z naszej aktywnej wersji demonstracyjnej. Ukszta\u0142tuj swoj\u0105 dostosowan\u0105 do indywidualnych potrzeb wtyczk\u0119 za pomoc\u0105 zaledwie kilku klikni\u0119\u0107!","breadcrumb":{"@id":"https:\/\/elfsight.com\/pl\/number-counter-widget\/woocommerce\/#breadcrumb"},"inLanguage":"pl-PL","potentialAction":[{"@type":"ReadAction","target":["https:\/\/elfsight.com\/pl\/number-counter-widget\/woocommerce\/"]}]},{"@type":"BreadcrumbList","@id":"https:\/\/elfsight.com\/pl\/number-counter-widget\/woocommerce\/#breadcrumb","itemListElement":[{"@type":"ListItem","position":1,"name":"Home","item":"https:\/\/elfsight.com\/pl\/"},{"@type":"ListItem","position":2,"name":"Number Counter","item":"https:\/\/elfsight.com\/pl\/number-counter-widget\/"},{"@type":"ListItem","position":3,"name":"Number Counter &#8211; WooCommerce"}]},{"@type":"WebSite","@id":"https:\/\/elfsight.com\/pl\/#website","url":"https:\/\/elfsight.com\/pl\/","name":"Elfsight PL","description":"Just another Elfsight Sites site","potentialAction":[{"@type":"SearchAction","target":{"@type":"EntryPoint","urlTemplate":"https:\/\/elfsight.com\/pl\/?s={search_term_string}"},"query-input":{"@type":"PropertyValueSpecification","valueRequired":true,"valueName":"search_term_string"}}],"inLanguage":"pl-PL"}]}},"meta_box":{"industry":"","seo_heading":"","heading":"","description":"","cta_heading":"","cta_description":"","application":"2632","h1":"Wtyczka licznika numer\u00f3w WooCommerce","h1_caption":"Pochwal si\u0119 kluczowymi statystykami i kamieniami milowymi za pomoc\u0105 animowanych licznik\u00f3w, aby bez wysi\u0142ku podkre\u015bli\u0107 swoje osi\u0105gni\u0119cia w anga\u017cuj\u0105cy spos\u00f3b na swojej stronie WooCommerce.","application_category":[],"applications_title":"","applications_request_title":"","applications_request_button_text":"","hero_text":"","hero_video":"","hero_video_schema_markup":"","selling_points_title":"","selling_points_caption":"","selling_points":[],"selling_points_cta_text":"","features_title":"","features":"","ed_cta_examples_text":"","ed_cta_examples_hidden":"","ed_cta_demo_text":"","ed_cta_demo_hidden":"","why_caption":"","why_editor_title":"","why_editor_text":"","why_team_title":"","why_team_text":"","why_service_title":"","why_service_text":"","template_catalog_visible":"","template_catalog_title":"","template_catalog_text":"","template_catalog_categories_visible":"","demo_title":"Utw\u00f3rz aplikacj\u0119 Licznik Liczb","demo_caption":"Skonfiguruj sw\u00f3j Licznik Liczb i dodaj go za darmo do swojej witryny WooCommerce!","default_faq_hidden":"","app_template_category":[],"platform":"335","template_public_id":"","codecanyon_url":"","codecanyon_item_id":"","codecanyon_price":"","pricing_caption":"","pricing_elfsight_apps_hide_column":"","pricing_elfsight_apps_url":"","pricing_codecanyon_price_caption":"","integration_category":[],"integration_request_title":"","integration_request_cta":"","integration_platform":"","integrations":[],"platform_category":[],"video_schema_markup":"","price":"od 0 USD \/ miesi\u0105c","trial":"","benefits":[{"text":"Bezp\u0142atna us\u0142uga monta\u017cu"},{"text":"Do\u015bwiadczona obs\u0142uga klienta"},{"text":"14-dniowa gwarancja zwrotu pieni\u0119dzy"}],"button_url":"#demo","button_target_blank":"","button_nofollow":"","attributes":[{"name":"Instaluje"},{"name":"Czu\u0142y"},{"name":"Kompatybilne przegl\u0105darki"}],"tags":[],"tags_disable_links":"","hide_more_platforms":"","video_object":"","demo_hide_cta":"","demo_hide_cloud_options":"","pricing_title":"","pricing":[{"pricing_icon":"platform","pricing_title":"Elfsight Apps","pricing_title_caption":"Oprogramowanie wieloplatformowe, kt\u00f3re pasuje do ka\u017cdej witryny","pricing_price":"od 0 USD \/ miesi\u0105c","pricing_price_caption":"zacznij od bezp\u0142atnego planu","pricing_benefits":[{"text":"Nielimitowane domeny"},{"text":"Szybka i terminowa pomoc oraz dobrze udokumentowana"},{"text":"Bezp\u0142atna us\u0142uga monta\u017cu"},{"text":"Elastyczny projekt"}],"pricing_button_text":"Dodaj do witryny","pricing_button_url":"#demo"}],"related_apps_title":"","related_apps_hidden":"","author":"","image":[],"title":"","job":"","social_networks":[]},"_links":{"self":[{"href":"https:\/\/elfsight.com\/pl\/wp-json\/wp\/v2\/pages\/5694","targetHints":{"allow":["GET"]}}],"collection":[{"href":"https:\/\/elfsight.com\/pl\/wp-json\/wp\/v2\/pages"}],"about":[{"href":"https:\/\/elfsight.com\/pl\/wp-json\/wp\/v2\/types\/page"}],"author":[{"embeddable":true,"href":"https:\/\/elfsight.com\/pl\/wp-json\/wp\/v2\/users\/9"}],"replies":[{"embeddable":true,"href":"https:\/\/elfsight.com\/pl\/wp-json\/wp\/v2\/comments?post=5694"}],"version-history":[{"count":1,"href":"https:\/\/elfsight.com\/pl\/wp-json\/wp\/v2\/pages\/5694\/revisions"}],"predecessor-version":[{"id":5698,"href":"https:\/\/elfsight.com\/pl\/wp-json\/wp\/v2\/pages\/5694\/revisions\/5698"}],"up":[{"embeddable":true,"href":"https:\/\/elfsight.com\/pl\/wp-json\/wp\/v2\/pages\/2633"}],"wp:attachment":[{"href":"https:\/\/elfsight.com\/pl\/wp-json\/wp\/v2\/media?parent=5694"}],"curies":[{"name":"wp","href":"https:\/\/api.w.org\/{rel}","templated":true}]}}