{"id":5693,"date":"2024-05-03T06:41:12","date_gmt":"2024-05-03T06:41:12","guid":{"rendered":"https:\/\/elfsight.com\/pl\/?page_id=5693"},"modified":"2024-11-14T08:53:21","modified_gmt":"2024-11-14T08:53:21","slug":"google-sites","status":"publish","type":"page","link":"https:\/\/elfsight.com\/pl\/number-counter-widget\/google-sites\/","title":{"rendered":"Number Counter &#8211; Google Sites"},"content":{"rendered":"<div class=\"application-platform-content-item-description application-platform-content-item\" id=\"description\" data-nav-section=\"description\"> <h2>Osad\u017a licznik liczb w Witrynach Google za pomoc\u0105 wid\u017cetu Elfsight<\/h2> <p>Licznik liczb Elfsight dla Witryn Google to zarz\u0105dzalna wtyczka z wieloma mo\u017cliwo\u015bciami funkcji do wyboru. Dobrze jest zaprezentowa\u0107 swoje doskona\u0142e wska\u017aniki biznesowe, ilo\u015b\u0107 wykonanych prac i wiele wi\u0119cej. Widget jest niezwykle konfigurowalny. Mo\u017cesz dodawa\u0107 dowoln\u0105 liczb\u0119 licznik\u00f3w, komponowa\u0107 je w kolumny, wybiera\u0107 ikony z naszej biblioteki lub przesy\u0142a\u0107 w\u0142asne, nadawa\u0107 im kolorowe lub jednolite kolory, do\u0142\u0105cza\u0107 podpisy, aby wyczy\u015bci\u0107 prezentowane liczby, przemalowywa\u0107 dowoln\u0105 funkcj\u0119, wybiera\u0107 obraz w tle, ale to nie wszystko. Zacznij tworzy\u0107 swoj\u0105 wtyczk\u0119 ju\u017c teraz i zobacz, jak Twoje kluczowe statystyki biznesowe szybko rosn\u0105! <\/p> <p><b>Pochwal si\u0119 potencjalnym klientom swoimi wspania\u0142ymi osi\u0105gni\u0119ciami. Zdob\u0105d\u017a wi\u0119cej udanych sprzeda\u017cy i potencjalnych klient\u00f3w! <\/b><\/p> <\/div> <div class=\"application-platform-content-item-features application-platform-content-item\" id=\"features\" data-nav-section=\"features\"> <h2>Wid\u017cet ma zaawansowane i nieskomplikowane funkcje, zobacz niekt\u00f3re z nich: <\/h2> <ul><li>Nieograniczona ilo\u015b\u0107 liczniki. <\/li><li>Nieograniczona liczba kolumn. <\/li><li>Do\u0142\u0105cz tytu\u0142y, nag\u0142\u00f3wki, przedrostki i postfiksy. <\/li><li>Zdecyduj o formacie ikony \u2014 pobierz j\u0105 z naszej biblioteki lub prze\u015blij w\u0142asn\u0105. <\/li><li>Do\u0142\u0105cz linki. <\/li><\/ul><p><a href=\"#demo\">Wypr\u00f3buj wszystkie opcje dostosowywania w w pe\u0142ni funkcjonalnej wersji demonstracyjnej<\/a><\/p> <\/div> <div class=\"application-platform-content-item-installation application-platform-content-item\" id=\"installation\" data-nav-section=\"installation\"> <h2>Jak osadzi\u0107 licznik liczb na mojej stronie internetowej Witryn Google? <\/h2><div class=\"video-container\"><iframe width=\"720\" height=\"405\" src=\"https:\/\/www.youtube.com\/embed\/I7FaUiI4T0o\" frameborder=\"0\" allowfullscreen=\"\"><\/iframe><\/div><p>Wystarczy post\u0119powa\u0107 zgodnie z poni\u017cszymi wskaz\u00f3wkami, aby rozpocz\u0105\u0107 prac\u0119 z narz\u0119dziem. <\/p> <ol><li><b>Wykorzystaj nasz darmowy edytor i zacznij budowa\u0107 sw\u00f3j w\u0142asny instrument. <\/b><br> Znajd\u017a preferowany interfejs i aspekty narz\u0119dzia i zapisz zmiany. <\/li> <li><b>Odbierz indywidualny kod pojawiaj\u0105cy si\u0119 w oknie aplikacji Elfsight. <\/b><br> Zaraz po zako\u0144czeniu tworzenia narz\u0119dzia skopiuj ekskluzywny kod z wy\u015bwietlonego pola i zachowaj go na p\u00f3\u017aniej. <\/li> <li><b>Rozpocznij korzystanie z wtyczki na stronie g\u0142\u00f3wnej Witryn Google. <\/b><br> Umie\u015b\u0107 ostatnio zapisany kod na swojej stronie internetowej i zapisz zmiany. <\/li> <li><b>Gotowe! Osadzanie zosta\u0142o w pe\u0142ni wykonane. <\/b><br> Przejd\u017a na swoj\u0105 stron\u0119 internetow\u0105, aby sprawdzi\u0107 dzia\u0142anie wtyczki. <\/li><\/ol> <div class=\"tip-yellow tip\"><b>Ze wzgl\u0119du na specyfik\u0119 dzia\u0142ania Witryn Google wid\u017cet mo\u017ce wygl\u0105da\u0107 inaczej ni\u017c wersja demonstracyjna online. Przepraszamy za wszelkie niedogodno\u015bci.<\/b><\/div><p>Je\u015bli masz pytania lub masz jakiekolwiek problemy, skontaktuj si\u0119 z naszym zespo\u0142em obs\u0142ugi klienta. Nasi specjali\u015bci z przyjemno\u015bci\u0105 odpowiedz\u0105 na wszystkie pytania dotycz\u0105ce tego narz\u0119dzia. <\/p> <div class=\"faq\" data-component=\"FAQ\"><div class=\"faq-item\">\r\n\t\t\t\t\t<div class=\"faq-item-question\">\r\n\t\t\t\t\t\t<h3 class=\"faq-item-question-text\">Czy istnieje spos\u00f3b na dodanie licznika liczb do strony g\u0142\u00f3wnej Witryn Google bez umiej\u0119tno\u015bci kodowania?<\/h3>\r\n\r\n\t\t\t\t\t\t<div class=\"faq-item-question-icon\"><\/div>\r\n\t\t\t\t\t<\/div>\r\n\r\n\t\t\t\t\t<div class=\"faq-item-answer\">\r\n\t\t\t\t\t\t<div class=\"faq-item-answer-text\"> <p>Elfsight wprowadza rozwi\u0105zanie SaaS, kt\u00f3re pozwala u\u017cytkownikom samodzielnie utworzy\u0107 sekcj\u0119 licznika liczb, sprawd\u017a prosty przewodnik: przejd\u017a do wersji demonstracyjnej na \u017cywo, aby utworzy\u0107 wid\u017cet licznika liczb, kt\u00f3ry ma by\u0107 wy\u015bwietlany w Twoich Witrynach Google. Wybierz jeden z wielu gotowych szablon\u00f3w i zmodyfikuj ustawienia Licznika Liczb, do\u0142\u0105cz swoj\u0105 tre\u015b\u0107, zmie\u0144 uk\u0142ad i kolory bez znajomo\u015bci kodowania. Zapisz ustawienia wprowadzone w Number Counter i skopiuj jego kod instalacyjny, kt\u00f3ry mo\u017cna bezp\u0142atnie umie\u015bci\u0107 na stronie internetowej Witryn Google. Pracuj\u0105c w prostym Konfiguratorze, ka\u017cdy u\u017cytkownik Internetu mo\u017ce utworzy\u0107 wid\u017cet Licznik Liczb online i po prostu doda\u0107 go do dowolnej strony g\u0142\u00f3wnej Witryn Google. Aby uzyska\u0107 dost\u0119p do naszej us\u0142ugi, nie ma potrzeby kupowania p\u0142atnego planu ani podawania danych karty. Je\u015bli na kt\u00f3rymkolwiek etapie napotkasz jakiekolwiek problemy, nie wahaj si\u0119 skontaktowa\u0107 z naszym zespo\u0142em pomocy technicznej.<\/p> <\/div>\r\n\t\t\t\t\t<\/div>\r\n\t\t\t\t<\/div> <\/div><\/div>","protected":false},"excerpt":{"rendered":"","protected":false},"author":9,"featured_media":0,"parent":2633,"menu_order":0,"comment_status":"closed","ping_status":"closed","template":"templates\/template-application-platform.php","meta":{"publish_to_discourse":"","publish_post_category":"","wpdc_auto_publish_overridden":"","wpdc_topic_tags":"","wpdc_pin_topic":"","wpdc_pin_until":"","discourse_post_id":"","discourse_permalink":"","wpdc_publishing_response":"","wpdc_publishing_error":"","footnotes":""},"class_list":["post-5693","page","type-page","status-publish","hentry"],"yoast_head":"<!-- This site is optimized with the Yoast SEO plugin v25.3.1 - https:\/\/yoast.com\/wordpress\/plugins\/seo\/ -->\n<title>Licznik liczb \u2013 dodaj wid\u017cet Licznik do Witryn Google (2026)<\/title>\n<meta name=\"description\" content=\"Zintegruj licznik liczb ze swoj\u0105 witryn\u0105 Witryn Google, korzystaj\u0105c z naszej przydatnej wersji demonstracyjnej. Zbuduj w\u0142asn\u0105 wtyczk\u0119 za pomoc\u0105 kilku klikni\u0119\u0107!\" \/>\n<meta name=\"robots\" content=\"index, follow, max-snippet:-1, max-image-preview:large, max-video-preview:-1\" \/>\n<link rel=\"canonical\" href=\"https:\/\/elfsight.com\/pl\/number-counter-widget\/google-sites\/\" \/>\n<meta property=\"og:locale\" content=\"pl_PL\" \/>\n<meta property=\"og:type\" content=\"article\" \/>\n<meta property=\"og:title\" content=\"Licznik liczb \u2013 dodaj wid\u017cet Licznik do Witryn Google (2026)\" \/>\n<meta property=\"og:description\" content=\"Zintegruj licznik liczb ze swoj\u0105 witryn\u0105 Witryn Google, korzystaj\u0105c z naszej przydatnej wersji demonstracyjnej. Zbuduj w\u0142asn\u0105 wtyczk\u0119 za pomoc\u0105 kilku klikni\u0119\u0107!\" \/>\n<meta property=\"og:url\" content=\"https:\/\/elfsight.com\/pl\/number-counter-widget\/google-sites\/\" \/>\n<meta property=\"og:site_name\" content=\"Elfsight PL\" \/>\n<meta property=\"article:modified_time\" content=\"2024-11-14T08:53:21+00:00\" \/>\n<meta name=\"twitter:card\" content=\"summary_large_image\" \/>\n<meta name=\"twitter:label1\" content=\"Szacowany czas czytania\" \/>\n\t<meta name=\"twitter:data1\" content=\"3 minuty\" \/>\n<!-- \/ Yoast SEO plugin. -->","yoast_head_json":{"title":"Licznik liczb \u2013 dodaj wid\u017cet Licznik do Witryn Google (2026)","description":"Zintegruj licznik liczb ze swoj\u0105 witryn\u0105 Witryn Google, korzystaj\u0105c z naszej przydatnej wersji demonstracyjnej. Zbuduj w\u0142asn\u0105 wtyczk\u0119 za pomoc\u0105 kilku klikni\u0119\u0107!","robots":{"index":"index","follow":"follow","max-snippet":"max-snippet:-1","max-image-preview":"max-image-preview:large","max-video-preview":"max-video-preview:-1"},"canonical":"https:\/\/elfsight.com\/pl\/number-counter-widget\/google-sites\/","og_locale":"pl_PL","og_type":"article","og_title":"Licznik liczb \u2013 dodaj wid\u017cet Licznik do Witryn Google (2026)","og_description":"Zintegruj licznik liczb ze swoj\u0105 witryn\u0105 Witryn Google, korzystaj\u0105c z naszej przydatnej wersji demonstracyjnej. Zbuduj w\u0142asn\u0105 wtyczk\u0119 za pomoc\u0105 kilku klikni\u0119\u0107!","og_url":"https:\/\/elfsight.com\/pl\/number-counter-widget\/google-sites\/","og_site_name":"Elfsight PL","article_modified_time":"2024-11-14T08:53:21+00:00","twitter_card":"summary_large_image","twitter_misc":{"Szacowany czas czytania":"3 minuty"},"schema":{"@context":"https:\/\/schema.org","@graph":[{"@type":"WebPage","@id":"https:\/\/elfsight.com\/pl\/number-counter-widget\/google-sites\/","url":"https:\/\/elfsight.com\/pl\/number-counter-widget\/google-sites\/","name":"Licznik liczb \u2013 dodaj wid\u017cet Licznik do Witryn Google (2026)","isPartOf":{"@id":"https:\/\/elfsight.com\/pl\/#website"},"datePublished":"2024-05-03T06:41:12+00:00","dateModified":"2024-11-14T08:53:21+00:00","description":"Zintegruj licznik liczb ze swoj\u0105 witryn\u0105 Witryn Google, korzystaj\u0105c z naszej przydatnej wersji demonstracyjnej. Zbuduj w\u0142asn\u0105 wtyczk\u0119 za pomoc\u0105 kilku klikni\u0119\u0107!","breadcrumb":{"@id":"https:\/\/elfsight.com\/pl\/number-counter-widget\/google-sites\/#breadcrumb"},"inLanguage":"pl-PL","potentialAction":[{"@type":"ReadAction","target":["https:\/\/elfsight.com\/pl\/number-counter-widget\/google-sites\/"]}]},{"@type":"BreadcrumbList","@id":"https:\/\/elfsight.com\/pl\/number-counter-widget\/google-sites\/#breadcrumb","itemListElement":[{"@type":"ListItem","position":1,"name":"Home","item":"https:\/\/elfsight.com\/pl\/"},{"@type":"ListItem","position":2,"name":"Number Counter","item":"https:\/\/elfsight.com\/pl\/number-counter-widget\/"},{"@type":"ListItem","position":3,"name":"Number Counter &#8211; Google Sites"}]},{"@type":"WebSite","@id":"https:\/\/elfsight.com\/pl\/#website","url":"https:\/\/elfsight.com\/pl\/","name":"Elfsight PL","description":"Just another Elfsight Sites site","potentialAction":[{"@type":"SearchAction","target":{"@type":"EntryPoint","urlTemplate":"https:\/\/elfsight.com\/pl\/?s={search_term_string}"},"query-input":{"@type":"PropertyValueSpecification","valueRequired":true,"valueName":"search_term_string"}}],"inLanguage":"pl-PL"}]}},"meta_box":{"industry":"","seo_heading":"","heading":"","description":"","cta_heading":"","cta_description":"","application":"2632","h1":"Wid\u017cet licznika numer\u00f3w Witryn Google","h1_caption":"Pochwal si\u0119 kluczowymi statystykami i kamieniami milowymi za pomoc\u0105 animowanych licznik\u00f3w, aby w atrakcyjny spos\u00f3b zaprezentowa\u0107 swoje osi\u0105gni\u0119cia w Witrynach Google.","application_category":[],"applications_title":"","applications_request_title":"","applications_request_button_text":"","hero_text":"","hero_video":"","hero_video_schema_markup":"","selling_points_title":"","selling_points_caption":"","selling_points":[],"selling_points_cta_text":"","features_title":"","features":"","ed_cta_examples_text":"","ed_cta_examples_hidden":"","ed_cta_demo_text":"","ed_cta_demo_hidden":"","why_caption":"","why_editor_title":"","why_editor_text":"","why_team_title":"","why_team_text":"","why_service_title":"","why_service_text":"","template_catalog_visible":"","template_catalog_title":"","template_catalog_text":"","template_catalog_categories_visible":"","demo_title":"Utw\u00f3rz wid\u017cet licznika liczb","demo_caption":"Skonfiguruj sw\u00f3j licznik liczb i dodaj go za darmo do swojej witryny Google Sites!","default_faq_hidden":"","app_template_category":[],"platform":"484","template_public_id":"","codecanyon_url":"","codecanyon_item_id":"","codecanyon_price":"","pricing_caption":"","pricing_elfsight_apps_hide_column":"","pricing_elfsight_apps_url":"","pricing_codecanyon_price_caption":"","integration_category":[],"integration_request_title":"","integration_request_cta":"","integration_platform":"","integrations":[],"platform_category":[],"video_schema_markup":"","price":"od 0 USD \/ miesi\u0105c","trial":"","benefits":[{"text":"Bezp\u0142atna pomoc w instalacji"},{"text":"Profesjonalna obs\u0142uga klienta"},{"text":"14-dniowa gwarancja zwrotu pieni\u0119dzy"}],"button_url":"#demo","button_target_blank":"","button_nofollow":"","attributes":[{"name":"Instaluje"},{"name":"Reakcja na co\u015b"},{"name":"Kompatybilne przegl\u0105darki"}],"tags":[],"tags_disable_links":"","hide_more_platforms":"","video_object":"","demo_hide_cta":"","demo_hide_cloud_options":"","pricing_title":"","pricing":[{"pricing_icon":"platform","pricing_title":"Elfsight Apps","pricing_title_caption":"Niezale\u017cne od platformy rozwi\u0105zanie cyfrowe","pricing_price":"od 0 USD \/ miesi\u0105c","pricing_price_caption":"zacznij od bezp\u0142atnego planu","pricing_benefits":[{"text":"Nielimitowane strony internetowe"},{"text":"Profesjonalne wsparcie"},{"text":"Bezp\u0142atne wsparcie przy instalacji"},{"text":"Specjalna oferta na wiele aplikacji"}],"pricing_button_text":"Dodaj do witryny","pricing_button_url":"#demo"}],"related_apps_title":"","related_apps_hidden":"","author":"","image":[],"title":"","job":"","social_networks":[]},"_links":{"self":[{"href":"https:\/\/elfsight.com\/pl\/wp-json\/wp\/v2\/pages\/5693","targetHints":{"allow":["GET"]}}],"collection":[{"href":"https:\/\/elfsight.com\/pl\/wp-json\/wp\/v2\/pages"}],"about":[{"href":"https:\/\/elfsight.com\/pl\/wp-json\/wp\/v2\/types\/page"}],"author":[{"embeddable":true,"href":"https:\/\/elfsight.com\/pl\/wp-json\/wp\/v2\/users\/9"}],"replies":[{"embeddable":true,"href":"https:\/\/elfsight.com\/pl\/wp-json\/wp\/v2\/comments?post=5693"}],"version-history":[{"count":2,"href":"https:\/\/elfsight.com\/pl\/wp-json\/wp\/v2\/pages\/5693\/revisions"}],"predecessor-version":[{"id":7865,"href":"https:\/\/elfsight.com\/pl\/wp-json\/wp\/v2\/pages\/5693\/revisions\/7865"}],"up":[{"embeddable":true,"href":"https:\/\/elfsight.com\/pl\/wp-json\/wp\/v2\/pages\/2633"}],"wp:attachment":[{"href":"https:\/\/elfsight.com\/pl\/wp-json\/wp\/v2\/media?parent=5693"}],"curies":[{"name":"wp","href":"https:\/\/api.w.org\/{rel}","templated":true}]}}