{"id":5687,"date":"2024-05-03T06:41:10","date_gmt":"2024-05-03T06:41:10","guid":{"rendered":"https:\/\/elfsight.com\/pl\/?page_id=5687"},"modified":"2024-10-23T13:33:02","modified_gmt":"2024-10-23T13:33:02","slug":"prestashop","status":"publish","type":"page","link":"https:\/\/elfsight.com\/pl\/number-counter-widget\/prestashop\/","title":{"rendered":"Number Counter &#8211; PrestaShop"},"content":{"rendered":"<div class=\"application-platform-content-item-description application-platform-content-item\" id=\"description\" data-nav-section=\"description\"> <h2>Opis<\/h2> <p>Licznik liczb to \u0142atwe w zarz\u0105dzaniu narz\u0119dzie z szerokim zakresem funkcji. To \u015bwietne narz\u0119dzie do pochwalenia si\u0119 doskona\u0142ymi wynikami biznesowymi, ilo\u015bci\u0105 wykonanej pracy i wieloma innymi informacjami. Narz\u0119dzie jest niezwykle konfigurowalne. Mo\u017cesz doda\u0107 dowoln\u0105 liczb\u0119 licznik\u00f3w, zorganizowa\u0107 je w kolumny, wybra\u0107 ikony z naszej kolekcji lub przes\u0142a\u0107 w\u0142asne, nada\u0107 im kolorowe lub jednokolorowe, doda\u0107 podpisy wyja\u015bniaj\u0105ce wy\u015bwietlane liczby, zmieni\u0107 kolor dowolnego elementu, wybra\u0107 obraz w tle, a to nawet nie po\u0142owa. Po prostu zacznij kszta\u0142towa\u0107 sw\u00f3j licznik ju\u017c teraz i zobacz, jak Twoje kluczowe statystyki biznesowe szybko rosn\u0105! <\/p> <p><b>Zwi\u0119ksz skuteczno\u015b\u0107 swojej witryny internetowej w celach biznesowych dzi\u0119ki licznikowi liczb<\/b><\/p> <\/div> <div class=\"application-platform-content-item-features application-platform-content-item\" id=\"features\" data-nav-section=\"features\"> <h2>Najwa\u017cniejsze funkcje widget\u00f3w <\/h2> <ul><li>Dowolna liczba licznik\u00f3w<\/li><li>Nieograniczona liczba kolumn<\/li><li>Do\u0142\u0105cz tytu\u0142y, nag\u0142\u00f3wki, postfiksy i przedrostki<\/li><li>Wybierz ikon\u0119 kategoria &#8211; wybierz j\u0105 z naszej biblioteki lub prze\u015blij w\u0142asn\u0105<\/li><li>Do\u0142\u0105cz linki <\/li><li>Ustaw pr\u0119dko\u015b\u0107 animacji<\/li><li>Okre\u015bl liczb\u0119 i format dziesi\u0119tny<\/li><li> Wybierz typ t\u0142a: Przezroczyste, Obraz lub Kolor<\/li><li>Ustaw ikony w wielu lub monokolorach<\/li><\/ul><p><a href=\"#demo\">Wystarczy sprawdzi\u0107 t\u0119 wersj\u0119 demonstracyjn\u0105, aby zobacz, ile wart jest widget<\/a><\/p> <\/div> <div class=\"application-platform-content-item-installation application-platform-content-item\" id=\"installation\" data-nav-section=\"installation\"> <h2>Jak mog\u0119 doda\u0107 licznik liczb do mojej strony PrestaShop? <\/h2> <p>Wystarczy post\u0119powa\u0107 zgodnie z poni\u017cszymi wskaz\u00f3wkami, aby rozpocz\u0105\u0107 korzystanie z dodatku. <\/p> <ol><li><b>Zarz\u0105dzaj naszym bezp\u0142atnym edytorem i zacznij tworzy\u0107 w\u0142asny widget. <\/b><br> Okre\u015bl wybrany interfejs i funkcje narz\u0119dzia oraz zastosuj modyfikacje. <\/li> <li><b>Odbierz osobisty kod pokazany w oknie aplikacji Elfsight. <\/b><br> Po zako\u0144czeniu tworzenia osobistego dodatku skopiuj indywidualny kod z wyskakuj\u0105cego okienka i zapisz go na p\u00f3\u017aniej. <\/li> <li><b>Zacznij korzysta\u0107 z narz\u0119dzia w swojej witrynie PrestaShop. <\/b><br> Zaimplementuj skopiowany wcze\u015bniej kod na swojej stronie internetowej i zapisz zmiany. <\/li> <li><b>Instalacja zosta\u0142a pomy\u015blnie zako\u0144czona. <\/b><br> Przejd\u017a do swojej witryny, aby zobaczy\u0107 dzia\u0142anie wid\u017cetu. <\/li><\/ol> <p>W przypadku pyta\u0144 lub komplikacji nie wahaj si\u0119 skontaktowa\u0107 z naszym zespo\u0142em obs\u0142ugi klienta. Nasi ludzie ch\u0119tnie odpowiedz\u0105 na wszystkie pytania dotycz\u0105ce widgetu. <\/p> <div class=\"faq\" data-component=\"FAQ\"><div class=\"faq-item\">\r\n\t\t\t\t\t<div class=\"faq-item-question\">\r\n\t\t\t\t\t\t<h3 class=\"faq-item-question-text\">W jaki spos\u00f3b mog\u0119 doda\u0107 licznik liczb do mojej witryny PrestaShop bez znajomo\u015bci kodowania?<\/h3>\r\n\r\n\t\t\t\t\t\t<div class=\"faq-item-question-icon\"><\/div>\r\n\t\t\t\t\t<\/div>\r\n\r\n\t\t\t\t\t<div class=\"faq-item-answer\">\r\n\t\t\t\t\t\t<div class=\"faq-item-answer-text\"> <p>Elfsight zapewnia rozwi\u0105zanie w chmurze, kt\u00f3re umo\u017cliwia u\u017cytkownikom samodzielne utworzenie aplikacji licznika liczb, sprawd\u017a jak prosty jest ten proces: Rozpocznij prac\u0119 bezpo\u015brednio w edytorze online, aby utworzy\u0107 aplikacj\u0119 Licznik liczb, kt\u00f3r\u0105 chcesz doda\u0107 w PrestaShop. Wybierz jeden z gotowych szablon\u00f3w i dostosuj ustawienia Licznika Liczb, zmie\u0144 uk\u0142ad i kolor element\u00f3w oraz zaktualizuj swoj\u0105 tre\u015b\u0107 bez umiej\u0119tno\u015bci kodowania. Zapisz Licznik Liczb i skopiuj kod instalacyjny, kt\u00f3ry mo\u017cna \u0142atwo i bezp\u0142atnie osadzi\u0107 w dowolnej witrynie PrestaShop. Pracuj\u0105c w naszym intuicyjnym Edytorze, ka\u017cdy u\u017cytkownik Internetu mo\u017ce utworzy\u0107 Licznik Liczb i doda\u0107 je do swojej witryny PrestaShop. Aby uzyska\u0107 dost\u0119p do Edytora, nie jest konieczne wykupienie p\u0142atnej subskrypcji ani podanie danych logowania do karty. Je\u015bli napotkasz jakiekolwiek problemy, skontaktuj si\u0119 z naszym technicznym dzia\u0142em obs\u0142ugi klienta.<\/p> <\/div>\r\n\t\t\t\t\t<\/div>\r\n\t\t\t\t<\/div> <\/div><\/div>","protected":false},"excerpt":{"rendered":"","protected":false},"author":9,"featured_media":0,"parent":2633,"menu_order":0,"comment_status":"closed","ping_status":"closed","template":"templates\/template-application-platform.php","meta":{"publish_to_discourse":"","publish_post_category":"","wpdc_auto_publish_overridden":"","wpdc_topic_tags":"","wpdc_pin_topic":"","wpdc_pin_until":"","discourse_post_id":"","discourse_permalink":"","wpdc_publishing_response":"","wpdc_publishing_error":"","footnotes":""},"class_list":["post-5687","page","type-page","status-publish","hentry"],"yoast_head":"<!-- This site is optimized with the Yoast SEO plugin v25.3.1 - https:\/\/yoast.com\/wordpress\/plugins\/seo\/ -->\n<title>Licznik liczb Elfsight dla stron PrestaShop (bezp\u0142atny i \u0142atwy)<\/title>\n<meta name=\"description\" content=\"Zintegruj licznik liczb ze swoj\u0105 witryn\u0105 PrestaShop, korzystaj\u0105c z wersji demonstracyjnej na \u017cywo. Skonstruuj sw\u00f3j w\u0142asny dodatek bez \u017cadnego wysi\u0142ku!\" \/>\n<meta name=\"robots\" content=\"index, follow, max-snippet:-1, max-image-preview:large, max-video-preview:-1\" \/>\n<link rel=\"canonical\" href=\"https:\/\/elfsight.com\/pl\/number-counter-widget\/prestashop\/\" \/>\n<meta property=\"og:locale\" content=\"pl_PL\" \/>\n<meta property=\"og:type\" content=\"article\" \/>\n<meta property=\"og:title\" content=\"Licznik liczb Elfsight dla stron PrestaShop (bezp\u0142atny i \u0142atwy)\" \/>\n<meta property=\"og:description\" content=\"Zintegruj licznik liczb ze swoj\u0105 witryn\u0105 PrestaShop, korzystaj\u0105c z wersji demonstracyjnej na \u017cywo. Skonstruuj sw\u00f3j w\u0142asny dodatek bez \u017cadnego wysi\u0142ku!\" \/>\n<meta property=\"og:url\" content=\"https:\/\/elfsight.com\/pl\/number-counter-widget\/prestashop\/\" \/>\n<meta property=\"og:site_name\" content=\"Elfsight PL\" \/>\n<meta property=\"article:modified_time\" content=\"2024-10-23T13:33:02+00:00\" \/>\n<meta name=\"twitter:card\" content=\"summary_large_image\" \/>\n<meta name=\"twitter:label1\" content=\"Szacowany czas czytania\" \/>\n\t<meta name=\"twitter:data1\" content=\"3 minuty\" \/>\n<!-- \/ Yoast SEO plugin. -->","yoast_head_json":{"title":"Licznik liczb Elfsight dla stron PrestaShop (bezp\u0142atny i \u0142atwy)","description":"Zintegruj licznik liczb ze swoj\u0105 witryn\u0105 PrestaShop, korzystaj\u0105c z wersji demonstracyjnej na \u017cywo. Skonstruuj sw\u00f3j w\u0142asny dodatek bez \u017cadnego wysi\u0142ku!","robots":{"index":"index","follow":"follow","max-snippet":"max-snippet:-1","max-image-preview":"max-image-preview:large","max-video-preview":"max-video-preview:-1"},"canonical":"https:\/\/elfsight.com\/pl\/number-counter-widget\/prestashop\/","og_locale":"pl_PL","og_type":"article","og_title":"Licznik liczb Elfsight dla stron PrestaShop (bezp\u0142atny i \u0142atwy)","og_description":"Zintegruj licznik liczb ze swoj\u0105 witryn\u0105 PrestaShop, korzystaj\u0105c z wersji demonstracyjnej na \u017cywo. Skonstruuj sw\u00f3j w\u0142asny dodatek bez \u017cadnego wysi\u0142ku!","og_url":"https:\/\/elfsight.com\/pl\/number-counter-widget\/prestashop\/","og_site_name":"Elfsight PL","article_modified_time":"2024-10-23T13:33:02+00:00","twitter_card":"summary_large_image","twitter_misc":{"Szacowany czas czytania":"3 minuty"},"schema":{"@context":"https:\/\/schema.org","@graph":[{"@type":"WebPage","@id":"https:\/\/elfsight.com\/pl\/number-counter-widget\/prestashop\/","url":"https:\/\/elfsight.com\/pl\/number-counter-widget\/prestashop\/","name":"Licznik liczb Elfsight dla stron PrestaShop (bezp\u0142atny i \u0142atwy)","isPartOf":{"@id":"https:\/\/elfsight.com\/pl\/#website"},"datePublished":"2024-05-03T06:41:10+00:00","dateModified":"2024-10-23T13:33:02+00:00","description":"Zintegruj licznik liczb ze swoj\u0105 witryn\u0105 PrestaShop, korzystaj\u0105c z wersji demonstracyjnej na \u017cywo. Skonstruuj sw\u00f3j w\u0142asny dodatek bez \u017cadnego wysi\u0142ku!","breadcrumb":{"@id":"https:\/\/elfsight.com\/pl\/number-counter-widget\/prestashop\/#breadcrumb"},"inLanguage":"pl-PL","potentialAction":[{"@type":"ReadAction","target":["https:\/\/elfsight.com\/pl\/number-counter-widget\/prestashop\/"]}]},{"@type":"BreadcrumbList","@id":"https:\/\/elfsight.com\/pl\/number-counter-widget\/prestashop\/#breadcrumb","itemListElement":[{"@type":"ListItem","position":1,"name":"Home","item":"https:\/\/elfsight.com\/pl\/"},{"@type":"ListItem","position":2,"name":"Number Counter","item":"https:\/\/elfsight.com\/pl\/number-counter-widget\/"},{"@type":"ListItem","position":3,"name":"Number Counter &#8211; PrestaShop"}]},{"@type":"WebSite","@id":"https:\/\/elfsight.com\/pl\/#website","url":"https:\/\/elfsight.com\/pl\/","name":"Elfsight PL","description":"Just another Elfsight Sites site","potentialAction":[{"@type":"SearchAction","target":{"@type":"EntryPoint","urlTemplate":"https:\/\/elfsight.com\/pl\/?s={search_term_string}"},"query-input":{"@type":"PropertyValueSpecification","valueRequired":true,"valueName":"search_term_string"}}],"inLanguage":"pl-PL"}]}},"meta_box":{"industry":"","seo_heading":"","heading":"","description":"","cta_heading":"","cta_description":"","application":"2632","h1":"Dodatek do licznika numer\u00f3w PrestaShop","h1_caption":"Pochwal si\u0119 kluczowymi statystykami i kamieniami milowymi za pomoc\u0105 animowanych licznik\u00f3w, aby bez wysi\u0142ku podkre\u015bli\u0107 swoje osi\u0105gni\u0119cia w anga\u017cuj\u0105cy spos\u00f3b na swojej stronie Prestashop.","application_category":[],"applications_title":"","applications_request_title":"","applications_request_button_text":"","hero_text":"","hero_video":"","hero_video_schema_markup":"","selling_points_title":"","selling_points_caption":"","selling_points":[],"selling_points_cta_text":"","features_title":"","features":"","ed_cta_examples_text":"","ed_cta_examples_hidden":"","ed_cta_demo_text":"","ed_cta_demo_hidden":"","why_caption":"","why_editor_title":"","why_editor_text":"","why_team_title":"","why_team_text":"","why_service_title":"","why_service_text":"","template_catalog_visible":"","template_catalog_title":"","template_catalog_text":"","template_catalog_categories_visible":"","demo_title":"Nie wahaj si\u0119 i utw\u00f3rz licznik numer\u00f3w PrestaShop dostosowany do Twoich potrzeb","demo_caption":"Dostosuj go i wstaw dodatek na swoj\u0105 stron\u0119 internetow\u0105, korzystaj\u0105c z wersji demonstracyjnej","default_faq_hidden":"","app_template_category":[],"platform":"586","template_public_id":"","codecanyon_url":"","codecanyon_item_id":"","codecanyon_price":"","pricing_caption":"","pricing_elfsight_apps_hide_column":"","pricing_elfsight_apps_url":"","pricing_codecanyon_price_caption":"","integration_category":[],"integration_request_title":"","integration_request_cta":"","integration_platform":"","integrations":[],"platform_category":[],"video_schema_markup":"","price":"od 0 USD \/ miesi\u0105c","trial":"","benefits":[{"text":"Bezp\u0142atna us\u0142uga monta\u017cu"},{"text":"Skuteczna obs\u0142uga klienta"},{"text":"14-dniowa gwarancja zwrotu pieni\u0119dzy"}],"button_url":"#demo","button_target_blank":"","button_nofollow":"","attributes":[{"name":"Instaluje"},{"name":"Czu\u0142y"},{"name":"Kompatybilne przegl\u0105darki"}],"tags":[],"tags_disable_links":"","hide_more_platforms":"","video_object":"","demo_hide_cta":"","demo_hide_cloud_options":"","pricing_title":"","pricing":[{"pricing_icon":"platform","pricing_title":"Elfsight Apps","pricing_title_caption":"Niezale\u017cne od platformy rozwi\u0105zanie, kt\u00f3re pasuje do ka\u017cdej witryny internetowej","pricing_price":"od 0 USD \/ miesi\u0105c","pricing_price_caption":"zacznij od bezp\u0142atnego planu","pricing_benefits":[{"text":"Nielimitowane strony internetowe"},{"text":"Wsparcie premium i na czas"},{"text":"Bezp\u0142atna us\u0142uga monta\u017cu"},{"text":"100% konfigurowalny"}],"pricing_button_text":"Dodaj do witryny","pricing_button_url":"#demo"}],"related_apps_title":"","related_apps_hidden":"","author":"","image":[],"title":"","job":"","social_networks":[]},"_links":{"self":[{"href":"https:\/\/elfsight.com\/pl\/wp-json\/wp\/v2\/pages\/5687","targetHints":{"allow":["GET"]}}],"collection":[{"href":"https:\/\/elfsight.com\/pl\/wp-json\/wp\/v2\/pages"}],"about":[{"href":"https:\/\/elfsight.com\/pl\/wp-json\/wp\/v2\/types\/page"}],"author":[{"embeddable":true,"href":"https:\/\/elfsight.com\/pl\/wp-json\/wp\/v2\/users\/9"}],"replies":[{"embeddable":true,"href":"https:\/\/elfsight.com\/pl\/wp-json\/wp\/v2\/comments?post=5687"}],"version-history":[{"count":1,"href":"https:\/\/elfsight.com\/pl\/wp-json\/wp\/v2\/pages\/5687\/revisions"}],"predecessor-version":[{"id":5691,"href":"https:\/\/elfsight.com\/pl\/wp-json\/wp\/v2\/pages\/5687\/revisions\/5691"}],"up":[{"embeddable":true,"href":"https:\/\/elfsight.com\/pl\/wp-json\/wp\/v2\/pages\/2633"}],"wp:attachment":[{"href":"https:\/\/elfsight.com\/pl\/wp-json\/wp\/v2\/media?parent=5687"}],"curies":[{"name":"wp","href":"https:\/\/api.w.org\/{rel}","templated":true}]}}