{"id":5686,"date":"2024-05-03T06:41:09","date_gmt":"2024-05-03T06:41:09","guid":{"rendered":"https:\/\/elfsight.com\/pl\/?page_id=5686"},"modified":"2024-10-23T13:33:18","modified_gmt":"2024-10-23T13:33:18","slug":"jimdo","status":"publish","type":"page","link":"https:\/\/elfsight.com\/pl\/number-counter-widget\/jimdo\/","title":{"rendered":"Number Counter &#8211; Jimdo"},"content":{"rendered":"<div class=\"application-platform-content-item-description application-platform-content-item\" id=\"description\" data-nav-section=\"description\"> <h2>Opis<\/h2> <p>Licznik liczb to \u0142atwe w obs\u0142udze narz\u0119dzie z du\u017c\u0105 ilo\u015bci\u0105 opcji do wyboru. To \u015bwietna funkcja, dzi\u0119ki kt\u00f3rej mo\u017cesz pochwali\u0107 si\u0119 wspania\u0142ymi statystykami biznesowymi, ilo\u015bci\u0105 wykonanej pracy i to nie wszystko. Wtyczka jest niezwykle konfigurowalna. Mo\u017cesz dodawa\u0107 nieograniczon\u0105 liczb\u0119 licznik\u00f3w, ustawia\u0107 je w kolumnach, wybiera\u0107 ikony z naszej biblioteki lub przesy\u0142a\u0107 niestandardowe, ustawia\u0107 je w kolorze lub monokolorze, do\u0142\u0105cza\u0107 tytu\u0142y, aby zapewni\u0107 odbiorcom mo\u017cliwe informacje, zmienia\u0107 kolor dowolnej funkcji, wybiera\u0107 obraz w tle, a to nawet nie po\u0142owa. Po prostu zacznij ju\u017c teraz tworzy\u0107 wtyczk\u0119 i obserwuj, jak rosn\u0105 statystyki Twojej g\u0142\u00f3wnej firmy! <\/p><p><b>Dzi\u0119ki Number Counter rozpocznij zr\u00f3wnowa\u017cony rozw\u00f3j biznesu i zwi\u0119ksz sprzeda\u017c <\/b><\/p> <\/div> <div class=\"application-platform-content-item-features application-platform-content-item\" id=\"features\" data-nav-section=\"features\"> <h2>Sprawd\u017a list\u0119 najwi\u0119ksze funkcje: <\/h2> <ul><li>Dowolna liczba licznik\u00f3w<\/li><li>Nieograniczona liczba kolumn<\/li><li>Do\u0142\u0105cz nag\u0142\u00f3wki, podpisy, postfiksy i przedrostki<\/li><li> Zdecyduj o typie ikony &#8211; wybierz j\u0105 z naszej biblioteki lub prze\u015blij w\u0142asn\u0105<\/li><li>Dodaj linki <\/li><li>Ustaw pr\u0119dko\u015b\u0107 animacji<\/li><li>Okre\u015bl liczb\u0119 i format dziesi\u0119tny<\/li><li>Wybierz typ t\u0142a: Obraz, Przezroczysty lub Kolor<\/li><li>Ustaw ikony w wielu lub monokolorach<\/li><\/ul><p><a href=\"#demo\">Testuj wszystkie opcje dostosowywania w pe\u0142ni funkcjonalnej wersji demonstracyjnej<\/a><\/p> <\/div> <div class=\"application-platform-content-item-installation application-platform-content-item\" id=\"installation\" data-nav-section=\"installation\"> <h2>Jak doda\u0107 licznik liczb do mojej witryny Jimdo? <\/h2> <p>Wystarczy wykona\u0107 kilka krok\u00f3w przedstawionych poni\u017cej, aby zintegrowa\u0107 narz\u0119dzie. <\/p> <ol><li><b>Skorzystaj z naszego bezp\u0142atnego edytora i zacznij tworzy\u0107 w\u0142asny widget. <\/b><br> Znajd\u017a preferowany wygl\u0105d i funkcjonalno\u015b\u0107 wid\u017cetu i zastosuj poprawki. <\/li> <li><b>Zdob\u0105d\u017a indywidualny kod, kt\u00f3ry pojawi si\u0119 w polu aplikacji Elfsight. <\/b><br> Po zako\u0144czeniu generowania wid\u017cetu skopiuj kod osobisty z wy\u015bwietlonego okna i zapisz go na przysz\u0142o\u015b\u0107. <\/li> <li><b>Wpisz ch\u0119\u0107 korzystania z wid\u017cetu na stronie internetowej Jimdo. <\/b><br> Wstaw skopiowany wcze\u015bniej kod na swoj\u0105 stron\u0119 internetow\u0105 i zapisz ulepszenia. <\/li> <li><b>Instalacja zosta\u0142a ca\u0142kowicie zako\u0144czona. <\/b><br> Przejd\u017a na swoj\u0105 stron\u0119, aby sprawdzi\u0107 dzia\u0142anie narz\u0119dzia. <\/li><\/ol> <p>Je\u015bli masz do czynienia z pytaniami lub napotykasz trudno\u015bci, skontaktuj si\u0119 z naszym personelem pomocniczym. Nasi specjali\u015bci ch\u0119tnie pomog\u0105 Ci we wszystkich problemach, jakie mo\u017cesz mie\u0107 z widgetem. <\/p> <div class=\"faq\" data-component=\"FAQ\"><div class=\"faq-item\">\r\n\t\t\t\t\t<div class=\"faq-item-question\">\r\n\t\t\t\t\t\t<h3 class=\"faq-item-question-text\">Czy istnieje spos\u00f3b na dodanie Licznika Liczb do mojej strony g\u0142\u00f3wnej Jimdo bez do\u015bwiadczenia w kodowaniu?<\/h3>\r\n\r\n\t\t\t\t\t\t<div class=\"faq-item-question-icon\"><\/div>\r\n\t\t\t\t\t<\/div>\r\n\r\n\t\t\t\t\t<div class=\"faq-item-answer\">\r\n\t\t\t\t\t\t<div class=\"faq-item-answer-text\"> <p>Firma Elfsight zapewnia rozwi\u0105zanie SaaS, kt\u00f3re umo\u017cliwia szerokiemu gronu odbiorc\u00f3w utworzenie wtyczki Licznik Liczb przekonaj si\u0119, jakie to nieskomplikowane: rozpocznij prac\u0119 bezpo\u015brednio w edytorze online, aby utworzy\u0107 wtyczk\u0119 Licznik Liczb, kt\u00f3r\u0105 chcesz doda\u0107 na stronie Jimdo. Wybierz jeden z wst\u0119pnie zaprojektowanych szablon\u00f3w i dostosuj ustawienia Licznika Liczb, zmieniaj uk\u0142ad i kolor element\u00f3w, w tym tre\u015bci, bez umiej\u0119tno\u015bci kodowania. Zapisz ustawienia wprowadzone w Number Counter i skopiuj kod instalacyjny, kt\u00f3ry mo\u017cesz wklei\u0107 na stronie Jimdo bez konieczno\u015bci kupowania p\u0142atnej subskrypcji. Pracuj\u0105c w naszym intuicyjnym Edytorze, ka\u017cdy u\u017cytkownik Internetu mo\u017ce wygenerowa\u0107 Licznik Liczb online i po prostu wklei\u0107 go na dowoln\u0105 stron\u0119 Jimdo. Nie ma potrzeby kupowania p\u0142atnego planu ani wprowadzania danych uwierzytelniaj\u0105cych karty, aby uzyska\u0107 dost\u0119p do Edytora Elfsight. Je\u015bli napotkasz jakiekolwiek przeszkody, nie wahaj si\u0119 porozmawia\u0107 z naszym personelem pomocy technicznej.<\/p> <\/div>\r\n\t\t\t\t\t<\/div>\r\n\t\t\t\t<\/div> <\/div><\/div>","protected":false},"excerpt":{"rendered":"","protected":false},"author":9,"featured_media":0,"parent":2633,"menu_order":0,"comment_status":"closed","ping_status":"closed","template":"templates\/template-application-platform.php","meta":{"publish_to_discourse":"","publish_post_category":"","wpdc_auto_publish_overridden":"","wpdc_topic_tags":"","wpdc_pin_topic":"","wpdc_pin_until":"","discourse_post_id":"","discourse_permalink":"","wpdc_publishing_response":"","wpdc_publishing_error":"","footnotes":""},"class_list":["post-5686","page","type-page","status-publish","hentry"],"yoast_head":"<!-- This site is optimized with the Yoast SEO plugin v25.3.1 - https:\/\/yoast.com\/wordpress\/plugins\/seo\/ -->\n<title>Licznik liczb Elfsight dla stron internetowych Jimdo (bezp\u0142atny i \u0142atwy)<\/title>\n<meta name=\"description\" content=\"Zintegruj licznik liczb ze swoj\u0105 witryn\u0105 Jimdo, korzystaj\u0105c z naszej wersji demonstracyjnej na \u017cywo. Skonstruuj sw\u00f3j w\u0142asny widget bez wysi\u0142ku!\" \/>\n<meta name=\"robots\" content=\"index, follow, max-snippet:-1, max-image-preview:large, max-video-preview:-1\" \/>\n<link rel=\"canonical\" href=\"https:\/\/elfsight.com\/pl\/number-counter-widget\/jimdo\/\" \/>\n<meta property=\"og:locale\" content=\"pl_PL\" \/>\n<meta property=\"og:type\" content=\"article\" \/>\n<meta property=\"og:title\" content=\"Licznik liczb Elfsight dla stron internetowych Jimdo (bezp\u0142atny i \u0142atwy)\" \/>\n<meta property=\"og:description\" content=\"Zintegruj licznik liczb ze swoj\u0105 witryn\u0105 Jimdo, korzystaj\u0105c z naszej wersji demonstracyjnej na \u017cywo. Skonstruuj sw\u00f3j w\u0142asny widget bez wysi\u0142ku!\" \/>\n<meta property=\"og:url\" content=\"https:\/\/elfsight.com\/pl\/number-counter-widget\/jimdo\/\" \/>\n<meta property=\"og:site_name\" content=\"Elfsight PL\" \/>\n<meta property=\"article:modified_time\" content=\"2024-10-23T13:33:18+00:00\" \/>\n<meta name=\"twitter:card\" content=\"summary_large_image\" \/>\n<meta name=\"twitter:label1\" content=\"Szacowany czas czytania\" \/>\n\t<meta name=\"twitter:data1\" content=\"3 minuty\" \/>\n<!-- \/ Yoast SEO plugin. -->","yoast_head_json":{"title":"Licznik liczb Elfsight dla stron internetowych Jimdo (bezp\u0142atny i \u0142atwy)","description":"Zintegruj licznik liczb ze swoj\u0105 witryn\u0105 Jimdo, korzystaj\u0105c z naszej wersji demonstracyjnej na \u017cywo. Skonstruuj sw\u00f3j w\u0142asny widget bez wysi\u0142ku!","robots":{"index":"index","follow":"follow","max-snippet":"max-snippet:-1","max-image-preview":"max-image-preview:large","max-video-preview":"max-video-preview:-1"},"canonical":"https:\/\/elfsight.com\/pl\/number-counter-widget\/jimdo\/","og_locale":"pl_PL","og_type":"article","og_title":"Licznik liczb Elfsight dla stron internetowych Jimdo (bezp\u0142atny i \u0142atwy)","og_description":"Zintegruj licznik liczb ze swoj\u0105 witryn\u0105 Jimdo, korzystaj\u0105c z naszej wersji demonstracyjnej na \u017cywo. Skonstruuj sw\u00f3j w\u0142asny widget bez wysi\u0142ku!","og_url":"https:\/\/elfsight.com\/pl\/number-counter-widget\/jimdo\/","og_site_name":"Elfsight PL","article_modified_time":"2024-10-23T13:33:18+00:00","twitter_card":"summary_large_image","twitter_misc":{"Szacowany czas czytania":"3 minuty"},"schema":{"@context":"https:\/\/schema.org","@graph":[{"@type":"WebPage","@id":"https:\/\/elfsight.com\/pl\/number-counter-widget\/jimdo\/","url":"https:\/\/elfsight.com\/pl\/number-counter-widget\/jimdo\/","name":"Licznik liczb Elfsight dla stron internetowych Jimdo (bezp\u0142atny i \u0142atwy)","isPartOf":{"@id":"https:\/\/elfsight.com\/pl\/#website"},"datePublished":"2024-05-03T06:41:09+00:00","dateModified":"2024-10-23T13:33:18+00:00","description":"Zintegruj licznik liczb ze swoj\u0105 witryn\u0105 Jimdo, korzystaj\u0105c z naszej wersji demonstracyjnej na \u017cywo. Skonstruuj sw\u00f3j w\u0142asny widget bez wysi\u0142ku!","breadcrumb":{"@id":"https:\/\/elfsight.com\/pl\/number-counter-widget\/jimdo\/#breadcrumb"},"inLanguage":"pl-PL","potentialAction":[{"@type":"ReadAction","target":["https:\/\/elfsight.com\/pl\/number-counter-widget\/jimdo\/"]}]},{"@type":"BreadcrumbList","@id":"https:\/\/elfsight.com\/pl\/number-counter-widget\/jimdo\/#breadcrumb","itemListElement":[{"@type":"ListItem","position":1,"name":"Home","item":"https:\/\/elfsight.com\/pl\/"},{"@type":"ListItem","position":2,"name":"Number Counter","item":"https:\/\/elfsight.com\/pl\/number-counter-widget\/"},{"@type":"ListItem","position":3,"name":"Number Counter &#8211; Jimdo"}]},{"@type":"WebSite","@id":"https:\/\/elfsight.com\/pl\/#website","url":"https:\/\/elfsight.com\/pl\/","name":"Elfsight PL","description":"Just another Elfsight Sites site","potentialAction":[{"@type":"SearchAction","target":{"@type":"EntryPoint","urlTemplate":"https:\/\/elfsight.com\/pl\/?s={search_term_string}"},"query-input":{"@type":"PropertyValueSpecification","valueRequired":true,"valueName":"search_term_string"}}],"inLanguage":"pl-PL"}]}},"meta_box":{"industry":"","seo_heading":"","heading":"","description":"","cta_heading":"","cta_description":"","application":"2632","h1":"Wid\u017cet licznika liczb Jimdo","h1_caption":"Pochwal si\u0119 kluczowymi statystykami i kamieniami milowymi za pomoc\u0105 animowanych licznik\u00f3w, aby bez wysi\u0142ku podkre\u015bli\u0107 swoje osi\u0105gni\u0119cia w anga\u017cuj\u0105cy spos\u00f3b na swojej stronie internetowej Jimdo.","application_category":[],"applications_title":"","applications_request_title":"","applications_request_button_text":"","hero_text":"","hero_video":"","hero_video_schema_markup":"","selling_points_title":"","selling_points_caption":"","selling_points":[],"selling_points_cta_text":"","features_title":"","features":"","ed_cta_examples_text":"","ed_cta_examples_hidden":"","ed_cta_demo_text":"","ed_cta_demo_hidden":"","why_caption":"","why_editor_title":"","why_editor_text":"","why_team_title":"","why_team_text":"","why_service_title":"","why_service_text":"","template_catalog_visible":"","template_catalog_title":"","template_catalog_text":"","template_catalog_categories_visible":"","demo_title":"\u015amia\u0142o, utw\u00f3rz spersonalizowany licznik numer\u00f3w Jimdo","demo_caption":"Spersonalizuj wid\u017cet i umie\u015b\u0107 narz\u0119dzie na swojej stronie, korzystaj\u0105c z wersji demonstracyjnej na \u017cywo.","default_faq_hidden":"","app_template_category":[],"platform":"193","template_public_id":"","codecanyon_url":"","codecanyon_item_id":"","codecanyon_price":"","pricing_caption":"","pricing_elfsight_apps_hide_column":"","pricing_elfsight_apps_url":"","pricing_codecanyon_price_caption":"","integration_category":[],"integration_request_title":"","integration_request_cta":"","integration_platform":"","integrations":[],"platform_category":[],"video_schema_markup":"","price":"od 0 USD \/ miesi\u0105c","trial":"","benefits":[{"text":"Bezp\u0142atna pomoc w monta\u017cu"},{"text":"Do\u015bwiadczona obs\u0142uga klienta"},{"text":"14-dniowa gwarancja zwrotu pieni\u0119dzy"}],"button_url":"#demo","button_target_blank":"","button_nofollow":"","attributes":[{"name":"Instaluje"},{"name":"Czu\u0142y"},{"name":"Kompatybilne przegl\u0105darki"}],"tags":[],"tags_disable_links":"","hide_more_platforms":"","video_object":"","demo_hide_cta":"","demo_hide_cloud_options":"","pricing_title":"","pricing":[{"pricing_icon":"platform","pricing_title":"Elfsight Apps","pricing_title_caption":"Wieloplatformowe rozwi\u0105zanie cyfrowe","pricing_price":"od 0 USD \/ miesi\u0105c","pricing_price_caption":"zacznij od bezp\u0142atnego planu","pricing_benefits":[{"text":"Nielimitowane domeny"},{"text":"Wsparcie premium"},{"text":"Bezp\u0142atne wsparcie instalacyjne"},{"text":"Elastyczny projekt"}],"pricing_button_text":"Dodaj do witryny","pricing_button_url":"#demo"}],"related_apps_title":"","related_apps_hidden":"","author":"","image":[],"title":"","job":"","social_networks":[]},"_links":{"self":[{"href":"https:\/\/elfsight.com\/pl\/wp-json\/wp\/v2\/pages\/5686","targetHints":{"allow":["GET"]}}],"collection":[{"href":"https:\/\/elfsight.com\/pl\/wp-json\/wp\/v2\/pages"}],"about":[{"href":"https:\/\/elfsight.com\/pl\/wp-json\/wp\/v2\/types\/page"}],"author":[{"embeddable":true,"href":"https:\/\/elfsight.com\/pl\/wp-json\/wp\/v2\/users\/9"}],"replies":[{"embeddable":true,"href":"https:\/\/elfsight.com\/pl\/wp-json\/wp\/v2\/comments?post=5686"}],"version-history":[{"count":1,"href":"https:\/\/elfsight.com\/pl\/wp-json\/wp\/v2\/pages\/5686\/revisions"}],"predecessor-version":[{"id":5690,"href":"https:\/\/elfsight.com\/pl\/wp-json\/wp\/v2\/pages\/5686\/revisions\/5690"}],"up":[{"embeddable":true,"href":"https:\/\/elfsight.com\/pl\/wp-json\/wp\/v2\/pages\/2633"}],"wp:attachment":[{"href":"https:\/\/elfsight.com\/pl\/wp-json\/wp\/v2\/media?parent=5686"}],"curies":[{"name":"wp","href":"https:\/\/api.w.org\/{rel}","templated":true}]}}