{"id":5680,"date":"2024-05-03T06:41:07","date_gmt":"2024-05-03T06:41:07","guid":{"rendered":"https:\/\/elfsight.com\/pl\/?page_id=5680"},"modified":"2024-11-14T09:27:00","modified_gmt":"2024-11-14T09:27:00","slug":"blogger","status":"publish","type":"page","link":"https:\/\/elfsight.com\/pl\/logo-showcase-widget\/blogger\/","title":{"rendered":"Logo Showcase &#8211; Blogger"},"content":{"rendered":"<div class=\"application-platform-content-item-description application-platform-content-item\" id=\"description\" data-nav-section=\"description\"><h2>Opis<\/h2> <p>Elfsight Logo Showcase b\u0119dzie najlepszym narz\u0119dziem umo\u017cliwiaj\u0105cym u\u017cytkownikom zobaczenie logo Twoich klient\u00f3w i promotor\u00f3w lub Twojej wzmianki prasowe na Twojej stronie. Za pomoc\u0105 tego widgetu \u0142atwo udowodnisz, \u017ce Twoja firma jest zaufanym partnerem i ustalisz pozytywn\u0105 wizj\u0119 swojego biznesu. Widget Logo Showcase umo\u017cliwia zintegrowanie dowolnej liczby emblemat\u00f3w, wbudowanie ich w suwak lub siatk\u0119 oraz zmian\u0119 skali logo. Mo\u017cesz wy\u015bwietli\u0107 podpis i linki do stron internetowych firm. Dzi\u0119ki r\u00f3\u017cnym opcjom kolor\u00f3w i czcionek mo\u017cesz stworzy\u0107 spersonalizowany interfejs. <\/p><p><b>Zwi\u0119ksz poziom sprzeda\u017cy, potwierdzaj\u0105c nienagann\u0105 reputacj\u0119 swojej firmy, dzi\u0119ki logo partner\u00f3w na swojej stronie. <\/b><\/p><\/div> <div class=\"application-platform-content-item-features application-platform-content-item\" id=\"features\" data-nav-section=\"features\"><h2>Funkcje<\/h2> <p>Sprawd\u017a list\u0119 wszystkich cech funkcjonalnych Logo Showcase. Mo\u017cesz je dostosowa\u0107 bezpo\u015brednio w edytorze, co pomo\u017ce Ci skonfigurowa\u0107 wid\u017cet specjalnie dla Twojego przypadku u\u017cycia. <\/p><ul><li>Mo\u017cliwo\u015b\u0107 po\u0142\u0105czenia ka\u017cdego logo z dowolnym adresem; <\/li><li>Prze\u0142\u0105czany nag\u0142\u00f3wek wid\u017cetu zawiera tytu\u0142 i tekst z opcjami formatowania; <\/li><li>Przycisk wezwania do dzia\u0142ania mo\u017ce po klikni\u0119ciu prowadzi\u0107 do dowolnej strony; <\/li><li>3 r\u00f3\u017cne uk\u0142ady wid\u017cet\u00f3w: suwak, siatka i karuzela; <\/li><li>Funkcja umo\u017cliwiaj\u0105ca dostosowanie rozmiaru logo i szeroko\u015bci wid\u017cetu; <\/li><li>Opcja wyboru dowolnego koloru t\u0142a lub dodania pliku. <\/li><\/ul><p><a href=\"#demo\">Przetestuj wszystkie inne funkcje w wersji demonstracyjnej<\/a><\/p><\/div> <div class=\"application-platform-content-item-installation application-platform-content-item\" id=\"installation\" data-nav-section=\"installation\"><h2> Jak mog\u0119 osadzi\u0107 prezentacj\u0119 logo w Bloggerze?<\/h2><div class=\"video-container\"><iframe width=\"720\" height=\"405\" src=\"https:\/\/www.youtube.com\/embed\/zgOIpN5Uv4w\" frameborder=\"0\" allowfullscreen=\"\"><\/iframe><\/div><p>Aby doda\u0107 wid\u017cet, wykonaj kilka szybkich krok\u00f3w<\/p><ul><li><b>Wygeneruj w\u0142asny Wid\u017cet logo<\/b><br>W naszej bezp\u0142atnej wersji demonstracyjnej skonfiguruj wtyczk\u0119 o niestandardowym wygl\u0105dzie i funkcjonalno\u015bci. <\/li> <li><b>Uzyskaj osobisty kod umo\u017cliwiaj\u0105cy dodanie wtyczki<\/b><br>Po ustawieniu wid\u017cetu otrzymasz kod instalacyjny w postaci powiadomienia pojawiaj\u0105cego si\u0119 w aplikacjach Elfsight. Skopiuj kod do wykorzystania w przysz\u0142o\u015bci. <\/li> <li><b>Zintegruj wtyczk\u0119 ze swoj\u0105 witryn\u0105 Bloggera<\/b><br>Znajd\u017a obszar, w kt\u00f3rym planujesz umie\u015bci\u0107 wtyczk\u0119 i wstaw tam zapisany kod. Zastosuj wyniki. <\/li> <li><b>Instalacja przebieg\u0142a pomy\u015blnie<\/b><br>Id\u017a do swojego sklepu, aby sprawdzi\u0107 swoj\u0105 prac\u0119. <\/li><\/ul><p>Je\u015bli potrzebujesz porady lub masz pytania, skontaktuj si\u0119 z obs\u0142ug\u0105 klienta. Ch\u0119tnie pomo\u017cemy w ka\u017cdym zapytaniu. <\/p><div class=\"faq\" data-component=\"FAQ\"><div class=\"faq-item\">\r\n\t\t\t\t\t<div class=\"faq-item-question\">\r\n\t\t\t\t\t\t<h3 class=\"faq-item-question-text\">Czy istnieje spos\u00f3b osadzenia aplikacji Logo Showcase na mojej stronie g\u0142\u00f3wnej Bloggera bez umiej\u0119tno\u015bci kodowania?<\/h3>\r\n\r\n\t\t\t\t\t\t<div class=\"faq-item-question-icon\"><\/div>\r\n\t\t\t\t\t<\/div>\r\n\r\n\t\t\t\t\t<div class=\"faq-item-answer\">\r\n\t\t\t\t\t\t<div class=\"faq-item-answer-text\"> <p>Firma Elfsight dostarcza rozwi\u0105zanie, kt\u00f3re umo\u017cliwia samodzielne utworzenie aplikacji Logo Showcase , zapoznaj si\u0119 z prostym przewodnikiem: Pracuj bezpo\u015brednio w aktywnym edytorze, aby utworzy\u0107 wid\u017cet Prezentacja logo, kt\u00f3ry chcesz umie\u015bci\u0107 w witrynie Bloggera. Kliknij jeden z naszych gotowych szablon\u00f3w i dostosuj ustawienia Logo Showcase, zmie\u0144 uk\u0142ad i kolorystyk\u0119 oraz zaktualizuj swoj\u0105 tre\u015b\u0107 bez kodowania. Zapisz Prezentacj\u0119 logo i uzyskaj kod instalacyjny, kt\u00f3ry mo\u017cna \u0142atwo wklei\u0107 na stronie Bloggera bez konieczno\u015bci zakupu p\u0142atnego planu. Korzystaj\u0105c z \u0142atwego w u\u017cyciu edytora, ka\u017cdy u\u017cytkownik Internetu mo\u017ce wygenerowa\u0107 prezentacj\u0119 logo online i po prostu osadzi\u0107 j\u0105 na swojej stronie g\u0142\u00f3wnej Bloggera. Aby uzyska\u0107 dost\u0119p do naszej us\u0142ugi, nie jest wymagane posiadanie p\u0142atnego planu ani wprowadzanie danych uwierzytelniaj\u0105cych karty. Je\u015bli na kt\u00f3rymkolwiek etapie napotkasz jakiekolwiek problemy, skontaktuj si\u0119 z nasz\u0105 techniczn\u0105 obs\u0142ug\u0105 klienta.<\/p> <\/div>\r\n\t\t\t\t\t<\/div>\r\n\t\t\t\t<\/div> <\/div><\/div>","protected":false},"excerpt":{"rendered":"","protected":false},"author":9,"featured_media":0,"parent":2536,"menu_order":0,"comment_status":"closed","ping_status":"closed","template":"templates\/template-application-platform.php","meta":{"publish_to_discourse":"","publish_post_category":"","wpdc_auto_publish_overridden":"","wpdc_topic_tags":"","wpdc_pin_topic":"","wpdc_pin_until":"","discourse_post_id":"","discourse_permalink":"","wpdc_publishing_response":"","wpdc_publishing_error":"","footnotes":""},"class_list":["post-5680","page","type-page","status-publish","hentry"],"yoast_head":"<!-- This site is optimized with the Yoast SEO plugin v25.3.1 - https:\/\/yoast.com\/wordpress\/plugins\/seo\/ -->\n<title>Karuzela z logo \u2014 dodanie wid\u017cetu Karuzela z logo do witryny Bloggera (2025)<\/title>\n<meta name=\"description\" content=\"Utworzenie wid\u017cetu Prezentacja logo i dodanie go do witryny Bloggera jest ca\u0142kowicie proste. Obs\u0142uga klienta Elfsight jest bezp\u0142atna i szybka.\" \/>\n<meta name=\"robots\" content=\"index, follow, max-snippet:-1, max-image-preview:large, max-video-preview:-1\" \/>\n<link rel=\"canonical\" href=\"https:\/\/elfsight.com\/pl\/logo-showcase-widget\/blogger\/\" \/>\n<meta property=\"og:locale\" content=\"pl_PL\" \/>\n<meta property=\"og:type\" content=\"article\" \/>\n<meta property=\"og:title\" content=\"Karuzela z logo \u2014 dodanie wid\u017cetu Karuzela z logo do witryny Bloggera (2025)\" \/>\n<meta property=\"og:description\" content=\"Utworzenie wid\u017cetu Prezentacja logo i dodanie go do witryny Bloggera jest ca\u0142kowicie proste. Obs\u0142uga klienta Elfsight jest bezp\u0142atna i szybka.\" \/>\n<meta property=\"og:url\" content=\"https:\/\/elfsight.com\/pl\/logo-showcase-widget\/blogger\/\" \/>\n<meta property=\"og:site_name\" content=\"Elfsight PL\" \/>\n<meta property=\"article:modified_time\" content=\"2024-11-14T09:27:00+00:00\" \/>\n<meta name=\"twitter:card\" content=\"summary_large_image\" \/>\n<meta name=\"twitter:label1\" content=\"Szacowany czas czytania\" \/>\n\t<meta name=\"twitter:data1\" content=\"3 minuty\" \/>\n<!-- \/ Yoast SEO plugin. -->","yoast_head_json":{"title":"Karuzela z logo \u2014 dodanie wid\u017cetu Karuzela z logo do witryny Bloggera (2025)","description":"Utworzenie wid\u017cetu Prezentacja logo i dodanie go do witryny Bloggera jest ca\u0142kowicie proste. Obs\u0142uga klienta Elfsight jest bezp\u0142atna i szybka.","robots":{"index":"index","follow":"follow","max-snippet":"max-snippet:-1","max-image-preview":"max-image-preview:large","max-video-preview":"max-video-preview:-1"},"canonical":"https:\/\/elfsight.com\/pl\/logo-showcase-widget\/blogger\/","og_locale":"pl_PL","og_type":"article","og_title":"Karuzela z logo \u2014 dodanie wid\u017cetu Karuzela z logo do witryny Bloggera (2025)","og_description":"Utworzenie wid\u017cetu Prezentacja logo i dodanie go do witryny Bloggera jest ca\u0142kowicie proste. Obs\u0142uga klienta Elfsight jest bezp\u0142atna i szybka.","og_url":"https:\/\/elfsight.com\/pl\/logo-showcase-widget\/blogger\/","og_site_name":"Elfsight PL","article_modified_time":"2024-11-14T09:27:00+00:00","twitter_card":"summary_large_image","twitter_misc":{"Szacowany czas czytania":"3 minuty"},"schema":{"@context":"https:\/\/schema.org","@graph":[{"@type":"WebPage","@id":"https:\/\/elfsight.com\/pl\/logo-showcase-widget\/blogger\/","url":"https:\/\/elfsight.com\/pl\/logo-showcase-widget\/blogger\/","name":"Karuzela z logo \u2014 dodanie wid\u017cetu Karuzela z logo do witryny Bloggera (2025)","isPartOf":{"@id":"https:\/\/elfsight.com\/pl\/#website"},"datePublished":"2024-05-03T06:41:07+00:00","dateModified":"2024-11-14T09:27:00+00:00","description":"Utworzenie wid\u017cetu Prezentacja logo i dodanie go do witryny Bloggera jest ca\u0142kowicie proste. Obs\u0142uga klienta Elfsight jest bezp\u0142atna i szybka.","breadcrumb":{"@id":"https:\/\/elfsight.com\/pl\/logo-showcase-widget\/blogger\/#breadcrumb"},"inLanguage":"pl-PL","potentialAction":[{"@type":"ReadAction","target":["https:\/\/elfsight.com\/pl\/logo-showcase-widget\/blogger\/"]}]},{"@type":"BreadcrumbList","@id":"https:\/\/elfsight.com\/pl\/logo-showcase-widget\/blogger\/#breadcrumb","itemListElement":[{"@type":"ListItem","position":1,"name":"Home","item":"https:\/\/elfsight.com\/pl\/"},{"@type":"ListItem","position":2,"name":"Logo Showcase","item":"https:\/\/elfsight.com\/pl\/logo-showcase-widget\/"},{"@type":"ListItem","position":3,"name":"Logo Showcase &#8211; Blogger"}]},{"@type":"WebSite","@id":"https:\/\/elfsight.com\/pl\/#website","url":"https:\/\/elfsight.com\/pl\/","name":"Elfsight PL","description":"Just another Elfsight Sites site","potentialAction":[{"@type":"SearchAction","target":{"@type":"EntryPoint","urlTemplate":"https:\/\/elfsight.com\/pl\/?s={search_term_string}"},"query-input":{"@type":"PropertyValueSpecification","valueRequired":true,"valueName":"search_term_string"}}],"inLanguage":"pl-PL"}]}},"meta_box":{"industry":"","seo_heading":"","heading":"","description":"","cta_heading":"","cta_description":"","application":"2535","h1":"Prezentacja logo Bloggera","h1_caption":"Wy\u015bwietlaj logo swoich partner\u00f3w, sponsor\u00f3w lub klient\u00f3w, bez wysi\u0142ku buduj\u0105c wiarygodno\u015b\u0107 i zaufanie do swojej marki w witrynie Bloggera.","application_category":[],"applications_title":"","applications_request_title":"","applications_request_button_text":"","hero_text":"","hero_video":"","hero_video_schema_markup":"","selling_points_title":"","selling_points_caption":"","selling_points":[],"selling_points_cta_text":"","features_title":"","features":"","ed_cta_examples_text":"","ed_cta_examples_hidden":"","ed_cta_demo_text":"","ed_cta_demo_hidden":"","why_caption":"","why_editor_title":"","why_editor_text":"","why_team_title":"","why_team_text":"","why_service_title":"","why_service_text":"","template_catalog_visible":"","template_catalog_title":"","template_catalog_text":"","template_catalog_categories_visible":"","demo_title":"Utw\u00f3rz wid\u017cet Prezentacja logo","demo_caption":"Skonfiguruj swoj\u0105 prezentacj\u0119 logo i dodaj j\u0105 do swojej witryny Bloggera za darmo!","default_faq_hidden":"","app_template_category":[],"platform":"44","template_public_id":"","codecanyon_url":"","codecanyon_item_id":"","codecanyon_price":"","pricing_caption":"","pricing_elfsight_apps_hide_column":"","pricing_elfsight_apps_url":"","pricing_codecanyon_price_caption":"","integration_category":[],"integration_request_title":"","integration_request_cta":"","integration_platform":"","integrations":[],"platform_category":[],"video_schema_markup":"","price":"od 0 USD \/ miesi\u0105c","trial":"","benefits":[{"text":"Bezp\u0142atna us\u0142uga monta\u017cu"},{"text":"Wsparcie premium"},{"text":"14-dniowa gwarancja zwrotu pieni\u0119dzy"}],"button_url":"#demo","button_target_blank":"","button_nofollow":"","attributes":[{"name":"Instaluje"},{"name":"Czu\u0142y"},{"name":"Kompatybilne przegl\u0105darki"}],"tags":[],"tags_disable_links":"","hide_more_platforms":"","video_object":"","demo_hide_cta":"","demo_hide_cloud_options":"","pricing_title":"","pricing":[{"pricing_icon":"platform","pricing_title":"Elfsight Apps","pricing_title_caption":"Niezale\u017cne od platformy rozwi\u0105zanie cyfrowe, kt\u00f3re dzia\u0142a na ka\u017cdej stronie","pricing_price":"od 0 USD \/ miesi\u0105c","pricing_price_caption":"zacznij od bezp\u0142atnego planu","pricing_benefits":[{"text":"Nielimitowane domeny"},{"text":"Szybka i terminowa pomoc oraz dobrze udokumentowana"},{"text":"Bezp\u0142atna pomoc przy instalacji"},{"text":"Elastyczny projekt"}],"pricing_button_text":"Dodaj do witryny","pricing_button_url":"#demo"}],"related_apps_title":"","related_apps_hidden":"","author":"","image":[],"title":"","job":"","social_networks":[]},"_links":{"self":[{"href":"https:\/\/elfsight.com\/pl\/wp-json\/wp\/v2\/pages\/5680","targetHints":{"allow":["GET"]}}],"collection":[{"href":"https:\/\/elfsight.com\/pl\/wp-json\/wp\/v2\/pages"}],"about":[{"href":"https:\/\/elfsight.com\/pl\/wp-json\/wp\/v2\/types\/page"}],"author":[{"embeddable":true,"href":"https:\/\/elfsight.com\/pl\/wp-json\/wp\/v2\/users\/9"}],"replies":[{"embeddable":true,"href":"https:\/\/elfsight.com\/pl\/wp-json\/wp\/v2\/comments?post=5680"}],"version-history":[{"count":2,"href":"https:\/\/elfsight.com\/pl\/wp-json\/wp\/v2\/pages\/5680\/revisions"}],"predecessor-version":[{"id":7864,"href":"https:\/\/elfsight.com\/pl\/wp-json\/wp\/v2\/pages\/5680\/revisions\/7864"}],"up":[{"embeddable":true,"href":"https:\/\/elfsight.com\/pl\/wp-json\/wp\/v2\/pages\/2536"}],"wp:attachment":[{"href":"https:\/\/elfsight.com\/pl\/wp-json\/wp\/v2\/media?parent=5680"}],"curies":[{"name":"wp","href":"https:\/\/api.w.org\/{rel}","templated":true}]}}