{"id":5679,"date":"2024-05-03T06:41:06","date_gmt":"2024-05-03T06:41:06","guid":{"rendered":"https:\/\/elfsight.com\/pl\/?page_id=5679"},"modified":"2024-11-14T09:27:00","modified_gmt":"2024-11-14T09:27:00","slug":"elementor","status":"publish","type":"page","link":"https:\/\/elfsight.com\/pl\/logo-showcase-widget\/elementor\/","title":{"rendered":"Logo Showcase &#8211; Elementor"},"content":{"rendered":"<div class=\"application-platform-content-item-description application-platform-content-item\" id=\"description\" data-nav-section=\"description\"><h2>Osad\u017a prezentacj\u0119 logo na Elementorze za pomoc\u0105 wid\u017cetu Elfsight<\/h2> <p>Prezentacja logo Elfsight to najprostsza technika pokazywania partner\u00f3w i partner\u00f3w logo promotor\u00f3w lub wzmianki prasowe na stronie. Dzi\u0119ki wid\u017cetowi Elfsight budujesz poczucie, \u017ce Twoja firma cieszy si\u0119 zaufaniem i wspierasz pozytywny wizerunek Twojej firmy. Wid\u017cet Prezentacja logo umo\u017cliwia przes\u0142anie wielu logo, zbudowanie ich w karuzel\u0119 lub siatk\u0119 oraz zmian\u0119 rozmiaru zdj\u0119\u0107. Mo\u017cesz napisa\u0107 podpis i linki do stron internetowych firmy. Dostosowuj\u0105c opcje kolor\u00f3w i czcionek, mo\u017cna \u0142atwo skonfigurowa\u0107 spersonalizowany interfejs. <\/p><p><b>Podnie\u015b poziom wiarygodno\u015bci swojej firmy, pokazuj\u0105c zakres logo swoich klient\u00f3w. <\/b><\/p><\/div> <div class=\"application-platform-content-item-features application-platform-content-item\" id=\"features\" data-nav-section=\"features\"><h2>G\u0142\u00f3wne funkcje wid\u017cetu Logo Showcase<\/h2> <p>Oto lista wszystkich funkcji Logo Showcase. Mo\u017cesz nimi zarz\u0105dza\u0107 bezpo\u015brednio w edytorze, a one pomog\u0105 Ci stworzy\u0107 wid\u017cet najbardziej odpowiedni dla Twojego przypadku. <\/p><ul><li>Mo\u017cliwo\u015b\u0107 po\u0142\u0105czenia ka\u017cdego logotypu z dowolnym adresem; <\/li><li>Prze\u0142\u0105czany nag\u0142\u00f3wek ma tytu\u0142 i tekst z ustawieniami formatowania; <\/li><li>Przycisk CTA mo\u017cna pod\u0142\u0105czy\u0107 do dowolnego adresu; <\/li><li>Trzy zr\u00f3wnowa\u017cone uk\u0142ady: suwak, siatka i karuzela; <\/li><li>Mo\u017cliwo\u015b\u0107 dostosowania rozmiaru logo i szeroko\u015bci wid\u017cetu; <\/li><li> Wybierz dowolny kolor t\u0142a lub dodaj swoje zdj\u0119cie. <\/li><\/ul><p><a href=\"#demo\">Wypr\u00f3buj wszystkie inne funkcje w wersji demonstracyjnej<\/a><\/p><\/div> <div class=\"application-platform-content-item-installation application-platform-content-item\" id=\"installation\" data-nav-section=\"installation\"><h2> Jak osadzi\u0107 Prezentacj\u0119 Logo na mojej stronie Elementora? <\/h2><div class=\"video-container\"><iframe width=\"720\" height=\"405\" src=\"https:\/\/www.youtube.com\/embed\/tW0yo33ImKg\" frameborder=\"0\" allowfullscreen=\"\"><\/iframe><\/div><p>Aby wprowadzi\u0107 wid\u017cet, post\u0119puj zgodnie z poni\u017cszymi instrukcjami<\/p><ul><li><b>Utw\u00f3rz sw\u00f3j unikalny wid\u017cet logo<\/b><br>Korzystaj\u0105c z naszego darmowy konfigurator, ukszta\u0142tuj wtyczk\u0119 o preferowanym sk\u0142adzie i funkcjonalno\u015bci. <\/li><li><b>Otrzymaj indywidualny kod do zainstalowania wtyczki<\/b><br>Po skonfigurowaniu wid\u017cetu otrzymasz sw\u00f3j osobisty kod z wyskakuj\u0105cego powiadomienia w aplikacji Elfsight. Skopiuj go do p\u00f3\u017aniejszego wykorzystania. <\/li><li><b>Dodaj wtyczk\u0119 na swojej stronie Elementora<\/b><br>Okre\u015bl obszar, do kt\u00f3rego chcesz doda\u0107 wtyczk\u0119 i wstaw tam zapisany kod. Opublikuj zmiany. <\/li><li><b>Gotowe! <\/b><br>Wejd\u017a na swoj\u0105 stron\u0119 i sprawd\u017a wtyczk\u0119. <\/li><\/ul><p>Nie zastanawiaj si\u0119 dwa razy, aby skontaktowa\u0107 si\u0119 z obs\u0142ug\u0105 klienta, je\u015bli potrzebujesz pomocy lub masz o co\u015b zapyta\u0107. Nasi specjali\u015bci ch\u0119tnie pomog\u0105 przy ka\u017cdym zg\u0142oszeniu. <\/p><div class=\"faq\" data-component=\"FAQ\"><div class=\"faq-item\">\r\n\t\t\t\t\t<div class=\"faq-item-question\">\r\n\t\t\t\t\t\t<h3 class=\"faq-item-question-text\">W jaki spos\u00f3b mo\u017cna doda\u0107 Prezentacj\u0119 Logo do mojej witryny Elementor bez do\u015bwiadczenia w kodowaniu?<\/h3>\r\n\r\n\t\t\t\t\t\t<div class=\"faq-item-question-icon\"><\/div>\r\n\t\t\t\t\t<\/div>\r\n\r\n\t\t\t\t\t<div class=\"faq-item-answer\">\r\n\t\t\t\t\t\t<div class=\"faq-item-answer-text\"> <p>Elfsight zapewnia rozwi\u0105zanie w chmurze, kt\u00f3re umo\u017cliwia szerokiemu gronu odbiorc\u00f3w utworzenie logo Zaprezentuj sekcj\u0119 samodzielnie, poznaj proste instrukcje: Przejd\u017a do edytora na \u017cywo, aby utworzy\u0107 aplikacj\u0119 Logo Showcase, kt\u00f3r\u0105 chcesz zintegrowa\u0107 z witryn\u0105 Elementor. Wybierz jeden z gotowych szablon\u00f3w i dostosuj ustawienia Logo Showcase, zmie\u0144 uk\u0142ad i kolor element\u00f3w, w tym tre\u015bci, bez do\u015bwiadczenia w kodowaniu. Kliknij, aby zapisa\u0107 Prezentacj\u0119 Logo i uzyska\u0107 kod wtyczki do osadzenia, kt\u00f3ry mo\u017cesz umie\u015bci\u0107 na stronie Elementora bez konieczno\u015bci zakupu p\u0142atnego planu. Za pomoc\u0105 intuicyjnego Edytora ka\u017cdy u\u017cytkownik Internetu mo\u017ce wygenerowa\u0107 wtyczk\u0119 Logo Showcase i \u0142atwo doda\u0107 j\u0105 do swojej witryny Elementor. Aby uzyska\u0107 dost\u0119p do us\u0142ugi, nie jest konieczne p\u0142acenie ani wprowadzanie danych karty. Je\u015bli na kt\u00f3rymkolwiek etapie napotkasz jakiekolwiek problemy, skontaktuj si\u0119 z naszym personelem pomocy technicznej.<\/p> <\/div>\r\n\t\t\t\t\t<\/div>\r\n\t\t\t\t<\/div> <\/div><\/div>","protected":false},"excerpt":{"rendered":"","protected":false},"author":9,"featured_media":0,"parent":2536,"menu_order":0,"comment_status":"closed","ping_status":"closed","template":"templates\/template-application-platform.php","meta":{"publish_to_discourse":"","publish_post_category":"","wpdc_auto_publish_overridden":"","wpdc_topic_tags":"","wpdc_pin_topic":"","wpdc_pin_until":"","discourse_post_id":"","discourse_permalink":"","wpdc_publishing_response":"","wpdc_publishing_error":"","footnotes":""},"class_list":["post-5679","page","type-page","status-publish","hentry"],"yoast_head":"<!-- This site is optimized with the Yoast SEO plugin v25.3.1 - https:\/\/yoast.com\/wordpress\/plugins\/seo\/ -->\n<title>Prezentacja logo \u2014 dodaj wid\u017cet Karuzela z logo do witryny Elementor (2025)<\/title>\n<meta name=\"description\" content=\"Utworzenie wid\u017cetu Prezentacja logo i dodanie go do witryny Elementor jest ca\u0142kowicie proste. Obs\u0142uga klienta Elfsight jest bezp\u0142atna i szybka.\" \/>\n<meta name=\"robots\" content=\"index, follow, max-snippet:-1, max-image-preview:large, max-video-preview:-1\" \/>\n<link rel=\"canonical\" href=\"https:\/\/elfsight.com\/pl\/logo-showcase-widget\/elementor\/\" \/>\n<meta property=\"og:locale\" content=\"pl_PL\" \/>\n<meta property=\"og:type\" content=\"article\" \/>\n<meta property=\"og:title\" content=\"Prezentacja logo \u2014 dodaj wid\u017cet Karuzela z logo do witryny Elementor (2025)\" \/>\n<meta property=\"og:description\" content=\"Utworzenie wid\u017cetu Prezentacja logo i dodanie go do witryny Elementor jest ca\u0142kowicie proste. Obs\u0142uga klienta Elfsight jest bezp\u0142atna i szybka.\" \/>\n<meta property=\"og:url\" content=\"https:\/\/elfsight.com\/pl\/logo-showcase-widget\/elementor\/\" \/>\n<meta property=\"og:site_name\" content=\"Elfsight PL\" \/>\n<meta property=\"article:modified_time\" content=\"2024-11-14T09:27:00+00:00\" \/>\n<meta name=\"twitter:card\" content=\"summary_large_image\" \/>\n<meta name=\"twitter:label1\" content=\"Szacowany czas czytania\" \/>\n\t<meta name=\"twitter:data1\" content=\"3 minuty\" \/>\n<!-- \/ Yoast SEO plugin. -->","yoast_head_json":{"title":"Prezentacja logo \u2014 dodaj wid\u017cet Karuzela z logo do witryny Elementor (2025)","description":"Utworzenie wid\u017cetu Prezentacja logo i dodanie go do witryny Elementor jest ca\u0142kowicie proste. Obs\u0142uga klienta Elfsight jest bezp\u0142atna i szybka.","robots":{"index":"index","follow":"follow","max-snippet":"max-snippet:-1","max-image-preview":"max-image-preview:large","max-video-preview":"max-video-preview:-1"},"canonical":"https:\/\/elfsight.com\/pl\/logo-showcase-widget\/elementor\/","og_locale":"pl_PL","og_type":"article","og_title":"Prezentacja logo \u2014 dodaj wid\u017cet Karuzela z logo do witryny Elementor (2025)","og_description":"Utworzenie wid\u017cetu Prezentacja logo i dodanie go do witryny Elementor jest ca\u0142kowicie proste. Obs\u0142uga klienta Elfsight jest bezp\u0142atna i szybka.","og_url":"https:\/\/elfsight.com\/pl\/logo-showcase-widget\/elementor\/","og_site_name":"Elfsight PL","article_modified_time":"2024-11-14T09:27:00+00:00","twitter_card":"summary_large_image","twitter_misc":{"Szacowany czas czytania":"3 minuty"},"schema":{"@context":"https:\/\/schema.org","@graph":[{"@type":"WebPage","@id":"https:\/\/elfsight.com\/pl\/logo-showcase-widget\/elementor\/","url":"https:\/\/elfsight.com\/pl\/logo-showcase-widget\/elementor\/","name":"Prezentacja logo \u2014 dodaj wid\u017cet Karuzela z logo do witryny Elementor (2025)","isPartOf":{"@id":"https:\/\/elfsight.com\/pl\/#website"},"datePublished":"2024-05-03T06:41:06+00:00","dateModified":"2024-11-14T09:27:00+00:00","description":"Utworzenie wid\u017cetu Prezentacja logo i dodanie go do witryny Elementor jest ca\u0142kowicie proste. Obs\u0142uga klienta Elfsight jest bezp\u0142atna i szybka.","breadcrumb":{"@id":"https:\/\/elfsight.com\/pl\/logo-showcase-widget\/elementor\/#breadcrumb"},"inLanguage":"pl-PL","potentialAction":[{"@type":"ReadAction","target":["https:\/\/elfsight.com\/pl\/logo-showcase-widget\/elementor\/"]}]},{"@type":"BreadcrumbList","@id":"https:\/\/elfsight.com\/pl\/logo-showcase-widget\/elementor\/#breadcrumb","itemListElement":[{"@type":"ListItem","position":1,"name":"Home","item":"https:\/\/elfsight.com\/pl\/"},{"@type":"ListItem","position":2,"name":"Logo Showcase","item":"https:\/\/elfsight.com\/pl\/logo-showcase-widget\/"},{"@type":"ListItem","position":3,"name":"Logo Showcase &#8211; Elementor"}]},{"@type":"WebSite","@id":"https:\/\/elfsight.com\/pl\/#website","url":"https:\/\/elfsight.com\/pl\/","name":"Elfsight PL","description":"Just another Elfsight Sites site","potentialAction":[{"@type":"SearchAction","target":{"@type":"EntryPoint","urlTemplate":"https:\/\/elfsight.com\/pl\/?s={search_term_string}"},"query-input":{"@type":"PropertyValueSpecification","valueRequired":true,"valueName":"search_term_string"}}],"inLanguage":"pl-PL"}]}},"meta_box":{"industry":"","seo_heading":"","heading":"","description":"","cta_heading":"","cta_description":"","application":"2535","h1":"Prezentacja logo Elementora","h1_caption":"Wy\u015bwietlaj logo swoich partner\u00f3w, sponsor\u00f3w lub klient\u00f3w, bez wysi\u0142ku buduj\u0105c wiarygodno\u015b\u0107 i zaufanie do swojej marki na swojej stronie internetowej Elementor.","application_category":[],"applications_title":"","applications_request_title":"","applications_request_button_text":"","hero_text":"","hero_video":"","hero_video_schema_markup":"","selling_points_title":"","selling_points_caption":"","selling_points":[],"selling_points_cta_text":"","features_title":"","features":"","ed_cta_examples_text":"","ed_cta_examples_hidden":"","ed_cta_demo_text":"","ed_cta_demo_hidden":"","why_caption":"","why_editor_title":"","why_editor_text":"","why_team_title":"","why_team_text":"","why_service_title":"","why_service_text":"","template_catalog_visible":"","template_catalog_title":"","template_catalog_text":"","template_catalog_categories_visible":"","demo_title":"Utw\u00f3rz wid\u017cet Prezentacja logo","demo_caption":"Skonfiguruj swoj\u0105 prezentacj\u0119 logo i dodaj j\u0105 do swojej witryny Elementor za darmo!","default_faq_hidden":"","app_template_category":[],"platform":"268","template_public_id":"","codecanyon_url":"","codecanyon_item_id":"","codecanyon_price":"","pricing_caption":"","pricing_elfsight_apps_hide_column":"","pricing_elfsight_apps_url":"","pricing_codecanyon_price_caption":"","integration_category":[],"integration_request_title":"","integration_request_cta":"","integration_platform":"","integrations":[],"platform_category":[],"video_schema_markup":"","price":"od 0 USD \/ miesi\u0105c","trial":"","benefits":[{"text":"Bezp\u0142atna us\u0142uga monta\u017cu"},{"text":"Do\u015bwiadczona obs\u0142uga klienta"},{"text":"14-dniowa gwarancja zwrotu pieni\u0119dzy"}],"button_url":"#demo","button_target_blank":"","button_nofollow":"","attributes":[{"name":"Instaluje"},{"name":"Czu\u0142y"},{"name":"Kompatybilne przegl\u0105darki"}],"tags":[],"tags_disable_links":"","hide_more_platforms":"","video_object":"","demo_hide_cta":"","demo_hide_cloud_options":"","pricing_title":"","pricing":[{"pricing_icon":"platform","pricing_title":"Elfsight Apps","pricing_title_caption":"Rozwi\u0105zanie niezale\u017cne od platformy","pricing_price":"od 0 USD \/ miesi\u0105c","pricing_price_caption":"zacznij od bezp\u0142atnego planu","pricing_benefits":[{"text":"Nielimitowane strony internetowe"},{"text":"Ca\u0142odobowe i terminowe wsparcie"},{"text":"Bezp\u0142atna pomoc w instalacji"},{"text":"Cena do z\u0142apania dla wielu aplikacji"}],"pricing_button_text":"Dodaj do witryny","pricing_button_url":"#demo"}],"related_apps_title":"","related_apps_hidden":"","author":"","image":[],"title":"","job":"","social_networks":[]},"_links":{"self":[{"href":"https:\/\/elfsight.com\/pl\/wp-json\/wp\/v2\/pages\/5679","targetHints":{"allow":["GET"]}}],"collection":[{"href":"https:\/\/elfsight.com\/pl\/wp-json\/wp\/v2\/pages"}],"about":[{"href":"https:\/\/elfsight.com\/pl\/wp-json\/wp\/v2\/types\/page"}],"author":[{"embeddable":true,"href":"https:\/\/elfsight.com\/pl\/wp-json\/wp\/v2\/users\/9"}],"replies":[{"embeddable":true,"href":"https:\/\/elfsight.com\/pl\/wp-json\/wp\/v2\/comments?post=5679"}],"version-history":[{"count":2,"href":"https:\/\/elfsight.com\/pl\/wp-json\/wp\/v2\/pages\/5679\/revisions"}],"predecessor-version":[{"id":7863,"href":"https:\/\/elfsight.com\/pl\/wp-json\/wp\/v2\/pages\/5679\/revisions\/7863"}],"up":[{"embeddable":true,"href":"https:\/\/elfsight.com\/pl\/wp-json\/wp\/v2\/pages\/2536"}],"wp:attachment":[{"href":"https:\/\/elfsight.com\/pl\/wp-json\/wp\/v2\/media?parent=5679"}],"curies":[{"name":"wp","href":"https:\/\/api.w.org\/{rel}","templated":true}]}}