{"id":5677,"date":"2024-05-03T06:41:04","date_gmt":"2024-05-03T06:41:04","guid":{"rendered":"https:\/\/elfsight.com\/pl\/?page_id=5677"},"modified":"2024-11-14T09:27:00","modified_gmt":"2024-11-14T09:27:00","slug":"iframe","status":"publish","type":"page","link":"https:\/\/elfsight.com\/pl\/logo-showcase-widget\/iframe\/","title":{"rendered":"Logo Showcase &#8211; iFrame"},"content":{"rendered":"<div class=\"application-platform-content-item-description application-platform-content-item\" id=\"description\" data-nav-section=\"description\"><h2>Osad\u017a prezentacj\u0119 logo w ramce iFrame za pomoc\u0105 wid\u017cetu Elfsight<\/h2> <p>Prezentacja logo Elfsight b\u0119dzie idealnym narz\u0119dziem do wy\u015bwietlania prezentacji logo Twoich klient\u00f3w lub logo promotor\u00f3w lub Twoje wzmianki w prasie na stronie. Dzi\u0119ki temu wid\u017cetowi \u0142atwo udowodnisz, \u017ce Twoja firma jest zaufanym sojusznikiem biznesowym i podtrzymasz dobry odbi\u00f3r Twojej marki. Wid\u017cet Elfsight umo\u017cliwia przesy\u0142anie wielu emblemat\u00f3w, uk\u0142adanie ich w suwak lub siatk\u0119 oraz r\u00f3\u017cnicowanie skali logo. Mo\u017cesz doda\u0107 podpisy i linki do stron internetowych firmy. Za pomoc\u0105 opcji kolor\u00f3w i czcionek mo\u017cna \u0142atwo skonfigurowa\u0107 spersonalizowany wygl\u0105d. <\/p><p><b>Zwi\u0119ksz zaufanie swojej firmy.<\/b><\/p><\/div><div class=\"application-platform-content-item-features application-platform-content-item\" id=\"features\" data-nav-section=\"features\"><h2>G\u0142\u00f3wne funkcje wid\u017cetu Prezentacja logo<\/h2> <p>Zobacz wszystkie funkcje Logo Showcase. Mo\u017cesz je ustawi\u0107 bezpo\u015brednio w edytorze, a one pomog\u0105 Ci ukszta\u0142towa\u0107 wid\u017cet najbardziej odpowiedni do Twoich potrzeb. <\/p><ul><li>Mo\u017cliwo\u015b\u0107 po\u0142\u0105czenia ka\u017cdego logo z dowolnym adresem; <\/li><li>Prze\u0142\u0105czany nag\u0142\u00f3wek wid\u017cetu zawieraj\u0105cy tytu\u0142 i tekst z opcjami formatowania; <\/li><li>Przycisk CTA mo\u017ce po klikni\u0119ciu prowadzi\u0107 do dowolnej strony; <\/li><li>3 zr\u00f3wnowa\u017cone uk\u0142ady: suwak, siatka i karuzela; <\/li><li>Mo\u017cliwo\u015b\u0107 ustawienia rozmiaru logo i szeroko\u015bci widgetu; <\/li><li>Mo\u017cliwo\u015b\u0107 wyboru dowolnego koloru t\u0142a lub u\u017cycia w\u0142asnego obrazu. <\/li><\/ul><p><a href=\"#demo\">Mo\u017cesz przetestowa\u0107 wszystkie funkcje wid\u017cetu bezpo\u015brednio w wersji demonstracyjnej<\/a><\/p><\/div><div class=\"application-platform-content-item-installation application-platform-content-item\" id=\"installation\" data-nav-section=\"installation\"> <h2>Jak zintegrowa\u0107 Logo Showcase z iFrame?<\/h2><p>Aby zintegrowa\u0107 wid\u017cet, wykonaj te kr\u00f3tkie kroki<\/p><ul><li><b>Stw\u00f3rz niestandardowy wid\u017cet logo<\/b><br>Korzystaj\u0105c z naszego bezp\u0142atnego edytora, utw\u00f3rz wtyczk\u0119 o preferowanym sk\u0142adzie i funkcjonalno\u015bci.<\/li><li><b>Skopiuj indywidualny kod, aby zintegrowa\u0107 wtyczk\u0119<\/b><br>Po utworzeniu wtyczki widget, kod instalacyjny uzyskasz z pojawiaj\u0105cego si\u0119 powiadomienia w aplikacji Elfsight. Skopiuj go.<\/li><li><b>Osad\u017a wtyczk\u0119 na swojej stronie iFrame<\/b><br>Wybierz obszar, w kt\u00f3rym chcesz wy\u015bwietli\u0107 wtyczk\u0119 i wstaw tam skopiowany kod. Opublikuj wyniki.<\/li><li><b>Instalacja zosta\u0142a uko\u0144czona<\/b><br>Wejd\u017a na stron\u0119, aby zobaczy\u0107 swoj\u0105 prac\u0119.<\/li><\/ul><p>Mo\u017cesz skontaktowa\u0107 si\u0119 z Obs\u0142uga klienta Elfsight, je\u015bli potrzebujesz pomocy lub masz pytania. Nasi specjali\u015bci ch\u0119tnie pomog\u0105 w ka\u017cdym zapytaniu. <\/p><div class=\"faq\" data-component=\"FAQ\"><div class=\"faq-item\">\r\n\t\t\t\t\t<div class=\"faq-item-question\">\r\n\t\t\t\t\t\t<h3 class=\"faq-item-question-text\">Czy istnieje metoda dodania Prezentacji Logo do mojej witryny iFrame bez znajomo\u015bci kodowania?<\/h3>\r\n\r\n\t\t\t\t\t\t<div class=\"faq-item-question-icon\"><\/div>\r\n\t\t\t\t\t<\/div>\r\n\r\n\t\t\t\t\t<div class=\"faq-item-answer\">\r\n\t\t\t\t\t\t<div class=\"faq-item-answer-text\"> <p>Elfsight zapewnia rozwi\u0105zanie, kt\u00f3re pozwala w\u0142a\u015bcicielom witryn samodzielnie wygenerowa\u0107 wid\u017cet Prezentacji Logo, odkryj proste kroki: Rozpocznij prac\u0119 w wersji demonstracyjnej online, aby utworzy\u0107 sekcj\u0119 Prezentacji logo, kt\u00f3r\u0105 chcesz zintegrowa\u0107 ze stron\u0105 g\u0142\u00f3wn\u0105 iFrame. Zdecyduj si\u0119 na jeden z gotowych szablon\u00f3w i zmodyfikuj ustawienia Logo Showcase, zaktualizuj swoj\u0105 tre\u015b\u0107, zmie\u0144 uk\u0142ad i kolor element\u00f3w bez znajomo\u015bci kodowania. Kliknij, aby zapisa\u0107 ustawienia wprowadzone w Logo Showcase i uzyska\u0107 kod wtyczki do instalacji, kt\u00f3r\u0105 mo\u017cesz po prostu doda\u0107 na dowolnej stronie internetowej iFrame bez konieczno\u015bci kupowania p\u0142atnej subskrypcji. Pracuj\u0105c w intuicyjnym Konfiguratorze, ka\u017cdy u\u017cytkownik sieci mo\u017ce za\u0142o\u017cy\u0107 wtyczk\u0119 Logo Showcase online i \u0142atwo umie\u015bci\u0107 j\u0105 na stronie internetowej iFrame. Aby uzyska\u0107 dost\u0119p do us\u0142ugi, nie jest wymagana p\u0142atno\u015b\u0107 ani ujawnianie danych karty. Je\u015bli napotkasz jakiekolwiek problemy, skontaktuj si\u0119 z naszym personelem pomocy technicznej.<\/p> <\/div>\r\n\t\t\t\t\t<\/div>\r\n\t\t\t\t<\/div> <\/div><\/div>","protected":false},"excerpt":{"rendered":"","protected":false},"author":9,"featured_media":0,"parent":2536,"menu_order":0,"comment_status":"closed","ping_status":"closed","template":"templates\/template-application-platform.php","meta":{"publish_to_discourse":"","publish_post_category":"","wpdc_auto_publish_overridden":"","wpdc_topic_tags":"","wpdc_pin_topic":"","wpdc_pin_until":"","discourse_post_id":"","discourse_permalink":"","wpdc_publishing_response":"","wpdc_publishing_error":"","footnotes":""},"class_list":["post-5677","page","type-page","status-publish","hentry"],"yoast_head":"<!-- This site is optimized with the Yoast SEO plugin v25.3.1 - https:\/\/yoast.com\/wordpress\/plugins\/seo\/ -->\n<title>Prezentacja logo \u2014 dodanie wid\u017cetu Karuzela z logo do witryny iFrame (2025)<\/title>\n<meta name=\"description\" content=\"Utworzenie wid\u017cetu Prezentacja logo i dodanie go do witryny iFrame jest ca\u0142kowicie proste. Obs\u0142uga klienta Elfsight jest bezp\u0142atna i szybka.\" \/>\n<meta name=\"robots\" content=\"index, follow, max-snippet:-1, max-image-preview:large, max-video-preview:-1\" \/>\n<link rel=\"canonical\" href=\"https:\/\/elfsight.com\/pl\/logo-showcase-widget\/iframe\/\" \/>\n<meta property=\"og:locale\" content=\"pl_PL\" \/>\n<meta property=\"og:type\" content=\"article\" \/>\n<meta property=\"og:title\" content=\"Prezentacja logo \u2014 dodanie wid\u017cetu Karuzela z logo do witryny iFrame (2025)\" \/>\n<meta property=\"og:description\" content=\"Utworzenie wid\u017cetu Prezentacja logo i dodanie go do witryny iFrame jest ca\u0142kowicie proste. Obs\u0142uga klienta Elfsight jest bezp\u0142atna i szybka.\" \/>\n<meta property=\"og:url\" content=\"https:\/\/elfsight.com\/pl\/logo-showcase-widget\/iframe\/\" \/>\n<meta property=\"og:site_name\" content=\"Elfsight PL\" \/>\n<meta property=\"article:modified_time\" content=\"2024-11-14T09:27:00+00:00\" \/>\n<meta name=\"twitter:card\" content=\"summary_large_image\" \/>\n<meta name=\"twitter:label1\" content=\"Szacowany czas czytania\" \/>\n\t<meta name=\"twitter:data1\" content=\"3 minuty\" \/>\n<!-- \/ Yoast SEO plugin. -->","yoast_head_json":{"title":"Prezentacja logo \u2014 dodanie wid\u017cetu Karuzela z logo do witryny iFrame (2025)","description":"Utworzenie wid\u017cetu Prezentacja logo i dodanie go do witryny iFrame jest ca\u0142kowicie proste. Obs\u0142uga klienta Elfsight jest bezp\u0142atna i szybka.","robots":{"index":"index","follow":"follow","max-snippet":"max-snippet:-1","max-image-preview":"max-image-preview:large","max-video-preview":"max-video-preview:-1"},"canonical":"https:\/\/elfsight.com\/pl\/logo-showcase-widget\/iframe\/","og_locale":"pl_PL","og_type":"article","og_title":"Prezentacja logo \u2014 dodanie wid\u017cetu Karuzela z logo do witryny iFrame (2025)","og_description":"Utworzenie wid\u017cetu Prezentacja logo i dodanie go do witryny iFrame jest ca\u0142kowicie proste. Obs\u0142uga klienta Elfsight jest bezp\u0142atna i szybka.","og_url":"https:\/\/elfsight.com\/pl\/logo-showcase-widget\/iframe\/","og_site_name":"Elfsight PL","article_modified_time":"2024-11-14T09:27:00+00:00","twitter_card":"summary_large_image","twitter_misc":{"Szacowany czas czytania":"3 minuty"},"schema":{"@context":"https:\/\/schema.org","@graph":[{"@type":"WebPage","@id":"https:\/\/elfsight.com\/pl\/logo-showcase-widget\/iframe\/","url":"https:\/\/elfsight.com\/pl\/logo-showcase-widget\/iframe\/","name":"Prezentacja logo \u2014 dodanie wid\u017cetu Karuzela z logo do witryny iFrame (2025)","isPartOf":{"@id":"https:\/\/elfsight.com\/pl\/#website"},"datePublished":"2024-05-03T06:41:04+00:00","dateModified":"2024-11-14T09:27:00+00:00","description":"Utworzenie wid\u017cetu Prezentacja logo i dodanie go do witryny iFrame jest ca\u0142kowicie proste. Obs\u0142uga klienta Elfsight jest bezp\u0142atna i szybka.","breadcrumb":{"@id":"https:\/\/elfsight.com\/pl\/logo-showcase-widget\/iframe\/#breadcrumb"},"inLanguage":"pl-PL","potentialAction":[{"@type":"ReadAction","target":["https:\/\/elfsight.com\/pl\/logo-showcase-widget\/iframe\/"]}]},{"@type":"BreadcrumbList","@id":"https:\/\/elfsight.com\/pl\/logo-showcase-widget\/iframe\/#breadcrumb","itemListElement":[{"@type":"ListItem","position":1,"name":"Home","item":"https:\/\/elfsight.com\/pl\/"},{"@type":"ListItem","position":2,"name":"Logo Showcase","item":"https:\/\/elfsight.com\/pl\/logo-showcase-widget\/"},{"@type":"ListItem","position":3,"name":"Logo Showcase &#8211; iFrame"}]},{"@type":"WebSite","@id":"https:\/\/elfsight.com\/pl\/#website","url":"https:\/\/elfsight.com\/pl\/","name":"Elfsight PL","description":"Just another Elfsight Sites site","potentialAction":[{"@type":"SearchAction","target":{"@type":"EntryPoint","urlTemplate":"https:\/\/elfsight.com\/pl\/?s={search_term_string}"},"query-input":{"@type":"PropertyValueSpecification","valueRequired":true,"valueName":"search_term_string"}}],"inLanguage":"pl-PL"}]}},"meta_box":{"industry":"","seo_heading":"","heading":"","description":"","cta_heading":"","cta_description":"","application":"2535","h1":"Prezentacja logo iFrame","h1_caption":"Wy\u015bwietlaj logo swoich partner\u00f3w, sponsor\u00f3w lub klient\u00f3w, bez wysi\u0142ku buduj\u0105c wiarygodno\u015b\u0107 i zaufanie do swojej marki w swojej witrynie iFrame.","application_category":[],"applications_title":"","applications_request_title":"","applications_request_button_text":"","hero_text":"","hero_video":"","hero_video_schema_markup":"","selling_points_title":"","selling_points_caption":"","selling_points":[],"selling_points_cta_text":"","features_title":"","features":"","ed_cta_examples_text":"","ed_cta_examples_hidden":"","ed_cta_demo_text":"","ed_cta_demo_hidden":"","why_caption":"","why_editor_title":"","why_editor_text":"","why_team_title":"","why_team_text":"","why_service_title":"","why_service_text":"","template_catalog_visible":"","template_catalog_title":"","template_catalog_text":"","template_catalog_categories_visible":"","demo_title":"Utw\u00f3rz wid\u017cet Prezentacja logo","demo_caption":"Skonfiguruj swoj\u0105 prezentacj\u0119 logo i dodaj j\u0105 do swojej witryny iFrame za darmo!","default_faq_hidden":"","app_template_category":[],"platform":"187","template_public_id":"","codecanyon_url":"","codecanyon_item_id":"","codecanyon_price":"","pricing_caption":"","pricing_elfsight_apps_hide_column":"","pricing_elfsight_apps_url":"","pricing_codecanyon_price_caption":"","integration_category":[],"integration_request_title":"","integration_request_cta":"","integration_platform":"","integrations":[],"platform_category":[],"video_schema_markup":"","price":"od 0 USD \/ miesi\u0105c","trial":"","benefits":[{"text":"Bezp\u0142atna pomoc w instalacji"},{"text":"Kompetentna obs\u0142uga klienta"},{"text":"14-dniowa gwarancja zwrotu pieni\u0119dzy"}],"button_url":"#demo","button_target_blank":"","button_nofollow":"","attributes":[{"name":"Instaluje"},{"name":"Czu\u0142y"},{"name":"Kompatybilne przegl\u0105darki"}],"tags":[],"tags_disable_links":"","hide_more_platforms":"","video_object":"","demo_hide_cta":"","demo_hide_cloud_options":"","pricing_title":"","pricing":[{"pricing_icon":"platform","pricing_title":"Elfsight Apps","pricing_title_caption":"Wieloplatformowe rozwi\u0105zanie cyfrowe","pricing_price":"od 0 USD \/ miesi\u0105c","pricing_price_caption":"zacznij od bezp\u0142atnego planu","pricing_benefits":[{"text":"Nielimitowane domeny"},{"text":"Dedykowana obs\u0142uga klienta"},{"text":"Bezp\u0142atna pomoc w monta\u017cu"},{"text":"Oferta specjalna na wiele aplikacji"}],"pricing_button_text":"Dodaj do witryny","pricing_button_url":"#demo"}],"related_apps_title":"","related_apps_hidden":"","author":"","image":[],"title":"","job":"","social_networks":[]},"_links":{"self":[{"href":"https:\/\/elfsight.com\/pl\/wp-json\/wp\/v2\/pages\/5677","targetHints":{"allow":["GET"]}}],"collection":[{"href":"https:\/\/elfsight.com\/pl\/wp-json\/wp\/v2\/pages"}],"about":[{"href":"https:\/\/elfsight.com\/pl\/wp-json\/wp\/v2\/types\/page"}],"author":[{"embeddable":true,"href":"https:\/\/elfsight.com\/pl\/wp-json\/wp\/v2\/users\/9"}],"replies":[{"embeddable":true,"href":"https:\/\/elfsight.com\/pl\/wp-json\/wp\/v2\/comments?post=5677"}],"version-history":[{"count":1,"href":"https:\/\/elfsight.com\/pl\/wp-json\/wp\/v2\/pages\/5677\/revisions"}],"predecessor-version":[{"id":5681,"href":"https:\/\/elfsight.com\/pl\/wp-json\/wp\/v2\/pages\/5677\/revisions\/5681"}],"up":[{"embeddable":true,"href":"https:\/\/elfsight.com\/pl\/wp-json\/wp\/v2\/pages\/2536"}],"wp:attachment":[{"href":"https:\/\/elfsight.com\/pl\/wp-json\/wp\/v2\/media?parent=5677"}],"curies":[{"name":"wp","href":"https:\/\/api.w.org\/{rel}","templated":true}]}}