{"id":5672,"date":"2024-05-03T06:41:03","date_gmt":"2024-05-03T06:41:03","guid":{"rendered":"https:\/\/elfsight.com\/pl\/?page_id=5672"},"modified":"2024-11-14T09:26:52","modified_gmt":"2024-11-14T09:26:52","slug":"html","status":"publish","type":"page","link":"https:\/\/elfsight.com\/pl\/logo-showcase-widget\/html\/","title":{"rendered":"Logo Showcase &#8211; HTML"},"content":{"rendered":"<div class=\"application-platform-content-item-description application-platform-content-item\" id=\"description\" data-nav-section=\"description\"><h2>Opis<\/h2> <p>Prezentacja logo Elfsight to naj\u0142atwiejsza technika wy\u015bwietlania logo dowolnego klienta lub promotora lub wzmianek prasowych na Strona. Za pomoc\u0105 naszego widgetu zyskujesz poczucie, \u017ce Twoja firma jest zaufanym towarzyszem. Wid\u017cet Elfsight umo\u017cliwia wy\u015bwietlanie wielu logo, uk\u0142adanie ich w suwak lub siatk\u0119 oraz zmian\u0119 rozmiaru logo. Mo\u017cesz doda\u0107 podpis i link do strony internetowej firmy. Korzystaj\u0105c z opcji kolor\u00f3w i czcionek, uzyskasz unikalny interfejs. <\/p><p><b>Podnie\u015b wiarygodno\u015b\u0107 swojej firmy.<\/b><\/p><\/div> <div class=\"application-platform-content-item-features application-platform-content-item\" id=\"features\" data-nav-section=\"features\"><h2>Funkcje<\/h2> <p>Tutaj mo\u017cesz zobacz wszystkie funkcje Logo Showcase. Mo\u017cesz je dostosowa\u0107 bezpo\u015brednio w edytorze, co pomo\u017ce Ci skonstruowa\u0107 wid\u017cet dok\u0142adnie dla Twojego przypadku u\u017cycia. <\/p><ul><li>Opcja po\u0142\u0105czenia ka\u017cdego logo z dowoln\u0105 stron\u0105 internetow\u0105; <\/li><li>Prze\u0142\u0105czany nag\u0142\u00f3wek wid\u017cetu zawiera tytu\u0142 i tekst z opcjami formatowania; <\/li><li>Przycisk CTA mo\u017cna pod\u0142\u0105czy\u0107 do dowolnego adresu; <\/li><li>3 zr\u00f3wnowa\u017cone uk\u0142ady: suwak, siatka i karuzela; <\/li><li>Mo\u017cliwo\u015b\u0107 dostosowania rozmiaru logo i szeroko\u015bci wid\u017cetu; <\/li><li>Mo\u017cliwo\u015b\u0107 wyboru dowolnego koloru t\u0142a lub u\u017cycia niestandardowego obrazu. <\/li><\/ul><p><a href=\"#demo\">Wypr\u00f3buj wszystkie inne funkcje w wersji demonstracyjnej<\/a><\/p><\/div> <div class=\"application-platform-content-item-installation application-platform-content-item\" id=\"installation\" data-nav-section=\"installation\"><h2> Jak mog\u0119 doda\u0107 Prezentacj\u0119 logo do mojej witryny HTML?<\/h2><div class=\"video-container\"><iframe width=\"720\" height=\"315\" src=\"https:\/\/www.youtube.com\/embed\/E1jyqC8U4kc\" frameborder=\"0\" allowfullscreen=\"\"><\/iframe><\/div><p>Aby wprowadzi\u0107 wid\u017cet, po prostu wykonaj poni\u017csze instrukcje<\/p><ul><li><b>Utw\u00f3rz w\u0142asny niestandardowy Wid\u017cet logo<\/b><br>Zarz\u0105dzaj\u0105c naszym darmowym edytorem, wygeneruj wtyczk\u0119 z niestandardowym interfejsem i cechami funkcjonalnymi.<\/li> <li><b>Uzyskaj indywidualny kod, aby doda\u0107 wtyczk\u0119 do witryny<\/b> <br>Po skonfigurowaniu wid\u017cetu otrzymasz indywidualny kod z powiadomienia pojawiaj\u0105cego si\u0119 w aplikacjach Elfsight. Skopiuj to. <\/li> <li><b>Opublikuj kod na swojej stronie HTML<\/b><br>Wybierz miejsce, w kt\u00f3rym chcesz doda\u0107 wtyczk\u0119 i wstaw tam skopiowany kod. Opublikuj zmiany. <\/li> <li><b>Instalacja zosta\u0142a zako\u0144czona<\/b><br>Odwied\u017a stron\u0119 internetow\u0105, aby zobaczy\u0107 swoj\u0105 wtyczk\u0119. <\/li><\/ul><p>Nie zastanawiaj si\u0119 dwa razy i skontaktuj si\u0119 z naszym dzia\u0142em obs\u0142ugi klienta, gdy potrzebujesz porady lub masz problemy. Ch\u0119tnie pomo\u017cemy w ka\u017cdej pro\u015bbie. <\/p><div class=\"faq\" data-component=\"FAQ\"><div class=\"faq-item\">\r\n\t\t\t\t\t<div class=\"faq-item-question\">\r\n\t\t\t\t\t\t<h3 class=\"faq-item-question-text\">Czy istnieje metoda dodania Logo Showcase do mojej strony g\u0142\u00f3wnej HTML bez znajomo\u015bci kodowania?<\/h3>\r\n\r\n\t\t\t\t\t\t<div class=\"faq-item-question-icon\"><\/div>\r\n\t\t\t\t\t<\/div>\r\n\r\n\t\t\t\t\t<div class=\"faq-item-answer\">\r\n\t\t\t\t\t\t<div class=\"faq-item-answer-text\"> <p>Firma Elfsight oferuje rozwi\u0105zanie, kt\u00f3re pozwala na samodzielne utworzenie wid\u017cetu Logo Showcase, zobacz jak \u0142atwy jest ten proces: Pracuj od razu w wersji demonstracyjnej online, aby utworzy\u0107 wid\u017cet Prezentacja logo, kt\u00f3ry ma by\u0107 wy\u015bwietlany na stronie internetowej HTML. Wybierz jeden z wielu gotowych szablon\u00f3w i dostosuj ustawienia Logo Showcase, zaktualizuj tre\u015b\u0107, zmie\u0144 uk\u0142ad i kolory bez znajomo\u015bci kodowania. Kliknij, aby zapisa\u0107 ustawienia wprowadzone w Logo Showcase i uzyska\u0107 kod instalacyjny wtyczki, kt\u00f3ry mo\u017cna \u0142atwo osadzi\u0107 na dowolnej stronie g\u0142\u00f3wnej HTML bez konieczno\u015bci kupowania p\u0142atnego planu. Za pomoc\u0105 naszego \u0142atwego w u\u017cyciu edytora ka\u017cdy u\u017cytkownik Internetu mo\u017ce utworzy\u0107 wid\u017cet Prezentacja logo i \u0142atwo umie\u015bci\u0107 go na dowolnej stronie g\u0142\u00f3wnej HTML. Nie powiniene\u015b otrzymywa\u0107 p\u0142atnego planu ani podawa\u0107 danych uwierzytelniaj\u0105cych karty, aby uzyska\u0107 dost\u0119p do Edytora. Je\u015bli na kt\u00f3rymkolwiek etapie napotkasz jakiekolwiek przeszkody, skontaktuj si\u0119 z naszym technicznym dzia\u0142em obs\u0142ugi klienta.<\/p> <\/div>\r\n\t\t\t\t\t<\/div>\r\n\t\t\t\t<\/div> <\/div><\/div>","protected":false},"excerpt":{"rendered":"","protected":false},"author":9,"featured_media":0,"parent":2536,"menu_order":0,"comment_status":"closed","ping_status":"closed","template":"templates\/template-application-platform.php","meta":{"publish_to_discourse":"","publish_post_category":"","wpdc_auto_publish_overridden":"","wpdc_topic_tags":"","wpdc_pin_topic":"","wpdc_pin_until":"","discourse_post_id":"","discourse_permalink":"","wpdc_publishing_response":"","wpdc_publishing_error":"","footnotes":""},"class_list":["post-5672","page","type-page","status-publish","hentry"],"yoast_head":"<!-- This site is optimized with the Yoast SEO plugin v25.3.1 - https:\/\/yoast.com\/wordpress\/plugins\/seo\/ -->\n<title>Prezentacja logo \u2014 dodanie wid\u017cetu Karuzela z logo do witryny HTML (2025)<\/title>\n<meta name=\"description\" content=\"Utworzenie wid\u017cetu Prezentacja logo i dodanie go do swojej witryny HTML jest ca\u0142kowicie proste. Obs\u0142uga klienta Elfsight jest bezp\u0142atna i szybka.\" \/>\n<meta name=\"robots\" content=\"index, follow, max-snippet:-1, max-image-preview:large, max-video-preview:-1\" \/>\n<link rel=\"canonical\" href=\"https:\/\/elfsight.com\/pl\/logo-showcase-widget\/html\/\" \/>\n<meta property=\"og:locale\" content=\"pl_PL\" \/>\n<meta property=\"og:type\" content=\"article\" \/>\n<meta property=\"og:title\" content=\"Prezentacja logo \u2014 dodanie wid\u017cetu Karuzela z logo do witryny HTML (2025)\" \/>\n<meta property=\"og:description\" content=\"Utworzenie wid\u017cetu Prezentacja logo i dodanie go do swojej witryny HTML jest ca\u0142kowicie proste. Obs\u0142uga klienta Elfsight jest bezp\u0142atna i szybka.\" \/>\n<meta property=\"og:url\" content=\"https:\/\/elfsight.com\/pl\/logo-showcase-widget\/html\/\" \/>\n<meta property=\"og:site_name\" content=\"Elfsight PL\" \/>\n<meta property=\"article:modified_time\" content=\"2024-11-14T09:26:52+00:00\" \/>\n<meta name=\"twitter:card\" content=\"summary_large_image\" \/>\n<meta name=\"twitter:label1\" content=\"Szacowany czas czytania\" \/>\n\t<meta name=\"twitter:data1\" content=\"3 minuty\" \/>\n<!-- \/ Yoast SEO plugin. -->","yoast_head_json":{"title":"Prezentacja logo \u2014 dodanie wid\u017cetu Karuzela z logo do witryny HTML (2025)","description":"Utworzenie wid\u017cetu Prezentacja logo i dodanie go do swojej witryny HTML jest ca\u0142kowicie proste. Obs\u0142uga klienta Elfsight jest bezp\u0142atna i szybka.","robots":{"index":"index","follow":"follow","max-snippet":"max-snippet:-1","max-image-preview":"max-image-preview:large","max-video-preview":"max-video-preview:-1"},"canonical":"https:\/\/elfsight.com\/pl\/logo-showcase-widget\/html\/","og_locale":"pl_PL","og_type":"article","og_title":"Prezentacja logo \u2014 dodanie wid\u017cetu Karuzela z logo do witryny HTML (2025)","og_description":"Utworzenie wid\u017cetu Prezentacja logo i dodanie go do swojej witryny HTML jest ca\u0142kowicie proste. Obs\u0142uga klienta Elfsight jest bezp\u0142atna i szybka.","og_url":"https:\/\/elfsight.com\/pl\/logo-showcase-widget\/html\/","og_site_name":"Elfsight PL","article_modified_time":"2024-11-14T09:26:52+00:00","twitter_card":"summary_large_image","twitter_misc":{"Szacowany czas czytania":"3 minuty"},"schema":{"@context":"https:\/\/schema.org","@graph":[{"@type":"WebPage","@id":"https:\/\/elfsight.com\/pl\/logo-showcase-widget\/html\/","url":"https:\/\/elfsight.com\/pl\/logo-showcase-widget\/html\/","name":"Prezentacja logo \u2014 dodanie wid\u017cetu Karuzela z logo do witryny HTML (2025)","isPartOf":{"@id":"https:\/\/elfsight.com\/pl\/#website"},"datePublished":"2024-05-03T06:41:03+00:00","dateModified":"2024-11-14T09:26:52+00:00","description":"Utworzenie wid\u017cetu Prezentacja logo i dodanie go do swojej witryny HTML jest ca\u0142kowicie proste. Obs\u0142uga klienta Elfsight jest bezp\u0142atna i szybka.","breadcrumb":{"@id":"https:\/\/elfsight.com\/pl\/logo-showcase-widget\/html\/#breadcrumb"},"inLanguage":"pl-PL","potentialAction":[{"@type":"ReadAction","target":["https:\/\/elfsight.com\/pl\/logo-showcase-widget\/html\/"]}]},{"@type":"BreadcrumbList","@id":"https:\/\/elfsight.com\/pl\/logo-showcase-widget\/html\/#breadcrumb","itemListElement":[{"@type":"ListItem","position":1,"name":"Home","item":"https:\/\/elfsight.com\/pl\/"},{"@type":"ListItem","position":2,"name":"Logo Showcase","item":"https:\/\/elfsight.com\/pl\/logo-showcase-widget\/"},{"@type":"ListItem","position":3,"name":"Logo Showcase &#8211; HTML"}]},{"@type":"WebSite","@id":"https:\/\/elfsight.com\/pl\/#website","url":"https:\/\/elfsight.com\/pl\/","name":"Elfsight PL","description":"Just another Elfsight Sites site","potentialAction":[{"@type":"SearchAction","target":{"@type":"EntryPoint","urlTemplate":"https:\/\/elfsight.com\/pl\/?s={search_term_string}"},"query-input":{"@type":"PropertyValueSpecification","valueRequired":true,"valueName":"search_term_string"}}],"inLanguage":"pl-PL"}]}},"meta_box":{"industry":"","seo_heading":"","heading":"","description":"","cta_heading":"","cta_description":"","application":"2535","h1":"Prezentacja logo HTML","h1_caption":"Wy\u015bwietlaj logo swoich partner\u00f3w, sponsor\u00f3w lub klient\u00f3w, bez wysi\u0142ku buduj\u0105c wiarygodno\u015b\u0107 i zaufanie do swojej marki w swojej witrynie HTML.","application_category":[],"applications_title":"","applications_request_title":"","applications_request_button_text":"","hero_text":"","hero_video":"","hero_video_schema_markup":"","selling_points_title":"","selling_points_caption":"","selling_points":[],"selling_points_cta_text":"","features_title":"","features":"","ed_cta_examples_text":"","ed_cta_examples_hidden":"","ed_cta_demo_text":"","ed_cta_demo_hidden":"","why_caption":"","why_editor_title":"","why_editor_text":"","why_team_title":"","why_team_text":"","why_service_title":"","why_service_text":"","template_catalog_visible":"","template_catalog_title":"","template_catalog_text":"","template_catalog_categories_visible":"","demo_title":"Utw\u00f3rz wid\u017cet Prezentacja logo","demo_caption":"Skonfiguruj swoj\u0105 prezentacj\u0119 logo i dodaj j\u0105 do swojej witryny HTML za darmo!","default_faq_hidden":"","app_template_category":[],"platform":"50","template_public_id":"","codecanyon_url":"","codecanyon_item_id":"","codecanyon_price":"","pricing_caption":"","pricing_elfsight_apps_hide_column":"","pricing_elfsight_apps_url":"","pricing_codecanyon_price_caption":"","integration_category":[],"integration_request_title":"","integration_request_cta":"","integration_platform":"","integrations":[],"platform_category":[],"video_schema_markup":"","price":"od 0 USD \/ miesi\u0105c","trial":"","benefits":[{"text":"Bezp\u0142atna pomoc w instalacji"},{"text":"Do\u015bwiadczona obs\u0142uga klienta"},{"text":"14-dniowa gwarancja zwrotu pieni\u0119dzy"}],"button_url":"#demo","button_target_blank":"","button_nofollow":"","attributes":[{"name":"Instaluje"},{"name":"Czu\u0142y"},{"name":"Kompatybilne przegl\u0105darki"}],"tags":[],"tags_disable_links":"","hide_more_platforms":"","video_object":"","demo_hide_cta":"","demo_hide_cloud_options":"","pricing_title":"","pricing":[{"pricing_icon":"platform","pricing_title":"Elfsight Apps","pricing_title_caption":"Rozwi\u0105zanie wieloplatformowe, kt\u00f3re pasuje do ka\u017cdej witryny","pricing_price":"od 0 USD \/ miesi\u0105c","pricing_price_caption":"zacznij od bezp\u0142atnego planu","pricing_benefits":[{"text":"Nielimitowane domeny"},{"text":"Profesjonalne wsparcie"},{"text":"Bezp\u0142atna pomoc w instalacji"},{"text":"Specjalna oferta na wiele aplikacji"}],"pricing_button_text":"Dodaj do witryny","pricing_button_url":"#demo"}],"related_apps_title":"","related_apps_hidden":"","author":"","image":[],"title":"","job":"","social_networks":[]},"_links":{"self":[{"href":"https:\/\/elfsight.com\/pl\/wp-json\/wp\/v2\/pages\/5672","targetHints":{"allow":["GET"]}}],"collection":[{"href":"https:\/\/elfsight.com\/pl\/wp-json\/wp\/v2\/pages"}],"about":[{"href":"https:\/\/elfsight.com\/pl\/wp-json\/wp\/v2\/types\/page"}],"author":[{"embeddable":true,"href":"https:\/\/elfsight.com\/pl\/wp-json\/wp\/v2\/users\/9"}],"replies":[{"embeddable":true,"href":"https:\/\/elfsight.com\/pl\/wp-json\/wp\/v2\/comments?post=5672"}],"version-history":[{"count":2,"href":"https:\/\/elfsight.com\/pl\/wp-json\/wp\/v2\/pages\/5672\/revisions"}],"predecessor-version":[{"id":7862,"href":"https:\/\/elfsight.com\/pl\/wp-json\/wp\/v2\/pages\/5672\/revisions\/7862"}],"up":[{"embeddable":true,"href":"https:\/\/elfsight.com\/pl\/wp-json\/wp\/v2\/pages\/2536"}],"wp:attachment":[{"href":"https:\/\/elfsight.com\/pl\/wp-json\/wp\/v2\/media?parent=5672"}],"curies":[{"name":"wp","href":"https:\/\/api.w.org\/{rel}","templated":true}]}}