{"id":5671,"date":"2024-05-03T06:41:02","date_gmt":"2024-05-03T06:41:02","guid":{"rendered":"https:\/\/elfsight.com\/pl\/?page_id=5671"},"modified":"2025-06-26T15:54:56","modified_gmt":"2025-06-26T15:54:56","slug":"squarespace","status":"publish","type":"page","link":"https:\/\/elfsight.com\/pl\/logo-showcase-widget\/squarespace\/","title":{"rendered":"Logo Showcase &#8211; Squarespace"},"content":{"rendered":"<div class=\"application-platform-content-item-description application-platform-content-item\" id=\"description\" data-nav-section=\"description\"><h2>Osad\u017a prezentacj\u0119 logo w Squarespace za pomoc\u0105 wid\u017cetu Elfsight<\/h2> <p>Prezentacja logo Elfsight to najbardziej nieskomplikowany spos\u00f3b zaprezentowania partnerom i logo sponsor\u00f3w lub wzmianki prasowe na stronie. Z pomoc\u0105 wid\u017cetu Elfsight udowodnisz, \u017ce jeste\u015b wiarygodnym towarzyszem i wspierasz dobr\u0105 wizj\u0119 swojego biznesu. Widget umo\u017cliwia dodanie dowolnej liczby logo, u\u0142o\u017cenie ich w karuzel\u0119 lub siatk\u0119 oraz dostosowanie rozmiaru zdj\u0119\u0107. Mo\u017cesz wy\u015bwietla\u0107 podpisy i linki do stron internetowych firm. Zmieniaj\u0105c ustawienia kolor\u00f3w i czcionek, uzyskasz spersonalizowany interfejs. <\/p><p><b>Zwi\u0119ksz wiarygodno\u015b\u0107 swojej firmy.<\/b><\/p><\/div><div class=\"application-platform-content-item-features application-platform-content-item\" id=\"features\" data-nav-section=\"features\"><h2>G\u0142\u00f3wne funkcje wid\u017cetu Prezentacja logo<\/h2> <p>Sprawd\u017a list\u0119 wszystkich funkcji Logo Showcase. Mo\u017cesz je dostosowa\u0107 bezpo\u015brednio w edytorze, co pomo\u017ce Ci ukszta\u0142towa\u0107 wid\u017cet dopasowany do Twojego przypadku. <\/p><ul><li>Ka\u017cde logo mo\u017cesz po\u0142\u0105czy\u0107 z dowoln\u0105 stron\u0105 internetow\u0105; <\/li><li>Prze\u0142\u0105czany nag\u0142\u00f3wek zawieraj\u0105cy tytu\u0142 i tekst z opcjami formatowania; <\/li><li>Przycisk CTA mo\u017cna pod\u0142\u0105czy\u0107 do dowolnej strony; <\/li><li>3 zr\u00f3wnowa\u017cone uk\u0142ady wid\u017cet\u00f3w: suwak, siatka i karuzela; <\/li><li>Opcja ustawienia rozmiaru logo i szeroko\u015bci widgetu; <\/li><li> Wybierz dowolny kolor t\u0142a lub dodaj w\u0142asny plik. <\/li><\/ul><p><a href=\"#demo\">Sprawd\u017a, jak dzia\u0142aj\u0105 wszystkie funkcje, w naszej wersji demonstracyjnej<\/a><\/p><\/div><div class=\"application-platform-content-item-installation application-platform-content-item\" id=\"installation\" data-nav-section=\"installation\"> <h2>Jak osadzi\u0107 prezentacj\u0119 logo w mojej witrynie Squarespace?<\/h2><div class=\"video-container\"><iframe width=\"720\" height=\"405\" src=\"https:\/\/www.youtube.com\/embed\/DO7NNHdqL8M\" frameborder=\"0\" allowfullscreen=\"\"><\/iframe><\/div><p>Aby aktywowa\u0107 wid\u017cet, wykonaj poni\u017csze czynno\u015bci<\/p><ul><li><b> Zaprojektuj swoj\u0105 spersonalizowan\u0105 wtyczk\u0119 logo<\/b><br>Korzystaj\u0105c z naszej bezp\u0142atnej wersji demonstracyjnej, wygeneruj wtyczk\u0119 z preferowanym sk\u0142adem i funkcjami. <\/li><li><b>Skopiuj indywidualny kod, aby skonfigurowa\u0107 wtyczk\u0119<\/b><br>Po wygenerowaniu wid\u017cetu otrzymasz indywidualny kod z wy\u015bwietlonego okna aplikacji Elfsight. Skopiuj kod do p\u00f3\u017aniejszego wykorzystania. <\/li><li><b>Zintegruj wtyczk\u0119 ze swoj\u0105 witryn\u0105 Squarespace<\/b><br>Przejd\u017a do obszaru, w kt\u00f3rym chcesz wy\u015bwietli\u0107 wtyczk\u0119 i tam dodaj skopiowany kod. Zapisz zmiany. <\/li><li><b>Gotowe! <\/b><br>Odwied\u017a sklep, aby sprawdzi\u0107 swoj\u0105 wtyczk\u0119. <\/li><\/ul><p>Po\u015bwi\u0119\u0107 chwil\u0119, aby skontaktowa\u0107 si\u0119 z obs\u0142ug\u0105 klienta Elfsight, gdy potrzebujesz porady lub masz o co\u015b zapyta\u0107. Nasi specjali\u015bci s\u0142u\u017c\u0105 pomoc\u0105 przy ka\u017cdym zapytaniu. <\/p><div class=\"faq\" data-component=\"FAQ\"><div class=\"faq-item\">\r\n\t\t\t\t\t<div class=\"faq-item-question\">\r\n\t\t\t\t\t\t<h3 class=\"faq-item-question-text\">W jaki spos\u00f3b mog\u0119 doda\u0107 Prezentacj\u0119 Logo do mojej witryny Squarespace bez umiej\u0119tno\u015bci kodowania?<\/h3>\r\n\r\n\t\t\t\t\t\t<div class=\"faq-item-question-icon\"><\/div>\r\n\t\t\t\t\t<\/div>\r\n\r\n\t\t\t\t\t<div class=\"faq-item-answer\">\r\n\t\t\t\t\t\t<div class=\"faq-item-answer-text\"> <p>Firma Elfsight wprowadza rozwi\u0105zanie SaaS, kt\u00f3re umo\u017cliwia u\u017cytkownikom samodzielne zbudowanie sekcji Prezentacji Logo , sprawd\u017a, jakie to nieskomplikowane: Przejd\u017a do wersji demonstracyjnej na \u017cywo, aby wygenerowa\u0107 wtyczk\u0119 Logo Showcase, kt\u00f3r\u0105 chcesz zobaczy\u0107 na swojej stronie Squarespace. Wybierz jeden z wielu wst\u0119pnie zaprojektowanych szablon\u00f3w i zmodyfikuj ustawienia Logo Showcase, dodaj tre\u015b\u0107, zmie\u0144 uk\u0142ad i kolory bez \u017cadnego do\u015bwiadczenia w kodowaniu. Kliknij, aby zapisa\u0107 prezentacj\u0119 logo i uzyska\u0107 kod instalacyjny, kt\u00f3ry mo\u017cna bezp\u0142atnie osadzi\u0107 w dowolnej witrynie Squarespace. Korzystaj\u0105c z naszego \u0142atwego w u\u017cyciu konfiguratora, ka\u017cdy u\u017cytkownik Internetu mo\u017ce utworzy\u0107 wtyczk\u0119 Logo Showcase online i doda\u0107 j\u0105 do swojej witryny Squarespace. Aby wej\u015b\u0107 do naszego serwisu, nie nale\u017cy p\u0142aci\u0107 ani podawa\u0107 danych swojej karty. Je\u015bli napotkasz jakiekolwiek problemy, skontaktuj si\u0119 z naszym zespo\u0142em pomocy technicznej.<\/p> <\/div>\r\n\t\t\t\t\t<\/div>\r\n\t\t\t\t<\/div> <\/div><\/div>","protected":false},"excerpt":{"rendered":"","protected":false},"author":9,"featured_media":0,"parent":2536,"menu_order":0,"comment_status":"closed","ping_status":"closed","template":"templates\/template-application-platform.php","meta":{"publish_to_discourse":"","publish_post_category":"","wpdc_auto_publish_overridden":"","wpdc_topic_tags":"","wpdc_pin_topic":"","wpdc_pin_until":"","discourse_post_id":"","discourse_permalink":"","wpdc_publishing_response":"","wpdc_publishing_error":"","footnotes":""},"class_list":["post-5671","page","type-page","status-publish","hentry"],"yoast_head":"<!-- This site is optimized with the Yoast SEO plugin v25.3.1 - https:\/\/yoast.com\/wordpress\/plugins\/seo\/ -->\n<title>Prezentacja logo \u2014 dodanie wtyczki Karuzela logo do witryny Squarespace (2025)<\/title>\n<meta name=\"description\" content=\"Utworzenie wtyczki Logo Showcase i dodanie jej do swojej witryny Squarespace jest ca\u0142kowicie proste. Obs\u0142uga klienta Elfsight jest bezp\u0142atna i szybka.\" \/>\n<meta name=\"robots\" content=\"index, follow, max-snippet:-1, max-image-preview:large, max-video-preview:-1\" \/>\n<link rel=\"canonical\" href=\"https:\/\/elfsight.com\/pl\/logo-showcase-widget\/squarespace\/\" \/>\n<meta property=\"og:locale\" content=\"pl_PL\" \/>\n<meta property=\"og:type\" content=\"article\" \/>\n<meta property=\"og:title\" content=\"Prezentacja logo \u2014 dodanie wtyczki Karuzela logo do witryny Squarespace (2025)\" \/>\n<meta property=\"og:description\" content=\"Utworzenie wtyczki Logo Showcase i dodanie jej do swojej witryny Squarespace jest ca\u0142kowicie proste. Obs\u0142uga klienta Elfsight jest bezp\u0142atna i szybka.\" \/>\n<meta property=\"og:url\" content=\"https:\/\/elfsight.com\/pl\/logo-showcase-widget\/squarespace\/\" \/>\n<meta property=\"og:site_name\" content=\"Elfsight PL\" \/>\n<meta property=\"article:modified_time\" content=\"2025-06-26T15:54:56+00:00\" \/>\n<meta name=\"twitter:card\" content=\"summary_large_image\" \/>\n<meta name=\"twitter:label1\" content=\"Szacowany czas czytania\" \/>\n\t<meta name=\"twitter:data1\" content=\"3 minuty\" \/>\n<!-- \/ Yoast SEO plugin. -->","yoast_head_json":{"title":"Prezentacja logo \u2014 dodanie wtyczki Karuzela logo do witryny Squarespace (2025)","description":"Utworzenie wtyczki Logo Showcase i dodanie jej do swojej witryny Squarespace jest ca\u0142kowicie proste. Obs\u0142uga klienta Elfsight jest bezp\u0142atna i szybka.","robots":{"index":"index","follow":"follow","max-snippet":"max-snippet:-1","max-image-preview":"max-image-preview:large","max-video-preview":"max-video-preview:-1"},"canonical":"https:\/\/elfsight.com\/pl\/logo-showcase-widget\/squarespace\/","og_locale":"pl_PL","og_type":"article","og_title":"Prezentacja logo \u2014 dodanie wtyczki Karuzela logo do witryny Squarespace (2025)","og_description":"Utworzenie wtyczki Logo Showcase i dodanie jej do swojej witryny Squarespace jest ca\u0142kowicie proste. Obs\u0142uga klienta Elfsight jest bezp\u0142atna i szybka.","og_url":"https:\/\/elfsight.com\/pl\/logo-showcase-widget\/squarespace\/","og_site_name":"Elfsight PL","article_modified_time":"2025-06-26T15:54:56+00:00","twitter_card":"summary_large_image","twitter_misc":{"Szacowany czas czytania":"3 minuty"},"schema":{"@context":"https:\/\/schema.org","@graph":[{"@type":"WebPage","@id":"https:\/\/elfsight.com\/pl\/logo-showcase-widget\/squarespace\/","url":"https:\/\/elfsight.com\/pl\/logo-showcase-widget\/squarespace\/","name":"Prezentacja logo \u2014 dodanie wtyczki Karuzela logo do witryny Squarespace (2025)","isPartOf":{"@id":"https:\/\/elfsight.com\/pl\/#website"},"datePublished":"2024-05-03T06:41:02+00:00","dateModified":"2025-06-26T15:54:56+00:00","description":"Utworzenie wtyczki Logo Showcase i dodanie jej do swojej witryny Squarespace jest ca\u0142kowicie proste. Obs\u0142uga klienta Elfsight jest bezp\u0142atna i szybka.","breadcrumb":{"@id":"https:\/\/elfsight.com\/pl\/logo-showcase-widget\/squarespace\/#breadcrumb"},"inLanguage":"pl-PL","potentialAction":[{"@type":"ReadAction","target":["https:\/\/elfsight.com\/pl\/logo-showcase-widget\/squarespace\/"]}]},{"@type":"BreadcrumbList","@id":"https:\/\/elfsight.com\/pl\/logo-showcase-widget\/squarespace\/#breadcrumb","itemListElement":[{"@type":"ListItem","position":1,"name":"Home","item":"https:\/\/elfsight.com\/pl\/"},{"@type":"ListItem","position":2,"name":"Logo Showcase","item":"https:\/\/elfsight.com\/pl\/logo-showcase-widget\/"},{"@type":"ListItem","position":3,"name":"Logo Showcase &#8211; Squarespace"}]},{"@type":"WebSite","@id":"https:\/\/elfsight.com\/pl\/#website","url":"https:\/\/elfsight.com\/pl\/","name":"Elfsight PL","description":"Just another Elfsight Sites site","potentialAction":[{"@type":"SearchAction","target":{"@type":"EntryPoint","urlTemplate":"https:\/\/elfsight.com\/pl\/?s={search_term_string}"},"query-input":{"@type":"PropertyValueSpecification","valueRequired":true,"valueName":"search_term_string"}}],"inLanguage":"pl-PL"}]}},"meta_box":{"industry":"","seo_heading":"","heading":"","description":"","cta_heading":"","cta_description":"","application":"2535","h1":"Prezentacja logo Squarespace","h1_caption":"Wy\u015bwietlaj logo swoich partner\u00f3w, sponsor\u00f3w lub klient\u00f3w, bez wysi\u0142ku buduj\u0105c wiarygodno\u015b\u0107 i zaufanie swojej marki w swojej witrynie Squarespace.","application_category":[],"applications_title":"","applications_request_title":"","applications_request_button_text":"","hero_text":"","hero_video":"","hero_video_schema_markup":"","selling_points_title":"","selling_points_caption":"","selling_points":[],"selling_points_cta_text":"","features_title":"","features":"","ed_cta_examples_text":"","ed_cta_examples_hidden":"","ed_cta_demo_text":"","ed_cta_demo_hidden":"","why_caption":"","why_editor_title":"","why_editor_text":"","why_team_title":"","why_team_text":"","why_service_title":"","why_service_text":"","template_catalog_visible":"0","template_catalog_title":"","template_catalog_text":"","template_catalog_categories_visible":"","demo_title":"Utw\u00f3rz wtyczk\u0119 Logo Showcase","demo_caption":"Skonfiguruj swoj\u0105 prezentacj\u0119 logo i dodaj j\u0105 do swojej witryny Squarespace za darmo!","default_faq_hidden":"","app_template_category":[],"platform":"7588","template_public_id":"","codecanyon_url":"","codecanyon_item_id":"","codecanyon_price":"","pricing_caption":"","pricing_elfsight_apps_hide_column":"","pricing_elfsight_apps_url":"","pricing_codecanyon_price_caption":"","integration_category":[],"integration_request_title":"","integration_request_cta":"","integration_platform":"","integrations":[],"platform_category":[],"video_schema_markup":"","price":"od 0 USD \/ miesi\u0105c","trial":"","benefits":[{"text":"Bezp\u0142atna pomoc w monta\u017cu"},{"text":"Profesjonalna obs\u0142uga klienta"},{"text":"14-dniowa gwarancja zwrotu pieni\u0119dzy"}],"button_url":"#demo","button_target_blank":"0","button_nofollow":"0","attributes":[{"name":"Instaluje"},{"name":"Czu\u0142y"},{"name":"Kompatybilne przegl\u0105darki"}],"tags":[],"tags_disable_links":"0","hide_more_platforms":"0","video_object":"","demo_hide_cta":"0","demo_hide_cloud_options":"0","pricing_title":"","pricing":[{"pricing_icon":"platform","pricing_title":"Elfsight Apps","pricing_title_caption":"Oprogramowanie wieloplatformowe, kt\u00f3re dzia\u0142a na dowolnej stronie internetowej","pricing_price":"od 0 USD \/ miesi\u0105c","pricing_price_caption":"zacznij od bezp\u0142atnego planu","pricing_benefits":[{"text":"Nielimitowane domeny"},{"text":"Wsparcie premium, terminowe i dobrze udokumentowane"},{"text":"Bezp\u0142atna pomoc w monta\u017cu"},{"text":"Elastyczny projekt"}],"pricing_button_text":"Dodaj do witryny","pricing_button_url":"#demo"}],"related_apps_title":"","related_apps_hidden":"0","author":"","image":[],"title":"","job":"","social_networks":[]},"_links":{"self":[{"href":"https:\/\/elfsight.com\/pl\/wp-json\/wp\/v2\/pages\/5671","targetHints":{"allow":["GET"]}}],"collection":[{"href":"https:\/\/elfsight.com\/pl\/wp-json\/wp\/v2\/pages"}],"about":[{"href":"https:\/\/elfsight.com\/pl\/wp-json\/wp\/v2\/types\/page"}],"author":[{"embeddable":true,"href":"https:\/\/elfsight.com\/pl\/wp-json\/wp\/v2\/users\/9"}],"replies":[{"embeddable":true,"href":"https:\/\/elfsight.com\/pl\/wp-json\/wp\/v2\/comments?post=5671"}],"version-history":[{"count":2,"href":"https:\/\/elfsight.com\/pl\/wp-json\/wp\/v2\/pages\/5671\/revisions"}],"predecessor-version":[{"id":7861,"href":"https:\/\/elfsight.com\/pl\/wp-json\/wp\/v2\/pages\/5671\/revisions\/7861"}],"up":[{"embeddable":true,"href":"https:\/\/elfsight.com\/pl\/wp-json\/wp\/v2\/pages\/2536"}],"wp:attachment":[{"href":"https:\/\/elfsight.com\/pl\/wp-json\/wp\/v2\/media?parent=5671"}],"curies":[{"name":"wp","href":"https:\/\/api.w.org\/{rel}","templated":true}]}}