{"id":5669,"date":"2024-05-03T06:41:00","date_gmt":"2024-05-03T06:41:00","guid":{"rendered":"https:\/\/elfsight.com\/pl\/?page_id=5669"},"modified":"2024-11-14T09:26:52","modified_gmt":"2024-11-14T09:26:52","slug":"webnode","status":"publish","type":"page","link":"https:\/\/elfsight.com\/pl\/logo-showcase-widget\/webnode\/","title":{"rendered":"Logo Showcase &#8211; Webnode"},"content":{"rendered":"<div class=\"application-platform-content-item-description application-platform-content-item\" id=\"description\" data-nav-section=\"description\"><h2>Opis<\/h2> <p>Elfsight Logo Showcase to najbardziej nieskomplikowane narz\u0119dzie do wy\u015bwietlania logo partner\u00f3w i sponsor\u00f3w lub Twoich wzmianek prasowych na Twojej stronie. Dzi\u0119ki widgetowi udowodnisz, \u017ce Twoja firma jest wiarygodnym sojusznikiem biznesowym i stworzysz pozytywn\u0105 wizj\u0119 swojego biznesu. Widget umo\u017cliwia wy\u015bwietlenie dowolnej ilo\u015bci logo, uporz\u0105dkowanie ich w karuzel\u0119 lub siatk\u0119 oraz zmian\u0119 skali logo. Mo\u017cesz doda\u0107 podpis i linki do stron internetowych firm. Dostosowuj\u0105c ustawienia kolor\u00f3w i czcionek, b\u0119dziesz m\u00f3g\u0142 skonfigurowa\u0107 niepowtarzalny wygl\u0105d. <\/p><p><b>Podnie\u015b wiarygodno\u015b\u0107 swojej firmy. <\/b><\/p><\/div> <div class=\"application-platform-content-item-features application-platform-content-item\" id=\"features\" data-nav-section=\"features\"><h2>Funkcje<\/h2> <p>Sprawd\u017a wszystkie funkcje Logo Showcase. S\u0105 one dost\u0119pne bezpo\u015brednio w edytorze i pomog\u0105 Ci skonfigurowa\u0107 widget pod Twoje potrzeby. <\/p><ul><li> Po\u0142\u0105cz logotypy z dowolnym adresem; <\/li><li>Prze\u0142\u0105czany nag\u0142\u00f3wek zawieraj\u0105cy tytu\u0142 i tekst z ustawieniami formatowania; <\/li><li>Przycisk CTA mo\u017cna powi\u0105za\u0107 z dowoln\u0105 stron\u0105 internetow\u0105; <\/li><li>Trzy r\u00f3\u017cne uk\u0142ady wid\u017cet\u00f3w: suwak, siatka i karuzela; <\/li><li>Funkcja zmiany rozmiaru logo i szeroko\u015bci wid\u017cetu; <\/li><li> Wybierz dowolny kolor t\u0142a lub dodaj swoje zdj\u0119cie. <\/li><\/ul><p><a href=\"#demo\">Przetestuj wszystkie inne funkcje w wersji demonstracyjnej<\/a><\/p><\/div> <div class=\"application-platform-content-item-installation application-platform-content-item\" id=\"installation\" data-nav-section=\"installation\"><h2> Jak zintegrowa\u0107 Logo Showcase z moj\u0105 witryn\u0105 Webnode? <\/h2><p>Aby aktywowa\u0107 wid\u017cet, wykonaj te szybkie kroki<\/p><ul><li><b>Utw\u00f3rz spersonalizowan\u0105 wtyczk\u0119 Logo Showcase<\/b><br>Korzystaj\u0105c z naszego bezp\u0142atnego konfiguratora, skonfiguruj wtyczk\u0119 z preferowanym projektem i funkcjami. <\/li> <li><b>Otrzymaj indywidualny kod umo\u017cliwiaj\u0105cy integracj\u0119 wtyczki<\/b><br>Po ustawieniu wid\u017cetu kod instalacyjny uzyskasz z wyskakuj\u0105cego okna aplikacji Elfsight. Skopiuj to. <\/li> <li><b>Dodaj wtyczk\u0119 na swojej stronie Webnode<\/b><br>Id\u017a do miejsca, w kt\u00f3rym chcesz pokaza\u0107 wtyczk\u0119 i tam dodaj skopiowany kod. Opublikuj zmiany. <\/li> <li><b>Osadzanie powiod\u0142o si\u0119! <\/b><br>Odwied\u017a witryn\u0119, aby sprawdzi\u0107 swoj\u0105 wtyczk\u0119. <\/li><\/ul><p>Nie wahaj si\u0119 skontaktowa\u0107 z obs\u0142ug\u0105 klienta Elfsight, je\u015bli potrzebujesz porady lub masz pytania. Nasi specjali\u015bci ch\u0119tnie pomog\u0105 w ka\u017cdym zapytaniu. <\/p><div class=\"faq\" data-component=\"FAQ\"><div class=\"faq-item\">\r\n\t\t\t\t\t<div class=\"faq-item-question\">\r\n\t\t\t\t\t\t<h3 class=\"faq-item-question-text\">W jaki spos\u00f3b mog\u0119 osadzi\u0107 Logo Showcase w mojej witrynie Webnode bez kodowania?<\/h3>\r\n\r\n\t\t\t\t\t\t<div class=\"faq-item-question-icon\"><\/div>\r\n\t\t\t\t\t<\/div>\r\n\r\n\t\t\t\t\t<div class=\"faq-item-answer\">\r\n\t\t\t\t\t\t<div class=\"faq-item-answer-text\"> <p>Elfsight wprowadza rozwi\u0105zanie, kt\u00f3re umo\u017cliwia u\u017cytkownikom samodzielne utworzenie wtyczki Logo Showcase, dowiedz si\u0119 jak prosty proces jest nast\u0119puj\u0105cy: Pracuj bezpo\u015brednio w wersji demonstracyjnej na \u017cywo, aby zbudowa\u0107 aplikacj\u0119 Logo Showcase, kt\u00f3r\u0105 chcia\u0142by\u015b zobaczy\u0107 na stronie g\u0142\u00f3wnej Webnode. Zdecyduj si\u0119 na jeden z gotowych szablon\u00f3w i dostosuj ustawienia Logo Showcase, zmie\u0144 uk\u0142ad i kolor element\u00f3w oraz dodaj swoj\u0105 tre\u015b\u0107, bez umiej\u0119tno\u015bci kodowania. Kliknij, aby zapisa\u0107 Logo Showcase i skopiuj kod instalacyjny wid\u017cetu, kt\u00f3ry mo\u017cna doda\u0107 na stronie internetowej Webnode, korzystaj\u0105c z bezp\u0142atnego planu. Korzystaj\u0105c z naszego przyjaznego dla u\u017cytkownika edytora, ka\u017cdy u\u017cytkownik Internetu mo\u017ce stworzy\u0107 Logo Showcase i \u0142atwo osadzi\u0107 je na dowolnej stronie internetowej Webnode. Aby wej\u015b\u0107 do naszego Edytora, nie jest wymagana p\u0142atno\u015b\u0107 ani podanie danych karty. Je\u015bli napotkasz jakiekolwiek problemy, skontaktuj si\u0119 z nasz\u0105 techniczn\u0105 obs\u0142ug\u0105 klienta.<\/p> <\/div>\r\n\t\t\t\t\t<\/div>\r\n\t\t\t\t<\/div> <\/div><\/div>","protected":false},"excerpt":{"rendered":"","protected":false},"author":9,"featured_media":0,"parent":2536,"menu_order":0,"comment_status":"closed","ping_status":"closed","template":"templates\/template-application-platform.php","meta":{"publish_to_discourse":"","publish_post_category":"","wpdc_auto_publish_overridden":"","wpdc_topic_tags":"","wpdc_pin_topic":"","wpdc_pin_until":"","discourse_post_id":"","discourse_permalink":"","wpdc_publishing_response":"","wpdc_publishing_error":"","footnotes":""},"class_list":["post-5669","page","type-page","status-publish","hentry"],"yoast_head":"<!-- This site is optimized with the Yoast SEO plugin v25.3.1 - https:\/\/yoast.com\/wordpress\/plugins\/seo\/ -->\n<title>Prezentacja logo \u2014 dodaj karuzel\u0119 z logo do witryny Webnode (2025)<\/title>\n<meta name=\"description\" content=\"Utworzenie prezentacji logo i dodanie jej do witryny Webnode jest ca\u0142kowicie proste. Obs\u0142uga klienta Elfsight jest bezp\u0142atna i szybka.\" \/>\n<meta name=\"robots\" content=\"index, follow, max-snippet:-1, max-image-preview:large, max-video-preview:-1\" \/>\n<link rel=\"canonical\" href=\"https:\/\/elfsight.com\/pl\/logo-showcase-widget\/webnode\/\" \/>\n<meta property=\"og:locale\" content=\"pl_PL\" \/>\n<meta property=\"og:type\" content=\"article\" \/>\n<meta property=\"og:title\" content=\"Prezentacja logo \u2014 dodaj karuzel\u0119 z logo do witryny Webnode (2025)\" \/>\n<meta property=\"og:description\" content=\"Utworzenie prezentacji logo i dodanie jej do witryny Webnode jest ca\u0142kowicie proste. Obs\u0142uga klienta Elfsight jest bezp\u0142atna i szybka.\" \/>\n<meta property=\"og:url\" content=\"https:\/\/elfsight.com\/pl\/logo-showcase-widget\/webnode\/\" \/>\n<meta property=\"og:site_name\" content=\"Elfsight PL\" \/>\n<meta property=\"article:modified_time\" content=\"2024-11-14T09:26:52+00:00\" \/>\n<meta name=\"twitter:card\" content=\"summary_large_image\" \/>\n<meta name=\"twitter:label1\" content=\"Szacowany czas czytania\" \/>\n\t<meta name=\"twitter:data1\" content=\"3 minuty\" \/>\n<!-- \/ Yoast SEO plugin. -->","yoast_head_json":{"title":"Prezentacja logo \u2014 dodaj karuzel\u0119 z logo do witryny Webnode (2025)","description":"Utworzenie prezentacji logo i dodanie jej do witryny Webnode jest ca\u0142kowicie proste. Obs\u0142uga klienta Elfsight jest bezp\u0142atna i szybka.","robots":{"index":"index","follow":"follow","max-snippet":"max-snippet:-1","max-image-preview":"max-image-preview:large","max-video-preview":"max-video-preview:-1"},"canonical":"https:\/\/elfsight.com\/pl\/logo-showcase-widget\/webnode\/","og_locale":"pl_PL","og_type":"article","og_title":"Prezentacja logo \u2014 dodaj karuzel\u0119 z logo do witryny Webnode (2025)","og_description":"Utworzenie prezentacji logo i dodanie jej do witryny Webnode jest ca\u0142kowicie proste. Obs\u0142uga klienta Elfsight jest bezp\u0142atna i szybka.","og_url":"https:\/\/elfsight.com\/pl\/logo-showcase-widget\/webnode\/","og_site_name":"Elfsight PL","article_modified_time":"2024-11-14T09:26:52+00:00","twitter_card":"summary_large_image","twitter_misc":{"Szacowany czas czytania":"3 minuty"},"schema":{"@context":"https:\/\/schema.org","@graph":[{"@type":"WebPage","@id":"https:\/\/elfsight.com\/pl\/logo-showcase-widget\/webnode\/","url":"https:\/\/elfsight.com\/pl\/logo-showcase-widget\/webnode\/","name":"Prezentacja logo \u2014 dodaj karuzel\u0119 z logo do witryny Webnode (2025)","isPartOf":{"@id":"https:\/\/elfsight.com\/pl\/#website"},"datePublished":"2024-05-03T06:41:00+00:00","dateModified":"2024-11-14T09:26:52+00:00","description":"Utworzenie prezentacji logo i dodanie jej do witryny Webnode jest ca\u0142kowicie proste. Obs\u0142uga klienta Elfsight jest bezp\u0142atna i szybka.","breadcrumb":{"@id":"https:\/\/elfsight.com\/pl\/logo-showcase-widget\/webnode\/#breadcrumb"},"inLanguage":"pl-PL","potentialAction":[{"@type":"ReadAction","target":["https:\/\/elfsight.com\/pl\/logo-showcase-widget\/webnode\/"]}]},{"@type":"BreadcrumbList","@id":"https:\/\/elfsight.com\/pl\/logo-showcase-widget\/webnode\/#breadcrumb","itemListElement":[{"@type":"ListItem","position":1,"name":"Home","item":"https:\/\/elfsight.com\/pl\/"},{"@type":"ListItem","position":2,"name":"Logo Showcase","item":"https:\/\/elfsight.com\/pl\/logo-showcase-widget\/"},{"@type":"ListItem","position":3,"name":"Logo Showcase &#8211; Webnode"}]},{"@type":"WebSite","@id":"https:\/\/elfsight.com\/pl\/#website","url":"https:\/\/elfsight.com\/pl\/","name":"Elfsight PL","description":"Just another Elfsight Sites site","potentialAction":[{"@type":"SearchAction","target":{"@type":"EntryPoint","urlTemplate":"https:\/\/elfsight.com\/pl\/?s={search_term_string}"},"query-input":{"@type":"PropertyValueSpecification","valueRequired":true,"valueName":"search_term_string"}}],"inLanguage":"pl-PL"}]}},"meta_box":{"industry":"","seo_heading":"","heading":"","description":"","cta_heading":"","cta_description":"","application":"2535","h1":"Prezentacja logo Webnode","h1_caption":"Wy\u015bwietlaj logo swoich partner\u00f3w, sponsor\u00f3w lub klient\u00f3w, buduj\u0105c wiarygodno\u015b\u0107 i zaufanie dla swojej marki w swojej witrynie Webnode bez wysi\u0142ku.","application_category":[],"applications_title":"","applications_request_title":"","applications_request_button_text":"","hero_text":"","hero_video":"","hero_video_schema_markup":"","selling_points_title":"","selling_points_caption":"","selling_points":[],"selling_points_cta_text":"","features_title":"","features":"","ed_cta_examples_text":"","ed_cta_examples_hidden":"","ed_cta_demo_text":"","ed_cta_demo_hidden":"","why_caption":"","why_editor_title":"","why_editor_text":"","why_team_title":"","why_team_text":"","why_service_title":"","why_service_text":"","template_catalog_visible":"","template_catalog_title":"","template_catalog_text":"","template_catalog_categories_visible":"","demo_title":"Utw\u00f3rz wid\u017cet Prezentacja logo","demo_caption":"Skonfiguruj swoj\u0105 prezentacj\u0119 logo i dodaj j\u0105 do swojej witryny Webnode za darmo!","default_faq_hidden":"","app_template_category":[],"platform":"138","template_public_id":"","codecanyon_url":"","codecanyon_item_id":"","codecanyon_price":"","pricing_caption":"","pricing_elfsight_apps_hide_column":"","pricing_elfsight_apps_url":"","pricing_codecanyon_price_caption":"","integration_category":[],"integration_request_title":"","integration_request_cta":"","integration_platform":"","integrations":[],"platform_category":[],"video_schema_markup":"","price":"od 0 USD \/ miesi\u0105c","trial":"","benefits":[{"text":"Bezp\u0142atna us\u0142uga monta\u017cu"},{"text":"Skuteczna obs\u0142uga klienta"},{"text":"14-dniowa gwarancja zwrotu pieni\u0119dzy"}],"button_url":"#demo","button_target_blank":"","button_nofollow":"","attributes":[{"name":"Instaluje"},{"name":"Czu\u0142y"},{"name":"Kompatybilne przegl\u0105darki"}],"tags":[],"tags_disable_links":"","hide_more_platforms":"","video_object":"","demo_hide_cta":"","demo_hide_cloud_options":"","pricing_title":"","pricing":[{"pricing_icon":"platform","pricing_title":"Elfsight Apps","pricing_title_caption":"Wieloplatformowe rozwi\u0105zanie cyfrowe, kt\u00f3re dzia\u0142a na ka\u017cdej stronie internetowej","pricing_price":"od 0 USD \/ miesi\u0105c","pricing_price_caption":"zacznij od bezp\u0142atnego planu","pricing_benefits":[{"text":"Nielimitowane domeny"},{"text":"Profesjonalna i terminowa pomoc oraz dobrze udokumentowana"},{"text":"Bezp\u0142atna pomoc w monta\u017cu"},{"text":"Specjalna cena za wiele aplikacji"}],"pricing_button_text":"Dodaj do witryny","pricing_button_url":"#demo"}],"related_apps_title":"","related_apps_hidden":"","author":"","image":[],"title":"","job":"","social_networks":[]},"_links":{"self":[{"href":"https:\/\/elfsight.com\/pl\/wp-json\/wp\/v2\/pages\/5669","targetHints":{"allow":["GET"]}}],"collection":[{"href":"https:\/\/elfsight.com\/pl\/wp-json\/wp\/v2\/pages"}],"about":[{"href":"https:\/\/elfsight.com\/pl\/wp-json\/wp\/v2\/types\/page"}],"author":[{"embeddable":true,"href":"https:\/\/elfsight.com\/pl\/wp-json\/wp\/v2\/users\/9"}],"replies":[{"embeddable":true,"href":"https:\/\/elfsight.com\/pl\/wp-json\/wp\/v2\/comments?post=5669"}],"version-history":[{"count":1,"href":"https:\/\/elfsight.com\/pl\/wp-json\/wp\/v2\/pages\/5669\/revisions"}],"predecessor-version":[{"id":5673,"href":"https:\/\/elfsight.com\/pl\/wp-json\/wp\/v2\/pages\/5669\/revisions\/5673"}],"up":[{"embeddable":true,"href":"https:\/\/elfsight.com\/pl\/wp-json\/wp\/v2\/pages\/2536"}],"wp:attachment":[{"href":"https:\/\/elfsight.com\/pl\/wp-json\/wp\/v2\/media?parent=5669"}],"curies":[{"name":"wp","href":"https:\/\/api.w.org\/{rel}","templated":true}]}}