{"id":5664,"date":"2024-05-03T06:40:59","date_gmt":"2024-05-03T06:40:59","guid":{"rendered":"https:\/\/elfsight.com\/pl\/?page_id=5664"},"modified":"2024-11-14T09:26:44","modified_gmt":"2024-11-14T09:26:44","slug":"wordpress","status":"publish","type":"page","link":"https:\/\/elfsight.com\/pl\/logo-showcase-widget\/wordpress\/","title":{"rendered":"Logo Showcase &#8211; WordPress"},"content":{"rendered":"<div class=\"application-platform-content-item-description application-platform-content-item\" id=\"description\" data-nav-section=\"description\"><h2>Osad\u017a prezentacj\u0119 logo w WordPress za pomoc\u0105 wid\u017cetu Elfsight<\/h2> <p>Prezentacja logo Elfsight to najwygodniejsze narz\u0119dzie do wy\u015bwietlania prezentacji logo Twoich klient\u00f3w i logo promotor\u00f3w lub wzmianki prasowe na stronie internetowej. Dzi\u0119ki widgetowi \u0142atwo udowodnisz, \u017ce jeste\u015b godnym zaufania partnerem i utrzymasz pozytywn\u0105 wizj\u0119 swojej firmy. Wid\u017cet Elfsight umo\u017cliwia wgranie dowolnej ilo\u015bci emblemat\u00f3w klient\u00f3w, zbudowanie ich w karuzel\u0119 lub siatk\u0119 oraz zmian\u0119 skali zdj\u0119\u0107. Mo\u017cesz wy\u015bwietli\u0107 podpisy i linki do stron internetowych firmy. Korzystaj\u0105c z funkcji kolor\u00f3w i czcionek, mo\u017cna \u0142atwo skonfigurowa\u0107 unikalny interfejs. <\/p><p><b>Podnie\u015b poziom sprzeda\u017cy, potwierdzaj\u0105c doskona\u0142\u0105 reputacj\u0119 swojej firmy, dzi\u0119ki logotypom partner\u00f3w na stronie internetowej. <\/b><\/p><\/div> <div class=\"application-platform-content-item-features application-platform-content-item\" id=\"features\" data-nav-section=\"features\"><h2>G\u0142\u00f3wne funkcje wid\u017cetu Logo Showcase<\/h2> <p>Sprawd\u017a wszystkie cechy funkcjonalne Logo Showcase. Mo\u017cesz nimi zarz\u0105dza\u0107 bezpo\u015brednio w edytorze, a one pomog\u0105 Ci stworzy\u0107 wid\u017cet odpowiedni dla Twojej sprawy. <\/p><ul><li> Po\u0142\u0105cz ka\u017cdy logotyp z dowoln\u0105 stron\u0105 internetow\u0105; <\/li><li>Prze\u0142\u0105czany nag\u0142\u00f3wek ma tytu\u0142 i tekst z obs\u0142ug\u0105 formatowania; <\/li><li>Przycisk CTA mo\u017cna pod\u0142\u0105czy\u0107 do dowolnej strony internetowej; <\/li><li>Trzy zr\u00f3wnowa\u017cone uk\u0142ady wid\u017cet\u00f3w: suwak, siatka i karuzela; <\/li><li>Mo\u017cliwo\u015b\u0107 dostosowania rozmiaru logo i szeroko\u015bci wid\u017cetu; <\/li><li> Wybierz dowolny kolor t\u0142a lub u\u017cyj swojego obrazu. <\/li><\/ul><p><a href=\"#demo\">Mo\u017cesz przetestowa\u0107 wszystkie funkcje wid\u017cetu bezpo\u015brednio w wersji demonstracyjnej<\/a><\/p><\/div> <div class=\"application-platform-content-item-installation application-platform-content-item\" id=\"installation\" data-nav-section=\"installation\"> <h2>Jak mog\u0119 osadzi\u0107 Logo Showcase na stronie WordPress? <\/h2><div class=\"video-container\"><iframe width=\"720\" height=\"405\" src=\"https:\/\/www.youtube.com\/embed\/W3ZgG9V34tA\" frameborder=\"0\" allowfullscreen=\"\"><\/iframe><\/div><p>Wystarczy wykona\u0107 kroki przedstawione poni\u017cej, aby doda\u0107 narz\u0119dzie do WordPress.<\/p> <ol><li><b>Zarz\u0105dzaj naszym bezp\u0142atnym konfiguratorem i zacznij tworzy\u0107 sw\u00f3j spersonalizowany instrument . <\/b><br> Okre\u015bl preferowany wygl\u0105d i cechy narz\u0119dzia oraz zastosuj poprawki. <\/li> <li><b>Odbierz osobisty kod, kt\u00f3ry pojawi si\u0119 w specjalnym formularzu w aplikacjach Elfsight. <\/b><br> Zaraz po zako\u0144czeniu generowania wtyczki Logo Showcase skopiuj ekskluzywny kod z wyskakuj\u0105cego okienka i zapisz go na przysz\u0142o\u015b\u0107. <\/li> <li><b>Rozpocznij korzystanie z wtyczki w swojej witrynie WordPress. <\/b><br> Umie\u015b\u0107 skopiowany wcze\u015bniej kod na swojej stronie internetowej i zapisz zmiany. <\/li> <li><b>Instalacja zosta\u0142a pomy\u015blnie przeprowadzona. <\/b><br> Przejd\u017a do swojej witryny i sprawd\u017a, jak dzia\u0142a narz\u0119dzie. <\/li><\/ol> <p>Je\u015bli potrzebujesz pomocy lub masz problemy, mo\u017cesz skontaktowa\u0107 si\u0119 z obs\u0142ug\u0105 klienta Elfsight. Ch\u0119tnie pomo\u017cemy w ka\u017cdym zapytaniu. <\/p><div class=\"faq\" data-component=\"FAQ\"><div class=\"faq-item\">\r\n\t\t\t\t\t<div class=\"faq-item-question\">\r\n\t\t\t\t\t\t<h3 class=\"faq-item-question-text\">Jak mog\u0119 osadzi\u0107 Prezentacj\u0119 Logo dla WordPressa w mojej witrynie Webflow bez umiej\u0119tno\u015bci kodowania?<\/h3>\r\n\r\n\t\t\t\t\t\t<div class=\"faq-item-question-icon\"><\/div>\r\n\t\t\t\t\t<\/div>\r\n\r\n\t\t\t\t\t<div class=\"faq-item-answer\">\r\n\t\t\t\t\t\t<div class=\"faq-item-answer-text\"><p>Elfsight zapewnia rozwi\u0105zanie oparte na chmurze, kt\u00f3re umo\u017cliwia u\u017cytkownikom tworzenie Prezentacji Logo dla samego WordPressa. Zobacz, jak prosty jest ten proces:<\/p><ul><li>Uzyskaj dost\u0119p do edytora online, aby wygenerowa\u0107 sekcj\u0119 Prezentacja logo dla WordPress, kt\u00f3r\u0105 chcesz zintegrowa\u0107 ze swoj\u0105 witryn\u0105 Webflow.<\/li><li>Wybierz jedn\u0105 z naszych wst\u0119pnie zaprojektowanych szablon\u00f3w i dostosuj ustawienia Logo Showcase dla WordPress, zmodyfikuj uk\u0142ad i schemat kolor\u00f3w, do\u0142\u0105cz swoj\u0105 tre\u015b\u0107 bez konieczno\u015bci kodowania.<\/li><li>Zapisz ustawienia skonfigurowane dla Logo Showcase dla WordPress i uzyskaj kod do osadzenia prezentacji, kt\u00f3ry mo\u017cesz \u0142atwo i bezp\u0142atnie doda\u0107 do swojej witryny Webflow.<\/li><\/ul><p>Pracuj\u0105c w przyjaznym dla u\u017cytkownika Edytorze, ka\u017cdy internauta mo\u017ce stworzy\u0107 Prezentacj\u0119 Logo dla sekcji WordPress i umie\u015b\u0107 j\u0105 na swojej stronie internetowej Webflow. Aby uzyska\u0107 dost\u0119p do Edytora Elfsight, nie jest wymagana \u017cadna p\u0142atno\u015b\u0107 ani ujawnianie danych karty. Je\u015bli na kt\u00f3rymkolwiek etapie napotkasz jakiekolwiek trudno\u015bci, skontaktuj si\u0119 z naszym dzia\u0142em obs\u0142ugi klienta.<\/p><\/div>\r\n\t\t\t\t\t<\/div>\r\n\t\t\t\t<\/div><\/div><\/div>","protected":false},"excerpt":{"rendered":"","protected":false},"author":9,"featured_media":0,"parent":2536,"menu_order":0,"comment_status":"closed","ping_status":"closed","template":"templates\/template-application-platform.php","meta":{"publish_to_discourse":"","publish_post_category":"","wpdc_auto_publish_overridden":"","wpdc_topic_tags":"","wpdc_pin_topic":"","wpdc_pin_until":"","discourse_post_id":"","discourse_permalink":"","wpdc_publishing_response":"","wpdc_publishing_error":"","footnotes":""},"class_list":["post-5664","page","type-page","status-publish","hentry"],"yoast_head":"<!-- This site is optimized with the Yoast SEO plugin v25.3.1 - https:\/\/yoast.com\/wordpress\/plugins\/seo\/ -->\n<title>Prezentacja logo - Dodaj wtyczk\u0119 Logo Carousel do witryny WordPress (2025)<\/title>\n<meta name=\"description\" content=\"Utworzenie wtyczki Logo Showcase i dodanie jej do witryny WordPress jest ca\u0142kowicie proste. Obs\u0142uga klienta Elfsight jest bezp\u0142atna i szybka.\" \/>\n<meta name=\"robots\" content=\"index, follow, max-snippet:-1, max-image-preview:large, max-video-preview:-1\" \/>\n<link rel=\"canonical\" href=\"https:\/\/elfsight.com\/pl\/logo-showcase-widget\/wordpress\/\" \/>\n<meta property=\"og:locale\" content=\"pl_PL\" \/>\n<meta property=\"og:type\" content=\"article\" \/>\n<meta property=\"og:title\" content=\"Prezentacja logo - Dodaj wtyczk\u0119 Logo Carousel do witryny WordPress (2025)\" \/>\n<meta property=\"og:description\" content=\"Utworzenie wtyczki Logo Showcase i dodanie jej do witryny WordPress jest ca\u0142kowicie proste. Obs\u0142uga klienta Elfsight jest bezp\u0142atna i szybka.\" \/>\n<meta property=\"og:url\" content=\"https:\/\/elfsight.com\/pl\/logo-showcase-widget\/wordpress\/\" \/>\n<meta property=\"og:site_name\" content=\"Elfsight PL\" \/>\n<meta property=\"article:modified_time\" content=\"2024-11-14T09:26:44+00:00\" \/>\n<meta name=\"twitter:card\" content=\"summary_large_image\" \/>\n<meta name=\"twitter:label1\" content=\"Szacowany czas czytania\" \/>\n\t<meta name=\"twitter:data1\" content=\"3 minuty\" \/>\n<!-- \/ Yoast SEO plugin. -->","yoast_head_json":{"title":"Prezentacja logo - Dodaj wtyczk\u0119 Logo Carousel do witryny WordPress (2025)","description":"Utworzenie wtyczki Logo Showcase i dodanie jej do witryny WordPress jest ca\u0142kowicie proste. Obs\u0142uga klienta Elfsight jest bezp\u0142atna i szybka.","robots":{"index":"index","follow":"follow","max-snippet":"max-snippet:-1","max-image-preview":"max-image-preview:large","max-video-preview":"max-video-preview:-1"},"canonical":"https:\/\/elfsight.com\/pl\/logo-showcase-widget\/wordpress\/","og_locale":"pl_PL","og_type":"article","og_title":"Prezentacja logo - Dodaj wtyczk\u0119 Logo Carousel do witryny WordPress (2025)","og_description":"Utworzenie wtyczki Logo Showcase i dodanie jej do witryny WordPress jest ca\u0142kowicie proste. Obs\u0142uga klienta Elfsight jest bezp\u0142atna i szybka.","og_url":"https:\/\/elfsight.com\/pl\/logo-showcase-widget\/wordpress\/","og_site_name":"Elfsight PL","article_modified_time":"2024-11-14T09:26:44+00:00","twitter_card":"summary_large_image","twitter_misc":{"Szacowany czas czytania":"3 minuty"},"schema":{"@context":"https:\/\/schema.org","@graph":[{"@type":"WebPage","@id":"https:\/\/elfsight.com\/pl\/logo-showcase-widget\/wordpress\/","url":"https:\/\/elfsight.com\/pl\/logo-showcase-widget\/wordpress\/","name":"Prezentacja logo - Dodaj wtyczk\u0119 Logo Carousel do witryny WordPress (2025)","isPartOf":{"@id":"https:\/\/elfsight.com\/pl\/#website"},"datePublished":"2024-05-03T06:40:59+00:00","dateModified":"2024-11-14T09:26:44+00:00","description":"Utworzenie wtyczki Logo Showcase i dodanie jej do witryny WordPress jest ca\u0142kowicie proste. Obs\u0142uga klienta Elfsight jest bezp\u0142atna i szybka.","breadcrumb":{"@id":"https:\/\/elfsight.com\/pl\/logo-showcase-widget\/wordpress\/#breadcrumb"},"inLanguage":"pl-PL","potentialAction":[{"@type":"ReadAction","target":["https:\/\/elfsight.com\/pl\/logo-showcase-widget\/wordpress\/"]}]},{"@type":"BreadcrumbList","@id":"https:\/\/elfsight.com\/pl\/logo-showcase-widget\/wordpress\/#breadcrumb","itemListElement":[{"@type":"ListItem","position":1,"name":"Home","item":"https:\/\/elfsight.com\/pl\/"},{"@type":"ListItem","position":2,"name":"Logo Showcase","item":"https:\/\/elfsight.com\/pl\/logo-showcase-widget\/"},{"@type":"ListItem","position":3,"name":"Logo Showcase &#8211; WordPress"}]},{"@type":"WebSite","@id":"https:\/\/elfsight.com\/pl\/#website","url":"https:\/\/elfsight.com\/pl\/","name":"Elfsight PL","description":"Just another Elfsight Sites site","potentialAction":[{"@type":"SearchAction","target":{"@type":"EntryPoint","urlTemplate":"https:\/\/elfsight.com\/pl\/?s={search_term_string}"},"query-input":{"@type":"PropertyValueSpecification","valueRequired":true,"valueName":"search_term_string"}}],"inLanguage":"pl-PL"}]}},"meta_box":{"industry":"","seo_heading":"","heading":"","description":"","cta_heading":"","cta_description":"","application":"2535","h1":"Prezentacja logo WordPressa","h1_caption":"Wy\u015bwietlaj logo swoich partner\u00f3w, sponsor\u00f3w lub klient\u00f3w, bez wysi\u0142ku buduj\u0105c wiarygodno\u015b\u0107 i zaufanie swojej marki w swojej witrynie WordPress.","application_category":[],"applications_title":"","applications_request_title":"","applications_request_button_text":"","hero_text":"","hero_video":"","hero_video_schema_markup":"","selling_points_title":"","selling_points_caption":"","selling_points":[],"selling_points_cta_text":"","features_title":"","features":"","ed_cta_examples_text":"","ed_cta_examples_hidden":"","ed_cta_demo_text":"","ed_cta_demo_hidden":"","why_caption":"","why_editor_title":"","why_editor_text":"","why_team_title":"","why_team_text":"","why_service_title":"","why_service_text":"","template_catalog_visible":"","template_catalog_title":"","template_catalog_text":"","template_catalog_categories_visible":"","demo_title":"Utw\u00f3rz wtyczk\u0119 Logo Showcase","demo_caption":"Skonfiguruj swoj\u0105 prezentacj\u0119 logo i dodaj j\u0105 do swojej witryny WordPress za darmo!","default_faq_hidden":"","app_template_category":[],"platform":"31","template_public_id":"","codecanyon_url":"","codecanyon_item_id":"","codecanyon_price":"","pricing_caption":"","pricing_elfsight_apps_hide_column":"","pricing_elfsight_apps_url":"","pricing_codecanyon_price_caption":"","integration_category":[],"integration_request_title":"","integration_request_cta":"","integration_platform":"","integrations":[],"platform_category":[],"video_schema_markup":"","price":"od 0 USD \/ miesi\u0105c","trial":"","benefits":[{"text":"Bezp\u0142atna pomoc w monta\u017cu"},{"text":"Wyj\u0105tkowe wsparcie"},{"text":"14-dniowa gwarancja zwrotu pieni\u0119dzy"}],"button_url":"#demo","button_target_blank":"","button_nofollow":"","attributes":[{"name":"Instaluje"},{"name":"Czu\u0142y"},{"name":"Kompatybilne przegl\u0105darki"}],"tags":[],"tags_disable_links":"","hide_more_platforms":"","video_object":"","demo_hide_cta":"","demo_hide_cloud_options":"","pricing_title":"","pricing":[{"pricing_icon":"platform","pricing_title":"Elfsight Apps","pricing_title_caption":"Oprogramowanie wieloplatformowe, kt\u00f3re pasuje do ka\u017cdej witryny","pricing_price":"od 0 USD \/ miesi\u0105c","pricing_price_caption":"zacznij od bezp\u0142atnego planu","pricing_benefits":[{"text":"Nielimitowane strony internetowe"},{"text":"Profesjonalne i terminowe wsparcie"},{"text":"Bezp\u0142atna pomoc w instalacji"},{"text":"Cena do z\u0142apania dla wielu aplikacji"}],"pricing_button_text":"Dodaj do witryny","pricing_button_url":"#demo"}],"related_apps_title":"","related_apps_hidden":"","author":"","image":[],"title":"","job":"","social_networks":[]},"_links":{"self":[{"href":"https:\/\/elfsight.com\/pl\/wp-json\/wp\/v2\/pages\/5664","targetHints":{"allow":["GET"]}}],"collection":[{"href":"https:\/\/elfsight.com\/pl\/wp-json\/wp\/v2\/pages"}],"about":[{"href":"https:\/\/elfsight.com\/pl\/wp-json\/wp\/v2\/types\/page"}],"author":[{"embeddable":true,"href":"https:\/\/elfsight.com\/pl\/wp-json\/wp\/v2\/users\/9"}],"replies":[{"embeddable":true,"href":"https:\/\/elfsight.com\/pl\/wp-json\/wp\/v2\/comments?post=5664"}],"version-history":[{"count":2,"href":"https:\/\/elfsight.com\/pl\/wp-json\/wp\/v2\/pages\/5664\/revisions"}],"predecessor-version":[{"id":7859,"href":"https:\/\/elfsight.com\/pl\/wp-json\/wp\/v2\/pages\/5664\/revisions\/7859"}],"up":[{"embeddable":true,"href":"https:\/\/elfsight.com\/pl\/wp-json\/wp\/v2\/pages\/2536"}],"wp:attachment":[{"href":"https:\/\/elfsight.com\/pl\/wp-json\/wp\/v2\/media?parent=5664"}],"curies":[{"name":"wp","href":"https:\/\/api.w.org\/{rel}","templated":true}]}}