{"id":5662,"date":"2024-05-03T06:40:57","date_gmt":"2024-05-03T06:40:57","guid":{"rendered":"https:\/\/elfsight.com\/pl\/?page_id=5662"},"modified":"2024-11-14T09:26:44","modified_gmt":"2024-11-14T09:26:44","slug":"wix","status":"publish","type":"page","link":"https:\/\/elfsight.com\/pl\/logo-showcase-widget\/wix\/","title":{"rendered":"Logo Showcase &#8211; Wix"},"content":{"rendered":"<div class=\"application-platform-content-item-description application-platform-content-item\" id=\"description\" data-nav-section=\"description\"><h2>Opis<\/h2> <p>Prezentacja logo Elfsight b\u0119dzie najwygodniejsz\u0105 technik\u0105 zaprezentowania logo klient\u00f3w i promotor\u00f3w lub Twoich wzmianek w medi\u00f3w na stronie. Korzystaj\u0105c z tego widgetu, dajesz kolejny dow\u00f3d na to, \u017ce jeste\u015b wiarygodnym sojusznikiem biznesowym i wspierasz pozytywne postrzeganie swojej marki. Wid\u017cet Prezentacja logo umo\u017cliwia dodanie wielu logo, u\u0142o\u017cenie ich w karuzel\u0119 lub siatk\u0119 oraz zmian\u0119 skali logo. Mo\u017cesz wy\u015bwietli\u0107 podpis i linki do stron internetowych firm. Dzi\u0119ki r\u00f3\u017cnym opcjom kolor\u00f3w i czcionek b\u0119dziesz m\u00f3g\u0142 zaprojektowa\u0107 unikalny interfejs. <\/p><p><b>Zwi\u0119ksz zaufanie swojej firmy. <\/b><\/p><\/div> <div class=\"application-platform-content-item-features application-platform-content-item\" id=\"features\" data-nav-section=\"features\"><h2>Funkcje<\/h2> <p>Sprawd\u017a list\u0119 wszystkich cech funkcjonalnych Logo Showcase. S\u0105 one dost\u0119pne bezpo\u015brednio w edytorze i pomog\u0105 Ci skonfigurowa\u0107 widget dok\u0142adnie pod Tw\u00f3j przypadek. <\/p><ul><li> Po\u0142\u0105cz ka\u017cde logo z dowolnym adresem; <\/li><li>Adaptacyjny nag\u0142\u00f3wek zawieraj\u0105cy tytu\u0142 i tekst z mo\u017cliwo\u015bci\u0105 formatowania; <\/li><li>Przycisk CTA mo\u017ce po klikni\u0119ciu prowadzi\u0107 do dowolnej strony; <\/li><li>Trzy r\u00f3\u017cne uk\u0142ady: suwak, siatka i karuzela; <\/li><li>Mo\u017cliwo\u015b\u0107 dostosowania rozmiaru logo i szeroko\u015bci wid\u017cetu; <\/li><li> Wybierz dowolny kolor t\u0142a lub prze\u015blij swoje zdj\u0119cie. <\/li><\/ul><p><a href=\"#demo\">Mo\u017cesz wypr\u00f3bowa\u0107 wszystkie funkcje funkcjonalne wid\u017cetu bezpo\u015brednio w wersji demonstracyjnej<\/a><\/p><\/div> <div class=\"application-platform-content-item-installation application-platform-content-item\" id=\"installation\" data-nav-section=\"installation\"><h2>Jak osadzi\u0107 Logo Showcase na mojej stronie Wix? <\/h2><div class=\"video-container\"><iframe width=\"720\" height=\"405\" src=\"https:\/\/www.youtube.com\/embed\/GSp23En6p0Y\" frameborder=\"0\" allowfullscreen=\"\"><\/iframe><\/div><p>Aby rozpocz\u0105\u0107 korzystanie z wid\u017cetu, wykonaj nast\u0119puj\u0105ce szybkie kroki<\/p><ul><li><b>Utw\u00f3rz w\u0142asn\u0105 aplikacj\u0119 z logo<\/b><br>Za pomoc\u0105 w naszym darmowym demo skonfiguruj wtyczk\u0119 o preferowanym wygl\u0105dzie i cechach funkcjonalnych. <\/li> <li><b>Uzyskaj indywidualny kod do zainstalowania wtyczki<\/b><br>Po utworzeniu wid\u017cetu otrzymasz kod instalacyjny z wyskakuj\u0105cego powiadomienia w aplikacji Elfsight. Skopiuj kod. <\/li> <li><b> Wtyczka na Twojej stronie Wix<\/b><br>Znajd\u017a miejsce, w kt\u00f3rym planujesz osadzi\u0107 wtyczk\u0119 i wklej tam skopiowany kod. Opublikuj wyniki. <\/li> <li><b>Instalacja zosta\u0142a uko\u0144czona<\/b><br>Wejd\u017a do swojego sklepu, aby wy\u015bwietli\u0107 wid\u017cet. <\/li><\/ul><p>Po\u015bwi\u0119\u0107 chwil\u0119, aby skontaktowa\u0107 si\u0119 z naszym dzia\u0142em pomocy, je\u015bli potrzebujesz pomocy lub masz pytania. Ch\u0119tnie pomo\u017cemy przy ka\u017cdym zg\u0142oszeniu. <\/p><div class=\"faq\" data-component=\"FAQ\"><div class=\"faq-item\">\r\n\t\t\t\t\t<div class=\"faq-item-question\">\r\n\t\t\t\t\t\t<h3 class=\"faq-item-question-text\">Czy istnieje metoda dodania Logo Showcase do mojej strony g\u0142\u00f3wnej Wix bez znajomo\u015bci kodowania?<\/h3>\r\n\r\n\t\t\t\t\t\t<div class=\"faq-item-question-icon\"><\/div>\r\n\t\t\t\t\t<\/div>\r\n\r\n\t\t\t\t\t<div class=\"faq-item-answer\">\r\n\t\t\t\t\t\t<div class=\"faq-item-answer-text\"> <p>Firma Elfsight zapewnia rozwi\u0105zanie w chmurze, kt\u00f3re umo\u017cliwia u\u017cytkownikom samodzielne zbudowanie aplikacji Logo Showcase, obejrzyj proste instrukcje: Pracuj w wersji Demo online, aby utworzy\u0107 sekcj\u0119 Prezentacji Logo, kt\u00f3r\u0105 chcia\u0142by\u015b zobaczy\u0107 na stronie g\u0142\u00f3wnej Wix. Zdecyduj si\u0119 na jeden z wst\u0119pnie zaprojektowanych szablon\u00f3w i dostosuj ustawienia Logo Showcase, do\u0142\u0105cz swoj\u0105 tre\u015b\u0107, zmie\u0144 uk\u0142ad i kolor element\u00f3w bez kodowania. Kliknij, aby zapisa\u0107 ustawienia wprowadzone w Logo Showcase i uzyska\u0107 kod instalacyjny, kt\u00f3ry mo\u017cesz \u0142atwo wklei\u0107 na stronie internetowej Wix w ramach bezp\u0142atnego planu. U\u017cywaj\u0105c prostego Konfiguratora, ka\u017cdy u\u017cytkownik sieci mo\u017ce utworzy\u0107 sekcj\u0119 Prezentacji Logo i po prostu umie\u015bci\u0107 j\u0105 na stronie Wix. Aby uzyska\u0107 dost\u0119p do Edytora, nie nale\u017cy p\u0142aci\u0107 ani podawa\u0107 danych swojej karty. Je\u015bli napotkasz jakiekolwiek problemy, skontaktuj si\u0119 z naszym personelem pomocy technicznej.<\/p> <\/div>\r\n\t\t\t\t\t<\/div>\r\n\t\t\t\t<\/div> <\/div><\/div>","protected":false},"excerpt":{"rendered":"","protected":false},"author":9,"featured_media":0,"parent":2536,"menu_order":0,"comment_status":"closed","ping_status":"closed","template":"templates\/template-application-platform.php","meta":{"publish_to_discourse":"","publish_post_category":"","wpdc_auto_publish_overridden":"","wpdc_topic_tags":"","wpdc_pin_topic":"","wpdc_pin_until":"","discourse_post_id":"","discourse_permalink":"","wpdc_publishing_response":"","wpdc_publishing_error":"","footnotes":""},"class_list":["post-5662","page","type-page","status-publish","hentry"],"yoast_head":"<!-- This site is optimized with the Yoast SEO plugin v25.3.1 - https:\/\/yoast.com\/wordpress\/plugins\/seo\/ -->\n<title>Prezentacja logo \u2014 dodaj aplikacj\u0119 Logo Carousel do witryny Wix (2025)<\/title>\n<meta name=\"description\" content=\"Stworzenie aplikacji Logo Showcase i dodanie jej do swojej witryny Wix jest ca\u0142kowicie proste. Obs\u0142uga klienta Elfsight jest bezp\u0142atna i szybka.\" \/>\n<meta name=\"robots\" content=\"index, follow, max-snippet:-1, max-image-preview:large, max-video-preview:-1\" \/>\n<link rel=\"canonical\" href=\"https:\/\/elfsight.com\/pl\/logo-showcase-widget\/wix\/\" \/>\n<meta property=\"og:locale\" content=\"pl_PL\" \/>\n<meta property=\"og:type\" content=\"article\" \/>\n<meta property=\"og:title\" content=\"Prezentacja logo \u2014 dodaj aplikacj\u0119 Logo Carousel do witryny Wix (2025)\" \/>\n<meta property=\"og:description\" content=\"Stworzenie aplikacji Logo Showcase i dodanie jej do swojej witryny Wix jest ca\u0142kowicie proste. Obs\u0142uga klienta Elfsight jest bezp\u0142atna i szybka.\" \/>\n<meta property=\"og:url\" content=\"https:\/\/elfsight.com\/pl\/logo-showcase-widget\/wix\/\" \/>\n<meta property=\"og:site_name\" content=\"Elfsight PL\" \/>\n<meta property=\"article:modified_time\" content=\"2024-11-14T09:26:44+00:00\" \/>\n<meta name=\"twitter:card\" content=\"summary_large_image\" \/>\n<meta name=\"twitter:label1\" content=\"Szacowany czas czytania\" \/>\n\t<meta name=\"twitter:data1\" content=\"3 minuty\" \/>\n<!-- \/ Yoast SEO plugin. -->","yoast_head_json":{"title":"Prezentacja logo \u2014 dodaj aplikacj\u0119 Logo Carousel do witryny Wix (2025)","description":"Stworzenie aplikacji Logo Showcase i dodanie jej do swojej witryny Wix jest ca\u0142kowicie proste. Obs\u0142uga klienta Elfsight jest bezp\u0142atna i szybka.","robots":{"index":"index","follow":"follow","max-snippet":"max-snippet:-1","max-image-preview":"max-image-preview:large","max-video-preview":"max-video-preview:-1"},"canonical":"https:\/\/elfsight.com\/pl\/logo-showcase-widget\/wix\/","og_locale":"pl_PL","og_type":"article","og_title":"Prezentacja logo \u2014 dodaj aplikacj\u0119 Logo Carousel do witryny Wix (2025)","og_description":"Stworzenie aplikacji Logo Showcase i dodanie jej do swojej witryny Wix jest ca\u0142kowicie proste. Obs\u0142uga klienta Elfsight jest bezp\u0142atna i szybka.","og_url":"https:\/\/elfsight.com\/pl\/logo-showcase-widget\/wix\/","og_site_name":"Elfsight PL","article_modified_time":"2024-11-14T09:26:44+00:00","twitter_card":"summary_large_image","twitter_misc":{"Szacowany czas czytania":"3 minuty"},"schema":{"@context":"https:\/\/schema.org","@graph":[{"@type":"WebPage","@id":"https:\/\/elfsight.com\/pl\/logo-showcase-widget\/wix\/","url":"https:\/\/elfsight.com\/pl\/logo-showcase-widget\/wix\/","name":"Prezentacja logo \u2014 dodaj aplikacj\u0119 Logo Carousel do witryny Wix (2025)","isPartOf":{"@id":"https:\/\/elfsight.com\/pl\/#website"},"datePublished":"2024-05-03T06:40:57+00:00","dateModified":"2024-11-14T09:26:44+00:00","description":"Stworzenie aplikacji Logo Showcase i dodanie jej do swojej witryny Wix jest ca\u0142kowicie proste. Obs\u0142uga klienta Elfsight jest bezp\u0142atna i szybka.","breadcrumb":{"@id":"https:\/\/elfsight.com\/pl\/logo-showcase-widget\/wix\/#breadcrumb"},"inLanguage":"pl-PL","potentialAction":[{"@type":"ReadAction","target":["https:\/\/elfsight.com\/pl\/logo-showcase-widget\/wix\/"]}]},{"@type":"BreadcrumbList","@id":"https:\/\/elfsight.com\/pl\/logo-showcase-widget\/wix\/#breadcrumb","itemListElement":[{"@type":"ListItem","position":1,"name":"Home","item":"https:\/\/elfsight.com\/pl\/"},{"@type":"ListItem","position":2,"name":"Logo Showcase","item":"https:\/\/elfsight.com\/pl\/logo-showcase-widget\/"},{"@type":"ListItem","position":3,"name":"Logo Showcase &#8211; Wix"}]},{"@type":"WebSite","@id":"https:\/\/elfsight.com\/pl\/#website","url":"https:\/\/elfsight.com\/pl\/","name":"Elfsight PL","description":"Just another Elfsight Sites site","potentialAction":[{"@type":"SearchAction","target":{"@type":"EntryPoint","urlTemplate":"https:\/\/elfsight.com\/pl\/?s={search_term_string}"},"query-input":{"@type":"PropertyValueSpecification","valueRequired":true,"valueName":"search_term_string"}}],"inLanguage":"pl-PL"}]}},"meta_box":{"industry":"","seo_heading":"","heading":"","description":"","cta_heading":"","cta_description":"","application":"2535","h1":"Prezentacja logo Wix","h1_caption":"Wy\u015bwietlaj logo swoich partner\u00f3w, sponsor\u00f3w lub klient\u00f3w, bez wysi\u0142ku buduj\u0105c wiarygodno\u015b\u0107 i zaufanie swojej marki na swojej stronie Wix.","application_category":[],"applications_title":"","applications_request_title":"","applications_request_button_text":"","hero_text":"","hero_video":"","hero_video_schema_markup":"","selling_points_title":"","selling_points_caption":"","selling_points":[],"selling_points_cta_text":"","features_title":"","features":"","ed_cta_examples_text":"","ed_cta_examples_hidden":"","ed_cta_demo_text":"","ed_cta_demo_hidden":"","why_caption":"","why_editor_title":"","why_editor_text":"","why_team_title":"","why_team_text":"","why_service_title":"","why_service_text":"","template_catalog_visible":"","template_catalog_title":"","template_catalog_text":"","template_catalog_categories_visible":"","demo_title":"Utw\u00f3rz aplikacj\u0119 Logo Showcase","demo_caption":"Skonfiguruj swoj\u0105 Prezentacj\u0119 Logo i dodaj j\u0105 do swojej witryny Wix za darmo!","default_faq_hidden":"","app_template_category":[],"platform":"30","template_public_id":"","codecanyon_url":"","codecanyon_item_id":"","codecanyon_price":"","pricing_caption":"","pricing_elfsight_apps_hide_column":"","pricing_elfsight_apps_url":"","pricing_codecanyon_price_caption":"","integration_category":[],"integration_request_title":"","integration_request_cta":"","integration_platform":"","integrations":[],"platform_category":[],"video_schema_markup":"","price":"od 0 USD \/ miesi\u0105c","trial":"","benefits":[{"text":"Bezp\u0142atna us\u0142uga monta\u017cu"},{"text":"Kompetentna obs\u0142uga klienta"},{"text":"14-dniowa gwarancja zwrotu pieni\u0119dzy"}],"button_url":"#demo","button_target_blank":"","button_nofollow":"","attributes":[{"name":"Instaluje"},{"name":"Czu\u0142y"},{"name":"Kompatybilne przegl\u0105darki"}],"tags":[],"tags_disable_links":"","hide_more_platforms":"","video_object":"","demo_hide_cta":"","demo_hide_cloud_options":"","pricing_title":"","pricing":[{"pricing_icon":"platform","pricing_title":"Elfsight Apps","pricing_title_caption":"Niezale\u017cne od platformy rozwi\u0105zanie cyfrowe, kt\u00f3re dzia\u0142a na ka\u017cdej stronie internetowej","pricing_price":"od 0 USD \/ miesi\u0105c","pricing_price_caption":"zacznij od bezp\u0142atnego planu","pricing_benefits":[{"text":"Nielimitowane domeny"},{"text":"Profesjonalne i terminowe wsparcie"},{"text":"Bezp\u0142atna us\u0142uga monta\u017cu"},{"text":"Oferta specjalna na wiele aplikacji"}],"pricing_button_text":"Dodaj do witryny","pricing_button_url":"#demo"}],"related_apps_title":"","related_apps_hidden":"","author":"","image":[],"title":"","job":"","social_networks":[]},"_links":{"self":[{"href":"https:\/\/elfsight.com\/pl\/wp-json\/wp\/v2\/pages\/5662","targetHints":{"allow":["GET"]}}],"collection":[{"href":"https:\/\/elfsight.com\/pl\/wp-json\/wp\/v2\/pages"}],"about":[{"href":"https:\/\/elfsight.com\/pl\/wp-json\/wp\/v2\/types\/page"}],"author":[{"embeddable":true,"href":"https:\/\/elfsight.com\/pl\/wp-json\/wp\/v2\/users\/9"}],"replies":[{"embeddable":true,"href":"https:\/\/elfsight.com\/pl\/wp-json\/wp\/v2\/comments?post=5662"}],"version-history":[{"count":2,"href":"https:\/\/elfsight.com\/pl\/wp-json\/wp\/v2\/pages\/5662\/revisions"}],"predecessor-version":[{"id":7858,"href":"https:\/\/elfsight.com\/pl\/wp-json\/wp\/v2\/pages\/5662\/revisions\/7858"}],"up":[{"embeddable":true,"href":"https:\/\/elfsight.com\/pl\/wp-json\/wp\/v2\/pages\/2536"}],"wp:attachment":[{"href":"https:\/\/elfsight.com\/pl\/wp-json\/wp\/v2\/media?parent=5662"}],"curies":[{"name":"wp","href":"https:\/\/api.w.org\/{rel}","templated":true}]}}